{"id":32902,"date":"2024-08-15T02:38:41","date_gmt":"2024-08-15T02:38:41","guid":{"rendered":"https:\/\/mypalmleaf.com\/folhas-de-palmeira\/"},"modified":"2025-04-17T08:14:09","modified_gmt":"2025-04-17T08:14:09","slug":"folhas-de-palmeira","status":"publish","type":"page","link":"https:\/\/mypalmleaf.com\/pt-pt\/folhas-de-palmeira\/","title":{"rendered":"Folhas de palmeira"},"content":{"rendered":"\n<section class=\"spotlight-main small top-gap\">\n    <!-- <div class=\"slider-wrap\" data-flickity='{ \"cellAlign\": \"left\", \"contain\": true, \"wrapAround\": true, \"setGallerySize\": false }'> -->\n    <div class=\"slider-wrap\" data-flickity='{ \"cellAlign\": \"left\", \"contain\": true, \"wrapAround\": true, \"setGallerySize\": false  }'>\n            <div class=\"slides\">\n        <div class=\"content-wrap\">\n          <div class=\"image\">\n            <picture>\n              <source media=\"(max-width: 999px)\" srcset=\"https:\/\/mypalmleaf.com\/wp-content\/uploads\/2024\/08\/indian-palm-leaf-spotlight-mob.webp\" \/>\n              <source media=\"(min-width: 1000px)\" srcset=\"https:\/\/mypalmleaf.com\/wp-content\/uploads\/2024\/08\/indian-palm-leaf-spotlight.webp\" \/>\n              <img decoding=\"async\" src=\"https:\/\/mypalmleaf.com\/wp-content\/uploads\/2024\/08\/indian-palm-leaf-spotlight.webp\" class=\"img-fluid\" alt=\"\" \/>\n            <\/picture>\n          <\/div>\n          <div class=\"content\">\n            <div data-aos=\"fade-up\" data-aos-duration=\"1000\">\n              <h2 class=\"\">As folhas de palmeira da \u00cdndia<\/h2>\n                                 \n            <\/div>\n          <\/div>\n        <\/div>\n      <\/div>\n          <\/div>\n<\/section>\n\n<section class=\"faq-top-section my-6 mb-4 mt-xs-4 position-relative\">\n    <div class=\"container\">\n      <div class=\"row\">\n        <div class=\"col-lg-10 mx-auto\">\n            <div class=\"row justify-content-between align-items-center\">\n                <div class=\"col-lg-7\">\n                    <div class=\"rounded-asset\">\n                        <img decoding=\"async\" src=\"https:\/\/mypalmleaf.com\/wp-content\/uploads\/2024\/09\/What-Are-Palm-Leaves.jpg\" class=\"img-fluid\" alt=\"\"><div class=\"play-icon\"><\/div>\n                        <a href=\"https:\/\/www.youtube.com\/watch?v=9GdNX4SAHCA\" class=\"stretched-link\" data-lity><\/a>\n                      <\/div>\n                <\/div>\n                <div class=\"col-lg-5\">\n                    <h3><span style=\"vertical-align: inherit;\"><span style=\"vertical-align: inherit;\">Find Your Personal Palm Leaf: A Gateway to Your Past, Present and Future<\/span><\/span><\/h3>\n                <\/div>\n            <\/div>\n        <\/div>\n        \n        <div class=\"col-lg-12 text-center my-5\" data-aos=\"fade-up\" data-aos-duration=\"1000\">\n            <p class=\"mb-3\"><span style=\"vertical-align: inherit;\"><span style=\"vertical-align: inherit;\">Indian palm leaves, also known as Nadi palm leaves, are ancient manuscripts believed to contain the life stories and destinies of individuals. These sacred texts, written in an ancient Tamil script, were inscribed by enlightened sages called Rishis thousands of years ago. <\/span><\/span><strong><span style=\"vertical-align: inherit;\"><span style=\"vertical-align: inherit;\">Rishis used their deep spiritual insight to record detailed information about individuals\u2019 lives, including aspects such as career, relationships, health and spiritual growth.<\/span><\/span><\/strong><\/p>\n<p>&nbsp;<\/p>\n<p class=\"mb-3\"><span style=\"vertical-align: inherit;\"><span style=\"vertical-align: inherit;\">Each palm leaf is unique and corresponds to a specific person, destined to be found at the right time when the individual is ready to receive the guidance and wisdom it contains. These leaves are preserved in Nadi libraries, located primarily in southern India. A Nadi reading involves matching a person\u2019s fingerprint or basic details to the corresponding leaf, revealing information and advice tailored to their life path.<\/span><\/span><\/p>\n<p class=\"mb-3\"><strong><span style=\"vertical-align: inherit;\"><span style=\"vertical-align: inherit;\">At Mypalmleaf we help connect people to these ancient manuscripts, offering a unique blend of tradition and modern accessibility to explore the wisdom and guidance of the Rishis.<\/span><\/span><br \/>\n<\/strong><\/p>\n<h4 class=\"my-3\"><strong><span style=\"vertical-align: inherit;\"><span style=\"vertical-align: inherit;\">Different types of palm leaf writings<\/span><\/span><\/strong><\/h4>\n<p><span style=\"vertical-align: inherit;\"><span style=\"vertical-align: inherit;\">Apart from palm leaves, which contain the life stories of individual people, there are also many ancient scriptures that were written on palm leaves, such as texts on Ayurveda, spirituality, astrology, etc. Originally, most of the ancient Indian scriptures were written on palm leaves, which were used as paper today.<\/span><\/span><\/p>\n        <\/div>\n      <\/div>\n    <\/div>\n                  <div class=\"parallax-item-3 parallax-item\" data-speed=\".08\"><img decoding=\"async\" src=\"https:\/\/mypalmleaf.com\/wp-content\/uploads\/2024\/08\/parallax-item-3-3.png\" class=\"img-fluid\" alt=\"\"><\/div>\n          <\/section>\n\n<section class=\"how-palm-leaves-written-block my-6 mt-0\">\n  <div class=\"container\">\n    <div class=\"row text-center\" data-aos=\"fade-up\" data-aos-duration=\"1000\">\n      <div class=\"col-lg-12\">\n        <h3>Como \u00e9 que as folhas de palmeira s\u00e3o escritas e conservadas?<\/h3>\n        <h5 class=\"mt-4\"><strong>  Escreve as folhas de palmeira<\/strong><\/h5>\n      <\/div>\n    <\/div>\n\n    <div class=\"row justify-content-center my-4\">\n      <div class=\"col-lg-12 writing-the-palm-leaf-block\">\n        <ul class=\"foldable-leaf\">\n                                <li data-aos=\"flip-up\" data-aos-duration=\"1000\" data-aos-offset=\"10\"   class=\"aos-init aos-animate\">\n              <div class=\"image\"><img decoding=\"async\" src=\"https:\/\/mypalmleaf.com\/wp-content\/uploads\/2024\/09\/writing-the-palm-leaves.png\" class=\"img-fluid\" alt=\"\"><\/div>\n              <div class=\"content\">\n                <div class=\"desc\">\n                  <div class=\"title\">Material<\/div>\n                  <p><span style=\"vertical-align: inherit;\"><span style=\"vertical-align: inherit;\">The manuscripts are created from the leaves of the Talipot palm, a tree known for its large, long-lasting leaves. These leaves are chosen for their longevity and strength.<\/span><\/span><\/p>\n                <\/div>\n              <\/div>\n            <\/li>\n                                  <li data-aos=\"flip-up\" data-aos-duration=\"1000\" data-aos-offset=\"10\" data-aos-delay=\"100\"  class=\"aos-init aos-animate\">\n              <div class=\"image\"><img decoding=\"async\" src=\"https:\/\/mypalmleaf.com\/wp-content\/uploads\/2024\/09\/writing-the-palm-leaves.png\" class=\"img-fluid\" alt=\"\"><\/div>\n              <div class=\"content\">\n                <div class=\"desc\">\n                  <div class=\"title\">Prepara\u00e7\u00e3o<\/div>\n                  <p><span style=\"vertical-align: inherit;\"><span style=\"vertical-align: inherit;\">The leaves are first collected and then dried to remove moisture, making them strong enough for writing. Once dry, they are cut into strips of uniform size.<\/span><\/span><\/p>\n                <\/div>\n              <\/div>\n            <\/li>\n                                  <li data-aos=\"flip-up\" data-aos-duration=\"1000\" data-aos-offset=\"10\" data-aos-delay=\"200\"  class=\"aos-init aos-animate\">\n              <div class=\"image\"><img decoding=\"async\" src=\"https:\/\/mypalmleaf.com\/wp-content\/uploads\/2024\/09\/writing-the-palm-leaves.png\" class=\"img-fluid\" alt=\"\"><\/div>\n              <div class=\"content\">\n                <div class=\"desc\">\n                  <div class=\"title\">Inscri\u00e7\u00e3o<\/div>\n                  <p><span style=\"vertical-align: inherit;\"><span style=\"vertical-align: inherit;\">The text is inscribed with a sharp stylus, which engraves the writing on the sheets. The writing is done in an ancient script called Tamil Vattezhuthu, or Old Tamil, known for its beauty and complexity.<\/span><\/span><\/p>\n                <\/div>\n              <\/div>\n            <\/li>\n                                  <li data-aos=\"flip-up\" data-aos-duration=\"1000\" data-aos-offset=\"10\" data-aos-delay=\"300\"  class=\"aos-init aos-animate\">\n              <div class=\"image\"><img decoding=\"async\" src=\"https:\/\/mypalmleaf.com\/wp-content\/uploads\/2024\/09\/writing-the-palm-leaves.png\" class=\"img-fluid\" alt=\"\"><\/div>\n              <div class=\"content\">\n                <div class=\"desc\">\n                  <div class=\"title\">Tinta<\/div>\n                  <p><span style=\"vertical-align: inherit;\"><span style=\"vertical-align: inherit;\">To make the inscriptions more visible, an ink made from natural substances such as charcoal or turmeric is applied to the engravings. The ink settles into the grooves, highlighting the text against the surface of the sheet.<\/span><\/span><\/p>\n                <\/div>\n              <\/div>\n            <\/li>\n                              <\/ul>\n      <\/div>\n    <\/div>\n  <\/div>\n<\/section>\n\n\n<section class=\"preservation-of-palm-leaf\">\n  <div class=\"container\">\n    <div class=\"row\">\n      <div class=\"col-lg-12\" data-aos=\"fade-up\" data-aos-duration=\"1000\">\n        <h4 class=\"my-4 text-center\"><strong>Conserva\u00e7\u00e3o das folhas de palmeira<\/strong><\/h4>\n      <\/div>\n    <\/div>\n    <div class=\"row text-center justify-content-between my-4\">\n              <div class=\"col-lg-5 my-4\" data-aos=\"fade-up\" data-aos-duration=\"1000\">\n          <div class=\"icon\"><img decoding=\"async\" src=\"https:\/\/mypalmleaf.com\/wp-content\/uploads\/2024\/09\/preserve-palm-leaf-icon-1.png\" alt=\"\"><\/div>\n          <div class=\"title\">Controlo da climatiza\u00e7\u00e3o<\/div>\n          <div class=\"desc\">\n            <p><span style=\"vertical-align: inherit;\"><span style=\"vertical-align: inherit;\">Palm leaves are stored in special conditions to protect them from moisture, insects and other harmful elements. Nadi libraries, located primarily in southern India, maintain controlled environments that include appropriate humidity and temperature levels.<\/span><\/span><\/p>\n          <\/div>\n        <\/div>\n              <div class=\"col-lg-5 my-4\" data-aos=\"fade-up\" data-aos-duration=\"1000\">\n          <div class=\"icon\"><img decoding=\"async\" src=\"https:\/\/mypalmleaf.com\/wp-content\/uploads\/2024\/09\/preserve-palm-leaf-icon-2.png\" alt=\"\"><\/div>\n          <div class=\"title\">Tratamento com \u00f3leos<\/div>\n          <div class=\"desc\">\n            <p><span style=\"vertical-align: inherit;\"><span style=\"vertical-align: inherit;\">The leaves are often treated with natural oils, such as camphor or neem oil, to prevent spoilage and insect infestation. This traditional method helps preserve the leaves for centuries.<\/span><\/span><\/p>\n          <\/div>\n        <\/div>\n              <div class=\"col-lg-5 my-4\" data-aos=\"fade-up\" data-aos-duration=\"1000\">\n          <div class=\"icon\"><img decoding=\"async\" src=\"https:\/\/mypalmleaf.com\/wp-content\/uploads\/2024\/09\/preserve-palm-leaf-icon-3.png\" alt=\"\"><\/div>\n          <div class=\"title\">Manuten\u00e7\u00e3o peri\u00f3dica<\/div>\n          <div class=\"desc\">\n            <p><span style=\"vertical-align: inherit;\"><span style=\"vertical-align: inherit;\">Palm leaves are stored in special conditions to protect them from moisture, insects and other harmful elements. Nadi libraries, located primarily in southern India, maintain controlled environments that include appropriate humidity and temperature levels.<\/span><\/span><\/p>\n          <\/div>\n        <\/div>\n              <div class=\"col-lg-5 my-4\" data-aos=\"fade-up\" data-aos-duration=\"1000\">\n          <div class=\"icon\"><img decoding=\"async\" src=\"https:\/\/mypalmleaf.com\/wp-content\/uploads\/2024\/09\/preserve-palm-leaf-icon-4.png\" alt=\"\"><\/div>\n          <div class=\"title\">Armazenamento<\/div>\n          <div class=\"desc\">\n            <p><span style=\"vertical-align: inherit;\"><span style=\"vertical-align: inherit;\">The pages are stored in bundles, bound and labeled according to the category or type of reading they contain. These bundles are kept in wooden or metal boxes to protect them from physical damage and environmental factors.<\/span><\/span><\/p>\n          <\/div>\n        <\/div>\n          <\/div>\n  <\/div>\n<\/section>\n\n<section class=\"who-are-rishis my-5 position-relative\">\n  <div class=\"container\">\n    <div class=\"row\">\n      <div class=\"col-lg-12 text-center\">\n        <h3 class=\"my-5 mt-0\">Quem s\u00e3o os Rishis?<\/h3>\n        <div class=\"banner rounded-asset my-4\"><img decoding=\"async\" src=\"https:\/\/mypalmleaf.com\/wp-content\/uploads\/2024\/09\/who-are-the-rishis-1.jpg\" alt=\"\" class=\"img-fluid\"><\/div>\n        <p><span style=\"vertical-align: inherit;\"><span style=\"vertical-align: inherit;\">Rishis are the legendary sages and seers of ancient India, known for their incredible spiritual wisdom and extraordinary insights. Imagine being able to access a realm of divine knowledge and universal truths \u2013 this is the world of the Rishis. These enlightened beings are often considered to be humanity\u2019s spiritual pioneers, exploring the depths of consciousness and the cosmos.<\/span><\/span><\/p>\n<h4 class=\"mt-4\"><strong><span style=\"vertical-align: inherit;\"><span style=\"vertical-align: inherit;\">The visionaries of ancient wisdom<\/span><\/span><\/strong><\/h4>\n<p><span style=\"vertical-align: inherit;\"><span style=\"vertical-align: inherit;\">The word \u201cRishi\u201d comes from the Sanskrit word \u201c\u1e5b\u1e63,\u201d which means \u201cto see\u201d or \u201cto perceive.\u201d Rishis are visionaries who can perceive the unseen and understand the deep mysteries of life and the universe. They are like the spiritual astronauts of ancient times, traveling to the realms of the divine and bringing back treasures of knowledge.<\/span><\/span><\/p>\n<h4 class=\"mt-4\"><strong><span style=\"vertical-align: inherit;\"><span style=\"vertical-align: inherit;\">The Rishis in the Here and Now<\/span><\/span><\/strong><\/h4>\n<p><span style=\"vertical-align: inherit;\"><span style=\"vertical-align: inherit;\">Although the Rishis have lived on this planet in human form for thousands of years, they are still supporting humanity and the Earth from the subtle dimensions. Their presence is timeless and the more we are aware and open to their presence, the more their blessings can flow into our lives. This is also the purpose of the palm leaves. They are more than just predictions, they are a spiritual tool that helps us shape our lives through the energetic support of the Rishis.<\/span><\/span><\/p>\n<h4 class=\"mt-4\"><strong><span style=\"vertical-align: inherit;\"><span style=\"vertical-align: inherit;\">The connection between Rishis and palm leaves<\/span><\/span><\/strong><\/h4>\n<p><span style=\"vertical-align: inherit;\"><span style=\"vertical-align: inherit;\">Rishis, ancient sages and seers of India, are the divine authors of the palm leaf manuscripts known as Nadi texts. These enlightened beings, through deep meditation and spiritual insight, recorded the destinies of individuals on palm leaves thousands of years ago. Using ancient Tamil script, they documented details of people\u2019s lives, offering spiritual guidance and insights into their past, present and future. These palm leaves are preserved in Nadi libraries and are read by Nadi astrologers who match an individual\u2019s fingerprint or details to the corresponding leaf. This sacred tradition, honoured by Mypalmleaf, continues to provide timeless wisdom and clarity, helping seekers to understand their life\u2019s journey through the eyes of the Rishis.<\/span><\/span><\/p>\n      <\/div>\n    <\/div>\n  <\/div>\n\n<\/section>","protected":false},"excerpt":{"rendered":"","protected":false},"author":1,"featured_media":0,"parent":0,"menu_order":0,"comment_status":"closed","ping_status":"closed","template":"","meta":{"_acf_changed":false,"footnotes":""},"class_list":["post-32902","page","type-page","status-publish","hentry"],"acf":[],"yoast_head":"<!-- This site is optimized with the Yoast SEO plugin v26.4 - https:\/\/yoast.com\/wordpress\/plugins\/seo\/ -->\n<title>Folhas de palmeira - My Palm Leaf<\/title>\n<meta name=\"description\" content=\"Chamadas personalizadas de integra\u00e7\u00e3o e orienta\u00e7\u00e3o para ajud\u00e1-lo a compreender sua leitura, oferecendo insights espirituais e apoio para sua jornada.\" \/>\n<meta name=\"robots\" content=\"index, follow, max-snippet:-1, max-image-preview:large, max-video-preview:-1\" \/>\n<link rel=\"canonical\" href=\"https:\/\/mypalmleaf.com\/pt-pt\/folhas-de-palmeira\/\" \/>\n<meta property=\"og:locale\" content=\"pt_PT\" \/>\n<meta property=\"og:type\" content=\"article\" \/>\n<meta property=\"og:title\" content=\"Folhas de palmeira - My Palm Leaf\" \/>\n<meta property=\"og:description\" content=\"Chamadas personalizadas de integra\u00e7\u00e3o e orienta\u00e7\u00e3o para ajud\u00e1-lo a compreender sua leitura, oferecendo insights espirituais e apoio para sua jornada.\" \/>\n<meta property=\"og:url\" content=\"https:\/\/mypalmleaf.com\/pt-pt\/folhas-de-palmeira\/\" \/>\n<meta property=\"og:site_name\" content=\"My Palm Leaf\" \/>\n<meta property=\"article:modified_time\" content=\"2025-04-17T08:14:09+00:00\" \/>\n<meta property=\"og:image\" content=\"https:\/\/mypalmleaf.com\/wp-content\/uploads\/2025\/08\/mpl-circle-logo.jpg\" \/>\n\t<meta property=\"og:image:width\" content=\"1200\" \/>\n\t<meta property=\"og:image:height\" content=\"1196\" \/>\n\t<meta property=\"og:image:type\" content=\"image\/jpeg\" \/>\n<meta name=\"twitter:card\" content=\"summary_large_image\" \/>\n<script type=\"application\/ld+json\" class=\"yoast-schema-graph\">{\"@context\":\"https:\/\/schema.org\",\"@graph\":[{\"@type\":\"WebPage\",\"@id\":\"https:\/\/mypalmleaf.com\/pt-pt\/folhas-de-palmeira\/\",\"url\":\"https:\/\/mypalmleaf.com\/pt-pt\/folhas-de-palmeira\/\",\"name\":\"Folhas de palmeira - My Palm Leaf\",\"isPartOf\":{\"@id\":\"https:\/\/mypalmleaf.com\/#website\"},\"datePublished\":\"2024-08-15T02:38:41+00:00\",\"dateModified\":\"2025-04-17T08:14:09+00:00\",\"description\":\"Chamadas personalizadas de integra\u00e7\u00e3o e orienta\u00e7\u00e3o para ajud\u00e1-lo a compreender sua leitura, oferecendo insights espirituais e apoio para sua jornada.\",\"breadcrumb\":{\"@id\":\"https:\/\/mypalmleaf.com\/pt-pt\/folhas-de-palmeira\/#breadcrumb\"},\"inLanguage\":\"pt-PT\",\"potentialAction\":[{\"@type\":\"ReadAction\",\"target\":[\"https:\/\/mypalmleaf.com\/pt-pt\/folhas-de-palmeira\/\"]}]},{\"@type\":\"BreadcrumbList\",\"@id\":\"https:\/\/mypalmleaf.com\/pt-pt\/folhas-de-palmeira\/#breadcrumb\",\"itemListElement\":[{\"@type\":\"ListItem\",\"position\":1,\"name\":\"Home\",\"item\":\"https:\/\/mypalmleaf.com\/pt-pt\/\"},{\"@type\":\"ListItem\",\"position\":2,\"name\":\"Folhas de palmeira\"}]},{\"@type\":\"WebSite\",\"@id\":\"https:\/\/mypalmleaf.com\/#website\",\"url\":\"https:\/\/mypalmleaf.com\/\",\"name\":\"My Palm Leaf\",\"description\":\"\",\"potentialAction\":[{\"@type\":\"SearchAction\",\"target\":{\"@type\":\"EntryPoint\",\"urlTemplate\":\"https:\/\/mypalmleaf.com\/?s={search_term_string}\"},\"query-input\":{\"@type\":\"PropertyValueSpecification\",\"valueRequired\":true,\"valueName\":\"search_term_string\"}}],\"inLanguage\":\"pt-PT\"}]}<\/script>\n<!-- \/ Yoast SEO plugin. -->","yoast_head_json":{"title":"Folhas de palmeira - My Palm Leaf","description":"Chamadas personalizadas de integra\u00e7\u00e3o e orienta\u00e7\u00e3o para ajud\u00e1-lo a compreender sua leitura, oferecendo insights espirituais e apoio para sua jornada.","robots":{"index":"index","follow":"follow","max-snippet":"max-snippet:-1","max-image-preview":"max-image-preview:large","max-video-preview":"max-video-preview:-1"},"canonical":"https:\/\/mypalmleaf.com\/pt-pt\/folhas-de-palmeira\/","og_locale":"pt_PT","og_type":"article","og_title":"Folhas de palmeira - My Palm Leaf","og_description":"Chamadas personalizadas de integra\u00e7\u00e3o e orienta\u00e7\u00e3o para ajud\u00e1-lo a compreender sua leitura, oferecendo insights espirituais e apoio para sua jornada.","og_url":"https:\/\/mypalmleaf.com\/pt-pt\/folhas-de-palmeira\/","og_site_name":"My Palm Leaf","article_modified_time":"2025-04-17T08:14:09+00:00","og_image":[{"width":1200,"height":1196,"url":"https:\/\/mypalmleaf.com\/wp-content\/uploads\/2025\/08\/mpl-circle-logo.jpg","type":"image\/jpeg"}],"twitter_card":"summary_large_image","schema":{"@context":"https:\/\/schema.org","@graph":[{"@type":"WebPage","@id":"https:\/\/mypalmleaf.com\/pt-pt\/folhas-de-palmeira\/","url":"https:\/\/mypalmleaf.com\/pt-pt\/folhas-de-palmeira\/","name":"Folhas de palmeira - My Palm Leaf","isPartOf":{"@id":"https:\/\/mypalmleaf.com\/#website"},"datePublished":"2024-08-15T02:38:41+00:00","dateModified":"2025-04-17T08:14:09+00:00","description":"Chamadas personalizadas de integra\u00e7\u00e3o e orienta\u00e7\u00e3o para ajud\u00e1-lo a compreender sua leitura, oferecendo insights espirituais e apoio para sua jornada.","breadcrumb":{"@id":"https:\/\/mypalmleaf.com\/pt-pt\/folhas-de-palmeira\/#breadcrumb"},"inLanguage":"pt-PT","potentialAction":[{"@type":"ReadAction","target":["https:\/\/mypalmleaf.com\/pt-pt\/folhas-de-palmeira\/"]}]},{"@type":"BreadcrumbList","@id":"https:\/\/mypalmleaf.com\/pt-pt\/folhas-de-palmeira\/#breadcrumb","itemListElement":[{"@type":"ListItem","position":1,"name":"Home","item":"https:\/\/mypalmleaf.com\/pt-pt\/"},{"@type":"ListItem","position":2,"name":"Folhas de palmeira"}]},{"@type":"WebSite","@id":"https:\/\/mypalmleaf.com\/#website","url":"https:\/\/mypalmleaf.com\/","name":"My Palm Leaf","description":"","potentialAction":[{"@type":"SearchAction","target":{"@type":"EntryPoint","urlTemplate":"https:\/\/mypalmleaf.com\/?s={search_term_string}"},"query-input":{"@type":"PropertyValueSpecification","valueRequired":true,"valueName":"search_term_string"}}],"inLanguage":"pt-PT"}]}},"_links":{"self":[{"href":"https:\/\/mypalmleaf.com\/pt-pt\/wp-json\/wp\/v2\/pages\/32902","targetHints":{"allow":["GET"]}}],"collection":[{"href":"https:\/\/mypalmleaf.com\/pt-pt\/wp-json\/wp\/v2\/pages"}],"about":[{"href":"https:\/\/mypalmleaf.com\/pt-pt\/wp-json\/wp\/v2\/types\/page"}],"author":[{"embeddable":true,"href":"https:\/\/mypalmleaf.com\/pt-pt\/wp-json\/wp\/v2\/users\/1"}],"replies":[{"embeddable":true,"href":"https:\/\/mypalmleaf.com\/pt-pt\/wp-json\/wp\/v2\/comments?post=32902"}],"version-history":[{"count":0,"href":"https:\/\/mypalmleaf.com\/pt-pt\/wp-json\/wp\/v2\/pages\/32902\/revisions"}],"wp:attachment":[{"href":"https:\/\/mypalmleaf.com\/pt-pt\/wp-json\/wp\/v2\/media?parent=32902"}],"curies":[{"name":"wp","href":"https:\/\/api.w.org\/{rel}","templated":true}]}}