{"id":32913,"date":"2024-08-28T02:03:41","date_gmt":"2024-08-28T02:03:41","guid":{"rendered":"https:\/\/mypalmleaf.com\/parcerias\/"},"modified":"2025-07-07T11:05:54","modified_gmt":"2025-07-07T11:05:54","slug":"parcerias","status":"publish","type":"page","link":"https:\/\/mypalmleaf.com\/pt-pt\/parcerias\/","title":{"rendered":"Parcerias"},"content":{"rendered":"\n<section class=\"spotlight-main small top-gap\">\n    <!-- <div class=\"slider-wrap\" data-flickity='{ \"cellAlign\": \"left\", \"contain\": true, \"wrapAround\": true, \"setGallerySize\": false }'> -->\n    <div class=\"slider-wrap\" data-flickity='{ \"cellAlign\": \"left\", \"contain\": true, \"wrapAround\": true, \"setGallerySize\": false  }'>\n            <div class=\"slides\">\n        <div class=\"content-wrap\">\n          <div class=\"image\">\n            <picture>\n              <source media=\"(max-width: 999px)\" srcset=\"https:\/\/mypalmleaf.com\/wp-content\/uploads\/2024\/09\/partnershi-spotlight-mob.jpg\" \/>\n              <source media=\"(min-width: 1000px)\" srcset=\"https:\/\/mypalmleaf.com\/wp-content\/uploads\/2024\/09\/partnershi-spotlight.jpg\" \/>\n              <img decoding=\"async\" src=\"https:\/\/mypalmleaf.com\/wp-content\/uploads\/2024\/09\/partnershi-spotlight.jpg\" class=\"img-fluid\" alt=\"\" \/>\n            <\/picture>\n          <\/div>\n          <div class=\"content\">\n            <div data-aos=\"fade-up\" data-aos-duration=\"1000\">\n              <h2 class=\"\">Parcerias<\/h2>\n                                 \n            <\/div>\n          <\/div>\n        <\/div>\n      <\/div>\n          <\/div>\n<\/section>\n\n<section class=\"partnerships-block my-6 position-relative\" data-aos=\"fade-up\" data-aos-duration=\"1000\">\n  <div class=\"container-xl\">\n    <div class=\"row mb-4 justify-content-center\">\n      <div class=\"col-lg-12 text-center\" data-aos=\"fade-up\" data-aos-duration=\"1000\">\n        <div class=\"row align-items-center justify-content-between\">\n                            <div class=\"col-lg-5\"><img decoding=\"async\" src=\"https:\/\/mypalmleaf.com\/wp-content\/uploads\/2024\/08\/mpl-partnership-logo.png\" alt=\"\" class=\"img-fluid\"><\/div>\n                      <div class=\"col-lg-7 mt-4 mt-md-0 pl-4\">\n            <div class=\"partners-program-details\">\n              <h4>Partilha a palavra como afiliado<\/h4>\n              <p>Como parceiro afiliado, recebes o teu link exclusivo com o qual podes convidar outras pessoas a conhecer as folhas de palmeira.<\/p>\n                                <a href=\"\/pt-pt\/affiliates-new\/\" class=\"btn btn-primary\">Regista-te agora<\/a>\n                          <\/div>\n          <\/div>\n                  <\/div>\n      <\/div>\n    <\/div>\n  <\/div>\n      <div class=\"parallax-item-3 parallax-item\" data-speed=\".08\"><img decoding=\"async\" src=\"https:\/\/mypalmleaf.com\/wp-content\/uploads\/2024\/08\/parallax-item-3-4.png\" class=\"img-fluid\" alt=\"\"><\/div>\n  <\/section>\n\n<section class=\"collaborate-with-mypalmleaf my-6 mt-0\" data-aos=\"fade-up\" data-aos-duration=\"1000\">\n  <div class=\"container-xl\">\n    <div class=\"row\">\n      <div class=\"col-lg-12 text-center\">\n        <h3 class=\"mb-4\">Colabora com o Mypalmleaf<\/h3>\n        <p>Junta-te a Mypalmleaf na jornada de partilha das b\u00ean\u00e7\u00e3os dos Rishis e contribui para a constru\u00e7\u00e3o de um novo mundo.<br \/>\n<strong>Acreditamos em parcerias win-win-win, <\/strong> o que significa:<\/p>\n        <div class=\"collab\">\n          <ul>\n                              <li>\n                  <img decoding=\"async\" src=\"https:\/\/mypalmleaf.com\/wp-content\/themes\/mypalmleaf\/html\/img\/collab-bg.png\" alt=\"\" class=\"img-fluid\">\n                  <div class=\"text\">Ganha para ti Organiza\u00e7\u00e3o(\u00f5es)<\/div>\n                <\/li>\n                              <li>\n                  <img decoding=\"async\" src=\"https:\/\/mypalmleaf.com\/wp-content\/themes\/mypalmleaf\/html\/img\/collab-bg.png\" alt=\"\" class=\"img-fluid\">\n                  <div class=\"text\">Ganha para o Mypalmleaf<\/div>\n                <\/li>\n                              <li>\n                  <img decoding=\"async\" src=\"https:\/\/mypalmleaf.com\/wp-content\/themes\/mypalmleaf\/html\/img\/collab-bg.png\" alt=\"\" class=\"img-fluid\">\n                  <div class=\"text\">Ganha para a Humanidade e para a Terra<\/div>\n                <\/li>\n                        <\/ul>\n        <\/div>\n        <p>Se a tua miss\u00e3o est\u00e1 alinhada com o trabalho do Mypalmleaf e gostarias de propor uma colabora\u00e7\u00e3o, entra em contacto connosco.  <\/p>\n      <\/div>\n    <\/div>\n  <\/div>\n<\/section>\n\n<section class=\"faq-top-section my-6 mt-xs-4\">\n  <div class=\"container-xl\">\n    <div class=\"row\">\n      <div class=\"col-lg-12 mx-auto\">\n        <div class=\"row justify-content-between align-items-center\">\n          <div class=\"col-lg-6\" data-aos=\"fade-up\" data-aos-duration=\"1000\">\n            <div class=\"rounded-asset\">\n              <img decoding=\"async\" src=\"https:\/\/mypalmleaf.com\/wp-content\/uploads\/2024\/08\/yt-podcast-thumb.png\" class=\"img-fluid\" alt=\"\">\n            <\/div>\n          <\/div>\n          <div class=\"col-lg-6\" data-aos=\"fade-up\" data-aos-duration=\"1000\">\n            <div class=\"yt-podcast\">\n              <h4>Colabora\u00e7\u00f5es YouTube\/Podcast<\/h4>\n              <p>Junta-te ao Mypalmleaf na jornada de partilha das b\u00ean\u00e7\u00e3os dos Rishis e contribui para a constru\u00e7\u00e3o de um novo mundo.<\/p>\n              <a href=\"https:\/\/docs.google.com\/forms\/d\/e\/1FAIpQLSc9R58TIP7gA73G6m7X0yQ3vVx9MXk40ErG990x-I6BylmJNg\/formrestricted\" class=\"btn btn-primary\" target=\"_new\">Candidata-te agora<\/a>\n            <\/div>\n          <\/div>\n        <\/div>\n      <\/div>\n    <\/div>\n  <\/div>\n<\/section>","protected":false},"excerpt":{"rendered":"","protected":false},"author":1,"featured_media":0,"parent":0,"menu_order":0,"comment_status":"closed","ping_status":"closed","template":"","meta":{"_acf_changed":false,"footnotes":""},"class_list":["post-32913","page","type-page","status-publish","hentry"],"acf":[],"yoast_head":"<!-- This site is optimized with the Yoast SEO plugin v26.4 - https:\/\/yoast.com\/wordpress\/plugins\/seo\/ -->\n<title>Parcerias - My Palm Leaf<\/title>\n<meta name=\"robots\" content=\"index, follow, max-snippet:-1, max-image-preview:large, max-video-preview:-1\" \/>\n<link rel=\"canonical\" href=\"https:\/\/mypalmleaf.com\/pt-pt\/parcerias\/\" \/>\n<meta property=\"og:locale\" content=\"pt_PT\" \/>\n<meta property=\"og:type\" content=\"article\" \/>\n<meta property=\"og:title\" content=\"Parcerias - My Palm Leaf\" \/>\n<meta property=\"og:url\" content=\"https:\/\/mypalmleaf.com\/pt-pt\/parcerias\/\" \/>\n<meta property=\"og:site_name\" content=\"My Palm Leaf\" \/>\n<meta property=\"article:modified_time\" content=\"2025-07-07T11:05:54+00:00\" \/>\n<meta property=\"og:image\" content=\"https:\/\/mypalmleaf.com\/wp-content\/uploads\/2025\/08\/mpl-circle-logo.jpg\" \/>\n\t<meta property=\"og:image:width\" content=\"1200\" \/>\n\t<meta property=\"og:image:height\" content=\"1196\" \/>\n\t<meta property=\"og:image:type\" content=\"image\/jpeg\" \/>\n<meta name=\"twitter:card\" content=\"summary_large_image\" \/>\n<script type=\"application\/ld+json\" class=\"yoast-schema-graph\">{\"@context\":\"https:\/\/schema.org\",\"@graph\":[{\"@type\":\"WebPage\",\"@id\":\"https:\/\/mypalmleaf.com\/pt-pt\/parcerias\/\",\"url\":\"https:\/\/mypalmleaf.com\/pt-pt\/parcerias\/\",\"name\":\"Parcerias - My Palm Leaf\",\"isPartOf\":{\"@id\":\"https:\/\/mypalmleaf.com\/#website\"},\"datePublished\":\"2024-08-28T02:03:41+00:00\",\"dateModified\":\"2025-07-07T11:05:54+00:00\",\"breadcrumb\":{\"@id\":\"https:\/\/mypalmleaf.com\/pt-pt\/parcerias\/#breadcrumb\"},\"inLanguage\":\"pt-PT\",\"potentialAction\":[{\"@type\":\"ReadAction\",\"target\":[\"https:\/\/mypalmleaf.com\/pt-pt\/parcerias\/\"]}]},{\"@type\":\"BreadcrumbList\",\"@id\":\"https:\/\/mypalmleaf.com\/pt-pt\/parcerias\/#breadcrumb\",\"itemListElement\":[{\"@type\":\"ListItem\",\"position\":1,\"name\":\"Home\",\"item\":\"https:\/\/mypalmleaf.com\/pt-pt\/\"},{\"@type\":\"ListItem\",\"position\":2,\"name\":\"Parcerias\"}]},{\"@type\":\"WebSite\",\"@id\":\"https:\/\/mypalmleaf.com\/#website\",\"url\":\"https:\/\/mypalmleaf.com\/\",\"name\":\"My Palm Leaf\",\"description\":\"\",\"potentialAction\":[{\"@type\":\"SearchAction\",\"target\":{\"@type\":\"EntryPoint\",\"urlTemplate\":\"https:\/\/mypalmleaf.com\/?s={search_term_string}\"},\"query-input\":{\"@type\":\"PropertyValueSpecification\",\"valueRequired\":true,\"valueName\":\"search_term_string\"}}],\"inLanguage\":\"pt-PT\"}]}<\/script>\n<!-- \/ Yoast SEO plugin. -->","yoast_head_json":{"title":"Parcerias - My Palm Leaf","robots":{"index":"index","follow":"follow","max-snippet":"max-snippet:-1","max-image-preview":"max-image-preview:large","max-video-preview":"max-video-preview:-1"},"canonical":"https:\/\/mypalmleaf.com\/pt-pt\/parcerias\/","og_locale":"pt_PT","og_type":"article","og_title":"Parcerias - My Palm Leaf","og_url":"https:\/\/mypalmleaf.com\/pt-pt\/parcerias\/","og_site_name":"My Palm Leaf","article_modified_time":"2025-07-07T11:05:54+00:00","og_image":[{"width":1200,"height":1196,"url":"https:\/\/mypalmleaf.com\/wp-content\/uploads\/2025\/08\/mpl-circle-logo.jpg","type":"image\/jpeg"}],"twitter_card":"summary_large_image","schema":{"@context":"https:\/\/schema.org","@graph":[{"@type":"WebPage","@id":"https:\/\/mypalmleaf.com\/pt-pt\/parcerias\/","url":"https:\/\/mypalmleaf.com\/pt-pt\/parcerias\/","name":"Parcerias - My Palm Leaf","isPartOf":{"@id":"https:\/\/mypalmleaf.com\/#website"},"datePublished":"2024-08-28T02:03:41+00:00","dateModified":"2025-07-07T11:05:54+00:00","breadcrumb":{"@id":"https:\/\/mypalmleaf.com\/pt-pt\/parcerias\/#breadcrumb"},"inLanguage":"pt-PT","potentialAction":[{"@type":"ReadAction","target":["https:\/\/mypalmleaf.com\/pt-pt\/parcerias\/"]}]},{"@type":"BreadcrumbList","@id":"https:\/\/mypalmleaf.com\/pt-pt\/parcerias\/#breadcrumb","itemListElement":[{"@type":"ListItem","position":1,"name":"Home","item":"https:\/\/mypalmleaf.com\/pt-pt\/"},{"@type":"ListItem","position":2,"name":"Parcerias"}]},{"@type":"WebSite","@id":"https:\/\/mypalmleaf.com\/#website","url":"https:\/\/mypalmleaf.com\/","name":"My Palm Leaf","description":"","potentialAction":[{"@type":"SearchAction","target":{"@type":"EntryPoint","urlTemplate":"https:\/\/mypalmleaf.com\/?s={search_term_string}"},"query-input":{"@type":"PropertyValueSpecification","valueRequired":true,"valueName":"search_term_string"}}],"inLanguage":"pt-PT"}]}},"_links":{"self":[{"href":"https:\/\/mypalmleaf.com\/pt-pt\/wp-json\/wp\/v2\/pages\/32913","targetHints":{"allow":["GET"]}}],"collection":[{"href":"https:\/\/mypalmleaf.com\/pt-pt\/wp-json\/wp\/v2\/pages"}],"about":[{"href":"https:\/\/mypalmleaf.com\/pt-pt\/wp-json\/wp\/v2\/types\/page"}],"author":[{"embeddable":true,"href":"https:\/\/mypalmleaf.com\/pt-pt\/wp-json\/wp\/v2\/users\/1"}],"replies":[{"embeddable":true,"href":"https:\/\/mypalmleaf.com\/pt-pt\/wp-json\/wp\/v2\/comments?post=32913"}],"version-history":[{"count":0,"href":"https:\/\/mypalmleaf.com\/pt-pt\/wp-json\/wp\/v2\/pages\/32913\/revisions"}],"wp:attachment":[{"href":"https:\/\/mypalmleaf.com\/pt-pt\/wp-json\/wp\/v2\/media?parent=32913"}],"curies":[{"name":"wp","href":"https:\/\/api.w.org\/{rel}","templated":true}]}}