
{"id":32915,"date":"2024-08-28T03:20:58","date_gmt":"2024-08-28T03:20:58","guid":{"rendered":"https:\/\/mypalmleaf.com\/programa-de-afiliados\/"},"modified":"2025-07-16T11:23:20","modified_gmt":"2025-07-16T11:23:20","slug":"programa-de-afiliados","status":"publish","type":"page","link":"https:\/\/mypalmleaf.com\/pt-pt\/programa-de-afiliados\/","title":{"rendered":"Programa de afiliados"},"content":{"rendered":"\n<section class=\"spotlight-main small top-gap\">\n    <!-- <div class=\"slider-wrap\" data-flickity='{ \"cellAlign\": \"left\", \"contain\": true, \"wrapAround\": true, \"setGallerySize\": false }'> -->\n    <div class=\"slider-wrap\" data-flickity='{ \"cellAlign\": \"left\", \"contain\": true, \"wrapAround\": true, \"setGallerySize\": false  }'>\n            <div class=\"slides\">\n        <div class=\"content-wrap\">\n          <div class=\"image\">\n            <picture>\n              <source media=\"(max-width: 999px)\" srcset=\"https:\/\/mypalmleaf.com\/wp-content\/uploads\/2024\/09\/affliate-program-spotlight-mob.jpg\" \/>\n              <source media=\"(min-width: 1000px)\" srcset=\"https:\/\/mypalmleaf.com\/wp-content\/uploads\/2024\/09\/affliate-program-spotlight.jpg\" \/>\n              <img decoding=\"async\" src=\"https:\/\/mypalmleaf.com\/wp-content\/uploads\/2024\/09\/affliate-program-spotlight.jpg\" class=\"img-fluid\" alt=\"\" \/>\n            <\/picture>\n          <\/div>\n          <div class=\"content\">\n            <div data-aos=\"fade-up\" data-aos-duration=\"1000\">\n              <h2 class=\"\">O Programa de Afiliados Mypalmleaf<\/h2>\n                                 \n            <\/div>\n          <\/div>\n        <\/div>\n      <\/div>\n          <\/div>\n<\/section>\n\n<section class=\"partnerships-block my-6 position-relative\" data-aos=\"fade-up\" data-aos-duration=\"1000\">\n  <div class=\"container-xl\">\n    <div class=\"row mb-4 justify-content-center\">\n      <div class=\"col-lg-12 text-center\" data-aos=\"fade-up\" data-aos-duration=\"1000\">\n        <div class=\"row align-items-center justify-content-between\">\n                      <div class=\"col-lg-7 mt-4 mt-md-0 \">\n            <div class=\"partners-program-details\">\n              <h4>Partilha a palavra como afiliado<\/h4>\n              <p>A nossa miss\u00e3o \u00e9 tornar as bibliotecas de folhas de palmeira indianas acess\u00edveis a pessoas de todo o mundo e lig\u00e1-las \u00e0 sabedoria dos Rishis. E convidamos-te a fazer parte desta miss\u00e3o, aderindo ao Programa de Afiliados Mypalmleaf.   <\/p>\n                                <a href=\"\/pt-pt\/affiliates-new\/\" class=\"btn btn-primary\">Regista-te\/entra no Portal de Afiliados<\/a>\n                          <\/div>\n          <\/div>\n                        <div class=\"col-lg-5\"><img decoding=\"async\" src=\"https:\/\/mypalmleaf.com\/wp-content\/uploads\/2024\/08\/mpl-partnership-logo-1.png\" alt=\"\" class=\"img-fluid\"><\/div>\n                  <\/div>\n      <\/div>\n    <\/div>\n  <\/div>\n      <div class=\"parallax-item-3 parallax-item\" data-speed=\".08\"><img decoding=\"async\" src=\"https:\/\/mypalmleaf.com\/wp-content\/uploads\/2024\/08\/parallax-item-3-4.png\" class=\"img-fluid\" alt=\"\"><\/div>\n  <\/section>\n\n<section class=\"photo-gallery my-5\">\n  <div class=\"container-xl\" data-aos=\"fade-up\" data-aos-duration=\"1000\">\n            <div class=\"row\">\n      <div class=\"col-lg-10 mx-auto\">\n        <div class=\"exibition\">\n          <ul>\n                                      <li data-aos=\"fade-up\" data-aos-duration=\"800\"><img decoding=\"async\" src=\"https:\/\/mypalmleaf.com\/wp-content\/uploads\/2024\/09\/affiliate-img-1-1.jpg\" alt=\"\"><\/li>\n                                        <li data-aos=\"fade-up\" data-aos-duration=\"1000\"><img decoding=\"async\" src=\"https:\/\/mypalmleaf.com\/wp-content\/uploads\/2024\/09\/affiliate-img-2.jpg\" alt=\"\"><\/li>\n                                        <li data-aos=\"fade-up\" data-aos-duration=\"1200\"><img decoding=\"async\" src=\"https:\/\/mypalmleaf.com\/wp-content\/uploads\/2024\/09\/affiliate-img-3.jpg\" alt=\"\"><\/li>\n                                        <li data-aos=\"fade-up\" data-aos-duration=\"1400\"><img decoding=\"async\" src=\"https:\/\/mypalmleaf.com\/wp-content\/uploads\/2024\/09\/affiliate-img-4.jpg\" alt=\"\"><\/li>\n                                    <\/ul>\n        <\/div>\n      <\/div>\n    <\/div>\n          <\/div>\n<\/section>\n\n<section class=\"affiliate\">\n  <div class=\"container-xl\">\n    <div class=\"row\">\n      <div class=\"col-lg-12\">\n        <h3 class=\"mb-4\">Como funciona?<\/h3>\n        <div class=\"affiliate-cont\">\n          <ul>\n                          <li>\n                <div class=\"title\">1. Inscreve-te <a href=\"https:\/\/mypalmleaf.com\/pt-pt\/portal-de-afiliados\/\" class=\"btn btn-primary\">aqui<\/a> no nosso programa de afiliados.<\/div>\n                <div class=\"desc\"><\/div>\n              <\/li>\n                          <li>\n                <div class=\"title\">2. Obt\u00e9m o teu link pessoal no painel de controlo de afiliados<\/div>\n                <div class=\"desc\"><p>Encontrar\u00e1s o teu link de afiliado no teu painel de controlo de afiliados.  <\/p>\n<\/div>\n              <\/li>\n                          <li>\n                <div class=\"title\">3. Como mudar a l\u00edngua da tua liga\u00e7\u00e3o?<\/div>\n                <div class=\"desc\">\n<p>Por defeito, a tua liga\u00e7\u00e3o aponta sempre para a nossa p\u00e1gina inicial em ingl\u00eas, por exemplo <strong> https:\/\/mypalmleaf.com\/?mpl=51 <\/strong> <\/p>\n<p>Se quiseres que ele mude para a p\u00e1gina inicial alem\u00e3 (ou para qualquer outra l\u00edngua),<strong> basta acrescentares \/de\/ after.com para que seja <\/strong>https:\/\/mypalmleaf.com\/de\/?mpl=51  <\/p>\n<\/div>\n              <\/li>\n                          <li>\n                <div class=\"title\">4. Partilha a liga\u00e7\u00e3o com outras pessoas  <\/div>\n                <div class=\"desc\"><p>Podes ent\u00e3o partilhar o link com outras pessoas. Quando visitarem o site uma vez atrav\u00e9s da tua liga\u00e7\u00e3o de afiliado, ser\u00e1 colocado um cookie no seu browser. Se voltarem ao site algumas semanas mais tarde, sem terem passado pelo teu link, e fizerem uma reserva, isso continuar\u00e1 a ser contado como uma refer\u00eancia para ti.    <\/p>\n<\/div>\n              <\/li>\n                          <li>\n                <div class=\"title\">5. Recebe uma recompensa<\/div>\n                <div class=\"desc\"><p>Por cada reserva referida, receber\u00e1s um pr\u00e9mio de 30 euros.  <br \/>  O pagamento ser\u00e1 feito mensalmente para uma conta banc\u00e1ria ou Paypal \u00e0 tua escolha.  <\/p>\n<\/div>\n              <\/li>\n                          <li>\n                <div class=\"title\">6. Verifica as tuas refer\u00eancias<\/div>\n                <div class=\"desc\"><p>Podes sempre ver os n\u00fameros das tuas refer\u00eancias e visitas ao site no teu painel de controlo de afiliado.  <\/p>\n<\/div>\n              <\/li>\n                          <li>\n                <div class=\"title\"><\/div>\n                <div class=\"desc\"><p><a href=\"https:\/\/mypalmleaf.com\/prices\/find-your-palm-leaf-and-read-the-general-chapter\/\" class=\"btn btn-primary\">Encontra a minha folha<\/a><\/p>\n<\/div>\n              <\/li>\n                      <\/ul>\n          <div class=\"btm-contact\"><div class=\"btm-contact\">Se tiveres alguma quest\u00e3o sobre o programa de afiliados, escreve-nos para <a href=\"mailto:support@mypalmleaf.com\">support@mypalmleaf.com<\/a><\/div>\n<\/div>\n        <\/div>\n      <\/div>\n    <\/div>\n  <\/div>\n<\/section>","protected":false},"excerpt":{"rendered":"","protected":false},"author":1,"featured_media":0,"parent":0,"menu_order":0,"comment_status":"closed","ping_status":"closed","template":"","meta":{"_acf_changed":false,"footnotes":""},"class_list":["post-32915","page","type-page","status-publish","hentry"],"acf":[],"yoast_head":"<!-- This site is optimized with the Yoast SEO plugin v26.4 - https:\/\/yoast.com\/wordpress\/plugins\/seo\/ -->\n<title>Programa de afiliados - My Palm Leaf<\/title>\n<meta name=\"description\" content=\"Junte-se ao nosso programa de afiliados e ganhe comiss\u00f5es ao compartilhar os servi\u00e7os espirituais da My Palm Leaf com sua comunidade online ou local.\" \/>\n<meta name=\"robots\" content=\"index, follow, max-snippet:-1, max-image-preview:large, max-video-preview:-1\" \/>\n<link rel=\"canonical\" href=\"https:\/\/mypalmleaf.com\/pt-pt\/programa-de-afiliados\/\" \/>\n<meta property=\"og:locale\" content=\"pt_PT\" \/>\n<meta property=\"og:type\" content=\"article\" \/>\n<meta property=\"og:title\" content=\"Programa de afiliados - My Palm Leaf\" \/>\n<meta property=\"og:description\" content=\"Junte-se ao nosso programa de afiliados e ganhe comiss\u00f5es ao compartilhar os servi\u00e7os espirituais da My Palm Leaf com sua comunidade online ou local.\" \/>\n<meta property=\"og:url\" content=\"https:\/\/mypalmleaf.com\/pt-pt\/programa-de-afiliados\/\" \/>\n<meta property=\"og:site_name\" content=\"My Palm Leaf\" \/>\n<meta property=\"article:modified_time\" content=\"2025-07-16T11:23:20+00:00\" \/>\n<meta property=\"og:image\" content=\"https:\/\/mypalmleaf.com\/wp-content\/uploads\/2025\/08\/mpl-circle-logo.jpg\" \/>\n\t<meta property=\"og:image:width\" content=\"1200\" \/>\n\t<meta property=\"og:image:height\" content=\"1196\" \/>\n\t<meta property=\"og:image:type\" content=\"image\/jpeg\" \/>\n<meta name=\"twitter:card\" content=\"summary_large_image\" \/>\n<script type=\"application\/ld+json\" class=\"yoast-schema-graph\">{\"@context\":\"https:\/\/schema.org\",\"@graph\":[{\"@type\":\"WebPage\",\"@id\":\"https:\/\/mypalmleaf.com\/pt-pt\/programa-de-afiliados\/\",\"url\":\"https:\/\/mypalmleaf.com\/pt-pt\/programa-de-afiliados\/\",\"name\":\"Programa de afiliados - My Palm Leaf\",\"isPartOf\":{\"@id\":\"https:\/\/mypalmleaf.com\/#website\"},\"datePublished\":\"2024-08-28T03:20:58+00:00\",\"dateModified\":\"2025-07-16T11:23:20+00:00\",\"description\":\"Junte-se ao nosso programa de afiliados e ganhe comiss\u00f5es ao compartilhar os servi\u00e7os espirituais da My Palm Leaf com sua comunidade online ou local.\",\"breadcrumb\":{\"@id\":\"https:\/\/mypalmleaf.com\/pt-pt\/programa-de-afiliados\/#breadcrumb\"},\"inLanguage\":\"pt-PT\",\"potentialAction\":[{\"@type\":\"ReadAction\",\"target\":[\"https:\/\/mypalmleaf.com\/pt-pt\/programa-de-afiliados\/\"]}]},{\"@type\":\"BreadcrumbList\",\"@id\":\"https:\/\/mypalmleaf.com\/pt-pt\/programa-de-afiliados\/#breadcrumb\",\"itemListElement\":[{\"@type\":\"ListItem\",\"position\":1,\"name\":\"Home\",\"item\":\"https:\/\/mypalmleaf.com\/pt-pt\/\"},{\"@type\":\"ListItem\",\"position\":2,\"name\":\"Programa de afiliados\"}]},{\"@type\":\"WebSite\",\"@id\":\"https:\/\/mypalmleaf.com\/#website\",\"url\":\"https:\/\/mypalmleaf.com\/\",\"name\":\"My Palm Leaf\",\"description\":\"\",\"potentialAction\":[{\"@type\":\"SearchAction\",\"target\":{\"@type\":\"EntryPoint\",\"urlTemplate\":\"https:\/\/mypalmleaf.com\/?s={search_term_string}\"},\"query-input\":{\"@type\":\"PropertyValueSpecification\",\"valueRequired\":true,\"valueName\":\"search_term_string\"}}],\"inLanguage\":\"pt-PT\"}]}<\/script>\n<!-- \/ Yoast SEO plugin. -->","yoast_head_json":{"title":"Programa de afiliados - My Palm Leaf","description":"Junte-se ao nosso programa de afiliados e ganhe comiss\u00f5es ao compartilhar os servi\u00e7os espirituais da My Palm Leaf com sua comunidade online ou local.","robots":{"index":"index","follow":"follow","max-snippet":"max-snippet:-1","max-image-preview":"max-image-preview:large","max-video-preview":"max-video-preview:-1"},"canonical":"https:\/\/mypalmleaf.com\/pt-pt\/programa-de-afiliados\/","og_locale":"pt_PT","og_type":"article","og_title":"Programa de afiliados - My Palm Leaf","og_description":"Junte-se ao nosso programa de afiliados e ganhe comiss\u00f5es ao compartilhar os servi\u00e7os espirituais da My Palm Leaf com sua comunidade online ou local.","og_url":"https:\/\/mypalmleaf.com\/pt-pt\/programa-de-afiliados\/","og_site_name":"My Palm Leaf","article_modified_time":"2025-07-16T11:23:20+00:00","og_image":[{"width":1200,"height":1196,"url":"https:\/\/mypalmleaf.com\/wp-content\/uploads\/2025\/08\/mpl-circle-logo.jpg","type":"image\/jpeg"}],"twitter_card":"summary_large_image","schema":{"@context":"https:\/\/schema.org","@graph":[{"@type":"WebPage","@id":"https:\/\/mypalmleaf.com\/pt-pt\/programa-de-afiliados\/","url":"https:\/\/mypalmleaf.com\/pt-pt\/programa-de-afiliados\/","name":"Programa de afiliados - My Palm Leaf","isPartOf":{"@id":"https:\/\/mypalmleaf.com\/#website"},"datePublished":"2024-08-28T03:20:58+00:00","dateModified":"2025-07-16T11:23:20+00:00","description":"Junte-se ao nosso programa de afiliados e ganhe comiss\u00f5es ao compartilhar os servi\u00e7os espirituais da My Palm Leaf com sua comunidade online ou local.","breadcrumb":{"@id":"https:\/\/mypalmleaf.com\/pt-pt\/programa-de-afiliados\/#breadcrumb"},"inLanguage":"pt-PT","potentialAction":[{"@type":"ReadAction","target":["https:\/\/mypalmleaf.com\/pt-pt\/programa-de-afiliados\/"]}]},{"@type":"BreadcrumbList","@id":"https:\/\/mypalmleaf.com\/pt-pt\/programa-de-afiliados\/#breadcrumb","itemListElement":[{"@type":"ListItem","position":1,"name":"Home","item":"https:\/\/mypalmleaf.com\/pt-pt\/"},{"@type":"ListItem","position":2,"name":"Programa de afiliados"}]},{"@type":"WebSite","@id":"https:\/\/mypalmleaf.com\/#website","url":"https:\/\/mypalmleaf.com\/","name":"My Palm Leaf","description":"","potentialAction":[{"@type":"SearchAction","target":{"@type":"EntryPoint","urlTemplate":"https:\/\/mypalmleaf.com\/?s={search_term_string}"},"query-input":{"@type":"PropertyValueSpecification","valueRequired":true,"valueName":"search_term_string"}}],"inLanguage":"pt-PT"}]}},"_links":{"self":[{"href":"https:\/\/mypalmleaf.com\/pt-pt\/wp-json\/wp\/v2\/pages\/32915","targetHints":{"allow":["GET"]}}],"collection":[{"href":"https:\/\/mypalmleaf.com\/pt-pt\/wp-json\/wp\/v2\/pages"}],"about":[{"href":"https:\/\/mypalmleaf.com\/pt-pt\/wp-json\/wp\/v2\/types\/page"}],"author":[{"embeddable":true,"href":"https:\/\/mypalmleaf.com\/pt-pt\/wp-json\/wp\/v2\/users\/1"}],"replies":[{"embeddable":true,"href":"https:\/\/mypalmleaf.com\/pt-pt\/wp-json\/wp\/v2\/comments?post=32915"}],"version-history":[{"count":0,"href":"https:\/\/mypalmleaf.com\/pt-pt\/wp-json\/wp\/v2\/pages\/32915\/revisions"}],"wp:attachment":[{"href":"https:\/\/mypalmleaf.com\/pt-pt\/wp-json\/wp\/v2\/media?parent=32915"}],"curies":[{"name":"wp","href":"https:\/\/api.w.org\/{rel}","templated":true}]}}