
{"id":32919,"date":"2024-08-28T04:10:49","date_gmt":"2024-08-28T04:10:49","guid":{"rendered":"https:\/\/mypalmleaf.com\/junta-te-a-nos\/"},"modified":"2025-04-24T07:28:01","modified_gmt":"2025-04-24T07:28:01","slug":"junta-te-a-nos","status":"publish","type":"page","link":"https:\/\/mypalmleaf.com\/pt-pt\/junta-te-a-nos\/","title":{"rendered":"Junta-te a n\u00f3s"},"content":{"rendered":"\n<section class=\"spotlight-main small top-gap\">\n    <!-- <div class=\"slider-wrap\" data-flickity='{ \"cellAlign\": \"left\", \"contain\": true, \"wrapAround\": true, \"setGallerySize\": false }'> -->\n    <div class=\"slider-wrap\" data-flickity='{ \"cellAlign\": \"left\", \"contain\": true, \"wrapAround\": true, \"setGallerySize\": false  }'>\n            <div class=\"slides\">\n        <div class=\"content-wrap\">\n          <div class=\"image\">\n            <picture>\n              <source media=\"(max-width: 999px)\" srcset=\"https:\/\/mypalmleaf.com\/wp-content\/uploads\/2024\/09\/join-us-spotlight-new-mob.jpg\" \/>\n              <source media=\"(min-width: 1000px)\" srcset=\"https:\/\/mypalmleaf.com\/wp-content\/uploads\/2024\/09\/join-us-spotlight-new.jpg\" \/>\n              <img decoding=\"async\" src=\"https:\/\/mypalmleaf.com\/wp-content\/uploads\/2024\/09\/join-us-spotlight-new.jpg\" class=\"img-fluid\" alt=\"\" \/>\n            <\/picture>\n          <\/div>\n          <div class=\"content\">\n            <div data-aos=\"fade-up\" data-aos-duration=\"1000\">\n              <h2 class=\"\">Junta-te a n\u00f3s<\/h2>\n                                 \n            <\/div>\n          <\/div>\n        <\/div>\n      <\/div>\n          <\/div>\n<\/section>\n<section class=\"my-6 flipping-gallery\">\n  <div class=\"container-xl\" data-aos=\"fade-up\" data-aos-duration=\"1000\">\n    <div class=\"row\">\n      <div class=\"col\">\n        <div class=\"gallery-wrap\">\n                      <div class=\"block\">\n              <div class=\"rounded-asset\">\n                                                  <img decoding=\"async\" src=\"https:\/\/mypalmleaf.com\/wp-content\/uploads\/2024\/08\/gallery-img-1-2.jpg\" alt=\"\" class=\"\">\n                                                    <img decoding=\"async\" src=\"https:\/\/mypalmleaf.com\/wp-content\/uploads\/2024\/08\/gallery-img-1.jpg\" alt=\"\" class=\"overlay\">\n                                                <\/div>\n            <\/div>\n                      <div class=\"block\">\n              <div class=\"rounded-asset\">\n                                                  <img decoding=\"async\" src=\"https:\/\/mypalmleaf.com\/wp-content\/uploads\/2024\/08\/gallery-img-2-2.jpg\" alt=\"\" class=\"\">\n                                                    <img decoding=\"async\" src=\"https:\/\/mypalmleaf.com\/wp-content\/uploads\/2024\/08\/gallery-img-2.jpg\" alt=\"\" class=\"overlay\">\n                                                <\/div>\n            <\/div>\n                      <div class=\"block\">\n              <div class=\"rounded-asset\">\n                                                  <img decoding=\"async\" src=\"https:\/\/mypalmleaf.com\/wp-content\/uploads\/2024\/08\/gallery-img-3-2.jpg\" alt=\"\" class=\"\">\n                                                    <img decoding=\"async\" src=\"https:\/\/mypalmleaf.com\/wp-content\/uploads\/2024\/08\/gallery-img-3.jpg\" alt=\"\" class=\"overlay\">\n                                                <\/div>\n            <\/div>\n                      <div class=\"block\">\n              <div class=\"rounded-asset\">\n                                                  <img decoding=\"async\" src=\"https:\/\/mypalmleaf.com\/wp-content\/uploads\/2024\/08\/gallery-img-4-2.jpg\" alt=\"\" class=\"\">\n                                                    <img decoding=\"async\" src=\"https:\/\/mypalmleaf.com\/wp-content\/uploads\/2024\/08\/gallery-img-4.jpg\" alt=\"\" class=\"overlay\">\n                                                <\/div>\n            <\/div>\n                      <div class=\"block\">\n              <div class=\"rounded-asset\">\n                                                  <img decoding=\"async\" src=\"https:\/\/mypalmleaf.com\/wp-content\/uploads\/2024\/08\/gallery-img-5-2.jpg\" alt=\"\" class=\"\">\n                                                    <img decoding=\"async\" src=\"https:\/\/mypalmleaf.com\/wp-content\/uploads\/2024\/08\/gallery-img-5.jpg\" alt=\"\" class=\"overlay\">\n                                                <\/div>\n            <\/div>\n                      <div class=\"block\">\n              <div class=\"rounded-asset\">\n                                                  <img decoding=\"async\" src=\"https:\/\/mypalmleaf.com\/wp-content\/uploads\/2024\/08\/gallery-img-6.jpg\" alt=\"\" class=\"\">\n                                                    <img decoding=\"async\" src=\"https:\/\/mypalmleaf.com\/wp-content\/uploads\/2024\/08\/gallery-img-6-2.jpg\" alt=\"\" class=\"overlay\">\n                                                <\/div>\n            <\/div>\n                  <\/div>\n      <\/div>\n    <\/div>\n  <\/div>\n<\/section><section class=\"join-us-block my-6 position-relative\">\n  <div class=\"container-xl\">\n    <div class=\"row mb-4 justify-content-center\">\n      <div class=\"col-lg-10 text-center\" data-aos=\"fade-up\" data-aos-duration=\"1000\">\n        <p>Como Moderador ou Tradutor, ajudas os clientes nas leituras das folhas de palmeira, respondendo \u00e0s suas perguntas, apoiando-os, fazendo-os sentir-se confort\u00e1veis e construindo uma ponte entre eles e a biblioteca de folhas de palmeira.<\/p>\n      <\/div>\n    <\/div>\n    <div class=\"row my-5 justify-content-between\" data-aos=\"fade-up\" data-aos-duration=\"1000\">\n              <div class=\"col-lg-5\">\n          <div class=\"dual-col\">\n            <div class=\"title\">\n              <img decoding=\"async\" src=\"https:\/\/mypalmleaf.com\/wp-content\/uploads\/2024\/08\/title-bg.png\" alt=\"\" class=\"img-fluid\">\n              <div class=\"text\">Moderador<\/div>\n            <\/div>\n            <div class=\"desc\">\n              <p>Como moderador, apoias as leituras de folhas de palmeira em ingl\u00eas.<br \/>\nExplicas o processo antes do in\u00edcio da leitura e est\u00e1s presente em segundo plano para responder a perguntas, se necess\u00e1rio.<br \/>\nA leitura em si \u00e9 traduzida pelo tradutor na biblioteca de folhas de palmeira de Tamil para Ingl\u00eas.  <\/p>\n            <\/div>\n          <\/div>\n        <\/div>\n              <div class=\"col-lg-5\">\n          <div class=\"dual-col\">\n            <div class=\"title\">\n              <img decoding=\"async\" src=\"https:\/\/mypalmleaf.com\/wp-content\/uploads\/2024\/08\/title-bg.png\" alt=\"\" class=\"img-fluid\">\n              <div class=\"text\">Tradutor<\/div>\n            <\/div>\n            <div class=\"desc\">\n              <p>Como tradutor, fazes tudo o que um moderador faz, mas tamb\u00e9m traduzes tudo o que \u00e9 traduzido de Tamil para Ingl\u00eas pelo tradutor da biblioteca para a tua l\u00edngua espec\u00edfica, por exemplo, polaco ou franc\u00eas, ou \u00e1rabe.<\/p>\n            <\/div>\n          <\/div>\n        <\/div>\n          <\/div>\n  <\/div>\n  <\/section><section class=\"tabs-wrapper my-6 mt-0\">\n  <div class=\"container-xl\">\n    <div class=\"row\">\n      <div class=\"tabs-container\" data-aos=\"fade-up\" data-aos-duration=\"1000\">\n        <ul class=\"tabs\">\n                                <li class=\"tab-button active\" data-target=\"tab1\">Requisitos<\/li>\n                                  <li class=\"tab-button active\" data-target=\"tab2\">Porque te juntas a n\u00f3s<\/li>\n                                  <li class=\"tab-button active\" data-target=\"tab3\">Horas de trabalho<\/li>\n                                  <li class=\"tab-button active\" data-target=\"tab4\">Remunera\u00e7\u00e3o e sal\u00e1rio<\/li>\n                              <\/ul>\n        <div class=\"tab-content\">\n                                <div id=\"tab1\" class=\"tab-pane active\">\n              <h4>Os requisitos absolutos para ajudar na leitura da folha de palmeira s\u00e3o<\/h4>\n<ul>\n<li>\u00c9s fluente em ingl\u00eas e como tradutor na l\u00edngua em que traduzes<\/li>\n<li>Est\u00e1s em sintonia com a nossa miss\u00e3o espiritual<\/li>\n<li>Tens um computador que funciona bem, podes utilizar o zoom e tens uma liga\u00e7\u00e3o est\u00e1vel \u00e0 Internet.<\/li>\n<li>\u00c9s fi\u00e1vel e pontual.<\/li>\n<li>Tens uma motiva\u00e7\u00e3o sincera para contribuir para a evolu\u00e7\u00e3o, a cura e o despertar da humanidade<\/li>\n<li>Est\u00e1s motivado e inspirado<\/li>\n<li>Podes e est\u00e1s disposto a assumir responsabilidades e a ser proactivo<\/li>\n<li>Tu pr\u00f3prio j\u00e1 fizeste uma leitura da folha de palmeira e compreendes o processo.<\/li>\n<li>Gostas de comunicar e de te relacionar com pessoas emp\u00e1ticas, amorosas e aut\u00eanticas.<\/li>\n<li>Est\u00e1s aberto e disposto a aprender novas compet\u00eancias.<\/li>\n<li>Percorreste o nosso s\u00edtio Web e o nosso canal no YouTube e tens uma no\u00e7\u00e3o clara do que o Mypalmleaf est\u00e1 a fazer.<\/li>\n<li>\u00c9s claro, amoroso e direto na tua comunica\u00e7\u00e3o.<\/li>\n<\/ul>\n            <\/div>\n                                  <div id=\"tab2\" class=\"tab-pane active\">\n              <h4>As verdadeiras raz\u00f5es para trabalhares com o Mypalmleaf<\/h4>\n<p>Mypalmleaf \u00e9 uma organiza\u00e7\u00e3o orientada por objectivos que combina pr\u00e1ticas e entendimentos espirituais profundos com estruturas de trabalho realistas que te apoiam no teu crescimento profissional.<br \/>\nCo-criamos um ambiente de trabalho inspirador que contribui para a evolu\u00e7\u00e3o da humanidade e que pretende ver e ajudar-te como o ser humano \u00fanico que \u00e9s.<br \/>\nComo equipa, trabalhamos juntos num esp\u00edrito de equipa positivo e solid\u00e1rio que pretende real\u00e7ar e apoiar as tuas capacidades e talentos, ao mesmo tempo que proporciona um rendimento abundante para sustentar a tua vida.  <\/p>\n            <\/div>\n                                  <div id=\"tab3\" class=\"tab-pane active\">\n              <p>Normalmente, temos uma leitura agendada entre as 7h e as 20h. Na \u00cdndia, podes agendar hor\u00e1rios, dependendo da tua disponibilidade em coordena\u00e7\u00e3o com as necessidades dos clientes e da organiza\u00e7\u00e3o.<br \/>\nNormalmente, fazemos o nosso melhor para que tudo funcione para todos. <\/p>\n            <\/div>\n                                  <div id=\"tab4\" class=\"tab-pane active\">\n              <p>Ap\u00f3s a rece\u00e7\u00e3o da tua candidatura, enviar-te-emos uma explica\u00e7\u00e3o detalhada sobre o pagamento.<\/p>\n            <\/div>\n                              <\/div>\n      <\/div>\n    <\/div>\n  <\/div>\n<\/section><section class=\"how-to-apply my-6 mt-0\">\n  <div class=\"container-xl\">\n    <div class=\"row\">\n      <div class=\"col-lg-10 mx-auto\" >\n        <div class=\"dual-col \">\n          <div class=\"title\">\n            <img decoding=\"async\" src=\"https:\/\/mypalmleaf.com\/wp-content\/uploads\/2024\/08\/title-bg.png\" alt=\"\" class=\"img-fluid\">\n            <div class=\"text\">Como se candidatar<\/div>\n          <\/div>\n          <div class=\"desc\">\n            <p>Envia-nos um v\u00eddeo curto de 1-5 minutos com uma selfie em que nos fales de ti e digas porque queres trabalhar connosco. N\u00e3o precisa de ser profissional. N\u00e3o adies e n\u00e3o sejas t\u00edmido, f\u00e1-lo agora. \u00c9 essa a atitude que gostar\u00edamos de ter na nossa equipa. Entrevistaremos todos os candidatos s\u00e9rios que nos enviarem um v\u00eddeo numa entrevista r\u00e1pida de 10 minutos. N\u00e3o o fa\u00e7as: envia-nos uma mensagem a pedir-nos para &#8220;enviar mais informa\u00e7\u00f5es&#8221;.<\/p>\n<div class=\"btm-contact\">Faz o v\u00eddeo agora e envia-o para <a href=\"mailto:info@mypalmleaf.com\">info@mypalmleaf.com<\/a><\/div>\n          <\/div>\n        <\/div>\n      <\/div>\n    <\/div>\n  <\/div>\n<\/section>","protected":false},"excerpt":{"rendered":"","protected":false},"author":1,"featured_media":0,"parent":0,"menu_order":0,"comment_status":"closed","ping_status":"closed","template":"","meta":{"_acf_changed":false,"footnotes":""},"class_list":["post-32919","page","type-page","status-publish","hentry"],"acf":[],"yoast_head":"<!-- This site is optimized with the Yoast SEO plugin v26.4 - https:\/\/yoast.com\/wordpress\/plugins\/seo\/ -->\n<title>Junta-te a n\u00f3s - My Palm Leaf<\/title>\n<meta name=\"description\" content=\"Junte-se a n\u00f3s e explore as profundezas da sabedoria ancestral. Oferecemos apoio espiritual atrav\u00e9s das leituras das folhas de palmeira e consultas personalizadas.\" \/>\n<meta name=\"robots\" content=\"index, follow, max-snippet:-1, max-image-preview:large, max-video-preview:-1\" \/>\n<link rel=\"canonical\" href=\"https:\/\/mypalmleaf.com\/moderator_and_translator\/\" \/>\n<meta property=\"og:locale\" content=\"pt_PT\" \/>\n<meta property=\"og:type\" content=\"article\" \/>\n<meta property=\"og:title\" content=\"Junta-te a n\u00f3s - My Palm Leaf\" \/>\n<meta property=\"og:description\" content=\"Junte-se a n\u00f3s e explore as profundezas da sabedoria ancestral. Oferecemos apoio espiritual atrav\u00e9s das leituras das folhas de palmeira e consultas personalizadas.\" \/>\n<meta property=\"og:url\" content=\"https:\/\/mypalmleaf.com\/moderator_and_translator\/\" \/>\n<meta property=\"og:site_name\" content=\"My Palm Leaf\" \/>\n<meta property=\"article:modified_time\" content=\"2025-04-24T07:28:01+00:00\" \/>\n<meta property=\"og:image\" content=\"https:\/\/mypalmleaf.com\/wp-content\/uploads\/2025\/08\/mpl-circle-logo.jpg\" \/>\n\t<meta property=\"og:image:width\" content=\"1200\" \/>\n\t<meta property=\"og:image:height\" content=\"1196\" \/>\n\t<meta property=\"og:image:type\" content=\"image\/jpeg\" \/>\n<meta name=\"twitter:card\" content=\"summary_large_image\" \/>\n<script type=\"application\/ld+json\" class=\"yoast-schema-graph\">{\"@context\":\"https:\/\/schema.org\",\"@graph\":[{\"@type\":\"WebPage\",\"@id\":\"https:\/\/mypalmleaf.com\/moderator_and_translator\/\",\"url\":\"https:\/\/mypalmleaf.com\/moderator_and_translator\/\",\"name\":\"Junta-te a n\u00f3s - My Palm Leaf\",\"isPartOf\":{\"@id\":\"https:\/\/mypalmleaf.com\/#website\"},\"datePublished\":\"2024-08-28T04:10:49+00:00\",\"dateModified\":\"2025-04-24T07:28:01+00:00\",\"description\":\"Junte-se a n\u00f3s e explore as profundezas da sabedoria ancestral. Oferecemos apoio espiritual atrav\u00e9s das leituras das folhas de palmeira e consultas personalizadas.\",\"breadcrumb\":{\"@id\":\"https:\/\/mypalmleaf.com\/moderator_and_translator\/#breadcrumb\"},\"inLanguage\":\"pt-PT\",\"potentialAction\":[{\"@type\":\"ReadAction\",\"target\":[\"https:\/\/mypalmleaf.com\/moderator_and_translator\/\"]}]},{\"@type\":\"BreadcrumbList\",\"@id\":\"https:\/\/mypalmleaf.com\/moderator_and_translator\/#breadcrumb\",\"itemListElement\":[{\"@type\":\"ListItem\",\"position\":1,\"name\":\"Home\",\"item\":\"https:\/\/mypalmleaf.com\/pt-pt\/\"},{\"@type\":\"ListItem\",\"position\":2,\"name\":\"Junta-te a n\u00f3s\"}]},{\"@type\":\"WebSite\",\"@id\":\"https:\/\/mypalmleaf.com\/#website\",\"url\":\"https:\/\/mypalmleaf.com\/\",\"name\":\"My Palm Leaf\",\"description\":\"\",\"potentialAction\":[{\"@type\":\"SearchAction\",\"target\":{\"@type\":\"EntryPoint\",\"urlTemplate\":\"https:\/\/mypalmleaf.com\/?s={search_term_string}\"},\"query-input\":{\"@type\":\"PropertyValueSpecification\",\"valueRequired\":true,\"valueName\":\"search_term_string\"}}],\"inLanguage\":\"pt-PT\"}]}<\/script>\n<!-- \/ Yoast SEO plugin. -->","yoast_head_json":{"title":"Junta-te a n\u00f3s - My Palm Leaf","description":"Junte-se a n\u00f3s e explore as profundezas da sabedoria ancestral. Oferecemos apoio espiritual atrav\u00e9s das leituras das folhas de palmeira e consultas personalizadas.","robots":{"index":"index","follow":"follow","max-snippet":"max-snippet:-1","max-image-preview":"max-image-preview:large","max-video-preview":"max-video-preview:-1"},"canonical":"https:\/\/mypalmleaf.com\/moderator_and_translator\/","og_locale":"pt_PT","og_type":"article","og_title":"Junta-te a n\u00f3s - My Palm Leaf","og_description":"Junte-se a n\u00f3s e explore as profundezas da sabedoria ancestral. Oferecemos apoio espiritual atrav\u00e9s das leituras das folhas de palmeira e consultas personalizadas.","og_url":"https:\/\/mypalmleaf.com\/moderator_and_translator\/","og_site_name":"My Palm Leaf","article_modified_time":"2025-04-24T07:28:01+00:00","og_image":[{"width":1200,"height":1196,"url":"https:\/\/mypalmleaf.com\/wp-content\/uploads\/2025\/08\/mpl-circle-logo.jpg","type":"image\/jpeg"}],"twitter_card":"summary_large_image","schema":{"@context":"https:\/\/schema.org","@graph":[{"@type":"WebPage","@id":"https:\/\/mypalmleaf.com\/moderator_and_translator\/","url":"https:\/\/mypalmleaf.com\/moderator_and_translator\/","name":"Junta-te a n\u00f3s - My Palm Leaf","isPartOf":{"@id":"https:\/\/mypalmleaf.com\/#website"},"datePublished":"2024-08-28T04:10:49+00:00","dateModified":"2025-04-24T07:28:01+00:00","description":"Junte-se a n\u00f3s e explore as profundezas da sabedoria ancestral. Oferecemos apoio espiritual atrav\u00e9s das leituras das folhas de palmeira e consultas personalizadas.","breadcrumb":{"@id":"https:\/\/mypalmleaf.com\/moderator_and_translator\/#breadcrumb"},"inLanguage":"pt-PT","potentialAction":[{"@type":"ReadAction","target":["https:\/\/mypalmleaf.com\/moderator_and_translator\/"]}]},{"@type":"BreadcrumbList","@id":"https:\/\/mypalmleaf.com\/moderator_and_translator\/#breadcrumb","itemListElement":[{"@type":"ListItem","position":1,"name":"Home","item":"https:\/\/mypalmleaf.com\/pt-pt\/"},{"@type":"ListItem","position":2,"name":"Junta-te a n\u00f3s"}]},{"@type":"WebSite","@id":"https:\/\/mypalmleaf.com\/#website","url":"https:\/\/mypalmleaf.com\/","name":"My Palm Leaf","description":"","potentialAction":[{"@type":"SearchAction","target":{"@type":"EntryPoint","urlTemplate":"https:\/\/mypalmleaf.com\/?s={search_term_string}"},"query-input":{"@type":"PropertyValueSpecification","valueRequired":true,"valueName":"search_term_string"}}],"inLanguage":"pt-PT"}]}},"_links":{"self":[{"href":"https:\/\/mypalmleaf.com\/pt-pt\/wp-json\/wp\/v2\/pages\/32919","targetHints":{"allow":["GET"]}}],"collection":[{"href":"https:\/\/mypalmleaf.com\/pt-pt\/wp-json\/wp\/v2\/pages"}],"about":[{"href":"https:\/\/mypalmleaf.com\/pt-pt\/wp-json\/wp\/v2\/types\/page"}],"author":[{"embeddable":true,"href":"https:\/\/mypalmleaf.com\/pt-pt\/wp-json\/wp\/v2\/users\/1"}],"replies":[{"embeddable":true,"href":"https:\/\/mypalmleaf.com\/pt-pt\/wp-json\/wp\/v2\/comments?post=32919"}],"version-history":[{"count":0,"href":"https:\/\/mypalmleaf.com\/pt-pt\/wp-json\/wp\/v2\/pages\/32919\/revisions"}],"wp:attachment":[{"href":"https:\/\/mypalmleaf.com\/pt-pt\/wp-json\/wp\/v2\/media?parent=32919"}],"curies":[{"name":"wp","href":"https:\/\/api.w.org\/{rel}","templated":true}]}}