{"id":32954,"date":"2024-09-05T05:53:33","date_gmt":"2024-09-05T05:53:33","guid":{"rendered":"https:\/\/mypalmleaf.com\/politica-de-privacidade\/"},"modified":"2025-04-17T08:22:23","modified_gmt":"2025-04-17T08:22:23","slug":"politica-de-privacidade","status":"publish","type":"page","link":"https:\/\/mypalmleaf.com\/pt-pt\/politica-de-privacidade\/","title":{"rendered":"Pol\u00edtica de privacidade"},"content":{"rendered":"\n<h2 class=\"wp-block-heading\"><strong>1. Introdu\u00e7\u00e3o<\/strong><\/h2>\n\n<p>A Conscious Innovation Lab O\u00dc (&#8220;n\u00f3s&#8221;, &#8220;nosso&#8221; ou &#8220;nos&#8221;) est\u00e1 empenhada em proteger os teus dados pessoais e respeitar a tua privacidade. Esta Pol\u00edtica de Privacidade descreve como recolhemos, usamos e protegemos os teus dados pessoais em conformidade com o <strong>Regulamento Geral de Prote\u00e7\u00e3o de Dados (RGPD)<\/strong>. <\/p>\n\n<p><strong>Informa\u00e7\u00f5es de contacto:<br\/><\/strong>Conscious Innovation Lab O\u00dc<br\/>Sakala 7-2<br\/>10141 Tallinn, Estonia<br\/>Email: <a href=\"mailto:info@mypalmleaf.com\">info@mypalmleaf.com<\/a><\/p>\n\n<p><br\/>Respons\u00e1vel pela prote\u00e7\u00e3o de dados (DPO): <strong>Stephan Oesterreicher<br\/><\/strong>Email: info@mypalmleaf.com<\/p>\n\n<h2>2. Dados que recolhemos<\/h2>\n\n<p>Recolhemos os seguintes dados pessoais para prestar os nossos servi\u00e7os:<\/p>\n\n<ul class=\"wp-block-list\">\n<li>Nome.<\/li>\n\n\n\n<li>Endere\u00e7o de fatura\u00e7\u00e3o.<\/li>\n\n\n\n<li>Endere\u00e7o de correio eletr\u00f3nico.<\/li>\n\n\n\n<li>N\u00famero de telefone.<\/li>\n\n\n\n<li>Detalhes do pagamento.<\/li>\n\n\n\n<li>Impress\u00e3o do polegar (para localizar a tua folha de palmeira).<\/li>\n\n\n\n<li>Sexo e pa\u00eds de nascimento (para localizar a tua folha de palmeira).<\/li>\n<\/ul>\n\n<h2 class=\"wp-block-heading\"><strong>3. Finalidade do tratamento de dados<\/strong><\/h2>\n\n<p>Processamos os teus dados pessoais para os seguintes fins:<\/p>\n\n<ul class=\"wp-block-list\">\n<li><strong>Cumprimento de encomendas:<\/strong> Para processar e entregar encomendas efectuadas atrav\u00e9s do nosso website.<\/li>\n\n\n\n<li><strong>Encontrar a tua folha de palmeira:<\/strong> As impress\u00f5es digitais, o sexo e o pa\u00eds de nascimento s\u00e3o recolhidos apenas para localizar a tua folha de palmeira espec\u00edfica.<\/li>\n\n\n\n<li><strong>Boletins informativos:<\/strong> Para enviar boletins informativos e actualiza\u00e7\u00f5es (apenas com o teu consentimento).<\/li>\n\n\n\n<li><strong>An\u00e1lise e melhoria do s\u00edtio Web:<\/strong> Para melhorar o s\u00edtio Web e a experi\u00eancia do utilizador utilizando ferramentas como o Google Analytics e o Facebook Pixel.<\/li>\n\n\n\n<li><strong>Conformidade legal:<\/strong> Para cumprir os regulamentos fiscais e financeiros aplic\u00e1veis.<\/li>\n<\/ul>\n\n<h2 class=\"wp-block-heading\"><strong>4. Base jur\u00eddica para o processamento<\/strong><\/h2>\n\n<p>Processamos os teus dados com base nos seguintes fundamentos legais:<\/p>\n\n<ul class=\"wp-block-list\">\n<li><strong>Consente:<\/strong> Para boletins informativos e quaisquer comunica\u00e7\u00f5es de marketing.<\/li>\n\n\n\n<li><strong>Necessidade contratual:<\/strong> Para satisfazer encomendas e prestar servi\u00e7os.<\/li>\n\n\n\n<li><strong>Interesses leg\u00edtimos:<\/strong> Para analisar o desempenho do s\u00edtio Web e garantir a sua funcionalidade.<\/li>\n\n\n\n<li><strong>Obriga\u00e7\u00f5es legais:<\/strong> Para cumprir os relat\u00f3rios fiscais e outros requisitos legais.<\/li>\n<\/ul>\n\n<h2 class=\"wp-block-heading\"><strong>5. Servi\u00e7os de terceiros<\/strong><\/h2>\n\n<p>Utilizamos fornecedores de servi\u00e7os terceiros para processar os teus dados de forma segura e eficiente, incluindo:<\/p>\n\n<ul class=\"wp-block-list\">\n<li><strong>Provedores de hospedagem:<\/strong> AWS, Google Cloud, monday.com.<\/li>\n\n\n\n<li><strong>Ferramentas de marketing por e-mail:<\/strong> Mailchimp.<\/li>\n\n\n\n<li><strong>Processadores de pagamento:<\/strong> PayPal, Stripe.<\/li>\n\n\n\n<li><strong>An\u00e1lise e rastreio:<\/strong> Google Analytics, Facebook Pixel<\/li>\n<\/ul>\n\n<p>Cada um destes fornecedores cumpre o RGPD e garante a prote\u00e7\u00e3o dos dados atrav\u00e9s de salvaguardas adequadas.<\/p>\n\n<h2 class=\"wp-block-heading\"><strong>6. Transfer\u00eancias internacionais de dados<\/strong><\/h2>\n\n<p>Para localizar a tua folha de palmeira, transferimos dados pessoais (impress\u00e3o digital, sexo, pa\u00eds de nascimento) sem nome para a <strong>\u00cdndia<\/strong>. Estas transfer\u00eancias s\u00e3o efectuadas ao abrigo de <strong>Cl\u00e1usulas Contratuais-tipo (CCP)<\/strong> para garantir um n\u00edvel adequado de prote\u00e7\u00e3o de dados. <\/p>\n\n<h2 class=\"wp-block-heading\"><strong>7. Cookies e tecnologias de rastreio<\/strong><\/h2>\n\n<p>Utilizamos cookies e tecnologias de rastreio semelhantes para melhorar a tua experi\u00eancia de utilizador. Estas incluem: <\/p>\n\n<ul class=\"wp-block-list\">\n<li><strong>Google Analytics:<\/strong> Para analisar o tr\u00e1fego do s\u00edtio Web e o comportamento dos utilizadores.<\/li>\n\n\n\n<li><strong>Pixel do Facebook:<\/strong> Para marketing personalizado e acompanhamento de convers\u00f5es.<\/li>\n<\/ul>\n\n<p>Podes gerir as prefer\u00eancias de cookies atrav\u00e9s do nosso banner de consentimento de cookies ou ajustar as defini\u00e7\u00f5es no teu browser.<\/p>\n\n<h2 class=\"wp-block-heading\"><strong>8. Conserva\u00e7\u00e3o de dados<\/strong><\/h2>\n\n<p>Conservamos os dados pessoais durante os seguintes per\u00edodos:<\/p>\n\n<ul class=\"wp-block-list\">\n<li>Dados gerais do cliente (por exemplo, nome, e-mail, endere\u00e7o de fatura\u00e7\u00e3o): <strong>6 anos<\/strong>.<\/li>\n\n\n\n<li>Impress\u00f5es do polegar (utilizadas para localizar as folhas de palmeira): <strong>4 semanas ap\u00f3s a leitura geral.<\/strong><\/li>\n<\/ul>\n\n<p>Os dados s\u00e3o eliminados ou tornados an\u00f3nimos quando deixam de ser necess\u00e1rios para os fins indicados.<\/p>\n\n<h2 class=\"wp-block-heading\"><strong>9. Os teus direitos<\/strong><\/h2>\n\n<p>Ao abrigo do RGPD, tens os seguintes direitos relativamente aos teus dados pessoais:<\/p>\n\n<ol class=\"wp-block-list\">\n<li><strong>Direito de acesso:<\/strong> Pedir acesso aos dados pessoais que temos sobre ti.<\/li>\n\n\n\n<li><strong>Direito de retifica\u00e7\u00e3o:<\/strong> Corrige as imprecis\u00f5es dos teus dados.<\/li>\n\n\n\n<li><strong>Direito ao esquecimento:<\/strong> Solicita a elimina\u00e7\u00e3o dos teus dados (&#8220;direito a ser esquecido&#8221;).<\/li>\n\n\n\n<li><strong>Direito de restringir o processamento:<\/strong> Limitar o processamento dos teus dados em determinadas circunst\u00e2ncias.<\/li>\n\n\n\n<li><strong>Direito \u00e0 portabilidade dos dados:<\/strong> Recebe os teus dados num formato estruturado e leg\u00edvel por m\u00e1quina.<\/li>\n\n\n\n<li><strong>Direito de oposi\u00e7\u00e3o:<\/strong> Opor-se ao processamento dos teus dados para interesses leg\u00edtimos ou fins de marketing.<\/li>\n\n\n\n<li><strong>Direito de retirar o consentimento:<\/strong> Retira o consentimento para o processamento de dados em qualquer altura.<\/li>\n\n\n\n<li><strong>Direito de apresentar uma queixa:<\/strong> Apresenta uma queixa \u00e0 autoridade local de prote\u00e7\u00e3o de dados se considerares que os teus direitos foram violados.<\/li>\n<\/ol>\n\n<p>Para exerceres qualquer um destes direitos, contacta-nos atrav\u00e9s do endere\u00e7o info@mypalmleaf.com.<br\/><\/p>\n\n<h2 class=\"wp-block-heading\"><strong>10. Tomada de decis\u00f5es automatizada e defini\u00e7\u00e3o de perfis<\/strong><\/h2>\n\n<p>N\u00e3o utilizamos ferramentas automatizadas de tomada de decis\u00f5es ou de defini\u00e7\u00e3o de perfis.<br\/><\/p>\n\n<h2 class=\"wp-block-heading\"><strong>11. Seguran\u00e7a dos dados<\/strong><\/h2>\n\n<p>Embora atualmente n\u00e3o implementemos medidas de seguran\u00e7a t\u00e9cnicas espec\u00edficas (por exemplo, encripta\u00e7\u00e3o), fazemos todos os esfor\u00e7os para tratar os dados pessoais de forma segura e apenas os partilhamos com terceiros de confian\u00e7a. Estamos a trabalhar no sentido de implementar medidas de seguran\u00e7a mais robustas num futuro pr\u00f3ximo. <\/p>\n\n<h2 class=\"wp-block-heading\"><strong>12. Actualiza\u00e7\u00f5es da presente Pol\u00edtica de Privacidade<\/strong><\/h2>\n\n<p>Podemos atualizar esta Pol\u00edtica de Privacidade periodicamente para refletir altera\u00e7\u00f5es nos requisitos legais ou operacionais. Quaisquer actualiza\u00e7\u00f5es ser\u00e3o publicadas nesta p\u00e1gina e, se for caso disso, notificar-te-emos diretamente. <\/p>\n\n<p><strong>\u00daltima atualiza\u00e7\u00e3o:<\/strong> 22 de novembro de 2024<br\/><\/p>\n\n<p><span id=\"docs-internal-guid-8f69ac49-7fff-720c-c3f9-e299012d149c\"><div><span style=\"font-size: 12pt; font-family: Arial, sans-serif; color: rgb(13, 13, 13); background-color: transparent; font-variant-numeric: normal; font-variant-east-asian: normal; font-variant-alternates: normal; font-variant-position: normal; vertical-align: baseline;\"><\/span><\/div><\/span><\/p>\n","protected":false},"excerpt":{"rendered":"<p>1. Introdu\u00e7\u00e3o A Conscious Innovation Lab O\u00dc (&#8220;n\u00f3s&#8221;, &#8220;nosso&#8221; ou &#8220;nos&#8221;) est\u00e1 empenhada em proteger os teus dados pessoais e respeitar a tua privacidade. Esta Pol\u00edtica de Privacidade descreve como recolhemos, usamos e protegemos os teus dados pessoais em conformidade com o Regulamento Geral de Prote\u00e7\u00e3o de Dados (RGPD). Informa\u00e7\u00f5es de contacto:Conscious Innovation Lab O\u00dcSakala [&hellip;]<\/p>\n","protected":false},"author":1,"featured_media":0,"parent":0,"menu_order":0,"comment_status":"closed","ping_status":"closed","template":"static-template-page.php","meta":{"_acf_changed":false,"footnotes":""},"class_list":["post-32954","page","type-page","status-publish","hentry"],"acf":[],"yoast_head":"<!-- This site is optimized with the Yoast SEO plugin v26.4 - https:\/\/yoast.com\/wordpress\/plugins\/seo\/ -->\n<title>Pol\u00edtica de privacidade - My Palm Leaf<\/title>\n<meta name=\"description\" content=\"Leia nossa pol\u00edtica de privacidade para entender como protegemos seus dados pessoais durante sua participa\u00e7\u00e3o nas leituras espirituais.\" \/>\n<meta name=\"robots\" content=\"index, follow, max-snippet:-1, max-image-preview:large, max-video-preview:-1\" \/>\n<link rel=\"canonical\" href=\"https:\/\/mypalmleaf.com\/privacy-policy\/\" \/>\n<meta property=\"og:locale\" content=\"pt_PT\" \/>\n<meta property=\"og:type\" content=\"article\" \/>\n<meta property=\"og:title\" content=\"Pol\u00edtica de privacidade - My Palm Leaf\" \/>\n<meta property=\"og:description\" content=\"Leia nossa pol\u00edtica de privacidade para entender como protegemos seus dados pessoais durante sua participa\u00e7\u00e3o nas leituras espirituais.\" \/>\n<meta property=\"og:url\" content=\"https:\/\/mypalmleaf.com\/privacy-policy\/\" \/>\n<meta property=\"og:site_name\" content=\"My Palm Leaf\" \/>\n<meta property=\"article:modified_time\" content=\"2025-04-17T08:22:23+00:00\" \/>\n<meta property=\"og:image\" content=\"https:\/\/mypalmleaf.com\/wp-content\/uploads\/2025\/08\/mpl-circle-logo.jpg\" \/>\n\t<meta property=\"og:image:width\" content=\"1200\" \/>\n\t<meta property=\"og:image:height\" content=\"1196\" \/>\n\t<meta property=\"og:image:type\" content=\"image\/jpeg\" \/>\n<meta name=\"twitter:card\" content=\"summary_large_image\" \/>\n<meta name=\"twitter:label1\" content=\"Tempo estimado de leitura\" \/>\n\t<meta name=\"twitter:data1\" content=\"4 minutos\" \/>\n<script type=\"application\/ld+json\" class=\"yoast-schema-graph\">{\"@context\":\"https:\/\/schema.org\",\"@graph\":[{\"@type\":\"WebPage\",\"@id\":\"https:\/\/mypalmleaf.com\/privacy-policy\/\",\"url\":\"https:\/\/mypalmleaf.com\/privacy-policy\/\",\"name\":\"Pol\u00edtica de privacidade - My Palm Leaf\",\"isPartOf\":{\"@id\":\"https:\/\/mypalmleaf.com\/#website\"},\"datePublished\":\"2024-09-05T05:53:33+00:00\",\"dateModified\":\"2025-04-17T08:22:23+00:00\",\"description\":\"Leia nossa pol\u00edtica de privacidade para entender como protegemos seus dados pessoais durante sua participa\u00e7\u00e3o nas leituras espirituais.\",\"breadcrumb\":{\"@id\":\"https:\/\/mypalmleaf.com\/privacy-policy\/#breadcrumb\"},\"inLanguage\":\"pt-PT\",\"potentialAction\":[{\"@type\":\"ReadAction\",\"target\":[\"https:\/\/mypalmleaf.com\/privacy-policy\/\"]}]},{\"@type\":\"BreadcrumbList\",\"@id\":\"https:\/\/mypalmleaf.com\/privacy-policy\/#breadcrumb\",\"itemListElement\":[{\"@type\":\"ListItem\",\"position\":1,\"name\":\"Home\",\"item\":\"https:\/\/mypalmleaf.com\/pt-pt\/\"},{\"@type\":\"ListItem\",\"position\":2,\"name\":\"Pol\u00edtica de privacidade\"}]},{\"@type\":\"WebSite\",\"@id\":\"https:\/\/mypalmleaf.com\/#website\",\"url\":\"https:\/\/mypalmleaf.com\/\",\"name\":\"My Palm Leaf\",\"description\":\"\",\"potentialAction\":[{\"@type\":\"SearchAction\",\"target\":{\"@type\":\"EntryPoint\",\"urlTemplate\":\"https:\/\/mypalmleaf.com\/?s={search_term_string}\"},\"query-input\":{\"@type\":\"PropertyValueSpecification\",\"valueRequired\":true,\"valueName\":\"search_term_string\"}}],\"inLanguage\":\"pt-PT\"}]}<\/script>\n<!-- \/ Yoast SEO plugin. -->","yoast_head_json":{"title":"Pol\u00edtica de privacidade - My Palm Leaf","description":"Leia nossa pol\u00edtica de privacidade para entender como protegemos seus dados pessoais durante sua participa\u00e7\u00e3o nas leituras espirituais.","robots":{"index":"index","follow":"follow","max-snippet":"max-snippet:-1","max-image-preview":"max-image-preview:large","max-video-preview":"max-video-preview:-1"},"canonical":"https:\/\/mypalmleaf.com\/privacy-policy\/","og_locale":"pt_PT","og_type":"article","og_title":"Pol\u00edtica de privacidade - My Palm Leaf","og_description":"Leia nossa pol\u00edtica de privacidade para entender como protegemos seus dados pessoais durante sua participa\u00e7\u00e3o nas leituras espirituais.","og_url":"https:\/\/mypalmleaf.com\/privacy-policy\/","og_site_name":"My Palm Leaf","article_modified_time":"2025-04-17T08:22:23+00:00","og_image":[{"width":1200,"height":1196,"url":"https:\/\/mypalmleaf.com\/wp-content\/uploads\/2025\/08\/mpl-circle-logo.jpg","type":"image\/jpeg"}],"twitter_card":"summary_large_image","twitter_misc":{"Tempo estimado de leitura":"4 minutos"},"schema":{"@context":"https:\/\/schema.org","@graph":[{"@type":"WebPage","@id":"https:\/\/mypalmleaf.com\/privacy-policy\/","url":"https:\/\/mypalmleaf.com\/privacy-policy\/","name":"Pol\u00edtica de privacidade - My Palm Leaf","isPartOf":{"@id":"https:\/\/mypalmleaf.com\/#website"},"datePublished":"2024-09-05T05:53:33+00:00","dateModified":"2025-04-17T08:22:23+00:00","description":"Leia nossa pol\u00edtica de privacidade para entender como protegemos seus dados pessoais durante sua participa\u00e7\u00e3o nas leituras espirituais.","breadcrumb":{"@id":"https:\/\/mypalmleaf.com\/privacy-policy\/#breadcrumb"},"inLanguage":"pt-PT","potentialAction":[{"@type":"ReadAction","target":["https:\/\/mypalmleaf.com\/privacy-policy\/"]}]},{"@type":"BreadcrumbList","@id":"https:\/\/mypalmleaf.com\/privacy-policy\/#breadcrumb","itemListElement":[{"@type":"ListItem","position":1,"name":"Home","item":"https:\/\/mypalmleaf.com\/pt-pt\/"},{"@type":"ListItem","position":2,"name":"Pol\u00edtica de privacidade"}]},{"@type":"WebSite","@id":"https:\/\/mypalmleaf.com\/#website","url":"https:\/\/mypalmleaf.com\/","name":"My Palm Leaf","description":"","potentialAction":[{"@type":"SearchAction","target":{"@type":"EntryPoint","urlTemplate":"https:\/\/mypalmleaf.com\/?s={search_term_string}"},"query-input":{"@type":"PropertyValueSpecification","valueRequired":true,"valueName":"search_term_string"}}],"inLanguage":"pt-PT"}]}},"_links":{"self":[{"href":"https:\/\/mypalmleaf.com\/pt-pt\/wp-json\/wp\/v2\/pages\/32954","targetHints":{"allow":["GET"]}}],"collection":[{"href":"https:\/\/mypalmleaf.com\/pt-pt\/wp-json\/wp\/v2\/pages"}],"about":[{"href":"https:\/\/mypalmleaf.com\/pt-pt\/wp-json\/wp\/v2\/types\/page"}],"author":[{"embeddable":true,"href":"https:\/\/mypalmleaf.com\/pt-pt\/wp-json\/wp\/v2\/users\/1"}],"replies":[{"embeddable":true,"href":"https:\/\/mypalmleaf.com\/pt-pt\/wp-json\/wp\/v2\/comments?post=32954"}],"version-history":[{"count":0,"href":"https:\/\/mypalmleaf.com\/pt-pt\/wp-json\/wp\/v2\/pages\/32954\/revisions"}],"wp:attachment":[{"href":"https:\/\/mypalmleaf.com\/pt-pt\/wp-json\/wp\/v2\/media?parent=32954"}],"curies":[{"name":"wp","href":"https:\/\/api.w.org\/{rel}","templated":true}]}}