
{"id":32958,"date":"2024-09-05T05:42:23","date_gmt":"2024-09-05T05:42:23","guid":{"rendered":"https:\/\/mypalmleaf.com\/termos-e-condicoes\/"},"modified":"2025-04-29T04:54:21","modified_gmt":"2025-04-29T04:54:21","slug":"termos-e-condicoes","status":"publish","type":"page","link":"https:\/\/mypalmleaf.com\/pt-pt\/termos-e-condicoes\/","title":{"rendered":"Termos e condi\u00e7\u00f5es"},"content":{"rendered":"\n<h2 class=\"wp-block-heading has-text-align-left\">\u00daltima atualiza\u00e7\u00e3o: 22 de novembro de 2024<\/h2>\n\n<p><strong>ACORDO COM OS TERMOS<\/strong><\/p>\n\n<p><strong>Acordo com os Termos<\/strong> Estes Termos e Condi\u00e7\u00f5es (&#8220;Termos&#8221;) constituem um acordo juridicamente vinculativo feito entre ti, pessoalmente ou em nome de uma entidade (&#8220;tu&#8221;) e a Conscious Innovation Lab O\u00dc, operando como MyPalmLeaf (&#8220;MyPalmLeaf&#8221;, &#8220;n\u00f3s&#8221;, &#8220;nos&#8221; ou &#8220;nosso&#8221;), relativamente ao teu acesso e utiliza\u00e7\u00e3o do site www.mypalmleaf.com e quaisquer outras formas de comunica\u00e7\u00e3o, canais, sites m\u00f3veis ou aplica\u00e7\u00f5es relacionadas (coletivamente, o &#8220;Site&#8221;). Ao aceder ou utilizar o Site, concordas que leste, compreendeste e aceitaste estes Termos. Se n\u00e3o concordares com estes Termos, interrompe imediatamente a utiliza\u00e7\u00e3o do Site.  <\/p>\n\n<p>A MyPalmLeaf est\u00e1 registada na Est\u00f3nia, com sede social em Sakala tn 7-2, Tallinn, Harju 10141.<span id=\"docs-internal-guid-39601ff5-7fff-94b4-2e21-c11b3f240ebd\"><div><span style=\"font-size: 12pt; font-family: Arial, sans-serif; color: rgb(13, 13, 13); background-color: transparent; font-variant-numeric: normal; font-variant-east-asian: normal; font-variant-alternates: normal; font-variant-position: normal; vertical-align: baseline;\"><\/span><\/div><\/span><strong>Termos suplementares<\/strong> Os termos e condi\u00e7\u00f5es suplementares ou documentos podem ser publicados no S\u00edtio e s\u00e3o incorporados nestes Termos por refer\u00eancia. Reservamo-nos o direito de atualizar ou modificar estes Termos em qualquer altura. As altera\u00e7\u00f5es ser\u00e3o indicadas pela data da &#8220;\u00daltima atualiza\u00e7\u00e3o&#8221; no topo deste documento. A utiliza\u00e7\u00e3o continuada do Site ap\u00f3s quaisquer actualiza\u00e7\u00f5es constitui a aceita\u00e7\u00e3o dos Termos modificados. Recomendamos que revejas estes Termos periodicamente.<br\/>A informa\u00e7\u00e3o fornecida no Site n\u00e3o se destina a ser distribu\u00edda ou utilizada por qualquer pessoa ou entidade em qualquer jurisdi\u00e7\u00e3o ou pa\u00eds onde essa distribui\u00e7\u00e3o ou utiliza\u00e7\u00e3o seja contr\u00e1ria \u00e0 lei ou regulamento ou que nos sujeite a qualquer requisito de registo nessa jurisdi\u00e7\u00e3o ou pa\u00eds. Assim, as pessoas que optam por aceder ao Site a partir de outros locais fazem-no por sua pr\u00f3pria iniciativa e s\u00e3o exclusivamente respons\u00e1veis pelo cumprimento das leis locais, se e na medida em que as leis locais forem aplic\u00e1veis.     <\/p>\n\n<p><strong>Conformidade legal<\/strong> O S\u00edtio destina-se a utilizadores com pelo menos 18 anos de idade. Os utilizadores que acedam ao S\u00edtio a partir de fora da Est\u00f3nia devem garantir o cumprimento das leis locais aplic\u00e1veis. A MyPalmLeaf n\u00e3o pode ser responsabilizada pela utiliza\u00e7\u00e3o do S\u00edtio em jurisdi\u00e7\u00f5es onde o seu conte\u00fado ou funcionalidade possa violar os regulamentos locais. Nota: Nada nestes Termos se sobrep\u00f5e \u00e0s leis de prote\u00e7\u00e3o do consumidor do teu pa\u00eds de resid\u00eancia na Uni\u00e3o Europeia.   <\/p>\n\n<p><strong>Direitos de propriedade intelectual<\/strong> O Site e todo o seu conte\u00fado, incluindo, mas n\u00e3o se limitando a texto, gr\u00e1ficos, log\u00f3tipos, imagens, v\u00eddeos e software (coletivamente, o &#8220;Conte\u00fado&#8221;), s\u00e3o propriedade ou licenciados pela MyPalmLeaf e est\u00e3o protegidos pelas leis internacionais de direitos de autor e marcas comerciais. \u00c9-te concedida uma licen\u00e7a limitada, n\u00e3o exclusiva, intransfer\u00edvel e revog\u00e1vel para utilizar o S\u00edtio para fins pessoais e n\u00e3o comerciais. A reprodu\u00e7\u00e3o, distribui\u00e7\u00e3o, modifica\u00e7\u00e3o ou explora\u00e7\u00e3o n\u00e3o autorizada do Conte\u00fado \u00e9 estritamente proibida.  <br\/><\/p>\n\n<p>O conte\u00fado de terceiros est\u00e1 sujeito aos respectivos termos de licen\u00e7a, que continuam a ser da responsabilidade do terceiro.<\/p>\n\n<p><strong>Declara\u00e7\u00f5es do utilizador<\/strong> Ao utilizar o Site, declara que:<\/p>\n\n<ul class=\"wp-block-list\">\n<li>Todas as informa\u00e7\u00f5es de registo que forneces s\u00e3o exactas e actualizadas.<\/li>\n\n\n\n<li>Manter\u00e1s a seguran\u00e7a das credenciais da tua conta.<\/li>\n\n\n\n<li>N\u00e3o utilizar\u00e1s o S\u00edtio para fins ilegais ou em viola\u00e7\u00e3o da legisla\u00e7\u00e3o aplic\u00e1vel.<\/li>\n\n\n\n<li>Tens capacidade jur\u00eddica para concordar com estes Termos.<\/li>\n<\/ul>\n\n<p>O n\u00e3o cumprimento destas declara\u00e7\u00f5es pode resultar no cancelamento da tua conta.<\/p>\n\n<p><strong>Privacidade de dados<\/strong> Respeitamos a tua privacidade e processamos os teus dados pessoais de acordo com a nossa Pol\u00edtica de Privacidade, que est\u00e1 incorporada nestes Termos. Ao utilizares o S\u00edtio, consentes a recolha, utiliza\u00e7\u00e3o e processamento dos teus dados conforme descrito na Pol\u00edtica de Privacidade. Se estiveres localizado na Uni\u00e3o Europeia, os teus dados ser\u00e3o tratados em conformidade com o Regulamento Geral de Prote\u00e7\u00e3o de Dados (RGPD).  <\/p>\n\n<p>Os principais princ\u00edpios do RGPD que seguimos incluem:<\/p>\n\n<ul class=\"wp-block-list\">\n<li>Transpar\u00eancia: Explica\u00e7\u00f5es claras e compreens\u00edveis sobre a forma como os teus dados s\u00e3o recolhidos, processados e armazenados.<\/li>\n\n\n\n<li>Direito de acesso: Podes solicitar o acesso aos dados que armazenamos sobre ti.<\/li>\n\n\n\n<li>Direito de retifica\u00e7\u00e3o e apagamento: Podes solicitar correc\u00e7\u00f5es ou apagamentos dos teus dados pessoais.<\/li>\n\n\n\n<li>Portabilidade dos dados: Podes solicitar uma c\u00f3pia dos teus dados num formato port\u00e1til.<\/li>\n\n\n\n<li>Direito de retirar o consentimento: Podes retirar o teu consentimento para o processamento de dados em qualquer altura.<\/li>\n\n\n\n<li>Conserva\u00e7\u00e3o: Os dados s\u00e3o conservados apenas durante o tempo necess\u00e1rio para cumprir as finalidades para as quais foram recolhidos, exceto se exigido por lei.<\/li>\n<\/ul>\n\n<p>Para quest\u00f5es sobre a prote\u00e7\u00e3o de dados, contacta-nos atrav\u00e9s de info@mypalmleaf.com. Os fornecedores terceiros que processam os teus dados cumprem os regulamentos aplic\u00e1veis, especialmente quando localizados fora da UE. <br\/><\/p>\n\n<p><strong>Produtos e servi\u00e7os<\/strong> Esfor\u00e7amo-nos por fornecer descri\u00e7\u00f5es exactas dos nossos produtos e servi\u00e7os. No entanto, n\u00e3o garantimos que as descri\u00e7\u00f5es, os pre\u00e7os ou outros conte\u00fados estejam isentos de erros. Os produtos e servi\u00e7os est\u00e3o sujeitos a disponibilidade e os pre\u00e7os est\u00e3o sujeitos a altera\u00e7\u00f5es sem aviso pr\u00e9vio. Todos os pagamentos s\u00e3o processados de forma segura e os detalhes sobre os m\u00e9todos de pagamento aceites podem ser encontrados no S\u00edtio.   <br\/><\/p>\n\n<p><strong>Reembolsos e devolu\u00e7\u00f5es<\/strong> Todas as vendas s\u00e3o finais. N\u00e3o s\u00e3o efectuados reembolsos, exceto nos casos em que tal seja exigido pelas leis de prote\u00e7\u00e3o do consumidor aplic\u00e1veis. <br\/><\/p>\n\n<p><strong>Exce\u00e7\u00e3o:<\/strong> Se a tua folha de palmeira n\u00e3o for encontrada no prazo de 3 marca\u00e7\u00f5es, tens direito a um reembolso total.<br\/><\/p>\n\n<p>Os servi\u00e7os fornecidos pela MyPalmLeaf s\u00e3o altamente personalizados e adaptados a cada indiv\u00edduo com base na sua impress\u00e3o digital \u00fanica. Ao submeter a tua impress\u00e3o digital, reconheces e concordas que o servi\u00e7o fornecido \u00e9 personalizado especificamente para ti. <br\/><\/p>\n\n<p>De acordo com as leis de prote\u00e7\u00e3o do consumidor da UE, os servi\u00e7os personalizados est\u00e3o isentos do direito normal de rescis\u00e3o. Por conseguinte, ap\u00f3s o envio da impress\u00e3o digital e o in\u00edcio do processo de personaliza\u00e7\u00e3o, j\u00e1 n\u00e3o \u00e9 poss\u00edvel efetuar reembolsos ou cancelamentos. <br\/><\/p>\n\n<p><strong>Actividades proibidas<\/strong> Concordas em n\u00e3o o fazer:<\/p>\n\n<p>Utilizar o Site para fins comerciais n\u00e3o autorizados.<\/p>\n\n<p>Distribui software malicioso, como v\u00edrus ou malware.<\/p>\n\n<p>Interferir com os recursos de seguran\u00e7a do Site.<\/p>\n\n<p>Recolher ou extrair dados do utilizador do S\u00edtio sem autoriza\u00e7\u00e3o.<\/p>\n\n<ul class=\"wp-block-list\">\n<li>Utilizar o Site para fins comerciais n\u00e3o autorizados.<\/li>\n\n\n\n<li>Distribui software malicioso, como v\u00edrus ou malware.<\/li>\n\n\n\n<li>Interferir com os recursos de seguran\u00e7a do Site.<\/li>\n\n\n\n<li>Recolher ou extrair dados do utilizador do S\u00edtio sem autoriza\u00e7\u00e3o.<\/li>\n\n\n\n<li>Participar em actividades que prejudiquem a funcionalidade ou a reputa\u00e7\u00e3o do S\u00edtio.<\/li>\n<\/ul>\n\n<p>As viola\u00e7\u00f5es podem resultar na suspens\u00e3o imediata da conta ou em ac\u00e7\u00f5es legais. Reservamo-nos o direito de monitorizar as actividades no Site para detetar e impedir actividades proibidas. <\/p>\n\n<p><strong>Contribui\u00e7\u00f5es geradas pelo utilizador<\/strong> Se o S\u00edtio permitir conte\u00fados gerados pelo utilizador (&#8220;Contribui\u00e7\u00f5es&#8221;), concordas que:<\/p>\n\n<ul class=\"wp-block-list\">\n<li>Os teus contributos n\u00e3o violam os direitos de terceiros, incluindo os direitos de propriedade intelectual.<\/li>\n\n\n\n<li>As tuas contribui\u00e7\u00f5es n\u00e3o s\u00e3o difamat\u00f3rias, obscenas ou ilegais.<\/li>\n\n\n\n<li>Concedes \u00e0 MyPalmLeaf uma licen\u00e7a n\u00e3o exclusiva, livre de royalties e mundial para utilizar, reproduzir e distribuir as tuas Contribui\u00e7\u00f5es.<\/li>\n<\/ul>\n\n<p>Reservamo-nos o direito de moderar ou remover Contribui\u00e7\u00f5es que violem estes Termos.<\/p>\n\n<p><strong>Resolu\u00e7\u00e3o de lit\u00edgios<\/strong><\/p>\n\n<ul class=\"wp-block-list\">\n<li><strong>Resolu\u00e7\u00e3o informal:<\/strong> Encorajamos a resolu\u00e7\u00e3o de lit\u00edgios de forma informal. Contacta-nos atrav\u00e9s do endere\u00e7o info@mypalmleaf.com para discutir quaisquer quest\u00f5es. <\/li>\n\n\n\n<li><strong>Arbitragem:<\/strong> Se a resolu\u00e7\u00e3o informal falhar, os lit\u00edgios ser\u00e3o resolvidos atrav\u00e9s de arbitragem vinculativa conduzida ao abrigo das regras do Tribunal Europeu de Arbitragem. A sede da arbitragem ser\u00e1 em Berlim, Alemanha, e os procedimentos ser\u00e3o conduzidos em ingl\u00eas. Cada parte suportar\u00e1 os seus pr\u00f3prios custos, exceto se determinado de outra forma pelo \u00e1rbitro.  <\/li>\n<\/ul>\n\n<p><strong>Excep\u00e7\u00f5es:<\/strong><\/p>\n\n<ul class=\"wp-block-list\">\n<li>Reclama\u00e7\u00f5es de propriedade intelectual.<\/li>\n\n\n\n<li>Reclama\u00e7\u00f5es relacionadas com alegadas actividades criminosas ou viola\u00e7\u00f5es da privacidade.<\/li>\n\n\n\n<li>Reclama\u00e7\u00f5es em que as leis locais obrigat\u00f3rias exigem a resolu\u00e7\u00e3o em tribunais locais.<\/li>\n<\/ul>\n\n<p><strong>Limita\u00e7\u00e3o de responsabilidade<\/strong> Na medida do permitido por lei, a MyPalmLeaf e as suas afiliadas n\u00e3o s\u00e3o respons\u00e1veis por danos indirectos, incidentais ou consequentes resultantes da utiliza\u00e7\u00e3o do Site. A nossa responsabilidade total est\u00e1 limitada ao montante que pagaste pelos produtos ou servi\u00e7os. <\/p>\n\n<p>Esta limita\u00e7\u00e3o n\u00e3o se aplica \u00e0 responsabilidade por fraude, danos pessoais ou neglig\u00eancia grave quando tais exclus\u00f5es s\u00e3o proibidas por lei.<\/p>\n\n<p><strong>Modifica\u00e7\u00f5es e interrup\u00e7\u00f5es<\/strong> Reservamo-nos o direito de modificar, suspender ou descontinuar o Site ou os seus servi\u00e7os em qualquer altura sem aviso pr\u00e9vio. N\u00e3o nos responsabilizamos por quaisquer interrup\u00e7\u00f5es ou erros, incluindo os causados por factores externos fora do nosso controlo. Os utilizadores s\u00e3o respons\u00e1veis por fazer c\u00f3pias de seguran\u00e7a dos seus pr\u00f3prios dados, quando aplic\u00e1vel.  <br\/><\/p>\n\n<p><strong>Termos espec\u00edficos para leituras e rem\u00e9dios<\/strong><\/p>\n\n<ul class=\"wp-block-list\">\n<li>MyPalmLeaf actua apenas como um facilitador, ligando clientes a leitores de folhas de palmeira experientes na \u00cdndia. N\u00e3o somos respons\u00e1veis pelo conte\u00fado, interpreta\u00e7\u00e3o ou resultados das leituras. <\/li>\n\n\n\n<li>As previs\u00f5es fornecidas nas leituras n\u00e3o s\u00e3o garantias e devem ser consideradas como orienta\u00e7\u00e3o e n\u00e3o como certezas.<\/li>\n\n\n\n<li>Os clientes t\u00eam total responsabilidade pelas suas pr\u00f3prias vidas, decis\u00f5es e ac\u00e7\u00f5es, independentemente da informa\u00e7\u00e3o recebida durante uma leitura.<\/li>\n\n\n\n<li>Ao utilizar os nossos servi\u00e7os, os clientes confirmam que aceitam totalmente a responsabilidade pelas suas vidas e renunciam a todos os direitos de responsabilizar a MyPalmLeaf pelas suas decis\u00f5es, pelo conte\u00fado das leituras ou por quaisquer efeitos que as leituras possam ter sobre eles.<\/li>\n\n\n\n<li>Os rem\u00e9dios sugeridos durante as leituras s\u00e3o recomenda\u00e7\u00f5es oferecidas de boa f\u00e9. Embora enraizados na tradi\u00e7\u00e3o, estes rem\u00e9dios n\u00e3o constituem promessas de cura f\u00edsica, emocional ou espiritual. <\/li>\n<\/ul>\n\n<p><strong>Legisla\u00e7\u00e3o aplic\u00e1vel<\/strong> Os presentes Termos s\u00e3o regidos pela legisla\u00e7\u00e3o da Est\u00f3nia. Se fores residente da Uni\u00e3o Europeia, tamb\u00e9m podes beneficiar das leis de prote\u00e7\u00e3o do consumidor do teu pa\u00eds de resid\u00eancia. Nada nestes Termos limita os direitos obrigat\u00f3rios concedidos ao abrigo dos regulamentos de prote\u00e7\u00e3o do consumidor da UE.  <br\/><\/p>\n\n<p><strong>Contacta-nos<\/strong> Se tiveres alguma d\u00favida ou reclama\u00e7\u00e3o, podes contactar-nos atrav\u00e9s de<br\/><\/p>\n\n<p>Conscious Innovation Lab O\u00dc<br\/>Sakala tn 7-2, Tallinn, Harju 10141, Estonia<br\/>Email: info@mypalmleaf.com<br\/>Phone: +49 1575 3142393<\/p>\n\n<p><\/p>\n","protected":false},"excerpt":{"rendered":"<p>\u00daltima atualiza\u00e7\u00e3o: 22 de novembro de 2024 ACORDO COM OS TERMOS Acordo com os Termos Estes Termos e Condi\u00e7\u00f5es (&#8220;Termos&#8221;) constituem um acordo juridicamente vinculativo feito entre ti, pessoalmente ou em nome de uma entidade (&#8220;tu&#8221;) e a Conscious Innovation Lab O\u00dc, operando como MyPalmLeaf (&#8220;MyPalmLeaf&#8221;, &#8220;n\u00f3s&#8221;, &#8220;nos&#8221; ou &#8220;nosso&#8221;), relativamente ao teu acesso e [&hellip;]<\/p>\n","protected":false},"author":1,"featured_media":0,"parent":0,"menu_order":0,"comment_status":"closed","ping_status":"closed","template":"static-template-page.php","meta":{"_acf_changed":false,"footnotes":""},"class_list":["post-32958","page","type-page","status-publish","hentry"],"acf":[],"yoast_head":"<!-- This site is optimized with the Yoast SEO plugin v26.4 - https:\/\/yoast.com\/wordpress\/plugins\/seo\/ -->\n<title>Termos e condi\u00e7\u00f5es - My Palm Leaf<\/title>\n<meta name=\"description\" content=\"Leia os termos e condi\u00e7\u00f5es da My Palm Leaf para entender suas diretrizes, pol\u00edticas de uso, direitos e responsabilidades durante sua experi\u00eancia online.\" \/>\n<meta name=\"robots\" content=\"index, follow, max-snippet:-1, max-image-preview:large, max-video-preview:-1\" \/>\n<link rel=\"canonical\" href=\"https:\/\/mypalmleaf.com\/terms-and-conditions\/\" \/>\n<meta property=\"og:locale\" content=\"pt_PT\" \/>\n<meta property=\"og:type\" content=\"article\" \/>\n<meta property=\"og:title\" content=\"Termos e condi\u00e7\u00f5es - My Palm Leaf\" \/>\n<meta property=\"og:description\" content=\"Leia os termos e condi\u00e7\u00f5es da My Palm Leaf para entender suas diretrizes, pol\u00edticas de uso, direitos e responsabilidades durante sua experi\u00eancia online.\" \/>\n<meta property=\"og:url\" content=\"https:\/\/mypalmleaf.com\/terms-and-conditions\/\" \/>\n<meta property=\"og:site_name\" content=\"My Palm Leaf\" \/>\n<meta property=\"article:modified_time\" content=\"2025-04-29T04:54:21+00:00\" \/>\n<meta property=\"og:image\" content=\"https:\/\/mypalmleaf.com\/wp-content\/uploads\/2025\/08\/mpl-circle-logo.jpg\" \/>\n\t<meta property=\"og:image:width\" content=\"1200\" \/>\n\t<meta property=\"og:image:height\" content=\"1196\" \/>\n\t<meta property=\"og:image:type\" content=\"image\/jpeg\" \/>\n<meta name=\"twitter:card\" content=\"summary_large_image\" \/>\n<meta name=\"twitter:label1\" content=\"Tempo estimado de leitura\" \/>\n\t<meta name=\"twitter:data1\" content=\"7 minutos\" \/>\n<script type=\"application\/ld+json\" class=\"yoast-schema-graph\">{\"@context\":\"https:\/\/schema.org\",\"@graph\":[{\"@type\":\"WebPage\",\"@id\":\"https:\/\/mypalmleaf.com\/terms-and-conditions\/\",\"url\":\"https:\/\/mypalmleaf.com\/terms-and-conditions\/\",\"name\":\"Termos e condi\u00e7\u00f5es - My Palm Leaf\",\"isPartOf\":{\"@id\":\"https:\/\/mypalmleaf.com\/#website\"},\"datePublished\":\"2024-09-05T05:42:23+00:00\",\"dateModified\":\"2025-04-29T04:54:21+00:00\",\"description\":\"Leia os termos e condi\u00e7\u00f5es da My Palm Leaf para entender suas diretrizes, pol\u00edticas de uso, direitos e responsabilidades durante sua experi\u00eancia online.\",\"breadcrumb\":{\"@id\":\"https:\/\/mypalmleaf.com\/terms-and-conditions\/#breadcrumb\"},\"inLanguage\":\"pt-PT\",\"potentialAction\":[{\"@type\":\"ReadAction\",\"target\":[\"https:\/\/mypalmleaf.com\/terms-and-conditions\/\"]}]},{\"@type\":\"BreadcrumbList\",\"@id\":\"https:\/\/mypalmleaf.com\/terms-and-conditions\/#breadcrumb\",\"itemListElement\":[{\"@type\":\"ListItem\",\"position\":1,\"name\":\"Home\",\"item\":\"https:\/\/mypalmleaf.com\/pt-pt\/\"},{\"@type\":\"ListItem\",\"position\":2,\"name\":\"Termos e condi\u00e7\u00f5es\"}]},{\"@type\":\"WebSite\",\"@id\":\"https:\/\/mypalmleaf.com\/#website\",\"url\":\"https:\/\/mypalmleaf.com\/\",\"name\":\"My Palm Leaf\",\"description\":\"\",\"potentialAction\":[{\"@type\":\"SearchAction\",\"target\":{\"@type\":\"EntryPoint\",\"urlTemplate\":\"https:\/\/mypalmleaf.com\/?s={search_term_string}\"},\"query-input\":{\"@type\":\"PropertyValueSpecification\",\"valueRequired\":true,\"valueName\":\"search_term_string\"}}],\"inLanguage\":\"pt-PT\"}]}<\/script>\n<!-- \/ Yoast SEO plugin. -->","yoast_head_json":{"title":"Termos e condi\u00e7\u00f5es - My Palm Leaf","description":"Leia os termos e condi\u00e7\u00f5es da My Palm Leaf para entender suas diretrizes, pol\u00edticas de uso, direitos e responsabilidades durante sua experi\u00eancia online.","robots":{"index":"index","follow":"follow","max-snippet":"max-snippet:-1","max-image-preview":"max-image-preview:large","max-video-preview":"max-video-preview:-1"},"canonical":"https:\/\/mypalmleaf.com\/terms-and-conditions\/","og_locale":"pt_PT","og_type":"article","og_title":"Termos e condi\u00e7\u00f5es - My Palm Leaf","og_description":"Leia os termos e condi\u00e7\u00f5es da My Palm Leaf para entender suas diretrizes, pol\u00edticas de uso, direitos e responsabilidades durante sua experi\u00eancia online.","og_url":"https:\/\/mypalmleaf.com\/terms-and-conditions\/","og_site_name":"My Palm Leaf","article_modified_time":"2025-04-29T04:54:21+00:00","og_image":[{"width":1200,"height":1196,"url":"https:\/\/mypalmleaf.com\/wp-content\/uploads\/2025\/08\/mpl-circle-logo.jpg","type":"image\/jpeg"}],"twitter_card":"summary_large_image","twitter_misc":{"Tempo estimado de leitura":"7 minutos"},"schema":{"@context":"https:\/\/schema.org","@graph":[{"@type":"WebPage","@id":"https:\/\/mypalmleaf.com\/terms-and-conditions\/","url":"https:\/\/mypalmleaf.com\/terms-and-conditions\/","name":"Termos e condi\u00e7\u00f5es - My Palm Leaf","isPartOf":{"@id":"https:\/\/mypalmleaf.com\/#website"},"datePublished":"2024-09-05T05:42:23+00:00","dateModified":"2025-04-29T04:54:21+00:00","description":"Leia os termos e condi\u00e7\u00f5es da My Palm Leaf para entender suas diretrizes, pol\u00edticas de uso, direitos e responsabilidades durante sua experi\u00eancia online.","breadcrumb":{"@id":"https:\/\/mypalmleaf.com\/terms-and-conditions\/#breadcrumb"},"inLanguage":"pt-PT","potentialAction":[{"@type":"ReadAction","target":["https:\/\/mypalmleaf.com\/terms-and-conditions\/"]}]},{"@type":"BreadcrumbList","@id":"https:\/\/mypalmleaf.com\/terms-and-conditions\/#breadcrumb","itemListElement":[{"@type":"ListItem","position":1,"name":"Home","item":"https:\/\/mypalmleaf.com\/pt-pt\/"},{"@type":"ListItem","position":2,"name":"Termos e condi\u00e7\u00f5es"}]},{"@type":"WebSite","@id":"https:\/\/mypalmleaf.com\/#website","url":"https:\/\/mypalmleaf.com\/","name":"My Palm Leaf","description":"","potentialAction":[{"@type":"SearchAction","target":{"@type":"EntryPoint","urlTemplate":"https:\/\/mypalmleaf.com\/?s={search_term_string}"},"query-input":{"@type":"PropertyValueSpecification","valueRequired":true,"valueName":"search_term_string"}}],"inLanguage":"pt-PT"}]}},"_links":{"self":[{"href":"https:\/\/mypalmleaf.com\/pt-pt\/wp-json\/wp\/v2\/pages\/32958","targetHints":{"allow":["GET"]}}],"collection":[{"href":"https:\/\/mypalmleaf.com\/pt-pt\/wp-json\/wp\/v2\/pages"}],"about":[{"href":"https:\/\/mypalmleaf.com\/pt-pt\/wp-json\/wp\/v2\/types\/page"}],"author":[{"embeddable":true,"href":"https:\/\/mypalmleaf.com\/pt-pt\/wp-json\/wp\/v2\/users\/1"}],"replies":[{"embeddable":true,"href":"https:\/\/mypalmleaf.com\/pt-pt\/wp-json\/wp\/v2\/comments?post=32958"}],"version-history":[{"count":0,"href":"https:\/\/mypalmleaf.com\/pt-pt\/wp-json\/wp\/v2\/pages\/32958\/revisions"}],"wp:attachment":[{"href":"https:\/\/mypalmleaf.com\/pt-pt\/wp-json\/wp\/v2\/media?parent=32958"}],"curies":[{"name":"wp","href":"https:\/\/api.w.org\/{rel}","templated":true}]}}