
{"id":45205,"date":"2024-10-26T17:42:47","date_gmt":"2024-10-26T17:42:47","guid":{"rendered":"https:\/\/mypalmleaf.com\/gestor-de-afiliacao-e-parcerias\/"},"modified":"2025-04-29T05:56:00","modified_gmt":"2025-04-29T05:56:00","slug":"gestor-de-afiliacao-e-parcerias","status":"publish","type":"page","link":"https:\/\/mypalmleaf.com\/pt-pt\/gestor-de-afiliacao-e-parcerias\/","title":{"rendered":"Gestor de afilia\u00e7\u00e3o e parcerias"},"content":{"rendered":"\n<section class=\"spotlight-main small top-gap\">\n    <!-- <div class=\"slider-wrap\" data-flickity='{ \"cellAlign\": \"left\", \"contain\": true, \"wrapAround\": true, \"setGallerySize\": false }'> -->\n    <div class=\"slider-wrap\" data-flickity='{ \"cellAlign\": \"left\", \"contain\": true, \"wrapAround\": true, \"setGallerySize\": false  }'>\n            <div class=\"slides\">\n        <div class=\"content-wrap\">\n          <div class=\"image\">\n            <picture>\n              <source media=\"(max-width: 999px)\" srcset=\"https:\/\/mypalmleaf.com\/wp-content\/uploads\/2024\/09\/join-us-spotlight-new-mob.jpg\" \/>\n              <source media=\"(min-width: 1000px)\" srcset=\"https:\/\/mypalmleaf.com\/wp-content\/uploads\/2024\/09\/join-us-spotlight-new.jpg\" \/>\n              <img decoding=\"async\" src=\"https:\/\/mypalmleaf.com\/wp-content\/uploads\/2024\/09\/join-us-spotlight-new.jpg\" class=\"img-fluid\" alt=\"\" \/>\n            <\/picture>\n          <\/div>\n          <div class=\"content\">\n            <div data-aos=\"fade-up\" data-aos-duration=\"1000\">\n              <h2 class=\"\">Gestor de Afiliados e Parcerias<\/h2>\n                                 \n            <\/div>\n          <\/div>\n        <\/div>\n      <\/div>\n          <\/div>\n<\/section><section class=\"join-us-block my-6 position-relative\">\n  <div class=\"container-xl\">\n    <div class=\"row mb-4 justify-content-center\">\n      <div class=\"col-lg-10 text-center\" data-aos=\"fade-up\" data-aos-duration=\"1000\">\n        <p>MyPalmLeaf est\u00e1 \u00e0 procura de um Gestor de Parcerias e Afiliados (APM) apaixonado e altamente motivado para refor\u00e7ar as parcerias existentes e criar novas liga\u00e7\u00f5es, partilhando a antiga sabedoria da leitura das folhas de palmeira com o mundo.<\/p>\n      <\/div>\n    <\/div>\n    <div class=\"row my-5 justify-content-between\" data-aos=\"fade-up\" data-aos-duration=\"1000\">\n          <\/div>\n  <\/div>\n  <\/section><section class=\"tabs-wrapper my-6 mt-0\">\n  <div class=\"container-xl\">\n    <div class=\"row\">\n      <div class=\"tabs-container\" data-aos=\"fade-up\" data-aos-duration=\"1000\">\n        <ul class=\"tabs\">\n                                <li class=\"tab-button active\" data-target=\"tab1\">O que esperamos de ti<\/li>\n                                  <li class=\"tab-button active\" data-target=\"tab2\">Os objectivos da APM<\/li>\n                                  <li class=\"tab-button active\" data-target=\"tab3\">Como \u00e9 o teu papel?<\/li>\n                                  <li class=\"tab-button active\" data-target=\"tab4\">O que oferecemos<\/li>\n                              <\/ul>\n        <div class=\"tab-content\">\n                                <div id=\"tab1\" class=\"tab-pane active\">\n              <ul>\n<li><strong>Alinhamento com a nossa miss\u00e3o:<\/strong> Est\u00e1s profundamente ligado ao prop\u00f3sito da MyPalmLeaf de partilhar leituras que transformam vidas a n\u00edvel global.<\/li>\n<li><strong>Flu\u00eancia em ingl\u00eas e alem\u00e3o:<\/strong> comunica de forma clara e eficaz em ambas as l\u00ednguas.<\/li>\n<li><strong>Esp\u00edrito de equipa:<\/strong> Adoras fazer parte de uma equipa solid\u00e1ria e orientada para a miss\u00e3o, prosperando num ambiente em que a colabora\u00e7\u00e3o e o apoio m\u00fatuo s\u00e3o fundamentais.<\/li>\n<li><strong>Integridade:<\/strong> Lideras pelo exemplo, mantendo-te sempre fiel \u00e0 tua palavra.<\/li>\n<li><strong>\u00c9s aut\u00f3nomo:<\/strong> Tens a capacidade de trabalhar de forma independente, tomando a iniciativa de desenvolver e liderar projectos, ao mesmo tempo que \u00e9s um forte jogador de equipa com capacidades de lideran\u00e7a emergentes.\n<\/li>\n<li><strong>Compromisso inabal\u00e1vel:<\/strong> D\u00e1s 150% do teu esfor\u00e7o, demonstrando persist\u00eancia e dedica\u00e7\u00e3o em tudo o que fazes.<\/li>\n<li><strong>Aprende ao longo da vida:<\/strong> Est\u00e1s empenhado no crescimento pessoal e profissional cont\u00ednuo.<\/li>\n<\/ul>\n            <\/div>\n                                  <div id=\"tab2\" class=\"tab-pane active\">\n              <p>O teu principal objetivo ser\u00e1 criar <strong>parcerias vantajosas para ambas as partes<\/strong> com organiza\u00e7\u00f5es e indiv\u00edduos que se identifiquem com a miss\u00e3o da MyPalmLeaf. Os teus esfor\u00e7os ter\u00e3o como objetivo: <\/p>\n<ul>\n<li>Aumenta as reservas de leitura de folhas de palmeira.<\/li>\n<li>Aumenta a notoriedade da marca MyPalmLeaf a n\u00edvel mundial.<\/li>\n<\/ul>\n            <\/div>\n                                  <div id=\"tab3\" class=\"tab-pane active\">\n              <p>Como APM, ter\u00e1s de<\/p>\n<ul>\n<li>Procura ativamente potenciais parceiros, tanto indiv\u00edduos como organiza\u00e7\u00f5es, para cultivar parcerias mutuamente ben\u00e9ficas.<\/li>\n<li>Desenvolve e gere o programa de afiliados da MyPalmLeaf.<\/li>\n<li>Colabora com ag\u00eancias de influenciadores para expandir a nossa presen\u00e7a em alem\u00e3o, ingl\u00eas, japon\u00eas, chin\u00eas e mercados emergentes.<\/li>\n<\/ul>\n            <\/div>\n                                  <div id=\"tab4\" class=\"tab-pane active\">\n              <p>Ap\u00f3s a rece\u00e7\u00e3o da tua candidatura, enviar-te-emos uma explica\u00e7\u00e3o detalhada sobre o pagamento.<\/p>\n<ul>\n<li><strong>Uma miss\u00e3o com um objetivo:<\/strong> Faz parte de uma miss\u00e3o espiritualmente orientada e significativa, dedicada a beneficiar o mundo.<\/li>\n<li>Ambiente de equipa de apoio: Junta-te a uma equipa apaixonada que incentiva o teu crescimento pessoal e profissional.<\/li>\n<li>Flexibilidade: Desfruta de uma fun\u00e7\u00e3o flex\u00edvel, independente da localiza\u00e7\u00e3o, com oportunidades de co-cria\u00e7\u00e3o numa organiza\u00e7\u00e3o espiritual em r\u00e1pido crescimento.<\/li>\n<li>Compensa\u00e7\u00e3o competitiva: Recebe um pacote competitivo que inclui o sal\u00e1rio base e b\u00f3nus baseados no desempenho.<\/li>\n<\/ul>\n            <\/div>\n                              <\/div>\n      <\/div>\n    <\/div>\n  <\/div>\n<\/section><section class=\"how-to-apply my-6 mt-0\">\n  <div class=\"container-xl\">\n    <div class=\"row\">\n      <div class=\"col-lg-10 mx-auto\" >\n        <div class=\"dual-col \">\n          <div class=\"title\">\n            <img decoding=\"async\" src=\"https:\/\/mypalmleaf.com\/wp-content\/uploads\/2024\/08\/title-bg.png\" alt=\"\" class=\"img-fluid\">\n            <div class=\"text\">Como se candidatar<\/div>\n          <\/div>\n          <div class=\"desc\">\n            <p>Para te candidatares, basta gravares um v\u00eddeo de 1 a 4 minutos para te apresentares. No teu v\u00eddeo, diz-nos: <\/p>\n<ul>\n<li>1) Um pouco sobre ti.<\/li>\n<li>2) Porque queres fazer parte da MyPalmLeaf.<\/li>\n<li>3) Porque \u00e9 que achas que \u00e9s o candidato ideal para esta fun\u00e7\u00e3o.<\/li>\n<\/ul>\n<p>Envia o teu v\u00eddeo para <a href=\"mailto:info@mypalmleaf.com\">info@mypalmleaf.com.<\/a> Esta \u00e9 a \u00fanica forma de te candidatares. Tem em aten\u00e7\u00e3o que n\u00e3o responderemos a pedidos de &#8220;mais informa\u00e7\u00f5es&#8221; ou de envio de CV, uma vez que procuramos pessoas proactivas que estejam prontas para agir. Mostra-nos a tua energia e o teu entusiasmo atrav\u00e9s do teu v\u00eddeo! <\/p>\n<div class=\"btm-contact\">Estamos ansiosos por te ouvir!<\/div>\n          <\/div>\n        <\/div>\n      <\/div>\n    <\/div>\n  <\/div>\n<\/section>","protected":false},"excerpt":{"rendered":"","protected":false},"author":1,"featured_media":0,"parent":0,"menu_order":0,"comment_status":"closed","ping_status":"closed","template":"","meta":{"_acf_changed":false,"footnotes":""},"class_list":["post-45205","page","type-page","status-publish","hentry"],"acf":[],"yoast_head":"<!-- This site is optimized with the Yoast SEO plugin v26.4 - https:\/\/yoast.com\/wordpress\/plugins\/seo\/ -->\n<title>Gestor de afilia\u00e7\u00e3o e parcerias - My Palm Leaf<\/title>\n<meta name=\"description\" content=\"Torne-se um parceiro da My Palm Leaf e ajude a divulgar sabedoria antiga milenar enquanto recebe comiss\u00f5es como afiliado espiritual dedicado.\" \/>\n<meta name=\"robots\" content=\"index, follow, max-snippet:-1, max-image-preview:large, max-video-preview:-1\" \/>\n<link rel=\"canonical\" href=\"https:\/\/mypalmleaf.com\/affiliate_and_parterships_manager\/\" \/>\n<meta property=\"og:locale\" content=\"pt_PT\" \/>\n<meta property=\"og:type\" content=\"article\" \/>\n<meta property=\"og:title\" content=\"Gestor de afilia\u00e7\u00e3o e parcerias - My Palm Leaf\" \/>\n<meta property=\"og:description\" content=\"Torne-se um parceiro da My Palm Leaf e ajude a divulgar sabedoria antiga milenar enquanto recebe comiss\u00f5es como afiliado espiritual dedicado.\" \/>\n<meta property=\"og:url\" content=\"https:\/\/mypalmleaf.com\/affiliate_and_parterships_manager\/\" \/>\n<meta property=\"og:site_name\" content=\"My Palm Leaf\" \/>\n<meta property=\"article:modified_time\" content=\"2025-04-29T05:56:00+00:00\" \/>\n<meta property=\"og:image\" content=\"https:\/\/mypalmleaf.com\/wp-content\/uploads\/2025\/08\/mpl-circle-logo.jpg\" \/>\n\t<meta property=\"og:image:width\" content=\"1200\" \/>\n\t<meta property=\"og:image:height\" content=\"1196\" \/>\n\t<meta property=\"og:image:type\" content=\"image\/jpeg\" \/>\n<meta name=\"twitter:card\" content=\"summary_large_image\" \/>\n<script type=\"application\/ld+json\" class=\"yoast-schema-graph\">{\"@context\":\"https:\/\/schema.org\",\"@graph\":[{\"@type\":\"WebPage\",\"@id\":\"https:\/\/mypalmleaf.com\/affiliate_and_parterships_manager\/\",\"url\":\"https:\/\/mypalmleaf.com\/affiliate_and_parterships_manager\/\",\"name\":\"Gestor de afilia\u00e7\u00e3o e parcerias - My Palm Leaf\",\"isPartOf\":{\"@id\":\"https:\/\/mypalmleaf.com\/#website\"},\"datePublished\":\"2024-10-26T17:42:47+00:00\",\"dateModified\":\"2025-04-29T05:56:00+00:00\",\"description\":\"Torne-se um parceiro da My Palm Leaf e ajude a divulgar sabedoria antiga milenar enquanto recebe comiss\u00f5es como afiliado espiritual dedicado.\",\"breadcrumb\":{\"@id\":\"https:\/\/mypalmleaf.com\/affiliate_and_parterships_manager\/#breadcrumb\"},\"inLanguage\":\"pt-PT\",\"potentialAction\":[{\"@type\":\"ReadAction\",\"target\":[\"https:\/\/mypalmleaf.com\/affiliate_and_parterships_manager\/\"]}]},{\"@type\":\"BreadcrumbList\",\"@id\":\"https:\/\/mypalmleaf.com\/affiliate_and_parterships_manager\/#breadcrumb\",\"itemListElement\":[{\"@type\":\"ListItem\",\"position\":1,\"name\":\"Home\",\"item\":\"https:\/\/mypalmleaf.com\/pt-pt\/\"},{\"@type\":\"ListItem\",\"position\":2,\"name\":\"Gestor de afilia\u00e7\u00e3o e parcerias\"}]},{\"@type\":\"WebSite\",\"@id\":\"https:\/\/mypalmleaf.com\/#website\",\"url\":\"https:\/\/mypalmleaf.com\/\",\"name\":\"My Palm Leaf\",\"description\":\"\",\"potentialAction\":[{\"@type\":\"SearchAction\",\"target\":{\"@type\":\"EntryPoint\",\"urlTemplate\":\"https:\/\/mypalmleaf.com\/?s={search_term_string}\"},\"query-input\":{\"@type\":\"PropertyValueSpecification\",\"valueRequired\":true,\"valueName\":\"search_term_string\"}}],\"inLanguage\":\"pt-PT\"}]}<\/script>\n<!-- \/ Yoast SEO plugin. -->","yoast_head_json":{"title":"Gestor de afilia\u00e7\u00e3o e parcerias - My Palm Leaf","description":"Torne-se um parceiro da My Palm Leaf e ajude a divulgar sabedoria antiga milenar enquanto recebe comiss\u00f5es como afiliado espiritual dedicado.","robots":{"index":"index","follow":"follow","max-snippet":"max-snippet:-1","max-image-preview":"max-image-preview:large","max-video-preview":"max-video-preview:-1"},"canonical":"https:\/\/mypalmleaf.com\/affiliate_and_parterships_manager\/","og_locale":"pt_PT","og_type":"article","og_title":"Gestor de afilia\u00e7\u00e3o e parcerias - My Palm Leaf","og_description":"Torne-se um parceiro da My Palm Leaf e ajude a divulgar sabedoria antiga milenar enquanto recebe comiss\u00f5es como afiliado espiritual dedicado.","og_url":"https:\/\/mypalmleaf.com\/affiliate_and_parterships_manager\/","og_site_name":"My Palm Leaf","article_modified_time":"2025-04-29T05:56:00+00:00","og_image":[{"width":1200,"height":1196,"url":"https:\/\/mypalmleaf.com\/wp-content\/uploads\/2025\/08\/mpl-circle-logo.jpg","type":"image\/jpeg"}],"twitter_card":"summary_large_image","schema":{"@context":"https:\/\/schema.org","@graph":[{"@type":"WebPage","@id":"https:\/\/mypalmleaf.com\/affiliate_and_parterships_manager\/","url":"https:\/\/mypalmleaf.com\/affiliate_and_parterships_manager\/","name":"Gestor de afilia\u00e7\u00e3o e parcerias - My Palm Leaf","isPartOf":{"@id":"https:\/\/mypalmleaf.com\/#website"},"datePublished":"2024-10-26T17:42:47+00:00","dateModified":"2025-04-29T05:56:00+00:00","description":"Torne-se um parceiro da My Palm Leaf e ajude a divulgar sabedoria antiga milenar enquanto recebe comiss\u00f5es como afiliado espiritual dedicado.","breadcrumb":{"@id":"https:\/\/mypalmleaf.com\/affiliate_and_parterships_manager\/#breadcrumb"},"inLanguage":"pt-PT","potentialAction":[{"@type":"ReadAction","target":["https:\/\/mypalmleaf.com\/affiliate_and_parterships_manager\/"]}]},{"@type":"BreadcrumbList","@id":"https:\/\/mypalmleaf.com\/affiliate_and_parterships_manager\/#breadcrumb","itemListElement":[{"@type":"ListItem","position":1,"name":"Home","item":"https:\/\/mypalmleaf.com\/pt-pt\/"},{"@type":"ListItem","position":2,"name":"Gestor de afilia\u00e7\u00e3o e parcerias"}]},{"@type":"WebSite","@id":"https:\/\/mypalmleaf.com\/#website","url":"https:\/\/mypalmleaf.com\/","name":"My Palm Leaf","description":"","potentialAction":[{"@type":"SearchAction","target":{"@type":"EntryPoint","urlTemplate":"https:\/\/mypalmleaf.com\/?s={search_term_string}"},"query-input":{"@type":"PropertyValueSpecification","valueRequired":true,"valueName":"search_term_string"}}],"inLanguage":"pt-PT"}]}},"_links":{"self":[{"href":"https:\/\/mypalmleaf.com\/pt-pt\/wp-json\/wp\/v2\/pages\/45205","targetHints":{"allow":["GET"]}}],"collection":[{"href":"https:\/\/mypalmleaf.com\/pt-pt\/wp-json\/wp\/v2\/pages"}],"about":[{"href":"https:\/\/mypalmleaf.com\/pt-pt\/wp-json\/wp\/v2\/types\/page"}],"author":[{"embeddable":true,"href":"https:\/\/mypalmleaf.com\/pt-pt\/wp-json\/wp\/v2\/users\/1"}],"replies":[{"embeddable":true,"href":"https:\/\/mypalmleaf.com\/pt-pt\/wp-json\/wp\/v2\/comments?post=45205"}],"version-history":[{"count":0,"href":"https:\/\/mypalmleaf.com\/pt-pt\/wp-json\/wp\/v2\/pages\/45205\/revisions"}],"wp:attachment":[{"href":"https:\/\/mypalmleaf.com\/pt-pt\/wp-json\/wp\/v2\/media?parent=45205"}],"curies":[{"name":"wp","href":"https:\/\/api.w.org\/{rel}","templated":true}]}}