
{"id":45454,"date":"2024-11-10T05:53:12","date_gmt":"2024-11-10T05:53:12","guid":{"rendered":"https:\/\/mypalmleaf.com\/homa\/"},"modified":"2025-04-17T08:22:20","modified_gmt":"2025-04-17T08:22:20","slug":"homa","status":"publish","type":"page","link":"https:\/\/mypalmleaf.com\/pt-pt\/homa\/","title":{"rendered":"Homa"},"content":{"rendered":"\n<section class=\"spotlight-main small top-gap\">\n    <!-- <div class=\"slider-wrap\" data-flickity='{ \"cellAlign\": \"left\", \"contain\": true, \"wrapAround\": true, \"setGallerySize\": false }'> -->\n    <div class=\"slider-wrap\" data-flickity='{ \"cellAlign\": \"left\", \"contain\": true, \"wrapAround\": true, \"setGallerySize\": false  }'>\n            <div class=\"slides\">\n        <div class=\"content-wrap\">\n          <div class=\"image\">\n            <picture>\n              <source media=\"(max-width: 999px)\" srcset=\"https:\/\/mypalmleaf.com\/wp-content\/uploads\/2024\/11\/homas-spotlight-mob.jpg\" \/>\n              <source media=\"(min-width: 1000px)\" srcset=\"https:\/\/mypalmleaf.com\/wp-content\/uploads\/2024\/11\/homas-spotlight.jpg\" \/>\n              <img decoding=\"async\" src=\"https:\/\/mypalmleaf.com\/wp-content\/uploads\/2024\/11\/homas-spotlight.jpg\" class=\"img-fluid\" alt=\"\" \/>\n            <\/picture>\n          <\/div>\n          <div class=\"content\">\n            <div data-aos=\"fade-up\" data-aos-duration=\"1000\">\n              <h2 class=\"\">Homas: Cerim\u00f3nias de Fogo Sagrado para a Transforma\u00e7\u00e3o C\u00e1rmica<\/h2>\n              <p><span style=\"vertical-align: inherit;\"><span style=\"vertical-align: inherit;\">Experience the ancient Vedic rituals performed to bring blessings, purification and harmony into your life.<\/span><\/span><\/p>\n                                  <a href=\"\/prices\/fire-ceremony-homa\/\" class=\"btn btn-primary\">Reserva os teus Homas<\/a>\n                   \n            <\/div>\n          <\/div>\n        <\/div>\n      <\/div>\n          <\/div>\n<\/section>\n\n\n<section class=\"my-6 position-relative\">\n    <div class=\"container-xl\" data-aos=\"fade-up\" data-aos-duration=\"1000\">\n      <div class=\"row align-items-center\">\n        <div class=\"col-lg-5 mb-4 mb-lg-0\">\n          <div class=\"rounded-asset\">\n            <img decoding=\"async\" src=\"https:\/\/mypalmleaf.com\/wp-content\/uploads\/2024\/11\/yt-thumb-homa.jpg\" class=\"img-fluid\" alt=\"\"><div class=\"play-icon\"><\/div>\n            <a href=\"https:\/\/www.youtube.com\/watch?v=63svn4g1Z5U\" class=\"stretched-link\" data-lity><\/a>\n          <\/div>\n        <\/div>\n        <div class=\"col-lg-7\">\n          <h2 class=\"mb-4\">O que s\u00e3o as cerim\u00f3nias de fogo Homa?<\/h2>\n          <p><span style=\"vertical-align: inherit;\"><span style=\"vertical-align: inherit;\">Homas, also known as fire ceremonies, are powerful Vedic rituals performed to invoke divine energies, remove negative karmic influences and bring balance to different aspects of life. Through the sacred element of fire, offerings are made to the deities and the transformative energy of the ritual brings blessings, purification and healing.<\/span><\/span><\/p>\n<p><span style=\"vertical-align: inherit;\"><span style=\"vertical-align: inherit;\">These ceremonies are conducted by experienced Vedic priests who chant sacred mantras and make offerings to the sacred fire, amplifying the intention and effect of the ritual.<\/span><\/span><\/p>\n        <\/div>\n      <\/div>\n    <\/div>\n    <\/section>\n\n\n<section class=\"my-6 position-relative\">\n  <div class=\"container-xl aos-init aos-animate\" data-aos=\"fade-up\" data-aos-duration=\"1000\">\n    <div class=\"row align-items-center\">\n      <div class=\"col-lg-7\">\n        <h2 class=\"mb-4\">Como \u00e9 que o Hamas te pode beneficiar?<\/h2>\n<p>Cada cerim\u00f3nia Homa serve um prop\u00f3sito \u00fanico, seja para ultrapassar obst\u00e1culos, melhorar a sa\u00fade, convidar \u00e0 prosperidade ou limpar o karma negativo.<\/p>\n<p>Eis como o Tomas pode transformar a tua vida:  <\/p>\n        <ul>\n<li>Cura c\u00e1rmica: Liberta-te de d\u00edvidas c\u00e1rmicas passadas e atrai influ\u00eancias c\u00e1rmicas positivas.  <\/li>\n<li>Purifica\u00e7\u00e3o: Limpa a tua aura e o ambiente de energias negativas.  <\/li>\n<li>B\u00ean\u00e7\u00e3os e prosperidade: Invoca b\u00ean\u00e7\u00e3os para a sa\u00fade, riqueza, relacionamentos e bem-estar geral.  <\/li>\n<li>Prote\u00e7\u00e3o e Harmonia: Refor\u00e7a a prote\u00e7\u00e3o espiritual e traz harmonia \u00e0 tua vida.  <\/li>\n<\/ul>\n<div class=\"dual-btn-cont mt-4\">\n<ul>\n<li><a href=\"https:\/\/mypalmleaf.com\/pt-pt\/prices\/cerimonia-do-fogo-homa\/\" class=\"btn btn-primary\">Reserva j\u00e1 a tua cerim\u00f3nia do fogo<\/a><\/li>\n<\/ul>\n<\/div>\n      <\/div>\n      <div class=\"col-lg-5 mb-4 mb-lg-0\">\n        <div class=\"rounded-asset\">\n          <img decoding=\"async\" src=\"https:\/\/mypalmleaf.com\/wp-content\/uploads\/2024\/11\/homas-thumb.jpg\" class=\"img-fluid\" alt=\"\"\/>\n        <\/div>\n      <\/div>\n    <\/div>\n  <\/div>\n       \n  <\/section>\n\n\n\n<section class=\"my-6 position-relative\">\n  <div class=\"container-xl aos-init aos-animate\" data-aos=\"fade-up\" data-aos-duration=\"1000\">\n    <div class=\"row align-items-center\">\n      <div class=\"col-lg-5 mb-4 mb-lg-0\">\n        <div class=\"rounded-asset\">\n          <img decoding=\"async\" src=\"https:\/\/mypalmleaf.com\/wp-content\/uploads\/2024\/11\/homas-thumb2.jpg\" class=\"img-fluid\" alt=\"\"\/>\n        <\/div>\n      <\/div>\n      <div class=\"col-lg-7\">\n        <h2 class=\"mb-4\">Como funciona<\/h2>\n        <p><strong>Passo 1: Reserva<\/strong> o <strong>teu Homa<\/strong><br\/> Reserva a cerim\u00f3nia do fogo Homa no nosso site<\/p> \n<p><strong>Passo 2: Marca a tua consulta<\/strong><br\/> Depois de fazeres a reserva, receber\u00e1s uma liga\u00e7\u00e3o para o calend\u00e1rio e poder\u00e1s marcar o dia e a hora em que queres que o Homa seja realizado  <\/p>\n<p><strong>Passo 3: Participa e recebe as b\u00ean\u00e7\u00e3os<\/strong><br\/> Podes optar por participar na cerim\u00f3nia ao vivo via Zoom ou receber a energia e as b\u00ean\u00e7\u00e3os de onde estiveres. Um dos nossos moderadores acompanhar-te-\u00e1 durante o Homa e explicar-te-\u00e1 tudo.   <\/p>\n<div class=\"dual-btn-cont mt-4\">\n<ul>\n<li><a href=\"https:\/\/mypalmleaf.com\/pt-pt\/prices\/cerimonia-do-fogo-homa\/\" class=\"btn btn-primary\">Reserva j\u00e1 a tua cerim\u00f3nia do fogo<\/a><\/li>\n<\/ul>\n<\/div>\n      <\/div>\n      \n    <\/div>\n  <\/div>\n       \n  <\/section>\n\n\n\n<figure class=\"wp-block-gallery has-nested-images columns-default is-cropped wp-block-gallery-1 is-layout-flex wp-block-gallery-is-layout-flex\">\n<figure class=\"wp-block-image size-full\"><img loading=\"lazy\" decoding=\"async\" width=\"1024\" height=\"576\" data-id=\"45429\" src=\"https:\/\/mypalmleaf.com\/wp-content\/uploads\/2024\/11\/3-1.jpg\" alt=\"\" class=\"wp-image-45429\" srcset=\"https:\/\/mypalmleaf.com\/wp-content\/uploads\/2024\/11\/3-1.jpg 1024w, https:\/\/mypalmleaf.com\/wp-content\/uploads\/2024\/11\/3-1-600x338.jpg 600w, https:\/\/mypalmleaf.com\/wp-content\/uploads\/2024\/11\/3-1-300x169.jpg 300w, https:\/\/mypalmleaf.com\/wp-content\/uploads\/2024\/11\/3-1-768x432.jpg 768w\" sizes=\"auto, (max-width: 1024px) 100vw, 1024px\" \/><\/figure>\n\n\n\n<figure class=\"wp-block-image size-large\"><img loading=\"lazy\" decoding=\"async\" width=\"1024\" height=\"576\" data-id=\"45407\" src=\"https:\/\/mypalmleaf.com\/wp-content\/uploads\/2024\/11\/2.jpg\" alt=\"\" class=\"wp-image-45407\" srcset=\"https:\/\/mypalmleaf.com\/wp-content\/uploads\/2024\/11\/2.jpg 1024w, https:\/\/mypalmleaf.com\/wp-content\/uploads\/2024\/11\/2-600x338.jpg 600w, https:\/\/mypalmleaf.com\/wp-content\/uploads\/2024\/11\/2-300x169.jpg 300w, https:\/\/mypalmleaf.com\/wp-content\/uploads\/2024\/11\/2-768x432.jpg 768w\" sizes=\"auto, (max-width: 1024px) 100vw, 1024px\" \/><\/figure>\n\n\n\n<figure class=\"wp-block-image size-large\"><img loading=\"lazy\" decoding=\"async\" width=\"1024\" height=\"576\" data-id=\"45386\" src=\"https:\/\/mypalmleaf.com\/wp-content\/uploads\/2024\/11\/1.jpg\" alt=\"\" class=\"wp-image-45386\" srcset=\"https:\/\/mypalmleaf.com\/wp-content\/uploads\/2024\/11\/1.jpg 1024w, https:\/\/mypalmleaf.com\/wp-content\/uploads\/2024\/11\/1-600x338.jpg 600w, https:\/\/mypalmleaf.com\/wp-content\/uploads\/2024\/11\/1-300x169.jpg 300w, https:\/\/mypalmleaf.com\/wp-content\/uploads\/2024\/11\/1-768x432.jpg 768w\" sizes=\"auto, (max-width: 1024px) 100vw, 1024px\" \/><\/figure>\n<\/figure>\n\n\n<section class=\"accordion-container position-relative \" data-aos=\"fade-up\" data-aos-duration=\"1000\" id=\"general-questions\">\n  <div class=\"container-xl\">\n    <div class=\"row\">\n      <h3>Perguntas frequentes<\/h3>\n      <div class=\"accr-wrap\">\n                  <div class=\"head\">Preciso de estar fisicamente presente para que a cerim\u00f3nia Homa seja eficaz?<\/div>\n          <div class=\"content\">\n            <p><span style=\"vertical-align: inherit;\"><span style=\"vertical-align: inherit;\">No, you don\u2019t need to be physically present for Homa to be effective. The energy and blessings of the ceremony are sent through the vibrations of sacred mantras and fire. You can join the ceremony live via Zoom if you wish, but the benefits will reach you even if you can\u2019t be there.<\/span><\/span><\/p>\n          <\/div>\n                  <div class=\"head\">Como devo preparar-me para uma cerim\u00f3nia Homa?<\/div>\n          <div class=\"content\">\n            <p><span style=\"vertical-align: inherit;\"><span style=\"vertical-align: inherit;\">To prepare for a Homa, it\u2019s best to set a clear intention for what you want to receive from the ritual. You may also want to create a quiet space in your home, free from distractions, where you can sit quietly to receive the energy of the ceremony. If you\u2019re attending in person, make sure you have a stable internet connection and a serene environment.<\/span><\/span><\/p>\n          <\/div>\n                  <div class=\"head\">Podes fazer um Homa em nome de outra pessoa?<\/div>\n          <div class=\"content\">\n            <p><span style=\"vertical-align: inherit;\"><span style=\"vertical-align: inherit;\">Yes, Homas can be performed on behalf of another person, whether it be a loved one, a family member or a friend. You simply need to state the name and intention of the ceremony, and the energy and blessings will be directed to that person.<\/span><\/span><\/p>\n          <\/div>\n                  <div class=\"head\">Que tipo de resultados posso esperar de um Homa?<\/div>\n          <div class=\"content\">\n            <p><span style=\"vertical-align: inherit;\"><span style=\"vertical-align: inherit;\">The effects of a Homa can vary depending on your intention and the type of ceremony performed. People often report feeling a sense of peace, emotional relief and clarity, as well as experiencing tangible positive changes in their lives, such as improved relationships, health or success. Blessings and karmic benefits often unfold over time.<\/span><\/span><\/p>\n          <\/div>\n                  <div class=\"head\">Como \u00e9 que escolho o tipo de Homa a reservar?<\/div>\n          <div class=\"content\">\n            <p><span style=\"vertical-align: inherit;\"><span style=\"vertical-align: inherit;\">If a Homa was recommended to you during the palm leaf reading, then this type of Homa will be performed for you. Otherwise, you can inform us of the general purpose of the Homa when making the booking and the priests will choose a specific ceremony for that purpose.<\/span><\/span><\/p>\n          <\/div>\n                  <div class=\"head\">Os Homas s\u00e3o adequados para todos os credos e cren\u00e7as espirituais?<\/div>\n          <div class=\"content\">\n            <p><span style=\"vertical-align: inherit;\"><span style=\"vertical-align: inherit;\">Yes, Homas are spiritual rituals with roots in ancient Vedic traditions, but they are open to people of all faiths and beliefs. The ceremonies focus on universal energies, such as the elements and divine blessings, which can be beneficial regardless of your spiritual background.<\/span><\/span><\/p>\n          <\/div>\n                  <div class=\"head\">Quanto tempo dura normalmente uma cerim\u00f3nia Homa?<\/div>\n          <div class=\"content\">\n            <p><span style=\"vertical-align: inherit;\"><span style=\"vertical-align: inherit;\">The duration of a Homa ceremony can vary depending on its complexity and the type of ritual performed. Most ceremonies last between 30 minutes and 1 hour.<\/span><\/span><\/p>\n          <\/div>\n                  <div class=\"head\">Posso pedir uma data ou hora espec\u00edfica para o Homa?<\/div>\n          <div class=\"content\">\n            <p><span style=\"vertical-align: inherit;\"><span style=\"vertical-align: inherit;\">Yes, you can request a specific date and time for your Homa, depending on the availability of our Vedic priests and the auspicious timings to perform the ceremony. We will do our best to accommodate your preferences.<\/span><\/span><\/p>\n          <\/div>\n                  <div class=\"head\">Como s\u00e3o feitas as oferendas durante o Homa?<\/div>\n          <div class=\"content\">\n            <p><span style=\"vertical-align: inherit;\"><span style=\"vertical-align: inherit;\">Offerings such as ghee, herbs, grains and other sacred items are made in the fire by our Vedic priests while chanting powerful mantras. Each offering symbolizes purification, transformation and the release of blessings into the universe.<\/span><\/span><\/p>\n          <\/div>\n                  <div class=\"head\">Serei acompanhado por um moderador do Mypalmleaf?<\/div>\n          <div class=\"content\">\n            <p><span style=\"vertical-align: inherit;\"><span style=\"vertical-align: inherit;\">Yes, one of our moderators will be present at Homa. They will guide you and explain everything if necessary.<\/span><\/span><\/p>\n          <\/div>\n              <\/div>\n    <\/div>\n  <\/div>\n  \n<\/section>\n<\/div>\n\n\n<p><\/p>\n","protected":false},"excerpt":{"rendered":"<p>Como \u00e9 que o Hamas te pode beneficiar? Cada cerim\u00f3nia Homa serve um prop\u00f3sito \u00fanico, seja para ultrapassar obst\u00e1culos, melhorar a sa\u00fade, convidar \u00e0 prosperidade ou limpar o karma negativo. Eis como o Tomas pode transformar a tua vida: Cura c\u00e1rmica: Liberta-te de d\u00edvidas c\u00e1rmicas passadas e atrai influ\u00eancias c\u00e1rmicas positivas. Purifica\u00e7\u00e3o: Limpa a tua [&hellip;]<\/p>\n","protected":false},"author":1,"featured_media":0,"parent":0,"menu_order":0,"comment_status":"closed","ping_status":"closed","template":"","meta":{"_acf_changed":false,"footnotes":""},"class_list":["post-45454","page","type-page","status-publish","hentry"],"acf":[],"yoast_head":"<!-- This site is optimized with the Yoast SEO plugin v26.4 - https:\/\/yoast.com\/wordpress\/plugins\/seo\/ -->\n<title>Homa - My Palm Leaf<\/title>\n<meta name=\"description\" content=\"Explore nossa galeria com experi\u00eancias transformadoras de leituras de folhas de palmeira, oferecendo vislumbres de insights espirituais e jornadas pessoais.\" \/>\n<meta name=\"robots\" content=\"index, follow, max-snippet:-1, max-image-preview:large, max-video-preview:-1\" \/>\n<link rel=\"canonical\" href=\"https:\/\/mypalmleaf.com\/pt-pt\/homa\/\" \/>\n<meta property=\"og:locale\" content=\"pt_PT\" \/>\n<meta property=\"og:type\" content=\"article\" \/>\n<meta property=\"og:title\" content=\"Homa - My Palm Leaf\" \/>\n<meta property=\"og:description\" content=\"Explore nossa galeria com experi\u00eancias transformadoras de leituras de folhas de palmeira, oferecendo vislumbres de insights espirituais e jornadas pessoais.\" \/>\n<meta property=\"og:url\" content=\"https:\/\/mypalmleaf.com\/pt-pt\/homa\/\" \/>\n<meta property=\"og:site_name\" content=\"My Palm Leaf\" \/>\n<meta property=\"article:modified_time\" content=\"2025-04-17T08:22:20+00:00\" \/>\n<meta property=\"og:image\" content=\"https:\/\/mypalmleaf.com\/wp-content\/uploads\/2024\/11\/homas-thumb.jpg\" \/>\n<meta name=\"twitter:card\" content=\"summary_large_image\" \/>\n<meta name=\"twitter:label1\" content=\"Tempo estimado de leitura\" \/>\n\t<meta name=\"twitter:data1\" content=\"2 minutos\" \/>\n<script type=\"application\/ld+json\" class=\"yoast-schema-graph\">{\"@context\":\"https:\/\/schema.org\",\"@graph\":[{\"@type\":\"WebPage\",\"@id\":\"https:\/\/mypalmleaf.com\/pt-pt\/homa\/\",\"url\":\"https:\/\/mypalmleaf.com\/pt-pt\/homa\/\",\"name\":\"Homa - My Palm Leaf\",\"isPartOf\":{\"@id\":\"https:\/\/mypalmleaf.com\/#website\"},\"primaryImageOfPage\":{\"@id\":\"https:\/\/mypalmleaf.com\/pt-pt\/homa\/#primaryimage\"},\"image\":{\"@id\":\"https:\/\/mypalmleaf.com\/pt-pt\/homa\/#primaryimage\"},\"thumbnailUrl\":\"https:\/\/mypalmleaf.com\/wp-content\/uploads\/2024\/11\/homas-thumb.jpg\",\"datePublished\":\"2024-11-10T05:53:12+00:00\",\"dateModified\":\"2025-04-17T08:22:20+00:00\",\"description\":\"Explore nossa galeria com experi\u00eancias transformadoras de leituras de folhas de palmeira, oferecendo vislumbres de insights espirituais e jornadas pessoais.\",\"breadcrumb\":{\"@id\":\"https:\/\/mypalmleaf.com\/pt-pt\/homa\/#breadcrumb\"},\"inLanguage\":\"pt-PT\",\"potentialAction\":[{\"@type\":\"ReadAction\",\"target\":[\"https:\/\/mypalmleaf.com\/pt-pt\/homa\/\"]}]},{\"@type\":\"ImageObject\",\"inLanguage\":\"pt-PT\",\"@id\":\"https:\/\/mypalmleaf.com\/pt-pt\/homa\/#primaryimage\",\"url\":\"https:\/\/mypalmleaf.com\/wp-content\/uploads\/2024\/11\/homas-thumb.jpg\",\"contentUrl\":\"https:\/\/mypalmleaf.com\/wp-content\/uploads\/2024\/11\/homas-thumb.jpg\"},{\"@type\":\"BreadcrumbList\",\"@id\":\"https:\/\/mypalmleaf.com\/pt-pt\/homa\/#breadcrumb\",\"itemListElement\":[{\"@type\":\"ListItem\",\"position\":1,\"name\":\"Home\",\"item\":\"https:\/\/mypalmleaf.com\/pt-pt\/\"},{\"@type\":\"ListItem\",\"position\":2,\"name\":\"Homa\"}]},{\"@type\":\"WebSite\",\"@id\":\"https:\/\/mypalmleaf.com\/#website\",\"url\":\"https:\/\/mypalmleaf.com\/\",\"name\":\"My Palm Leaf\",\"description\":\"\",\"potentialAction\":[{\"@type\":\"SearchAction\",\"target\":{\"@type\":\"EntryPoint\",\"urlTemplate\":\"https:\/\/mypalmleaf.com\/?s={search_term_string}\"},\"query-input\":{\"@type\":\"PropertyValueSpecification\",\"valueRequired\":true,\"valueName\":\"search_term_string\"}}],\"inLanguage\":\"pt-PT\"}]}<\/script>\n<!-- \/ Yoast SEO plugin. -->","yoast_head_json":{"title":"Homa - My Palm Leaf","description":"Explore nossa galeria com experi\u00eancias transformadoras de leituras de folhas de palmeira, oferecendo vislumbres de insights espirituais e jornadas pessoais.","robots":{"index":"index","follow":"follow","max-snippet":"max-snippet:-1","max-image-preview":"max-image-preview:large","max-video-preview":"max-video-preview:-1"},"canonical":"https:\/\/mypalmleaf.com\/pt-pt\/homa\/","og_locale":"pt_PT","og_type":"article","og_title":"Homa - My Palm Leaf","og_description":"Explore nossa galeria com experi\u00eancias transformadoras de leituras de folhas de palmeira, oferecendo vislumbres de insights espirituais e jornadas pessoais.","og_url":"https:\/\/mypalmleaf.com\/pt-pt\/homa\/","og_site_name":"My Palm Leaf","article_modified_time":"2025-04-17T08:22:20+00:00","og_image":[{"url":"https:\/\/mypalmleaf.com\/wp-content\/uploads\/2024\/11\/homas-thumb.jpg","type":"","width":"","height":""}],"twitter_card":"summary_large_image","twitter_misc":{"Tempo estimado de leitura":"2 minutos"},"schema":{"@context":"https:\/\/schema.org","@graph":[{"@type":"WebPage","@id":"https:\/\/mypalmleaf.com\/pt-pt\/homa\/","url":"https:\/\/mypalmleaf.com\/pt-pt\/homa\/","name":"Homa - My Palm Leaf","isPartOf":{"@id":"https:\/\/mypalmleaf.com\/#website"},"primaryImageOfPage":{"@id":"https:\/\/mypalmleaf.com\/pt-pt\/homa\/#primaryimage"},"image":{"@id":"https:\/\/mypalmleaf.com\/pt-pt\/homa\/#primaryimage"},"thumbnailUrl":"https:\/\/mypalmleaf.com\/wp-content\/uploads\/2024\/11\/homas-thumb.jpg","datePublished":"2024-11-10T05:53:12+00:00","dateModified":"2025-04-17T08:22:20+00:00","description":"Explore nossa galeria com experi\u00eancias transformadoras de leituras de folhas de palmeira, oferecendo vislumbres de insights espirituais e jornadas pessoais.","breadcrumb":{"@id":"https:\/\/mypalmleaf.com\/pt-pt\/homa\/#breadcrumb"},"inLanguage":"pt-PT","potentialAction":[{"@type":"ReadAction","target":["https:\/\/mypalmleaf.com\/pt-pt\/homa\/"]}]},{"@type":"ImageObject","inLanguage":"pt-PT","@id":"https:\/\/mypalmleaf.com\/pt-pt\/homa\/#primaryimage","url":"https:\/\/mypalmleaf.com\/wp-content\/uploads\/2024\/11\/homas-thumb.jpg","contentUrl":"https:\/\/mypalmleaf.com\/wp-content\/uploads\/2024\/11\/homas-thumb.jpg"},{"@type":"BreadcrumbList","@id":"https:\/\/mypalmleaf.com\/pt-pt\/homa\/#breadcrumb","itemListElement":[{"@type":"ListItem","position":1,"name":"Home","item":"https:\/\/mypalmleaf.com\/pt-pt\/"},{"@type":"ListItem","position":2,"name":"Homa"}]},{"@type":"WebSite","@id":"https:\/\/mypalmleaf.com\/#website","url":"https:\/\/mypalmleaf.com\/","name":"My Palm Leaf","description":"","potentialAction":[{"@type":"SearchAction","target":{"@type":"EntryPoint","urlTemplate":"https:\/\/mypalmleaf.com\/?s={search_term_string}"},"query-input":{"@type":"PropertyValueSpecification","valueRequired":true,"valueName":"search_term_string"}}],"inLanguage":"pt-PT"}]}},"_links":{"self":[{"href":"https:\/\/mypalmleaf.com\/pt-pt\/wp-json\/wp\/v2\/pages\/45454","targetHints":{"allow":["GET"]}}],"collection":[{"href":"https:\/\/mypalmleaf.com\/pt-pt\/wp-json\/wp\/v2\/pages"}],"about":[{"href":"https:\/\/mypalmleaf.com\/pt-pt\/wp-json\/wp\/v2\/types\/page"}],"author":[{"embeddable":true,"href":"https:\/\/mypalmleaf.com\/pt-pt\/wp-json\/wp\/v2\/users\/1"}],"replies":[{"embeddable":true,"href":"https:\/\/mypalmleaf.com\/pt-pt\/wp-json\/wp\/v2\/comments?post=45454"}],"version-history":[{"count":0,"href":"https:\/\/mypalmleaf.com\/pt-pt\/wp-json\/wp\/v2\/pages\/45454\/revisions"}],"wp:attachment":[{"href":"https:\/\/mypalmleaf.com\/pt-pt\/wp-json\/wp\/v2\/media?parent=45454"}],"curies":[{"name":"wp","href":"https:\/\/api.w.org\/{rel}","templated":true}]}}