
{"id":45504,"date":"2024-11-10T07:16:42","date_gmt":"2024-11-10T07:16:42","guid":{"rendered":"https:\/\/mypalmleaf.com\/athma-shanthi-puja\/"},"modified":"2024-11-19T11:05:10","modified_gmt":"2024-11-19T11:05:10","slug":"athma-shanthi-puja","status":"publish","type":"page","link":"https:\/\/mypalmleaf.com\/pt-pt\/athma-shanthi-puja\/","title":{"rendered":"Athma Shanthi Puja"},"content":{"rendered":"\n<section class=\"spotlight-main small top-gap\">\n    <!-- <div class=\"slider-wrap\" data-flickity='{ \"cellAlign\": \"left\", \"contain\": true, \"wrapAround\": true, \"setGallerySize\": false }'> -->\n    <div class=\"slider-wrap\" data-flickity='{ \"cellAlign\": \"left\", \"contain\": true, \"wrapAround\": true, \"setGallerySize\": false  }'>\n            <div class=\"slides\">\n        <div class=\"content-wrap\">\n          <div class=\"image\">\n            <picture>\n              <source media=\"(max-width: 999px)\" srcset=\"https:\/\/mypalmleaf.com\/wp-content\/uploads\/2024\/11\/athma-shanti-puja-spotlight.-mob.jpg\" \/>\n              <source media=\"(min-width: 1000px)\" srcset=\"https:\/\/mypalmleaf.com\/wp-content\/uploads\/2024\/11\/athma-shanti-puja-spotlight.jpg\" \/>\n              <img decoding=\"async\" src=\"https:\/\/mypalmleaf.com\/wp-content\/uploads\/2024\/11\/athma-shanti-puja-spotlight.jpg\" class=\"img-fluid\" alt=\"\" \/>\n            <\/picture>\n          <\/div>\n          <div class=\"content\">\n            <div data-aos=\"fade-up\" data-aos-duration=\"1000\">\n              <h2 class=\"\">Athma Shanthi Puja: Um ritual sagrado para as almas que partiram<\/h2>\n              <p>Traz paz e liberta\u00e7\u00e3o \u00e0s almas dos teus entes queridos atrav\u00e9s desta profunda cerim\u00f3nia v\u00e9dica.<\/p>\n                                  <a href=\"\/prices\/athma-shanthi-puja-special-ritual-to-help-the-soul-of-someone-who-has-passed-away-to-rest-in-peace\/\" class=\"btn btn-primary\">Marca a tua Puja<\/a>\n                   \n            <\/div>\n          <\/div>\n        <\/div>\n      <\/div>\n          <\/div>\n<\/section>\n<section class=\"my-6 position-relative\">\n    <div class=\"container-xl\" data-aos=\"fade-up\" data-aos-duration=\"1000\">\n      <div class=\"row align-items-center\">\n        <div class=\"col-lg-5 mb-4 mb-lg-0\">\n          <div class=\"rounded-asset\">\n            <img decoding=\"async\" src=\"https:\/\/mypalmleaf.com\/wp-content\/uploads\/2024\/11\/yt-thumb-2.jpg\" class=\"img-fluid\" alt=\"\"><div class=\"play-icon\"><\/div>\n            <a href=\"https:\/\/www.youtube.com\/watch?v=nZ0XR1c6lPU\" class=\"stretched-link\" data-lity><\/a>\n          <\/div>\n        <\/div>\n        <div class=\"col-lg-7\">\n          <h2 class=\"mb-4\">O que \u00e9 o Athma Shanthi Puja?<\/h2>\n          <p>O Athma Shanthi Puja \u00e9 um ritual sagrado realizado para honrar e trazer paz \u00e0s almas dos entes queridos que partiram. De acordo com as tradi\u00e7\u00f5es v\u00e9dicas, esta cerim\u00f3nia ajuda a alma que partiu a encontrar a liberta\u00e7\u00e3o (moksha) e pode resolver quaisquer d\u00edvidas ou perturba\u00e7\u00f5es c\u00e1rmicas persistentes. \u00c9 especialmente importante para aqueles que faleceram inesperadamente, tragicamente ou sem a oportunidade de receber os ritos adequados.  <\/p>\n<p>Durante o Puja, os nossos experientes sacerdotes v\u00e9dicos entoam mantras sagrados, oferecem ora\u00e7\u00f5es e realizam rituais para trazer harmonia e liberta\u00e7\u00e3o espiritual.<\/p>\n        <\/div>\n      <\/div>\n    <\/div>\n    <\/section>\n<section class=\"my-6 position-relative\">\n  <div class=\"container-xl aos-init aos-animate\" data-aos=\"fade-up\" data-aos-duration=\"1000\">\n    <div class=\"row align-items-center\">\n      <div class=\"col-lg-7\">\n        <h2 class=\"mb-4\">Porqu\u00ea realizar o Athma Shanthi Puja?<\/h2>\n<p>O Athma Shanthi Puja \u00e9 um ritual compassivo e poderoso que serve tanto os vivos como os que j\u00e1 partiram. Eis porque \u00e9 que \u00e9 importante: <\/p>\n<ul>\n<li>Liberta\u00e7\u00e3o da alma: Ajuda a alma que partiu a alcan\u00e7ar a paz e a libertar-se do ciclo de renascimento.<\/li>\n<li>Resolu\u00e7\u00e3o k\u00e1rmica: Liberta influ\u00eancias k\u00e1rmicas negativas causadas por energias ancestrais n\u00e3o resolvidas.<\/li>\n<li>B\u00ean\u00e7\u00e3os dos Ancestrais: Traz para a tua vida as b\u00ean\u00e7\u00e3os e a prote\u00e7\u00e3o dos teus antepassados.<\/li>\n<li>Cura e encerramento: Proporciona cura emocional e encerramento para os membros da fam\u00edlia em luto.<\/li>\n<\/ul>\n<div class=\"dual-btn-cont mt-4\">\n<ul>\n<li><a href=\"https:\/\/mypalmleaf.com\/pt-pt\/prices\/athma-shanthi-puja-ritual-especial-para-ajudar-a-alma-de-alguem-que-faleceu-a-descansar-em-paz\/\" class=\"btn btn-primary\">Reserva o Athma Shanti Puja para as almas dos teus antepassados<\/a><\/li>\n<\/ul>\n<\/div>\n      <\/div>\n      <div class=\"col-lg-5 mb-4 mb-lg-0\">\n        <div class=\"rounded-asset\">\n          <img decoding=\"async\" src=\"https:\/\/staging.mypalmleaf.com\/wp-content\/uploads\/2024\/11\/atma-shant-thumb1.jpg\" class=\"img-fluid\" alt=\"\"\/>\n        <\/div>\n      <\/div>\n    <\/div>\n  <\/div>\n       \n  <\/section>\n\n<section class=\"my-6 position-relative\">\n  <div class=\"container-xl aos-init aos-animate\" data-aos=\"fade-up\" data-aos-duration=\"1000\">\n    <div class=\"row align-items-center\">\n      <div class=\"col-lg-5 mb-4 mb-lg-0\">\n        <div class=\"rounded-asset\">\n          <img decoding=\"async\" src=\"https:\/\/staging.mypalmleaf.com\/wp-content\/uploads\/2024\/11\/atma-shant-thumb2.jpg\" class=\"img-fluid\" alt=\"\"\/>\n        <\/div>\n      <\/div>\n      <div class=\"col-lg-7\">\n        <h2 class=\"mb-4\">Quem deve considerar este Puja?<\/h2>\n        <p>O Athma Shanthi Puja \u00e9 recomendado para qualquer pessoa que tenha perdido um ente querido e deseje trazer paz \u00e0 sua alma. \u00c9 especialmente ben\u00e9fico se: <\/p>\n        <ul>\n          <li>A alma que partiu faleceu em circunst\u00e2ncias tr\u00e1gicas ou repentinas.<\/li>\n          <li>N\u00e3o foram cumpridos os ritos f\u00fanebres adequados ou existe um sentimento de que os assuntos espirituais n\u00e3o est\u00e3o conclu\u00eddos.<\/li>\n          <li>Sentes a presen\u00e7a de perturba\u00e7\u00f5es ancestrais na tua vida.<\/li>\n          <li>Queres honrar e expressar gratid\u00e3o aos teus antepassados.<\/li>\n        <\/ul>\n<div class=\"dual-btn-cont mt-4\">\n<ul>\n<li><a href=\"https:\/\/mypalmleaf.com\/pt-pt\/prices\/athma-shanthi-puja-ritual-especial-para-ajudar-a-alma-de-alguem-que-faleceu-a-descansar-em-paz\/\" class=\"btn btn-primary\">Reserva o Athma Shanti Puja para as almas dos teus antepassados<\/a><\/li>\n<\/ul>\n<\/div>\n      <\/div>\n      \n    <\/div>\n  <\/div>\n       \n  <\/section>\n\n<section class=\"my-6 position-relative\">\n  <div class=\"container-xl aos-init aos-animate\" data-aos=\"fade-up\" data-aos-duration=\"1000\">\n    <div class=\"row align-items-center\">\n      <div class=\"col-lg-7\">\n        <h2 class=\"mb-4\">Como se realiza o Athma Shanti Puja?<\/h2>\n<p>A cerim\u00f3nia \u00e9 conduzida de acordo com as antigas tradi\u00e7\u00f5es v\u00e9dicas e normalmente tem lugar perto de um corpo de \u00e1gua sagrado ou de um altar. Eis o que podes esperar: <\/p>\n<ul>\n<li>Invoca\u00e7\u00e3o das energias divinas: O ritual come\u00e7a com a entoa\u00e7\u00e3o de mantras e ora\u00e7\u00f5es para purificar o espa\u00e7o e invocar as energias divinas.<\/li>\n<li>Oferendas sagradas: Oferece-se arroz, flores e objectos sagrados \u00e0 alma que partiu.<\/li>\n<li>Ora\u00e7\u00f5es para a paz: Recita-se ora\u00e7\u00f5es especiais e mantras para aben\u00e7oar a alma e gui\u00e1-la para a liberta\u00e7\u00e3o.  <\/li>\n<li>Rituais da \u00e1gua: A cerim\u00f3nia pode envolver oferendas a \u00e1guas sagradas, simbolizando a purifica\u00e7\u00e3o e a liberta\u00e7\u00e3o da alma.<\/li>\n<\/ul>\n<div class=\"dual-btn-cont mt-4\">\n<ul>\n<li><a href=\"https:\/\/mypalmleaf.com\/pt-pt\/prices\/athma-shanthi-puja-ritual-especial-para-ajudar-a-alma-de-alguem-que-faleceu-a-descansar-em-paz\/\" class=\"btn btn-primary\">Reserva o Athma Shanti Puja para as almas dos teus antepassados<\/a><\/li>\n<\/ul>\n<\/div>\n      <\/div>\n      <div class=\"col-lg-5 mb-4 mb-lg-0\">\n        <div class=\"rounded-asset\">\n          <img decoding=\"async\" src=\"https:\/\/staging.mypalmleaf.com\/wp-content\/uploads\/2024\/11\/atma-shant-thumb3-1.jpg\" class=\"img-fluid\" alt=\"\"\/>\n        <\/div>\n      <\/div>\n    <\/div>\n  <\/div>\n       \n  <\/section>\n<section class=\"accordion-container position-relative \" data-aos=\"fade-up\" data-aos-duration=\"1000\" id=\"general-questions\">\n  <div class=\"container-xl\">\n    <div class=\"row\">\n      <h3>Perguntas frequentes<\/h3>\n      <div class=\"accr-wrap\">\n                  <div class=\"head\">Preciso de estar presente na Athma Shanthi Puja?<\/div>\n          <div class=\"content\">\n            <p>N\u00e3o, n\u00e3o \u00e9 necess\u00e1rio estares fisicamente presente. Os nossos sacerdotes v\u00e9dicos realizar\u00e3o o ritual com a mesma rever\u00eancia e inten\u00e7\u00e3o, e as b\u00ean\u00e7\u00e3os e a energia chegar\u00e3o \u00e0 alma independentemente da tua presen\u00e7a. No entanto, podes participar via Zoom se quiseres testemunhar a cerim\u00f3nia.  <\/p>\n          <\/div>\n                  <div class=\"head\">Podes fazer a Puja por algu\u00e9m que j\u00e1 morreu h\u00e1 muito tempo?<\/div>\n          <div class=\"content\">\n            <p>Sim, o Athma Shanthi Puja pode ser realizado para almas que partiram h\u00e1 muitos anos. O ritual \u00e9 intemporal e pode trazer paz e liberta\u00e7\u00e3o a qualquer alma, independentemente da data da sua morte. <\/p>\n          <\/div>\n                  <div class=\"head\">Que dados tenho de fornecer para o Puja?<\/div>\n          <div class=\"content\">\n            <p>Normalmente, pedimos o nome da alma que partiu e a tua rela\u00e7\u00e3o com ela. Quaisquer detalhes adicionais, tais como as circunst\u00e2ncias da sua morte, tamb\u00e9m podem ser \u00fateis. <\/p>\n          <\/div>\n                  <div class=\"head\">Podes fazer o Athma Shanthi Puja para v\u00e1rias almas ao mesmo tempo?<\/div>\n          <div class=\"content\">\n            <p>Sim, \u00e9 poss\u00edvel realizar o Puja para mais do que uma alma. Por favor, fornece os detalhes de cada alma, e os nossos sacerdotes assegurar\u00e3o que o ritual seja personalizado de acordo. <\/p>\n          <\/div>\n                  <div class=\"head\">O que devo fazer depois do Puja?<\/div>\n          <div class=\"content\">\n            <p>A Puja dura normalmente entre 20 e 60 minutos, dependendo da complexidade e do n\u00famero de almas que est\u00e3o a ser honradas. A prepara\u00e7\u00e3o da Cerim\u00f3nia demora muitas horas. <\/p>\n          <\/div>\n                  <div class=\"head\">Quanto tempo demora o Athma Shanthi Puja?<\/div>\n          <div class=\"content\">\n            <p>A Puja dura normalmente entre 20 e 60 minutos, dependendo da complexidade e do n\u00famero de almas que est\u00e3o a ser honradas. A prepara\u00e7\u00e3o da Cerim\u00f3nia demora muitas horas. <\/p>\n          <\/div>\n                  <div class=\"head\">Posso fazer este Puja em datas importantes, como anivers\u00e1rios ou durante o Pitru Paksha?<\/div>\n          <div class=\"content\">\n            <p>Sim, realizar o Athma Shanthi Puja em datas significativas como anivers\u00e1rios de morte ou durante o per\u00edodo Pitru Paksha pode ampliar os seus benef\u00edcios. Podemos ajudar-te a programar a cerim\u00f3nia em conformidade. <\/p>\n          <\/div>\n                  <div class=\"head\">O Athma Shanthi Puja \u00e9 adequado para todas as cren\u00e7as e tradi\u00e7\u00f5es?<\/div>\n          <div class=\"content\">\n            <p>Sim, embora tenha ra\u00edzes na tradi\u00e7\u00e3o v\u00e9dica, o Puja \u00e9 um ritual universal destinado a trazer paz e b\u00ean\u00e7\u00e3os aos que partiram. Pode ser realizado por qualquer pessoa, independentemente das suas cren\u00e7as espirituais ou religiosas. <\/p>\n          <\/div>\n                  <div class=\"head\">Serei acompanhado por um moderador do Mypalmleaf?<\/div>\n          <div class=\"content\">\n            <p>Sim, um dos nossos moderadores estar\u00e1 presente no Athma Shanti Puja. Eles ir\u00e3o guiar-te e explicar-te tudo, se necess\u00e1rio. <\/p>\n          <\/div>\n              <\/div>\n    <\/div>\n  <\/div>\n  \n<\/section>\n<\/div>","protected":false},"excerpt":{"rendered":"<p>Porqu\u00ea realizar o Athma Shanthi Puja? O Athma Shanthi Puja \u00e9 um ritual compassivo e poderoso que serve tanto os vivos como os que j\u00e1 partiram. Eis porque \u00e9 que \u00e9 importante: Liberta\u00e7\u00e3o da alma: Ajuda a alma que partiu a alcan\u00e7ar a paz e a libertar-se do ciclo de renascimento. Resolu\u00e7\u00e3o k\u00e1rmica: Liberta influ\u00eancias [&hellip;]<\/p>\n","protected":false},"author":1,"featured_media":0,"parent":0,"menu_order":0,"comment_status":"closed","ping_status":"closed","template":"","meta":{"_acf_changed":false,"footnotes":""},"class_list":["post-45504","page","type-page","status-publish","hentry"],"acf":[],"yoast_head":"<!-- This site is optimized with the Yoast SEO plugin v26.4 - https:\/\/yoast.com\/wordpress\/plugins\/seo\/ -->\n<title>Athma Shanthi Puja - My Palm Leaf<\/title>\n<meta name=\"robots\" content=\"index, follow, max-snippet:-1, max-image-preview:large, max-video-preview:-1\" \/>\n<link rel=\"canonical\" href=\"https:\/\/mypalmleaf.com\/pt-pt\/athma-shanthi-puja\/\" \/>\n<meta property=\"og:locale\" content=\"pt_PT\" \/>\n<meta property=\"og:type\" content=\"article\" \/>\n<meta property=\"og:title\" content=\"Athma Shanthi Puja - My Palm Leaf\" \/>\n<meta property=\"og:description\" content=\"Porqu\u00ea realizar o Athma Shanthi Puja? O Athma Shanthi Puja \u00e9 um ritual compassivo e poderoso que serve tanto os vivos como os que j\u00e1 partiram. Eis porque \u00e9 que \u00e9 importante: Liberta\u00e7\u00e3o da alma: Ajuda a alma que partiu a alcan\u00e7ar a paz e a libertar-se do ciclo de renascimento. Resolu\u00e7\u00e3o k\u00e1rmica: Liberta influ\u00eancias [&hellip;]\" \/>\n<meta property=\"og:url\" content=\"https:\/\/mypalmleaf.com\/pt-pt\/athma-shanthi-puja\/\" \/>\n<meta property=\"og:site_name\" content=\"My Palm Leaf\" \/>\n<meta property=\"article:modified_time\" content=\"2024-11-19T11:05:10+00:00\" \/>\n<meta property=\"og:image\" content=\"https:\/\/staging.mypalmleaf.com\/wp-content\/uploads\/2024\/11\/atma-shant-thumb1.jpg\" \/>\n<meta name=\"twitter:card\" content=\"summary_large_image\" \/>\n<meta name=\"twitter:label1\" content=\"Tempo estimado de leitura\" \/>\n\t<meta name=\"twitter:data1\" content=\"2 minutos\" \/>\n<script type=\"application\/ld+json\" class=\"yoast-schema-graph\">{\"@context\":\"https:\/\/schema.org\",\"@graph\":[{\"@type\":\"WebPage\",\"@id\":\"https:\/\/mypalmleaf.com\/pt-pt\/athma-shanthi-puja\/\",\"url\":\"https:\/\/mypalmleaf.com\/pt-pt\/athma-shanthi-puja\/\",\"name\":\"Athma Shanthi Puja - My Palm Leaf\",\"isPartOf\":{\"@id\":\"https:\/\/mypalmleaf.com\/#website\"},\"primaryImageOfPage\":{\"@id\":\"https:\/\/mypalmleaf.com\/pt-pt\/athma-shanthi-puja\/#primaryimage\"},\"image\":{\"@id\":\"https:\/\/mypalmleaf.com\/pt-pt\/athma-shanthi-puja\/#primaryimage\"},\"thumbnailUrl\":\"https:\/\/staging.mypalmleaf.com\/wp-content\/uploads\/2024\/11\/atma-shant-thumb1.jpg\",\"datePublished\":\"2024-11-10T07:16:42+00:00\",\"dateModified\":\"2024-11-19T11:05:10+00:00\",\"breadcrumb\":{\"@id\":\"https:\/\/mypalmleaf.com\/pt-pt\/athma-shanthi-puja\/#breadcrumb\"},\"inLanguage\":\"pt-PT\",\"potentialAction\":[{\"@type\":\"ReadAction\",\"target\":[\"https:\/\/mypalmleaf.com\/pt-pt\/athma-shanthi-puja\/\"]}]},{\"@type\":\"ImageObject\",\"inLanguage\":\"pt-PT\",\"@id\":\"https:\/\/mypalmleaf.com\/pt-pt\/athma-shanthi-puja\/#primaryimage\",\"url\":\"https:\/\/staging.mypalmleaf.com\/wp-content\/uploads\/2024\/11\/atma-shant-thumb1.jpg\",\"contentUrl\":\"https:\/\/staging.mypalmleaf.com\/wp-content\/uploads\/2024\/11\/atma-shant-thumb1.jpg\"},{\"@type\":\"BreadcrumbList\",\"@id\":\"https:\/\/mypalmleaf.com\/pt-pt\/athma-shanthi-puja\/#breadcrumb\",\"itemListElement\":[{\"@type\":\"ListItem\",\"position\":1,\"name\":\"Home\",\"item\":\"https:\/\/mypalmleaf.com\/pt-pt\/\"},{\"@type\":\"ListItem\",\"position\":2,\"name\":\"Athma Shanthi Puja\"}]},{\"@type\":\"WebSite\",\"@id\":\"https:\/\/mypalmleaf.com\/#website\",\"url\":\"https:\/\/mypalmleaf.com\/\",\"name\":\"My Palm Leaf\",\"description\":\"\",\"potentialAction\":[{\"@type\":\"SearchAction\",\"target\":{\"@type\":\"EntryPoint\",\"urlTemplate\":\"https:\/\/mypalmleaf.com\/?s={search_term_string}\"},\"query-input\":{\"@type\":\"PropertyValueSpecification\",\"valueRequired\":true,\"valueName\":\"search_term_string\"}}],\"inLanguage\":\"pt-PT\"}]}<\/script>\n<!-- \/ Yoast SEO plugin. -->","yoast_head_json":{"title":"Athma Shanthi Puja - My Palm Leaf","robots":{"index":"index","follow":"follow","max-snippet":"max-snippet:-1","max-image-preview":"max-image-preview:large","max-video-preview":"max-video-preview:-1"},"canonical":"https:\/\/mypalmleaf.com\/pt-pt\/athma-shanthi-puja\/","og_locale":"pt_PT","og_type":"article","og_title":"Athma Shanthi Puja - My Palm Leaf","og_description":"Porqu\u00ea realizar o Athma Shanthi Puja? O Athma Shanthi Puja \u00e9 um ritual compassivo e poderoso que serve tanto os vivos como os que j\u00e1 partiram. Eis porque \u00e9 que \u00e9 importante: Liberta\u00e7\u00e3o da alma: Ajuda a alma que partiu a alcan\u00e7ar a paz e a libertar-se do ciclo de renascimento. Resolu\u00e7\u00e3o k\u00e1rmica: Liberta influ\u00eancias [&hellip;]","og_url":"https:\/\/mypalmleaf.com\/pt-pt\/athma-shanthi-puja\/","og_site_name":"My Palm Leaf","article_modified_time":"2024-11-19T11:05:10+00:00","og_image":[{"url":"https:\/\/staging.mypalmleaf.com\/wp-content\/uploads\/2024\/11\/atma-shant-thumb1.jpg","type":"","width":"","height":""}],"twitter_card":"summary_large_image","twitter_misc":{"Tempo estimado de leitura":"2 minutos"},"schema":{"@context":"https:\/\/schema.org","@graph":[{"@type":"WebPage","@id":"https:\/\/mypalmleaf.com\/pt-pt\/athma-shanthi-puja\/","url":"https:\/\/mypalmleaf.com\/pt-pt\/athma-shanthi-puja\/","name":"Athma Shanthi Puja - My Palm Leaf","isPartOf":{"@id":"https:\/\/mypalmleaf.com\/#website"},"primaryImageOfPage":{"@id":"https:\/\/mypalmleaf.com\/pt-pt\/athma-shanthi-puja\/#primaryimage"},"image":{"@id":"https:\/\/mypalmleaf.com\/pt-pt\/athma-shanthi-puja\/#primaryimage"},"thumbnailUrl":"https:\/\/staging.mypalmleaf.com\/wp-content\/uploads\/2024\/11\/atma-shant-thumb1.jpg","datePublished":"2024-11-10T07:16:42+00:00","dateModified":"2024-11-19T11:05:10+00:00","breadcrumb":{"@id":"https:\/\/mypalmleaf.com\/pt-pt\/athma-shanthi-puja\/#breadcrumb"},"inLanguage":"pt-PT","potentialAction":[{"@type":"ReadAction","target":["https:\/\/mypalmleaf.com\/pt-pt\/athma-shanthi-puja\/"]}]},{"@type":"ImageObject","inLanguage":"pt-PT","@id":"https:\/\/mypalmleaf.com\/pt-pt\/athma-shanthi-puja\/#primaryimage","url":"https:\/\/staging.mypalmleaf.com\/wp-content\/uploads\/2024\/11\/atma-shant-thumb1.jpg","contentUrl":"https:\/\/staging.mypalmleaf.com\/wp-content\/uploads\/2024\/11\/atma-shant-thumb1.jpg"},{"@type":"BreadcrumbList","@id":"https:\/\/mypalmleaf.com\/pt-pt\/athma-shanthi-puja\/#breadcrumb","itemListElement":[{"@type":"ListItem","position":1,"name":"Home","item":"https:\/\/mypalmleaf.com\/pt-pt\/"},{"@type":"ListItem","position":2,"name":"Athma Shanthi Puja"}]},{"@type":"WebSite","@id":"https:\/\/mypalmleaf.com\/#website","url":"https:\/\/mypalmleaf.com\/","name":"My Palm Leaf","description":"","potentialAction":[{"@type":"SearchAction","target":{"@type":"EntryPoint","urlTemplate":"https:\/\/mypalmleaf.com\/?s={search_term_string}"},"query-input":{"@type":"PropertyValueSpecification","valueRequired":true,"valueName":"search_term_string"}}],"inLanguage":"pt-PT"}]}},"_links":{"self":[{"href":"https:\/\/mypalmleaf.com\/pt-pt\/wp-json\/wp\/v2\/pages\/45504","targetHints":{"allow":["GET"]}}],"collection":[{"href":"https:\/\/mypalmleaf.com\/pt-pt\/wp-json\/wp\/v2\/pages"}],"about":[{"href":"https:\/\/mypalmleaf.com\/pt-pt\/wp-json\/wp\/v2\/types\/page"}],"author":[{"embeddable":true,"href":"https:\/\/mypalmleaf.com\/pt-pt\/wp-json\/wp\/v2\/users\/1"}],"replies":[{"embeddable":true,"href":"https:\/\/mypalmleaf.com\/pt-pt\/wp-json\/wp\/v2\/comments?post=45504"}],"version-history":[{"count":0,"href":"https:\/\/mypalmleaf.com\/pt-pt\/wp-json\/wp\/v2\/pages\/45504\/revisions"}],"wp:attachment":[{"href":"https:\/\/mypalmleaf.com\/pt-pt\/wp-json\/wp\/v2\/media?parent=45504"}],"curies":[{"name":"wp","href":"https:\/\/api.w.org\/{rel}","templated":true}]}}