
{"id":37604,"date":"2024-09-04T10:10:30","date_gmt":"2024-09-04T10:10:30","guid":{"rendered":"https:\/\/mypalmleaf.com\/prices\/oferece-a-leitura-da-folha-de-palmeira-aos-teus-entes-queridos\/"},"modified":"2025-03-31T10:54:54","modified_gmt":"2025-03-31T10:54:54","slug":"oferece-a-leitura-da-folha-de-palmeira-aos-teus-entes-queridos","status":"publish","type":"product","link":"https:\/\/mypalmleaf.com\/pt-pt\/prices\/oferece-a-leitura-da-folha-de-palmeira-aos-teus-entes-queridos\/","title":{"rendered":"Oferece a leitura da folha de palmeira aos teus entes queridos"},"content":{"rendered":"<p>Recebe um voucher para oferecer a leitura da folha de palmeira a um ente querido.<\/p>\n<ul>\n<li>Localizar os pacotes que podem conter a tua Palm Leaf na \u00cdndia<\/li>\n<li>Fazer o processo de correspond\u00eancia online para identificar a tua Palm Leaf<\/li>\n<li>Leitura do cap\u00edtulo geral<\/li>\n<li>Leitura do cap\u00edtulo 14 (rem\u00e9dios energ\u00e9ticos)<\/li>\n<li>Grava\u00e7\u00e3o de v\u00eddeo da tua leitura<\/li>\n<li>Foto da tua folha de palmeira.<\/li>\n<li>Garantia de devolu\u00e7\u00e3o do dinheiro se a tua folha n\u00e3o for encontrada.<\/li>\n<\/ul>\n","protected":false},"excerpt":{"rendered":"<p><strong>O servi\u00e7o inclui<\/strong><\/p>\n<ul>\n<li>Localizar os pacotes que podem conter a tua Palm Leaf na \u00cdndia<\/li>\n<li>Faz o processo de correspond\u00eancia online para identificar a tua folha de palmeira&#8230;<\/li>\n<\/ul>\n","protected":false},"featured_media":14138,"comment_status":"open","ping_status":"closed","template":"","meta":{"_acf_changed":false},"product_brand":[],"product_cat":[331],"product_tag":[],"class_list":{"0":"post-37604","1":"product","2":"type-product","3":"status-publish","4":"has-post-thumbnail","6":"product_cat-sem-categoria","8":"first","9":"instock","10":"taxable","11":"shipping-taxable","12":"purchasable","13":"product-type-variable"},"exclude_global_add_ons":false,"addons":[{"name":"Nome do destinat\u00e1rio da prenda","type":"custom_text","position":0,"required":true,"title_format":"label","description_enable":false,"description":"","placeholder_enable":false,"placeholder":"","display":"select","restrictions_type":"any_text","adjust_price":false,"price":"","price_type":"flat_fee","restrictions":false,"min":0,"max":0,"options":[],"id":1725954986}],"acf":[],"yoast_head":"<!-- This site is optimized with the Yoast SEO plugin v26.4 - https:\/\/yoast.com\/wordpress\/plugins\/seo\/ -->\n<title>Athma Shanthi Puja \u2013 Presenteie com a Leitura Sagrada<\/title>\n<meta name=\"description\" content=\"Presenteie os teus entes queridos com uma leitura de folha de palmeira e compartilhe sabedoria ancestral, cura e orienta\u00e7\u00e3o para a vida deles.\" \/>\n<meta name=\"robots\" content=\"index, follow, max-snippet:-1, max-image-preview:large, max-video-preview:-1\" \/>\n<link rel=\"canonical\" href=\"https:\/\/mypalmleaf.com\/prices\/gift-voucher\/\" \/>\n<meta property=\"og:locale\" content=\"pt_PT\" \/>\n<meta property=\"og:type\" content=\"article\" \/>\n<meta property=\"og:title\" content=\"Athma Shanthi Puja \u2013 Presenteie com a Leitura Sagrada\" \/>\n<meta property=\"og:description\" content=\"Presenteie os teus entes queridos com uma leitura de folha de palmeira e compartilhe sabedoria ancestral, cura e orienta\u00e7\u00e3o para a vida deles.\" \/>\n<meta property=\"og:url\" content=\"https:\/\/mypalmleaf.com\/prices\/gift-voucher\/\" \/>\n<meta property=\"og:site_name\" content=\"My Palm Leaf\" \/>\n<meta property=\"article:modified_time\" content=\"2025-03-31T10:54:54+00:00\" \/>\n<meta property=\"og:image\" content=\"https:\/\/mypalmleaf.com\/wp-content\/uploads\/2024\/09\/mantra-product-page-21.jpg\" \/>\n\t<meta property=\"og:image:width\" content=\"800\" \/>\n\t<meta property=\"og:image:height\" content=\"444\" \/>\n\t<meta property=\"og:image:type\" content=\"image\/jpeg\" \/>\n<meta name=\"twitter:card\" content=\"summary_large_image\" \/>\n<meta name=\"twitter:label1\" content=\"Tempo estimado de leitura\" \/>\n\t<meta name=\"twitter:data1\" content=\"1 minuto\" \/>\n<script type=\"application\/ld+json\" class=\"yoast-schema-graph\">{\"@context\":\"https:\/\/schema.org\",\"@graph\":[{\"@type\":\"WebPage\",\"@id\":\"https:\/\/mypalmleaf.com\/prices\/gift-voucher\/\",\"url\":\"https:\/\/mypalmleaf.com\/prices\/gift-voucher\/\",\"name\":\"Athma Shanthi Puja \u2013 Presenteie com a Leitura Sagrada\",\"isPartOf\":{\"@id\":\"https:\/\/mypalmleaf.com\/#website\"},\"primaryImageOfPage\":{\"@id\":\"https:\/\/mypalmleaf.com\/prices\/gift-voucher\/#primaryimage\"},\"image\":{\"@id\":\"https:\/\/mypalmleaf.com\/prices\/gift-voucher\/#primaryimage\"},\"thumbnailUrl\":\"https:\/\/mypalmleaf.com\/wp-content\/uploads\/2024\/09\/mantra-product-page-21.jpg\",\"datePublished\":\"2024-09-04T10:10:30+00:00\",\"dateModified\":\"2025-03-31T10:54:54+00:00\",\"description\":\"Presenteie os teus entes queridos com uma leitura de folha de palmeira e compartilhe sabedoria ancestral, cura e orienta\u00e7\u00e3o para a vida deles.\",\"breadcrumb\":{\"@id\":\"https:\/\/mypalmleaf.com\/prices\/gift-voucher\/#breadcrumb\"},\"inLanguage\":\"pt-PT\",\"potentialAction\":[{\"@type\":\"ReadAction\",\"target\":[\"https:\/\/mypalmleaf.com\/prices\/gift-voucher\/\"]}]},{\"@type\":\"ImageObject\",\"inLanguage\":\"pt-PT\",\"@id\":\"https:\/\/mypalmleaf.com\/prices\/gift-voucher\/#primaryimage\",\"url\":\"https:\/\/mypalmleaf.com\/wp-content\/uploads\/2024\/09\/mantra-product-page-21.jpg\",\"contentUrl\":\"https:\/\/mypalmleaf.com\/wp-content\/uploads\/2024\/09\/mantra-product-page-21.jpg\",\"width\":800,\"height\":444,\"caption\":\"A gift card for a palm leaf reading for Maria\"},{\"@type\":\"BreadcrumbList\",\"@id\":\"https:\/\/mypalmleaf.com\/prices\/gift-voucher\/#breadcrumb\",\"itemListElement\":[{\"@type\":\"ListItem\",\"position\":1,\"name\":\"Home\",\"item\":\"https:\/\/mypalmleaf.com\/pt-pt\/\"},{\"@type\":\"ListItem\",\"position\":2,\"name\":\"Shop\",\"item\":\"https:\/\/mypalmleaf.com\/et\/shop\/\"},{\"@type\":\"ListItem\",\"position\":3,\"name\":\"Oferece a leitura da folha de palmeira aos teus entes queridos\"}]},{\"@type\":\"WebSite\",\"@id\":\"https:\/\/mypalmleaf.com\/#website\",\"url\":\"https:\/\/mypalmleaf.com\/\",\"name\":\"My Palm Leaf\",\"description\":\"\",\"potentialAction\":[{\"@type\":\"SearchAction\",\"target\":{\"@type\":\"EntryPoint\",\"urlTemplate\":\"https:\/\/mypalmleaf.com\/?s={search_term_string}\"},\"query-input\":{\"@type\":\"PropertyValueSpecification\",\"valueRequired\":true,\"valueName\":\"search_term_string\"}}],\"inLanguage\":\"pt-PT\"}]}<\/script>\n<!-- \/ Yoast SEO plugin. -->","yoast_head_json":{"title":"Athma Shanthi Puja \u2013 Presenteie com a Leitura Sagrada","description":"Presenteie os teus entes queridos com uma leitura de folha de palmeira e compartilhe sabedoria ancestral, cura e orienta\u00e7\u00e3o para a vida deles.","robots":{"index":"index","follow":"follow","max-snippet":"max-snippet:-1","max-image-preview":"max-image-preview:large","max-video-preview":"max-video-preview:-1"},"canonical":"https:\/\/mypalmleaf.com\/prices\/gift-voucher\/","og_locale":"pt_PT","og_type":"article","og_title":"Athma Shanthi Puja \u2013 Presenteie com a Leitura Sagrada","og_description":"Presenteie os teus entes queridos com uma leitura de folha de palmeira e compartilhe sabedoria ancestral, cura e orienta\u00e7\u00e3o para a vida deles.","og_url":"https:\/\/mypalmleaf.com\/prices\/gift-voucher\/","og_site_name":"My Palm Leaf","article_modified_time":"2025-03-31T10:54:54+00:00","og_image":[{"width":800,"height":444,"url":"https:\/\/mypalmleaf.com\/wp-content\/uploads\/2024\/09\/mantra-product-page-21.jpg","type":"image\/jpeg"}],"twitter_card":"summary_large_image","twitter_misc":{"Tempo estimado de leitura":"1 minuto"},"schema":{"@context":"https:\/\/schema.org","@graph":[{"@type":"WebPage","@id":"https:\/\/mypalmleaf.com\/prices\/gift-voucher\/","url":"https:\/\/mypalmleaf.com\/prices\/gift-voucher\/","name":"Athma Shanthi Puja \u2013 Presenteie com a Leitura Sagrada","isPartOf":{"@id":"https:\/\/mypalmleaf.com\/#website"},"primaryImageOfPage":{"@id":"https:\/\/mypalmleaf.com\/prices\/gift-voucher\/#primaryimage"},"image":{"@id":"https:\/\/mypalmleaf.com\/prices\/gift-voucher\/#primaryimage"},"thumbnailUrl":"https:\/\/mypalmleaf.com\/wp-content\/uploads\/2024\/09\/mantra-product-page-21.jpg","datePublished":"2024-09-04T10:10:30+00:00","dateModified":"2025-03-31T10:54:54+00:00","description":"Presenteie os teus entes queridos com uma leitura de folha de palmeira e compartilhe sabedoria ancestral, cura e orienta\u00e7\u00e3o para a vida deles.","breadcrumb":{"@id":"https:\/\/mypalmleaf.com\/prices\/gift-voucher\/#breadcrumb"},"inLanguage":"pt-PT","potentialAction":[{"@type":"ReadAction","target":["https:\/\/mypalmleaf.com\/prices\/gift-voucher\/"]}]},{"@type":"ImageObject","inLanguage":"pt-PT","@id":"https:\/\/mypalmleaf.com\/prices\/gift-voucher\/#primaryimage","url":"https:\/\/mypalmleaf.com\/wp-content\/uploads\/2024\/09\/mantra-product-page-21.jpg","contentUrl":"https:\/\/mypalmleaf.com\/wp-content\/uploads\/2024\/09\/mantra-product-page-21.jpg","width":800,"height":444,"caption":"A gift card for a palm leaf reading for Maria"},{"@type":"BreadcrumbList","@id":"https:\/\/mypalmleaf.com\/prices\/gift-voucher\/#breadcrumb","itemListElement":[{"@type":"ListItem","position":1,"name":"Home","item":"https:\/\/mypalmleaf.com\/pt-pt\/"},{"@type":"ListItem","position":2,"name":"Shop","item":"https:\/\/mypalmleaf.com\/et\/shop\/"},{"@type":"ListItem","position":3,"name":"Oferece a leitura da folha de palmeira aos teus entes queridos"}]},{"@type":"WebSite","@id":"https:\/\/mypalmleaf.com\/#website","url":"https:\/\/mypalmleaf.com\/","name":"My Palm Leaf","description":"","potentialAction":[{"@type":"SearchAction","target":{"@type":"EntryPoint","urlTemplate":"https:\/\/mypalmleaf.com\/?s={search_term_string}"},"query-input":{"@type":"PropertyValueSpecification","valueRequired":true,"valueName":"search_term_string"}}],"inLanguage":"pt-PT"}]}},"_links":{"self":[{"href":"https:\/\/mypalmleaf.com\/pt-pt\/wp-json\/wp\/v2\/product\/37604","targetHints":{"allow":["GET"]}}],"collection":[{"href":"https:\/\/mypalmleaf.com\/pt-pt\/wp-json\/wp\/v2\/product"}],"about":[{"href":"https:\/\/mypalmleaf.com\/pt-pt\/wp-json\/wp\/v2\/types\/product"}],"replies":[{"embeddable":true,"href":"https:\/\/mypalmleaf.com\/pt-pt\/wp-json\/wp\/v2\/comments?post=37604"}],"wp:featuredmedia":[{"embeddable":true,"href":"https:\/\/mypalmleaf.com\/pt-pt\/wp-json\/wp\/v2\/media\/14138"}],"wp:attachment":[{"href":"https:\/\/mypalmleaf.com\/pt-pt\/wp-json\/wp\/v2\/media?parent=37604"}],"wp:term":[{"taxonomy":"product_brand","embeddable":true,"href":"https:\/\/mypalmleaf.com\/pt-pt\/wp-json\/wp\/v2\/product_brand?post=37604"},{"taxonomy":"product_cat","embeddable":true,"href":"https:\/\/mypalmleaf.com\/pt-pt\/wp-json\/wp\/v2\/product_cat?post=37604"},{"taxonomy":"product_tag","embeddable":true,"href":"https:\/\/mypalmleaf.com\/pt-pt\/wp-json\/wp\/v2\/product_tag?post=37604"}],"curies":[{"name":"wp","href":"https:\/\/api.w.org\/{rel}","templated":true}]}}