
{"id":37628,"date":"2024-03-04T10:45:16","date_gmt":"2024-03-04T10:45:16","guid":{"rendered":"https:\/\/mypalmleaf.com\/prices\/peregrinacao-navagraha\/"},"modified":"2025-04-29T05:44:55","modified_gmt":"2025-04-29T05:44:55","slug":"peregrinacao-navagraha","status":"publish","type":"product","link":"https:\/\/mypalmleaf.com\/pt-pt\/prices\/peregrinacao-navagraha\/","title":{"rendered":"Peregrina\u00e7\u00e3o Navagraha"},"content":{"rendered":"<p>A peregrina\u00e7\u00e3o Navagraha \u00e0 \u00cdndia \u00e9 uma viagem espiritual que te ajuda a limpar o Karma, visitando os templos dedicados aos 9 planetas.<br \/>\nAcontece num pequeno grupo e \u00e9 guiada por um dos nossos guias experientes. <\/p>\n<p>Inclui:<\/p>\n<ul>\n<li>Chamada de prepara\u00e7\u00e3o antes da peregrina\u00e7\u00e3o<\/li>\n<li>Orienta\u00e7\u00e3o e apoio dos nossos guias experientes<\/li>\n<li>Alojamento em quarto individual ou duplo (\u00e0 tua escolha)<\/li>\n<li>Bilhetes de entrada para todas as atrac\u00e7\u00f5es tur\u00edsticas<\/li>\n<li>Transporte terrestre<\/li>\n<\/ul>\n","protected":false},"excerpt":{"rendered":"<p>A peregrina\u00e7\u00e3o Navagraha \u00e0 \u00cdndia \u00e9 uma viagem espiritual que te ajuda a limpar o Karma, visitando os templos dedicados aos 9 planetas.<br \/>\nAcontece num pequeno grupo e \u00e9 guiada&#8230; <\/p>\n","protected":false},"featured_media":3420,"comment_status":"open","ping_status":"closed","template":"","meta":{"_acf_changed":false},"product_brand":[],"product_cat":[331],"product_tag":[],"class_list":{"0":"post-37628","1":"product","2":"type-product","3":"status-publish","4":"has-post-thumbnail","6":"product_cat-sem-categoria","8":"first","9":"instock","10":"purchasable","11":"product-type-variable"},"exclude_global_add_ons":[],"addons":[],"acf":[],"yoast_head":"<!-- This site is optimized with the Yoast SEO plugin v26.4 - https:\/\/yoast.com\/wordpress\/plugins\/seo\/ -->\n<title>Peregrina\u00e7\u00e3o Navagraha - My Palm Leaf<\/title>\n<meta name=\"description\" content=\"Participe da Peregrina\u00e7\u00e3o Navagraha aos nove templos planet\u00e1rios no sul da \u00cdndia e experimente uma transforma\u00e7\u00e3o espiritual profunda e aut\u00eantica.\" \/>\n<meta name=\"robots\" content=\"index, follow, max-snippet:-1, max-image-preview:large, max-video-preview:-1\" \/>\n<link rel=\"canonical\" href=\"https:\/\/mypalmleaf.com\/prices\/navagraha-pilgrimage\/\" \/>\n<meta property=\"og:locale\" content=\"pt_PT\" \/>\n<meta property=\"og:type\" content=\"article\" \/>\n<meta property=\"og:title\" content=\"Peregrina\u00e7\u00e3o Navagraha - My Palm Leaf\" \/>\n<meta property=\"og:description\" content=\"Participe da Peregrina\u00e7\u00e3o Navagraha aos nove templos planet\u00e1rios no sul da \u00cdndia e experimente uma transforma\u00e7\u00e3o espiritual profunda e aut\u00eantica.\" \/>\n<meta property=\"og:url\" content=\"https:\/\/mypalmleaf.com\/prices\/navagraha-pilgrimage\/\" \/>\n<meta property=\"og:site_name\" content=\"My Palm Leaf\" \/>\n<meta property=\"article:modified_time\" content=\"2025-04-29T05:44:55+00:00\" \/>\n<meta property=\"og:image\" content=\"https:\/\/mypalmleaf.com\/wp-content\/uploads\/2024\/09\/mantra-product-page-13.jpg\" \/>\n\t<meta property=\"og:image:width\" content=\"1280\" \/>\n\t<meta property=\"og:image:height\" content=\"720\" \/>\n\t<meta property=\"og:image:type\" content=\"image\/jpeg\" \/>\n<meta name=\"twitter:card\" content=\"summary_large_image\" \/>\n<meta name=\"twitter:label1\" content=\"Tempo estimado de leitura\" \/>\n\t<meta name=\"twitter:data1\" content=\"1 minuto\" \/>\n<script type=\"application\/ld+json\" class=\"yoast-schema-graph\">{\"@context\":\"https:\/\/schema.org\",\"@graph\":[{\"@type\":\"WebPage\",\"@id\":\"https:\/\/mypalmleaf.com\/prices\/navagraha-pilgrimage\/\",\"url\":\"https:\/\/mypalmleaf.com\/prices\/navagraha-pilgrimage\/\",\"name\":\"Peregrina\u00e7\u00e3o Navagraha - My Palm Leaf\",\"isPartOf\":{\"@id\":\"https:\/\/mypalmleaf.com\/#website\"},\"primaryImageOfPage\":{\"@id\":\"https:\/\/mypalmleaf.com\/prices\/navagraha-pilgrimage\/#primaryimage\"},\"image\":{\"@id\":\"https:\/\/mypalmleaf.com\/prices\/navagraha-pilgrimage\/#primaryimage\"},\"thumbnailUrl\":\"https:\/\/mypalmleaf.com\/wp-content\/uploads\/2024\/09\/mantra-product-page-13.jpg\",\"datePublished\":\"2024-03-04T10:45:16+00:00\",\"dateModified\":\"2025-04-29T05:44:55+00:00\",\"description\":\"Participe da Peregrina\u00e7\u00e3o Navagraha aos nove templos planet\u00e1rios no sul da \u00cdndia e experimente uma transforma\u00e7\u00e3o espiritual profunda e aut\u00eantica.\",\"breadcrumb\":{\"@id\":\"https:\/\/mypalmleaf.com\/prices\/navagraha-pilgrimage\/#breadcrumb\"},\"inLanguage\":\"pt-PT\",\"potentialAction\":[{\"@type\":\"ReadAction\",\"target\":[\"https:\/\/mypalmleaf.com\/prices\/navagraha-pilgrimage\/\"]}]},{\"@type\":\"ImageObject\",\"inLanguage\":\"pt-PT\",\"@id\":\"https:\/\/mypalmleaf.com\/prices\/navagraha-pilgrimage\/#primaryimage\",\"url\":\"https:\/\/mypalmleaf.com\/wp-content\/uploads\/2024\/09\/mantra-product-page-13.jpg\",\"contentUrl\":\"https:\/\/mypalmleaf.com\/wp-content\/uploads\/2024\/09\/mantra-product-page-13.jpg\",\"width\":1280,\"height\":720,\"caption\":\"Sri Ranganatha Swamy Temple\"},{\"@type\":\"BreadcrumbList\",\"@id\":\"https:\/\/mypalmleaf.com\/prices\/navagraha-pilgrimage\/#breadcrumb\",\"itemListElement\":[{\"@type\":\"ListItem\",\"position\":1,\"name\":\"Home\",\"item\":\"https:\/\/mypalmleaf.com\/pt-pt\/\"},{\"@type\":\"ListItem\",\"position\":2,\"name\":\"Shop\",\"item\":\"https:\/\/mypalmleaf.com\/et\/shop\/\"},{\"@type\":\"ListItem\",\"position\":3,\"name\":\"Peregrina\u00e7\u00e3o Navagraha\"}]},{\"@type\":\"WebSite\",\"@id\":\"https:\/\/mypalmleaf.com\/#website\",\"url\":\"https:\/\/mypalmleaf.com\/\",\"name\":\"My Palm Leaf\",\"description\":\"\",\"potentialAction\":[{\"@type\":\"SearchAction\",\"target\":{\"@type\":\"EntryPoint\",\"urlTemplate\":\"https:\/\/mypalmleaf.com\/?s={search_term_string}\"},\"query-input\":{\"@type\":\"PropertyValueSpecification\",\"valueRequired\":true,\"valueName\":\"search_term_string\"}}],\"inLanguage\":\"pt-PT\"}]}<\/script>\n<!-- \/ Yoast SEO plugin. -->","yoast_head_json":{"title":"Peregrina\u00e7\u00e3o Navagraha - My Palm Leaf","description":"Participe da Peregrina\u00e7\u00e3o Navagraha aos nove templos planet\u00e1rios no sul da \u00cdndia e experimente uma transforma\u00e7\u00e3o espiritual profunda e aut\u00eantica.","robots":{"index":"index","follow":"follow","max-snippet":"max-snippet:-1","max-image-preview":"max-image-preview:large","max-video-preview":"max-video-preview:-1"},"canonical":"https:\/\/mypalmleaf.com\/prices\/navagraha-pilgrimage\/","og_locale":"pt_PT","og_type":"article","og_title":"Peregrina\u00e7\u00e3o Navagraha - My Palm Leaf","og_description":"Participe da Peregrina\u00e7\u00e3o Navagraha aos nove templos planet\u00e1rios no sul da \u00cdndia e experimente uma transforma\u00e7\u00e3o espiritual profunda e aut\u00eantica.","og_url":"https:\/\/mypalmleaf.com\/prices\/navagraha-pilgrimage\/","og_site_name":"My Palm Leaf","article_modified_time":"2025-04-29T05:44:55+00:00","og_image":[{"width":1280,"height":720,"url":"https:\/\/mypalmleaf.com\/wp-content\/uploads\/2024\/09\/mantra-product-page-13.jpg","type":"image\/jpeg"}],"twitter_card":"summary_large_image","twitter_misc":{"Tempo estimado de leitura":"1 minuto"},"schema":{"@context":"https:\/\/schema.org","@graph":[{"@type":"WebPage","@id":"https:\/\/mypalmleaf.com\/prices\/navagraha-pilgrimage\/","url":"https:\/\/mypalmleaf.com\/prices\/navagraha-pilgrimage\/","name":"Peregrina\u00e7\u00e3o Navagraha - My Palm Leaf","isPartOf":{"@id":"https:\/\/mypalmleaf.com\/#website"},"primaryImageOfPage":{"@id":"https:\/\/mypalmleaf.com\/prices\/navagraha-pilgrimage\/#primaryimage"},"image":{"@id":"https:\/\/mypalmleaf.com\/prices\/navagraha-pilgrimage\/#primaryimage"},"thumbnailUrl":"https:\/\/mypalmleaf.com\/wp-content\/uploads\/2024\/09\/mantra-product-page-13.jpg","datePublished":"2024-03-04T10:45:16+00:00","dateModified":"2025-04-29T05:44:55+00:00","description":"Participe da Peregrina\u00e7\u00e3o Navagraha aos nove templos planet\u00e1rios no sul da \u00cdndia e experimente uma transforma\u00e7\u00e3o espiritual profunda e aut\u00eantica.","breadcrumb":{"@id":"https:\/\/mypalmleaf.com\/prices\/navagraha-pilgrimage\/#breadcrumb"},"inLanguage":"pt-PT","potentialAction":[{"@type":"ReadAction","target":["https:\/\/mypalmleaf.com\/prices\/navagraha-pilgrimage\/"]}]},{"@type":"ImageObject","inLanguage":"pt-PT","@id":"https:\/\/mypalmleaf.com\/prices\/navagraha-pilgrimage\/#primaryimage","url":"https:\/\/mypalmleaf.com\/wp-content\/uploads\/2024\/09\/mantra-product-page-13.jpg","contentUrl":"https:\/\/mypalmleaf.com\/wp-content\/uploads\/2024\/09\/mantra-product-page-13.jpg","width":1280,"height":720,"caption":"Sri Ranganatha Swamy Temple"},{"@type":"BreadcrumbList","@id":"https:\/\/mypalmleaf.com\/prices\/navagraha-pilgrimage\/#breadcrumb","itemListElement":[{"@type":"ListItem","position":1,"name":"Home","item":"https:\/\/mypalmleaf.com\/pt-pt\/"},{"@type":"ListItem","position":2,"name":"Shop","item":"https:\/\/mypalmleaf.com\/et\/shop\/"},{"@type":"ListItem","position":3,"name":"Peregrina\u00e7\u00e3o Navagraha"}]},{"@type":"WebSite","@id":"https:\/\/mypalmleaf.com\/#website","url":"https:\/\/mypalmleaf.com\/","name":"My Palm Leaf","description":"","potentialAction":[{"@type":"SearchAction","target":{"@type":"EntryPoint","urlTemplate":"https:\/\/mypalmleaf.com\/?s={search_term_string}"},"query-input":{"@type":"PropertyValueSpecification","valueRequired":true,"valueName":"search_term_string"}}],"inLanguage":"pt-PT"}]}},"_links":{"self":[{"href":"https:\/\/mypalmleaf.com\/pt-pt\/wp-json\/wp\/v2\/product\/37628","targetHints":{"allow":["GET"]}}],"collection":[{"href":"https:\/\/mypalmleaf.com\/pt-pt\/wp-json\/wp\/v2\/product"}],"about":[{"href":"https:\/\/mypalmleaf.com\/pt-pt\/wp-json\/wp\/v2\/types\/product"}],"replies":[{"embeddable":true,"href":"https:\/\/mypalmleaf.com\/pt-pt\/wp-json\/wp\/v2\/comments?post=37628"}],"wp:featuredmedia":[{"embeddable":true,"href":"https:\/\/mypalmleaf.com\/pt-pt\/wp-json\/wp\/v2\/media\/3420"}],"wp:attachment":[{"href":"https:\/\/mypalmleaf.com\/pt-pt\/wp-json\/wp\/v2\/media?parent=37628"}],"wp:term":[{"taxonomy":"product_brand","embeddable":true,"href":"https:\/\/mypalmleaf.com\/pt-pt\/wp-json\/wp\/v2\/product_brand?post=37628"},{"taxonomy":"product_cat","embeddable":true,"href":"https:\/\/mypalmleaf.com\/pt-pt\/wp-json\/wp\/v2\/product_cat?post=37628"},{"taxonomy":"product_tag","embeddable":true,"href":"https:\/\/mypalmleaf.com\/pt-pt\/wp-json\/wp\/v2\/product_tag?post=37628"}],"curies":[{"name":"wp","href":"https:\/\/api.w.org\/{rel}","templated":true}]}}