
{"id":37631,"date":"2024-03-04T10:58:10","date_gmt":"2024-03-04T10:58:10","guid":{"rendered":"https:\/\/mypalmleaf.com\/prices\/peregrinacao-virtual\/"},"modified":"2025-04-29T05:48:14","modified_gmt":"2025-04-29T05:48:14","slug":"peregrinacao-virtual","status":"publish","type":"product","link":"https:\/\/mypalmleaf.com\/pt-pt\/prices\/peregrinacao-virtual\/","title":{"rendered":"Peregrina\u00e7\u00e3o virtual"},"content":{"rendered":"<p class=\"mb-4\">A Peregrina\u00e7\u00e3o Virtual aos Templos Navagraha foi concebida para te ajudar a limpar os bloqueios c\u00e1rmicos, ligando-te \u00e0 energia dos nove planetas e harmonizando a sua influ\u00eancia na tua vida.  <\/p>\n<p class=\"mb-4\">\u00c9 uma forma poderosa, mas simples, de melhorar as condi\u00e7\u00f5es c\u00e1rmicas e transformar os bloqueios existentes.<br \/>\nEsta peregrina\u00e7\u00e3o pode ser feita por ti ou por um ente querido. <\/p>\n<p>A Peregrina\u00e7\u00e3o Virtual inclui:<\/p>\n<ul class=\"mb-4\">\n<li>Cerim\u00f3nias realizadas para ti nos templos de Navagraha<\/li>\n<li>Acesso a um grupo de WhatsApp e Telegram com actualiza\u00e7\u00f5es di\u00e1rias durante a peregrina\u00e7\u00e3o<\/li>\n<li>Doa\u00e7\u00f5es feitas em teu nome para os templos e para os necessitados<\/li>\n<\/ul>\n<p class=\"mb-4\">Lembran\u00e7as Sagradas (para a segunda op\u00e7\u00e3o):<br \/> S\u00e3o objectos aben\u00e7oados provenientes dos templos ou perto deles, imbu\u00eddos da sua energia.<br \/> Embora n\u00e3o possamos especificar os artigos exactos de antem\u00e3o, eles servem como uma ponte para te ligar \u00e0 energia do templo.<br \/> Para teres uma ideia do que podes esperar, podes <a href=\"https:\/\/www.youtube.com\/watch?v=09WQJn8M8SA\" class=\"text-body\" data-lity=\"\">ver este v\u00eddeo<\/a> de uma peregrina\u00e7\u00e3o anterior.<\/p>\n<p><strong>Nota:<\/strong> As lembran\u00e7as sagradas incluem o envio gratuito para todo o mundo.<\/p>\n","protected":false},"excerpt":{"rendered":"<p>Virtual Pilgrimage to the Navagraha Temples<\/strong> foi concebido para ajudar a limpar os bloqueios k\u00e1rmicos, ligando-te \u00e0 energia dos nove planetas, harmonizando a sua influ\u00eancia na tua vida&#8230;<\/p>\n","protected":false},"featured_media":3507,"comment_status":"open","ping_status":"closed","template":"","meta":{"_acf_changed":false},"product_brand":[],"product_cat":[331],"product_tag":[],"class_list":{"0":"post-37631","1":"product","2":"type-product","3":"status-publish","4":"has-post-thumbnail","6":"product_cat-sem-categoria","8":"first","9":"instock","10":"purchasable","11":"product-type-variable"},"exclude_global_add_ons":[],"addons":[],"acf":[],"yoast_head":"<!-- This site is optimized with the Yoast SEO plugin v26.4 - https:\/\/yoast.com\/wordpress\/plugins\/seo\/ -->\n<title>Peregrina\u00e7\u00e3o virtual - My Palm Leaf<\/title>\n<meta name=\"description\" content=\"Vivencie a Peregrina\u00e7\u00e3o Virtual Navagraha com v\u00eddeos exclusivos, medita\u00e7\u00f5es e cerim\u00f4nias conduzidas remotamente por sacerdotes na \u00cdndia para voc\u00ea.\" \/>\n<meta name=\"robots\" content=\"index, follow, max-snippet:-1, max-image-preview:large, max-video-preview:-1\" \/>\n<link rel=\"canonical\" href=\"https:\/\/mypalmleaf.com\/prices\/virtual-pilgrimage\/\" \/>\n<meta property=\"og:locale\" content=\"pt_PT\" \/>\n<meta property=\"og:type\" content=\"article\" \/>\n<meta property=\"og:title\" content=\"Peregrina\u00e7\u00e3o virtual - My Palm Leaf\" \/>\n<meta property=\"og:description\" content=\"Vivencie a Peregrina\u00e7\u00e3o Virtual Navagraha com v\u00eddeos exclusivos, medita\u00e7\u00f5es e cerim\u00f4nias conduzidas remotamente por sacerdotes na \u00cdndia para voc\u00ea.\" \/>\n<meta property=\"og:url\" content=\"https:\/\/mypalmleaf.com\/prices\/virtual-pilgrimage\/\" \/>\n<meta property=\"og:site_name\" content=\"My Palm Leaf\" \/>\n<meta property=\"article:modified_time\" content=\"2025-04-29T05:48:14+00:00\" \/>\n<meta property=\"og:image\" content=\"https:\/\/mypalmleaf.com\/wp-content\/uploads\/2024\/09\/mantra-product-page-18.jpg\" \/>\n\t<meta property=\"og:image:width\" content=\"1280\" \/>\n\t<meta property=\"og:image:height\" content=\"720\" \/>\n\t<meta property=\"og:image:type\" content=\"image\/jpeg\" \/>\n<meta name=\"twitter:card\" content=\"summary_large_image\" \/>\n<meta name=\"twitter:label1\" content=\"Tempo estimado de leitura\" \/>\n\t<meta name=\"twitter:data1\" content=\"1 minuto\" \/>\n<script type=\"application\/ld+json\" class=\"yoast-schema-graph\">{\"@context\":\"https:\/\/schema.org\",\"@graph\":[{\"@type\":\"WebPage\",\"@id\":\"https:\/\/mypalmleaf.com\/prices\/virtual-pilgrimage\/\",\"url\":\"https:\/\/mypalmleaf.com\/prices\/virtual-pilgrimage\/\",\"name\":\"Peregrina\u00e7\u00e3o virtual - My Palm Leaf\",\"isPartOf\":{\"@id\":\"https:\/\/mypalmleaf.com\/#website\"},\"primaryImageOfPage\":{\"@id\":\"https:\/\/mypalmleaf.com\/prices\/virtual-pilgrimage\/#primaryimage\"},\"image\":{\"@id\":\"https:\/\/mypalmleaf.com\/prices\/virtual-pilgrimage\/#primaryimage\"},\"thumbnailUrl\":\"https:\/\/mypalmleaf.com\/wp-content\/uploads\/2024\/09\/mantra-product-page-18.jpg\",\"datePublished\":\"2024-03-04T10:58:10+00:00\",\"dateModified\":\"2025-04-29T05:48:14+00:00\",\"description\":\"Vivencie a Peregrina\u00e7\u00e3o Virtual Navagraha com v\u00eddeos exclusivos, medita\u00e7\u00f5es e cerim\u00f4nias conduzidas remotamente por sacerdotes na \u00cdndia para voc\u00ea.\",\"breadcrumb\":{\"@id\":\"https:\/\/mypalmleaf.com\/prices\/virtual-pilgrimage\/#breadcrumb\"},\"inLanguage\":\"pt-PT\",\"potentialAction\":[{\"@type\":\"ReadAction\",\"target\":[\"https:\/\/mypalmleaf.com\/prices\/virtual-pilgrimage\/\"]}]},{\"@type\":\"ImageObject\",\"inLanguage\":\"pt-PT\",\"@id\":\"https:\/\/mypalmleaf.com\/prices\/virtual-pilgrimage\/#primaryimage\",\"url\":\"https:\/\/mypalmleaf.com\/wp-content\/uploads\/2024\/09\/mantra-product-page-18.jpg\",\"contentUrl\":\"https:\/\/mypalmleaf.com\/wp-content\/uploads\/2024\/09\/mantra-product-page-18.jpg\",\"width\":1280,\"height\":720,\"caption\":\"Statue of Gods\"},{\"@type\":\"BreadcrumbList\",\"@id\":\"https:\/\/mypalmleaf.com\/prices\/virtual-pilgrimage\/#breadcrumb\",\"itemListElement\":[{\"@type\":\"ListItem\",\"position\":1,\"name\":\"Home\",\"item\":\"https:\/\/mypalmleaf.com\/pt-pt\/\"},{\"@type\":\"ListItem\",\"position\":2,\"name\":\"Shop\",\"item\":\"https:\/\/mypalmleaf.com\/et\/shop\/\"},{\"@type\":\"ListItem\",\"position\":3,\"name\":\"Peregrina\u00e7\u00e3o virtual\"}]},{\"@type\":\"WebSite\",\"@id\":\"https:\/\/mypalmleaf.com\/#website\",\"url\":\"https:\/\/mypalmleaf.com\/\",\"name\":\"My Palm Leaf\",\"description\":\"\",\"potentialAction\":[{\"@type\":\"SearchAction\",\"target\":{\"@type\":\"EntryPoint\",\"urlTemplate\":\"https:\/\/mypalmleaf.com\/?s={search_term_string}\"},\"query-input\":{\"@type\":\"PropertyValueSpecification\",\"valueRequired\":true,\"valueName\":\"search_term_string\"}}],\"inLanguage\":\"pt-PT\"}]}<\/script>\n<!-- \/ Yoast SEO plugin. -->","yoast_head_json":{"title":"Peregrina\u00e7\u00e3o virtual - My Palm Leaf","description":"Vivencie a Peregrina\u00e7\u00e3o Virtual Navagraha com v\u00eddeos exclusivos, medita\u00e7\u00f5es e cerim\u00f4nias conduzidas remotamente por sacerdotes na \u00cdndia para voc\u00ea.","robots":{"index":"index","follow":"follow","max-snippet":"max-snippet:-1","max-image-preview":"max-image-preview:large","max-video-preview":"max-video-preview:-1"},"canonical":"https:\/\/mypalmleaf.com\/prices\/virtual-pilgrimage\/","og_locale":"pt_PT","og_type":"article","og_title":"Peregrina\u00e7\u00e3o virtual - My Palm Leaf","og_description":"Vivencie a Peregrina\u00e7\u00e3o Virtual Navagraha com v\u00eddeos exclusivos, medita\u00e7\u00f5es e cerim\u00f4nias conduzidas remotamente por sacerdotes na \u00cdndia para voc\u00ea.","og_url":"https:\/\/mypalmleaf.com\/prices\/virtual-pilgrimage\/","og_site_name":"My Palm Leaf","article_modified_time":"2025-04-29T05:48:14+00:00","og_image":[{"width":1280,"height":720,"url":"https:\/\/mypalmleaf.com\/wp-content\/uploads\/2024\/09\/mantra-product-page-18.jpg","type":"image\/jpeg"}],"twitter_card":"summary_large_image","twitter_misc":{"Tempo estimado de leitura":"1 minuto"},"schema":{"@context":"https:\/\/schema.org","@graph":[{"@type":"WebPage","@id":"https:\/\/mypalmleaf.com\/prices\/virtual-pilgrimage\/","url":"https:\/\/mypalmleaf.com\/prices\/virtual-pilgrimage\/","name":"Peregrina\u00e7\u00e3o virtual - My Palm Leaf","isPartOf":{"@id":"https:\/\/mypalmleaf.com\/#website"},"primaryImageOfPage":{"@id":"https:\/\/mypalmleaf.com\/prices\/virtual-pilgrimage\/#primaryimage"},"image":{"@id":"https:\/\/mypalmleaf.com\/prices\/virtual-pilgrimage\/#primaryimage"},"thumbnailUrl":"https:\/\/mypalmleaf.com\/wp-content\/uploads\/2024\/09\/mantra-product-page-18.jpg","datePublished":"2024-03-04T10:58:10+00:00","dateModified":"2025-04-29T05:48:14+00:00","description":"Vivencie a Peregrina\u00e7\u00e3o Virtual Navagraha com v\u00eddeos exclusivos, medita\u00e7\u00f5es e cerim\u00f4nias conduzidas remotamente por sacerdotes na \u00cdndia para voc\u00ea.","breadcrumb":{"@id":"https:\/\/mypalmleaf.com\/prices\/virtual-pilgrimage\/#breadcrumb"},"inLanguage":"pt-PT","potentialAction":[{"@type":"ReadAction","target":["https:\/\/mypalmleaf.com\/prices\/virtual-pilgrimage\/"]}]},{"@type":"ImageObject","inLanguage":"pt-PT","@id":"https:\/\/mypalmleaf.com\/prices\/virtual-pilgrimage\/#primaryimage","url":"https:\/\/mypalmleaf.com\/wp-content\/uploads\/2024\/09\/mantra-product-page-18.jpg","contentUrl":"https:\/\/mypalmleaf.com\/wp-content\/uploads\/2024\/09\/mantra-product-page-18.jpg","width":1280,"height":720,"caption":"Statue of Gods"},{"@type":"BreadcrumbList","@id":"https:\/\/mypalmleaf.com\/prices\/virtual-pilgrimage\/#breadcrumb","itemListElement":[{"@type":"ListItem","position":1,"name":"Home","item":"https:\/\/mypalmleaf.com\/pt-pt\/"},{"@type":"ListItem","position":2,"name":"Shop","item":"https:\/\/mypalmleaf.com\/et\/shop\/"},{"@type":"ListItem","position":3,"name":"Peregrina\u00e7\u00e3o virtual"}]},{"@type":"WebSite","@id":"https:\/\/mypalmleaf.com\/#website","url":"https:\/\/mypalmleaf.com\/","name":"My Palm Leaf","description":"","potentialAction":[{"@type":"SearchAction","target":{"@type":"EntryPoint","urlTemplate":"https:\/\/mypalmleaf.com\/?s={search_term_string}"},"query-input":{"@type":"PropertyValueSpecification","valueRequired":true,"valueName":"search_term_string"}}],"inLanguage":"pt-PT"}]}},"_links":{"self":[{"href":"https:\/\/mypalmleaf.com\/pt-pt\/wp-json\/wp\/v2\/product\/37631","targetHints":{"allow":["GET"]}}],"collection":[{"href":"https:\/\/mypalmleaf.com\/pt-pt\/wp-json\/wp\/v2\/product"}],"about":[{"href":"https:\/\/mypalmleaf.com\/pt-pt\/wp-json\/wp\/v2\/types\/product"}],"replies":[{"embeddable":true,"href":"https:\/\/mypalmleaf.com\/pt-pt\/wp-json\/wp\/v2\/comments?post=37631"}],"wp:featuredmedia":[{"embeddable":true,"href":"https:\/\/mypalmleaf.com\/pt-pt\/wp-json\/wp\/v2\/media\/3507"}],"wp:attachment":[{"href":"https:\/\/mypalmleaf.com\/pt-pt\/wp-json\/wp\/v2\/media?parent=37631"}],"wp:term":[{"taxonomy":"product_brand","embeddable":true,"href":"https:\/\/mypalmleaf.com\/pt-pt\/wp-json\/wp\/v2\/product_brand?post=37631"},{"taxonomy":"product_cat","embeddable":true,"href":"https:\/\/mypalmleaf.com\/pt-pt\/wp-json\/wp\/v2\/product_cat?post=37631"},{"taxonomy":"product_tag","embeddable":true,"href":"https:\/\/mypalmleaf.com\/pt-pt\/wp-json\/wp\/v2\/product_tag?post=37631"}],"curies":[{"name":"wp","href":"https:\/\/api.w.org\/{rel}","templated":true}]}}