
{"id":37634,"date":"2024-09-04T10:43:37","date_gmt":"2024-09-04T10:43:37","guid":{"rendered":"https:\/\/mypalmleaf.com\/prices\/remarcar-a-tua-marcacao\/"},"modified":"2025-04-29T05:47:31","modified_gmt":"2025-04-29T05:47:31","slug":"remarcar-a-tua-marcacao","status":"publish","type":"product","link":"https:\/\/mypalmleaf.com\/pt-pt\/prices\/remarcar-a-tua-marcacao\/","title":{"rendered":"Remarcar a tua marca\u00e7\u00e3o"},"content":{"rendered":"<p>Podes remarcar a tua consulta sem qualquer custo at\u00e9 48 horas antes da consulta marcada.<\/p>\n<p>Se remarcares com menos de 48 horas de anteced\u00eancia, n\u00e3o apareceres ou chegares com mais de 20 minutos de atraso, ser\u00e1 cobrada uma taxa de remarca\u00e7\u00e3o, uma vez que a faixa hor\u00e1ria foi bloqueada para ti.<\/p>\n","protected":false},"excerpt":{"rendered":"<p>Se remarcares com menos de 48 horas de anteced\u00eancia&#8230;<\/p>\n","protected":false},"featured_media":10098,"comment_status":"open","ping_status":"closed","template":"","meta":{"_acf_changed":false},"product_brand":[],"product_cat":[331],"product_tag":[],"class_list":{"0":"post-37634","1":"product","2":"type-product","3":"status-publish","4":"has-post-thumbnail","6":"product_cat-sem-categoria","8":"first","9":"instock","10":"virtual","11":"taxable","12":"purchasable","13":"product-type-simple"},"exclude_global_add_ons":[],"addons":[],"acf":[],"yoast_head":"<!-- This site is optimized with the Yoast SEO plugin v26.4 - https:\/\/yoast.com\/wordpress\/plugins\/seo\/ -->\n<title>Remarcar a tua marca\u00e7\u00e3o - My Palm Leaf<\/title>\n<meta name=\"description\" content=\"Precisa remarcar a tua sess\u00e3o? Reagenda facilmente a tua leitura da folha de palmeira e escolhe um novo hor\u00e1rio que se alinhe com a tua disponibilidade.\" \/>\n<meta name=\"robots\" content=\"index, follow, max-snippet:-1, max-image-preview:large, max-video-preview:-1\" \/>\n<link rel=\"canonical\" href=\"https:\/\/mypalmleaf.com\/pt-pt\/prices\/remarcar-a-tua-marcacao\/\" \/>\n<meta property=\"og:locale\" content=\"pt_PT\" \/>\n<meta property=\"og:type\" content=\"article\" \/>\n<meta property=\"og:title\" content=\"Remarcar a tua marca\u00e7\u00e3o - My Palm Leaf\" \/>\n<meta property=\"og:description\" content=\"Precisa remarcar a tua sess\u00e3o? Reagenda facilmente a tua leitura da folha de palmeira e escolhe um novo hor\u00e1rio que se alinhe com a tua disponibilidade.\" \/>\n<meta property=\"og:url\" content=\"https:\/\/mypalmleaf.com\/pt-pt\/prices\/remarcar-a-tua-marcacao\/\" \/>\n<meta property=\"og:site_name\" content=\"My Palm Leaf\" \/>\n<meta property=\"article:modified_time\" content=\"2025-04-29T05:47:31+00:00\" \/>\n<meta property=\"og:image\" content=\"https:\/\/mypalmleaf.com\/wp-content\/uploads\/2024\/09\/services-thumb-1-1-1.jpg\" \/>\n\t<meta property=\"og:image:width\" content=\"800\" \/>\n\t<meta property=\"og:image:height\" content=\"444\" \/>\n\t<meta property=\"og:image:type\" content=\"image\/jpeg\" \/>\n<meta name=\"twitter:card\" content=\"summary_large_image\" \/>\n<meta name=\"twitter:label1\" content=\"Tempo estimado de leitura\" \/>\n\t<meta name=\"twitter:data1\" content=\"1 minuto\" \/>\n<script type=\"application\/ld+json\" class=\"yoast-schema-graph\">{\"@context\":\"https:\/\/schema.org\",\"@graph\":[{\"@type\":\"WebPage\",\"@id\":\"https:\/\/mypalmleaf.com\/pt-pt\/prices\/remarcar-a-tua-marcacao\/\",\"url\":\"https:\/\/mypalmleaf.com\/pt-pt\/prices\/remarcar-a-tua-marcacao\/\",\"name\":\"Remarcar a tua marca\u00e7\u00e3o - My Palm Leaf\",\"isPartOf\":{\"@id\":\"https:\/\/mypalmleaf.com\/#website\"},\"primaryImageOfPage\":{\"@id\":\"https:\/\/mypalmleaf.com\/pt-pt\/prices\/remarcar-a-tua-marcacao\/#primaryimage\"},\"image\":{\"@id\":\"https:\/\/mypalmleaf.com\/pt-pt\/prices\/remarcar-a-tua-marcacao\/#primaryimage\"},\"thumbnailUrl\":\"https:\/\/mypalmleaf.com\/wp-content\/uploads\/2024\/09\/services-thumb-1-1-1.jpg\",\"datePublished\":\"2024-09-04T10:43:37+00:00\",\"dateModified\":\"2025-04-29T05:47:31+00:00\",\"description\":\"Precisa remarcar a tua sess\u00e3o? Reagenda facilmente a tua leitura da folha de palmeira e escolhe um novo hor\u00e1rio que se alinhe com a tua disponibilidade.\",\"breadcrumb\":{\"@id\":\"https:\/\/mypalmleaf.com\/pt-pt\/prices\/remarcar-a-tua-marcacao\/#breadcrumb\"},\"inLanguage\":\"pt-PT\",\"potentialAction\":[{\"@type\":\"ReadAction\",\"target\":[\"https:\/\/mypalmleaf.com\/pt-pt\/prices\/remarcar-a-tua-marcacao\/\"]}]},{\"@type\":\"ImageObject\",\"inLanguage\":\"pt-PT\",\"@id\":\"https:\/\/mypalmleaf.com\/pt-pt\/prices\/remarcar-a-tua-marcacao\/#primaryimage\",\"url\":\"https:\/\/mypalmleaf.com\/wp-content\/uploads\/2024\/09\/services-thumb-1-1-1.jpg\",\"contentUrl\":\"https:\/\/mypalmleaf.com\/wp-content\/uploads\/2024\/09\/services-thumb-1-1-1.jpg\",\"width\":800,\"height\":444,\"caption\":\"Nadi astrology-01\"},{\"@type\":\"BreadcrumbList\",\"@id\":\"https:\/\/mypalmleaf.com\/pt-pt\/prices\/remarcar-a-tua-marcacao\/#breadcrumb\",\"itemListElement\":[{\"@type\":\"ListItem\",\"position\":1,\"name\":\"Home\",\"item\":\"https:\/\/mypalmleaf.com\/pt-pt\/\"},{\"@type\":\"ListItem\",\"position\":2,\"name\":\"Shop\",\"item\":\"https:\/\/mypalmleaf.com\/et\/shop\/\"},{\"@type\":\"ListItem\",\"position\":3,\"name\":\"Remarcar a tua marca\u00e7\u00e3o\"}]},{\"@type\":\"WebSite\",\"@id\":\"https:\/\/mypalmleaf.com\/#website\",\"url\":\"https:\/\/mypalmleaf.com\/\",\"name\":\"My Palm Leaf\",\"description\":\"\",\"potentialAction\":[{\"@type\":\"SearchAction\",\"target\":{\"@type\":\"EntryPoint\",\"urlTemplate\":\"https:\/\/mypalmleaf.com\/?s={search_term_string}\"},\"query-input\":{\"@type\":\"PropertyValueSpecification\",\"valueRequired\":true,\"valueName\":\"search_term_string\"}}],\"inLanguage\":\"pt-PT\"}]}<\/script>\n<!-- \/ Yoast SEO plugin. -->","yoast_head_json":{"title":"Remarcar a tua marca\u00e7\u00e3o - My Palm Leaf","description":"Precisa remarcar a tua sess\u00e3o? Reagenda facilmente a tua leitura da folha de palmeira e escolhe um novo hor\u00e1rio que se alinhe com a tua disponibilidade.","robots":{"index":"index","follow":"follow","max-snippet":"max-snippet:-1","max-image-preview":"max-image-preview:large","max-video-preview":"max-video-preview:-1"},"canonical":"https:\/\/mypalmleaf.com\/pt-pt\/prices\/remarcar-a-tua-marcacao\/","og_locale":"pt_PT","og_type":"article","og_title":"Remarcar a tua marca\u00e7\u00e3o - My Palm Leaf","og_description":"Precisa remarcar a tua sess\u00e3o? Reagenda facilmente a tua leitura da folha de palmeira e escolhe um novo hor\u00e1rio que se alinhe com a tua disponibilidade.","og_url":"https:\/\/mypalmleaf.com\/pt-pt\/prices\/remarcar-a-tua-marcacao\/","og_site_name":"My Palm Leaf","article_modified_time":"2025-04-29T05:47:31+00:00","og_image":[{"width":800,"height":444,"url":"https:\/\/mypalmleaf.com\/wp-content\/uploads\/2024\/09\/services-thumb-1-1-1.jpg","type":"image\/jpeg"}],"twitter_card":"summary_large_image","twitter_misc":{"Tempo estimado de leitura":"1 minuto"},"schema":{"@context":"https:\/\/schema.org","@graph":[{"@type":"WebPage","@id":"https:\/\/mypalmleaf.com\/pt-pt\/prices\/remarcar-a-tua-marcacao\/","url":"https:\/\/mypalmleaf.com\/pt-pt\/prices\/remarcar-a-tua-marcacao\/","name":"Remarcar a tua marca\u00e7\u00e3o - My Palm Leaf","isPartOf":{"@id":"https:\/\/mypalmleaf.com\/#website"},"primaryImageOfPage":{"@id":"https:\/\/mypalmleaf.com\/pt-pt\/prices\/remarcar-a-tua-marcacao\/#primaryimage"},"image":{"@id":"https:\/\/mypalmleaf.com\/pt-pt\/prices\/remarcar-a-tua-marcacao\/#primaryimage"},"thumbnailUrl":"https:\/\/mypalmleaf.com\/wp-content\/uploads\/2024\/09\/services-thumb-1-1-1.jpg","datePublished":"2024-09-04T10:43:37+00:00","dateModified":"2025-04-29T05:47:31+00:00","description":"Precisa remarcar a tua sess\u00e3o? Reagenda facilmente a tua leitura da folha de palmeira e escolhe um novo hor\u00e1rio que se alinhe com a tua disponibilidade.","breadcrumb":{"@id":"https:\/\/mypalmleaf.com\/pt-pt\/prices\/remarcar-a-tua-marcacao\/#breadcrumb"},"inLanguage":"pt-PT","potentialAction":[{"@type":"ReadAction","target":["https:\/\/mypalmleaf.com\/pt-pt\/prices\/remarcar-a-tua-marcacao\/"]}]},{"@type":"ImageObject","inLanguage":"pt-PT","@id":"https:\/\/mypalmleaf.com\/pt-pt\/prices\/remarcar-a-tua-marcacao\/#primaryimage","url":"https:\/\/mypalmleaf.com\/wp-content\/uploads\/2024\/09\/services-thumb-1-1-1.jpg","contentUrl":"https:\/\/mypalmleaf.com\/wp-content\/uploads\/2024\/09\/services-thumb-1-1-1.jpg","width":800,"height":444,"caption":"Nadi astrology-01"},{"@type":"BreadcrumbList","@id":"https:\/\/mypalmleaf.com\/pt-pt\/prices\/remarcar-a-tua-marcacao\/#breadcrumb","itemListElement":[{"@type":"ListItem","position":1,"name":"Home","item":"https:\/\/mypalmleaf.com\/pt-pt\/"},{"@type":"ListItem","position":2,"name":"Shop","item":"https:\/\/mypalmleaf.com\/et\/shop\/"},{"@type":"ListItem","position":3,"name":"Remarcar a tua marca\u00e7\u00e3o"}]},{"@type":"WebSite","@id":"https:\/\/mypalmleaf.com\/#website","url":"https:\/\/mypalmleaf.com\/","name":"My Palm Leaf","description":"","potentialAction":[{"@type":"SearchAction","target":{"@type":"EntryPoint","urlTemplate":"https:\/\/mypalmleaf.com\/?s={search_term_string}"},"query-input":{"@type":"PropertyValueSpecification","valueRequired":true,"valueName":"search_term_string"}}],"inLanguage":"pt-PT"}]}},"_links":{"self":[{"href":"https:\/\/mypalmleaf.com\/pt-pt\/wp-json\/wp\/v2\/product\/37634","targetHints":{"allow":["GET"]}}],"collection":[{"href":"https:\/\/mypalmleaf.com\/pt-pt\/wp-json\/wp\/v2\/product"}],"about":[{"href":"https:\/\/mypalmleaf.com\/pt-pt\/wp-json\/wp\/v2\/types\/product"}],"replies":[{"embeddable":true,"href":"https:\/\/mypalmleaf.com\/pt-pt\/wp-json\/wp\/v2\/comments?post=37634"}],"wp:featuredmedia":[{"embeddable":true,"href":"https:\/\/mypalmleaf.com\/pt-pt\/wp-json\/wp\/v2\/media\/10098"}],"wp:attachment":[{"href":"https:\/\/mypalmleaf.com\/pt-pt\/wp-json\/wp\/v2\/media?parent=37634"}],"wp:term":[{"taxonomy":"product_brand","embeddable":true,"href":"https:\/\/mypalmleaf.com\/pt-pt\/wp-json\/wp\/v2\/product_brand?post=37634"},{"taxonomy":"product_cat","embeddable":true,"href":"https:\/\/mypalmleaf.com\/pt-pt\/wp-json\/wp\/v2\/product_cat?post=37634"},{"taxonomy":"product_tag","embeddable":true,"href":"https:\/\/mypalmleaf.com\/pt-pt\/wp-json\/wp\/v2\/product_tag?post=37634"}],"curies":[{"name":"wp","href":"https:\/\/api.w.org\/{rel}","templated":true}]}}