
{"id":37646,"date":"2024-09-04T10:44:34","date_gmt":"2024-09-04T10:44:34","guid":{"rendered":"https:\/\/mypalmleaf.com\/prices\/malas-contas-de-oracao-feitas-a-mao\/"},"modified":"2025-04-29T06:06:15","modified_gmt":"2025-04-29T06:06:15","slug":"malas-contas-de-oracao-feitas-a-mao","status":"publish","type":"product","link":"https:\/\/mypalmleaf.com\/pt-pt\/prices\/malas-contas-de-oracao-feitas-a-mao\/","title":{"rendered":"Malas &#8211; contas de ora\u00e7\u00e3o feitas \u00e0 m\u00e3o"},"content":{"rendered":"<p>Uma Mala, ou conta de ora\u00e7\u00e3o, \u00e9 uma ferramenta poderosa na pr\u00e1tica do Mantra, concebida para te ajudar a manter a concentra\u00e7\u00e3o e a aprofundar a tua medita\u00e7\u00e3o. Cada Mala \u00e9 infundida com a energia da tua pr\u00e1tica, servindo como um companheiro espiritual na tua jornada. Oferecemos-te duas varia\u00e7\u00f5es \u00fanicas, cada uma feita com cuidado e prop\u00f3sito:<\/p>\n<ul>\n<li><strong>Rudraksha Mala dos Himalaias<\/strong><br \/>\nEsta Mala tradicional \u00e9 feita de sementes sagradas de Rudraksha, veneradas pelo seu significado espiritual e associa\u00e7\u00e3o com Shiva. Conhecidas pela sua capacidade de apoiar a medita\u00e7\u00e3o profunda, estas contas s\u00e3o cuidadosamente obtidas na regi\u00e3o dos Himalaias e acredita-se que melhoram o crescimento espiritual e a prote\u00e7\u00e3o. A tua Rudraksha Mala ser\u00e1 enviada \u00e0 tua porta, transportando a energia sagrada da sua origem.<\/li>\n<li><strong>Mala feito \u00e0 m\u00e3o pelo nosso artes\u00e3o, Spanda<\/strong><br \/>\nPara uma experi\u00eancia mais personalizada, escolhe um Mala premium, feito \u00e0 m\u00e3o pelo nosso artista de Mala, Spanda. Antes de come\u00e7ar a criar o teu Mala, o Spanda far\u00e1 uma videochamada contigo para discutir as tuas inten\u00e7\u00f5es, as energias que desejas convidar para a tua vida e as tuas prefer\u00eancias por pedras semi-preciosas. Em seguida, ele ir\u00e1 criar \u00e0 m\u00e3o a Mala especificamente para ti, infundindo-a com b\u00ean\u00e7\u00e3os e energia espiritual antes de a enviar para ti. Este Mala personalizado \u00e9 mais do que uma ferramenta de medita\u00e7\u00e3o; \u00e9 um reflexo da tua jornada espiritual pessoal.<\/li>\n<\/ul>\n","protected":false},"excerpt":{"rendered":"<p>Um Mala, ou conta de ora\u00e7\u00e3o, \u00e9 uma ferramenta poderosa na pr\u00e1tica do Mantra, concebida para te ajudar a manteres-te concentrado e a aprofundares a tua medita\u00e7\u00e3o.<\/p>\n","protected":false},"featured_media":4190,"comment_status":"open","ping_status":"closed","template":"","meta":{"_acf_changed":false},"product_brand":[],"product_cat":[331],"product_tag":[],"class_list":{"0":"post-37646","1":"product","2":"type-product","3":"status-publish","4":"has-post-thumbnail","6":"product_cat-sem-categoria","7":"product_shipping_class-produto-fisico","9":"first","10":"instock","11":"taxable","12":"shipping-taxable","13":"purchasable","14":"product-type-variable"},"exclude_global_add_ons":[],"addons":[],"acf":[],"yoast_head":"<!-- This site is optimized with the Yoast SEO plugin v26.4 - https:\/\/yoast.com\/wordpress\/plugins\/seo\/ -->\n<title>Malas - contas de ora\u00e7\u00e3o feitas \u00e0 m\u00e3o - My Palm Leaf<\/title>\n<meta name=\"description\" content=\"Adquira malas espirituais sagradas feitas \u00e0 m\u00e3o na \u00cdndia, perfeitas para medita\u00e7\u00e3o, recita\u00e7\u00e3o de mantras e pr\u00e1ticas devocionais profundas e transformadoras.\" \/>\n<meta name=\"robots\" content=\"index, follow, max-snippet:-1, max-image-preview:large, max-video-preview:-1\" \/>\n<link rel=\"canonical\" href=\"https:\/\/mypalmleaf.com\/prices\/malas_prayer_beads_japamala\/\" \/>\n<meta property=\"og:locale\" content=\"pt_PT\" \/>\n<meta property=\"og:type\" content=\"article\" \/>\n<meta property=\"og:title\" content=\"Malas - contas de ora\u00e7\u00e3o feitas \u00e0 m\u00e3o - My Palm Leaf\" \/>\n<meta property=\"og:description\" content=\"Adquira malas espirituais sagradas feitas \u00e0 m\u00e3o na \u00cdndia, perfeitas para medita\u00e7\u00e3o, recita\u00e7\u00e3o de mantras e pr\u00e1ticas devocionais profundas e transformadoras.\" \/>\n<meta property=\"og:url\" content=\"https:\/\/mypalmleaf.com\/prices\/malas_prayer_beads_japamala\/\" \/>\n<meta property=\"og:site_name\" content=\"My Palm Leaf\" \/>\n<meta property=\"article:modified_time\" content=\"2025-04-29T06:06:15+00:00\" \/>\n<meta property=\"og:image\" content=\"https:\/\/mypalmleaf.com\/wp-content\/uploads\/2024\/09\/mala.jpg\" \/>\n\t<meta property=\"og:image:width\" content=\"1280\" \/>\n\t<meta property=\"og:image:height\" content=\"720\" \/>\n\t<meta property=\"og:image:type\" content=\"image\/jpeg\" \/>\n<meta name=\"twitter:card\" content=\"summary_large_image\" \/>\n<meta name=\"twitter:label1\" content=\"Tempo estimado de leitura\" \/>\n\t<meta name=\"twitter:data1\" content=\"2 minutos\" \/>\n<script type=\"application\/ld+json\" class=\"yoast-schema-graph\">{\"@context\":\"https:\/\/schema.org\",\"@graph\":[{\"@type\":\"WebPage\",\"@id\":\"https:\/\/mypalmleaf.com\/prices\/malas_prayer_beads_japamala\/\",\"url\":\"https:\/\/mypalmleaf.com\/prices\/malas_prayer_beads_japamala\/\",\"name\":\"Malas - contas de ora\u00e7\u00e3o feitas \u00e0 m\u00e3o - My Palm Leaf\",\"isPartOf\":{\"@id\":\"https:\/\/mypalmleaf.com\/#website\"},\"primaryImageOfPage\":{\"@id\":\"https:\/\/mypalmleaf.com\/prices\/malas_prayer_beads_japamala\/#primaryimage\"},\"image\":{\"@id\":\"https:\/\/mypalmleaf.com\/prices\/malas_prayer_beads_japamala\/#primaryimage\"},\"thumbnailUrl\":\"https:\/\/mypalmleaf.com\/wp-content\/uploads\/2024\/09\/mala.jpg\",\"datePublished\":\"2024-09-04T10:44:34+00:00\",\"dateModified\":\"2025-04-29T06:06:15+00:00\",\"description\":\"Adquira malas espirituais sagradas feitas \u00e0 m\u00e3o na \u00cdndia, perfeitas para medita\u00e7\u00e3o, recita\u00e7\u00e3o de mantras e pr\u00e1ticas devocionais profundas e transformadoras.\",\"breadcrumb\":{\"@id\":\"https:\/\/mypalmleaf.com\/prices\/malas_prayer_beads_japamala\/#breadcrumb\"},\"inLanguage\":\"pt-PT\",\"potentialAction\":[{\"@type\":\"ReadAction\",\"target\":[\"https:\/\/mypalmleaf.com\/prices\/malas_prayer_beads_japamala\/\"]}]},{\"@type\":\"ImageObject\",\"inLanguage\":\"pt-PT\",\"@id\":\"https:\/\/mypalmleaf.com\/prices\/malas_prayer_beads_japamala\/#primaryimage\",\"url\":\"https:\/\/mypalmleaf.com\/wp-content\/uploads\/2024\/09\/mala.jpg\",\"contentUrl\":\"https:\/\/mypalmleaf.com\/wp-content\/uploads\/2024\/09\/mala.jpg\",\"width\":1280,\"height\":720,\"caption\":\"mala\"},{\"@type\":\"BreadcrumbList\",\"@id\":\"https:\/\/mypalmleaf.com\/prices\/malas_prayer_beads_japamala\/#breadcrumb\",\"itemListElement\":[{\"@type\":\"ListItem\",\"position\":1,\"name\":\"Home\",\"item\":\"https:\/\/mypalmleaf.com\/pt-pt\/\"},{\"@type\":\"ListItem\",\"position\":2,\"name\":\"Shop\",\"item\":\"https:\/\/mypalmleaf.com\/et\/shop\/\"},{\"@type\":\"ListItem\",\"position\":3,\"name\":\"Malas &#8211; contas de ora\u00e7\u00e3o feitas \u00e0 m\u00e3o\"}]},{\"@type\":\"WebSite\",\"@id\":\"https:\/\/mypalmleaf.com\/#website\",\"url\":\"https:\/\/mypalmleaf.com\/\",\"name\":\"My Palm Leaf\",\"description\":\"\",\"potentialAction\":[{\"@type\":\"SearchAction\",\"target\":{\"@type\":\"EntryPoint\",\"urlTemplate\":\"https:\/\/mypalmleaf.com\/?s={search_term_string}\"},\"query-input\":{\"@type\":\"PropertyValueSpecification\",\"valueRequired\":true,\"valueName\":\"search_term_string\"}}],\"inLanguage\":\"pt-PT\"}]}<\/script>\n<!-- \/ Yoast SEO plugin. -->","yoast_head_json":{"title":"Malas - contas de ora\u00e7\u00e3o feitas \u00e0 m\u00e3o - My Palm Leaf","description":"Adquira malas espirituais sagradas feitas \u00e0 m\u00e3o na \u00cdndia, perfeitas para medita\u00e7\u00e3o, recita\u00e7\u00e3o de mantras e pr\u00e1ticas devocionais profundas e transformadoras.","robots":{"index":"index","follow":"follow","max-snippet":"max-snippet:-1","max-image-preview":"max-image-preview:large","max-video-preview":"max-video-preview:-1"},"canonical":"https:\/\/mypalmleaf.com\/prices\/malas_prayer_beads_japamala\/","og_locale":"pt_PT","og_type":"article","og_title":"Malas - contas de ora\u00e7\u00e3o feitas \u00e0 m\u00e3o - My Palm Leaf","og_description":"Adquira malas espirituais sagradas feitas \u00e0 m\u00e3o na \u00cdndia, perfeitas para medita\u00e7\u00e3o, recita\u00e7\u00e3o de mantras e pr\u00e1ticas devocionais profundas e transformadoras.","og_url":"https:\/\/mypalmleaf.com\/prices\/malas_prayer_beads_japamala\/","og_site_name":"My Palm Leaf","article_modified_time":"2025-04-29T06:06:15+00:00","og_image":[{"width":1280,"height":720,"url":"https:\/\/mypalmleaf.com\/wp-content\/uploads\/2024\/09\/mala.jpg","type":"image\/jpeg"}],"twitter_card":"summary_large_image","twitter_misc":{"Tempo estimado de leitura":"2 minutos"},"schema":{"@context":"https:\/\/schema.org","@graph":[{"@type":"WebPage","@id":"https:\/\/mypalmleaf.com\/prices\/malas_prayer_beads_japamala\/","url":"https:\/\/mypalmleaf.com\/prices\/malas_prayer_beads_japamala\/","name":"Malas - contas de ora\u00e7\u00e3o feitas \u00e0 m\u00e3o - My Palm Leaf","isPartOf":{"@id":"https:\/\/mypalmleaf.com\/#website"},"primaryImageOfPage":{"@id":"https:\/\/mypalmleaf.com\/prices\/malas_prayer_beads_japamala\/#primaryimage"},"image":{"@id":"https:\/\/mypalmleaf.com\/prices\/malas_prayer_beads_japamala\/#primaryimage"},"thumbnailUrl":"https:\/\/mypalmleaf.com\/wp-content\/uploads\/2024\/09\/mala.jpg","datePublished":"2024-09-04T10:44:34+00:00","dateModified":"2025-04-29T06:06:15+00:00","description":"Adquira malas espirituais sagradas feitas \u00e0 m\u00e3o na \u00cdndia, perfeitas para medita\u00e7\u00e3o, recita\u00e7\u00e3o de mantras e pr\u00e1ticas devocionais profundas e transformadoras.","breadcrumb":{"@id":"https:\/\/mypalmleaf.com\/prices\/malas_prayer_beads_japamala\/#breadcrumb"},"inLanguage":"pt-PT","potentialAction":[{"@type":"ReadAction","target":["https:\/\/mypalmleaf.com\/prices\/malas_prayer_beads_japamala\/"]}]},{"@type":"ImageObject","inLanguage":"pt-PT","@id":"https:\/\/mypalmleaf.com\/prices\/malas_prayer_beads_japamala\/#primaryimage","url":"https:\/\/mypalmleaf.com\/wp-content\/uploads\/2024\/09\/mala.jpg","contentUrl":"https:\/\/mypalmleaf.com\/wp-content\/uploads\/2024\/09\/mala.jpg","width":1280,"height":720,"caption":"mala"},{"@type":"BreadcrumbList","@id":"https:\/\/mypalmleaf.com\/prices\/malas_prayer_beads_japamala\/#breadcrumb","itemListElement":[{"@type":"ListItem","position":1,"name":"Home","item":"https:\/\/mypalmleaf.com\/pt-pt\/"},{"@type":"ListItem","position":2,"name":"Shop","item":"https:\/\/mypalmleaf.com\/et\/shop\/"},{"@type":"ListItem","position":3,"name":"Malas &#8211; contas de ora\u00e7\u00e3o feitas \u00e0 m\u00e3o"}]},{"@type":"WebSite","@id":"https:\/\/mypalmleaf.com\/#website","url":"https:\/\/mypalmleaf.com\/","name":"My Palm Leaf","description":"","potentialAction":[{"@type":"SearchAction","target":{"@type":"EntryPoint","urlTemplate":"https:\/\/mypalmleaf.com\/?s={search_term_string}"},"query-input":{"@type":"PropertyValueSpecification","valueRequired":true,"valueName":"search_term_string"}}],"inLanguage":"pt-PT"}]}},"_links":{"self":[{"href":"https:\/\/mypalmleaf.com\/pt-pt\/wp-json\/wp\/v2\/product\/37646","targetHints":{"allow":["GET"]}}],"collection":[{"href":"https:\/\/mypalmleaf.com\/pt-pt\/wp-json\/wp\/v2\/product"}],"about":[{"href":"https:\/\/mypalmleaf.com\/pt-pt\/wp-json\/wp\/v2\/types\/product"}],"replies":[{"embeddable":true,"href":"https:\/\/mypalmleaf.com\/pt-pt\/wp-json\/wp\/v2\/comments?post=37646"}],"wp:featuredmedia":[{"embeddable":true,"href":"https:\/\/mypalmleaf.com\/pt-pt\/wp-json\/wp\/v2\/media\/4190"}],"wp:attachment":[{"href":"https:\/\/mypalmleaf.com\/pt-pt\/wp-json\/wp\/v2\/media?parent=37646"}],"wp:term":[{"taxonomy":"product_brand","embeddable":true,"href":"https:\/\/mypalmleaf.com\/pt-pt\/wp-json\/wp\/v2\/product_brand?post=37646"},{"taxonomy":"product_cat","embeddable":true,"href":"https:\/\/mypalmleaf.com\/pt-pt\/wp-json\/wp\/v2\/product_cat?post=37646"},{"taxonomy":"product_tag","embeddable":true,"href":"https:\/\/mypalmleaf.com\/pt-pt\/wp-json\/wp\/v2\/product_tag?post=37646"}],"curies":[{"name":"wp","href":"https:\/\/api.w.org\/{rel}","templated":true}]}}