{"id":37648,"date":"2024-09-04T10:45:22","date_gmt":"2024-09-04T10:45:22","guid":{"rendered":"https:\/\/mypalmleaf.com\/prices\/consulta-de-60-minutos-com-um-dos-nossos-moderadores\/"},"modified":"2025-04-29T06:05:15","modified_gmt":"2025-04-29T06:05:15","slug":"consulta-de-60-minutos-com-um-dos-nossos-moderadores","status":"publish","type":"product","link":"https:\/\/mypalmleaf.com\/pt-pt\/prices\/consulta-de-60-minutos-com-um-dos-nossos-moderadores\/","title":{"rendered":"Consulta de 60 minutos com um dos nossos moderadores"},"content":{"rendered":"<p>A leitura da Folha de Palma pode iniciar processos de transforma\u00e7\u00e3o profundos, que eventualmente te levar\u00e3o a mais felicidade, mas tamb\u00e9m pode ser um desafio. No caso de quereres apoio para integrar a informa\u00e7\u00e3o e a experi\u00eancia na tua vida, oferecemos chamadas de integra\u00e7\u00e3o e coaching via Zoom. <\/p>\n<p>Podes <a href=\"\/integration-and-guidance-calls\/\">ver aqui<\/a>, quem dos nossos guias centrados no cora\u00e7\u00e3o est\u00e1 dispon\u00edvel para chamadas de integra\u00e7\u00e3o. Depois de reservares a chamada, receber\u00e1s links para todos os seus calend\u00e1rios e poder\u00e1s escolher entre as suas datas dispon\u00edveis, quando gostarias de ter o encontro. <\/p>\n","protected":false},"excerpt":{"rendered":"<p>A leitura da Folha de Palma pode iniciar processos de transforma\u00e7\u00e3o profundos, que eventualmente te levar\u00e3o a uma maior felicidade, mas tamb\u00e9m pode ser um desafio&#8230;<\/p>\n","protected":false},"featured_media":44426,"comment_status":"open","ping_status":"closed","template":"","meta":{"_acf_changed":false},"product_brand":[],"product_cat":[331],"product_tag":[],"class_list":{"0":"post-37648","1":"product","2":"type-product","3":"status-publish","4":"has-post-thumbnail","6":"product_cat-sem-categoria","8":"first","9":"instock","10":"taxable","11":"shipping-taxable","12":"purchasable","13":"product-type-variable"},"exclude_global_add_ons":[],"addons":[],"acf":[],"yoast_head":"<!-- This site is optimized with the Yoast SEO plugin v26.4 - https:\/\/yoast.com\/wordpress\/plugins\/seo\/ -->\n<title>Consulta de 60 minutos com um dos nossos moderadores - My Palm Leaf<\/title>\n<meta name=\"description\" content=\"Agende agora uma consulta espiritual de 60 minutos com um dos nossos moderadores e receba orienta\u00e7\u00e3o personalizada baseada na sua leitura de vida.\" \/>\n<meta name=\"robots\" content=\"index, follow, max-snippet:-1, max-image-preview:large, max-video-preview:-1\" \/>\n<link rel=\"canonical\" href=\"https:\/\/mypalmleaf.com\/pt-pt\/prices\/consulta-de-60-minutos-com-um-dos-nossos-moderadores\/\" \/>\n<meta property=\"og:locale\" content=\"pt_PT\" \/>\n<meta property=\"og:type\" content=\"article\" \/>\n<meta property=\"og:title\" content=\"Consulta de 60 minutos com um dos nossos moderadores - My Palm Leaf\" \/>\n<meta property=\"og:description\" content=\"Agende agora uma consulta espiritual de 60 minutos com um dos nossos moderadores e receba orienta\u00e7\u00e3o personalizada baseada na sua leitura de vida.\" \/>\n<meta property=\"og:url\" content=\"https:\/\/mypalmleaf.com\/pt-pt\/prices\/consulta-de-60-minutos-com-um-dos-nossos-moderadores\/\" \/>\n<meta property=\"og:site_name\" content=\"My Palm Leaf\" \/>\n<meta property=\"article:modified_time\" content=\"2025-04-29T06:05:15+00:00\" \/>\n<meta property=\"og:image\" content=\"https:\/\/mypalmleaf.com\/wp-content\/uploads\/2024\/09\/integrationcall-prd-thumb2.jpg\" \/>\n\t<meta property=\"og:image:width\" content=\"819\" \/>\n\t<meta property=\"og:image:height\" content=\"464\" \/>\n\t<meta property=\"og:image:type\" content=\"image\/jpeg\" \/>\n<meta name=\"twitter:card\" content=\"summary_large_image\" \/>\n<meta name=\"twitter:label1\" content=\"Tempo estimado de leitura\" \/>\n\t<meta name=\"twitter:data1\" content=\"1 minuto\" \/>\n<script type=\"application\/ld+json\" class=\"yoast-schema-graph\">{\"@context\":\"https:\/\/schema.org\",\"@graph\":[{\"@type\":\"WebPage\",\"@id\":\"https:\/\/mypalmleaf.com\/pt-pt\/prices\/consulta-de-60-minutos-com-um-dos-nossos-moderadores\/\",\"url\":\"https:\/\/mypalmleaf.com\/pt-pt\/prices\/consulta-de-60-minutos-com-um-dos-nossos-moderadores\/\",\"name\":\"Consulta de 60 minutos com um dos nossos moderadores - My Palm Leaf\",\"isPartOf\":{\"@id\":\"https:\/\/mypalmleaf.com\/#website\"},\"primaryImageOfPage\":{\"@id\":\"https:\/\/mypalmleaf.com\/pt-pt\/prices\/consulta-de-60-minutos-com-um-dos-nossos-moderadores\/#primaryimage\"},\"image\":{\"@id\":\"https:\/\/mypalmleaf.com\/pt-pt\/prices\/consulta-de-60-minutos-com-um-dos-nossos-moderadores\/#primaryimage\"},\"thumbnailUrl\":\"https:\/\/mypalmleaf.com\/wp-content\/uploads\/2024\/09\/integrationcall-prd-thumb2.jpg\",\"datePublished\":\"2024-09-04T10:45:22+00:00\",\"dateModified\":\"2025-04-29T06:05:15+00:00\",\"description\":\"Agende agora uma consulta espiritual de 60 minutos com um dos nossos moderadores e receba orienta\u00e7\u00e3o personalizada baseada na sua leitura de vida.\",\"breadcrumb\":{\"@id\":\"https:\/\/mypalmleaf.com\/pt-pt\/prices\/consulta-de-60-minutos-com-um-dos-nossos-moderadores\/#breadcrumb\"},\"inLanguage\":\"pt-PT\",\"potentialAction\":[{\"@type\":\"ReadAction\",\"target\":[\"https:\/\/mypalmleaf.com\/pt-pt\/prices\/consulta-de-60-minutos-com-um-dos-nossos-moderadores\/\"]}]},{\"@type\":\"ImageObject\",\"inLanguage\":\"pt-PT\",\"@id\":\"https:\/\/mypalmleaf.com\/pt-pt\/prices\/consulta-de-60-minutos-com-um-dos-nossos-moderadores\/#primaryimage\",\"url\":\"https:\/\/mypalmleaf.com\/wp-content\/uploads\/2024\/09\/integrationcall-prd-thumb2.jpg\",\"contentUrl\":\"https:\/\/mypalmleaf.com\/wp-content\/uploads\/2024\/09\/integrationcall-prd-thumb2.jpg\",\"width\":819,\"height\":464,\"caption\":\"listening\"},{\"@type\":\"BreadcrumbList\",\"@id\":\"https:\/\/mypalmleaf.com\/pt-pt\/prices\/consulta-de-60-minutos-com-um-dos-nossos-moderadores\/#breadcrumb\",\"itemListElement\":[{\"@type\":\"ListItem\",\"position\":1,\"name\":\"Home\",\"item\":\"https:\/\/mypalmleaf.com\/pt-pt\/\"},{\"@type\":\"ListItem\",\"position\":2,\"name\":\"Shop\",\"item\":\"https:\/\/mypalmleaf.com\/et\/shop\/\"},{\"@type\":\"ListItem\",\"position\":3,\"name\":\"Consulta de 60 minutos com um dos nossos moderadores\"}]},{\"@type\":\"WebSite\",\"@id\":\"https:\/\/mypalmleaf.com\/#website\",\"url\":\"https:\/\/mypalmleaf.com\/\",\"name\":\"My Palm Leaf\",\"description\":\"\",\"potentialAction\":[{\"@type\":\"SearchAction\",\"target\":{\"@type\":\"EntryPoint\",\"urlTemplate\":\"https:\/\/mypalmleaf.com\/?s={search_term_string}\"},\"query-input\":{\"@type\":\"PropertyValueSpecification\",\"valueRequired\":true,\"valueName\":\"search_term_string\"}}],\"inLanguage\":\"pt-PT\"}]}<\/script>\n<!-- \/ Yoast SEO plugin. -->","yoast_head_json":{"title":"Consulta de 60 minutos com um dos nossos moderadores - My Palm Leaf","description":"Agende agora uma consulta espiritual de 60 minutos com um dos nossos moderadores e receba orienta\u00e7\u00e3o personalizada baseada na sua leitura de vida.","robots":{"index":"index","follow":"follow","max-snippet":"max-snippet:-1","max-image-preview":"max-image-preview:large","max-video-preview":"max-video-preview:-1"},"canonical":"https:\/\/mypalmleaf.com\/pt-pt\/prices\/consulta-de-60-minutos-com-um-dos-nossos-moderadores\/","og_locale":"pt_PT","og_type":"article","og_title":"Consulta de 60 minutos com um dos nossos moderadores - My Palm Leaf","og_description":"Agende agora uma consulta espiritual de 60 minutos com um dos nossos moderadores e receba orienta\u00e7\u00e3o personalizada baseada na sua leitura de vida.","og_url":"https:\/\/mypalmleaf.com\/pt-pt\/prices\/consulta-de-60-minutos-com-um-dos-nossos-moderadores\/","og_site_name":"My Palm Leaf","article_modified_time":"2025-04-29T06:05:15+00:00","og_image":[{"width":819,"height":464,"url":"https:\/\/mypalmleaf.com\/wp-content\/uploads\/2024\/09\/integrationcall-prd-thumb2.jpg","type":"image\/jpeg"}],"twitter_card":"summary_large_image","twitter_misc":{"Tempo estimado de leitura":"1 minuto"},"schema":{"@context":"https:\/\/schema.org","@graph":[{"@type":"WebPage","@id":"https:\/\/mypalmleaf.com\/pt-pt\/prices\/consulta-de-60-minutos-com-um-dos-nossos-moderadores\/","url":"https:\/\/mypalmleaf.com\/pt-pt\/prices\/consulta-de-60-minutos-com-um-dos-nossos-moderadores\/","name":"Consulta de 60 minutos com um dos nossos moderadores - My Palm Leaf","isPartOf":{"@id":"https:\/\/mypalmleaf.com\/#website"},"primaryImageOfPage":{"@id":"https:\/\/mypalmleaf.com\/pt-pt\/prices\/consulta-de-60-minutos-com-um-dos-nossos-moderadores\/#primaryimage"},"image":{"@id":"https:\/\/mypalmleaf.com\/pt-pt\/prices\/consulta-de-60-minutos-com-um-dos-nossos-moderadores\/#primaryimage"},"thumbnailUrl":"https:\/\/mypalmleaf.com\/wp-content\/uploads\/2024\/09\/integrationcall-prd-thumb2.jpg","datePublished":"2024-09-04T10:45:22+00:00","dateModified":"2025-04-29T06:05:15+00:00","description":"Agende agora uma consulta espiritual de 60 minutos com um dos nossos moderadores e receba orienta\u00e7\u00e3o personalizada baseada na sua leitura de vida.","breadcrumb":{"@id":"https:\/\/mypalmleaf.com\/pt-pt\/prices\/consulta-de-60-minutos-com-um-dos-nossos-moderadores\/#breadcrumb"},"inLanguage":"pt-PT","potentialAction":[{"@type":"ReadAction","target":["https:\/\/mypalmleaf.com\/pt-pt\/prices\/consulta-de-60-minutos-com-um-dos-nossos-moderadores\/"]}]},{"@type":"ImageObject","inLanguage":"pt-PT","@id":"https:\/\/mypalmleaf.com\/pt-pt\/prices\/consulta-de-60-minutos-com-um-dos-nossos-moderadores\/#primaryimage","url":"https:\/\/mypalmleaf.com\/wp-content\/uploads\/2024\/09\/integrationcall-prd-thumb2.jpg","contentUrl":"https:\/\/mypalmleaf.com\/wp-content\/uploads\/2024\/09\/integrationcall-prd-thumb2.jpg","width":819,"height":464,"caption":"listening"},{"@type":"BreadcrumbList","@id":"https:\/\/mypalmleaf.com\/pt-pt\/prices\/consulta-de-60-minutos-com-um-dos-nossos-moderadores\/#breadcrumb","itemListElement":[{"@type":"ListItem","position":1,"name":"Home","item":"https:\/\/mypalmleaf.com\/pt-pt\/"},{"@type":"ListItem","position":2,"name":"Shop","item":"https:\/\/mypalmleaf.com\/et\/shop\/"},{"@type":"ListItem","position":3,"name":"Consulta de 60 minutos com um dos nossos moderadores"}]},{"@type":"WebSite","@id":"https:\/\/mypalmleaf.com\/#website","url":"https:\/\/mypalmleaf.com\/","name":"My Palm Leaf","description":"","potentialAction":[{"@type":"SearchAction","target":{"@type":"EntryPoint","urlTemplate":"https:\/\/mypalmleaf.com\/?s={search_term_string}"},"query-input":{"@type":"PropertyValueSpecification","valueRequired":true,"valueName":"search_term_string"}}],"inLanguage":"pt-PT"}]}},"_links":{"self":[{"href":"https:\/\/mypalmleaf.com\/pt-pt\/wp-json\/wp\/v2\/product\/37648","targetHints":{"allow":["GET"]}}],"collection":[{"href":"https:\/\/mypalmleaf.com\/pt-pt\/wp-json\/wp\/v2\/product"}],"about":[{"href":"https:\/\/mypalmleaf.com\/pt-pt\/wp-json\/wp\/v2\/types\/product"}],"replies":[{"embeddable":true,"href":"https:\/\/mypalmleaf.com\/pt-pt\/wp-json\/wp\/v2\/comments?post=37648"}],"wp:featuredmedia":[{"embeddable":true,"href":"https:\/\/mypalmleaf.com\/pt-pt\/wp-json\/wp\/v2\/media\/44426"}],"wp:attachment":[{"href":"https:\/\/mypalmleaf.com\/pt-pt\/wp-json\/wp\/v2\/media?parent=37648"}],"wp:term":[{"taxonomy":"product_brand","embeddable":true,"href":"https:\/\/mypalmleaf.com\/pt-pt\/wp-json\/wp\/v2\/product_brand?post=37648"},{"taxonomy":"product_cat","embeddable":true,"href":"https:\/\/mypalmleaf.com\/pt-pt\/wp-json\/wp\/v2\/product_cat?post=37648"},{"taxonomy":"product_tag","embeddable":true,"href":"https:\/\/mypalmleaf.com\/pt-pt\/wp-json\/wp\/v2\/product_tag?post=37648"}],"curies":[{"name":"wp","href":"https:\/\/api.w.org\/{rel}","templated":true}]}}