{"id":37652,"date":"2024-09-04T10:46:48","date_gmt":"2024-09-04T10:46:48","guid":{"rendered":"https:\/\/mypalmleaf.com\/prices\/obtem-a-leitura-da-tua-folha-de-palmeira-transcrita-e-resumida\/"},"modified":"2025-03-31T11:10:53","modified_gmt":"2025-03-31T11:10:53","slug":"obtem-a-leitura-da-tua-folha-de-palmeira-transcrita-e-resumida","status":"publish","type":"product","link":"https:\/\/mypalmleaf.com\/pt-pt\/prices\/obtem-a-leitura-da-tua-folha-de-palmeira-transcrita-e-resumida\/","title":{"rendered":"Obt\u00e9m a leitura da tua folha de palmeira transcrita e resumida."},"content":{"rendered":"<p><span style=\"vertical-align: inherit;\"><span style=\"vertical-align: inherit;\">We transcribe, edit and summarize your palm leaf reading and create an easy-to-read, well-structured text for you.<\/span><\/span><\/p>\n<p><span style=\"vertical-align: inherit;\"><span style=\"vertical-align: inherit;\">This is very useful for integrating the reading and consulting its content without having to listen to the entire recording again.<\/span><\/span><\/p>\n<p><span style=\"vertical-align: inherit;\"><span style=\"vertical-align: inherit;\">It also contains additional explanations.<\/span><\/span><\/p>\n<p><span style=\"vertical-align: inherit;\"><span style=\"vertical-align: inherit;\">It is NOT possible to book this service without your palm leaf having been read first.<\/span><\/span><\/p>\n<p><span style=\"vertical-align: inherit;\"><span style=\"vertical-align: inherit;\">Choose below whether you want the general chapter reading to be transcribed or additional chapters to be read.<\/span><\/span><\/p>\n","protected":false},"excerpt":{"rendered":"<p>N\u00f3s transcrevemos, editamos e resumimos a tua leitura da folha de palmeira e elaboramos um texto f\u00e1cil de ler e bem estruturado para ti.<br \/>\nIsto s\u00f3 \u00e9 poss\u00edvel ap\u00f3s uma leitura da folha de palmeira&#8230;<\/p>\n","protected":false},"featured_media":9969,"comment_status":"open","ping_status":"closed","template":"","meta":{"_acf_changed":false},"product_brand":[],"product_cat":[331],"product_tag":[],"class_list":{"0":"post-37652","1":"product","2":"type-product","3":"status-publish","4":"has-post-thumbnail","6":"product_cat-sem-categoria","8":"first","9":"instock","10":"virtual","11":"taxable","12":"purchasable","13":"product-type-simple"},"exclude_global_add_ons":false,"addons":[{"name":"Cap\u00edtulo Geral","type":"checkbox","position":0,"required":false,"title_format":"label","description_enable":true,"description":"General Chapter","placeholder_enable":false,"placeholder":"","display":"select","restrictions_type":"any_text","adjust_price":false,"price":"","price_type":"flat_fee","restrictions":false,"min":0,"max":0,"options":[{"label":"Ingl\u00eas","price":"59","price_type":"flat_fee","image":0},{"label":"Alem\u00e3o","price":"99","price_type":"flat_fee","image":0},{"label":"Japon\u00eas","price":"99","price_type":"flat_fee","image":0},{"label":"Italiano","price":"99","price_type":"flat_fee","image":0},{"label":"Russo","price":"99","price_type":"flat_fee","image":0},{"label":"Franc\u00eas","price":"99","price_type":"flat_fee","image":0},{"label":"Espanhol","price":"99","price_type":"flat_fee","image":0}],"id":1731263144},{"name":"Cap\u00edtulos adicionais","type":"checkbox","position":1,"required":false,"title_format":"label","description_enable":true,"description":"Additional Chapters","placeholder_enable":false,"placeholder":"","display":"select","restrictions_type":"any_text","adjust_price":false,"price":"","price_type":"flat_fee","restrictions":false,"min":0,"max":0,"options":[{"label":"Ingl\u00eas","price":"18","price_type":"flat_fee","image":0},{"label":"Alem\u00e3o","price":"27","price_type":"flat_fee","image":0},{"label":"Japon\u00eas","price":"27","price_type":"flat_fee","image":0},{"label":"Italiano","price":"27","price_type":"flat_fee","image":0},{"label":"Russo","price":"27","price_type":"flat_fee","image":0},{"label":"Franc\u00eas","price":"27","price_type":"flat_fee","image":0},{"label":"Espanhol","price":"27","price_type":"flat_fee","image":0}],"id":1731263145},{"name":"N\u00famero de cap\u00edtulos","type":"checkbox","position":2,"required":false,"title_format":"label","description_enable":true,"description":"No of Chapters","placeholder_enable":false,"placeholder":"","display":"select","restrictions_type":"any_text","adjust_price":false,"price":"","price_type":"flat_fee","restrictions":false,"min":0,"max":0,"options":[{"label":"1","price":"18","price_type":"flat_fee","image":0},{"label":"2","price":"27","price_type":"flat_fee","image":0},{"label":"3","price":"27","price_type":"flat_fee","image":0},{"label":"4","price":"27","price_type":"flat_fee","image":0},{"label":"5","price":"27","price_type":"flat_fee","image":0},{"label":"6","price":"27","price_type":"flat_fee","image":0},{"label":"7","price":"27","price_type":"flat_fee","image":0},{"label":"8","price":"","price_type":"flat_fee","image":0},{"label":"9","price":"","price_type":"flat_fee","image":0},{"label":"10","price":"","price_type":"flat_fee","image":0},{"label":"11","price":"","price_type":"flat_fee","image":0},{"label":"12","price":"","price_type":"flat_fee","image":0},{"label":"13","price":"","price_type":"flat_fee","image":0},{"label":"14","price":"","price_type":"flat_fee","image":0},{"label":"15","price":"","price_type":"flat_fee","image":0}],"id":1731263146}],"acf":[],"yoast_head":"<!-- This site is optimized with the Yoast SEO plugin v26.4 - https:\/\/yoast.com\/wordpress\/plugins\/seo\/ -->\n<title>Leitura da Tua Folha de Palmeira Transcrita e Resumida<\/title>\n<meta name=\"description\" content=\"Pe\u00e7a a transcri\u00e7\u00e3o e o resumo da tua leitura da folha de palmeira para guardar, refletir e integrar profundamente os ensinamentos espirituais recebidos.\" \/>\n<meta name=\"robots\" content=\"index, follow, max-snippet:-1, max-image-preview:large, max-video-preview:-1\" \/>\n<link rel=\"canonical\" href=\"https:\/\/mypalmleaf.com\/prices\/get-your-palm-leaf-reading-transcribed-and-summarised\/\" \/>\n<meta property=\"og:locale\" content=\"pt_PT\" \/>\n<meta property=\"og:type\" content=\"article\" \/>\n<meta property=\"og:title\" content=\"Leitura da Tua Folha de Palmeira Transcrita e Resumida\" \/>\n<meta property=\"og:description\" content=\"Pe\u00e7a a transcri\u00e7\u00e3o e o resumo da tua leitura da folha de palmeira para guardar, refletir e integrar profundamente os ensinamentos espirituais recebidos.\" \/>\n<meta property=\"og:url\" content=\"https:\/\/mypalmleaf.com\/prices\/get-your-palm-leaf-reading-transcribed-and-summarised\/\" \/>\n<meta property=\"og:site_name\" content=\"My Palm Leaf\" \/>\n<meta property=\"article:modified_time\" content=\"2025-03-31T11:10:53+00:00\" \/>\n<meta property=\"og:image\" content=\"https:\/\/mypalmleaf.com\/wp-content\/uploads\/2024\/09\/mantra-product-page-4-1.jpg\" \/>\n\t<meta property=\"og:image:width\" content=\"800\" \/>\n\t<meta property=\"og:image:height\" content=\"444\" \/>\n\t<meta property=\"og:image:type\" content=\"image\/jpeg\" \/>\n<meta name=\"twitter:card\" content=\"summary_large_image\" \/>\n<meta name=\"twitter:label1\" content=\"Tempo estimado de leitura\" \/>\n\t<meta name=\"twitter:data1\" content=\"1 minuto\" \/>\n<script type=\"application\/ld+json\" class=\"yoast-schema-graph\">{\"@context\":\"https:\/\/schema.org\",\"@graph\":[{\"@type\":\"WebPage\",\"@id\":\"https:\/\/mypalmleaf.com\/prices\/get-your-palm-leaf-reading-transcribed-and-summarised\/\",\"url\":\"https:\/\/mypalmleaf.com\/prices\/get-your-palm-leaf-reading-transcribed-and-summarised\/\",\"name\":\"Leitura da Tua Folha de Palmeira Transcrita e Resumida\",\"isPartOf\":{\"@id\":\"https:\/\/mypalmleaf.com\/#website\"},\"primaryImageOfPage\":{\"@id\":\"https:\/\/mypalmleaf.com\/prices\/get-your-palm-leaf-reading-transcribed-and-summarised\/#primaryimage\"},\"image\":{\"@id\":\"https:\/\/mypalmleaf.com\/prices\/get-your-palm-leaf-reading-transcribed-and-summarised\/#primaryimage\"},\"thumbnailUrl\":\"https:\/\/mypalmleaf.com\/wp-content\/uploads\/2024\/09\/mantra-product-page-4-1.jpg\",\"datePublished\":\"2024-09-04T10:46:48+00:00\",\"dateModified\":\"2025-03-31T11:10:53+00:00\",\"description\":\"Pe\u00e7a a transcri\u00e7\u00e3o e o resumo da tua leitura da folha de palmeira para guardar, refletir e integrar profundamente os ensinamentos espirituais recebidos.\",\"breadcrumb\":{\"@id\":\"https:\/\/mypalmleaf.com\/prices\/get-your-palm-leaf-reading-transcribed-and-summarised\/#breadcrumb\"},\"inLanguage\":\"pt-PT\",\"potentialAction\":[{\"@type\":\"ReadAction\",\"target\":[\"https:\/\/mypalmleaf.com\/prices\/get-your-palm-leaf-reading-transcribed-and-summarised\/\"]}]},{\"@type\":\"ImageObject\",\"inLanguage\":\"pt-PT\",\"@id\":\"https:\/\/mypalmleaf.com\/prices\/get-your-palm-leaf-reading-transcribed-and-summarised\/#primaryimage\",\"url\":\"https:\/\/mypalmleaf.com\/wp-content\/uploads\/2024\/09\/mantra-product-page-4-1.jpg\",\"contentUrl\":\"https:\/\/mypalmleaf.com\/wp-content\/uploads\/2024\/09\/mantra-product-page-4-1.jpg\",\"width\":800,\"height\":444,\"caption\":\"Envelope\"},{\"@type\":\"BreadcrumbList\",\"@id\":\"https:\/\/mypalmleaf.com\/prices\/get-your-palm-leaf-reading-transcribed-and-summarised\/#breadcrumb\",\"itemListElement\":[{\"@type\":\"ListItem\",\"position\":1,\"name\":\"Home\",\"item\":\"https:\/\/mypalmleaf.com\/pt-pt\/\"},{\"@type\":\"ListItem\",\"position\":2,\"name\":\"Shop\",\"item\":\"https:\/\/mypalmleaf.com\/et\/shop\/\"},{\"@type\":\"ListItem\",\"position\":3,\"name\":\"Obt\u00e9m a leitura da tua folha de palmeira transcrita e resumida.\"}]},{\"@type\":\"WebSite\",\"@id\":\"https:\/\/mypalmleaf.com\/#website\",\"url\":\"https:\/\/mypalmleaf.com\/\",\"name\":\"My Palm Leaf\",\"description\":\"\",\"potentialAction\":[{\"@type\":\"SearchAction\",\"target\":{\"@type\":\"EntryPoint\",\"urlTemplate\":\"https:\/\/mypalmleaf.com\/?s={search_term_string}\"},\"query-input\":{\"@type\":\"PropertyValueSpecification\",\"valueRequired\":true,\"valueName\":\"search_term_string\"}}],\"inLanguage\":\"pt-PT\"}]}<\/script>\n<!-- \/ Yoast SEO plugin. -->","yoast_head_json":{"title":"Leitura da Tua Folha de Palmeira Transcrita e Resumida","description":"Pe\u00e7a a transcri\u00e7\u00e3o e o resumo da tua leitura da folha de palmeira para guardar, refletir e integrar profundamente os ensinamentos espirituais recebidos.","robots":{"index":"index","follow":"follow","max-snippet":"max-snippet:-1","max-image-preview":"max-image-preview:large","max-video-preview":"max-video-preview:-1"},"canonical":"https:\/\/mypalmleaf.com\/prices\/get-your-palm-leaf-reading-transcribed-and-summarised\/","og_locale":"pt_PT","og_type":"article","og_title":"Leitura da Tua Folha de Palmeira Transcrita e Resumida","og_description":"Pe\u00e7a a transcri\u00e7\u00e3o e o resumo da tua leitura da folha de palmeira para guardar, refletir e integrar profundamente os ensinamentos espirituais recebidos.","og_url":"https:\/\/mypalmleaf.com\/prices\/get-your-palm-leaf-reading-transcribed-and-summarised\/","og_site_name":"My Palm Leaf","article_modified_time":"2025-03-31T11:10:53+00:00","og_image":[{"width":800,"height":444,"url":"https:\/\/mypalmleaf.com\/wp-content\/uploads\/2024\/09\/mantra-product-page-4-1.jpg","type":"image\/jpeg"}],"twitter_card":"summary_large_image","twitter_misc":{"Tempo estimado de leitura":"1 minuto"},"schema":{"@context":"https:\/\/schema.org","@graph":[{"@type":"WebPage","@id":"https:\/\/mypalmleaf.com\/prices\/get-your-palm-leaf-reading-transcribed-and-summarised\/","url":"https:\/\/mypalmleaf.com\/prices\/get-your-palm-leaf-reading-transcribed-and-summarised\/","name":"Leitura da Tua Folha de Palmeira Transcrita e Resumida","isPartOf":{"@id":"https:\/\/mypalmleaf.com\/#website"},"primaryImageOfPage":{"@id":"https:\/\/mypalmleaf.com\/prices\/get-your-palm-leaf-reading-transcribed-and-summarised\/#primaryimage"},"image":{"@id":"https:\/\/mypalmleaf.com\/prices\/get-your-palm-leaf-reading-transcribed-and-summarised\/#primaryimage"},"thumbnailUrl":"https:\/\/mypalmleaf.com\/wp-content\/uploads\/2024\/09\/mantra-product-page-4-1.jpg","datePublished":"2024-09-04T10:46:48+00:00","dateModified":"2025-03-31T11:10:53+00:00","description":"Pe\u00e7a a transcri\u00e7\u00e3o e o resumo da tua leitura da folha de palmeira para guardar, refletir e integrar profundamente os ensinamentos espirituais recebidos.","breadcrumb":{"@id":"https:\/\/mypalmleaf.com\/prices\/get-your-palm-leaf-reading-transcribed-and-summarised\/#breadcrumb"},"inLanguage":"pt-PT","potentialAction":[{"@type":"ReadAction","target":["https:\/\/mypalmleaf.com\/prices\/get-your-palm-leaf-reading-transcribed-and-summarised\/"]}]},{"@type":"ImageObject","inLanguage":"pt-PT","@id":"https:\/\/mypalmleaf.com\/prices\/get-your-palm-leaf-reading-transcribed-and-summarised\/#primaryimage","url":"https:\/\/mypalmleaf.com\/wp-content\/uploads\/2024\/09\/mantra-product-page-4-1.jpg","contentUrl":"https:\/\/mypalmleaf.com\/wp-content\/uploads\/2024\/09\/mantra-product-page-4-1.jpg","width":800,"height":444,"caption":"Envelope"},{"@type":"BreadcrumbList","@id":"https:\/\/mypalmleaf.com\/prices\/get-your-palm-leaf-reading-transcribed-and-summarised\/#breadcrumb","itemListElement":[{"@type":"ListItem","position":1,"name":"Home","item":"https:\/\/mypalmleaf.com\/pt-pt\/"},{"@type":"ListItem","position":2,"name":"Shop","item":"https:\/\/mypalmleaf.com\/et\/shop\/"},{"@type":"ListItem","position":3,"name":"Obt\u00e9m a leitura da tua folha de palmeira transcrita e resumida."}]},{"@type":"WebSite","@id":"https:\/\/mypalmleaf.com\/#website","url":"https:\/\/mypalmleaf.com\/","name":"My Palm Leaf","description":"","potentialAction":[{"@type":"SearchAction","target":{"@type":"EntryPoint","urlTemplate":"https:\/\/mypalmleaf.com\/?s={search_term_string}"},"query-input":{"@type":"PropertyValueSpecification","valueRequired":true,"valueName":"search_term_string"}}],"inLanguage":"pt-PT"}]}},"_links":{"self":[{"href":"https:\/\/mypalmleaf.com\/pt-pt\/wp-json\/wp\/v2\/product\/37652","targetHints":{"allow":["GET"]}}],"collection":[{"href":"https:\/\/mypalmleaf.com\/pt-pt\/wp-json\/wp\/v2\/product"}],"about":[{"href":"https:\/\/mypalmleaf.com\/pt-pt\/wp-json\/wp\/v2\/types\/product"}],"replies":[{"embeddable":true,"href":"https:\/\/mypalmleaf.com\/pt-pt\/wp-json\/wp\/v2\/comments?post=37652"}],"wp:featuredmedia":[{"embeddable":true,"href":"https:\/\/mypalmleaf.com\/pt-pt\/wp-json\/wp\/v2\/media\/9969"}],"wp:attachment":[{"href":"https:\/\/mypalmleaf.com\/pt-pt\/wp-json\/wp\/v2\/media?parent=37652"}],"wp:term":[{"taxonomy":"product_brand","embeddable":true,"href":"https:\/\/mypalmleaf.com\/pt-pt\/wp-json\/wp\/v2\/product_brand?post=37652"},{"taxonomy":"product_cat","embeddable":true,"href":"https:\/\/mypalmleaf.com\/pt-pt\/wp-json\/wp\/v2\/product_cat?post=37652"},{"taxonomy":"product_tag","embeddable":true,"href":"https:\/\/mypalmleaf.com\/pt-pt\/wp-json\/wp\/v2\/product_tag?post=37652"}],"curies":[{"name":"wp","href":"https:\/\/api.w.org\/{rel}","templated":true}]}}