
{"id":37660,"date":"2024-09-04T10:59:13","date_gmt":"2024-09-04T10:59:13","guid":{"rendered":"https:\/\/mypalmleaf.com\/prices\/athma-shanthi-puja-ritual-especial-para-ajudar-a-alma-de-alguem-que-faleceu-a-descansar-em-paz\/"},"modified":"2025-08-04T13:14:19","modified_gmt":"2025-08-04T13:14:19","slug":"athma-shanthi-puja-ritual-especial-para-ajudar-a-alma-de-alguem-que-faleceu-a-descansar-em-paz","status":"publish","type":"product","link":"https:\/\/mypalmleaf.com\/pt-pt\/prices\/athma-shanthi-puja-ritual-especial-para-ajudar-a-alma-de-alguem-que-faleceu-a-descansar-em-paz\/","title":{"rendered":"Atma Shanti Pooja &#8211; Uma oferenda sagrada para a paz das almas que partiram"},"content":{"rendered":"<p><strong>Atma Shanti Pooja<\/strong><br \/>\nUm ritual sagrado para honrar e apoiar a alma de um ente querido que faleceu<\/p>\n<p>O Atma Shanti Pooja \u00e9 uma cerim\u00f3nia v\u00e9dica profundamente significativa, realizada para trazer paz \u00e0 alma de algu\u00e9m que partiu &#8211; especialmente se a sua morte foi s\u00fabita, inesperada ou emocionalmente mal resolvida.<\/p>\n<p>Quer a morte tenha ocorrido recentemente ou h\u00e1 muito tempo, este pooja oferece apoio espiritual \u00e0 viagem da alma, ajudando-a a caminhar para a cura, resolu\u00e7\u00e3o e paz. Este pooja pode ser realizado v\u00e1rias vezes ao longo da vida para apoiar continuamente a viagem da alma. <\/p>\n<p><strong>Inclui:<\/strong><\/p>\n<ul>\n<li>Atma Shanti Pooja tradicional realizado por sacerdotes v\u00e9dicos experientes<\/li>\n<li>Escolhe a data que te parece mais significativa<\/li>\n<li>Op\u00e7\u00e3o de participar na pooja em direto atrav\u00e9s do Zoom<\/li>\n<li>Grava\u00e7\u00e3o em v\u00eddeo do ritual completo<\/li>\n<li>Apoio e comunica\u00e7\u00e3o delicados da nossa equipa durante todo o processo<\/li>\n<\/ul>\n<p>H\u00e1 um per\u00edodo especial em cada ano, chamado Pitru Paksha, em que a execu\u00e7\u00e3o do Atma Shanti Pooja \u00e9 considerada especialmente potente e espiritualmente impactante.<\/p>\n<p>Este ano, o per\u00edodo de Pitru Paksha decorre entre 7 e 21 de setembro de 2025. L\u00ea mais sobre o assunto <a href=\"https:\/\/mypalmleaf.com\/zh-hans\/pitru-paksha-2025\/\">aqui<\/a>. <\/p>\n","protected":false},"excerpt":{"rendered":"<p>O Atma Shanti Pooja \u00e9 uma cerim\u00f3nia v\u00e9dica profundamente significativa, realizada para trazer paz \u00e0 alma de algu\u00e9m que partiu &#8211; especialmente se a sua morte foi s\u00fabita, inesperada ou emocionalmente mal resolvida.<\/p>\n","protected":false},"featured_media":9949,"comment_status":"open","ping_status":"closed","template":"","meta":{"_acf_changed":false},"product_brand":[],"product_cat":[331],"product_tag":[],"class_list":{"0":"post-37660","1":"product","2":"type-product","3":"status-publish","4":"has-post-thumbnail","6":"product_cat-sem-categoria","8":"first","9":"instock","10":"virtual","11":"purchasable","12":"product-type-simple"},"exclude_global_add_ons":[],"addons":[],"acf":[],"yoast_head":"<!-- This site is optimized with the Yoast SEO plugin v26.4 - https:\/\/yoast.com\/wordpress\/plugins\/seo\/ -->\n<title>Athma Shanthi Pooja - Ritual sagrado para a paz dos nossos antepassados<\/title>\n<meta name=\"description\" content=\"Executa o Athma Shanthi Puja para ajudar a alma de um ente querido a descansar em paz. Este ritual \u00fanico \u00e9 para aqueles que morrem inesperadamente. Dispon\u00edvel atrav\u00e9s de transmiss\u00e3o em direto.\" \/>\n<meta name=\"robots\" content=\"index, follow, max-snippet:-1, max-image-preview:large, max-video-preview:-1\" \/>\n<link rel=\"canonical\" href=\"https:\/\/mypalmleaf.com\/pt-pt\/prices\/athma-shanthi-puja-ritual-especial-para-ajudar-a-alma-de-alguem-que-faleceu-a-descansar-em-paz\/\" \/>\n<meta property=\"og:locale\" content=\"pt_PT\" \/>\n<meta property=\"og:type\" content=\"article\" \/>\n<meta property=\"og:title\" content=\"Athma Shanthi Pooja - Ritual sagrado para a paz dos nossos antepassados\" \/>\n<meta property=\"og:description\" content=\"Executa o Athma Shanthi Puja para ajudar a alma de um ente querido a descansar em paz. Este ritual \u00fanico \u00e9 para aqueles que morrem inesperadamente. Dispon\u00edvel atrav\u00e9s de transmiss\u00e3o em direto.\" \/>\n<meta property=\"og:url\" content=\"https:\/\/mypalmleaf.com\/pt-pt\/prices\/athma-shanthi-puja-ritual-especial-para-ajudar-a-alma-de-alguem-que-faleceu-a-descansar-em-paz\/\" \/>\n<meta property=\"og:site_name\" content=\"My Palm Leaf\" \/>\n<meta property=\"article:modified_time\" content=\"2025-08-04T13:14:19+00:00\" \/>\n<meta property=\"og:image\" content=\"https:\/\/mypalmleaf.com\/wp-content\/uploads\/2024\/09\/mantra-product-page-3-1.jpg\" \/>\n\t<meta property=\"og:image:width\" content=\"800\" \/>\n\t<meta property=\"og:image:height\" content=\"444\" \/>\n\t<meta property=\"og:image:type\" content=\"image\/jpeg\" \/>\n<meta name=\"twitter:card\" content=\"summary_large_image\" \/>\n<meta name=\"twitter:label1\" content=\"Tempo estimado de leitura\" \/>\n\t<meta name=\"twitter:data1\" content=\"1 minuto\" \/>\n<script type=\"application\/ld+json\" class=\"yoast-schema-graph\">{\"@context\":\"https:\/\/schema.org\",\"@graph\":[{\"@type\":\"WebPage\",\"@id\":\"https:\/\/mypalmleaf.com\/pt-pt\/prices\/athma-shanthi-puja-ritual-especial-para-ajudar-a-alma-de-alguem-que-faleceu-a-descansar-em-paz\/\",\"url\":\"https:\/\/mypalmleaf.com\/pt-pt\/prices\/athma-shanthi-puja-ritual-especial-para-ajudar-a-alma-de-alguem-que-faleceu-a-descansar-em-paz\/\",\"name\":\"Athma Shanthi Pooja - Ritual sagrado para a paz dos nossos antepassados\",\"isPartOf\":{\"@id\":\"https:\/\/mypalmleaf.com\/#website\"},\"primaryImageOfPage\":{\"@id\":\"https:\/\/mypalmleaf.com\/pt-pt\/prices\/athma-shanthi-puja-ritual-especial-para-ajudar-a-alma-de-alguem-que-faleceu-a-descansar-em-paz\/#primaryimage\"},\"image\":{\"@id\":\"https:\/\/mypalmleaf.com\/pt-pt\/prices\/athma-shanthi-puja-ritual-especial-para-ajudar-a-alma-de-alguem-que-faleceu-a-descansar-em-paz\/#primaryimage\"},\"thumbnailUrl\":\"https:\/\/mypalmleaf.com\/wp-content\/uploads\/2024\/09\/mantra-product-page-3-1.jpg\",\"datePublished\":\"2024-09-04T10:59:13+00:00\",\"dateModified\":\"2025-08-04T13:14:19+00:00\",\"description\":\"Executa o Athma Shanthi Puja para ajudar a alma de um ente querido a descansar em paz. Este ritual \u00fanico \u00e9 para aqueles que morrem inesperadamente. Dispon\u00edvel atrav\u00e9s de transmiss\u00e3o em direto.\",\"breadcrumb\":{\"@id\":\"https:\/\/mypalmleaf.com\/pt-pt\/prices\/athma-shanthi-puja-ritual-especial-para-ajudar-a-alma-de-alguem-que-faleceu-a-descansar-em-paz\/#breadcrumb\"},\"inLanguage\":\"pt-PT\",\"potentialAction\":[{\"@type\":\"ReadAction\",\"target\":[\"https:\/\/mypalmleaf.com\/pt-pt\/prices\/athma-shanthi-puja-ritual-especial-para-ajudar-a-alma-de-alguem-que-faleceu-a-descansar-em-paz\/\"]}]},{\"@type\":\"ImageObject\",\"inLanguage\":\"pt-PT\",\"@id\":\"https:\/\/mypalmleaf.com\/pt-pt\/prices\/athma-shanthi-puja-ritual-especial-para-ajudar-a-alma-de-alguem-que-faleceu-a-descansar-em-paz\/#primaryimage\",\"url\":\"https:\/\/mypalmleaf.com\/wp-content\/uploads\/2024\/09\/mantra-product-page-3-1.jpg\",\"contentUrl\":\"https:\/\/mypalmleaf.com\/wp-content\/uploads\/2024\/09\/mantra-product-page-3-1.jpg\",\"width\":800,\"height\":444,\"caption\":\"Homa procedure\"},{\"@type\":\"BreadcrumbList\",\"@id\":\"https:\/\/mypalmleaf.com\/pt-pt\/prices\/athma-shanthi-puja-ritual-especial-para-ajudar-a-alma-de-alguem-que-faleceu-a-descansar-em-paz\/#breadcrumb\",\"itemListElement\":[{\"@type\":\"ListItem\",\"position\":1,\"name\":\"Home\",\"item\":\"https:\/\/mypalmleaf.com\/pt-pt\/\"},{\"@type\":\"ListItem\",\"position\":2,\"name\":\"Shop\",\"item\":\"https:\/\/mypalmleaf.com\/et\/shop\/\"},{\"@type\":\"ListItem\",\"position\":3,\"name\":\"Atma Shanti Pooja &#8211; Uma oferenda sagrada para a paz das almas que partiram\"}]},{\"@type\":\"WebSite\",\"@id\":\"https:\/\/mypalmleaf.com\/#website\",\"url\":\"https:\/\/mypalmleaf.com\/\",\"name\":\"My Palm Leaf\",\"description\":\"\",\"potentialAction\":[{\"@type\":\"SearchAction\",\"target\":{\"@type\":\"EntryPoint\",\"urlTemplate\":\"https:\/\/mypalmleaf.com\/?s={search_term_string}\"},\"query-input\":{\"@type\":\"PropertyValueSpecification\",\"valueRequired\":true,\"valueName\":\"search_term_string\"}}],\"inLanguage\":\"pt-PT\"}]}<\/script>\n<!-- \/ Yoast SEO plugin. -->","yoast_head_json":{"title":"Athma Shanthi Pooja - Ritual sagrado para a paz dos nossos antepassados","description":"Executa o Athma Shanthi Puja para ajudar a alma de um ente querido a descansar em paz. Este ritual \u00fanico \u00e9 para aqueles que morrem inesperadamente. Dispon\u00edvel atrav\u00e9s de transmiss\u00e3o em direto.","robots":{"index":"index","follow":"follow","max-snippet":"max-snippet:-1","max-image-preview":"max-image-preview:large","max-video-preview":"max-video-preview:-1"},"canonical":"https:\/\/mypalmleaf.com\/pt-pt\/prices\/athma-shanthi-puja-ritual-especial-para-ajudar-a-alma-de-alguem-que-faleceu-a-descansar-em-paz\/","og_locale":"pt_PT","og_type":"article","og_title":"Athma Shanthi Pooja - Ritual sagrado para a paz dos nossos antepassados","og_description":"Executa o Athma Shanthi Puja para ajudar a alma de um ente querido a descansar em paz. Este ritual \u00fanico \u00e9 para aqueles que morrem inesperadamente. Dispon\u00edvel atrav\u00e9s de transmiss\u00e3o em direto.","og_url":"https:\/\/mypalmleaf.com\/pt-pt\/prices\/athma-shanthi-puja-ritual-especial-para-ajudar-a-alma-de-alguem-que-faleceu-a-descansar-em-paz\/","og_site_name":"My Palm Leaf","article_modified_time":"2025-08-04T13:14:19+00:00","og_image":[{"width":800,"height":444,"url":"https:\/\/mypalmleaf.com\/wp-content\/uploads\/2024\/09\/mantra-product-page-3-1.jpg","type":"image\/jpeg"}],"twitter_card":"summary_large_image","twitter_misc":{"Tempo estimado de leitura":"1 minuto"},"schema":{"@context":"https:\/\/schema.org","@graph":[{"@type":"WebPage","@id":"https:\/\/mypalmleaf.com\/pt-pt\/prices\/athma-shanthi-puja-ritual-especial-para-ajudar-a-alma-de-alguem-que-faleceu-a-descansar-em-paz\/","url":"https:\/\/mypalmleaf.com\/pt-pt\/prices\/athma-shanthi-puja-ritual-especial-para-ajudar-a-alma-de-alguem-que-faleceu-a-descansar-em-paz\/","name":"Athma Shanthi Pooja - Ritual sagrado para a paz dos nossos antepassados","isPartOf":{"@id":"https:\/\/mypalmleaf.com\/#website"},"primaryImageOfPage":{"@id":"https:\/\/mypalmleaf.com\/pt-pt\/prices\/athma-shanthi-puja-ritual-especial-para-ajudar-a-alma-de-alguem-que-faleceu-a-descansar-em-paz\/#primaryimage"},"image":{"@id":"https:\/\/mypalmleaf.com\/pt-pt\/prices\/athma-shanthi-puja-ritual-especial-para-ajudar-a-alma-de-alguem-que-faleceu-a-descansar-em-paz\/#primaryimage"},"thumbnailUrl":"https:\/\/mypalmleaf.com\/wp-content\/uploads\/2024\/09\/mantra-product-page-3-1.jpg","datePublished":"2024-09-04T10:59:13+00:00","dateModified":"2025-08-04T13:14:19+00:00","description":"Executa o Athma Shanthi Puja para ajudar a alma de um ente querido a descansar em paz. Este ritual \u00fanico \u00e9 para aqueles que morrem inesperadamente. Dispon\u00edvel atrav\u00e9s de transmiss\u00e3o em direto.","breadcrumb":{"@id":"https:\/\/mypalmleaf.com\/pt-pt\/prices\/athma-shanthi-puja-ritual-especial-para-ajudar-a-alma-de-alguem-que-faleceu-a-descansar-em-paz\/#breadcrumb"},"inLanguage":"pt-PT","potentialAction":[{"@type":"ReadAction","target":["https:\/\/mypalmleaf.com\/pt-pt\/prices\/athma-shanthi-puja-ritual-especial-para-ajudar-a-alma-de-alguem-que-faleceu-a-descansar-em-paz\/"]}]},{"@type":"ImageObject","inLanguage":"pt-PT","@id":"https:\/\/mypalmleaf.com\/pt-pt\/prices\/athma-shanthi-puja-ritual-especial-para-ajudar-a-alma-de-alguem-que-faleceu-a-descansar-em-paz\/#primaryimage","url":"https:\/\/mypalmleaf.com\/wp-content\/uploads\/2024\/09\/mantra-product-page-3-1.jpg","contentUrl":"https:\/\/mypalmleaf.com\/wp-content\/uploads\/2024\/09\/mantra-product-page-3-1.jpg","width":800,"height":444,"caption":"Homa procedure"},{"@type":"BreadcrumbList","@id":"https:\/\/mypalmleaf.com\/pt-pt\/prices\/athma-shanthi-puja-ritual-especial-para-ajudar-a-alma-de-alguem-que-faleceu-a-descansar-em-paz\/#breadcrumb","itemListElement":[{"@type":"ListItem","position":1,"name":"Home","item":"https:\/\/mypalmleaf.com\/pt-pt\/"},{"@type":"ListItem","position":2,"name":"Shop","item":"https:\/\/mypalmleaf.com\/et\/shop\/"},{"@type":"ListItem","position":3,"name":"Atma Shanti Pooja &#8211; Uma oferenda sagrada para a paz das almas que partiram"}]},{"@type":"WebSite","@id":"https:\/\/mypalmleaf.com\/#website","url":"https:\/\/mypalmleaf.com\/","name":"My Palm Leaf","description":"","potentialAction":[{"@type":"SearchAction","target":{"@type":"EntryPoint","urlTemplate":"https:\/\/mypalmleaf.com\/?s={search_term_string}"},"query-input":{"@type":"PropertyValueSpecification","valueRequired":true,"valueName":"search_term_string"}}],"inLanguage":"pt-PT"}]}},"_links":{"self":[{"href":"https:\/\/mypalmleaf.com\/pt-pt\/wp-json\/wp\/v2\/product\/37660","targetHints":{"allow":["GET"]}}],"collection":[{"href":"https:\/\/mypalmleaf.com\/pt-pt\/wp-json\/wp\/v2\/product"}],"about":[{"href":"https:\/\/mypalmleaf.com\/pt-pt\/wp-json\/wp\/v2\/types\/product"}],"replies":[{"embeddable":true,"href":"https:\/\/mypalmleaf.com\/pt-pt\/wp-json\/wp\/v2\/comments?post=37660"}],"wp:featuredmedia":[{"embeddable":true,"href":"https:\/\/mypalmleaf.com\/pt-pt\/wp-json\/wp\/v2\/media\/9949"}],"wp:attachment":[{"href":"https:\/\/mypalmleaf.com\/pt-pt\/wp-json\/wp\/v2\/media?parent=37660"}],"wp:term":[{"taxonomy":"product_brand","embeddable":true,"href":"https:\/\/mypalmleaf.com\/pt-pt\/wp-json\/wp\/v2\/product_brand?post=37660"},{"taxonomy":"product_cat","embeddable":true,"href":"https:\/\/mypalmleaf.com\/pt-pt\/wp-json\/wp\/v2\/product_cat?post=37660"},{"taxonomy":"product_tag","embeddable":true,"href":"https:\/\/mypalmleaf.com\/pt-pt\/wp-json\/wp\/v2\/product_tag?post=37660"}],"curies":[{"name":"wp","href":"https:\/\/api.w.org\/{rel}","templated":true}]}}