
{"id":37676,"date":"2024-09-04T10:59:56","date_gmt":"2024-09-04T10:59:56","guid":{"rendered":"https:\/\/mypalmleaf.com\/prices\/encontrar-a-folha-leitura-geral-do-capitulo\/"},"modified":"2025-07-31T04:00:42","modified_gmt":"2025-07-31T04:00:42","slug":"encontrar-a-folha-leitura-geral-do-capitulo","status":"publish","type":"product","link":"https:\/\/mypalmleaf.com\/pt-pt\/prices\/encontrar-a-folha-leitura-geral-do-capitulo\/","title":{"rendered":"Encontrar a folha + Leitura geral do cap\u00edtulo"},"content":{"rendered":"<p>&nbsp;<\/p>\n<div class=\"description\">\n<p><strong>O servi\u00e7o inclui<\/strong><\/p>\n<ul>\n<li>Localizar os pacotes que podem conter a tua Palm Leaf na \u00cdndia<\/li>\n<li>Fazer o processo de correspond\u00eancia online para identificar a tua Palm Leaf<\/li>\n<li>Leitura do cap\u00edtulo geral<\/li>\n<li>Leitura do cap\u00edtulo 14 (rem\u00e9dios energ\u00e9ticos)<\/li>\n<li>Grava\u00e7\u00e3o de v\u00eddeo da tua leitura<\/li>\n<li>Foto da tua folha de palmeira.<\/li>\n<li>Garantia de devolu\u00e7\u00e3o do dinheiro se a tua folha n\u00e3o for encontrada.<\/li>\n<\/ul>\n<\/div>\n","protected":false},"excerpt":{"rendered":"<p><strong>O servi\u00e7o inclui<\/strong><\/p>\n<ul>\n<li>Localizar os pacotes que podem conter a tua Palm Leaf na \u00cdndia<\/li>\n<li>Faz o processo de correspond\u00eancia online para identificar a tua folha de palmeira&#8230;<\/li>\n<\/ul>\n","protected":false},"featured_media":10079,"comment_status":"open","ping_status":"closed","template":"","meta":{"_acf_changed":false},"product_brand":[],"product_cat":[331],"product_tag":[],"class_list":{"0":"post-37676","1":"product","2":"type-product","3":"status-publish","4":"has-post-thumbnail","6":"product_cat-sem-categoria","8":"first","9":"instock","10":"virtual","11":"taxable","12":"purchasable","13":"product-type-simple"},"exclude_global_add_ons":false,"addons":[{"name":"Tradu\u00e7\u00e3o","type":"checkbox","position":0,"required":false,"title_format":"label","description_enable":true,"description":"translation","placeholder_enable":false,"placeholder":"","display":"select","restrictions_type":"any_text","adjust_price":false,"price":"","price_type":"flat_fee","restrictions":false,"min":0,"max":0,"options":[{"label":"Ingl\u00eas","price":"","price_type":"flat_fee","image":0},{"label":"Alem\u00e3o","price":"38","price_type":"flat_fee","image":0},{"label":"Russo","price":"38","price_type":"flat_fee","image":0},{"label":"Japon\u00eas","price":"38","price_type":"flat_fee","image":0},{"label":"Italiano","price":"38","price_type":"flat_fee","image":0},{"label":"Franc\u00eas","price":"38","price_type":"flat_fee","image":0},{"label":"Espanhol","price":"38","price_type":"flat_fee","image":0},{"label":"holand\u00eas","price":"38","price_type":"flat_fee","image":0},{"label":"Outros","price":"38","price_type":"flat_fee","image":0}],"id":1725237117},{"name":"Transcri\u00e7\u00e3o","type":"checkbox","position":1,"required":false,"title_format":"label","description_enable":true,"description":"transcription","placeholder_enable":false,"placeholder":"","display":"select","restrictions_type":"any_text","adjust_price":false,"price":"","price_type":"flat_fee","restrictions":false,"min":0,"max":0,"options":[{"label":"Ingl\u00eas","price":"59","price_type":"flat_fee","image":0},{"label":"Alem\u00e3o","price":"99","price_type":"flat_fee","image":0},{"label":"Russo","price":"99","price_type":"flat_fee","image":0},{"label":"Japon\u00eas","price":"99","price_type":"flat_fee","image":0},{"label":"Italiano","price":"99","price_type":"flat_fee","image":0},{"label":"Franc\u00eas","price":"99","price_type":"flat_fee","image":0},{"label":"Espanhol","price":"99","price_type":"flat_fee","image":0},{"label":"holand\u00eas","price":"99","price_type":"flat_fee","image":0},{"label":"Outros","price":"99","price_type":"flat_fee","image":0},{"label":"N\u00e3o \u00e9 necess\u00e1rio, talvez mais tarde","price":"","price_type":"flat_fee","image":0}],"id":1725237118}],"acf":[],"yoast_head":"<!-- This site is optimized with the Yoast SEO plugin v26.4 - https:\/\/yoast.com\/wordpress\/plugins\/seo\/ -->\n<title>Encontrar a folha + Leitura geral do cap\u00edtulo - My Palm Leaf<\/title>\n<meta name=\"robots\" content=\"index, follow, max-snippet:-1, max-image-preview:large, max-video-preview:-1\" \/>\n<link rel=\"canonical\" href=\"https:\/\/mypalmleaf.com\/pt-pt\/prices\/encontrar-a-folha-leitura-geral-do-capitulo\/\" \/>\n<meta property=\"og:locale\" content=\"pt_PT\" \/>\n<meta property=\"og:type\" content=\"article\" \/>\n<meta property=\"og:title\" content=\"Encontrar a folha + Leitura geral do cap\u00edtulo - My Palm Leaf\" \/>\n<meta property=\"og:description\" content=\"O servi\u00e7o inclui   Localizar os pacotes que podem conter a tua Palm Leaf na \u00cdndia  Faz o processo de correspond\u00eancia online para identificar a tua folha de palmeira...\" \/>\n<meta property=\"og:url\" content=\"https:\/\/mypalmleaf.com\/pt-pt\/prices\/encontrar-a-folha-leitura-geral-do-capitulo\/\" \/>\n<meta property=\"og:site_name\" content=\"My Palm Leaf\" \/>\n<meta property=\"article:modified_time\" content=\"2025-07-31T04:00:42+00:00\" \/>\n<meta property=\"og:image\" content=\"https:\/\/mypalmleaf.com\/wp-content\/uploads\/2024\/09\/services-thumb-1-1.jpg\" \/>\n\t<meta property=\"og:image:width\" content=\"800\" \/>\n\t<meta property=\"og:image:height\" content=\"444\" \/>\n\t<meta property=\"og:image:type\" content=\"image\/jpeg\" \/>\n<meta name=\"twitter:card\" content=\"summary_large_image\" \/>\n<meta name=\"twitter:label1\" content=\"Tempo estimado de leitura\" \/>\n\t<meta name=\"twitter:data1\" content=\"1 minuto\" \/>\n<script type=\"application\/ld+json\" class=\"yoast-schema-graph\">{\"@context\":\"https:\/\/schema.org\",\"@graph\":[{\"@type\":\"WebPage\",\"@id\":\"https:\/\/mypalmleaf.com\/pt-pt\/prices\/encontrar-a-folha-leitura-geral-do-capitulo\/\",\"url\":\"https:\/\/mypalmleaf.com\/pt-pt\/prices\/encontrar-a-folha-leitura-geral-do-capitulo\/\",\"name\":\"Encontrar a folha + Leitura geral do cap\u00edtulo - My Palm Leaf\",\"isPartOf\":{\"@id\":\"https:\/\/mypalmleaf.com\/#website\"},\"primaryImageOfPage\":{\"@id\":\"https:\/\/mypalmleaf.com\/pt-pt\/prices\/encontrar-a-folha-leitura-geral-do-capitulo\/#primaryimage\"},\"image\":{\"@id\":\"https:\/\/mypalmleaf.com\/pt-pt\/prices\/encontrar-a-folha-leitura-geral-do-capitulo\/#primaryimage\"},\"thumbnailUrl\":\"https:\/\/mypalmleaf.com\/wp-content\/uploads\/2024\/09\/services-thumb-1-1.jpg\",\"datePublished\":\"2024-09-04T10:59:56+00:00\",\"dateModified\":\"2025-07-31T04:00:42+00:00\",\"breadcrumb\":{\"@id\":\"https:\/\/mypalmleaf.com\/pt-pt\/prices\/encontrar-a-folha-leitura-geral-do-capitulo\/#breadcrumb\"},\"inLanguage\":\"pt-PT\",\"potentialAction\":[{\"@type\":\"ReadAction\",\"target\":[\"https:\/\/mypalmleaf.com\/pt-pt\/prices\/encontrar-a-folha-leitura-geral-do-capitulo\/\"]}]},{\"@type\":\"ImageObject\",\"inLanguage\":\"pt-PT\",\"@id\":\"https:\/\/mypalmleaf.com\/pt-pt\/prices\/encontrar-a-folha-leitura-geral-do-capitulo\/#primaryimage\",\"url\":\"https:\/\/mypalmleaf.com\/wp-content\/uploads\/2024\/09\/services-thumb-1-1.jpg\",\"contentUrl\":\"https:\/\/mypalmleaf.com\/wp-content\/uploads\/2024\/09\/services-thumb-1-1.jpg\",\"width\":800,\"height\":444,\"caption\":\"Nadi astrology-02\"},{\"@type\":\"BreadcrumbList\",\"@id\":\"https:\/\/mypalmleaf.com\/pt-pt\/prices\/encontrar-a-folha-leitura-geral-do-capitulo\/#breadcrumb\",\"itemListElement\":[{\"@type\":\"ListItem\",\"position\":1,\"name\":\"Home\",\"item\":\"https:\/\/mypalmleaf.com\/pt-pt\/\"},{\"@type\":\"ListItem\",\"position\":2,\"name\":\"Shop\",\"item\":\"https:\/\/mypalmleaf.com\/et\/shop\/\"},{\"@type\":\"ListItem\",\"position\":3,\"name\":\"Encontrar a folha + Leitura geral do cap\u00edtulo\"}]},{\"@type\":\"WebSite\",\"@id\":\"https:\/\/mypalmleaf.com\/#website\",\"url\":\"https:\/\/mypalmleaf.com\/\",\"name\":\"My Palm Leaf\",\"description\":\"\",\"potentialAction\":[{\"@type\":\"SearchAction\",\"target\":{\"@type\":\"EntryPoint\",\"urlTemplate\":\"https:\/\/mypalmleaf.com\/?s={search_term_string}\"},\"query-input\":{\"@type\":\"PropertyValueSpecification\",\"valueRequired\":true,\"valueName\":\"search_term_string\"}}],\"inLanguage\":\"pt-PT\"}]}<\/script>\n<!-- \/ Yoast SEO plugin. -->","yoast_head_json":{"title":"Encontrar a folha + Leitura geral do cap\u00edtulo - My Palm Leaf","robots":{"index":"index","follow":"follow","max-snippet":"max-snippet:-1","max-image-preview":"max-image-preview:large","max-video-preview":"max-video-preview:-1"},"canonical":"https:\/\/mypalmleaf.com\/pt-pt\/prices\/encontrar-a-folha-leitura-geral-do-capitulo\/","og_locale":"pt_PT","og_type":"article","og_title":"Encontrar a folha + Leitura geral do cap\u00edtulo - My Palm Leaf","og_description":"O servi\u00e7o inclui   Localizar os pacotes que podem conter a tua Palm Leaf na \u00cdndia  Faz o processo de correspond\u00eancia online para identificar a tua folha de palmeira...","og_url":"https:\/\/mypalmleaf.com\/pt-pt\/prices\/encontrar-a-folha-leitura-geral-do-capitulo\/","og_site_name":"My Palm Leaf","article_modified_time":"2025-07-31T04:00:42+00:00","og_image":[{"width":800,"height":444,"url":"https:\/\/mypalmleaf.com\/wp-content\/uploads\/2024\/09\/services-thumb-1-1.jpg","type":"image\/jpeg"}],"twitter_card":"summary_large_image","twitter_misc":{"Tempo estimado de leitura":"1 minuto"},"schema":{"@context":"https:\/\/schema.org","@graph":[{"@type":"WebPage","@id":"https:\/\/mypalmleaf.com\/pt-pt\/prices\/encontrar-a-folha-leitura-geral-do-capitulo\/","url":"https:\/\/mypalmleaf.com\/pt-pt\/prices\/encontrar-a-folha-leitura-geral-do-capitulo\/","name":"Encontrar a folha + Leitura geral do cap\u00edtulo - My Palm Leaf","isPartOf":{"@id":"https:\/\/mypalmleaf.com\/#website"},"primaryImageOfPage":{"@id":"https:\/\/mypalmleaf.com\/pt-pt\/prices\/encontrar-a-folha-leitura-geral-do-capitulo\/#primaryimage"},"image":{"@id":"https:\/\/mypalmleaf.com\/pt-pt\/prices\/encontrar-a-folha-leitura-geral-do-capitulo\/#primaryimage"},"thumbnailUrl":"https:\/\/mypalmleaf.com\/wp-content\/uploads\/2024\/09\/services-thumb-1-1.jpg","datePublished":"2024-09-04T10:59:56+00:00","dateModified":"2025-07-31T04:00:42+00:00","breadcrumb":{"@id":"https:\/\/mypalmleaf.com\/pt-pt\/prices\/encontrar-a-folha-leitura-geral-do-capitulo\/#breadcrumb"},"inLanguage":"pt-PT","potentialAction":[{"@type":"ReadAction","target":["https:\/\/mypalmleaf.com\/pt-pt\/prices\/encontrar-a-folha-leitura-geral-do-capitulo\/"]}]},{"@type":"ImageObject","inLanguage":"pt-PT","@id":"https:\/\/mypalmleaf.com\/pt-pt\/prices\/encontrar-a-folha-leitura-geral-do-capitulo\/#primaryimage","url":"https:\/\/mypalmleaf.com\/wp-content\/uploads\/2024\/09\/services-thumb-1-1.jpg","contentUrl":"https:\/\/mypalmleaf.com\/wp-content\/uploads\/2024\/09\/services-thumb-1-1.jpg","width":800,"height":444,"caption":"Nadi astrology-02"},{"@type":"BreadcrumbList","@id":"https:\/\/mypalmleaf.com\/pt-pt\/prices\/encontrar-a-folha-leitura-geral-do-capitulo\/#breadcrumb","itemListElement":[{"@type":"ListItem","position":1,"name":"Home","item":"https:\/\/mypalmleaf.com\/pt-pt\/"},{"@type":"ListItem","position":2,"name":"Shop","item":"https:\/\/mypalmleaf.com\/et\/shop\/"},{"@type":"ListItem","position":3,"name":"Encontrar a folha + Leitura geral do cap\u00edtulo"}]},{"@type":"WebSite","@id":"https:\/\/mypalmleaf.com\/#website","url":"https:\/\/mypalmleaf.com\/","name":"My Palm Leaf","description":"","potentialAction":[{"@type":"SearchAction","target":{"@type":"EntryPoint","urlTemplate":"https:\/\/mypalmleaf.com\/?s={search_term_string}"},"query-input":{"@type":"PropertyValueSpecification","valueRequired":true,"valueName":"search_term_string"}}],"inLanguage":"pt-PT"}]}},"_links":{"self":[{"href":"https:\/\/mypalmleaf.com\/pt-pt\/wp-json\/wp\/v2\/product\/37676","targetHints":{"allow":["GET"]}}],"collection":[{"href":"https:\/\/mypalmleaf.com\/pt-pt\/wp-json\/wp\/v2\/product"}],"about":[{"href":"https:\/\/mypalmleaf.com\/pt-pt\/wp-json\/wp\/v2\/types\/product"}],"replies":[{"embeddable":true,"href":"https:\/\/mypalmleaf.com\/pt-pt\/wp-json\/wp\/v2\/comments?post=37676"}],"wp:featuredmedia":[{"embeddable":true,"href":"https:\/\/mypalmleaf.com\/pt-pt\/wp-json\/wp\/v2\/media\/10079"}],"wp:attachment":[{"href":"https:\/\/mypalmleaf.com\/pt-pt\/wp-json\/wp\/v2\/media?parent=37676"}],"wp:term":[{"taxonomy":"product_brand","embeddable":true,"href":"https:\/\/mypalmleaf.com\/pt-pt\/wp-json\/wp\/v2\/product_brand?post=37676"},{"taxonomy":"product_cat","embeddable":true,"href":"https:\/\/mypalmleaf.com\/pt-pt\/wp-json\/wp\/v2\/product_cat?post=37676"},{"taxonomy":"product_tag","embeddable":true,"href":"https:\/\/mypalmleaf.com\/pt-pt\/wp-json\/wp\/v2\/product_tag?post=37676"}],"curies":[{"name":"wp","href":"https:\/\/api.w.org\/{rel}","templated":true}]}}