{"id":37677,"date":"2024-09-04T10:57:26","date_gmt":"2024-09-04T10:57:26","guid":{"rendered":"https:\/\/mypalmleaf.com\/prices\/leitura-adicional-do-capitulo\/"},"modified":"2025-10-09T16:10:35","modified_gmt":"2025-10-09T16:10:35","slug":"leitura-adicional-do-capitulo","status":"publish","type":"product","link":"https:\/\/mypalmleaf.com\/pt-pt\/prices\/leitura-adicional-do-capitulo\/","title":{"rendered":"Leitura adicional do cap\u00edtulo em Mypalmleaf"},"content":{"rendered":"<div class=\"description\">\n<p><strong>O servi\u00e7o inclui<\/strong><\/p>\n<ul>\n<li>Leitura dos cap\u00edtulos que escolheste pela biblioteca de folhas de palmeira<\/li>\n<li>Modera\u00e7\u00e3o da leitura pelo moderador do MPL<\/li>\n<li>Grava\u00e7\u00e3o de v\u00eddeo<\/li>\n<\/ul>\n<\/div>\n<div class=\"additional-addons-wrap\">\n<p>As folhas de palmeira cont\u00eam at\u00e9 17 cap\u00edtulos, cada um dedicado a um determinado t\u00f3pico da vida de uma pessoa.<\/p>\n<p>O cap\u00edtulo geral est\u00e1 inclu\u00eddo na leitura, pelo que os cap\u00edtulos adicionais <strong>s\u00f3<\/strong> podem <strong>ser lidos depois de<\/strong> teres feito a leitura do cap\u00edtulo geral.<\/p>\n<p>Ainda n\u00e3o fizeste a leitura do cap\u00edtulo geral? <a class=\"fw-bold text-body\" href=\"https:\/\/mypalmleaf.com\/pt-pt\/prices\/encontrar-a-folha-leitura-geral-do-capitulo\/\">Obt\u00e9m-na aqui<\/a>.<\/p>\n<p>Em baixo, podes selecionar um servi\u00e7o de leitura de qualquer cap\u00edtulo adicional.<\/p>\n<p>Os cap\u00edtulos especiais s\u00e3o mais longos e mais pormenorizados do que os cap\u00edtulos normais.<\/p>\n<\/div>\n","protected":false},"excerpt":{"rendered":"<p><strong>O servi\u00e7o inclui<\/strong><\/p>\n<ul>\n<li>Leitura dos cap\u00edtulos que escolheste pela biblioteca de folhas de palmeira<\/li>\n<li>Modera\u00e7\u00e3o da leitura pelo moderador do MPL&#8230;<\/li>\n<\/ul>\n","protected":false},"featured_media":9826,"comment_status":"open","ping_status":"closed","template":"","meta":{"_acf_changed":false},"product_brand":[],"product_cat":[331],"product_tag":[],"class_list":{"0":"post-37677","1":"product","2":"type-product","3":"status-publish","4":"has-post-thumbnail","6":"product_cat-sem-categoria","8":"first","9":"instock","10":"virtual","11":"taxable","12":"purchasable","13":"product-type-simple"},"exclude_global_add_ons":false,"addons":[{"name":"Cap\u00edtulos","type":"checkbox","position":0,"required":false,"title_format":"label","description_enable":true,"description":"cap\u00edtulos","placeholder_enable":false,"placeholder":null,"display":"select","restrictions_type":"any_text","adjust_price":false,"price":"","price_type":"flat_fee","restrictions":false,"min":0,"max":0,"options":[{"label":"1. Cap\u00edtulo Geral (j\u00e1 o ouviste na Leitura Geral)","price":"","price_type":"flat_fee","image":0},{"label":"2. Educa\u00e7\u00e3o e riqueza","price":"79","price_type":"flat_fee","image":0},{"label":"3. Irm\u00e3os","price":"79","price_type":"flat_fee","image":0},{"label":"4. A tua m\u00e3e, aspectos materiais como casa, terreno, ve\u00edculos e conforto material","price":"79","price_type":"flat_fee","image":0},{"label":"5. Crian\u00e7as","price":"79","price_type":"flat_fee","image":0},{"label":"6. Inimigos e doen\u00e7as","price":"79","price_type":"flat_fee","image":0},{"label":"7. Casamento\/Rela\u00e7\u00f5es","price":"79","price_type":"flat_fee","image":0},{"label":"8. Dura\u00e7\u00e3o da vida","price":"79","price_type":"flat_fee","image":0},{"label":"9. O teu pai e o teu caminho espiritual","price":"79","price_type":"flat_fee","image":0},{"label":"10. Carreira\/trabalho\/neg\u00f3cio","price":"79","price_type":"flat_fee","image":0},{"label":"11. Sorte, lucros, potencial segundo casamento","price":"79","price_type":"flat_fee","image":0},{"label":"12. Liga\u00e7\u00e3o ao estrangeiro e pr\u00f3xima encarna\u00e7\u00e3o","price":"79","price_type":"flat_fee","image":0},{"label":"13. Nascimento anterior e carma antigo","price":"79","price_type":"flat_fee","image":0},{"label":"14. Rem\u00e9dios energ\u00e9ticos para melhorar o teu percurso de vida (j\u00e1 ouviste isto na Leitura Geral)","price":"","price_type":"flat_fee","image":0},{"label":"15. Medicina Ayurveda","price":"130","price_type":"flat_fee","image":0},{"label":"16. Desenvolvimento espiritual","price":"130","price_type":"flat_fee","image":0},{"label":"17. Efeitos planet\u00e1rios actuais","price":"130","price_type":"flat_fee","image":0}],"id":1725236907},{"name":"Tradu\u00e7\u00e3o por cap\u00edtulo","type":"checkbox","position":1,"required":false,"title_format":"label","description_enable":true,"description":"tradu\u00e7\u00e3o","placeholder_enable":false,"placeholder":null,"display":"select","restrictions_type":"any_text","adjust_price":false,"price":"","price_type":"flat_fee","restrictions":false,"min":0,"max":0,"options":[{"label":"Ingl\u00eas","price":"","price_type":"flat_fee","image":0},{"label":"Alem\u00e3o","price":"12","price_type":"flat_fee","image":0},{"label":"Russo","price":"12","price_type":"flat_fee","image":0},{"label":"Japon\u00eas","price":"12","price_type":"flat_fee","image":0},{"label":"Italiano","price":"12","price_type":"flat_fee","image":0},{"label":"Franc\u00eas","price":"12","price_type":"flat_fee","image":0},{"label":"Espanhol","price":"12","price_type":"flat_fee","image":0},{"label":"holand\u00eas","price":"12","price_type":"flat_fee","image":0},{"label":"Outros","price":"12","price_type":"flat_fee","image":0}],"id":1725236908},{"name":"Transcri\u00e7\u00e3o por cap\u00edtulo","type":"checkbox","position":2,"required":false,"title_format":"label","description_enable":true,"description":"transcri\u00e7\u00e3o","placeholder_enable":false,"placeholder":null,"display":"select","restrictions_type":"any_text","adjust_price":false,"price":"","price_type":"flat_fee","restrictions":false,"min":0,"max":0,"options":[{"label":"Ingl\u00eas","price":"18","price_type":"flat_fee","image":0},{"label":"Alem\u00e3o","price":"27","price_type":"flat_fee","image":0},{"label":"Russo","price":"27","price_type":"flat_fee","image":0},{"label":"Japon\u00eas","price":"27","price_type":"flat_fee","image":0},{"label":"Italiano","price":"27","price_type":"flat_fee","image":0},{"label":"Franc\u00eas","price":"27","price_type":"flat_fee","image":0},{"label":"Espanhol","price":"27","price_type":"flat_fee","image":0},{"label":"holand\u00eas","price":"27","price_type":"flat_fee","image":0},{"label":"Outros","price":"27","price_type":"flat_fee","image":0}],"id":1725236909}],"acf":[],"yoast_head":"<!-- This site is optimized with the Yoast SEO plugin v26.4 - https:\/\/yoast.com\/wordpress\/plugins\/seo\/ -->\n<title>Livro Leitura de Cap\u00edtulos Adicionais | Minha Folha de Palmeira - a partir de 79 euros<\/title>\n<meta name=\"description\" content=\"Explora conhecimentos mais profundos com cap\u00edtulos adicionais de folhas de palmeira. Obt\u00e9m clareza sobre o amor, a carreira e o caminho da vida. Reserva a tua leitura personalizada hoje em My Palm Leaf!\" \/>\n<meta name=\"robots\" content=\"index, follow, max-snippet:-1, max-image-preview:large, max-video-preview:-1\" \/>\n<link rel=\"canonical\" href=\"https:\/\/mypalmleaf.com\/pt-pt\/prices\/leitura-adicional-do-capitulo\/\" \/>\n<meta property=\"og:locale\" content=\"pt_PT\" \/>\n<meta property=\"og:type\" content=\"article\" \/>\n<meta property=\"og:title\" content=\"Livro Leitura de Cap\u00edtulos Adicionais | Minha Folha de Palmeira - a partir de 79 euros\" \/>\n<meta property=\"og:description\" content=\"Explora conhecimentos mais profundos com cap\u00edtulos adicionais de folhas de palmeira. Obt\u00e9m clareza sobre o amor, a carreira e o caminho da vida. Reserva a tua leitura personalizada hoje em My Palm Leaf!\" \/>\n<meta property=\"og:url\" content=\"https:\/\/mypalmleaf.com\/pt-pt\/prices\/leitura-adicional-do-capitulo\/\" \/>\n<meta property=\"og:site_name\" content=\"My Palm Leaf\" \/>\n<meta property=\"article:modified_time\" content=\"2025-10-09T16:10:35+00:00\" \/>\n<meta property=\"og:image\" content=\"https:\/\/mypalmleaf.com\/wp-content\/uploads\/2024\/09\/services-thumb-2.jpg\" \/>\n\t<meta property=\"og:image:width\" content=\"800\" \/>\n\t<meta property=\"og:image:height\" content=\"444\" \/>\n\t<meta property=\"og:image:type\" content=\"image\/jpeg\" \/>\n<meta name=\"twitter:card\" content=\"summary_large_image\" \/>\n<meta name=\"twitter:label1\" content=\"Tempo estimado de leitura\" \/>\n\t<meta name=\"twitter:data1\" content=\"1 minuto\" \/>\n<script type=\"application\/ld+json\" class=\"yoast-schema-graph\">{\"@context\":\"https:\/\/schema.org\",\"@graph\":[{\"@type\":\"WebPage\",\"@id\":\"https:\/\/mypalmleaf.com\/pt-pt\/prices\/leitura-adicional-do-capitulo\/\",\"url\":\"https:\/\/mypalmleaf.com\/pt-pt\/prices\/leitura-adicional-do-capitulo\/\",\"name\":\"Livro Leitura de Cap\u00edtulos Adicionais | Minha Folha de Palmeira - a partir de 79 euros\",\"isPartOf\":{\"@id\":\"https:\/\/mypalmleaf.com\/#website\"},\"primaryImageOfPage\":{\"@id\":\"https:\/\/mypalmleaf.com\/pt-pt\/prices\/leitura-adicional-do-capitulo\/#primaryimage\"},\"image\":{\"@id\":\"https:\/\/mypalmleaf.com\/pt-pt\/prices\/leitura-adicional-do-capitulo\/#primaryimage\"},\"thumbnailUrl\":\"https:\/\/mypalmleaf.com\/wp-content\/uploads\/2024\/09\/services-thumb-2.jpg\",\"datePublished\":\"2024-09-04T10:57:26+00:00\",\"dateModified\":\"2025-10-09T16:10:35+00:00\",\"description\":\"Explora conhecimentos mais profundos com cap\u00edtulos adicionais de folhas de palmeira. Obt\u00e9m clareza sobre o amor, a carreira e o caminho da vida. Reserva a tua leitura personalizada hoje em My Palm Leaf!\",\"breadcrumb\":{\"@id\":\"https:\/\/mypalmleaf.com\/pt-pt\/prices\/leitura-adicional-do-capitulo\/#breadcrumb\"},\"inLanguage\":\"pt-PT\",\"potentialAction\":[{\"@type\":\"ReadAction\",\"target\":[\"https:\/\/mypalmleaf.com\/pt-pt\/prices\/leitura-adicional-do-capitulo\/\"]}]},{\"@type\":\"ImageObject\",\"inLanguage\":\"pt-PT\",\"@id\":\"https:\/\/mypalmleaf.com\/pt-pt\/prices\/leitura-adicional-do-capitulo\/#primaryimage\",\"url\":\"https:\/\/mypalmleaf.com\/wp-content\/uploads\/2024\/09\/services-thumb-2.jpg\",\"contentUrl\":\"https:\/\/mypalmleaf.com\/wp-content\/uploads\/2024\/09\/services-thumb-2.jpg\",\"width\":800,\"height\":444,\"caption\":\"Palm leaves-548\"},{\"@type\":\"BreadcrumbList\",\"@id\":\"https:\/\/mypalmleaf.com\/pt-pt\/prices\/leitura-adicional-do-capitulo\/#breadcrumb\",\"itemListElement\":[{\"@type\":\"ListItem\",\"position\":1,\"name\":\"Home\",\"item\":\"https:\/\/mypalmleaf.com\/pt-pt\/\"},{\"@type\":\"ListItem\",\"position\":2,\"name\":\"Shop\",\"item\":\"https:\/\/mypalmleaf.com\/et\/shop\/\"},{\"@type\":\"ListItem\",\"position\":3,\"name\":\"Leitura adicional do cap\u00edtulo em Mypalmleaf\"}]},{\"@type\":\"WebSite\",\"@id\":\"https:\/\/mypalmleaf.com\/#website\",\"url\":\"https:\/\/mypalmleaf.com\/\",\"name\":\"My Palm Leaf\",\"description\":\"\",\"potentialAction\":[{\"@type\":\"SearchAction\",\"target\":{\"@type\":\"EntryPoint\",\"urlTemplate\":\"https:\/\/mypalmleaf.com\/?s={search_term_string}\"},\"query-input\":{\"@type\":\"PropertyValueSpecification\",\"valueRequired\":true,\"valueName\":\"search_term_string\"}}],\"inLanguage\":\"pt-PT\"}]}<\/script>\n<!-- \/ Yoast SEO plugin. -->","yoast_head_json":{"title":"Livro Leitura de Cap\u00edtulos Adicionais | Minha Folha de Palmeira - a partir de 79 euros","description":"Explora conhecimentos mais profundos com cap\u00edtulos adicionais de folhas de palmeira. Obt\u00e9m clareza sobre o amor, a carreira e o caminho da vida. Reserva a tua leitura personalizada hoje em My Palm Leaf!","robots":{"index":"index","follow":"follow","max-snippet":"max-snippet:-1","max-image-preview":"max-image-preview:large","max-video-preview":"max-video-preview:-1"},"canonical":"https:\/\/mypalmleaf.com\/pt-pt\/prices\/leitura-adicional-do-capitulo\/","og_locale":"pt_PT","og_type":"article","og_title":"Livro Leitura de Cap\u00edtulos Adicionais | Minha Folha de Palmeira - a partir de 79 euros","og_description":"Explora conhecimentos mais profundos com cap\u00edtulos adicionais de folhas de palmeira. Obt\u00e9m clareza sobre o amor, a carreira e o caminho da vida. Reserva a tua leitura personalizada hoje em My Palm Leaf!","og_url":"https:\/\/mypalmleaf.com\/pt-pt\/prices\/leitura-adicional-do-capitulo\/","og_site_name":"My Palm Leaf","article_modified_time":"2025-10-09T16:10:35+00:00","og_image":[{"width":800,"height":444,"url":"https:\/\/mypalmleaf.com\/wp-content\/uploads\/2024\/09\/services-thumb-2.jpg","type":"image\/jpeg"}],"twitter_card":"summary_large_image","twitter_misc":{"Tempo estimado de leitura":"1 minuto"},"schema":{"@context":"https:\/\/schema.org","@graph":[{"@type":"WebPage","@id":"https:\/\/mypalmleaf.com\/pt-pt\/prices\/leitura-adicional-do-capitulo\/","url":"https:\/\/mypalmleaf.com\/pt-pt\/prices\/leitura-adicional-do-capitulo\/","name":"Livro Leitura de Cap\u00edtulos Adicionais | Minha Folha de Palmeira - a partir de 79 euros","isPartOf":{"@id":"https:\/\/mypalmleaf.com\/#website"},"primaryImageOfPage":{"@id":"https:\/\/mypalmleaf.com\/pt-pt\/prices\/leitura-adicional-do-capitulo\/#primaryimage"},"image":{"@id":"https:\/\/mypalmleaf.com\/pt-pt\/prices\/leitura-adicional-do-capitulo\/#primaryimage"},"thumbnailUrl":"https:\/\/mypalmleaf.com\/wp-content\/uploads\/2024\/09\/services-thumb-2.jpg","datePublished":"2024-09-04T10:57:26+00:00","dateModified":"2025-10-09T16:10:35+00:00","description":"Explora conhecimentos mais profundos com cap\u00edtulos adicionais de folhas de palmeira. Obt\u00e9m clareza sobre o amor, a carreira e o caminho da vida. Reserva a tua leitura personalizada hoje em My Palm Leaf!","breadcrumb":{"@id":"https:\/\/mypalmleaf.com\/pt-pt\/prices\/leitura-adicional-do-capitulo\/#breadcrumb"},"inLanguage":"pt-PT","potentialAction":[{"@type":"ReadAction","target":["https:\/\/mypalmleaf.com\/pt-pt\/prices\/leitura-adicional-do-capitulo\/"]}]},{"@type":"ImageObject","inLanguage":"pt-PT","@id":"https:\/\/mypalmleaf.com\/pt-pt\/prices\/leitura-adicional-do-capitulo\/#primaryimage","url":"https:\/\/mypalmleaf.com\/wp-content\/uploads\/2024\/09\/services-thumb-2.jpg","contentUrl":"https:\/\/mypalmleaf.com\/wp-content\/uploads\/2024\/09\/services-thumb-2.jpg","width":800,"height":444,"caption":"Palm leaves-548"},{"@type":"BreadcrumbList","@id":"https:\/\/mypalmleaf.com\/pt-pt\/prices\/leitura-adicional-do-capitulo\/#breadcrumb","itemListElement":[{"@type":"ListItem","position":1,"name":"Home","item":"https:\/\/mypalmleaf.com\/pt-pt\/"},{"@type":"ListItem","position":2,"name":"Shop","item":"https:\/\/mypalmleaf.com\/et\/shop\/"},{"@type":"ListItem","position":3,"name":"Leitura adicional do cap\u00edtulo em Mypalmleaf"}]},{"@type":"WebSite","@id":"https:\/\/mypalmleaf.com\/#website","url":"https:\/\/mypalmleaf.com\/","name":"My Palm Leaf","description":"","potentialAction":[{"@type":"SearchAction","target":{"@type":"EntryPoint","urlTemplate":"https:\/\/mypalmleaf.com\/?s={search_term_string}"},"query-input":{"@type":"PropertyValueSpecification","valueRequired":true,"valueName":"search_term_string"}}],"inLanguage":"pt-PT"}]}},"_links":{"self":[{"href":"https:\/\/mypalmleaf.com\/pt-pt\/wp-json\/wp\/v2\/product\/37677","targetHints":{"allow":["GET"]}}],"collection":[{"href":"https:\/\/mypalmleaf.com\/pt-pt\/wp-json\/wp\/v2\/product"}],"about":[{"href":"https:\/\/mypalmleaf.com\/pt-pt\/wp-json\/wp\/v2\/types\/product"}],"replies":[{"embeddable":true,"href":"https:\/\/mypalmleaf.com\/pt-pt\/wp-json\/wp\/v2\/comments?post=37677"}],"wp:featuredmedia":[{"embeddable":true,"href":"https:\/\/mypalmleaf.com\/pt-pt\/wp-json\/wp\/v2\/media\/9826"}],"wp:attachment":[{"href":"https:\/\/mypalmleaf.com\/pt-pt\/wp-json\/wp\/v2\/media?parent=37677"}],"wp:term":[{"taxonomy":"product_brand","embeddable":true,"href":"https:\/\/mypalmleaf.com\/pt-pt\/wp-json\/wp\/v2\/product_brand?post=37677"},{"taxonomy":"product_cat","embeddable":true,"href":"https:\/\/mypalmleaf.com\/pt-pt\/wp-json\/wp\/v2\/product_cat?post=37677"},{"taxonomy":"product_tag","embeddable":true,"href":"https:\/\/mypalmleaf.com\/pt-pt\/wp-json\/wp\/v2\/product_tag?post=37677"}],"curies":[{"name":"wp","href":"https:\/\/api.w.org\/{rel}","templated":true}]}}