
{"id":33271,"date":"2024-08-14T06:28:52","date_gmt":"2024-08-14T06:28:52","guid":{"rendered":"https:\/\/mypalmleaf.com\/bloguri\/"},"modified":"2025-04-28T13:04:29","modified_gmt":"2025-04-28T13:04:29","slug":"bloguri","status":"publish","type":"page","link":"https:\/\/mypalmleaf.com\/ro\/bloguri\/","title":{"rendered":"Bloguri"},"content":{"rendered":"<section class=\"spotlight-single top-gap\">\n  <div class=\"content-wrap\">\n    <div class=\"image\">\n      <picture>\n        <source media=\"(max-width: 999px)\" srcset=\"https:\/\/mypalmleaf.com\/wp-content\/uploads\/2024\/08\/blogs-spotlight-mob.jpg\" \/>\n        <source media=\"(min-width: 1000px)\" srcset=\"https:\/\/mypalmleaf.com\/wp-content\/uploads\/2024\/08\/blogs-spotlight.jpg\" \/>\n        <img decoding=\"async\" src=\"https:\/\/mypalmleaf.com\/wp-content\/uploads\/2024\/08\/blogs-spotlight.jpg\" class=\"img-fluid\" alt=\"\" \/>\n      <\/picture>\n    <\/div>\n    <div class=\"content\">\n      <div data-aos=\"fade-up\" data-aos-duration=\"1000\">\n        <h1>Blog \u0219i articole<\/h1>\n              <\/div>\n    <\/div>\n  <\/div>\n<\/section>\n\n  <section class=\"blog-card-wrap my-4\" data-aos=\"fade-up\" data-aos-duration=\"1000\">\n    <div class=\"container-xl\">\n      <div class=\"row gx-md-5\">\n                  <div class=\"col-lg-6 my-4\">\n            <div class=\"wrap\">\n              <div class=\"image\">\n                <div class=\"rounded-asset\"><img decoding=\"async\" src=\"https:\/\/mypalmleaf.com\/wp-content\/uploads\/2024\/08\/blog-thumb-1.jpg\" class=\"img-fluid\" alt=\"\"><\/div>\n              <\/div>\n              <div class=\"date\">decembrie 28, 2024<\/div>\n              <div class=\"title\">Vedic &#038; Western Astrology:<\/div>\n              <div class=\"desc\"><p>Astrology, a celestial science, has been a significant aspect of various cultures, guiding individuals in understanding their destinies and the mysteries of the universe. Two prominent branches of astrology, Vedic and Western, have intrigued scholars and enthusiasts alike, each offering a unique lens through which to view the cosmos and human existence. ORIgins and philosophical [&hellip;]<\/p>\n<\/div>\n              <a href=\"https:\/\/mypalmleaf.com\/ro\/vedic-western-astrology\/\" class=\"stretched-link\"><\/a>\n            <\/div>\n          <\/div>\n                  <div class=\"col-lg-6 my-4\">\n            <div class=\"wrap\">\n              <div class=\"image\">\n                <div class=\"rounded-asset\"><img decoding=\"async\" src=\"https:\/\/mypalmleaf.com\/wp-content\/uploads\/2024\/08\/blog-15-1.jpg\" class=\"img-fluid\" alt=\"\"><\/div>\n              <\/div>\n              <div class=\"date\">decembrie 23, 2024<\/div>\n              <div class=\"title\">Preg\u0103tirea pentru citirea frunzei de palmier<\/div>\n              <div class=\"desc\"><p>C\u0103utarea frunzei dvs. de palmier este un proces profund \u0219i frumos. Procesul se va desf\u0103\u0219ura pe deplin, cu efectul s\u0103u transformator, atunci c\u00e2nd lua\u021bi \u00een considerare preg\u0103tirea adecvat\u0103 pentru citirea frunzei de palmier. Prin urmare, acest articol va discuta despre preg\u0103tirea pentru lectur\u0103, at\u00e2t din punct de vedere intern, c\u00e2t \u0219i practic. Procesul \u00eencepe cu [&hellip;]<\/p>\n<\/div>\n              <a href=\"https:\/\/mypalmleaf.com\/ro\/preparing-for-your-palm-leaf-reading\/\" class=\"stretched-link\"><\/a>\n            <\/div>\n          <\/div>\n                  <div class=\"col-lg-6 my-4\">\n            <div class=\"wrap\">\n              <div class=\"image\">\n                <div class=\"rounded-asset\"><img decoding=\"async\" src=\"https:\/\/mypalmleaf.com\/wp-content\/uploads\/2024\/08\/blog_a_comparative_study_main-listing.jpg\" class=\"img-fluid\" alt=\"\"><\/div>\n              <\/div>\n              <div class=\"date\">octombrie 3, 2023<\/div>\n              <div class=\"title\">Conexiunea divin\u0103: Hanuman, Saturn \u0219i citirea frunzei de palmier<\/div>\n              <div class=\"desc\"><p>Conexiunea divin\u0103: Hanuman, Saturn \u0219i citirea frunzei de palmier Dac\u0103 a\u021bi avut recent experien\u021ba unic\u0103 de a citi \u00een palm\u0103 prin intermediul serviciilor noastre specializate, este posibil s\u0103 fi \u00eent\u00e2lnit recomand\u0103ri legate de Lordul Hanuman \u0219i planeta Saturn. Aceasta nu este o sugestie \u00eent\u00e2mpl\u0103toare. Este un aspect profund \u00eenr\u0103d\u0103cinat al astrologiei vedice \u0219i al spiritualit\u0103\u021bii. [&hellip;]<\/p>\n<\/div>\n              <a href=\"https:\/\/mypalmleaf.com\/ro\/the-divine-connection-hanuman-saturn-your-palm-leaf-reading-journey\/\" class=\"stretched-link\"><\/a>\n            <\/div>\n          <\/div>\n                  <div class=\"col-lg-6 my-4\">\n            <div class=\"wrap\">\n              <div class=\"image\">\n                <div class=\"rounded-asset\"><img decoding=\"async\" src=\"https:\/\/mypalmleaf.com\/wp-content\/uploads\/2022\/11\/blog-3.jpg\" class=\"img-fluid\" alt=\"\"><\/div>\n              <\/div>\n              <div class=\"date\">noiembrie 15, 2022<\/div>\n              <div class=\"title\">The Sacred Realm of Shambhala<\/div>\n              <div class=\"desc\"><p>Shambala is an oasis of compassion, love, freedom and light in a desert of ignorance and materialism. &#8211; Sahajananda There are many legends surrounding the sacred realm of Shambhala. Some saw it as a physical location. A paradise\/eutopia hidden high in the Himalaya. To others, it is a mysterious land inside the (apparently) hollow earth, [&hellip;]<\/p>\n<\/div>\n              <a href=\"https:\/\/mypalmleaf.com\/ro\/the-sacred-realm-of-shambhala\/\" class=\"stretched-link\"><\/a>\n            <\/div>\n          <\/div>\n                  <div class=\"col-lg-6 my-4\">\n            <div class=\"wrap\">\n              <div class=\"image\">\n                <div class=\"rounded-asset\"><img decoding=\"async\" src=\"https:\/\/mypalmleaf.com\/wp-content\/uploads\/2022\/08\/Adobe-Express-file-2-1.png\" class=\"img-fluid\" alt=\"\"><\/div>\n              <\/div>\n              <div class=\"date\">august 25, 2022<\/div>\n              <div class=\"title\">The Saptarishi \u2013 The 7 Great Vedic Sages<\/div>\n              <div class=\"desc\"><p>The Vedas are the earliest known works of spiritual literature on the planet. These and other great scriptures, for instance, Mahabharata and Ramayana, contain the stories of the Saptarishi, or seven great sages. These sages are the sons of the mighty Brahma. He sent them to earth, thus supporting the spiritual evolution of humanity and [&hellip;]<\/p>\n<\/div>\n              <a href=\"https:\/\/mypalmleaf.com\/ro\/the-saptarishi-the-7-great-vedic-sages\/\" class=\"stretched-link\"><\/a>\n            <\/div>\n          <\/div>\n                  <div class=\"col-lg-6 my-4\">\n            <div class=\"wrap\">\n              <div class=\"image\">\n                <div class=\"rounded-asset\"><img decoding=\"async\" src=\"https:\/\/mypalmleaf.com\/wp-content\/uploads\/2024\/08\/blog-23-2.jpg\" class=\"img-fluid\" alt=\"\"><\/div>\n              <\/div>\n              <div class=\"date\">iunie 26, 2022<\/div>\n              <div class=\"title\">Cine este Sri Agastya Maharishi?<\/div>\n              <div class=\"desc\"><p>Cine este Sri Agastya Maharishi? Sri Agastya (uneori scris Agathiyar sau Agasti) este principalul dintre Saptarishi. Saptarishi sunt 7 mae\u0219tri spirituali foarte importan\u021bi din perioada vedic\u0103 din India. Ei sunt autorii manuscriselor cu frunze de palmier, au contribuit la medicin\u0103, astrologie, gramatic\u0103, chiar \u0219i la artele mar\u021biale, \u0219i au compus multe texte importante. Av\u00e2nd \u00een [&hellip;]<\/p>\n<\/div>\n              <a href=\"https:\/\/mypalmleaf.com\/ro\/cine-este-sri-agastya-maharishi\/\" class=\"stretched-link\"><\/a>\n            <\/div>\n          <\/div>\n                  <div class=\"col-lg-6 my-4\">\n            <div class=\"wrap\">\n              <div class=\"image\">\n                <div class=\"rounded-asset\"><img decoding=\"async\" src=\"https:\/\/mypalmleaf.com\/wp-content\/uploads\/2022\/06\/Adobe-Express-file-17.jpg\" class=\"img-fluid\" alt=\"\"><\/div>\n              <\/div>\n              <div class=\"date\">iunie 15, 2022<\/div>\n              <div class=\"title\">The Grace of the Palm Leaf Prophecies<\/div>\n              <div class=\"desc\"><p>\u201cWhat if you could consciously connect with [the subtle level of this reality] and feel it unconditionally holding you, supporting, guiding and loving you in every aspect of your life?\u201d Subtle Dimension of Grace?What if there was a subtle dimension of this reality that literally emanated love and support for this world and everyone in [&hellip;]<\/p>\n<\/div>\n              <a href=\"https:\/\/mypalmleaf.com\/ro\/the-grace-of-the-palm-leaf-prophecies\/\" class=\"stretched-link\"><\/a>\n            <\/div>\n          <\/div>\n                  <div class=\"col-lg-6 my-4\">\n            <div class=\"wrap\">\n              <div class=\"image\">\n                <div class=\"rounded-asset\"><img decoding=\"async\" src=\"https:\/\/mypalmleaf.com\/wp-content\/uploads\/2021\/09\/Adobe-Express-file-6-1.png\" class=\"img-fluid\" alt=\"\"><\/div>\n              <\/div>\n              <div class=\"date\">septembrie 2, 2021<\/div>\n              <div class=\"title\">Maharishis and Nadi Astrology<\/div>\n              <div class=\"desc\"><p>The palm leaf manuscripts and the Nadi astrology predictions they contain were written by Siddhas, Maharishis and scholars. They wrote these texts were written in several different languages. We know that scholars are specialists in a particular field of study or academics, but who are these Siddhas or rishis? SIDDHAS, MAHARISHIS, AND NADI ASTROLOGY Siddhas [&hellip;]<\/p>\n<\/div>\n              <a href=\"https:\/\/mypalmleaf.com\/ro\/maharishis-and-nadi-astrology\/\" class=\"stretched-link\"><\/a>\n            <\/div>\n          <\/div>\n              <\/div>\n          <\/div>\n  <\/section>\n\n\n\n<section class=\"find-your-palm-leaf-block\" data-aos=\"fade-up\" data-aos-duration=\"1000\">\n  <div class=\"container-fluid px-0\">\n    <div class=\"row g-0\">\n      <div class=\"col\">\n        <div class=\"find-your-leaf-bg\">\n          <picture>\n            <source media=\"(max-width: 999px)\" srcset=\"https:\/\/mypalmleaf.com\/wp-content\/uploads\/2024\/08\/Find-your-Palm-Leaf-mob.jpg\" \/>\n            <source media=\"(min-width: 1000px)\" srcset=\"https:\/\/mypalmleaf.com\/wp-content\/uploads\/2024\/08\/Find-your-Palm-Leaf.jpg\" \/>\n            <img decoding=\"async\" src=\"https:\/\/mypalmleaf.com\/wp-content\/uploads\/2024\/08\/Find-your-Palm-Leaf.jpg\" class=\"img-fluid\" alt=\"\" \/>\n          <\/picture>\n        <\/div>\n      <\/div>\n    <\/div>\n    <div class=\"content\">\n      <div class=\"container-xl\" data-aos=\"fade-up\" data-aos-duration=\"1000\">\n        <div class=\"row py-4\">\n          <div class=\"col-lg-8 mx-auto\">\n            <h2 class=\"mb-2\">G\u0103se\u0219te-\u021bi frunza de palmier!<\/h2>\n            <ul>\n<li>Tot ce ave\u021bi nevoie pentru a \u00eencepe c\u0103utarea frunzei dvs. de palmier este amprenta degetului mare.<\/li>\n<li>Dac\u0103 ave\u021bi nevoie de o traducere \u00een alt\u0103 limb\u0103, o putem face pentru dvs.<\/li>\n<li>Dac\u0103 nu g\u0103sim frunza dvs. de palmier \u00een termen de 3 date potrivite, v\u0103 vom rambursa \u00eentreaga sum\u0103.<\/li>\n<\/ul>\n          <\/div>\n        <\/div>\n        <div class=\"row mt-4\">\n          <div class=\"col text-center\">\n            <a href=\"\/ro\/prices\/find-your-palm-leaf-and-read-the-general-chapter\/\" class=\"btn btn-primary\">G\u0103se\u0219te-mi frunza<\/a>\n          <\/div>\n        <\/div>\n      <\/div>\n    <\/div>\n  <\/div>\n<\/section>","protected":false},"excerpt":{"rendered":"","protected":false},"author":1,"featured_media":0,"parent":0,"menu_order":0,"comment_status":"closed","ping_status":"closed","template":"","meta":{"_acf_changed":false,"footnotes":""},"class_list":["post-33271","page","type-page","status-publish","hentry"],"acf":[],"yoast_head":"<!-- This site is optimized with the Yoast SEO plugin v26.4 - https:\/\/yoast.com\/wordpress\/plugins\/seo\/ -->\n<title>Bloguri - My Palm Leaf<\/title>\n<meta name=\"description\" content=\"Cite\u0219te articole inspira\u021bionale despre astrologia Nadi, tradi\u021bii sacre indiene \u0219i pove\u0219ti ale frunzelor de palmier scrise de exper\u021bi dedica\u021bi.\" \/>\n<meta name=\"robots\" content=\"index, follow, max-snippet:-1, max-image-preview:large, max-video-preview:-1\" \/>\n<link rel=\"canonical\" href=\"https:\/\/mypalmleaf.com\/ro\/bloguri\/\" \/>\n<meta property=\"og:locale\" content=\"ro_RO\" \/>\n<meta property=\"og:type\" content=\"article\" \/>\n<meta property=\"og:title\" content=\"Bloguri - My Palm Leaf\" \/>\n<meta property=\"og:description\" content=\"Cite\u0219te articole inspira\u021bionale despre astrologia Nadi, tradi\u021bii sacre indiene \u0219i pove\u0219ti ale frunzelor de palmier scrise de exper\u021bi dedica\u021bi.\" \/>\n<meta property=\"og:url\" content=\"https:\/\/mypalmleaf.com\/ro\/bloguri\/\" \/>\n<meta property=\"og:site_name\" content=\"My Palm Leaf\" \/>\n<meta property=\"article:modified_time\" content=\"2025-04-28T13:04:29+00:00\" \/>\n<meta property=\"og:image\" content=\"https:\/\/mypalmleaf.com\/wp-content\/uploads\/2025\/08\/mpl-circle-logo.jpg\" \/>\n\t<meta property=\"og:image:width\" content=\"1200\" \/>\n\t<meta property=\"og:image:height\" content=\"1196\" \/>\n\t<meta property=\"og:image:type\" content=\"image\/jpeg\" \/>\n<meta name=\"twitter:card\" content=\"summary_large_image\" \/>\n<script type=\"application\/ld+json\" class=\"yoast-schema-graph\">{\"@context\":\"https:\/\/schema.org\",\"@graph\":[{\"@type\":\"WebPage\",\"@id\":\"https:\/\/mypalmleaf.com\/ro\/bloguri\/\",\"url\":\"https:\/\/mypalmleaf.com\/ro\/bloguri\/\",\"name\":\"Bloguri - My Palm Leaf\",\"isPartOf\":{\"@id\":\"https:\/\/mypalmleaf.com\/#website\"},\"datePublished\":\"2024-08-14T06:28:52+00:00\",\"dateModified\":\"2025-04-28T13:04:29+00:00\",\"description\":\"Cite\u0219te articole inspira\u021bionale despre astrologia Nadi, tradi\u021bii sacre indiene \u0219i pove\u0219ti ale frunzelor de palmier scrise de exper\u021bi dedica\u021bi.\",\"breadcrumb\":{\"@id\":\"https:\/\/mypalmleaf.com\/ro\/bloguri\/#breadcrumb\"},\"inLanguage\":\"ro-RO\",\"potentialAction\":[{\"@type\":\"ReadAction\",\"target\":[\"https:\/\/mypalmleaf.com\/ro\/bloguri\/\"]}]},{\"@type\":\"BreadcrumbList\",\"@id\":\"https:\/\/mypalmleaf.com\/ro\/bloguri\/#breadcrumb\",\"itemListElement\":[{\"@type\":\"ListItem\",\"position\":1,\"name\":\"Home\",\"item\":\"https:\/\/mypalmleaf.com\/ro\/\"},{\"@type\":\"ListItem\",\"position\":2,\"name\":\"Bloguri\"}]},{\"@type\":\"WebSite\",\"@id\":\"https:\/\/mypalmleaf.com\/#website\",\"url\":\"https:\/\/mypalmleaf.com\/\",\"name\":\"My Palm Leaf\",\"description\":\"\",\"potentialAction\":[{\"@type\":\"SearchAction\",\"target\":{\"@type\":\"EntryPoint\",\"urlTemplate\":\"https:\/\/mypalmleaf.com\/?s={search_term_string}\"},\"query-input\":{\"@type\":\"PropertyValueSpecification\",\"valueRequired\":true,\"valueName\":\"search_term_string\"}}],\"inLanguage\":\"ro-RO\"}]}<\/script>\n<!-- \/ Yoast SEO plugin. -->","yoast_head_json":{"title":"Bloguri - My Palm Leaf","description":"Cite\u0219te articole inspira\u021bionale despre astrologia Nadi, tradi\u021bii sacre indiene \u0219i pove\u0219ti ale frunzelor de palmier scrise de exper\u021bi dedica\u021bi.","robots":{"index":"index","follow":"follow","max-snippet":"max-snippet:-1","max-image-preview":"max-image-preview:large","max-video-preview":"max-video-preview:-1"},"canonical":"https:\/\/mypalmleaf.com\/ro\/bloguri\/","og_locale":"ro_RO","og_type":"article","og_title":"Bloguri - My Palm Leaf","og_description":"Cite\u0219te articole inspira\u021bionale despre astrologia Nadi, tradi\u021bii sacre indiene \u0219i pove\u0219ti ale frunzelor de palmier scrise de exper\u021bi dedica\u021bi.","og_url":"https:\/\/mypalmleaf.com\/ro\/bloguri\/","og_site_name":"My Palm Leaf","article_modified_time":"2025-04-28T13:04:29+00:00","og_image":[{"width":1200,"height":1196,"url":"https:\/\/mypalmleaf.com\/wp-content\/uploads\/2025\/08\/mpl-circle-logo.jpg","type":"image\/jpeg"}],"twitter_card":"summary_large_image","schema":{"@context":"https:\/\/schema.org","@graph":[{"@type":"WebPage","@id":"https:\/\/mypalmleaf.com\/ro\/bloguri\/","url":"https:\/\/mypalmleaf.com\/ro\/bloguri\/","name":"Bloguri - My Palm Leaf","isPartOf":{"@id":"https:\/\/mypalmleaf.com\/#website"},"datePublished":"2024-08-14T06:28:52+00:00","dateModified":"2025-04-28T13:04:29+00:00","description":"Cite\u0219te articole inspira\u021bionale despre astrologia Nadi, tradi\u021bii sacre indiene \u0219i pove\u0219ti ale frunzelor de palmier scrise de exper\u021bi dedica\u021bi.","breadcrumb":{"@id":"https:\/\/mypalmleaf.com\/ro\/bloguri\/#breadcrumb"},"inLanguage":"ro-RO","potentialAction":[{"@type":"ReadAction","target":["https:\/\/mypalmleaf.com\/ro\/bloguri\/"]}]},{"@type":"BreadcrumbList","@id":"https:\/\/mypalmleaf.com\/ro\/bloguri\/#breadcrumb","itemListElement":[{"@type":"ListItem","position":1,"name":"Home","item":"https:\/\/mypalmleaf.com\/ro\/"},{"@type":"ListItem","position":2,"name":"Bloguri"}]},{"@type":"WebSite","@id":"https:\/\/mypalmleaf.com\/#website","url":"https:\/\/mypalmleaf.com\/","name":"My Palm Leaf","description":"","potentialAction":[{"@type":"SearchAction","target":{"@type":"EntryPoint","urlTemplate":"https:\/\/mypalmleaf.com\/?s={search_term_string}"},"query-input":{"@type":"PropertyValueSpecification","valueRequired":true,"valueName":"search_term_string"}}],"inLanguage":"ro-RO"}]}},"_links":{"self":[{"href":"https:\/\/mypalmleaf.com\/ro\/wp-json\/wp\/v2\/pages\/33271","targetHints":{"allow":["GET"]}}],"collection":[{"href":"https:\/\/mypalmleaf.com\/ro\/wp-json\/wp\/v2\/pages"}],"about":[{"href":"https:\/\/mypalmleaf.com\/ro\/wp-json\/wp\/v2\/types\/page"}],"author":[{"embeddable":true,"href":"https:\/\/mypalmleaf.com\/ro\/wp-json\/wp\/v2\/users\/1"}],"replies":[{"embeddable":true,"href":"https:\/\/mypalmleaf.com\/ro\/wp-json\/wp\/v2\/comments?post=33271"}],"version-history":[{"count":0,"href":"https:\/\/mypalmleaf.com\/ro\/wp-json\/wp\/v2\/pages\/33271\/revisions"}],"wp:attachment":[{"href":"https:\/\/mypalmleaf.com\/ro\/wp-json\/wp\/v2\/media?parent=33271"}],"curies":[{"name":"wp","href":"https:\/\/api.w.org\/{rel}","templated":true}]}}