
{"id":33284,"date":"2024-08-14T07:24:30","date_gmt":"2024-08-14T07:24:30","guid":{"rendered":"https:\/\/mypalmleaf.com\/intrebari-frecvente\/"},"modified":"2025-04-17T09:06:12","modified_gmt":"2025-04-17T09:06:12","slug":"intrebari-frecvente","status":"publish","type":"page","link":"https:\/\/mypalmleaf.com\/ro\/intrebari-frecvente\/","title":{"rendered":"\u00ceNTREB\u0102RI FRECVENTE"},"content":{"rendered":"<section class=\"faq-top-section my-6 mb-4 mt-xs-4\">\n  <div class=\"container\">\n    <div class=\"row mb-4 justify-content-center\">\n      <div class=\"col-lg-10 text-center\" data-aos=\"fade-up\" data-aos-duration=\"1000\">\n        <h1 class=\"py-4\">\u00centreb\u0103ri frecvente<\/h1>\n      <\/div>\n    <\/div>\n    <div class=\"row\">\n      <div class=\"col-lg-10 mx-auto\">\n        <div class=\"row justify-content-between align-items-center\">\n          <div class=\"col-lg-7\" data-aos=\"fade-up\" data-aos-duration=\"1000\">\n            <div class=\"rounded-asset\">\n              <img decoding=\"async\" src=\"https:\/\/mypalmleaf.com\/wp-content\/uploads\/2024\/08\/stefan.jpg\" class=\"img-fluid\" alt=\"\">\n              <div class=\"play-icon\"><\/div>\n              <a href=\"https:\/\/www.youtube.com\/watch?v=IPzOvDRb6pU\" class=\"stretched-link\" data-lity><\/a>\n            <\/div>\n          <\/div>\n          <div class=\"col-lg-5\" data-aos=\"fade-up\" data-aos-duration=\"1000\">\n            <h3>R\u0103spunsuri la cele mai frecvente 10 \u00eentreb\u0103ri despre profe\u021biile cu frunze de palmier indian<\/h3>\n          <\/div>\n        <\/div>\n      <\/div>\n\n    <\/div>\n  <\/div>\n<\/section>\n\n<div class=\"acc-wrap-bind\">\n  <section class=\"acc-nav-block my-5 py-3\" data-aos=\"fade-up\" data-aos-duration=\"1000\">\n    <div class=\"container\">\n      <div class=\"row justify-content-center\">\n        <div class=\"col-lg-8 faqs-heading\">\n          <ul>\n                                      <li>\n                <a href=\"#\u00eentreb\u0103ri generale\" class=\"active\">\n                  \u00centreb\u0103ri generale<\/a>\n              <\/li>\n                                        <li>\n                <a href=\"#despre-lectur\u0103\" class=\"\">\n                  Despre lecturi<\/a>\n              <\/li>\n                                        <li>\n                <a href=\"#despre-remedii\" class=\"\">\n                  Despre remedii<\/a>\n              <\/li>\n                                    <\/ul>\n        <\/div>\n      <\/div>\n    <\/div>\n  <\/section>\n\n        <section class=\"accordion-container position-relative\" data-aos=\"fade-up\" data-aos-duration=\"1000\" id=\"\u00eentreb\u0103ri generale\">\n      <div class=\"container-xl\">\n        <div class=\"row\">\n          <h3>\u00centreb\u0103ri generale<\/h3>\n          <div class=\"accr-wrap\">\n                          <div class=\"head\">Exist\u0103 o frunz\u0103 de palmier pentru fiecare?<\/div>\n              <div class=\"content\">\n                <p>Nu, nu toat\u0103 lumea are o frunz\u0103 de palmier scris\u0103 pentru ei. Cu toate acestea, acei oameni care simt o chemare de a-\u0219i c\u0103uta frunza au adesea una care \u00eei a\u0219teapt\u0103. <\/p>\n              <\/div>\n                          <div class=\"head\">Cine a scris frunzele de palmier?<\/div>\n              <div class=\"content\">\n                <p>Conform legendei, frunzele de palmier au fost scrise cu multe mii de ani \u00een urm\u0103 de c\u0103tre &#8222;Rishis&#8221;, un grup de \u00een\u021belep\u021bi care erau mult mai dezvolta\u021bi dec\u00e2t fiin\u021bele umane de ast\u0103zi. Con\u0219tiin\u021ba lor era mult mai vast\u0103 \u0219i puteau procesa mult mai multe informa\u021bii. De asemenea, ei aveau o durat\u0103 de via\u021b\u0103 de multe sute p\u00e2n\u0103 la mii de ani.  <\/p>\n              <\/div>\n                          <div class=\"head\">Unde sunt frunzele de palmier?<\/div>\n              <div class=\"content\">\n                <p>Frunzele de palmier sunt depozitate \u00een bibliotecile de frunze de palmier, care sunt situate \u00een principal \u00een sudul Indiei. Exist\u0103, de asemenea, c\u00e2teva biblioteci mici \u00een nordul Indiei, Sri Lanka \u0219i Bali. <\/p>\n              <\/div>\n                          <div class=\"head\">C\u00e2te frunze de palmier \u0219i c\u00e2te biblioteci cu frunze de palmier exist\u0103?<\/div>\n              <div class=\"content\">\n                <p>Nimeni nu \u0219tie c\u00e2te frunze de palmier sau c\u00e2te biblioteci exist\u0103. Nu exist\u0103 un sistem centralizat. <\/p>\n              <\/div>\n                          <div class=\"head\">Cine sunt cei care citesc \u00een palm\u0103?<\/div>\n              <div class=\"content\">\n                <p>Cititorii de frunze de palmier cu care lucr\u0103m au fost instrui\u021bi de mai multe genera\u021bii. Arta str\u0103veche de a citi frunzele palmelor a fost transmis\u0103 din tat\u0103 \u00een fiu de-a lungul mai multor genera\u021bii. Ei se afl\u0103 \u00een Tamil Nadu, \u00een sudul Indiei.  <\/p>\n              <\/div>\n                          <div class=\"head\">Cum puteau \u0219ti \u0219i scrie Rishis despre tehnologia modern\u0103, nume etc.?<\/div>\n              <div class=\"content\">\n                <p>Frunzele de palmier au fost scrise \u00een tamilul antic, care este o limb\u0103 foarte poetic\u0103, ce descrie situa\u021bii \u0219i obiecte. Rolul important al traduc\u0103torului este de a transforma aceste lungi propozi\u021bii poetice \u00een engleza modern\u0103. De exemplu, frunza de palmier ar putea spune: &#8222;C\u0103ut\u0103torul inventeaz\u0103 muzic\u0103 \u0219i o aminte\u0219te \u00een obiecte rotunde&#8221;, iar traduc\u0103torul ar putea spune: &#8222;Sunte\u021bi muzician \u0219i a\u021bi \u00eenregistrat CD-uri&#8221; Tamil este o limb\u0103 bazat\u0103 pe sunete. Prin urmare, descifrarea numelor occidentale din secolul XXI este adesea un proces elaborat. Cititorul cite\u0219te sunetele simbolurilor \u0219i, cu ajutorul traduc\u0103torului \u0219i al c\u0103ut\u0103torului, identific\u0103 numele.<\/p>\n              <\/div>\n                          <div class=\"head\">De ce exist\u0103 diferite formate de citire a frunzelor de palmier?<\/div>\n              <div class=\"content\">\n                <p>Istoria Nadi este un amestec de legend\u0103 \u0219i mister, care func\u021bioneaz\u0103 \u00een moduri miraculoase. Se spune c\u0103 frunzele de palmier au fost scrise de Sapta Rishis, un grup de 7 \u00een\u021belep\u021bi (sapta) (Rishis). Prin urmare, este posibil ca un individ s\u0103 aib\u0103 p\u00e2n\u0103 la 7 versiuni diferite ale biografiei sale, una scris\u0103 de fiecare dintre Rishis. Autorul principal al frunzelor de palmier este Rishi &#8222;Agastya&#8221;, de\u0219i exist\u0103 \u0219i formate diferite de Nadi, scrise de acela\u0219i autor. Bibliotecile cu care lucr\u0103m fac \u00een principal lecturi din Rishi &#8222;Agastya&#8221;, dar sunt disponibile la cerere \u0219i frunze de la al\u021bi Rishis.    <\/p>\n              <\/div>\n                          <div class=\"head\">Ar fi mai bine s\u0103 veni\u021bi personal la o bibliotec\u0103 din India?<\/div>\n              <div class=\"content\">\n                <p>Informa\u021biile primite \u00een timpul unei citiri zoom a frunzelor de palmier sunt furnizate \u00een acela\u0219i mod ca cele pe care le-a\u021bi primi \u00een persoan\u0103 la o bibliotec\u0103 autentic\u0103 de frunze de palmier din India. Cu toate acestea, desigur, \u00eentreaga c\u0103l\u0103torie \u00een India, care este un loc at\u00e2t de mistic, pentru a v\u0103 dezv\u0103lui destinul este, de asemenea, un pelerinaj frumos. Dac\u0103 ave\u021bi posibilitatea s\u0103 c\u0103l\u0103tori\u021bi \u00een India pentru a vizita o bibliotec\u0103, atunci, desigur, acest lucru este ideal, dar a avea citirea online, \u0219i \u00een momentul \u00een care ave\u021bi nevoie de ea, este mai benefic dec\u00e2t s\u0103 a\u0219tepta\u021bi mul\u021bi ani pentru a merge \u00een India. Atunci c\u00e2nd v\u0103 urma\u021bi intui\u021bia, ve\u021bi \u0219ti c\u00e2nd este momentul potrivit pentru dumneavoastr\u0103.   <\/p>\n              <\/div>\n                          <div class=\"head\">Care este costul \u0219i ce este inclus?<\/div>\n              <div class=\"content\">\n                <p>Costul pentru c\u0103utarea \u0219i identificarea foii dumneavoastr\u0103, citirea capitolului general \u0219i a capitolului 14 este de 289 EUR. Aceast\u0103 sum\u0103 include c\u0103utarea fizic\u0103 a fasciculelor care ar putea con\u021bine frunza dvs. \u00een bibliotecile din India \u0219i procesul de potrivire cu cititorul, traduc\u0103torul \u0219i, de cele mai multe ori, \u0219i un moderator.<br \/>\nC\u0103utarea \u00een biblioteci poate dura mai multe ore. Potrivirea poate dura p\u00e2n\u0103 la 2 ore (\u00een majoritatea cazurilor de succes, aproximativ 1 or\u0103), iar citirea capitolului general \u0219i a capitolului 14 dureaz\u0103 aproximativ 2 ore. Traducerea \u00een alte limbi este disponibil\u0103 \u0219i cost\u0103 38 \u20ac. Dac\u0103 ulterior dori\u021bi s\u0103 rezerva\u021bi capitole suplimentare, costul per capitol este de 49-79 EUR. Lectura capitolelor dureaz\u0103 \u00een jur de 15-60 de minute. Dac\u0103 locui\u021bi \u00eentr-o \u021bar\u0103 din UE, TVA se va ad\u0103uga la pre\u021b. Pute\u021bi vedea pre\u021bul pentru \u021bara dvs. pe pagina de rezervare.  <\/p>\n              <\/div>\n                      <\/div>\n        <\/div>\n      <\/div>\n          <\/section>\n          <section class=\"accordion-container position-relative\" data-aos=\"fade-up\" data-aos-duration=\"1000\" id=\"despre-lectur\u0103\">\n      <div class=\"container-xl\">\n        <div class=\"row\">\n          <h3>Despre lecturi<\/h3>\n          <div class=\"accr-wrap\">\n                          <div class=\"head\">C\u00e2t dureaz\u0103 citirea?<\/div>\n              <div class=\"content\">\n                <p>\u00cen medie, procesul de potrivire \u0219i citirea dureaz\u0103 \u00een jur de 2,5 -4 ore. Cu toate acestea, nu putem spune dinainte c\u00e2t va dura, deoarece depinde de momentul \u00een care (sau dac\u0103) este g\u0103sit\u0103 frunza dumneavoastr\u0103. Dup\u0103 identificarea frunzei de palmier personale, citirea capitolului general \u0219i a capitolului 14 va dura aproximativ 1-2 ore.  <\/p>\n              <\/div>\n                          <div class=\"head\">Este posibil ca frunza mea s\u0103 nu poat\u0103 fi g\u0103sit\u0103?<\/div>\n              <div class=\"content\">\n                <p>Da. Se poate \u00eent\u00e2mpla ca frunza dvs. s\u0103 nu poat\u0103 fi g\u0103sit\u0103. Acest lucru este obi\u0219nuit \u0219i poate avea diferite motive. Este posibil s\u0103 nu existe o frunz\u0103 pentru dvs. sau este posibil s\u0103 nu fie \u00eenc\u0103 momentul potrivit pentru dvs. Ne asigur\u0103m c\u0103 v\u0103 c\u0103ut\u0103m cu aten\u021bie frunza, iar dac\u0103 aceasta nu poate fi g\u0103sit\u0103, v\u0103 recomand\u0103m s\u0103 a\u0219tepta\u021bi cel pu\u021bin 30 de zile \u0219i apoi s\u0103 ini\u021bia\u021bi din nou c\u0103utarea.    <\/p>\n              <\/div>\n                          <div class=\"head\">Cum ar trebui s\u0103 m\u0103 preg\u0103tesc pentru o lectur\u0103?<\/div>\n              <div class=\"content\">\n                <p>Asigura\u021bi-v\u0103 c\u0103 v\u0103 afla\u021bi \u00eentr-un loc lini\u0219tit, neperturbat, cu o conexiune bun\u0103 la internet. Pe plan intern, v\u0103 recomand\u0103m s\u0103 fi\u021bi odihnit \u0219i s\u0103 aborda\u021bi citirea cu mult respect \u0219i deschidere. Un \u00een\u021belept plin de compasiune a scris prezicerea vie\u021bii dumneavoastr\u0103 cu mii de ani \u00een urm\u0103, care a fost p\u0103strat\u0103 de-a lungul multor genera\u021bii pentru a v\u0103 fi citit\u0103 ast\u0103zi. Este cu adev\u0103rat un eveniment special \u0219i, cu c\u00e2t sunte\u021bi mai con\u0219tien\u021bi de el, cu at\u00e2t efectele se pot cufunda mai ad\u00e2nc.   <\/p>\n              <\/div>\n                          <div class=\"head\">Mi se va spune c\u00e2nd voi muri?<\/div>\n              <div class=\"content\">\n                <p>Atunci c\u00e2nd v\u0103 g\u0103si\u021bi frunza de palmier, ve\u021bi avea mai \u00eent\u00e2i citirea capitolului general, care ar putea con\u021bine perioade de pericol pentru via\u021b\u0103 sau moartea dumneavoastr\u0103 poten\u021bial\u0103. Dac\u0103 nu dori\u021bi s\u0103 auzi\u021bi despre pericolele vie\u021bii, pute\u021bi informa moderatorul la \u00eenceputul lecturii. Dac\u0103 dori\u021bi s\u0103 auzi\u021bi mai multe detalii despre momentul \u0219i circumstan\u021bele \u00een care v\u0103 pute\u021bi p\u0103r\u0103si corpul, atunci v\u0103 recomand\u0103m s\u0103 citi\u021bi capitolul suplimentar 8, care vorbe\u0219te despre aceasta.  <\/p>\n              <\/div>\n                      <\/div>\n        <\/div>\n      <\/div>\n          <\/section>\n          <section class=\"accordion-container position-relative\" data-aos=\"fade-up\" data-aos-duration=\"1000\" id=\"despre-remedii\">\n      <div class=\"container-xl\">\n        <div class=\"row\">\n          <h3>Despre remedii<\/h3>\n          <div class=\"accr-wrap\">\n                          <div class=\"head\">Care sunt remediile?<\/div>\n              <div class=\"content\">\n                <p>Scopul principal al frunzelor de palmier este de a oferi c\u0103l\u0103uzire celui care caut\u0103, oferindu-i o perspectiv\u0103 mai larg\u0103 asupra vie\u021bii sale \u0219i de a oferi instrumente pentru \u00eembun\u0103t\u0103\u021birea experien\u021bei de via\u021b\u0103, sub form\u0103 de remedii. Rishis puteau vedea ce fel de karma ar purta o persoan\u0103, care ar crea obstacole probabile \u00een via\u021ba sa. De asemenea, ei au v\u0103zut ce fel de instrumente ar fi utile pentru a transforma aceast\u0103 karma sau pentru a proteja c\u0103ut\u0103torul de efectele sale cele mai d\u0103un\u0103toare. \u00cen mare parte, capitolele 13 + 14 vorbesc despre karma veche \u0219i ofer\u0103 solu\u021bii sub form\u0103 de remedii. Aceste remedii pot fi ac\u021biuni simple precum donarea de bani pentru o anumit\u0103 cauz\u0103, hr\u0103nirea unui animal, oferirea de haine unei persoane s\u0103race sau pelerinaje \u00een locuri sacre sau practici sau ritualuri specifice.    <\/p>\n              <\/div>\n                          <div class=\"head\">  Ce este karma?<\/div>\n              <div class=\"content\">\n                <p>Cuv\u00e2ntul &#8222;karma&#8221; se traduce prin &#8222;ac\u021biune&#8221;. Fiecare ac\u021biune a corpului, a vorbirii \u0219i a min\u021bii pe care am comis-o vreodat\u0103 are un impact energetic \u00een univers, precum \u0219i \u00een propriul nostru c\u00e2mp energetic. C\u00e2mpul nostru energetic const\u0103 practic dintr-o combina\u021bie foarte complex\u0103 a tuturor ac\u021biunilor noastre anterioare de-a lungul nenum\u0103ratelor vie\u021bi. \u00cen func\u021bie de frecven\u021ba multidimensional\u0103 a c\u00e2mpului nostru energetic, atragem anumite experien\u021be \u00een via\u021ba noastr\u0103.   <\/p>\n              <\/div>\n                          <div class=\"head\">Cum func\u021bioneaz\u0103 remediile?<\/div>\n              <div class=\"content\">\n                <p>Totul \u00een univers este format din energie. Noi suntem un c\u00e2mp energetic complex \u0219i, pe baza frecven\u021belor sale, atragem anumite experien\u021be. Rishis puteau vedea \u0219i prezice care dintre ac\u021biunile noastre din trecut au creat anumite frecven\u021be \u0219i ce rezultat probabil ar fi avut. De asemenea, ei vedeau \u0219i preziceau ce fel de ac\u021biune sau practic\u0103 spiritual\u0103 ar invoca energia specific\u0103 care ar transforma sau ar echilibra acea frecven\u021b\u0103 nociv\u0103. Prin urmare, remediile sunt medicamente energetice foarte specifice pentru a ne transforma \u0219i echilibra karma.    <\/p>\n              <\/div>\n                          <div class=\"head\">Ce este o mantr\u0103?<\/div>\n              <div class=\"content\">\n                <p>O mantra este o vibra\u021bie sonor\u0103, \u00een limba sanscrit\u0103, care invoc\u0103 \u0219i poart\u0103 o frecven\u021b\u0103 \u0219i o energie specifice. Prin intonarea unei mantre cu voce tare sau \u00een interior, putem invoca diferite energii cu vibra\u021bii specifice. <\/p>\n              <\/div>\n                          <div class=\"head\">Ce este o yantra?<\/div>\n              <div class=\"content\">\n                <p>\u00cen acela\u0219i mod \u00een care mantra este energie sub form\u0103 de sunet, yantra este energie sub form\u0103 de structur\u0103 geometric\u0103. Este o frecven\u021b\u0103 energetic\u0103 f\u0103cut\u0103 vizibil\u0103, care poate fi fie \u00een 2D, fie \u00een 3D. <\/p>\n              <\/div>\n                          <div class=\"head\">Ce este o pooja?<\/div>\n              <div class=\"content\">\n                <p>O pooja este o ceremonie care are loc adesea pentru o anumit\u0103 zeitate hindus\u0103. Zeit\u0103\u021bile sunt de fapt personific\u0103ri ale unor energii specifice. Atunci c\u00e2nd se \u021bine o pooja pentru un anumit zeu sau zei\u021b\u0103, aceast\u0103 frecven\u021b\u0103 specific\u0103 este invocat\u0103 \u00een via\u021ba persoanei pentru care se \u021bine pooja.  <\/p>\n              <\/div>\n                          <div class=\"head\">Ce este o homa?<\/div>\n              <div class=\"content\">\n                <p>Un homa este o pooja mai complex\u0103 \u0219i mai puternic\u0103 sub forma unei ceremonii cu foc, pentru a onora \u0219i invoca diferite zeit\u0103\u021bi \u0219i pentru a le invita binecuv\u00e2nt\u0103rile \u00een via\u021ba persoanei pentru care are loc homa.<\/p>\n              <\/div>\n                          <div class=\"head\">Ce este japa?<\/div>\n              <div class=\"content\">\n                <p>Practica japa este sadhana (practica spiritual\u0103) care const\u0103 \u00een incantarea continu\u0103 a unei mantre specifice, ca de exemplu &#8222;Om Namah Shivaya&#8221;. Efectuarea unei practici zilnice de japa ajut\u0103 la cur\u0103\u021barea \u0219i concentrarea min\u021bii. De asemenea, poate fi f\u0103cut\u0103 pentru altcineva pentru a binecuv\u00e2nta aceast\u0103 persoan\u0103 cu o anumit\u0103 energie.  <\/p>\n              <\/div>\n                      <\/div>\n        <\/div>\n      <\/div>\n                        <div class=\"parallax-item-4 parallax-item\" data-speed=\".08\"><img decoding=\"async\" src=\"https:\/\/mypalmleaf.com\/wp-content\/uploads\/2024\/09\/parallax-item-4.png\" class=\"img-fluid\" alt=\"\"><\/div>\n                  <\/section>\n      <\/div>\n\n\n<section class=\"find-your-palm-leaf-block\" data-aos=\"fade-up\" data-aos-duration=\"1000\">\n  <div class=\"container-fluid px-0\">\n    <div class=\"row g-0\">\n      <div class=\"col\">\n        <div class=\"find-your-leaf-bg\">\n          <picture>\n            <source media=\"(max-width: 999px)\" srcset=\"https:\/\/mypalmleaf.com\/wp-content\/uploads\/2024\/08\/Find-your-Palm-Leaf-mob.webp\" \/>\n            <source media=\"(min-width: 1000px)\" srcset=\"https:\/\/mypalmleaf.com\/wp-content\/uploads\/2024\/08\/Find-your-Palm-Leaf.webp\" \/>\n            <img decoding=\"async\" src=\"https:\/\/mypalmleaf.com\/wp-content\/uploads\/2024\/08\/Find-your-Palm-Leaf.webp\" class=\"img-fluid\" alt=\"\" \/>\n          <\/picture>\n        <\/div>\n      <\/div>\n    <\/div>\n    <div class=\"content\">\n      <div class=\"container-xl\" data-aos=\"fade-up\" data-aos-duration=\"1000\">\n        <div class=\"row py-4\">\n          <div class=\"col-lg-8 mx-auto\">\n            <h2 class=\"mb-2\">G\u0103se\u0219te-\u021bi frunza de palmier<\/h2>\n            <ul>\n<li>Tot ce ave\u021bi nevoie pentru a \u00eencepe c\u0103utarea frunzei dvs. de palmier este amprenta degetului mare.<\/li>\n<li>Dac\u0103 ave\u021bi nevoie de o traducere \u00een alt\u0103 limb\u0103, o putem face pentru dvs.<\/li>\n<li>Dac\u0103 nu g\u0103sim frunza dvs. de palmier \u00een termen de 3 date potrivite, v\u0103 vom rambursa \u00eentreaga sum\u0103.<\/li>\n<\/ul>\n          <\/div>\n        <\/div>\n        <div class=\"row mt-4\">\n          <div class=\"col text-center\">\n            <a href=\"\/ro\/prices\/find-your-palm-leaf-and-read-the-general-chapter\/\" class=\"btn btn-primary\">G\u0103se\u0219te-mi frunza<\/a>\n          <\/div>\n        <\/div>\n      <\/div>\n    <\/div>\n  <\/div>\n<\/section>","protected":false},"excerpt":{"rendered":"","protected":false},"author":1,"featured_media":0,"parent":0,"menu_order":0,"comment_status":"closed","ping_status":"closed","template":"","meta":{"_acf_changed":false,"footnotes":""},"class_list":["post-33284","page","type-page","status-publish","hentry"],"acf":[],"yoast_head":"<!-- This site is optimized with the Yoast SEO plugin v26.4 - https:\/\/yoast.com\/wordpress\/plugins\/seo\/ -->\n<title>\u00ceNTREB\u0102RI FRECVENTE - My Palm Leaf<\/title>\n<meta name=\"description\" content=\"Afl\u0103 r\u0103spunsuri la \u00eentreb\u0103ri frecvente despre lecturile frunzelor de palmier, procesul de descoperire \u0219i \u00een\u021belepciunea transmis\u0103 prin aceste texte sacre.\" \/>\n<meta name=\"robots\" content=\"index, follow, max-snippet:-1, max-image-preview:large, max-video-preview:-1\" \/>\n<link rel=\"canonical\" href=\"https:\/\/mypalmleaf.com\/ro\/intrebari-frecvente\/\" \/>\n<meta property=\"og:locale\" content=\"ro_RO\" \/>\n<meta property=\"og:type\" content=\"article\" \/>\n<meta property=\"og:title\" content=\"\u00ceNTREB\u0102RI FRECVENTE - My Palm Leaf\" \/>\n<meta property=\"og:description\" content=\"Afl\u0103 r\u0103spunsuri la \u00eentreb\u0103ri frecvente despre lecturile frunzelor de palmier, procesul de descoperire \u0219i \u00een\u021belepciunea transmis\u0103 prin aceste texte sacre.\" \/>\n<meta property=\"og:url\" content=\"https:\/\/mypalmleaf.com\/ro\/intrebari-frecvente\/\" \/>\n<meta property=\"og:site_name\" content=\"My Palm Leaf\" \/>\n<meta property=\"article:modified_time\" content=\"2025-04-17T09:06:12+00:00\" \/>\n<meta property=\"og:image\" content=\"https:\/\/mypalmleaf.com\/wp-content\/uploads\/2025\/08\/mpl-circle-logo.jpg\" \/>\n\t<meta property=\"og:image:width\" content=\"1200\" \/>\n\t<meta property=\"og:image:height\" content=\"1196\" \/>\n\t<meta property=\"og:image:type\" content=\"image\/jpeg\" \/>\n<meta name=\"twitter:card\" content=\"summary_large_image\" \/>\n<script type=\"application\/ld+json\" class=\"yoast-schema-graph\">{\"@context\":\"https:\/\/schema.org\",\"@graph\":[{\"@type\":\"WebPage\",\"@id\":\"https:\/\/mypalmleaf.com\/ro\/intrebari-frecvente\/\",\"url\":\"https:\/\/mypalmleaf.com\/ro\/intrebari-frecvente\/\",\"name\":\"\u00ceNTREB\u0102RI FRECVENTE - My Palm Leaf\",\"isPartOf\":{\"@id\":\"https:\/\/mypalmleaf.com\/#website\"},\"datePublished\":\"2024-08-14T07:24:30+00:00\",\"dateModified\":\"2025-04-17T09:06:12+00:00\",\"description\":\"Afl\u0103 r\u0103spunsuri la \u00eentreb\u0103ri frecvente despre lecturile frunzelor de palmier, procesul de descoperire \u0219i \u00een\u021belepciunea transmis\u0103 prin aceste texte sacre.\",\"breadcrumb\":{\"@id\":\"https:\/\/mypalmleaf.com\/ro\/intrebari-frecvente\/#breadcrumb\"},\"inLanguage\":\"ro-RO\",\"potentialAction\":[{\"@type\":\"ReadAction\",\"target\":[\"https:\/\/mypalmleaf.com\/ro\/intrebari-frecvente\/\"]}]},{\"@type\":\"BreadcrumbList\",\"@id\":\"https:\/\/mypalmleaf.com\/ro\/intrebari-frecvente\/#breadcrumb\",\"itemListElement\":[{\"@type\":\"ListItem\",\"position\":1,\"name\":\"Home\",\"item\":\"https:\/\/mypalmleaf.com\/ro\/\"},{\"@type\":\"ListItem\",\"position\":2,\"name\":\"\u00ceNTREB\u0102RI FRECVENTE\"}]},{\"@type\":\"WebSite\",\"@id\":\"https:\/\/mypalmleaf.com\/#website\",\"url\":\"https:\/\/mypalmleaf.com\/\",\"name\":\"My Palm Leaf\",\"description\":\"\",\"potentialAction\":[{\"@type\":\"SearchAction\",\"target\":{\"@type\":\"EntryPoint\",\"urlTemplate\":\"https:\/\/mypalmleaf.com\/?s={search_term_string}\"},\"query-input\":{\"@type\":\"PropertyValueSpecification\",\"valueRequired\":true,\"valueName\":\"search_term_string\"}}],\"inLanguage\":\"ro-RO\"}]}<\/script>\n<!-- \/ Yoast SEO plugin. -->","yoast_head_json":{"title":"\u00ceNTREB\u0102RI FRECVENTE - My Palm Leaf","description":"Afl\u0103 r\u0103spunsuri la \u00eentreb\u0103ri frecvente despre lecturile frunzelor de palmier, procesul de descoperire \u0219i \u00een\u021belepciunea transmis\u0103 prin aceste texte sacre.","robots":{"index":"index","follow":"follow","max-snippet":"max-snippet:-1","max-image-preview":"max-image-preview:large","max-video-preview":"max-video-preview:-1"},"canonical":"https:\/\/mypalmleaf.com\/ro\/intrebari-frecvente\/","og_locale":"ro_RO","og_type":"article","og_title":"\u00ceNTREB\u0102RI FRECVENTE - My Palm Leaf","og_description":"Afl\u0103 r\u0103spunsuri la \u00eentreb\u0103ri frecvente despre lecturile frunzelor de palmier, procesul de descoperire \u0219i \u00een\u021belepciunea transmis\u0103 prin aceste texte sacre.","og_url":"https:\/\/mypalmleaf.com\/ro\/intrebari-frecvente\/","og_site_name":"My Palm Leaf","article_modified_time":"2025-04-17T09:06:12+00:00","og_image":[{"width":1200,"height":1196,"url":"https:\/\/mypalmleaf.com\/wp-content\/uploads\/2025\/08\/mpl-circle-logo.jpg","type":"image\/jpeg"}],"twitter_card":"summary_large_image","schema":{"@context":"https:\/\/schema.org","@graph":[{"@type":"WebPage","@id":"https:\/\/mypalmleaf.com\/ro\/intrebari-frecvente\/","url":"https:\/\/mypalmleaf.com\/ro\/intrebari-frecvente\/","name":"\u00ceNTREB\u0102RI FRECVENTE - My Palm Leaf","isPartOf":{"@id":"https:\/\/mypalmleaf.com\/#website"},"datePublished":"2024-08-14T07:24:30+00:00","dateModified":"2025-04-17T09:06:12+00:00","description":"Afl\u0103 r\u0103spunsuri la \u00eentreb\u0103ri frecvente despre lecturile frunzelor de palmier, procesul de descoperire \u0219i \u00een\u021belepciunea transmis\u0103 prin aceste texte sacre.","breadcrumb":{"@id":"https:\/\/mypalmleaf.com\/ro\/intrebari-frecvente\/#breadcrumb"},"inLanguage":"ro-RO","potentialAction":[{"@type":"ReadAction","target":["https:\/\/mypalmleaf.com\/ro\/intrebari-frecvente\/"]}]},{"@type":"BreadcrumbList","@id":"https:\/\/mypalmleaf.com\/ro\/intrebari-frecvente\/#breadcrumb","itemListElement":[{"@type":"ListItem","position":1,"name":"Home","item":"https:\/\/mypalmleaf.com\/ro\/"},{"@type":"ListItem","position":2,"name":"\u00ceNTREB\u0102RI FRECVENTE"}]},{"@type":"WebSite","@id":"https:\/\/mypalmleaf.com\/#website","url":"https:\/\/mypalmleaf.com\/","name":"My Palm Leaf","description":"","potentialAction":[{"@type":"SearchAction","target":{"@type":"EntryPoint","urlTemplate":"https:\/\/mypalmleaf.com\/?s={search_term_string}"},"query-input":{"@type":"PropertyValueSpecification","valueRequired":true,"valueName":"search_term_string"}}],"inLanguage":"ro-RO"}]}},"_links":{"self":[{"href":"https:\/\/mypalmleaf.com\/ro\/wp-json\/wp\/v2\/pages\/33284","targetHints":{"allow":["GET"]}}],"collection":[{"href":"https:\/\/mypalmleaf.com\/ro\/wp-json\/wp\/v2\/pages"}],"about":[{"href":"https:\/\/mypalmleaf.com\/ro\/wp-json\/wp\/v2\/types\/page"}],"author":[{"embeddable":true,"href":"https:\/\/mypalmleaf.com\/ro\/wp-json\/wp\/v2\/users\/1"}],"replies":[{"embeddable":true,"href":"https:\/\/mypalmleaf.com\/ro\/wp-json\/wp\/v2\/comments?post=33284"}],"version-history":[{"count":0,"href":"https:\/\/mypalmleaf.com\/ro\/wp-json\/wp\/v2\/pages\/33284\/revisions"}],"wp:attachment":[{"href":"https:\/\/mypalmleaf.com\/ro\/wp-json\/wp\/v2\/media?parent=33284"}],"curies":[{"name":"wp","href":"https:\/\/api.w.org\/{rel}","templated":true}]}}