
{"id":33297,"date":"2024-08-14T18:58:17","date_gmt":"2024-08-14T18:58:17","guid":{"rendered":"https:\/\/mypalmleaf.com\/text\/"},"modified":"2025-04-28T11:07:43","modified_gmt":"2025-04-28T11:07:43","slug":"text","status":"publish","type":"page","link":"https:\/\/mypalmleaf.com\/ro\/text\/","title":{"rendered":"Text"},"content":{"rendered":"\n<section class=\"testimonial-block my-6 pt-5 pt-md-0 mb-4 mt-xs-4\">\n  <div class=\"container-xl\">\n    <div class=\"row\">\n      <div class=\"col text-center\">\n        <h1 class=\"py-4\">Testimoniale<\/h1>\n      <\/div>\n    <\/div>\n    <div class=\"row\">\n      <div class=\"col text-center\">\n        <div class=\"tetimonial-tabs\">\n          <ul>\n            <li>\n              <ul>\n                                                  <li><a href=\"https:\/\/mypalmleaf.com\/ro\/video\/\" class=\"\">Video<\/a><\/li>\n                                                    <li><a href=\"javascript:;\" class=\"active\">Text<\/a><\/li>\n                                                <\/ul>\n            <\/li>\n          <\/ul>\n        <\/div>\n      <\/div>\n    <\/div>\n    <div class=\"row\">\n              <div class=\"col-lg-6 slider-wrap inner my-5\">\n          <div class=\"slides\">\n            <div class=\"wrap\">\n              <div class=\"user-img\"><img decoding=\"async\" src=\"https:\/\/mypalmleaf.com\/wp-content\/uploads\/2024\/09\/testimonials_crystal.jpg\" class=\"img-fluid rounded-circle\" alt=\"\"><\/div>\n              <div class=\"text\">\n                <p>\u201eLectura mea de frunze de palmier a fost iluminatoare \u0219i inspirat\u0103. De la \u00eenceput, am experimentat multe emo\u021bii legate de lectura mea \u2013 nervozitate \u00een leg\u0103tur\u0103 cu procesul de atribuire, entuziasm \u00een leg\u0103tur\u0103 cu descoperirea frunzei mele \u0219i uimire \u00een leg\u0103tur\u0103 cu con\u021binutul.\u201d<\/p>\n              <\/div>\n              <div class=\"name\">Crystal<\/div>\n            <\/div>\n          <\/div>\n        <\/div>\n              <div class=\"col-lg-6 slider-wrap inner my-5\">\n          <div class=\"slides\">\n            <div class=\"wrap\">\n              <div class=\"user-img\"><img decoding=\"async\" src=\"https:\/\/mypalmleaf.com\/wp-content\/uploads\/2024\/09\/testimonials_ricky.jpg\" class=\"img-fluid rounded-circle\" alt=\"\"><\/div>\n              <div class=\"text\">\n                <p>\u201eCitirea pe palme a fost un dar pre\u021bios \u0219i hr\u0103nitor pentru sufletul meu. Perspectivele \u0219i \u00eendrum\u0103rile rishis, precum \u0219i remediile, au fost o confirmare frumoas\u0103 c\u0103 sunt pe calea cea bun\u0103. O ploaie de credin\u021b\u0103 \u0219i \u00eencredere care mi-a servit drept un mare sprijin.<\/p>\n<p>La c\u00e2teva s\u0103pt\u0103m\u00e2ni dup\u0103 citirea din palm\u0103, simt binecuv\u00e2ntarea lecturii, leg\u0103tura cu aceast\u0103 tradi\u021bie str\u0103veche \u0219i pot vedea unele transform\u0103ri care au loc.\u201d<\/p>\n              <\/div>\n              <div class=\"name\">Ricky<\/div>\n            <\/div>\n          <\/div>\n        <\/div>\n              <div class=\"col-lg-6 slider-wrap inner my-5\">\n          <div class=\"slides\">\n            <div class=\"wrap\">\n              <div class=\"user-img\"><img decoding=\"async\" src=\"https:\/\/mypalmleaf.com\/wp-content\/uploads\/2024\/09\/testimonials_aimee.jpg\" class=\"img-fluid rounded-circle\" alt=\"\"><\/div>\n              <div class=\"text\">\n                <p>G\u0103sirea frunzei mele de palmier a fost mai \u0219ocant\u0103 \u0219i mai sf\u00e2nt\u0103 dec\u00e2t m-a\u0219 fi a\u0219teptat. To\u021bi cei implica\u021bi au fost cu adev\u0103rat autentici \u0219i m-am sim\u021bit binecuv\u00e2ntat s\u0103 am sprijinul lor. Cititul m-a ajutat s\u0103 am mai mult\u0103 \u00eencredere \u0219i s\u0103 m\u0103 predau iubirii. Mi-a confirmat ce karm\u0103 \u0219i ce provoc\u0103ri trebuie s\u0103 dep\u0103\u0219esc \u00een via\u021ba mea, ceea ce \u00eemi permite deja mai mult\u0103 fluiditate \u0219i deschidere \u00een via\u021b\u0103.<\/p>\n              <\/div>\n              <div class=\"name\">Aimee<\/div>\n            <\/div>\n          <\/div>\n        <\/div>\n              <div class=\"col-lg-6 slider-wrap inner my-5\">\n          <div class=\"slides\">\n            <div class=\"wrap\">\n              <div class=\"user-img\"><img decoding=\"async\" src=\"https:\/\/mypalmleaf.com\/wp-content\/uploads\/2024\/09\/testimonials_jair.jpg\" class=\"img-fluid rounded-circle\" alt=\"\"><\/div>\n              <div class=\"text\">\n                <p>Experien\u021ba mea cu citirea frunzelor de palmier a fost foarte puternic\u0103. C\u00e2nd am auzit prima dat\u0103 despre asta, am fost sceptic, dar mai t\u00e2rziu, \u00een timp ce discutam pe Zoom cu brahmanul \u0219i traduc\u0103torul tamil, am putut sim\u021bi clar acurate\u021bea informa\u021biilor pe care le primeam \u0219i am putut s\u0103 m\u0103 deschid la binecuv\u00e2nt\u0103rile rishi-ilor \u0219i a caracterului sacral. \u00een spatele acestui lucru. V\u0103 mul\u021bumesc foarte mult pentru aceast\u0103 experien\u021b\u0103 care v\u0103 deschide ochii.<\/p>\n              <\/div>\n              <div class=\"name\">Jair<\/div>\n            <\/div>\n          <\/div>\n        <\/div>\n              <div class=\"col-lg-6 slider-wrap inner my-5\">\n          <div class=\"slides\">\n            <div class=\"wrap\">\n              <div class=\"user-img\"><img decoding=\"async\" src=\"https:\/\/mypalmleaf.com\/wp-content\/uploads\/2024\/08\/thomas.jpg\" class=\"img-fluid rounded-circle\" alt=\"\"><\/div>\n              <div class=\"text\">\n                <p>Sunt mai mult dec\u00e2t fericit c\u0103 m-a g\u0103sit frunza de palmier. Sunt \u00eentotdeauna atras s\u0103 merg mai ad\u00e2nc \u00een mine pe calea mea \u0219i aceast\u0103 frunz\u0103 de palmier este un instrument incredibil pentru asta. Abia a\u0219tept s\u0103 aplic remediile \u00een c\u00e2teva zile pentru viitoarea lun\u0103 plin\u0103.<\/p>\n<p>\u00ce\u021bi mul\u021bumesc Stephan pentru coordonarea \u0219i facilitarea accesului tuturor la frunza de palmier, este un cadou grozav pentru umanitate.<\/p>\n              <\/div>\n              <div class=\"name\">Thomas<\/div>\n            <\/div>\n          <\/div>\n        <\/div>\n              <div class=\"col-lg-6 slider-wrap inner my-5\">\n          <div class=\"slides\">\n            <div class=\"wrap\">\n              <div class=\"user-img\"><img decoding=\"async\" src=\"https:\/\/mypalmleaf.com\/wp-content\/uploads\/2024\/08\/casey.jpg\" class=\"img-fluid rounded-circle\" alt=\"\"><\/div>\n              <div class=\"text\">\n                <p>G\u0103sirea frunzei mele de palmier m-a ajutat s\u0103 am mai mult\u0103 \u00eencredere \u00een via\u021b\u0103 \u0219i \u00een felul \u00een care se \u00eent\u00e2mpl\u0103 lucrurile. \u00centotdeauna am fost cineva care s-a \u00eentrebat dac\u0103 sunt pe drumul cel bun, ceea ce m-a \u00eempiedicat s\u0103 merg \u00eenainte \u00een multe feluri. \u00cendrumarea pe care am primit-o de la rishi mi-a dat un sentiment de \u201epermisiune\u201d de a tr\u0103i calea vie\u021bii la care m-am sim\u021bit chemat \u00eentotdeauna \u0219i de a avea mai mult\u0103 \u00eencredere \u00een procesul meu \u0219i \u00een modul \u00een care se desf\u0103\u0219oar\u0103 lucrurile. Primirea binecuv\u00e2nt\u0103rilor rishi-ilor a fost un mare dar.<\/p>\n              <\/div>\n              <div class=\"name\">Casey<\/div>\n            <\/div>\n          <\/div>\n        <\/div>\n          <\/div>\n        <\/div>\n  <\/div>\n      <div class=\"parallax-item-5 parallax-item\" data-speed=\"parallax-item-7\"><img decoding=\"async\" src=\"https:\/\/mypalmleaf.com\/wp-content\/uploads\/2024\/08\/parallax-item-5-2.png\" class=\"img-fluid\" alt=\"\"><\/div>\n  <\/section>","protected":false},"excerpt":{"rendered":"","protected":false},"author":1,"featured_media":0,"parent":0,"menu_order":0,"comment_status":"closed","ping_status":"closed","template":"","meta":{"_acf_changed":false,"footnotes":""},"class_list":["post-33297","page","type-page","status-publish","hentry"],"acf":[],"yoast_head":"<!-- This site is optimized with the Yoast SEO plugin v26.4 - https:\/\/yoast.com\/wordpress\/plugins\/seo\/ -->\n<title>Text - My Palm Leaf<\/title>\n<meta name=\"description\" content=\"Exploreaz\u0103 textele sacre pentru citirea frunzelor de palmier, care \u00ee\u021bi vor oferi \u00een\u021belepciune profund\u0103 \u0219i \u00een\u021belegere a destinului t\u0103u spiritual.\" \/>\n<meta name=\"robots\" content=\"index, follow, max-snippet:-1, max-image-preview:large, max-video-preview:-1\" \/>\n<link rel=\"canonical\" href=\"https:\/\/mypalmleaf.com\/ro\/text\/\" \/>\n<meta property=\"og:locale\" content=\"ro_RO\" \/>\n<meta property=\"og:type\" content=\"article\" \/>\n<meta property=\"og:title\" content=\"Text - My Palm Leaf\" \/>\n<meta property=\"og:description\" content=\"Exploreaz\u0103 textele sacre pentru citirea frunzelor de palmier, care \u00ee\u021bi vor oferi \u00een\u021belepciune profund\u0103 \u0219i \u00een\u021belegere a destinului t\u0103u spiritual.\" \/>\n<meta property=\"og:url\" content=\"https:\/\/mypalmleaf.com\/ro\/text\/\" \/>\n<meta property=\"og:site_name\" content=\"My Palm Leaf\" \/>\n<meta property=\"article:modified_time\" content=\"2025-04-28T11:07:43+00:00\" \/>\n<meta property=\"og:image\" content=\"https:\/\/mypalmleaf.com\/wp-content\/uploads\/2025\/08\/mpl-circle-logo.jpg\" \/>\n\t<meta property=\"og:image:width\" content=\"1200\" \/>\n\t<meta property=\"og:image:height\" content=\"1196\" \/>\n\t<meta property=\"og:image:type\" content=\"image\/jpeg\" \/>\n<meta name=\"twitter:card\" content=\"summary_large_image\" \/>\n<script type=\"application\/ld+json\" class=\"yoast-schema-graph\">{\"@context\":\"https:\/\/schema.org\",\"@graph\":[{\"@type\":\"WebPage\",\"@id\":\"https:\/\/mypalmleaf.com\/ro\/text\/\",\"url\":\"https:\/\/mypalmleaf.com\/ro\/text\/\",\"name\":\"Text - My Palm Leaf\",\"isPartOf\":{\"@id\":\"https:\/\/mypalmleaf.com\/#website\"},\"datePublished\":\"2024-08-14T18:58:17+00:00\",\"dateModified\":\"2025-04-28T11:07:43+00:00\",\"description\":\"Exploreaz\u0103 textele sacre pentru citirea frunzelor de palmier, care \u00ee\u021bi vor oferi \u00een\u021belepciune profund\u0103 \u0219i \u00een\u021belegere a destinului t\u0103u spiritual.\",\"breadcrumb\":{\"@id\":\"https:\/\/mypalmleaf.com\/ro\/text\/#breadcrumb\"},\"inLanguage\":\"ro-RO\",\"potentialAction\":[{\"@type\":\"ReadAction\",\"target\":[\"https:\/\/mypalmleaf.com\/ro\/text\/\"]}]},{\"@type\":\"BreadcrumbList\",\"@id\":\"https:\/\/mypalmleaf.com\/ro\/text\/#breadcrumb\",\"itemListElement\":[{\"@type\":\"ListItem\",\"position\":1,\"name\":\"Home\",\"item\":\"https:\/\/mypalmleaf.com\/ro\/\"},{\"@type\":\"ListItem\",\"position\":2,\"name\":\"Text\"}]},{\"@type\":\"WebSite\",\"@id\":\"https:\/\/mypalmleaf.com\/#website\",\"url\":\"https:\/\/mypalmleaf.com\/\",\"name\":\"My Palm Leaf\",\"description\":\"\",\"potentialAction\":[{\"@type\":\"SearchAction\",\"target\":{\"@type\":\"EntryPoint\",\"urlTemplate\":\"https:\/\/mypalmleaf.com\/?s={search_term_string}\"},\"query-input\":{\"@type\":\"PropertyValueSpecification\",\"valueRequired\":true,\"valueName\":\"search_term_string\"}}],\"inLanguage\":\"ro-RO\"}]}<\/script>\n<!-- \/ Yoast SEO plugin. -->","yoast_head_json":{"title":"Text - My Palm Leaf","description":"Exploreaz\u0103 textele sacre pentru citirea frunzelor de palmier, care \u00ee\u021bi vor oferi \u00een\u021belepciune profund\u0103 \u0219i \u00een\u021belegere a destinului t\u0103u spiritual.","robots":{"index":"index","follow":"follow","max-snippet":"max-snippet:-1","max-image-preview":"max-image-preview:large","max-video-preview":"max-video-preview:-1"},"canonical":"https:\/\/mypalmleaf.com\/ro\/text\/","og_locale":"ro_RO","og_type":"article","og_title":"Text - My Palm Leaf","og_description":"Exploreaz\u0103 textele sacre pentru citirea frunzelor de palmier, care \u00ee\u021bi vor oferi \u00een\u021belepciune profund\u0103 \u0219i \u00een\u021belegere a destinului t\u0103u spiritual.","og_url":"https:\/\/mypalmleaf.com\/ro\/text\/","og_site_name":"My Palm Leaf","article_modified_time":"2025-04-28T11:07:43+00:00","og_image":[{"width":1200,"height":1196,"url":"https:\/\/mypalmleaf.com\/wp-content\/uploads\/2025\/08\/mpl-circle-logo.jpg","type":"image\/jpeg"}],"twitter_card":"summary_large_image","schema":{"@context":"https:\/\/schema.org","@graph":[{"@type":"WebPage","@id":"https:\/\/mypalmleaf.com\/ro\/text\/","url":"https:\/\/mypalmleaf.com\/ro\/text\/","name":"Text - My Palm Leaf","isPartOf":{"@id":"https:\/\/mypalmleaf.com\/#website"},"datePublished":"2024-08-14T18:58:17+00:00","dateModified":"2025-04-28T11:07:43+00:00","description":"Exploreaz\u0103 textele sacre pentru citirea frunzelor de palmier, care \u00ee\u021bi vor oferi \u00een\u021belepciune profund\u0103 \u0219i \u00een\u021belegere a destinului t\u0103u spiritual.","breadcrumb":{"@id":"https:\/\/mypalmleaf.com\/ro\/text\/#breadcrumb"},"inLanguage":"ro-RO","potentialAction":[{"@type":"ReadAction","target":["https:\/\/mypalmleaf.com\/ro\/text\/"]}]},{"@type":"BreadcrumbList","@id":"https:\/\/mypalmleaf.com\/ro\/text\/#breadcrumb","itemListElement":[{"@type":"ListItem","position":1,"name":"Home","item":"https:\/\/mypalmleaf.com\/ro\/"},{"@type":"ListItem","position":2,"name":"Text"}]},{"@type":"WebSite","@id":"https:\/\/mypalmleaf.com\/#website","url":"https:\/\/mypalmleaf.com\/","name":"My Palm Leaf","description":"","potentialAction":[{"@type":"SearchAction","target":{"@type":"EntryPoint","urlTemplate":"https:\/\/mypalmleaf.com\/?s={search_term_string}"},"query-input":{"@type":"PropertyValueSpecification","valueRequired":true,"valueName":"search_term_string"}}],"inLanguage":"ro-RO"}]}},"_links":{"self":[{"href":"https:\/\/mypalmleaf.com\/ro\/wp-json\/wp\/v2\/pages\/33297","targetHints":{"allow":["GET"]}}],"collection":[{"href":"https:\/\/mypalmleaf.com\/ro\/wp-json\/wp\/v2\/pages"}],"about":[{"href":"https:\/\/mypalmleaf.com\/ro\/wp-json\/wp\/v2\/types\/page"}],"author":[{"embeddable":true,"href":"https:\/\/mypalmleaf.com\/ro\/wp-json\/wp\/v2\/users\/1"}],"replies":[{"embeddable":true,"href":"https:\/\/mypalmleaf.com\/ro\/wp-json\/wp\/v2\/comments?post=33297"}],"version-history":[{"count":0,"href":"https:\/\/mypalmleaf.com\/ro\/wp-json\/wp\/v2\/pages\/33297\/revisions"}],"wp:attachment":[{"href":"https:\/\/mypalmleaf.com\/ro\/wp-json\/wp\/v2\/media?parent=33297"}],"curies":[{"name":"wp","href":"https:\/\/api.w.org\/{rel}","templated":true}]}}