
{"id":36469,"date":"2024-08-15T02:38:41","date_gmt":"2024-08-15T02:38:41","guid":{"rendered":"https:\/\/mypalmleaf.com\/frunze-de-palmier\/"},"modified":"2025-04-28T13:06:09","modified_gmt":"2025-04-28T13:06:09","slug":"frunze-de-palmier","status":"publish","type":"page","link":"https:\/\/mypalmleaf.com\/ro\/frunze-de-palmier\/","title":{"rendered":"Frunze de palmier"},"content":{"rendered":"\n<section class=\"spotlight-main small top-gap\">\n    <!-- <div class=\"slider-wrap\" data-flickity='{ \"cellAlign\": \"left\", \"contain\": true, \"wrapAround\": true, \"setGallerySize\": false }'> -->\n    <div class=\"slider-wrap\" data-flickity='{ \"cellAlign\": \"left\", \"contain\": true, \"wrapAround\": true, \"setGallerySize\": false  }'>\n            <div class=\"slides\">\n        <div class=\"content-wrap\">\n          <div class=\"image\">\n            <picture>\n              <source media=\"(max-width: 999px)\" srcset=\"https:\/\/mypalmleaf.com\/wp-content\/uploads\/2024\/08\/indian-palm-leaf-spotlight-mob.webp\" \/>\n              <source media=\"(min-width: 1000px)\" srcset=\"https:\/\/mypalmleaf.com\/wp-content\/uploads\/2024\/08\/indian-palm-leaf-spotlight.webp\" \/>\n              <img decoding=\"async\" src=\"https:\/\/mypalmleaf.com\/wp-content\/uploads\/2024\/08\/indian-palm-leaf-spotlight.webp\" class=\"img-fluid\" alt=\"\" \/>\n            <\/picture>\n          <\/div>\n          <div class=\"content\">\n            <div data-aos=\"fade-up\" data-aos-duration=\"1000\">\n              <h2 class=\"\">Frunzele de palmier indian<\/h2>\n                                 \n            <\/div>\n          <\/div>\n        <\/div>\n      <\/div>\n          <\/div>\n<\/section><section class=\"faq-top-section my-6 mb-4 mt-xs-4 position-relative\">\n    <div class=\"container\">\n      <div class=\"row\">\n        <div class=\"col-lg-10 mx-auto\">\n            <div class=\"row justify-content-between align-items-center\">\n                <div class=\"col-lg-7\">\n                    <div class=\"rounded-asset\">\n                        <img decoding=\"async\" src=\"https:\/\/mypalmleaf.com\/wp-content\/uploads\/2024\/09\/What-Are-Palm-Leaves.jpg\" class=\"img-fluid\" alt=\"\"><div class=\"play-icon\"><\/div>\n                        <a href=\"https:\/\/www.youtube.com\/watch?v=9GdNX4SAHCA\" class=\"stretched-link\" data-lity><\/a>\n                      <\/div>\n                <\/div>\n                <div class=\"col-lg-5\">\n                    <h3>G\u0103se\u0219te-\u021bi frunza de palmier personal\u0103: O poart\u0103 c\u0103tre trecutul, prezentul \u0219i viitorul t\u0103u<\/h3>\n                <\/div>\n            <\/div>\n        <\/div>\n        \n        <div class=\"col-lg-12 text-center my-5\" data-aos=\"fade-up\" data-aos-duration=\"1000\">\n            <p class=\"mb-3\">Frunzele de palmier indiene, cunoscute \u0219i sub numele de frunze de palmier Nadi, sunt manuscrise vechi despre care se crede c\u0103 con\u021bin pove\u0219tile de via\u021b\u0103 \u0219i destinele persoanelor. Aceste texte sacre, scrise \u00eentr-un vechi alfabet tamil, au fost \u00eenscrise de \u00een\u021belep\u021bii ilumina\u021bi numi\u021bi Rishis cu mii de ani \u00een urm\u0103. <strong>  Rishis \u0219i-au folosit viziunea spiritual\u0103 profund\u0103 pentru a \u00eenregistra informa\u021bii detaliate despre via\u021ba indivizilor, inclusiv aspecte precum cariera, rela\u021biile, s\u0103n\u0103tatea \u0219i dezvoltarea spiritual\u0103.<\/strong><\/p>\n<p>&nbsp;<\/p>\n<p class=\"mb-3\">Fiecare frunz\u0103 de palmier este unic\u0103 \u0219i corespunde unei anumite persoane, fiind menit\u0103 s\u0103 fie g\u0103sit\u0103 la momentul potrivit, c\u00e2nd individul este preg\u0103tit s\u0103 primeasc\u0103 \u00eendrumarea \u0219i \u00een\u021belepciunea pe care le con\u021bine. Aceste frunze sunt p\u0103strate \u00een bibliotecile Nadi, situate \u00een principal \u00een sudul Indiei. O citire Nadi presupune potrivirea amprentei degetului mare sau a detaliilor de baz\u0103 ale unei persoane cu frunza corespunz\u0103toare, dezv\u0103luind informa\u021bii \u0219i sfaturi personalizate pentru c\u0103l\u0103toria vie\u021bii sale.  <\/p>\n<p class=\"mb-3\"><strong>La Mypalmleaf ajut\u0103m la conectarea persoanelor cu aceste manuscrise antice, oferind un amestec unic de tradi\u021bie \u0219i accesibilitate modern\u0103 pentru a explora \u00een\u021belepciunea \u0219i \u00eendrumarea Rishis.<br \/>\n<\/strong><\/p>\n<h4 class=\"my-3\"><strong>Diferite tipuri de scripturi cu frunze de palmier<\/strong><\/h4>\n<p>\u00cen afar\u0103 de frunzele de palmier, care con\u021bin pove\u0219tile de via\u021b\u0103 ale unor oameni, exist\u0103 \u0219i multe scripturi antice care au fost scrise pe frunze de palmier, cum ar fi texte despre ayurveda, spiritualitate, astrologie \u0219i a\u0219a mai departe. Ini\u021bial, majoritatea scripturilor indiene antice erau scrise pe frunze de palmier, care erau folosite ca h\u00e2rtia din zilele noastre <\/p>\n        <\/div>\n      <\/div>\n    <\/div>\n                  <div class=\"parallax-item-3 parallax-item\" data-speed=\".08\"><img decoding=\"async\" src=\"https:\/\/mypalmleaf.com\/wp-content\/uploads\/2024\/08\/parallax-item-3-3.png\" class=\"img-fluid\" alt=\"\"><\/div>\n          <\/section><section class=\"how-palm-leaves-written-block my-6 mt-0\">\n  <div class=\"container\">\n    <div class=\"row text-center\" data-aos=\"fade-up\" data-aos-duration=\"1000\">\n      <div class=\"col-lg-12\">\n        <h3>Cum sunt scrise \u0219i conservate frunzele de palmier?<\/h3>\n        <h5 class=\"mt-4\"><strong>  Scrierea frunzelor de palmier<\/strong><\/h5>\n      <\/div>\n    <\/div>\n\n    <div class=\"row justify-content-center my-4\">\n      <div class=\"col-lg-12 writing-the-palm-leaf-block\">\n        <ul class=\"foldable-leaf\">\n                                <li data-aos=\"flip-up\" data-aos-duration=\"1000\" data-aos-offset=\"10\"   class=\"aos-init aos-animate\">\n              <div class=\"image\"><img decoding=\"async\" src=\"https:\/\/mypalmleaf.com\/wp-content\/uploads\/2024\/09\/writing-the-palm-leaves.png\" class=\"img-fluid\" alt=\"\"><\/div>\n              <div class=\"content\">\n                <div class=\"desc\">\n                  <div class=\"title\">Material<\/div>\n                  <p>Manuscrisele sunt create din frunze de palmier Talipot, un copac cunoscut pentru frunzele sale mari \u0219i durabile. Aceste frunze sunt alese pentru longevitatea \u0219i rezilien\u021ba lor. <\/p>\n                <\/div>\n              <\/div>\n            <\/li>\n                                  <li data-aos=\"flip-up\" data-aos-duration=\"1000\" data-aos-offset=\"10\" data-aos-delay=\"100\"  class=\"aos-init aos-animate\">\n              <div class=\"image\"><img decoding=\"async\" src=\"https:\/\/mypalmleaf.com\/wp-content\/uploads\/2024\/09\/writing-the-palm-leaves.png\" class=\"img-fluid\" alt=\"\"><\/div>\n              <div class=\"content\">\n                <div class=\"desc\">\n                  <div class=\"title\">Preg\u0103tire<\/div>\n                  <p>Frunzele sunt mai \u00eent\u00e2i colectate \u0219i apoi uscate pentru a elimina umezeala, ceea ce le face suficient de rezistente pentru a fi scrise. Dup\u0103 uscare, acestea sunt t\u0103iate \u00een f\u00e2\u0219ii de dimensiuni uniforme. <\/p>\n                <\/div>\n              <\/div>\n            <\/li>\n                                  <li data-aos=\"flip-up\" data-aos-duration=\"1000\" data-aos-offset=\"10\" data-aos-delay=\"200\"  class=\"aos-init aos-animate\">\n              <div class=\"image\"><img decoding=\"async\" src=\"https:\/\/mypalmleaf.com\/wp-content\/uploads\/2024\/09\/writing-the-palm-leaves.png\" class=\"img-fluid\" alt=\"\"><\/div>\n              <div class=\"content\">\n                <div class=\"desc\">\n                  <div class=\"title\">Inscrip\u021bie<\/div>\n                  <p>Textul este \u00eenscris cu ajutorul unui stilet ascu\u021bit, care graveaz\u0103 scrisul pe frunze. Scrisul este realizat \u00eentr-o scriere antic\u0103 numit\u0103 Tamil Vattezhuthu, sau Tamil vechi, cunoscut\u0103 pentru frumuse\u021bea \u0219i complexitatea sa. <\/p>\n                <\/div>\n              <\/div>\n            <\/li>\n                                  <li data-aos=\"flip-up\" data-aos-duration=\"1000\" data-aos-offset=\"10\" data-aos-delay=\"300\"  class=\"aos-init aos-animate\">\n              <div class=\"image\"><img decoding=\"async\" src=\"https:\/\/mypalmleaf.com\/wp-content\/uploads\/2024\/09\/writing-the-palm-leaves.png\" class=\"img-fluid\" alt=\"\"><\/div>\n              <div class=\"content\">\n                <div class=\"desc\">\n                  <div class=\"title\">Cerneal\u0103<\/div>\n                  <p>Pentru a face inscrip\u021biile mai vizibile, peste gravuri se aplic\u0103 cerneal\u0103 f\u0103cut\u0103 din substan\u021be naturale precum c\u0103rbunele sau turmericul. Cerneala se depune \u00een caneluri, eviden\u021biind textul pe suprafa\u021ba frunzei. <\/p>\n                <\/div>\n              <\/div>\n            <\/li>\n                              <\/ul>\n      <\/div>\n    <\/div>\n  <\/div>\n<\/section>\n<section class=\"preservation-of-palm-leaf\">\n  <div class=\"container\">\n    <div class=\"row\">\n      <div class=\"col-lg-12\" data-aos=\"fade-up\" data-aos-duration=\"1000\">\n        <h4 class=\"my-4 text-center\"><strong>P\u0103strarea frunzelor de palmier<\/strong><\/h4>\n      <\/div>\n    <\/div>\n    <div class=\"row text-center justify-content-between my-4\">\n              <div class=\"col-lg-5 my-4\" data-aos=\"fade-up\" data-aos-duration=\"1000\">\n          <div class=\"icon\"><img decoding=\"async\" src=\"https:\/\/mypalmleaf.com\/wp-content\/uploads\/2024\/09\/preserve-palm-leaf-icon-1.png\" alt=\"\"><\/div>\n          <div class=\"title\">Controlul climatiz\u0103rii<\/div>\n          <div class=\"desc\">\n            <p>Frunzele de palmier sunt depozitate \u00een condi\u021bii speciale pentru a le proteja de umiditate, insecte \u0219i alte elemente d\u0103un\u0103toare. Bibliotecile Nadi, situate \u00een principal \u00een sudul Indiei, men\u021bin medii controlate care includ niveluri adecvate de umiditate \u0219i temperatur\u0103. <\/p>\n          <\/div>\n        <\/div>\n              <div class=\"col-lg-5 my-4\" data-aos=\"fade-up\" data-aos-duration=\"1000\">\n          <div class=\"icon\"><img decoding=\"async\" src=\"https:\/\/mypalmleaf.com\/wp-content\/uploads\/2024\/09\/preserve-palm-leaf-icon-2.png\" alt=\"\"><\/div>\n          <div class=\"title\">Tratamentul cu uleiuri<\/div>\n          <div class=\"desc\">\n            <p>Frunzele sunt adesea tratate cu uleiuri naturale, cum ar fi camforul sau uleiul de neem, pentru a preveni deteriorarea \u0219i infestarea cu insecte. Aceast\u0103 metod\u0103 tradi\u021bional\u0103 ajut\u0103 la conservarea frunzelor timp de secole. <\/p>\n          <\/div>\n        <\/div>\n              <div class=\"col-lg-5 my-4\" data-aos=\"fade-up\" data-aos-duration=\"1000\">\n          <div class=\"icon\"><img decoding=\"async\" src=\"https:\/\/mypalmleaf.com\/wp-content\/uploads\/2024\/09\/preserve-palm-leaf-icon-3.png\" alt=\"\"><\/div>\n          <div class=\"title\">\u00centre\u021binere periodic\u0103<\/div>\n          <div class=\"desc\">\n            <p>Frunzele de palmier sunt depozitate \u00een condi\u021bii speciale pentru a le proteja de umiditate, insecte \u0219i alte elemente d\u0103un\u0103toare. Bibliotecile Nadi, situate \u00een principal \u00een sudul Indiei, men\u021bin medii controlate care includ niveluri adecvate de umiditate \u0219i temperatur\u0103. <\/p>\n          <\/div>\n        <\/div>\n              <div class=\"col-lg-5 my-4\" data-aos=\"fade-up\" data-aos-duration=\"1000\">\n          <div class=\"icon\"><img decoding=\"async\" src=\"https:\/\/mypalmleaf.com\/wp-content\/uploads\/2024\/09\/preserve-palm-leaf-icon-4.png\" alt=\"\"><\/div>\n          <div class=\"title\">Depozitare<\/div>\n          <div class=\"desc\">\n            <p>Frunzele sunt depozitate \u00een m\u0103nunchiuri, fiecare legat \u00eempreun\u0103 \u0219i etichetat \u00een func\u021bie de categoria sau tipul de lectur\u0103 pe care \u00eel con\u021bine. Aceste pachete sunt p\u0103strate \u00een cutii de lemn sau de metal pentru a le proteja de deterior\u0103ri fizice \u0219i de factorii de mediu. <\/p>\n          <\/div>\n        <\/div>\n          <\/div>\n  <\/div>\n<\/section><section class=\"who-are-rishis my-5 position-relative\">\n  <div class=\"container\">\n    <div class=\"row\">\n      <div class=\"col-lg-12 text-center\">\n        <h3 class=\"my-5 mt-0\">Cine sunt Rishis?<\/h3>\n        <div class=\"banner rounded-asset my-4\"><img decoding=\"async\" src=\"https:\/\/mypalmleaf.com\/wp-content\/uploads\/2024\/09\/who-are-the-rishis-1.jpg\" alt=\"\" class=\"img-fluid\"><\/div>\n        <p>Rishis sunt \u00een\u021belep\u021bii \u0219i clarv\u0103z\u0103torii legendari ai Indiei antice, renumi\u021bi pentru \u00een\u021belepciunea lor spiritual\u0103 incredibil\u0103 \u0219i intui\u021biile lor extraordinare. Imagina\u021bi-v\u0103 posibilitatea de a accesa un t\u0103r\u00e2m al cunoa\u0219terii divine \u0219i al adev\u0103rurilor universale &#8211; aceasta este lumea Rishis. Aceste fiin\u021be iluminate sunt adesea considerate pionierii spirituali ai umanit\u0103\u021bii, explor\u00e2nd profunzimile con\u0219tiin\u021bei \u0219i ale cosmosului.<\/p>\n<h4 class=\"mt-4\"><strong>Vizionarii \u00een\u021belepciunii antice<\/strong><\/h4>\n<p>Cuv\u00e2ntul &#8222;Rishi&#8221; provine din termenul sanscrit &#8222;\u1e5b\u1e63&#8221;, care \u00eenseamn\u0103 &#8222;a vedea&#8221; sau &#8222;a percepe&#8221;. Nu este vorba despre orice fel de a vedea; Rishis sunt vizionari care pot percepe nev\u0103zutul \u0219i pot \u00een\u021belege misterele profunde ale vie\u021bii \u0219i ale universului. Ei sunt ca astronau\u021bii spirituali ai timpurilor str\u0103vechi, care c\u0103l\u0103toresc \u00een t\u0103r\u00e2murile divinului \u0219i aduc \u00eenapoi comori ale cunoa\u0219terii.  <\/p>\n<h4 class=\"mt-4\"><strong>Rishis \u00een prezent<\/strong><\/h4>\n<p>Chiar dac\u0103 Rishis au tr\u0103it pe aceast\u0103 planet\u0103 \u00eentr-o form\u0103 uman\u0103 cu mii de ani \u00een urm\u0103, ei \u00eenc\u0103 sprijin\u0103 omenirea \u0219i P\u0103m\u00e2ntul din dimensiunile subtile. Prezen\u021ba lor este atemporal\u0103 \u0219i, cu c\u00e2t suntem mai con\u0219tien\u021bi \u0219i mai deschi\u0219i la prezen\u021ba lor, cu at\u00e2t mai mult\u0103 binecuv\u00e2ntare poate curge \u00een via\u021ba noastr\u0103. Acesta este \u0219i scopul frunzelor de palmier. Ele sunt mai mult dec\u00e2t simple predic\u021bii, ci un instrument spiritual, care ne ajut\u0103 s\u0103 ne model\u0103m via\u021ba, prin sprijinul energetic al Rishis.   <\/p>\n<h4 class=\"mt-4\"><strong>Leg\u0103tura dintre Rishis \u0219i frunzele de palmier<\/strong><\/h4>\n<p>Rishis, \u00een\u021belep\u021bii \u0219i clarv\u0103z\u0103torii antici ai Indiei, sunt autorii divini ai manuscriselor din frunze de palmier, cunoscute sub numele de texte Nadi. Aceste fiin\u021be iluminate, prin medita\u021bie profund\u0103 \u0219i \u00een\u021belegere spiritual\u0103, au \u00eenregistrat destinele persoanelor pe frunze de palmier cu mii de ani \u00een urm\u0103. Folosind vechiul alfabet tamil, ele au documentat detalii despre via\u021ba oamenilor, oferindu-le \u00eendrumare spiritual\u0103 \u0219i informa\u021bii despre trecutul, prezentul \u0219i viitorul lor. Aceste frunze de palmier sunt p\u0103strate \u00een bibliotecile Nadi \u0219i sunt citite de astrologii Nadi care potrivesc amprenta degetului mare sau detaliile unei persoane cu frunza corespunz\u0103toare. Aceast\u0103 tradi\u021bie sacr\u0103, onorat\u0103 de Mypalmleaf, continu\u0103 s\u0103 ofere \u00een\u021belepciune \u0219i claritate atemporale, ajut\u00e2ndu-i pe c\u0103ut\u0103tori s\u0103-\u0219i \u00een\u021beleag\u0103 c\u0103l\u0103toria vie\u021bii prin ochii Rishis.  <\/p>\n      <\/div>\n    <\/div>\n  <\/div>\n\n<\/section>","protected":false},"excerpt":{"rendered":"","protected":false},"author":1,"featured_media":0,"parent":0,"menu_order":0,"comment_status":"closed","ping_status":"closed","template":"","meta":{"_acf_changed":false,"footnotes":""},"class_list":["post-36469","page","type-page","status-publish","hentry"],"acf":[],"yoast_head":"<!-- This site is optimized with the Yoast SEO plugin v26.4 - https:\/\/yoast.com\/wordpress\/plugins\/seo\/ -->\n<title>Frunze de palmier - My Palm Leaf<\/title>\n<meta name=\"description\" content=\"Afl\u0103 despre citirea frunzelor de palmier \u2013 o tradi\u021bie sacr\u0103 ce \u00ee\u021bi dezv\u0103luie destinul scris acum mii de ani de \u00een\u021belep\u021bi indieni.\" \/>\n<meta name=\"robots\" content=\"index, follow, max-snippet:-1, max-image-preview:large, max-video-preview:-1\" \/>\n<link rel=\"canonical\" href=\"https:\/\/mypalmleaf.com\/palm-leaves\/\" \/>\n<meta property=\"og:locale\" content=\"ro_RO\" \/>\n<meta property=\"og:type\" content=\"article\" \/>\n<meta property=\"og:title\" content=\"Frunze de palmier - My Palm Leaf\" \/>\n<meta property=\"og:description\" content=\"Afl\u0103 despre citirea frunzelor de palmier \u2013 o tradi\u021bie sacr\u0103 ce \u00ee\u021bi dezv\u0103luie destinul scris acum mii de ani de \u00een\u021belep\u021bi indieni.\" \/>\n<meta property=\"og:url\" content=\"https:\/\/mypalmleaf.com\/palm-leaves\/\" \/>\n<meta property=\"og:site_name\" content=\"My Palm Leaf\" \/>\n<meta property=\"article:modified_time\" content=\"2025-04-28T13:06:09+00:00\" \/>\n<meta property=\"og:image\" content=\"https:\/\/mypalmleaf.com\/wp-content\/uploads\/2025\/08\/mpl-circle-logo.jpg\" \/>\n\t<meta property=\"og:image:width\" content=\"1200\" \/>\n\t<meta property=\"og:image:height\" content=\"1196\" \/>\n\t<meta property=\"og:image:type\" content=\"image\/jpeg\" \/>\n<meta name=\"twitter:card\" content=\"summary_large_image\" \/>\n<script type=\"application\/ld+json\" class=\"yoast-schema-graph\">{\"@context\":\"https:\/\/schema.org\",\"@graph\":[{\"@type\":\"WebPage\",\"@id\":\"https:\/\/mypalmleaf.com\/palm-leaves\/\",\"url\":\"https:\/\/mypalmleaf.com\/palm-leaves\/\",\"name\":\"Frunze de palmier - My Palm Leaf\",\"isPartOf\":{\"@id\":\"https:\/\/mypalmleaf.com\/#website\"},\"datePublished\":\"2024-08-15T02:38:41+00:00\",\"dateModified\":\"2025-04-28T13:06:09+00:00\",\"description\":\"Afl\u0103 despre citirea frunzelor de palmier \u2013 o tradi\u021bie sacr\u0103 ce \u00ee\u021bi dezv\u0103luie destinul scris acum mii de ani de \u00een\u021belep\u021bi indieni.\",\"breadcrumb\":{\"@id\":\"https:\/\/mypalmleaf.com\/palm-leaves\/#breadcrumb\"},\"inLanguage\":\"ro-RO\",\"potentialAction\":[{\"@type\":\"ReadAction\",\"target\":[\"https:\/\/mypalmleaf.com\/palm-leaves\/\"]}]},{\"@type\":\"BreadcrumbList\",\"@id\":\"https:\/\/mypalmleaf.com\/palm-leaves\/#breadcrumb\",\"itemListElement\":[{\"@type\":\"ListItem\",\"position\":1,\"name\":\"Home\",\"item\":\"https:\/\/mypalmleaf.com\/ro\/\"},{\"@type\":\"ListItem\",\"position\":2,\"name\":\"Frunze de palmier\"}]},{\"@type\":\"WebSite\",\"@id\":\"https:\/\/mypalmleaf.com\/#website\",\"url\":\"https:\/\/mypalmleaf.com\/\",\"name\":\"My Palm Leaf\",\"description\":\"\",\"potentialAction\":[{\"@type\":\"SearchAction\",\"target\":{\"@type\":\"EntryPoint\",\"urlTemplate\":\"https:\/\/mypalmleaf.com\/?s={search_term_string}\"},\"query-input\":{\"@type\":\"PropertyValueSpecification\",\"valueRequired\":true,\"valueName\":\"search_term_string\"}}],\"inLanguage\":\"ro-RO\"}]}<\/script>\n<!-- \/ Yoast SEO plugin. -->","yoast_head_json":{"title":"Frunze de palmier - My Palm Leaf","description":"Afl\u0103 despre citirea frunzelor de palmier \u2013 o tradi\u021bie sacr\u0103 ce \u00ee\u021bi dezv\u0103luie destinul scris acum mii de ani de \u00een\u021belep\u021bi indieni.","robots":{"index":"index","follow":"follow","max-snippet":"max-snippet:-1","max-image-preview":"max-image-preview:large","max-video-preview":"max-video-preview:-1"},"canonical":"https:\/\/mypalmleaf.com\/palm-leaves\/","og_locale":"ro_RO","og_type":"article","og_title":"Frunze de palmier - My Palm Leaf","og_description":"Afl\u0103 despre citirea frunzelor de palmier \u2013 o tradi\u021bie sacr\u0103 ce \u00ee\u021bi dezv\u0103luie destinul scris acum mii de ani de \u00een\u021belep\u021bi indieni.","og_url":"https:\/\/mypalmleaf.com\/palm-leaves\/","og_site_name":"My Palm Leaf","article_modified_time":"2025-04-28T13:06:09+00:00","og_image":[{"width":1200,"height":1196,"url":"https:\/\/mypalmleaf.com\/wp-content\/uploads\/2025\/08\/mpl-circle-logo.jpg","type":"image\/jpeg"}],"twitter_card":"summary_large_image","schema":{"@context":"https:\/\/schema.org","@graph":[{"@type":"WebPage","@id":"https:\/\/mypalmleaf.com\/palm-leaves\/","url":"https:\/\/mypalmleaf.com\/palm-leaves\/","name":"Frunze de palmier - My Palm Leaf","isPartOf":{"@id":"https:\/\/mypalmleaf.com\/#website"},"datePublished":"2024-08-15T02:38:41+00:00","dateModified":"2025-04-28T13:06:09+00:00","description":"Afl\u0103 despre citirea frunzelor de palmier \u2013 o tradi\u021bie sacr\u0103 ce \u00ee\u021bi dezv\u0103luie destinul scris acum mii de ani de \u00een\u021belep\u021bi indieni.","breadcrumb":{"@id":"https:\/\/mypalmleaf.com\/palm-leaves\/#breadcrumb"},"inLanguage":"ro-RO","potentialAction":[{"@type":"ReadAction","target":["https:\/\/mypalmleaf.com\/palm-leaves\/"]}]},{"@type":"BreadcrumbList","@id":"https:\/\/mypalmleaf.com\/palm-leaves\/#breadcrumb","itemListElement":[{"@type":"ListItem","position":1,"name":"Home","item":"https:\/\/mypalmleaf.com\/ro\/"},{"@type":"ListItem","position":2,"name":"Frunze de palmier"}]},{"@type":"WebSite","@id":"https:\/\/mypalmleaf.com\/#website","url":"https:\/\/mypalmleaf.com\/","name":"My Palm Leaf","description":"","potentialAction":[{"@type":"SearchAction","target":{"@type":"EntryPoint","urlTemplate":"https:\/\/mypalmleaf.com\/?s={search_term_string}"},"query-input":{"@type":"PropertyValueSpecification","valueRequired":true,"valueName":"search_term_string"}}],"inLanguage":"ro-RO"}]}},"_links":{"self":[{"href":"https:\/\/mypalmleaf.com\/ro\/wp-json\/wp\/v2\/pages\/36469","targetHints":{"allow":["GET"]}}],"collection":[{"href":"https:\/\/mypalmleaf.com\/ro\/wp-json\/wp\/v2\/pages"}],"about":[{"href":"https:\/\/mypalmleaf.com\/ro\/wp-json\/wp\/v2\/types\/page"}],"author":[{"embeddable":true,"href":"https:\/\/mypalmleaf.com\/ro\/wp-json\/wp\/v2\/users\/1"}],"replies":[{"embeddable":true,"href":"https:\/\/mypalmleaf.com\/ro\/wp-json\/wp\/v2\/comments?post=36469"}],"version-history":[{"count":0,"href":"https:\/\/mypalmleaf.com\/ro\/wp-json\/wp\/v2\/pages\/36469\/revisions"}],"wp:attachment":[{"href":"https:\/\/mypalmleaf.com\/ro\/wp-json\/wp\/v2\/media?parent=36469"}],"curies":[{"name":"wp","href":"https:\/\/api.w.org\/{rel}","templated":true}]}}