{"id":37124,"date":"2024-08-28T03:20:58","date_gmt":"2024-08-28T03:20:58","guid":{"rendered":"https:\/\/mypalmleaf.com\/programul-de-afiliere\/"},"modified":"2025-04-28T12:00:08","modified_gmt":"2025-04-28T12:00:08","slug":"programul-de-afiliere","status":"publish","type":"page","link":"https:\/\/mypalmleaf.com\/ro\/programul-de-afiliere\/","title":{"rendered":"Programul de afiliere"},"content":{"rendered":"\n<section class=\"spotlight-main small top-gap\">\n    <!-- <div class=\"slider-wrap\" data-flickity='{ \"cellAlign\": \"left\", \"contain\": true, \"wrapAround\": true, \"setGallerySize\": false }'> -->\n    <div class=\"slider-wrap\" data-flickity='{ \"cellAlign\": \"left\", \"contain\": true, \"wrapAround\": true, \"setGallerySize\": false  }'>\n            <div class=\"slides\">\n        <div class=\"content-wrap\">\n          <div class=\"image\">\n            <picture>\n              <source media=\"(max-width: 999px)\" srcset=\"https:\/\/mypalmleaf.com\/wp-content\/uploads\/2024\/09\/affliate-program-spotlight-mob.jpg\" \/>\n              <source media=\"(min-width: 1000px)\" srcset=\"https:\/\/mypalmleaf.com\/wp-content\/uploads\/2024\/09\/affliate-program-spotlight.jpg\" \/>\n              <img decoding=\"async\" src=\"https:\/\/mypalmleaf.com\/wp-content\/uploads\/2024\/09\/affliate-program-spotlight.jpg\" class=\"img-fluid\" alt=\"\" \/>\n            <\/picture>\n          <\/div>\n          <div class=\"content\">\n            <div data-aos=\"fade-up\" data-aos-duration=\"1000\">\n              <h2 class=\"\">Programul de afiliere Mypalmleaf<\/h2>\n                                 \n            <\/div>\n          <\/div>\n        <\/div>\n      <\/div>\n          <\/div>\n<\/section>\n\n<section class=\"partnerships-block my-6 position-relative\" data-aos=\"fade-up\" data-aos-duration=\"1000\">\n  <div class=\"container-xl\">\n    <div class=\"row mb-4 justify-content-center\">\n      <div class=\"col-lg-12 text-center\" data-aos=\"fade-up\" data-aos-duration=\"1000\">\n        <div class=\"row align-items-center justify-content-between\">\n                      <div class=\"col-lg-7 mt-4 mt-md-0 \">\n            <div class=\"partners-program-details\">\n              <h4>\u00cemp\u0103rt\u0103\u0219i\u021bi mesajul \u00een calitate de afiliat<\/h4>\n              <p>Misiunea noastr\u0103 este de a face bibliotecile indiene din frunze de palmier accesibile oamenilor din \u00eentreaga lume \u0219i de a-i conecta cu \u00een\u021belepciunea Rishis. \u0218i v\u0103 invit\u0103m s\u0103 face\u021bi parte din aceast\u0103 misiune al\u0103tur\u00e2ndu-v\u0103 programului de afiliere Mypalmleaf.   <\/p>\n                                <a href=\"\/ro\/affiliates-new\/\" class=\"btn btn-primary\">\u00cenregistrare\/login la portalul de afiliere<\/a>\n                          <\/div>\n          <\/div>\n                        <div class=\"col-lg-5\"><img decoding=\"async\" src=\"https:\/\/mypalmleaf.com\/wp-content\/uploads\/2024\/08\/mpl-partnership-logo-1.png\" alt=\"\" class=\"img-fluid\"><\/div>\n                  <\/div>\n      <\/div>\n    <\/div>\n  <\/div>\n      <div class=\"parallax-item-3 parallax-item\" data-speed=\".08\"><img decoding=\"async\" src=\"https:\/\/mypalmleaf.com\/wp-content\/uploads\/2024\/08\/parallax-item-3-4.png\" class=\"img-fluid\" alt=\"\"><\/div>\n  <\/section>\n\n<section class=\"photo-gallery my-5\">\n  <div class=\"container-xl\" data-aos=\"fade-up\" data-aos-duration=\"1000\">\n            <div class=\"row\">\n      <div class=\"col-lg-10 mx-auto\">\n        <div class=\"exibition\">\n          <ul>\n                                      <li data-aos=\"fade-up\" data-aos-duration=\"800\"><img decoding=\"async\" src=\"https:\/\/mypalmleaf.com\/wp-content\/uploads\/2024\/09\/affiliate-img-1-1.jpg\" alt=\"\"><\/li>\n                                        <li data-aos=\"fade-up\" data-aos-duration=\"1000\"><img decoding=\"async\" src=\"https:\/\/mypalmleaf.com\/wp-content\/uploads\/2024\/09\/affiliate-img-2.jpg\" alt=\"\"><\/li>\n                                        <li data-aos=\"fade-up\" data-aos-duration=\"1200\"><img decoding=\"async\" src=\"https:\/\/mypalmleaf.com\/wp-content\/uploads\/2024\/09\/affiliate-img-3.jpg\" alt=\"\"><\/li>\n                                        <li data-aos=\"fade-up\" data-aos-duration=\"1400\"><img decoding=\"async\" src=\"https:\/\/mypalmleaf.com\/wp-content\/uploads\/2024\/09\/affiliate-img-4.jpg\" alt=\"\"><\/li>\n                                    <\/ul>\n        <\/div>\n      <\/div>\n    <\/div>\n          <\/div>\n<\/section>\n\n<section class=\"affiliate\">\n  <div class=\"container-xl\">\n    <div class=\"row\">\n      <div class=\"col-lg-12\">\n        <h3 class=\"mb-4\">Cum func\u021bioneaz\u0103?<\/h3>\n        <div class=\"affiliate-cont\">\n          <ul>\n                          <li>\n                <div class=\"title\">1. <a href=\"https:\/\/mypalmleaf.com\/ro\/portal-afiliat\/\" class=\"btn btn-primary\">\u00censcrie\u021bi-v\u0103 aici<\/a> la programul nostru de afiliere.<\/div>\n                <div class=\"desc\"><\/div>\n              <\/li>\n                          <li>\n                <div class=\"title\">2. Ob\u021bine\u021bi link-ul dvs. personal \u00een tabloul de bord afiliat<\/div>\n                <div class=\"desc\"><p>Ve\u021bi g\u0103si link-ul dvs. de afiliat \u00een tabloul dvs. de bord pentru afilia\u021bi.  <\/p>\n<\/div>\n              <\/li>\n                          <li>\n                <div class=\"title\">3. Cum s\u0103 schimba\u021bi limba linkului dvs.?<\/div>\n                <div class=\"desc\">\n<p>\u00cen mod implicit, link-ul dvs. indic\u0103 \u00eentotdeauna pagina noastr\u0103 de pornire \u00een limba englez\u0103, de exemplu <strong> https:\/\/mypalmleaf.com\/?mpl=51 <\/strong> <\/p>\n<p>Dac\u0103 dori\u021bi s\u0103 comuta\u021bi la pagina de pornire german\u0103 (sau \u00een orice alt\u0103 limb\u0103),<strong> pute\u021bi ad\u0103uga doar \/de\/ after.com astfel \u00eenc\u00e2t s\u0103 fie <\/strong>https:\/\/mypalmleaf.com\/de\/?mpl=51  <\/p>\n<\/div>\n              <\/li>\n                          <li>\n                <div class=\"title\">4. Partaja\u021bi link-ul cu alte persoane  <\/div>\n                <div class=\"desc\"><p>Apoi pute\u021bi partaja link-ul cu al\u021bii. Atunci c\u00e2nd ace\u0219tia viziteaz\u0103 site-ul o dat\u0103 prin intermediul linkului dvs. afiliat, un cookie va fi plasat \u00een browserul lor. Dac\u0103 se \u00eentorc pe site c\u00e2teva s\u0103pt\u0103m\u00e2ni mai t\u00e2rziu, f\u0103r\u0103 s\u0103 treac\u0103 prin link-ul dvs., \u0219i apoi fac o rezervare, aceasta va fi considerat\u0103 \u00een continuare ca o recomandare pentru dvs.    <\/p>\n<\/div>\n              <\/li>\n                          <li>\n                <div class=\"title\">5. Ob\u021bine\u021bi recompens\u0103<\/div>\n                <div class=\"desc\"><p>Pentru fiecare rezervare recomandat\u0103 v\u0103 vom recompensa cu 30\u20ac.  <br \/>  Acesta va fi pl\u0103tit lunar \u00eentr-un cont bancar sau Paypal la alegerea dvs.  <\/p>\n<\/div>\n              <\/li>\n                          <li>\n                <div class=\"title\">6. Verifica\u021bi referin\u021bele dvs.<\/div>\n                <div class=\"desc\"><p>Pute\u021bi vedea \u00eentotdeauna num\u0103rul de referin\u021be \u0219i de vizite pe site \u00een tabloul de bord al afilierii dvs.  <\/p>\n<\/div>\n              <\/li>\n                          <li>\n                <div class=\"title\"><\/div>\n                <div class=\"desc\"><p><a href=\"https:\/\/mypalmleaf.com\/prices\/find-your-palm-leaf-and-read-the-general-chapter\/\" class=\"btn btn-primary\">G\u0103si\u021bi-mi frunza<\/a><\/p>\n<\/div>\n              <\/li>\n                      <\/ul>\n          <div class=\"btm-contact\"><div class=\"btm-contact\">Dac\u0103 ave\u021bi \u00eentreb\u0103ri cu privire la programul de afiliere, v\u0103 rug\u0103m s\u0103 ne scrie\u021bi la <a href=\"mailto:support@mypalmleaf.com\">support@mypalmleaf.com<\/a><\/div>\n<\/div>\n        <\/div>\n      <\/div>\n    <\/div>\n  <\/div>\n<\/section>","protected":false},"excerpt":{"rendered":"","protected":false},"author":1,"featured_media":0,"parent":0,"menu_order":0,"comment_status":"closed","ping_status":"closed","template":"","meta":{"_acf_changed":false,"footnotes":""},"class_list":["post-37124","page","type-page","status-publish","hentry"],"acf":[],"yoast_head":"<!-- This site is optimized with the Yoast SEO plugin v26.4 - https:\/\/yoast.com\/wordpress\/plugins\/seo\/ -->\n<title>Programul de afiliere - My Palm Leaf<\/title>\n<meta name=\"description\" content=\"Al\u0103tur\u0103-te programului nostru de afiliere \u0219i c\u00e2\u0219tig\u0103 comisioane prin promovarea lec\u021biilor sacre \u0219i a serviciilor de citire a frunzelor de palmier.\" \/>\n<meta name=\"robots\" content=\"index, follow, max-snippet:-1, max-image-preview:large, max-video-preview:-1\" \/>\n<link rel=\"canonical\" href=\"https:\/\/mypalmleaf.com\/affiliates-program\/\" \/>\n<meta property=\"og:locale\" content=\"ro_RO\" \/>\n<meta property=\"og:type\" content=\"article\" \/>\n<meta property=\"og:title\" content=\"Programul de afiliere - My Palm Leaf\" \/>\n<meta property=\"og:description\" content=\"Al\u0103tur\u0103-te programului nostru de afiliere \u0219i c\u00e2\u0219tig\u0103 comisioane prin promovarea lec\u021biilor sacre \u0219i a serviciilor de citire a frunzelor de palmier.\" \/>\n<meta property=\"og:url\" content=\"https:\/\/mypalmleaf.com\/affiliates-program\/\" \/>\n<meta property=\"og:site_name\" content=\"My Palm Leaf\" \/>\n<meta property=\"article:modified_time\" content=\"2025-04-28T12:00:08+00:00\" \/>\n<meta property=\"og:image\" content=\"https:\/\/mypalmleaf.com\/wp-content\/uploads\/2025\/08\/mpl-circle-logo.jpg\" \/>\n\t<meta property=\"og:image:width\" content=\"1200\" \/>\n\t<meta property=\"og:image:height\" content=\"1196\" \/>\n\t<meta property=\"og:image:type\" content=\"image\/jpeg\" \/>\n<meta name=\"twitter:card\" content=\"summary_large_image\" \/>\n<script type=\"application\/ld+json\" class=\"yoast-schema-graph\">{\"@context\":\"https:\/\/schema.org\",\"@graph\":[{\"@type\":\"WebPage\",\"@id\":\"https:\/\/mypalmleaf.com\/affiliates-program\/\",\"url\":\"https:\/\/mypalmleaf.com\/affiliates-program\/\",\"name\":\"Programul de afiliere - My Palm Leaf\",\"isPartOf\":{\"@id\":\"https:\/\/mypalmleaf.com\/#website\"},\"datePublished\":\"2024-08-28T03:20:58+00:00\",\"dateModified\":\"2025-04-28T12:00:08+00:00\",\"description\":\"Al\u0103tur\u0103-te programului nostru de afiliere \u0219i c\u00e2\u0219tig\u0103 comisioane prin promovarea lec\u021biilor sacre \u0219i a serviciilor de citire a frunzelor de palmier.\",\"breadcrumb\":{\"@id\":\"https:\/\/mypalmleaf.com\/affiliates-program\/#breadcrumb\"},\"inLanguage\":\"ro-RO\",\"potentialAction\":[{\"@type\":\"ReadAction\",\"target\":[\"https:\/\/mypalmleaf.com\/affiliates-program\/\"]}]},{\"@type\":\"BreadcrumbList\",\"@id\":\"https:\/\/mypalmleaf.com\/affiliates-program\/#breadcrumb\",\"itemListElement\":[{\"@type\":\"ListItem\",\"position\":1,\"name\":\"Home\",\"item\":\"https:\/\/mypalmleaf.com\/ro\/\"},{\"@type\":\"ListItem\",\"position\":2,\"name\":\"Programul de afiliere\"}]},{\"@type\":\"WebSite\",\"@id\":\"https:\/\/mypalmleaf.com\/#website\",\"url\":\"https:\/\/mypalmleaf.com\/\",\"name\":\"My Palm Leaf\",\"description\":\"\",\"potentialAction\":[{\"@type\":\"SearchAction\",\"target\":{\"@type\":\"EntryPoint\",\"urlTemplate\":\"https:\/\/mypalmleaf.com\/?s={search_term_string}\"},\"query-input\":{\"@type\":\"PropertyValueSpecification\",\"valueRequired\":true,\"valueName\":\"search_term_string\"}}],\"inLanguage\":\"ro-RO\"}]}<\/script>\n<!-- \/ Yoast SEO plugin. -->","yoast_head_json":{"title":"Programul de afiliere - My Palm Leaf","description":"Al\u0103tur\u0103-te programului nostru de afiliere \u0219i c\u00e2\u0219tig\u0103 comisioane prin promovarea lec\u021biilor sacre \u0219i a serviciilor de citire a frunzelor de palmier.","robots":{"index":"index","follow":"follow","max-snippet":"max-snippet:-1","max-image-preview":"max-image-preview:large","max-video-preview":"max-video-preview:-1"},"canonical":"https:\/\/mypalmleaf.com\/affiliates-program\/","og_locale":"ro_RO","og_type":"article","og_title":"Programul de afiliere - My Palm Leaf","og_description":"Al\u0103tur\u0103-te programului nostru de afiliere \u0219i c\u00e2\u0219tig\u0103 comisioane prin promovarea lec\u021biilor sacre \u0219i a serviciilor de citire a frunzelor de palmier.","og_url":"https:\/\/mypalmleaf.com\/affiliates-program\/","og_site_name":"My Palm Leaf","article_modified_time":"2025-04-28T12:00:08+00:00","og_image":[{"width":1200,"height":1196,"url":"https:\/\/mypalmleaf.com\/wp-content\/uploads\/2025\/08\/mpl-circle-logo.jpg","type":"image\/jpeg"}],"twitter_card":"summary_large_image","schema":{"@context":"https:\/\/schema.org","@graph":[{"@type":"WebPage","@id":"https:\/\/mypalmleaf.com\/affiliates-program\/","url":"https:\/\/mypalmleaf.com\/affiliates-program\/","name":"Programul de afiliere - My Palm Leaf","isPartOf":{"@id":"https:\/\/mypalmleaf.com\/#website"},"datePublished":"2024-08-28T03:20:58+00:00","dateModified":"2025-04-28T12:00:08+00:00","description":"Al\u0103tur\u0103-te programului nostru de afiliere \u0219i c\u00e2\u0219tig\u0103 comisioane prin promovarea lec\u021biilor sacre \u0219i a serviciilor de citire a frunzelor de palmier.","breadcrumb":{"@id":"https:\/\/mypalmleaf.com\/affiliates-program\/#breadcrumb"},"inLanguage":"ro-RO","potentialAction":[{"@type":"ReadAction","target":["https:\/\/mypalmleaf.com\/affiliates-program\/"]}]},{"@type":"BreadcrumbList","@id":"https:\/\/mypalmleaf.com\/affiliates-program\/#breadcrumb","itemListElement":[{"@type":"ListItem","position":1,"name":"Home","item":"https:\/\/mypalmleaf.com\/ro\/"},{"@type":"ListItem","position":2,"name":"Programul de afiliere"}]},{"@type":"WebSite","@id":"https:\/\/mypalmleaf.com\/#website","url":"https:\/\/mypalmleaf.com\/","name":"My Palm Leaf","description":"","potentialAction":[{"@type":"SearchAction","target":{"@type":"EntryPoint","urlTemplate":"https:\/\/mypalmleaf.com\/?s={search_term_string}"},"query-input":{"@type":"PropertyValueSpecification","valueRequired":true,"valueName":"search_term_string"}}],"inLanguage":"ro-RO"}]}},"_links":{"self":[{"href":"https:\/\/mypalmleaf.com\/ro\/wp-json\/wp\/v2\/pages\/37124","targetHints":{"allow":["GET"]}}],"collection":[{"href":"https:\/\/mypalmleaf.com\/ro\/wp-json\/wp\/v2\/pages"}],"about":[{"href":"https:\/\/mypalmleaf.com\/ro\/wp-json\/wp\/v2\/types\/page"}],"author":[{"embeddable":true,"href":"https:\/\/mypalmleaf.com\/ro\/wp-json\/wp\/v2\/users\/1"}],"replies":[{"embeddable":true,"href":"https:\/\/mypalmleaf.com\/ro\/wp-json\/wp\/v2\/comments?post=37124"}],"version-history":[{"count":0,"href":"https:\/\/mypalmleaf.com\/ro\/wp-json\/wp\/v2\/pages\/37124\/revisions"}],"wp:attachment":[{"href":"https:\/\/mypalmleaf.com\/ro\/wp-json\/wp\/v2\/media?parent=37124"}],"curies":[{"name":"wp","href":"https:\/\/api.w.org\/{rel}","templated":true}]}}