{"id":37161,"date":"2024-09-01T09:48:00","date_gmt":"2024-09-01T09:48:00","guid":{"rendered":"https:\/\/mypalmleaf.com\/donatii\/"},"modified":"2025-06-21T08:56:29","modified_gmt":"2025-06-21T08:56:29","slug":"donatii","status":"publish","type":"page","link":"https:\/\/mypalmleaf.com\/ro\/donatii\/","title":{"rendered":"Dona\u021bii"},"content":{"rendered":"\n<section class=\"spotlight-main small top-gap\">\n    <!-- <div class=\"slider-wrap\" data-flickity='{ \"cellAlign\": \"left\", \"contain\": true, \"wrapAround\": true, \"setGallerySize\": false }'> -->\n    <div class=\"slider-wrap\" data-flickity='{ \"cellAlign\": \"left\", \"contain\": true, \"wrapAround\": true, \"setGallerySize\": false  }'>\n            <div class=\"slides\">\n        <div class=\"content-wrap\">\n          <div class=\"image\">\n            <picture>\n              <source media=\"(max-width: 999px)\" srcset=\"https:\/\/mypalmleaf.com\/wp-content\/uploads\/2024\/09\/donation-spotlight-mobile.jpg\" \/>\n              <source media=\"(min-width: 1000px)\" srcset=\"https:\/\/mypalmleaf.com\/wp-content\/uploads\/2024\/09\/donation-spotlight-1.jpg\" \/>\n              <img decoding=\"async\" src=\"https:\/\/mypalmleaf.com\/wp-content\/uploads\/2024\/09\/donation-spotlight-1.jpg\" class=\"img-fluid\" alt=\"\" \/>\n            <\/picture>\n          <\/div>\n          <div class=\"content\">\n            <div data-aos=\"fade-up\" data-aos-duration=\"1000\">\n              <h2 class=\"\">Dona\u021bii<\/h2>\n                                 \n            <\/div>\n          <\/div>\n        <\/div>\n      <\/div>\n          <\/div>\n<\/section><section class=\"donation-bottom-block text-center\">\n  <div class=\"container-xl\">\n  <div class=\"row pt-5 donation-top-icon\">\n        <div class=\"col-lg-10 mx-auto\">\n        <ul>\n          <li class=\"text-lg-end\"><img decoding=\"async\" src=\"https:\/\/mypalmleaf.com\/wp-content\/uploads\/2024\/09\/donation-harmony-icon.png\" alt=\"\" class=\"img-fluid\"><\/li>\n          <li><h3>Dona\u021biile dumneavoastr\u0103 sunt apreciate<\/h3><\/li>\n          <li class=\"text-lg-start\"><img decoding=\"async\" src=\"https:\/\/mypalmleaf.com\/wp-content\/uploads\/2024\/09\/mpl-circle-logo.png\" alt=\"\" class=\"img-fluid\"><\/li>\n        <\/ul>\n      <\/div>\n      <\/div>\n    <div class=\"row\">\n      <div class=\"col-lg-10 my-5 mx-auto\">\n        <p>Mypalmleaf \u0219i ONG-ul nostru partener in Harmony with Nature e.V. sunt dedicate co-cre\u0103rii noii lumi, bazat\u0103 pe iubire, trezire \u0219i valori adev\u0103rate.<\/p>\n<p>Suntem mici p\u0103r\u021bi ale uria\u0219ei re\u021bele globale de proiecte \u0219i persoane care se dedic\u0103 realiz\u0103rii acestui vis colectiv.<\/p>\n<p>Dona\u021biile dumneavoastr\u0103 ne ajut\u0103 s\u0103 ne dedic\u0103m acestei activit\u0103\u021bi.<\/p>\n<p>Credem c\u0103 aceast\u0103 munc\u0103 este esen\u021bial\u0103 pentru crearea unei lumi bazate pe iubire, trezire \u0219i valori adev\u0103rate. V\u0103 rug\u0103m s\u0103 face\u021bi dona\u021bii organiza\u021biei noastre partenere In Harmony with Nature, care le va distribui \u00eentre cititorii de frunze de palmier, traduc\u0103tori \u0219i va crea proiecte pentru construirea noii lumi. <\/p>\n<p>Prin parteneriatul nostru, ne str\u0103duim s\u0103 promov\u0103m un mod de via\u021b\u0103 durabil, s\u0103 protej\u0103m \u0219i s\u0103 regener\u0103m mediul natural, s\u0103 sprijinim comunit\u0103\u021bile locale \u0219i s\u0103 r\u0103sp\u00e2ndim con\u0219tientizarea cu privire la interconectarea tuturor vie\u021bilor.<\/p>\n<p>Suntem recunosc\u0103tori pentru sprijinul donatorilor no\u0219tri, ale c\u0103ror contribu\u021bii ne permit s\u0103 continu\u0103m aceast\u0103 activitate important\u0103. Dona\u021biile dumneavoastr\u0103 ne ajut\u0103 s\u0103 ne finan\u021b\u0103m proiectele \u0219i ini\u021biativele, s\u0103 ajungem la mai mul\u021bi oameni cu mesajul nostru \u0219i s\u0103 avem un impact pozitiv \u00een lume. <\/p>\n\n        <a href=\"https:\/\/spenden.twingle.de\/in-harmony-with-nature-e-v\/in-harmony-with-nature-e-v-en-kopie\/tw643cd4fb53874\/page\"  target=\"_blank\" class=\"btn btn-primary btn-lg mt-4\">Dona\u021bi pentru \u00eemp\u0103rt\u0103\u0219irea \u00een\u021belepciunii Rishis<\/a>\n      <\/div>\n    <\/div>\n  <\/div>\n<\/section><section class=\"donation-top-block text-center\">\n  <div class=\"container-xl\">\n    <div class=\"row\">\n      <div class=\"col-lg-8 mx-auto my-5 text-center\">\n        <div class=\"col-lg-12 text-center\">\n          <div class=\"video-place-holder my-4\">\n            <div class=\"heading mb-3\">V\u0103 prezent\u0103m In Harmony with Nature | Organiza\u021bia partener\u0103 a Mypalmleaf<\/div>\n            <div class=\"video rounded-asset\">\n              <img decoding=\"async\" src=\"https:\/\/mypalmleaf.com\/wp-content\/uploads\/2024\/09\/donation-video-thumb.png\" class=\"img-fluid\" alt=\"\"><div class=\"play-icon\"><\/div>\n              <a href=\"https:\/\/www.youtube.com\/watch?v=IyDUBCgcutc\" class=\"stretched-link\" data-lity><\/a>\n            <\/div>\n          <\/div>\n          <a href=\"https:\/\/spenden.twingle.de\/in-harmony-with-nature-e-v\/in-harmony-with-nature-e-v-en-kopie\/tw643cd4fb53874\/page\" target=\"_blank\" class=\"btn btn-primary btn-lg my-2\">Dona\u021bi pentru \u00eemp\u0103rt\u0103\u0219irea \u00een\u021belepciunii Rishis<\/a>\n        <\/div>\n      <\/div>\n    <\/div>\n  <\/div>\n<\/section>\n<div class=\"container my-5\">\n  <div class=\"row\">\n    <!-- First Column -->\n    <div class=\"col-md-6 mb-4\">\n      <div class=\"video-place-holder my-4\">\n          \n            <div class=\"video rounded-asset\">\n              <img decoding=\"async\" src=\"\/wp-content\/uploads\/2025\/06\/bali-donation-video-thumb.jpg\" class=\"img-fluid\" alt=\"\"\/><div class=\"play-icon\"><\/div>\n              <a href=\"https:\/\/youtube.com\/watch?v=CZg0nTW-ZNc\" class=\"stretched-link\" data-lity=\"\"><\/a>\n            <\/div>\n  <div class=\"heading my-3\">Cum ajut\u0103 citirile dvs. din frunze de palmier la transformarea vie\u021bilor: Sprijinirea Casei de copii Ananda Seva Dharma\n<\/div>\n          <\/div>\n    <\/div>\n\n    <!-- Second Column -->\n    <div class=\"col-md-6 mb-4\">\n      <div class=\"video-place-holder my-4\">\n            <div class=\"video rounded-asset\">\n              <img decoding=\"async\" src=\"\/wp-content\/uploads\/2025\/06\/india-donation-video-thumb.jpg\" class=\"img-fluid\" alt=\"\"\/><div class=\"play-icon\"><\/div>\n              <a href=\"https:\/\/www.youtube.com\/watch?v=OPTRiyZWTa0\" class=\"stretched-link\" data-lity=\"\"><\/a>\n            <\/div>\n            <div class=\"heading my-3\">20.000 de mese donate &#8211; V\u0103 mul\u021bumim! | C\u0103l\u0103toria noastr\u0103 la Templul Navagraha <\/div>\n\n          <\/div>\n    <\/div>\n  <\/div>\n<\/div>\n\n","protected":false},"excerpt":{"rendered":"<p>Cum ajut\u0103 citirile dvs. din frunze de palmier la transformarea vie\u021bilor: Sprijinirea Casei de copii Ananda Seva Dharma 20.000 de mese donate &#8211; V\u0103 mul\u021bumim! | C\u0103l\u0103toria noastr\u0103 la Templul Navagraha<\/p>\n","protected":false},"author":1,"featured_media":0,"parent":0,"menu_order":0,"comment_status":"closed","ping_status":"closed","template":"","meta":{"_acf_changed":false,"footnotes":""},"class_list":["post-37161","page","type-page","status-publish","hentry"],"acf":[],"yoast_head":"<!-- This site is optimized with the Yoast SEO plugin v26.4 - https:\/\/yoast.com\/wordpress\/plugins\/seo\/ -->\n<title>Dona\u021bii - My Palm Leaf<\/title>\n<meta name=\"description\" content=\"Sprijini\u021bi tradi\u021bia citirii frunzelor de palmier prin dona\u021bii. Contribu\u021bia dvs. ajut\u0103 la p\u0103strarea acestei practici sacre \u0219i la sus\u021binerea comunit\u0103\u021bii.\" \/>\n<meta name=\"robots\" content=\"index, follow, max-snippet:-1, max-image-preview:large, max-video-preview:-1\" \/>\n<link rel=\"canonical\" href=\"https:\/\/mypalmleaf.com\/ro\/donatii\/\" \/>\n<meta property=\"og:locale\" content=\"ro_RO\" \/>\n<meta property=\"og:type\" content=\"article\" \/>\n<meta property=\"og:title\" content=\"Dona\u021bii - My Palm Leaf\" \/>\n<meta property=\"og:description\" content=\"Sprijini\u021bi tradi\u021bia citirii frunzelor de palmier prin dona\u021bii. Contribu\u021bia dvs. ajut\u0103 la p\u0103strarea acestei practici sacre \u0219i la sus\u021binerea comunit\u0103\u021bii.\" \/>\n<meta property=\"og:url\" content=\"https:\/\/mypalmleaf.com\/ro\/donatii\/\" \/>\n<meta property=\"og:site_name\" content=\"My Palm Leaf\" \/>\n<meta property=\"article:modified_time\" content=\"2025-06-21T08:56:29+00:00\" \/>\n<meta property=\"og:image\" content=\"https:\/\/mypalmleaf.com\/wp-content\/uploads\/2025\/08\/mpl-circle-logo.jpg\" \/>\n\t<meta property=\"og:image:width\" content=\"1200\" \/>\n\t<meta property=\"og:image:height\" content=\"1196\" \/>\n\t<meta property=\"og:image:type\" content=\"image\/jpeg\" \/>\n<meta name=\"twitter:card\" content=\"summary_large_image\" \/>\n<script type=\"application\/ld+json\" class=\"yoast-schema-graph\">{\"@context\":\"https:\/\/schema.org\",\"@graph\":[{\"@type\":\"WebPage\",\"@id\":\"https:\/\/mypalmleaf.com\/ro\/donatii\/\",\"url\":\"https:\/\/mypalmleaf.com\/ro\/donatii\/\",\"name\":\"Dona\u021bii - My Palm Leaf\",\"isPartOf\":{\"@id\":\"https:\/\/mypalmleaf.com\/#website\"},\"datePublished\":\"2024-09-01T09:48:00+00:00\",\"dateModified\":\"2025-06-21T08:56:29+00:00\",\"description\":\"Sprijini\u021bi tradi\u021bia citirii frunzelor de palmier prin dona\u021bii. Contribu\u021bia dvs. ajut\u0103 la p\u0103strarea acestei practici sacre \u0219i la sus\u021binerea comunit\u0103\u021bii.\",\"breadcrumb\":{\"@id\":\"https:\/\/mypalmleaf.com\/ro\/donatii\/#breadcrumb\"},\"inLanguage\":\"ro-RO\",\"potentialAction\":[{\"@type\":\"ReadAction\",\"target\":[\"https:\/\/mypalmleaf.com\/ro\/donatii\/\"]}]},{\"@type\":\"BreadcrumbList\",\"@id\":\"https:\/\/mypalmleaf.com\/ro\/donatii\/#breadcrumb\",\"itemListElement\":[{\"@type\":\"ListItem\",\"position\":1,\"name\":\"Home\",\"item\":\"https:\/\/mypalmleaf.com\/ro\/\"},{\"@type\":\"ListItem\",\"position\":2,\"name\":\"Dona\u021bii\"}]},{\"@type\":\"WebSite\",\"@id\":\"https:\/\/mypalmleaf.com\/#website\",\"url\":\"https:\/\/mypalmleaf.com\/\",\"name\":\"My Palm Leaf\",\"description\":\"\",\"potentialAction\":[{\"@type\":\"SearchAction\",\"target\":{\"@type\":\"EntryPoint\",\"urlTemplate\":\"https:\/\/mypalmleaf.com\/?s={search_term_string}\"},\"query-input\":{\"@type\":\"PropertyValueSpecification\",\"valueRequired\":true,\"valueName\":\"search_term_string\"}}],\"inLanguage\":\"ro-RO\"}]}<\/script>\n<!-- \/ Yoast SEO plugin. -->","yoast_head_json":{"title":"Dona\u021bii - My Palm Leaf","description":"Sprijini\u021bi tradi\u021bia citirii frunzelor de palmier prin dona\u021bii. Contribu\u021bia dvs. ajut\u0103 la p\u0103strarea acestei practici sacre \u0219i la sus\u021binerea comunit\u0103\u021bii.","robots":{"index":"index","follow":"follow","max-snippet":"max-snippet:-1","max-image-preview":"max-image-preview:large","max-video-preview":"max-video-preview:-1"},"canonical":"https:\/\/mypalmleaf.com\/ro\/donatii\/","og_locale":"ro_RO","og_type":"article","og_title":"Dona\u021bii - My Palm Leaf","og_description":"Sprijini\u021bi tradi\u021bia citirii frunzelor de palmier prin dona\u021bii. Contribu\u021bia dvs. ajut\u0103 la p\u0103strarea acestei practici sacre \u0219i la sus\u021binerea comunit\u0103\u021bii.","og_url":"https:\/\/mypalmleaf.com\/ro\/donatii\/","og_site_name":"My Palm Leaf","article_modified_time":"2025-06-21T08:56:29+00:00","og_image":[{"width":1200,"height":1196,"url":"https:\/\/mypalmleaf.com\/wp-content\/uploads\/2025\/08\/mpl-circle-logo.jpg","type":"image\/jpeg"}],"twitter_card":"summary_large_image","schema":{"@context":"https:\/\/schema.org","@graph":[{"@type":"WebPage","@id":"https:\/\/mypalmleaf.com\/ro\/donatii\/","url":"https:\/\/mypalmleaf.com\/ro\/donatii\/","name":"Dona\u021bii - My Palm Leaf","isPartOf":{"@id":"https:\/\/mypalmleaf.com\/#website"},"datePublished":"2024-09-01T09:48:00+00:00","dateModified":"2025-06-21T08:56:29+00:00","description":"Sprijini\u021bi tradi\u021bia citirii frunzelor de palmier prin dona\u021bii. Contribu\u021bia dvs. ajut\u0103 la p\u0103strarea acestei practici sacre \u0219i la sus\u021binerea comunit\u0103\u021bii.","breadcrumb":{"@id":"https:\/\/mypalmleaf.com\/ro\/donatii\/#breadcrumb"},"inLanguage":"ro-RO","potentialAction":[{"@type":"ReadAction","target":["https:\/\/mypalmleaf.com\/ro\/donatii\/"]}]},{"@type":"BreadcrumbList","@id":"https:\/\/mypalmleaf.com\/ro\/donatii\/#breadcrumb","itemListElement":[{"@type":"ListItem","position":1,"name":"Home","item":"https:\/\/mypalmleaf.com\/ro\/"},{"@type":"ListItem","position":2,"name":"Dona\u021bii"}]},{"@type":"WebSite","@id":"https:\/\/mypalmleaf.com\/#website","url":"https:\/\/mypalmleaf.com\/","name":"My Palm Leaf","description":"","potentialAction":[{"@type":"SearchAction","target":{"@type":"EntryPoint","urlTemplate":"https:\/\/mypalmleaf.com\/?s={search_term_string}"},"query-input":{"@type":"PropertyValueSpecification","valueRequired":true,"valueName":"search_term_string"}}],"inLanguage":"ro-RO"}]}},"_links":{"self":[{"href":"https:\/\/mypalmleaf.com\/ro\/wp-json\/wp\/v2\/pages\/37161","targetHints":{"allow":["GET"]}}],"collection":[{"href":"https:\/\/mypalmleaf.com\/ro\/wp-json\/wp\/v2\/pages"}],"about":[{"href":"https:\/\/mypalmleaf.com\/ro\/wp-json\/wp\/v2\/types\/page"}],"author":[{"embeddable":true,"href":"https:\/\/mypalmleaf.com\/ro\/wp-json\/wp\/v2\/users\/1"}],"replies":[{"embeddable":true,"href":"https:\/\/mypalmleaf.com\/ro\/wp-json\/wp\/v2\/comments?post=37161"}],"version-history":[{"count":0,"href":"https:\/\/mypalmleaf.com\/ro\/wp-json\/wp\/v2\/pages\/37161\/revisions"}],"wp:attachment":[{"href":"https:\/\/mypalmleaf.com\/ro\/wp-json\/wp\/v2\/media?parent=37161"}],"curies":[{"name":"wp","href":"https:\/\/api.w.org\/{rel}","templated":true}]}}