
{"id":45217,"date":"2024-10-26T17:42:47","date_gmt":"2024-10-26T17:42:47","guid":{"rendered":"https:\/\/mypalmleaf.com\/manager-de-afiliere-si-parteneriate\/"},"modified":"2025-04-28T13:00:40","modified_gmt":"2025-04-28T13:00:40","slug":"manager-de-afiliere-si-parteneriate","status":"publish","type":"page","link":"https:\/\/mypalmleaf.com\/ro\/manager-de-afiliere-si-parteneriate\/","title":{"rendered":"Manager de afiliere \u0219i parteneriate"},"content":{"rendered":"\n<section class=\"spotlight-main small top-gap\">\n    <!-- <div class=\"slider-wrap\" data-flickity='{ \"cellAlign\": \"left\", \"contain\": true, \"wrapAround\": true, \"setGallerySize\": false }'> -->\n    <div class=\"slider-wrap\" data-flickity='{ \"cellAlign\": \"left\", \"contain\": true, \"wrapAround\": true, \"setGallerySize\": false  }'>\n            <div class=\"slides\">\n        <div class=\"content-wrap\">\n          <div class=\"image\">\n            <picture>\n              <source media=\"(max-width: 999px)\" srcset=\"https:\/\/mypalmleaf.com\/wp-content\/uploads\/2024\/09\/join-us-spotlight-new-mob.jpg\" \/>\n              <source media=\"(min-width: 1000px)\" srcset=\"https:\/\/mypalmleaf.com\/wp-content\/uploads\/2024\/09\/join-us-spotlight-new.jpg\" \/>\n              <img decoding=\"async\" src=\"https:\/\/mypalmleaf.com\/wp-content\/uploads\/2024\/09\/join-us-spotlight-new.jpg\" class=\"img-fluid\" alt=\"\" \/>\n            <\/picture>\n          <\/div>\n          <div class=\"content\">\n            <div data-aos=\"fade-up\" data-aos-duration=\"1000\">\n              <h2 class=\"\">Manager de afiliere \u0219i parteneriat<\/h2>\n                                 \n            <\/div>\n          <\/div>\n        <\/div>\n      <\/div>\n          <\/div>\n<\/section><section class=\"join-us-block my-6 position-relative\">\n  <div class=\"container-xl\">\n    <div class=\"row mb-4 justify-content-center\">\n      <div class=\"col-lg-10 text-center\" data-aos=\"fade-up\" data-aos-duration=\"1000\">\n        <p>MyPalmLeaf este \u00een c\u0103utarea unui manager de afiliere \u0219i parteneriat (APM) pasionat \u0219i foarte motivat, care s\u0103 consolideze parteneriatele existente \u0219i s\u0103 creeze noi conexiuni, \u00eemp\u0103rt\u0103\u0219ind lumii \u00een\u021belepciunea str\u0103veche a citirii frunzelor de palmier.<\/p>\n      <\/div>\n    <\/div>\n    <div class=\"row my-5 justify-content-between\" data-aos=\"fade-up\" data-aos-duration=\"1000\">\n          <\/div>\n  <\/div>\n  <\/section><section class=\"tabs-wrapper my-6 mt-0\">\n  <div class=\"container-xl\">\n    <div class=\"row\">\n      <div class=\"tabs-container\" data-aos=\"fade-up\" data-aos-duration=\"1000\">\n        <ul class=\"tabs\">\n                                <li class=\"tab-button active\" data-target=\"tab1\">Ce a\u0219tept\u0103m de la dvs.<\/li>\n                                  <li class=\"tab-button active\" data-target=\"tab2\">Obiectivele APM<\/li>\n                                  <li class=\"tab-button active\" data-target=\"tab3\">Cum arat\u0103 rolul dumneavoastr\u0103?<\/li>\n                                  <li class=\"tab-button active\" data-target=\"tab4\">Ce oferim<\/li>\n                              <\/ul>\n        <div class=\"tab-content\">\n                                <div id=\"tab1\" class=\"tab-pane active\">\n              <ul>\n<li><strong>Alinierea cu misiunea noastr\u0103:<\/strong> Sunte\u021bi profund conectat cu scopul MyPalmLeaf de a \u00eemp\u0103rt\u0103\u0219i lecturi care transform\u0103 via\u021ba la nivel global.<\/li>\n<li><strong>Fluen\u021b\u0103 \u00een englez\u0103 \u0219i german\u0103:<\/strong> comunica\u021bi clar \u0219i eficient \u00een ambele limbi.<\/li>\n<li><strong>Spirit de echip\u0103:<\/strong> \u00ce\u021bi place s\u0103 faci parte dintr-o echip\u0103 solidar\u0103 \u0219i orientat\u0103 c\u0103tre misiune, s\u0103 te dezvol\u021bi \u00eentr-un mediu \u00een care colaborarea \u0219i sprijinul reciproc sunt esen\u021biale.<\/li>\n<li><strong>Integritate:<\/strong> Conduci prin exemplu, respect\u00e2ndu-\u021bi \u00eentotdeauna cuv\u00e2ntul dat.<\/li>\n<li><strong>E\u0219ti autodidact:<\/strong> Ave\u021bi capacitatea de a lucra independent, av\u00e2nd ini\u021biativa de a dezvolta \u0219i conduce proiecte, fiind \u00een acela\u0219i timp un juc\u0103tor de echip\u0103 puternic, cu abilit\u0103\u021bi de conducere emergente.\n<\/li>\n<li><strong>Angajament de nezdruncinat:<\/strong> Depui un efort de 150%, d\u00e2nd dovad\u0103 de perseveren\u021b\u0103 \u0219i dedica\u021bie \u00een tot ceea ce faci.<\/li>\n<li><strong>\u00cenv\u0103\u021b\u0103tor permanent:<\/strong> Sunte\u021bi angajat \u00eentr-o continu\u0103 dezvoltare personal\u0103 \u0219i profesional\u0103.<\/li>\n<\/ul>\n            <\/div>\n                                  <div id=\"tab2\" class=\"tab-pane active\">\n              <p>Scopul dvs. principal va fi s\u0103 crea\u021bi <strong>parteneriate reciproc avantajoase<\/strong> cu organiza\u021bii \u0219i persoane care corespund misiunii MyPalmLeaf. Eforturile dvs. vor viza: <\/p>\n<ul>\n<li>Cre\u0219terea num\u0103rului de rezerv\u0103ri pentru citirea frunzelor de palmier.<\/li>\n<li>Cre\u0219terea notoriet\u0103\u021bii brandului MyPalmLeaf la nivel global.<\/li>\n<\/ul>\n            <\/div>\n                                  <div id=\"tab3\" class=\"tab-pane active\">\n              <p>\u00cen calitate de APM, ve\u021bi:<\/p>\n<ul>\n<li>Contacta\u021bi \u00een mod activ poten\u021biali parteneri, at\u00e2t persoane fizice, c\u00e2t \u0219i organiza\u021bii, pentru a cultiva parteneriate reciproc avantajoase.<\/li>\n<li>Dezvoltarea \u0219i gestionarea programului de afiliere MyPalmLeaf.<\/li>\n<li>Colaborarea cu agen\u021biile de influen\u021bare pentru a ne extinde prezen\u021ba \u00een limbile german\u0103, englez\u0103, japonez\u0103, chinez\u0103 \u0219i pe pie\u021bele emergente.<\/li>\n<\/ul>\n            <\/div>\n                                  <div id=\"tab4\" class=\"tab-pane active\">\n              <p>V\u0103 vom trimite o explica\u021bie detaliat\u0103 privind plata dup\u0103 primirea cererii dumneavoastr\u0103.<\/p>\n<ul>\n<li><strong>O misiune cu scop:<\/strong> Fi\u021bi parte a unei misiuni spirituale, semnificative, dedicat\u0103 beneficiului lumii.<\/li>\n<li>Mediu de echip\u0103 suportiv: Al\u0103tura\u021bi-v\u0103 unei echipe pasionate care v\u0103 \u00eencurajeaz\u0103 dezvoltarea personal\u0103 \u0219i profesional\u0103.<\/li>\n<li>Flexibilitate: Bucura\u021bi-v\u0103 de un rol flexibil, independent de loca\u021bie, cu oportunit\u0103\u021bi de co-creare \u00een cadrul unei organiza\u021bii spirituale \u00een cre\u0219tere rapid\u0103.<\/li>\n<li>Compensa\u021bie competitiv\u0103: Primi\u021bi un pachet competitiv care include salariul de baz\u0103 plus bonusuri bazate pe performan\u021b\u0103.<\/li>\n<\/ul>\n            <\/div>\n                              <\/div>\n      <\/div>\n    <\/div>\n  <\/div>\n<\/section><section class=\"how-to-apply my-6 mt-0\">\n  <div class=\"container-xl\">\n    <div class=\"row\">\n      <div class=\"col-lg-10 mx-auto\" >\n        <div class=\"dual-col \">\n          <div class=\"title\">\n            <img decoding=\"async\" src=\"https:\/\/mypalmleaf.com\/wp-content\/uploads\/2024\/08\/title-bg.png\" alt=\"\" class=\"img-fluid\">\n            <div class=\"text\">Cum s\u0103 aplica\u021bi<\/div>\n          <\/div>\n          <div class=\"desc\">\n            <p>Pentru a aplica, trebuie doar s\u0103 \u00eenregistra\u021bi un videoclip de 1-4 minute \u00een care s\u0103 v\u0103 prezenta\u021bi. \u00cen videoclipul dvs., spune\u021bi-ne: <\/p>\n<ul>\n<li>1) Un pic despre tine.<\/li>\n<li>2) De ce dori\u021bi s\u0103 face\u021bi parte din MyPalmLeaf.<\/li>\n<li>3) De ce crede\u021bi c\u0103 sunte\u021bi candidatul ideal pentru acest rol.<\/li>\n<\/ul>\n<p>Trimite\u021bi videoclipul dvs. la <a href=\"mailto:info@mypalmleaf.com\">info@mypalmleaf.com.<\/a> Aceasta este singura modalitate de a aplica. V\u0103 rug\u0103m s\u0103 re\u021bine\u021bi c\u0103 nu vom r\u0103spunde solicit\u0103rilor de &#8222;informa\u021bii suplimentare&#8221; sau de CV-uri, deoarece c\u0103ut\u0103m persoane proactive care sunt gata s\u0103 treac\u0103 la ac\u021biune. Arat\u0103-ne energia \u0219i entuziasmul t\u0103u prin videoclipul t\u0103u! <\/p>\n<div class=\"btm-contact\">Suntem ner\u0103bd\u0103tori s\u0103 primim ve\u0219ti de la dumneavoastr\u0103!<\/div>\n          <\/div>\n        <\/div>\n      <\/div>\n    <\/div>\n  <\/div>\n<\/section>","protected":false},"excerpt":{"rendered":"","protected":false},"author":1,"featured_media":0,"parent":0,"menu_order":0,"comment_status":"closed","ping_status":"closed","template":"","meta":{"_acf_changed":false,"footnotes":""},"class_list":["post-45217","page","type-page","status-publish","hentry"],"acf":[],"yoast_head":"<!-- This site is optimized with the Yoast SEO plugin v26.4 - https:\/\/yoast.com\/wordpress\/plugins\/seo\/ -->\n<title>Manager de afiliere \u0219i parteneriate - My Palm Leaf<\/title>\n<meta name=\"description\" content=\"Al\u0103tur\u0103-te programului nostru de afiliere! Colaboreaz\u0103 cu MyPalmLeaf pentru a promova \u00een\u021belepciunea frunzelor sacre \u00een \u00eentreaga lume.\" \/>\n<meta name=\"robots\" content=\"index, follow, max-snippet:-1, max-image-preview:large, max-video-preview:-1\" \/>\n<link rel=\"canonical\" href=\"https:\/\/mypalmleaf.com\/affiliate_and_parterships_manager\/\" \/>\n<meta property=\"og:locale\" content=\"ro_RO\" \/>\n<meta property=\"og:type\" content=\"article\" \/>\n<meta property=\"og:title\" content=\"Manager de afiliere \u0219i parteneriate - My Palm Leaf\" \/>\n<meta property=\"og:description\" content=\"Al\u0103tur\u0103-te programului nostru de afiliere! Colaboreaz\u0103 cu MyPalmLeaf pentru a promova \u00een\u021belepciunea frunzelor sacre \u00een \u00eentreaga lume.\" \/>\n<meta property=\"og:url\" content=\"https:\/\/mypalmleaf.com\/affiliate_and_parterships_manager\/\" \/>\n<meta property=\"og:site_name\" content=\"My Palm Leaf\" \/>\n<meta property=\"article:modified_time\" content=\"2025-04-28T13:00:40+00:00\" \/>\n<meta property=\"og:image\" content=\"https:\/\/mypalmleaf.com\/wp-content\/uploads\/2025\/08\/mpl-circle-logo.jpg\" \/>\n\t<meta property=\"og:image:width\" content=\"1200\" \/>\n\t<meta property=\"og:image:height\" content=\"1196\" \/>\n\t<meta property=\"og:image:type\" content=\"image\/jpeg\" \/>\n<meta name=\"twitter:card\" content=\"summary_large_image\" \/>\n<script type=\"application\/ld+json\" class=\"yoast-schema-graph\">{\"@context\":\"https:\/\/schema.org\",\"@graph\":[{\"@type\":\"WebPage\",\"@id\":\"https:\/\/mypalmleaf.com\/affiliate_and_parterships_manager\/\",\"url\":\"https:\/\/mypalmleaf.com\/affiliate_and_parterships_manager\/\",\"name\":\"Manager de afiliere \u0219i parteneriate - My Palm Leaf\",\"isPartOf\":{\"@id\":\"https:\/\/mypalmleaf.com\/#website\"},\"datePublished\":\"2024-10-26T17:42:47+00:00\",\"dateModified\":\"2025-04-28T13:00:40+00:00\",\"description\":\"Al\u0103tur\u0103-te programului nostru de afiliere! Colaboreaz\u0103 cu MyPalmLeaf pentru a promova \u00een\u021belepciunea frunzelor sacre \u00een \u00eentreaga lume.\",\"breadcrumb\":{\"@id\":\"https:\/\/mypalmleaf.com\/affiliate_and_parterships_manager\/#breadcrumb\"},\"inLanguage\":\"ro-RO\",\"potentialAction\":[{\"@type\":\"ReadAction\",\"target\":[\"https:\/\/mypalmleaf.com\/affiliate_and_parterships_manager\/\"]}]},{\"@type\":\"BreadcrumbList\",\"@id\":\"https:\/\/mypalmleaf.com\/affiliate_and_parterships_manager\/#breadcrumb\",\"itemListElement\":[{\"@type\":\"ListItem\",\"position\":1,\"name\":\"Home\",\"item\":\"https:\/\/mypalmleaf.com\/ro\/\"},{\"@type\":\"ListItem\",\"position\":2,\"name\":\"Manager de afiliere \u0219i parteneriate\"}]},{\"@type\":\"WebSite\",\"@id\":\"https:\/\/mypalmleaf.com\/#website\",\"url\":\"https:\/\/mypalmleaf.com\/\",\"name\":\"My Palm Leaf\",\"description\":\"\",\"potentialAction\":[{\"@type\":\"SearchAction\",\"target\":{\"@type\":\"EntryPoint\",\"urlTemplate\":\"https:\/\/mypalmleaf.com\/?s={search_term_string}\"},\"query-input\":{\"@type\":\"PropertyValueSpecification\",\"valueRequired\":true,\"valueName\":\"search_term_string\"}}],\"inLanguage\":\"ro-RO\"}]}<\/script>\n<!-- \/ Yoast SEO plugin. -->","yoast_head_json":{"title":"Manager de afiliere \u0219i parteneriate - My Palm Leaf","description":"Al\u0103tur\u0103-te programului nostru de afiliere! Colaboreaz\u0103 cu MyPalmLeaf pentru a promova \u00een\u021belepciunea frunzelor sacre \u00een \u00eentreaga lume.","robots":{"index":"index","follow":"follow","max-snippet":"max-snippet:-1","max-image-preview":"max-image-preview:large","max-video-preview":"max-video-preview:-1"},"canonical":"https:\/\/mypalmleaf.com\/affiliate_and_parterships_manager\/","og_locale":"ro_RO","og_type":"article","og_title":"Manager de afiliere \u0219i parteneriate - My Palm Leaf","og_description":"Al\u0103tur\u0103-te programului nostru de afiliere! Colaboreaz\u0103 cu MyPalmLeaf pentru a promova \u00een\u021belepciunea frunzelor sacre \u00een \u00eentreaga lume.","og_url":"https:\/\/mypalmleaf.com\/affiliate_and_parterships_manager\/","og_site_name":"My Palm Leaf","article_modified_time":"2025-04-28T13:00:40+00:00","og_image":[{"width":1200,"height":1196,"url":"https:\/\/mypalmleaf.com\/wp-content\/uploads\/2025\/08\/mpl-circle-logo.jpg","type":"image\/jpeg"}],"twitter_card":"summary_large_image","schema":{"@context":"https:\/\/schema.org","@graph":[{"@type":"WebPage","@id":"https:\/\/mypalmleaf.com\/affiliate_and_parterships_manager\/","url":"https:\/\/mypalmleaf.com\/affiliate_and_parterships_manager\/","name":"Manager de afiliere \u0219i parteneriate - My Palm Leaf","isPartOf":{"@id":"https:\/\/mypalmleaf.com\/#website"},"datePublished":"2024-10-26T17:42:47+00:00","dateModified":"2025-04-28T13:00:40+00:00","description":"Al\u0103tur\u0103-te programului nostru de afiliere! Colaboreaz\u0103 cu MyPalmLeaf pentru a promova \u00een\u021belepciunea frunzelor sacre \u00een \u00eentreaga lume.","breadcrumb":{"@id":"https:\/\/mypalmleaf.com\/affiliate_and_parterships_manager\/#breadcrumb"},"inLanguage":"ro-RO","potentialAction":[{"@type":"ReadAction","target":["https:\/\/mypalmleaf.com\/affiliate_and_parterships_manager\/"]}]},{"@type":"BreadcrumbList","@id":"https:\/\/mypalmleaf.com\/affiliate_and_parterships_manager\/#breadcrumb","itemListElement":[{"@type":"ListItem","position":1,"name":"Home","item":"https:\/\/mypalmleaf.com\/ro\/"},{"@type":"ListItem","position":2,"name":"Manager de afiliere \u0219i parteneriate"}]},{"@type":"WebSite","@id":"https:\/\/mypalmleaf.com\/#website","url":"https:\/\/mypalmleaf.com\/","name":"My Palm Leaf","description":"","potentialAction":[{"@type":"SearchAction","target":{"@type":"EntryPoint","urlTemplate":"https:\/\/mypalmleaf.com\/?s={search_term_string}"},"query-input":{"@type":"PropertyValueSpecification","valueRequired":true,"valueName":"search_term_string"}}],"inLanguage":"ro-RO"}]}},"_links":{"self":[{"href":"https:\/\/mypalmleaf.com\/ro\/wp-json\/wp\/v2\/pages\/45217","targetHints":{"allow":["GET"]}}],"collection":[{"href":"https:\/\/mypalmleaf.com\/ro\/wp-json\/wp\/v2\/pages"}],"about":[{"href":"https:\/\/mypalmleaf.com\/ro\/wp-json\/wp\/v2\/types\/page"}],"author":[{"embeddable":true,"href":"https:\/\/mypalmleaf.com\/ro\/wp-json\/wp\/v2\/users\/1"}],"replies":[{"embeddable":true,"href":"https:\/\/mypalmleaf.com\/ro\/wp-json\/wp\/v2\/comments?post=45217"}],"version-history":[{"count":0,"href":"https:\/\/mypalmleaf.com\/ro\/wp-json\/wp\/v2\/pages\/45217\/revisions"}],"wp:attachment":[{"href":"https:\/\/mypalmleaf.com\/ro\/wp-json\/wp\/v2\/media?parent=45217"}],"curies":[{"name":"wp","href":"https:\/\/api.w.org\/{rel}","templated":true}]}}