
{"id":45469,"date":"2024-11-10T05:53:12","date_gmt":"2024-11-10T05:53:12","guid":{"rendered":"https:\/\/mypalmleaf.com\/homa\/"},"modified":"2025-04-28T13:06:54","modified_gmt":"2025-04-28T13:06:54","slug":"homa","status":"publish","type":"page","link":"https:\/\/mypalmleaf.com\/ro\/homa\/","title":{"rendered":"Homa"},"content":{"rendered":"\n<section class=\"spotlight-main small top-gap\">\n    <!-- <div class=\"slider-wrap\" data-flickity='{ \"cellAlign\": \"left\", \"contain\": true, \"wrapAround\": true, \"setGallerySize\": false }'> -->\n    <div class=\"slider-wrap\" data-flickity='{ \"cellAlign\": \"left\", \"contain\": true, \"wrapAround\": true, \"setGallerySize\": false  }'>\n            <div class=\"slides\">\n        <div class=\"content-wrap\">\n          <div class=\"image\">\n            <picture>\n              <source media=\"(max-width: 999px)\" srcset=\"https:\/\/mypalmleaf.com\/wp-content\/uploads\/2024\/11\/homas-spotlight-mob.jpg\" \/>\n              <source media=\"(min-width: 1000px)\" srcset=\"https:\/\/mypalmleaf.com\/wp-content\/uploads\/2024\/11\/homas-spotlight.jpg\" \/>\n              <img decoding=\"async\" src=\"https:\/\/mypalmleaf.com\/wp-content\/uploads\/2024\/11\/homas-spotlight.jpg\" class=\"img-fluid\" alt=\"\" \/>\n            <\/picture>\n          <\/div>\n          <div class=\"content\">\n            <div data-aos=\"fade-up\" data-aos-duration=\"1000\">\n              <h2 class=\"\">Homas: Ceremonii de foc sacru pentru transformarea karmic\u0103<\/h2>\n              <p>Experimenta\u021bi ritualurile vedice str\u0103vechi efectuate pentru a aduce binecuv\u00e2nt\u0103ri, purificare \u0219i armonie \u00een via\u021ba dumneavoastr\u0103.  <\/p>\n                                  <a href=\"\/prices\/fire-ceremony-homa\/\" class=\"btn btn-primary\">Rezerva\u021bi-v\u0103 Homas<\/a>\n                   \n            <\/div>\n          <\/div>\n        <\/div>\n      <\/div>\n          <\/div>\n<\/section>\n<section class=\"my-6 position-relative\">\n    <div class=\"container-xl\" data-aos=\"fade-up\" data-aos-duration=\"1000\">\n      <div class=\"row align-items-center\">\n        <div class=\"col-lg-5 mb-4 mb-lg-0\">\n          <div class=\"rounded-asset\">\n            <img decoding=\"async\" src=\"https:\/\/mypalmleaf.com\/wp-content\/uploads\/2024\/11\/yt-thumb-homa.jpg\" class=\"img-fluid\" alt=\"\"><div class=\"play-icon\"><\/div>\n            <a href=\"https:\/\/www.youtube.com\/watch?v=63svn4g1Z5U\" class=\"stretched-link\" data-lity><\/a>\n          <\/div>\n        <\/div>\n        <div class=\"col-lg-7\">\n          <h2 class=\"mb-4\">Ce sunt ceremoniile de foc Homa?<\/h2>\n          <p>Homas, cunoscute \u0219i sub numele de ceremonii ale focului, sunt ritualuri vedice puternice, efectuate pentru a invoca energiile divine, a elimina influen\u021bele karmice negative \u0219i a aduce echilibru \u00een diferite aspecte ale vie\u021bii. Prin elementul sacru al focului, se fac ofrande zeit\u0103\u021bilor, iar energia transformatoare a ritualului aduce binecuv\u00e2nt\u0103ri, purificare \u0219i vindecare. <\/p>\n<p>Aceste ceremonii sunt conduse de preo\u021bi vedici experimenta\u021bi care c\u00e2nt\u0103 mantre sacre \u0219i fac ofrande focului sacru, amplific\u00e2nd inten\u021bia \u0219i efectul ritualului.<\/p>\n        <\/div>\n      <\/div>\n    <\/div>\n    <\/section>\n<section class=\"my-6 position-relative\">\n  <div class=\"container-xl aos-init aos-animate\" data-aos=\"fade-up\" data-aos-duration=\"1000\">\n    <div class=\"row align-items-center\">\n      <div class=\"col-lg-7\">\n        <h2 class=\"mb-4\">Cum v\u0103 poate ajuta Hamas?<\/h2>\n<p>Fiecare ceremonie Homa are un scop unic, fie c\u0103 este vorba de dep\u0103\u0219irea obstacolelor, \u00eembun\u0103t\u0103\u021birea s\u0103n\u0103t\u0103\u021bii, invitarea prosperit\u0103\u021bii sau eliminarea karmei negative.<\/p>\n<p>Iat\u0103 cum Tomas v\u0103 poate transforma via\u021ba:  <\/p>\n        <ul>\n<li>Vindecare karmic\u0103: Elibera\u021bi datoriile karmice din trecut \u0219i atrage\u021bi influen\u021be karmice pozitive.  <\/li>\n<li>Purificare: Cur\u0103\u021ba\u021bi-v\u0103 aura \u0219i mediul de energiile negative.  <\/li>\n<li>Binecuv\u00e2nt\u0103ri \u0219i prosperitate: Invoca\u021bi binecuv\u00e2nt\u0103ri pentru s\u0103n\u0103tate, bog\u0103\u021bie, rela\u021bii \u0219i bun\u0103stare general\u0103.  <\/li>\n<li>Protec\u021bie \u0219i armonie: Consolidarea protec\u021biei spirituale \u0219i aducerea armoniei \u00een via\u021ba ta.  <\/li>\n<\/ul>\n<div class=\"dual-btn-cont mt-4\">\n<ul>\n<li><a href=\"https:\/\/mypalmleaf.com\/ro\/prices\/ceremonia-focului-homa\/\" class=\"btn btn-primary\">Rezerv\u0103-\u021bi acum ceremonia focului<\/a><\/li>\n<\/ul>\n<\/div>\n      <\/div>\n      <div class=\"col-lg-5 mb-4 mb-lg-0\">\n        <div class=\"rounded-asset\">\n          <img decoding=\"async\" src=\"https:\/\/mypalmleaf.com\/wp-content\/uploads\/2024\/11\/homas-thumb.jpg\" class=\"img-fluid\" alt=\"\"\/>\n        <\/div>\n      <\/div>\n    <\/div>\n  <\/div>\n       \n  <\/section>\n\n<section class=\"my-6 position-relative\">\n  <div class=\"container-xl aos-init aos-animate\" data-aos=\"fade-up\" data-aos-duration=\"1000\">\n    <div class=\"row align-items-center\">\n      <div class=\"col-lg-5 mb-4 mb-lg-0\">\n        <div class=\"rounded-asset\">\n          <img decoding=\"async\" src=\"https:\/\/mypalmleaf.com\/wp-content\/uploads\/2024\/11\/homas-thumb2.jpg\" class=\"img-fluid\" alt=\"\"\/>\n        <\/div>\n      <\/div>\n      <div class=\"col-lg-7\">\n        <h2 class=\"mb-4\">Cum func\u021bioneaz\u0103<\/h2>\n        <p><strong>Pasul 1: Rezerva\u021bi-v\u0103 ceremonia Homa<\/strong><br\/> Rezerva\u021bi ceremonia focului Homa pe site-ul nostru<\/p> \n<p><strong>Pasul 2: Rezerva\u021bi-v\u0103 programarea<\/strong><br\/> Dup\u0103 efectuarea rezerv\u0103rii, ve\u021bi primi un link de calendar \u0219i pute\u021bi rezerva ziua \u0219i ora la care dori\u021bi s\u0103 se efectueze Homa  <\/p>\n<p><strong>Pasul 3: Participa\u021bi \u0219i primi\u021bi binecuv\u00e2nt\u0103ri<\/strong><br\/> Pute\u021bi alege s\u0103 participa\u021bi la ceremonie \u00een direct prin Zoom sau s\u0103 primi\u021bi energia \u0219i binecuv\u00e2nt\u0103rile de oriunde v-a\u021bi afla. Unul dintre moderatorii no\u0219tri v\u0103 va \u00eenso\u021bi \u00een timpul ceremoniei Homa \u0219i v\u0103 va explica totul.   <\/p>\n<div class=\"dual-btn-cont mt-4\">\n<ul>\n<li><a href=\"https:\/\/mypalmleaf.com\/ro\/prices\/ceremonia-focului-homa\/\" class=\"btn btn-primary\">Rezerv\u0103-\u021bi acum ceremonia focului<\/a><\/li>\n<\/ul>\n<\/div>\n      <\/div>\n      \n    <\/div>\n  <\/div>\n       \n  <\/section>\n\n<figure class=\"wp-block-gallery has-nested-images columns-default is-cropped wp-block-gallery-1 is-layout-flex wp-block-gallery-is-layout-flex\">\n<figure class=\"wp-block-image size-full\"><img loading=\"lazy\" decoding=\"async\" width=\"1024\" height=\"576\" data-id=\"45429\" src=\"https:\/\/mypalmleaf.com\/wp-content\/uploads\/2024\/11\/3-1.jpg\" alt=\"\" class=\"wp-image-45429\" srcset=\"https:\/\/mypalmleaf.com\/wp-content\/uploads\/2024\/11\/3-1.jpg 1024w, https:\/\/mypalmleaf.com\/wp-content\/uploads\/2024\/11\/3-1-600x338.jpg 600w, https:\/\/mypalmleaf.com\/wp-content\/uploads\/2024\/11\/3-1-300x169.jpg 300w, https:\/\/mypalmleaf.com\/wp-content\/uploads\/2024\/11\/3-1-768x432.jpg 768w\" sizes=\"auto, (max-width: 1024px) 100vw, 1024px\" \/><\/figure>\n\n\n\n<figure class=\"wp-block-image size-large\"><img loading=\"lazy\" decoding=\"async\" width=\"1024\" height=\"576\" data-id=\"45407\" src=\"https:\/\/mypalmleaf.com\/wp-content\/uploads\/2024\/11\/2.jpg\" alt=\"\" class=\"wp-image-45407\" srcset=\"https:\/\/mypalmleaf.com\/wp-content\/uploads\/2024\/11\/2.jpg 1024w, https:\/\/mypalmleaf.com\/wp-content\/uploads\/2024\/11\/2-600x338.jpg 600w, https:\/\/mypalmleaf.com\/wp-content\/uploads\/2024\/11\/2-300x169.jpg 300w, https:\/\/mypalmleaf.com\/wp-content\/uploads\/2024\/11\/2-768x432.jpg 768w\" sizes=\"auto, (max-width: 1024px) 100vw, 1024px\" \/><\/figure>\n\n\n\n<figure class=\"wp-block-image size-large\"><img loading=\"lazy\" decoding=\"async\" width=\"1024\" height=\"576\" data-id=\"45386\" src=\"https:\/\/mypalmleaf.com\/wp-content\/uploads\/2024\/11\/1.jpg\" alt=\"\" class=\"wp-image-45386\" srcset=\"https:\/\/mypalmleaf.com\/wp-content\/uploads\/2024\/11\/1.jpg 1024w, https:\/\/mypalmleaf.com\/wp-content\/uploads\/2024\/11\/1-600x338.jpg 600w, https:\/\/mypalmleaf.com\/wp-content\/uploads\/2024\/11\/1-300x169.jpg 300w, https:\/\/mypalmleaf.com\/wp-content\/uploads\/2024\/11\/1-768x432.jpg 768w\" sizes=\"auto, (max-width: 1024px) 100vw, 1024px\" \/><\/figure>\n<\/figure>\n<section class=\"accordion-container position-relative \" data-aos=\"fade-up\" data-aos-duration=\"1000\" id=\"general-questions\">\n  <div class=\"container-xl\">\n    <div class=\"row\">\n      <h3>\u00centreb\u0103ri frecvente<\/h3>\n      <div class=\"accr-wrap\">\n                  <div class=\"head\">Trebuie s\u0103 fiu prezent fizic pentru ca ceremonia Homa s\u0103 fie eficient\u0103?<\/div>\n          <div class=\"content\">\n            <p>Nu, nu trebuie s\u0103 fi\u021bi fizic prezent pentru ca ceremonia Homa s\u0103 fie eficient\u0103. Energia \u0219i binecuv\u00e2nt\u0103rile ceremoniei sunt transmise prin vibra\u021biile mantrelor sacre \u0219i ale focului. Dac\u0103 dori\u021bi, pute\u021bi participa la ceremonie \u00een direct prin Zoom, dar beneficiile v\u0103 vor ajunge chiar dac\u0103 nu pute\u021bi fi prezent.  <\/p>\n          <\/div>\n                  <div class=\"head\">Cum ar trebui s\u0103 m\u0103 preg\u0103tesc pentru o ceremonie Homa?<\/div>\n          <div class=\"content\">\n            <p>Pentru a v\u0103 preg\u0103ti pentru un Homa, cel mai bine este s\u0103 stabili\u021bi o inten\u021bie clar\u0103 cu privire la ceea ce dori\u021bi s\u0103 primi\u021bi de la ritual. De asemenea, este posibil s\u0103 dori\u021bi s\u0103 crea\u021bi un spa\u021biu lini\u0219tit \u00een casa dvs., lipsit de distrageri, unde s\u0103 pute\u021bi sta \u00een lini\u0219te pentru a primi energia ceremoniei. Dac\u0103 participa\u021bi live, asigura\u021bi-v\u0103 c\u0103 ave\u021bi o conexiune stabil\u0103 la internet \u0219i un mediu senin.  <\/p>\n          <\/div>\n                  <div class=\"head\">Poate fi efectuat\u0103 o Homa \u00een numele altcuiva?<\/div>\n          <div class=\"content\">\n            <p>Da, Homas pot fi efectuate \u00een numele altcuiva, fie c\u0103 este vorba despre o persoan\u0103 drag\u0103, un membru al familiei sau un prieten. Trebuie doar s\u0103 furniza\u021bi numele \u0219i inten\u021bia lor pentru ceremonie, iar energia \u0219i binecuv\u00e2nt\u0103rile vor fi direc\u021bionate c\u0103tre ei. <\/p>\n          <\/div>\n                  <div class=\"head\">La ce fel de rezultate m\u0103 pot a\u0219tepta de la un Homa?<\/div>\n          <div class=\"content\">\n            <p>Efectele unei ceremonii Homa pot varia \u00een func\u021bie de inten\u021bia dumneavoastr\u0103 \u0219i de tipul de ceremonie efectuat\u0103. Oamenii raporteaz\u0103 adesea un sentiment de pace, u\u0219urare emo\u021bional\u0103 \u0219i claritate, precum \u0219i schimb\u0103ri pozitive tangibile \u00een via\u021ba lor, cum ar fi \u00eembun\u0103t\u0103\u021birea rela\u021biilor, a s\u0103n\u0103t\u0103\u021bii sau a succesului. Binecuv\u00e2nt\u0103rile \u0219i beneficiile karmice se manifest\u0103 adesea \u00een timp.  <\/p>\n          <\/div>\n                  <div class=\"head\">Cum aleg ce tip de Homa s\u0103 rezerv?<\/div>\n          <div class=\"content\">\n            <p>Dac\u0103 vi s-a recomandat o Homa \u00een timpul citirii frunzei de palmier, atunci acest tip de Homa va fi efectuat pentru dumneavoastr\u0103. \u00cen caz contrar, pute\u021bi s\u0103 ne comunica\u021bi scopul general al Homa \u00een timpul rezerv\u0103rii, iar preo\u021bii vor alege o ceremonie specific\u0103 pentru acest scop.   <\/p>\n          <\/div>\n                  <div class=\"head\">Sunt Homas potrivite pentru toate credin\u021bele \u0219i convingerile spirituale?<\/div>\n          <div class=\"content\">\n            <p>Da, Homas sunt ritualuri spirituale \u00eenr\u0103d\u0103cinate \u00een vechile tradi\u021bii vedice, dar sunt deschise oamenilor de toate credin\u021bele \u0219i convingerile. Ceremoniile se concentreaz\u0103 pe energiile universale, cum ar fi elementele \u0219i binecuv\u00e2nt\u0103rile divine, care pot fi benefice indiferent de trecutul dumneavoastr\u0103 spiritual.   <\/p>\n          <\/div>\n                  <div class=\"head\">C\u00e2t dureaz\u0103 de obicei o ceremonie Homa?<\/div>\n          <div class=\"content\">\n            <p>Durata unei ceremonii Homa poate varia \u00een func\u021bie de complexitatea acesteia \u0219i de tipul de ritual efectuat. Majoritatea ceremoniilor dureaz\u0103 \u00eentre 30 de minute \u0219i 1 or\u0103.   <\/p>\n          <\/div>\n                  <div class=\"head\">Pot solicita o anumit\u0103 dat\u0103 sau or\u0103 pentru Homa?<\/div>\n          <div class=\"content\">\n            <p>Da, pute\u021bi solicita o anumit\u0103 dat\u0103 \u0219i or\u0103 pentru Homa dvs., \u00een func\u021bie de disponibilitatea preo\u021bilor no\u0219tri vedici \u0219i de momentele de bun augur pentru efectuarea ceremoniei. Vom face tot posibilul pentru a v\u0103 satisface preferin\u021bele.   <\/p>\n          <\/div>\n                  <div class=\"head\">Cum se fac ofrandele \u00een timpul Homa?<\/div>\n          <div class=\"content\">\n            <p>Ofrandele, cum ar fi ghee, ierburi, cereale \u0219i alte obiecte sacre, sunt puse \u00een foc de preo\u021bii no\u0219tri vedici \u00een timp ce c\u00e2nt\u0103 mantre puternice. Fiecare ofrand\u0103 simbolizeaz\u0103 purificarea, transformarea \u0219i eliberarea de binecuv\u00e2nt\u0103ri \u00een univers.   <\/p>\n          <\/div>\n                  <div class=\"head\">Voi fi \u00eenso\u021bit de un moderator de la Mypalmleaf?<\/div>\n          <div class=\"content\">\n            <p>Da, unul dintre moderatorii no\u0219tri va fi prezent la Homa. Acesta v\u0103 va ghida \u0219i v\u0103 va explica totul, dac\u0103 este necesar.   <\/p>\n          <\/div>\n              <\/div>\n    <\/div>\n  <\/div>\n  \n<\/section>\n<\/div>\n<p><\/p>\n","protected":false},"excerpt":{"rendered":"<p>Cum v\u0103 poate ajuta Hamas? Fiecare ceremonie Homa are un scop unic, fie c\u0103 este vorba de dep\u0103\u0219irea obstacolelor, \u00eembun\u0103t\u0103\u021birea s\u0103n\u0103t\u0103\u021bii, invitarea prosperit\u0103\u021bii sau eliminarea karmei negative. Iat\u0103 cum Tomas v\u0103 poate transforma via\u021ba: Vindecare karmic\u0103: Elibera\u021bi datoriile karmice din trecut \u0219i atrage\u021bi influen\u021be karmice pozitive. Purificare: Cur\u0103\u021ba\u021bi-v\u0103 aura \u0219i mediul de energiile negative. Binecuv\u00e2nt\u0103ri [&hellip;]<\/p>\n","protected":false},"author":1,"featured_media":0,"parent":0,"menu_order":0,"comment_status":"closed","ping_status":"closed","template":"","meta":{"_acf_changed":false,"footnotes":""},"class_list":["post-45469","page","type-page","status-publish","hentry"],"acf":[],"yoast_head":"<!-- This site is optimized with the Yoast SEO plugin v26.4 - https:\/\/yoast.com\/wordpress\/plugins\/seo\/ -->\n<title>Homa - My Palm Leaf<\/title>\n<meta name=\"description\" content=\"Particip\u0103 la ceremonia Homa \u2013 un ritual sacru cu foc pentru purificare, echilibrare karmic\u0103 \u0219i conectare profund\u0103 cu energia divin\u0103.\" \/>\n<meta name=\"robots\" content=\"index, follow, max-snippet:-1, max-image-preview:large, max-video-preview:-1\" \/>\n<link rel=\"canonical\" href=\"https:\/\/mypalmleaf.com\/homa\/\" \/>\n<meta property=\"og:locale\" content=\"ro_RO\" \/>\n<meta property=\"og:type\" content=\"article\" \/>\n<meta property=\"og:title\" content=\"Homa - My Palm Leaf\" \/>\n<meta property=\"og:description\" content=\"Particip\u0103 la ceremonia Homa \u2013 un ritual sacru cu foc pentru purificare, echilibrare karmic\u0103 \u0219i conectare profund\u0103 cu energia divin\u0103.\" \/>\n<meta property=\"og:url\" content=\"https:\/\/mypalmleaf.com\/homa\/\" \/>\n<meta property=\"og:site_name\" content=\"My Palm Leaf\" \/>\n<meta property=\"article:modified_time\" content=\"2025-04-28T13:06:54+00:00\" \/>\n<meta property=\"og:image\" content=\"https:\/\/mypalmleaf.com\/wp-content\/uploads\/2024\/11\/homas-thumb.jpg\" \/>\n<meta name=\"twitter:card\" content=\"summary_large_image\" \/>\n<meta name=\"twitter:label1\" content=\"Timp estimat pentru citire\" \/>\n\t<meta name=\"twitter:data1\" content=\"2 minute\" \/>\n<script type=\"application\/ld+json\" class=\"yoast-schema-graph\">{\"@context\":\"https:\/\/schema.org\",\"@graph\":[{\"@type\":\"WebPage\",\"@id\":\"https:\/\/mypalmleaf.com\/homa\/\",\"url\":\"https:\/\/mypalmleaf.com\/homa\/\",\"name\":\"Homa - My Palm Leaf\",\"isPartOf\":{\"@id\":\"https:\/\/mypalmleaf.com\/#website\"},\"primaryImageOfPage\":{\"@id\":\"https:\/\/mypalmleaf.com\/homa\/#primaryimage\"},\"image\":{\"@id\":\"https:\/\/mypalmleaf.com\/homa\/#primaryimage\"},\"thumbnailUrl\":\"https:\/\/mypalmleaf.com\/wp-content\/uploads\/2024\/11\/homas-thumb.jpg\",\"datePublished\":\"2024-11-10T05:53:12+00:00\",\"dateModified\":\"2025-04-28T13:06:54+00:00\",\"description\":\"Particip\u0103 la ceremonia Homa \u2013 un ritual sacru cu foc pentru purificare, echilibrare karmic\u0103 \u0219i conectare profund\u0103 cu energia divin\u0103.\",\"breadcrumb\":{\"@id\":\"https:\/\/mypalmleaf.com\/homa\/#breadcrumb\"},\"inLanguage\":\"ro-RO\",\"potentialAction\":[{\"@type\":\"ReadAction\",\"target\":[\"https:\/\/mypalmleaf.com\/homa\/\"]}]},{\"@type\":\"ImageObject\",\"inLanguage\":\"ro-RO\",\"@id\":\"https:\/\/mypalmleaf.com\/homa\/#primaryimage\",\"url\":\"https:\/\/mypalmleaf.com\/wp-content\/uploads\/2024\/11\/homas-thumb.jpg\",\"contentUrl\":\"https:\/\/mypalmleaf.com\/wp-content\/uploads\/2024\/11\/homas-thumb.jpg\"},{\"@type\":\"BreadcrumbList\",\"@id\":\"https:\/\/mypalmleaf.com\/homa\/#breadcrumb\",\"itemListElement\":[{\"@type\":\"ListItem\",\"position\":1,\"name\":\"Home\",\"item\":\"https:\/\/mypalmleaf.com\/ro\/\"},{\"@type\":\"ListItem\",\"position\":2,\"name\":\"Homa\"}]},{\"@type\":\"WebSite\",\"@id\":\"https:\/\/mypalmleaf.com\/#website\",\"url\":\"https:\/\/mypalmleaf.com\/\",\"name\":\"My Palm Leaf\",\"description\":\"\",\"potentialAction\":[{\"@type\":\"SearchAction\",\"target\":{\"@type\":\"EntryPoint\",\"urlTemplate\":\"https:\/\/mypalmleaf.com\/?s={search_term_string}\"},\"query-input\":{\"@type\":\"PropertyValueSpecification\",\"valueRequired\":true,\"valueName\":\"search_term_string\"}}],\"inLanguage\":\"ro-RO\"}]}<\/script>\n<!-- \/ Yoast SEO plugin. -->","yoast_head_json":{"title":"Homa - My Palm Leaf","description":"Particip\u0103 la ceremonia Homa \u2013 un ritual sacru cu foc pentru purificare, echilibrare karmic\u0103 \u0219i conectare profund\u0103 cu energia divin\u0103.","robots":{"index":"index","follow":"follow","max-snippet":"max-snippet:-1","max-image-preview":"max-image-preview:large","max-video-preview":"max-video-preview:-1"},"canonical":"https:\/\/mypalmleaf.com\/homa\/","og_locale":"ro_RO","og_type":"article","og_title":"Homa - My Palm Leaf","og_description":"Particip\u0103 la ceremonia Homa \u2013 un ritual sacru cu foc pentru purificare, echilibrare karmic\u0103 \u0219i conectare profund\u0103 cu energia divin\u0103.","og_url":"https:\/\/mypalmleaf.com\/homa\/","og_site_name":"My Palm Leaf","article_modified_time":"2025-04-28T13:06:54+00:00","og_image":[{"url":"https:\/\/mypalmleaf.com\/wp-content\/uploads\/2024\/11\/homas-thumb.jpg","type":"","width":"","height":""}],"twitter_card":"summary_large_image","twitter_misc":{"Timp estimat pentru citire":"2 minute"},"schema":{"@context":"https:\/\/schema.org","@graph":[{"@type":"WebPage","@id":"https:\/\/mypalmleaf.com\/homa\/","url":"https:\/\/mypalmleaf.com\/homa\/","name":"Homa - My Palm Leaf","isPartOf":{"@id":"https:\/\/mypalmleaf.com\/#website"},"primaryImageOfPage":{"@id":"https:\/\/mypalmleaf.com\/homa\/#primaryimage"},"image":{"@id":"https:\/\/mypalmleaf.com\/homa\/#primaryimage"},"thumbnailUrl":"https:\/\/mypalmleaf.com\/wp-content\/uploads\/2024\/11\/homas-thumb.jpg","datePublished":"2024-11-10T05:53:12+00:00","dateModified":"2025-04-28T13:06:54+00:00","description":"Particip\u0103 la ceremonia Homa \u2013 un ritual sacru cu foc pentru purificare, echilibrare karmic\u0103 \u0219i conectare profund\u0103 cu energia divin\u0103.","breadcrumb":{"@id":"https:\/\/mypalmleaf.com\/homa\/#breadcrumb"},"inLanguage":"ro-RO","potentialAction":[{"@type":"ReadAction","target":["https:\/\/mypalmleaf.com\/homa\/"]}]},{"@type":"ImageObject","inLanguage":"ro-RO","@id":"https:\/\/mypalmleaf.com\/homa\/#primaryimage","url":"https:\/\/mypalmleaf.com\/wp-content\/uploads\/2024\/11\/homas-thumb.jpg","contentUrl":"https:\/\/mypalmleaf.com\/wp-content\/uploads\/2024\/11\/homas-thumb.jpg"},{"@type":"BreadcrumbList","@id":"https:\/\/mypalmleaf.com\/homa\/#breadcrumb","itemListElement":[{"@type":"ListItem","position":1,"name":"Home","item":"https:\/\/mypalmleaf.com\/ro\/"},{"@type":"ListItem","position":2,"name":"Homa"}]},{"@type":"WebSite","@id":"https:\/\/mypalmleaf.com\/#website","url":"https:\/\/mypalmleaf.com\/","name":"My Palm Leaf","description":"","potentialAction":[{"@type":"SearchAction","target":{"@type":"EntryPoint","urlTemplate":"https:\/\/mypalmleaf.com\/?s={search_term_string}"},"query-input":{"@type":"PropertyValueSpecification","valueRequired":true,"valueName":"search_term_string"}}],"inLanguage":"ro-RO"}]}},"_links":{"self":[{"href":"https:\/\/mypalmleaf.com\/ro\/wp-json\/wp\/v2\/pages\/45469","targetHints":{"allow":["GET"]}}],"collection":[{"href":"https:\/\/mypalmleaf.com\/ro\/wp-json\/wp\/v2\/pages"}],"about":[{"href":"https:\/\/mypalmleaf.com\/ro\/wp-json\/wp\/v2\/types\/page"}],"author":[{"embeddable":true,"href":"https:\/\/mypalmleaf.com\/ro\/wp-json\/wp\/v2\/users\/1"}],"replies":[{"embeddable":true,"href":"https:\/\/mypalmleaf.com\/ro\/wp-json\/wp\/v2\/comments?post=45469"}],"version-history":[{"count":0,"href":"https:\/\/mypalmleaf.com\/ro\/wp-json\/wp\/v2\/pages\/45469\/revisions"}],"wp:attachment":[{"href":"https:\/\/mypalmleaf.com\/ro\/wp-json\/wp\/v2\/media?parent=45469"}],"curies":[{"name":"wp","href":"https:\/\/api.w.org\/{rel}","templated":true}]}}