
{"id":45502,"date":"2024-11-10T07:16:42","date_gmt":"2024-11-10T07:16:42","guid":{"rendered":"https:\/\/mypalmleaf.com\/athma-shanthi-puja\/"},"modified":"2025-04-24T07:06:29","modified_gmt":"2025-04-24T07:06:29","slug":"athma-shanthi-puja","status":"publish","type":"page","link":"https:\/\/mypalmleaf.com\/ro\/athma-shanthi-puja\/","title":{"rendered":"Athma Shanthi Puja"},"content":{"rendered":"\n<section class=\"spotlight-main small top-gap\">\n    <!-- <div class=\"slider-wrap\" data-flickity='{ \"cellAlign\": \"left\", \"contain\": true, \"wrapAround\": true, \"setGallerySize\": false }'> -->\n    <div class=\"slider-wrap\" data-flickity='{ \"cellAlign\": \"left\", \"contain\": true, \"wrapAround\": true, \"setGallerySize\": false  }'>\n            <div class=\"slides\">\n        <div class=\"content-wrap\">\n          <div class=\"image\">\n            <picture>\n              <source media=\"(max-width: 999px)\" srcset=\"https:\/\/mypalmleaf.com\/wp-content\/uploads\/2024\/11\/athma-shanti-puja-spotlight.-mob.jpg\" \/>\n              <source media=\"(min-width: 1000px)\" srcset=\"https:\/\/mypalmleaf.com\/wp-content\/uploads\/2024\/11\/athma-shanti-puja-spotlight.jpg\" \/>\n              <img decoding=\"async\" src=\"https:\/\/mypalmleaf.com\/wp-content\/uploads\/2024\/11\/athma-shanti-puja-spotlight.jpg\" class=\"img-fluid\" alt=\"\" \/>\n            <\/picture>\n          <\/div>\n          <div class=\"content\">\n            <div data-aos=\"fade-up\" data-aos-duration=\"1000\">\n              <h2 class=\"\">Athma Shanthi Puja: Un ritual sacru pentru sufletele plecate<\/h2>\n              <p>Aduce\u021bi pace \u0219i eliberare sufletelor celor dragi prin aceast\u0103 ceremonie vedic\u0103 profund\u0103.<\/p>\n                                  <a href=\"\/prices\/athma-shanthi-puja-special-ritual-to-help-the-soul-of-someone-who-has-passed-away-to-rest-in-peace\/\" class=\"btn btn-primary\">Rezerv\u0103-\u021bi Puja<\/a>\n                   \n            <\/div>\n          <\/div>\n        <\/div>\n      <\/div>\n          <\/div>\n<\/section>\n<section class=\"my-6 position-relative\">\n    <div class=\"container-xl\" data-aos=\"fade-up\" data-aos-duration=\"1000\">\n      <div class=\"row align-items-center\">\n        <div class=\"col-lg-5 mb-4 mb-lg-0\">\n          <div class=\"rounded-asset\">\n            <img decoding=\"async\" src=\"https:\/\/mypalmleaf.com\/wp-content\/uploads\/2024\/11\/yt-thumb-2.jpg\" class=\"img-fluid\" alt=\"\"><div class=\"play-icon\"><\/div>\n            <a href=\"https:\/\/www.youtube.com\/watch?v=nZ0XR1c6lPU\" class=\"stretched-link\" data-lity><\/a>\n          <\/div>\n        <\/div>\n        <div class=\"col-lg-7\">\n          <h2 class=\"mb-4\">Ce este Athma Shanthi Puja?<\/h2>\n          <p>Athma Shanthi Puja este un ritual sacru efectuat pentru a onora \u0219i a aduce pace sufletelor celor dragi deceda\u021bi. Conform tradi\u021biilor vedice, aceast\u0103 ceremonie ajut\u0103 sufletul disp\u0103rut s\u0103 g\u0103seasc\u0103 eliberarea (moksha) \u0219i poate rezolva orice datorii sau tulbur\u0103ri karmice persistente. Este deosebit de important\u0103 pentru cei care au decedat \u00een mod nea\u0219teptat, tragic sau f\u0103r\u0103 posibilitatea de a primi ritualuri adecvate.  <\/p>\n<p>\u00cen timpul Puja, preo\u021bii no\u0219tri vedici cu experien\u021b\u0103 c\u00e2nt\u0103 mantre sacre, ofer\u0103 rug\u0103ciuni \u0219i efectueaz\u0103 ritualuri pentru a aduce armonie \u0219i eliberare spiritual\u0103.<\/p>\n        <\/div>\n      <\/div>\n    <\/div>\n    <\/section>\n<section class=\"my-6 position-relative\">\n  <div class=\"container-xl aos-init aos-animate\" data-aos=\"fade-up\" data-aos-duration=\"1000\">\n    <div class=\"row align-items-center\">\n      <div class=\"col-lg-7\">\n        <h2 class=\"mb-4\">De ce s\u0103 efectua\u021bi Athma Shanthi Puja?<\/h2>\n<p>Athma Shanthi Puja este un ritual plin de compasiune \u0219i putere care serve\u0219te at\u00e2t celor vii, c\u00e2t \u0219i celor pleca\u021bi. Iat\u0103 de ce este important: <\/p>\n<ul>\n<li>Eliberarea sufletului: Ajuta\u021bi sufletul decedat s\u0103 ob\u021bin\u0103 pacea \u0219i eliberarea din ciclul rena\u0219terii.<\/li>\n<li>Rezolu\u021bie karmic\u0103: Eliberarea influen\u021belor karmice negative cauzate de energiile ancestrale nerezolvate.<\/li>\n<li>Binecuv\u00e2nt\u0103ri ancestrale: Aduce\u021bi binecuv\u00e2nt\u0103ri \u0219i protec\u021bie din partea str\u0103mo\u0219ilor vo\u0219tri \u00een via\u021ba voastr\u0103.<\/li>\n<li>Vindecare \u0219i \u00eencheiere: Oferi\u021bi vindecare emo\u021bional\u0103 \u0219i \u00eencheiere pentru membrii familiei \u00eendurerate.<\/li>\n<\/ul>\n<div class=\"dual-btn-cont mt-4\">\n<ul>\n<li><a href=\"https:\/\/mypalmleaf.com\/ro\/prices\/athma-shanthi-puja-ritual-special-pentru-a-ajuta-sufletul-unei-persoane-care-a-decedat-sa-se-odihneasca-in-pace\/\" class=\"btn btn-primary\">Rezerva\u021bi Athma Shanti Puja pentru sufletele str\u0103mo\u0219ilor vo\u0219tri<\/a><\/li>\n<\/ul>\n<\/div>\n      <\/div>\n      <div class=\"col-lg-5 mb-4 mb-lg-0\">\n        <div class=\"rounded-asset\">\n          <img decoding=\"async\" src=\"https:\/\/staging.mypalmleaf.com\/wp-content\/uploads\/2024\/11\/atma-shant-thumb1.jpg\" class=\"img-fluid\" alt=\"\"\/>\n        <\/div>\n      <\/div>\n    <\/div>\n  <\/div>\n       \n  <\/section>\n\n<section class=\"my-6 position-relative\">\n  <div class=\"container-xl aos-init aos-animate\" data-aos=\"fade-up\" data-aos-duration=\"1000\">\n    <div class=\"row align-items-center\">\n      <div class=\"col-lg-5 mb-4 mb-lg-0\">\n        <div class=\"rounded-asset\">\n          <img decoding=\"async\" src=\"https:\/\/staging.mypalmleaf.com\/wp-content\/uploads\/2024\/11\/atma-shant-thumb2.jpg\" class=\"img-fluid\" alt=\"\"\/>\n        <\/div>\n      <\/div>\n      <div class=\"col-lg-7\">\n        <h2 class=\"mb-4\">Cine ar trebui s\u0103 ia \u00een considerare aceast\u0103 Puja?<\/h2>\n        <p>Puja Athma Shanthi este recomandat\u0103 tuturor celor care au pierdut o persoan\u0103 drag\u0103 \u0219i doresc s\u0103 aduc\u0103 pace sufletului lor. Este benefic\u0103 \u00een special dac\u0103: <\/p>\n        <ul>\n          <li>Sufletul decedat a murit \u00een circumstan\u021be tragice sau bru\u0219te.<\/li>\n          <li>Nu s-au efectuat ritualurile funerare corespunz\u0103toare sau exist\u0103 un sentiment de treburi spirituale neterminate.<\/li>\n          <li>Sim\u021bi\u021bi prezen\u021ba unor perturb\u0103ri ancestrale \u00een via\u021ba voastr\u0103.<\/li>\n          <li>Dori\u021bi s\u0103 v\u0103 onora\u021bi \u0219i s\u0103 v\u0103 exprima\u021bi recuno\u0219tin\u021ba fa\u021b\u0103 de str\u0103mo\u0219i.<\/li>\n        <\/ul>\n<div class=\"dual-btn-cont mt-4\">\n<ul>\n<li><a href=\"https:\/\/mypalmleaf.com\/ro\/prices\/athma-shanthi-puja-ritual-special-pentru-a-ajuta-sufletul-unei-persoane-care-a-decedat-sa-se-odihneasca-in-pace\/\" class=\"btn btn-primary\">Rezerva\u021bi Athma Shanti Puja pentru sufletele str\u0103mo\u0219ilor vo\u0219tri<\/a><\/li>\n<\/ul>\n<\/div>\n      <\/div>\n      \n    <\/div>\n  <\/div>\n       \n  <\/section>\n\n<section class=\"my-6 position-relative\">\n  <div class=\"container-xl aos-init aos-animate\" data-aos=\"fade-up\" data-aos-duration=\"1000\">\n    <div class=\"row align-items-center\">\n      <div class=\"col-lg-7\">\n        <h2 class=\"mb-4\">Cum se realizeaz\u0103 Puja Athma Shanti?<\/h2>\n<p>Ceremonia se desf\u0103\u0219oar\u0103 \u00een conformitate cu vechile tradi\u021bii vedice \u0219i are loc, de obicei, l\u00e2ng\u0103 un corp de ap\u0103 sacru sau un altar. Iat\u0103 la ce s\u0103 v\u0103 a\u0219tepta\u021bi: <\/p>\n<ul>\n<li>Invocarea energiilor divine: Ritualul \u00eencepe cu intonarea de mantre \u0219i rug\u0103ciuni pentru purificarea spa\u021biului \u0219i invocarea energiilor divine.<\/li>\n<li>Ofrande sacre: Se fac ofrande, inclusiv orez, flori \u0219i obiecte sacre, pentru sufletul r\u0103posatului.<\/li>\n<li>Rug\u0103ciuni pentru pace: Rug\u0103ciuni speciale \u0219i mantre sunt c\u00e2ntate pentru a binecuv\u00e2nta sufletul \u0219i a-l ghida spre eliberare.  <\/li>\n<li>Ritualuri ale apei: Ceremonia poate implica ofrande pentru apele sacre, simboliz\u00e2nd purificarea \u0219i eliberarea sufletului.<\/li>\n<\/ul>\n<div class=\"dual-btn-cont mt-4\">\n<ul>\n<li><a href=\"https:\/\/mypalmleaf.com\/ro\/prices\/athma-shanthi-puja-ritual-special-pentru-a-ajuta-sufletul-unei-persoane-care-a-decedat-sa-se-odihneasca-in-pace\/\" class=\"btn btn-primary\">Rezerva\u021bi Athma Shanti Puja pentru sufletele str\u0103mo\u0219ilor vo\u0219tri<\/a><\/li>\n<\/ul>\n<\/div>\n      <\/div>\n      <div class=\"col-lg-5 mb-4 mb-lg-0\">\n        <div class=\"rounded-asset\">\n          <img decoding=\"async\" src=\"https:\/\/staging.mypalmleaf.com\/wp-content\/uploads\/2024\/11\/atma-shant-thumb3-1.jpg\" class=\"img-fluid\" alt=\"\"\/>\n        <\/div>\n      <\/div>\n    <\/div>\n  <\/div>\n       \n  <\/section>\n<section class=\"accordion-container position-relative \" data-aos=\"fade-up\" data-aos-duration=\"1000\" id=\"general-questions\">\n  <div class=\"container-xl\">\n    <div class=\"row\">\n      <h3>\u00centreb\u0103ri frecvente<\/h3>\n      <div class=\"accr-wrap\">\n                  <div class=\"head\">Trebuie s\u0103 fiu prezent la Athma Shanthi Puja?<\/div>\n          <div class=\"content\">\n            <p>Nu, nu este necesar s\u0103 fi\u021bi prezent fizic. Preo\u021bii no\u0219tri vedici vor efectua ritualul cu aceea\u0219i reveren\u021b\u0103 \u0219i inten\u021bie, iar binecuv\u00e2nt\u0103rile \u0219i energia vor ajunge la suflet indiferent de prezen\u021ba dumneavoastr\u0103. Cu toate acestea, v\u0103 pute\u021bi al\u0103tura prin Zoom dac\u0103 dori\u021bi s\u0103 fi\u021bi martor la ceremonie.  <\/p>\n          <\/div>\n                  <div class=\"head\">Puja poate fi efectuat\u0103 pentru cineva care a murit cu mult timp \u00een urm\u0103?<\/div>\n          <div class=\"content\">\n            <p>Da, Athma Shanthi Puja poate fi efectuat\u0103 pentru sufletele care au plecat cu mul\u021bi ani \u00een urm\u0103. Ritualul este atemporal \u0219i poate aduce pace \u0219i eliberare oric\u0103rui suflet, indiferent de momentul \u00een care a decedat. <\/p>\n          <\/div>\n                  <div class=\"head\">Ce detalii trebuie s\u0103 furnizez pentru Puja?<\/div>\n          <div class=\"content\">\n            <p>De obicei, solicit\u0103m numele sufletului disp\u0103rut \u0219i rela\u021bia dumneavoastr\u0103 cu acesta. Orice detalii suplimentare, cum ar fi circumstan\u021bele mor\u021bii lor, pot fi, de asemenea, utile. <\/p>\n          <\/div>\n                  <div class=\"head\">Puja Athma Shanthi poate fi efectuat\u0103 pentru mai multe suflete \u00een acela\u0219i timp?<\/div>\n          <div class=\"content\">\n            <p>Da, este posibil s\u0103 efectua\u021bi Puja pentru mai mult de un suflet. V\u0103 rug\u0103m s\u0103 furniza\u021bi detaliile fiec\u0103rui suflet, iar preo\u021bii no\u0219tri se vor asigura c\u0103 ritualul este personalizat corespunz\u0103tor. <\/p>\n          <\/div>\n                  <div class=\"head\">Ce trebuie s\u0103 fac dup\u0103 Puja?<\/div>\n          <div class=\"content\">\n            <p>Puja dureaz\u0103 de obicei \u00eentre 20 \u0219i 60 de minute, \u00een func\u021bie de complexitate \u0219i de num\u0103rul de suflete onorate. Preg\u0103tirea pentru ceremonie dureaz\u0103 multe ore. <\/p>\n          <\/div>\n                  <div class=\"head\">C\u00e2t dureaz\u0103 Athma Shanthi Puja?<\/div>\n          <div class=\"content\">\n            <p>Puja dureaz\u0103 de obicei \u00eentre 20 \u0219i 60 de minute, \u00een func\u021bie de complexitate \u0219i de num\u0103rul de suflete onorate. Preg\u0103tirea pentru ceremonie dureaz\u0103 multe ore. <\/p>\n          <\/div>\n                  <div class=\"head\">Pot efectua aceast\u0103 Puja la date importante, cum ar fi anivers\u0103ri sau \u00een timpul Pitru Paksha?<\/div>\n          <div class=\"content\">\n            <p>Da, efectuarea Athma Shanthi Puja la date semnificative, cum ar fi anivers\u0103rile de deces sau \u00een timpul perioadei Pitru Paksha, poate amplifica beneficiile sale. V\u0103 putem ajuta s\u0103 programa\u021bi ceremonia \u00een consecin\u021b\u0103. <\/p>\n          <\/div>\n                  <div class=\"head\">Este Athma Shanthi Puja potrivit\u0103 pentru toate credin\u021bele \u0219i tradi\u021biile?<\/div>\n          <div class=\"content\">\n            <p>Da, de\u0219i \u00ee\u0219i are r\u0103d\u0103cinile \u00een tradi\u021bia vedic\u0103, Puja este un ritual universal menit s\u0103 aduc\u0103 pace \u0219i binecuv\u00e2nt\u0103ri celor deceda\u021bi. Acesta poate fi efectuat de oricine, indiferent de convingerile sale spirituale sau religioase. <\/p>\n          <\/div>\n                  <div class=\"head\">Voi fi \u00eenso\u021bit de un moderator de la Mypalmleaf?<\/div>\n          <div class=\"content\">\n            <p>Da, unul dintre moderatorii no\u0219tri va fi prezent la Athma Shanti Puja. Acesta v\u0103 va ghida \u0219i v\u0103 va explica totul, dac\u0103 este necesar. <\/p>\n          <\/div>\n              <\/div>\n    <\/div>\n  <\/div>\n  \n<\/section>\n<\/div>","protected":false},"excerpt":{"rendered":"<p>De ce s\u0103 efectua\u021bi Athma Shanthi Puja? Athma Shanthi Puja este un ritual plin de compasiune \u0219i putere care serve\u0219te at\u00e2t celor vii, c\u00e2t \u0219i celor pleca\u021bi. Iat\u0103 de ce este important: Eliberarea sufletului: Ajuta\u021bi sufletul decedat s\u0103 ob\u021bin\u0103 pacea \u0219i eliberarea din ciclul rena\u0219terii. Rezolu\u021bie karmic\u0103: Eliberarea influen\u021belor karmice negative cauzate de energiile ancestrale [&hellip;]<\/p>\n","protected":false},"author":1,"featured_media":0,"parent":0,"menu_order":0,"comment_status":"closed","ping_status":"closed","template":"","meta":{"_acf_changed":false,"footnotes":""},"class_list":["post-45502","page","type-page","status-publish","hentry"],"acf":[],"yoast_head":"<!-- This site is optimized with the Yoast SEO plugin v26.4 - https:\/\/yoast.com\/wordpress\/plugins\/seo\/ -->\n<title>Athma Shanthi Puja - My Palm Leaf<\/title>\n<meta name=\"description\" content=\"Participa\u021bi la ceremonia Athma Shanthi Puja pentru a aduce pace \u0219i lini\u0219te. Un ritual sacru pentru vindecare, protec\u021bie \u0219i eliberarea sufletelor.\" \/>\n<meta name=\"robots\" content=\"index, follow, max-snippet:-1, max-image-preview:large, max-video-preview:-1\" \/>\n<link rel=\"canonical\" href=\"https:\/\/mypalmleaf.com\/athma-shanthi-puja\/\" \/>\n<meta property=\"og:locale\" content=\"ro_RO\" \/>\n<meta property=\"og:type\" content=\"article\" \/>\n<meta property=\"og:title\" content=\"Athma Shanthi Puja - My Palm Leaf\" \/>\n<meta property=\"og:description\" content=\"Participa\u021bi la ceremonia Athma Shanthi Puja pentru a aduce pace \u0219i lini\u0219te. Un ritual sacru pentru vindecare, protec\u021bie \u0219i eliberarea sufletelor.\" \/>\n<meta property=\"og:url\" content=\"https:\/\/mypalmleaf.com\/athma-shanthi-puja\/\" \/>\n<meta property=\"og:site_name\" content=\"My Palm Leaf\" \/>\n<meta property=\"article:modified_time\" content=\"2025-04-24T07:06:29+00:00\" \/>\n<meta property=\"og:image\" content=\"https:\/\/staging.mypalmleaf.com\/wp-content\/uploads\/2024\/11\/atma-shant-thumb1.jpg\" \/>\n<meta name=\"twitter:card\" content=\"summary_large_image\" \/>\n<meta name=\"twitter:label1\" content=\"Timp estimat pentru citire\" \/>\n\t<meta name=\"twitter:data1\" content=\"2 minute\" \/>\n<script type=\"application\/ld+json\" class=\"yoast-schema-graph\">{\"@context\":\"https:\/\/schema.org\",\"@graph\":[{\"@type\":\"WebPage\",\"@id\":\"https:\/\/mypalmleaf.com\/athma-shanthi-puja\/\",\"url\":\"https:\/\/mypalmleaf.com\/athma-shanthi-puja\/\",\"name\":\"Athma Shanthi Puja - My Palm Leaf\",\"isPartOf\":{\"@id\":\"https:\/\/mypalmleaf.com\/#website\"},\"primaryImageOfPage\":{\"@id\":\"https:\/\/mypalmleaf.com\/athma-shanthi-puja\/#primaryimage\"},\"image\":{\"@id\":\"https:\/\/mypalmleaf.com\/athma-shanthi-puja\/#primaryimage\"},\"thumbnailUrl\":\"https:\/\/staging.mypalmleaf.com\/wp-content\/uploads\/2024\/11\/atma-shant-thumb1.jpg\",\"datePublished\":\"2024-11-10T07:16:42+00:00\",\"dateModified\":\"2025-04-24T07:06:29+00:00\",\"description\":\"Participa\u021bi la ceremonia Athma Shanthi Puja pentru a aduce pace \u0219i lini\u0219te. Un ritual sacru pentru vindecare, protec\u021bie \u0219i eliberarea sufletelor.\",\"breadcrumb\":{\"@id\":\"https:\/\/mypalmleaf.com\/athma-shanthi-puja\/#breadcrumb\"},\"inLanguage\":\"ro-RO\",\"potentialAction\":[{\"@type\":\"ReadAction\",\"target\":[\"https:\/\/mypalmleaf.com\/athma-shanthi-puja\/\"]}]},{\"@type\":\"ImageObject\",\"inLanguage\":\"ro-RO\",\"@id\":\"https:\/\/mypalmleaf.com\/athma-shanthi-puja\/#primaryimage\",\"url\":\"https:\/\/staging.mypalmleaf.com\/wp-content\/uploads\/2024\/11\/atma-shant-thumb1.jpg\",\"contentUrl\":\"https:\/\/staging.mypalmleaf.com\/wp-content\/uploads\/2024\/11\/atma-shant-thumb1.jpg\"},{\"@type\":\"BreadcrumbList\",\"@id\":\"https:\/\/mypalmleaf.com\/athma-shanthi-puja\/#breadcrumb\",\"itemListElement\":[{\"@type\":\"ListItem\",\"position\":1,\"name\":\"Home\",\"item\":\"https:\/\/mypalmleaf.com\/ro\/\"},{\"@type\":\"ListItem\",\"position\":2,\"name\":\"Athma Shanthi Puja\"}]},{\"@type\":\"WebSite\",\"@id\":\"https:\/\/mypalmleaf.com\/#website\",\"url\":\"https:\/\/mypalmleaf.com\/\",\"name\":\"My Palm Leaf\",\"description\":\"\",\"potentialAction\":[{\"@type\":\"SearchAction\",\"target\":{\"@type\":\"EntryPoint\",\"urlTemplate\":\"https:\/\/mypalmleaf.com\/?s={search_term_string}\"},\"query-input\":{\"@type\":\"PropertyValueSpecification\",\"valueRequired\":true,\"valueName\":\"search_term_string\"}}],\"inLanguage\":\"ro-RO\"}]}<\/script>\n<!-- \/ Yoast SEO plugin. -->","yoast_head_json":{"title":"Athma Shanthi Puja - My Palm Leaf","description":"Participa\u021bi la ceremonia Athma Shanthi Puja pentru a aduce pace \u0219i lini\u0219te. Un ritual sacru pentru vindecare, protec\u021bie \u0219i eliberarea sufletelor.","robots":{"index":"index","follow":"follow","max-snippet":"max-snippet:-1","max-image-preview":"max-image-preview:large","max-video-preview":"max-video-preview:-1"},"canonical":"https:\/\/mypalmleaf.com\/athma-shanthi-puja\/","og_locale":"ro_RO","og_type":"article","og_title":"Athma Shanthi Puja - My Palm Leaf","og_description":"Participa\u021bi la ceremonia Athma Shanthi Puja pentru a aduce pace \u0219i lini\u0219te. Un ritual sacru pentru vindecare, protec\u021bie \u0219i eliberarea sufletelor.","og_url":"https:\/\/mypalmleaf.com\/athma-shanthi-puja\/","og_site_name":"My Palm Leaf","article_modified_time":"2025-04-24T07:06:29+00:00","og_image":[{"url":"https:\/\/staging.mypalmleaf.com\/wp-content\/uploads\/2024\/11\/atma-shant-thumb1.jpg","type":"","width":"","height":""}],"twitter_card":"summary_large_image","twitter_misc":{"Timp estimat pentru citire":"2 minute"},"schema":{"@context":"https:\/\/schema.org","@graph":[{"@type":"WebPage","@id":"https:\/\/mypalmleaf.com\/athma-shanthi-puja\/","url":"https:\/\/mypalmleaf.com\/athma-shanthi-puja\/","name":"Athma Shanthi Puja - My Palm Leaf","isPartOf":{"@id":"https:\/\/mypalmleaf.com\/#website"},"primaryImageOfPage":{"@id":"https:\/\/mypalmleaf.com\/athma-shanthi-puja\/#primaryimage"},"image":{"@id":"https:\/\/mypalmleaf.com\/athma-shanthi-puja\/#primaryimage"},"thumbnailUrl":"https:\/\/staging.mypalmleaf.com\/wp-content\/uploads\/2024\/11\/atma-shant-thumb1.jpg","datePublished":"2024-11-10T07:16:42+00:00","dateModified":"2025-04-24T07:06:29+00:00","description":"Participa\u021bi la ceremonia Athma Shanthi Puja pentru a aduce pace \u0219i lini\u0219te. Un ritual sacru pentru vindecare, protec\u021bie \u0219i eliberarea sufletelor.","breadcrumb":{"@id":"https:\/\/mypalmleaf.com\/athma-shanthi-puja\/#breadcrumb"},"inLanguage":"ro-RO","potentialAction":[{"@type":"ReadAction","target":["https:\/\/mypalmleaf.com\/athma-shanthi-puja\/"]}]},{"@type":"ImageObject","inLanguage":"ro-RO","@id":"https:\/\/mypalmleaf.com\/athma-shanthi-puja\/#primaryimage","url":"https:\/\/staging.mypalmleaf.com\/wp-content\/uploads\/2024\/11\/atma-shant-thumb1.jpg","contentUrl":"https:\/\/staging.mypalmleaf.com\/wp-content\/uploads\/2024\/11\/atma-shant-thumb1.jpg"},{"@type":"BreadcrumbList","@id":"https:\/\/mypalmleaf.com\/athma-shanthi-puja\/#breadcrumb","itemListElement":[{"@type":"ListItem","position":1,"name":"Home","item":"https:\/\/mypalmleaf.com\/ro\/"},{"@type":"ListItem","position":2,"name":"Athma Shanthi Puja"}]},{"@type":"WebSite","@id":"https:\/\/mypalmleaf.com\/#website","url":"https:\/\/mypalmleaf.com\/","name":"My Palm Leaf","description":"","potentialAction":[{"@type":"SearchAction","target":{"@type":"EntryPoint","urlTemplate":"https:\/\/mypalmleaf.com\/?s={search_term_string}"},"query-input":{"@type":"PropertyValueSpecification","valueRequired":true,"valueName":"search_term_string"}}],"inLanguage":"ro-RO"}]}},"_links":{"self":[{"href":"https:\/\/mypalmleaf.com\/ro\/wp-json\/wp\/v2\/pages\/45502","targetHints":{"allow":["GET"]}}],"collection":[{"href":"https:\/\/mypalmleaf.com\/ro\/wp-json\/wp\/v2\/pages"}],"about":[{"href":"https:\/\/mypalmleaf.com\/ro\/wp-json\/wp\/v2\/types\/page"}],"author":[{"embeddable":true,"href":"https:\/\/mypalmleaf.com\/ro\/wp-json\/wp\/v2\/users\/1"}],"replies":[{"embeddable":true,"href":"https:\/\/mypalmleaf.com\/ro\/wp-json\/wp\/v2\/comments?post=45502"}],"version-history":[{"count":0,"href":"https:\/\/mypalmleaf.com\/ro\/wp-json\/wp\/v2\/pages\/45502\/revisions"}],"wp:attachment":[{"href":"https:\/\/mypalmleaf.com\/ro\/wp-json\/wp\/v2\/media?parent=45502"}],"curies":[{"name":"wp","href":"https:\/\/api.w.org\/{rel}","templated":true}]}}