
{"id":38475,"date":"2024-08-03T05:43:59","date_gmt":"2024-08-03T05:43:59","guid":{"rendered":"https:\/\/mypalmleaf.com\/prices\/traducerea-lecturii\/"},"modified":"2025-04-28T12:03:20","modified_gmt":"2025-04-28T12:03:20","slug":"traducerea-lecturii","status":"publish","type":"product","link":"https:\/\/mypalmleaf.com\/ro\/prices\/traducerea-lecturii\/","title":{"rendered":"Traducerea lecturii"},"content":{"rendered":"<p>Dac\u0103 a\u021bi rezervat o lectur\u0103 \u00een limba englez\u0103 \u0219i dori\u021bi s\u0103 ad\u0103uga\u021bi traducerea \u00eentr-o alt\u0103 limb\u0103, v\u0103 rug\u0103m s\u0103 rezerva\u021bi acest serviciu aici.<\/p>\n","protected":false},"excerpt":{"rendered":"<p>Dac\u0103 a\u021bi rezervat o lectur\u0103 \u00een limba englez\u0103 \u0219i dori\u021bi s\u0103 ad\u0103uga\u021bi traducerea \u00eentr-o alt\u0103 limb\u0103, v\u0103 rug\u0103m s\u0103 rezerva\u021bi acest serviciu aici.<\/p>\n","protected":false},"featured_media":10099,"comment_status":"open","ping_status":"closed","template":"","meta":{"_acf_changed":false},"product_brand":[],"product_cat":[361],"product_tag":[],"class_list":{"0":"post-38475","1":"product","2":"type-product","3":"status-publish","4":"has-post-thumbnail","6":"product_cat-fara-categorie","8":"first","9":"instock","10":"taxable","11":"shipping-taxable","12":"purchasable","13":"product-type-variable"},"exclude_global_add_ons":[],"addons":[],"acf":[],"yoast_head":"<!-- This site is optimized with the Yoast SEO plugin v26.4 - https:\/\/yoast.com\/wordpress\/plugins\/seo\/ -->\n<title>Traducerea lecturii - My Palm Leaf<\/title>\n<meta name=\"description\" content=\"Beneficiaz\u0103 de serviciul de traducere a lecturii pentru a \u00een\u021belege profund mesajele din frunza ta de palmier, ghid\u00e2ndu-te \u00een calea ta spiritual\u0103 \u0219i personal\u0103.\" \/>\n<meta name=\"robots\" content=\"index, follow, max-snippet:-1, max-image-preview:large, max-video-preview:-1\" \/>\n<link rel=\"canonical\" href=\"https:\/\/mypalmleaf.com\/prices\/translation-of-the-reading\/\" \/>\n<meta property=\"og:locale\" content=\"ro_RO\" \/>\n<meta property=\"og:type\" content=\"article\" \/>\n<meta property=\"og:title\" content=\"Traducerea lecturii - My Palm Leaf\" \/>\n<meta property=\"og:description\" content=\"Beneficiaz\u0103 de serviciul de traducere a lecturii pentru a \u00een\u021belege profund mesajele din frunza ta de palmier, ghid\u00e2ndu-te \u00een calea ta spiritual\u0103 \u0219i personal\u0103.\" \/>\n<meta property=\"og:url\" content=\"https:\/\/mypalmleaf.com\/prices\/translation-of-the-reading\/\" \/>\n<meta property=\"og:site_name\" content=\"My Palm Leaf\" \/>\n<meta property=\"article:modified_time\" content=\"2025-04-28T12:03:20+00:00\" \/>\n<meta property=\"og:image\" content=\"https:\/\/mypalmleaf.com\/wp-content\/uploads\/2024\/09\/services-thumb-1-1-1.jpg\" \/>\n\t<meta property=\"og:image:width\" content=\"800\" \/>\n\t<meta property=\"og:image:height\" content=\"444\" \/>\n\t<meta property=\"og:image:type\" content=\"image\/jpeg\" \/>\n<meta name=\"twitter:card\" content=\"summary_large_image\" \/>\n<meta name=\"twitter:label1\" content=\"Timp estimat pentru citire\" \/>\n\t<meta name=\"twitter:data1\" content=\"1 minut\" \/>\n<script type=\"application\/ld+json\" class=\"yoast-schema-graph\">{\"@context\":\"https:\/\/schema.org\",\"@graph\":[{\"@type\":\"WebPage\",\"@id\":\"https:\/\/mypalmleaf.com\/prices\/translation-of-the-reading\/\",\"url\":\"https:\/\/mypalmleaf.com\/prices\/translation-of-the-reading\/\",\"name\":\"Traducerea lecturii - My Palm Leaf\",\"isPartOf\":{\"@id\":\"https:\/\/mypalmleaf.com\/#website\"},\"primaryImageOfPage\":{\"@id\":\"https:\/\/mypalmleaf.com\/prices\/translation-of-the-reading\/#primaryimage\"},\"image\":{\"@id\":\"https:\/\/mypalmleaf.com\/prices\/translation-of-the-reading\/#primaryimage\"},\"thumbnailUrl\":\"https:\/\/mypalmleaf.com\/wp-content\/uploads\/2024\/09\/services-thumb-1-1-1.jpg\",\"datePublished\":\"2024-08-03T05:43:59+00:00\",\"dateModified\":\"2025-04-28T12:03:20+00:00\",\"description\":\"Beneficiaz\u0103 de serviciul de traducere a lecturii pentru a \u00een\u021belege profund mesajele din frunza ta de palmier, ghid\u00e2ndu-te \u00een calea ta spiritual\u0103 \u0219i personal\u0103.\",\"breadcrumb\":{\"@id\":\"https:\/\/mypalmleaf.com\/prices\/translation-of-the-reading\/#breadcrumb\"},\"inLanguage\":\"ro-RO\",\"potentialAction\":[{\"@type\":\"ReadAction\",\"target\":[\"https:\/\/mypalmleaf.com\/prices\/translation-of-the-reading\/\"]}]},{\"@type\":\"ImageObject\",\"inLanguage\":\"ro-RO\",\"@id\":\"https:\/\/mypalmleaf.com\/prices\/translation-of-the-reading\/#primaryimage\",\"url\":\"https:\/\/mypalmleaf.com\/wp-content\/uploads\/2024\/09\/services-thumb-1-1-1.jpg\",\"contentUrl\":\"https:\/\/mypalmleaf.com\/wp-content\/uploads\/2024\/09\/services-thumb-1-1-1.jpg\",\"width\":800,\"height\":444,\"caption\":\"Nadi astrology-01\"},{\"@type\":\"BreadcrumbList\",\"@id\":\"https:\/\/mypalmleaf.com\/prices\/translation-of-the-reading\/#breadcrumb\",\"itemListElement\":[{\"@type\":\"ListItem\",\"position\":1,\"name\":\"Home\",\"item\":\"https:\/\/mypalmleaf.com\/ro\/\"},{\"@type\":\"ListItem\",\"position\":2,\"name\":\"Shop\",\"item\":\"https:\/\/mypalmleaf.com\/et\/shop\/\"},{\"@type\":\"ListItem\",\"position\":3,\"name\":\"Traducerea lecturii\"}]},{\"@type\":\"WebSite\",\"@id\":\"https:\/\/mypalmleaf.com\/#website\",\"url\":\"https:\/\/mypalmleaf.com\/\",\"name\":\"My Palm Leaf\",\"description\":\"\",\"potentialAction\":[{\"@type\":\"SearchAction\",\"target\":{\"@type\":\"EntryPoint\",\"urlTemplate\":\"https:\/\/mypalmleaf.com\/?s={search_term_string}\"},\"query-input\":{\"@type\":\"PropertyValueSpecification\",\"valueRequired\":true,\"valueName\":\"search_term_string\"}}],\"inLanguage\":\"ro-RO\"}]}<\/script>\n<!-- \/ Yoast SEO plugin. -->","yoast_head_json":{"title":"Traducerea lecturii - My Palm Leaf","description":"Beneficiaz\u0103 de serviciul de traducere a lecturii pentru a \u00een\u021belege profund mesajele din frunza ta de palmier, ghid\u00e2ndu-te \u00een calea ta spiritual\u0103 \u0219i personal\u0103.","robots":{"index":"index","follow":"follow","max-snippet":"max-snippet:-1","max-image-preview":"max-image-preview:large","max-video-preview":"max-video-preview:-1"},"canonical":"https:\/\/mypalmleaf.com\/prices\/translation-of-the-reading\/","og_locale":"ro_RO","og_type":"article","og_title":"Traducerea lecturii - My Palm Leaf","og_description":"Beneficiaz\u0103 de serviciul de traducere a lecturii pentru a \u00een\u021belege profund mesajele din frunza ta de palmier, ghid\u00e2ndu-te \u00een calea ta spiritual\u0103 \u0219i personal\u0103.","og_url":"https:\/\/mypalmleaf.com\/prices\/translation-of-the-reading\/","og_site_name":"My Palm Leaf","article_modified_time":"2025-04-28T12:03:20+00:00","og_image":[{"width":800,"height":444,"url":"https:\/\/mypalmleaf.com\/wp-content\/uploads\/2024\/09\/services-thumb-1-1-1.jpg","type":"image\/jpeg"}],"twitter_card":"summary_large_image","twitter_misc":{"Timp estimat pentru citire":"1 minut"},"schema":{"@context":"https:\/\/schema.org","@graph":[{"@type":"WebPage","@id":"https:\/\/mypalmleaf.com\/prices\/translation-of-the-reading\/","url":"https:\/\/mypalmleaf.com\/prices\/translation-of-the-reading\/","name":"Traducerea lecturii - My Palm Leaf","isPartOf":{"@id":"https:\/\/mypalmleaf.com\/#website"},"primaryImageOfPage":{"@id":"https:\/\/mypalmleaf.com\/prices\/translation-of-the-reading\/#primaryimage"},"image":{"@id":"https:\/\/mypalmleaf.com\/prices\/translation-of-the-reading\/#primaryimage"},"thumbnailUrl":"https:\/\/mypalmleaf.com\/wp-content\/uploads\/2024\/09\/services-thumb-1-1-1.jpg","datePublished":"2024-08-03T05:43:59+00:00","dateModified":"2025-04-28T12:03:20+00:00","description":"Beneficiaz\u0103 de serviciul de traducere a lecturii pentru a \u00een\u021belege profund mesajele din frunza ta de palmier, ghid\u00e2ndu-te \u00een calea ta spiritual\u0103 \u0219i personal\u0103.","breadcrumb":{"@id":"https:\/\/mypalmleaf.com\/prices\/translation-of-the-reading\/#breadcrumb"},"inLanguage":"ro-RO","potentialAction":[{"@type":"ReadAction","target":["https:\/\/mypalmleaf.com\/prices\/translation-of-the-reading\/"]}]},{"@type":"ImageObject","inLanguage":"ro-RO","@id":"https:\/\/mypalmleaf.com\/prices\/translation-of-the-reading\/#primaryimage","url":"https:\/\/mypalmleaf.com\/wp-content\/uploads\/2024\/09\/services-thumb-1-1-1.jpg","contentUrl":"https:\/\/mypalmleaf.com\/wp-content\/uploads\/2024\/09\/services-thumb-1-1-1.jpg","width":800,"height":444,"caption":"Nadi astrology-01"},{"@type":"BreadcrumbList","@id":"https:\/\/mypalmleaf.com\/prices\/translation-of-the-reading\/#breadcrumb","itemListElement":[{"@type":"ListItem","position":1,"name":"Home","item":"https:\/\/mypalmleaf.com\/ro\/"},{"@type":"ListItem","position":2,"name":"Shop","item":"https:\/\/mypalmleaf.com\/et\/shop\/"},{"@type":"ListItem","position":3,"name":"Traducerea lecturii"}]},{"@type":"WebSite","@id":"https:\/\/mypalmleaf.com\/#website","url":"https:\/\/mypalmleaf.com\/","name":"My Palm Leaf","description":"","potentialAction":[{"@type":"SearchAction","target":{"@type":"EntryPoint","urlTemplate":"https:\/\/mypalmleaf.com\/?s={search_term_string}"},"query-input":{"@type":"PropertyValueSpecification","valueRequired":true,"valueName":"search_term_string"}}],"inLanguage":"ro-RO"}]}},"_links":{"self":[{"href":"https:\/\/mypalmleaf.com\/ro\/wp-json\/wp\/v2\/product\/38475","targetHints":{"allow":["GET"]}}],"collection":[{"href":"https:\/\/mypalmleaf.com\/ro\/wp-json\/wp\/v2\/product"}],"about":[{"href":"https:\/\/mypalmleaf.com\/ro\/wp-json\/wp\/v2\/types\/product"}],"replies":[{"embeddable":true,"href":"https:\/\/mypalmleaf.com\/ro\/wp-json\/wp\/v2\/comments?post=38475"}],"wp:featuredmedia":[{"embeddable":true,"href":"https:\/\/mypalmleaf.com\/ro\/wp-json\/wp\/v2\/media\/10099"}],"wp:attachment":[{"href":"https:\/\/mypalmleaf.com\/ro\/wp-json\/wp\/v2\/media?parent=38475"}],"wp:term":[{"taxonomy":"product_brand","embeddable":true,"href":"https:\/\/mypalmleaf.com\/ro\/wp-json\/wp\/v2\/product_brand?post=38475"},{"taxonomy":"product_cat","embeddable":true,"href":"https:\/\/mypalmleaf.com\/ro\/wp-json\/wp\/v2\/product_cat?post=38475"},{"taxonomy":"product_tag","embeddable":true,"href":"https:\/\/mypalmleaf.com\/ro\/wp-json\/wp\/v2\/product_tag?post=38475"}],"curies":[{"name":"wp","href":"https:\/\/api.w.org\/{rel}","templated":true}]}}