
{"id":38740,"date":"2024-03-04T10:58:10","date_gmt":"2024-03-04T10:58:10","guid":{"rendered":"https:\/\/mypalmleaf.com\/prices\/pelerinaj-virtual\/"},"modified":"2025-04-28T12:20:01","modified_gmt":"2025-04-28T12:20:01","slug":"pelerinaj-virtual","status":"publish","type":"product","link":"https:\/\/mypalmleaf.com\/ro\/prices\/pelerinaj-virtual\/","title":{"rendered":"Pelerinaj virtual"},"content":{"rendered":"<p class=\"mb-4\">Pelerinajul virtual la templele Navagraha este conceput pentru a v\u0103 ajuta s\u0103 elimina\u021bi blocajele karmice prin conectarea cu energia celor nou\u0103 planete \u0219i armonizarea influen\u021bei lor asupra vie\u021bii dumneavoastr\u0103.  <\/p>\n<p class=\"mb-4\">Este o modalitate puternic\u0103, dar simpl\u0103, de a \u00eembun\u0103t\u0103\u021bi condi\u021biile karmice \u0219i de a transforma blocajele existente.<br \/>\nAcest pelerinaj poate fi efectuat pentru dumneavoastr\u0103 sau pentru o persoan\u0103 drag\u0103. <\/p>\n<p>Pelerinajul virtual include:<\/p>\n<ul class=\"mb-4\">\n<li>Ceremonii efectuate pentru dvs. la templele Navagraha<\/li>\n<li>Acces la un grup WhatsApp &amp; Telegram cu actualiz\u0103ri zilnice \u00een timpul pelerinajului<\/li>\n<li>Dona\u021bii f\u0103cute \u00een numele dvs. templelor \u0219i celor afla\u021bi \u00een nevoie<\/li>\n<\/ul>\n<p class=\"mb-4\">Suveniruri sacre (pentru a doua op\u021biune):<br \/> Acestea sunt obiecte binecuv\u00e2ntate provenite din temple sau din apropierea acestora, impregnate cu energia lor.<br \/> De\u0219i nu putem specifica \u00een prealabil articolele exacte, acestea servesc drept punte de leg\u0103tur\u0103 cu energia templului.<br \/> Pentru a v\u0103 face o idee la ce s\u0103 v\u0103 a\u0219tepta\u021bi, pute\u021bi <a href=\"https:\/\/www.youtube.com\/watch?v=09WQJn8M8SA\" class=\"text-body\" data-lity=\"\">viziona acest videoclip<\/a> de la un pelerinaj anterior.<\/p>\n<p><strong>Not\u0103:<\/strong> Pentru suvenirurile sacre este inclus\u0103 expedierea gratuit\u0103 \u00een \u00eentreaga lume.<\/p>\n","protected":false},"excerpt":{"rendered":"<p>Pelerinajul virtual la templele Navagraha<\/strong> este conceput pentru a ajuta la eliminarea blocajelor karmice prin conectarea cu energia celor nou\u0103 planete, armoniz\u00e2nd influen\u021ba lor asupra vie\u021bii tale&#8230;<\/p>\n","protected":false},"featured_media":3508,"comment_status":"open","ping_status":"closed","template":"","meta":{"_acf_changed":false},"product_brand":[],"product_cat":[361],"product_tag":[],"class_list":{"0":"post-38740","1":"product","2":"type-product","3":"status-publish","4":"has-post-thumbnail","6":"product_cat-fara-categorie","8":"first","9":"instock","10":"purchasable","11":"product-type-variable"},"exclude_global_add_ons":[],"addons":[],"acf":[],"yoast_head":"<!-- This site is optimized with the Yoast SEO plugin v26.4 - https:\/\/yoast.com\/wordpress\/plugins\/seo\/ -->\n<title>Pelerinaj virtual - My Palm Leaf<\/title>\n<meta name=\"description\" content=\"Particip\u0103 la un pelerinaj virtual sacru, c\u0103l\u0103torind \u00een loca\u021bii spirituale din India \u0219i conect\u00e2ndu-te la energia divin\u0103 a locurilor sfinte importante.\" \/>\n<meta name=\"robots\" content=\"index, follow, max-snippet:-1, max-image-preview:large, max-video-preview:-1\" \/>\n<link rel=\"canonical\" href=\"https:\/\/mypalmleaf.com\/ro\/prices\/pelerinaj-virtual\/\" \/>\n<meta property=\"og:locale\" content=\"ro_RO\" \/>\n<meta property=\"og:type\" content=\"article\" \/>\n<meta property=\"og:title\" content=\"Pelerinaj virtual - My Palm Leaf\" \/>\n<meta property=\"og:description\" content=\"Particip\u0103 la un pelerinaj virtual sacru, c\u0103l\u0103torind \u00een loca\u021bii spirituale din India \u0219i conect\u00e2ndu-te la energia divin\u0103 a locurilor sfinte importante.\" \/>\n<meta property=\"og:url\" content=\"https:\/\/mypalmleaf.com\/ro\/prices\/pelerinaj-virtual\/\" \/>\n<meta property=\"og:site_name\" content=\"My Palm Leaf\" \/>\n<meta property=\"article:modified_time\" content=\"2025-04-28T12:20:01+00:00\" \/>\n<meta property=\"og:image\" content=\"https:\/\/mypalmleaf.com\/wp-content\/uploads\/2024\/09\/mantra-product-page-18.jpg\" \/>\n\t<meta property=\"og:image:width\" content=\"1280\" \/>\n\t<meta property=\"og:image:height\" content=\"720\" \/>\n\t<meta property=\"og:image:type\" content=\"image\/jpeg\" \/>\n<meta name=\"twitter:card\" content=\"summary_large_image\" \/>\n<meta name=\"twitter:label1\" content=\"Timp estimat pentru citire\" \/>\n\t<meta name=\"twitter:data1\" content=\"1 minut\" \/>\n<script type=\"application\/ld+json\" class=\"yoast-schema-graph\">{\"@context\":\"https:\/\/schema.org\",\"@graph\":[{\"@type\":\"WebPage\",\"@id\":\"https:\/\/mypalmleaf.com\/ro\/prices\/pelerinaj-virtual\/\",\"url\":\"https:\/\/mypalmleaf.com\/ro\/prices\/pelerinaj-virtual\/\",\"name\":\"Pelerinaj virtual - My Palm Leaf\",\"isPartOf\":{\"@id\":\"https:\/\/mypalmleaf.com\/#website\"},\"primaryImageOfPage\":{\"@id\":\"https:\/\/mypalmleaf.com\/ro\/prices\/pelerinaj-virtual\/#primaryimage\"},\"image\":{\"@id\":\"https:\/\/mypalmleaf.com\/ro\/prices\/pelerinaj-virtual\/#primaryimage\"},\"thumbnailUrl\":\"https:\/\/mypalmleaf.com\/wp-content\/uploads\/2024\/09\/mantra-product-page-18.jpg\",\"datePublished\":\"2024-03-04T10:58:10+00:00\",\"dateModified\":\"2025-04-28T12:20:01+00:00\",\"description\":\"Particip\u0103 la un pelerinaj virtual sacru, c\u0103l\u0103torind \u00een loca\u021bii spirituale din India \u0219i conect\u00e2ndu-te la energia divin\u0103 a locurilor sfinte importante.\",\"breadcrumb\":{\"@id\":\"https:\/\/mypalmleaf.com\/ro\/prices\/pelerinaj-virtual\/#breadcrumb\"},\"inLanguage\":\"ro-RO\",\"potentialAction\":[{\"@type\":\"ReadAction\",\"target\":[\"https:\/\/mypalmleaf.com\/ro\/prices\/pelerinaj-virtual\/\"]}]},{\"@type\":\"ImageObject\",\"inLanguage\":\"ro-RO\",\"@id\":\"https:\/\/mypalmleaf.com\/ro\/prices\/pelerinaj-virtual\/#primaryimage\",\"url\":\"https:\/\/mypalmleaf.com\/wp-content\/uploads\/2024\/09\/mantra-product-page-18.jpg\",\"contentUrl\":\"https:\/\/mypalmleaf.com\/wp-content\/uploads\/2024\/09\/mantra-product-page-18.jpg\",\"width\":1280,\"height\":720,\"caption\":\"Statue of Gods\"},{\"@type\":\"BreadcrumbList\",\"@id\":\"https:\/\/mypalmleaf.com\/ro\/prices\/pelerinaj-virtual\/#breadcrumb\",\"itemListElement\":[{\"@type\":\"ListItem\",\"position\":1,\"name\":\"Home\",\"item\":\"https:\/\/mypalmleaf.com\/ro\/\"},{\"@type\":\"ListItem\",\"position\":2,\"name\":\"Shop\",\"item\":\"https:\/\/mypalmleaf.com\/et\/shop\/\"},{\"@type\":\"ListItem\",\"position\":3,\"name\":\"Pelerinaj virtual\"}]},{\"@type\":\"WebSite\",\"@id\":\"https:\/\/mypalmleaf.com\/#website\",\"url\":\"https:\/\/mypalmleaf.com\/\",\"name\":\"My Palm Leaf\",\"description\":\"\",\"potentialAction\":[{\"@type\":\"SearchAction\",\"target\":{\"@type\":\"EntryPoint\",\"urlTemplate\":\"https:\/\/mypalmleaf.com\/?s={search_term_string}\"},\"query-input\":{\"@type\":\"PropertyValueSpecification\",\"valueRequired\":true,\"valueName\":\"search_term_string\"}}],\"inLanguage\":\"ro-RO\"}]}<\/script>\n<!-- \/ Yoast SEO plugin. -->","yoast_head_json":{"title":"Pelerinaj virtual - My Palm Leaf","description":"Particip\u0103 la un pelerinaj virtual sacru, c\u0103l\u0103torind \u00een loca\u021bii spirituale din India \u0219i conect\u00e2ndu-te la energia divin\u0103 a locurilor sfinte importante.","robots":{"index":"index","follow":"follow","max-snippet":"max-snippet:-1","max-image-preview":"max-image-preview:large","max-video-preview":"max-video-preview:-1"},"canonical":"https:\/\/mypalmleaf.com\/ro\/prices\/pelerinaj-virtual\/","og_locale":"ro_RO","og_type":"article","og_title":"Pelerinaj virtual - My Palm Leaf","og_description":"Particip\u0103 la un pelerinaj virtual sacru, c\u0103l\u0103torind \u00een loca\u021bii spirituale din India \u0219i conect\u00e2ndu-te la energia divin\u0103 a locurilor sfinte importante.","og_url":"https:\/\/mypalmleaf.com\/ro\/prices\/pelerinaj-virtual\/","og_site_name":"My Palm Leaf","article_modified_time":"2025-04-28T12:20:01+00:00","og_image":[{"width":1280,"height":720,"url":"https:\/\/mypalmleaf.com\/wp-content\/uploads\/2024\/09\/mantra-product-page-18.jpg","type":"image\/jpeg"}],"twitter_card":"summary_large_image","twitter_misc":{"Timp estimat pentru citire":"1 minut"},"schema":{"@context":"https:\/\/schema.org","@graph":[{"@type":"WebPage","@id":"https:\/\/mypalmleaf.com\/ro\/prices\/pelerinaj-virtual\/","url":"https:\/\/mypalmleaf.com\/ro\/prices\/pelerinaj-virtual\/","name":"Pelerinaj virtual - My Palm Leaf","isPartOf":{"@id":"https:\/\/mypalmleaf.com\/#website"},"primaryImageOfPage":{"@id":"https:\/\/mypalmleaf.com\/ro\/prices\/pelerinaj-virtual\/#primaryimage"},"image":{"@id":"https:\/\/mypalmleaf.com\/ro\/prices\/pelerinaj-virtual\/#primaryimage"},"thumbnailUrl":"https:\/\/mypalmleaf.com\/wp-content\/uploads\/2024\/09\/mantra-product-page-18.jpg","datePublished":"2024-03-04T10:58:10+00:00","dateModified":"2025-04-28T12:20:01+00:00","description":"Particip\u0103 la un pelerinaj virtual sacru, c\u0103l\u0103torind \u00een loca\u021bii spirituale din India \u0219i conect\u00e2ndu-te la energia divin\u0103 a locurilor sfinte importante.","breadcrumb":{"@id":"https:\/\/mypalmleaf.com\/ro\/prices\/pelerinaj-virtual\/#breadcrumb"},"inLanguage":"ro-RO","potentialAction":[{"@type":"ReadAction","target":["https:\/\/mypalmleaf.com\/ro\/prices\/pelerinaj-virtual\/"]}]},{"@type":"ImageObject","inLanguage":"ro-RO","@id":"https:\/\/mypalmleaf.com\/ro\/prices\/pelerinaj-virtual\/#primaryimage","url":"https:\/\/mypalmleaf.com\/wp-content\/uploads\/2024\/09\/mantra-product-page-18.jpg","contentUrl":"https:\/\/mypalmleaf.com\/wp-content\/uploads\/2024\/09\/mantra-product-page-18.jpg","width":1280,"height":720,"caption":"Statue of Gods"},{"@type":"BreadcrumbList","@id":"https:\/\/mypalmleaf.com\/ro\/prices\/pelerinaj-virtual\/#breadcrumb","itemListElement":[{"@type":"ListItem","position":1,"name":"Home","item":"https:\/\/mypalmleaf.com\/ro\/"},{"@type":"ListItem","position":2,"name":"Shop","item":"https:\/\/mypalmleaf.com\/et\/shop\/"},{"@type":"ListItem","position":3,"name":"Pelerinaj virtual"}]},{"@type":"WebSite","@id":"https:\/\/mypalmleaf.com\/#website","url":"https:\/\/mypalmleaf.com\/","name":"My Palm Leaf","description":"","potentialAction":[{"@type":"SearchAction","target":{"@type":"EntryPoint","urlTemplate":"https:\/\/mypalmleaf.com\/?s={search_term_string}"},"query-input":{"@type":"PropertyValueSpecification","valueRequired":true,"valueName":"search_term_string"}}],"inLanguage":"ro-RO"}]}},"_links":{"self":[{"href":"https:\/\/mypalmleaf.com\/ro\/wp-json\/wp\/v2\/product\/38740","targetHints":{"allow":["GET"]}}],"collection":[{"href":"https:\/\/mypalmleaf.com\/ro\/wp-json\/wp\/v2\/product"}],"about":[{"href":"https:\/\/mypalmleaf.com\/ro\/wp-json\/wp\/v2\/types\/product"}],"replies":[{"embeddable":true,"href":"https:\/\/mypalmleaf.com\/ro\/wp-json\/wp\/v2\/comments?post=38740"}],"wp:featuredmedia":[{"embeddable":true,"href":"https:\/\/mypalmleaf.com\/ro\/wp-json\/wp\/v2\/media\/3508"}],"wp:attachment":[{"href":"https:\/\/mypalmleaf.com\/ro\/wp-json\/wp\/v2\/media?parent=38740"}],"wp:term":[{"taxonomy":"product_brand","embeddable":true,"href":"https:\/\/mypalmleaf.com\/ro\/wp-json\/wp\/v2\/product_brand?post=38740"},{"taxonomy":"product_cat","embeddable":true,"href":"https:\/\/mypalmleaf.com\/ro\/wp-json\/wp\/v2\/product_cat?post=38740"},{"taxonomy":"product_tag","embeddable":true,"href":"https:\/\/mypalmleaf.com\/ro\/wp-json\/wp\/v2\/product_tag?post=38740"}],"curies":[{"name":"wp","href":"https:\/\/api.w.org\/{rel}","templated":true}]}}