
{"id":38848,"date":"2024-09-04T10:44:34","date_gmt":"2024-09-04T10:44:34","guid":{"rendered":"https:\/\/mypalmleaf.com\/prices\/malas-margele-de-rugaciune-lucrate-manual\/"},"modified":"2025-04-28T12:19:31","modified_gmt":"2025-04-28T12:19:31","slug":"malas-margele-de-rugaciune-lucrate-manual","status":"publish","type":"product","link":"https:\/\/mypalmleaf.com\/ro\/prices\/malas-margele-de-rugaciune-lucrate-manual\/","title":{"rendered":"Malas &#8211; m\u0103rgele de rug\u0103ciune lucrate manual"},"content":{"rendered":"<p>Mala, sau m\u0103rgeaua de rug\u0103ciune, este un instrument puternic \u00een practica mantrei, conceput pentru a v\u0103 ajuta s\u0103 v\u0103 men\u021bine\u021bi concentrarea \u0219i s\u0103 v\u0103 aprofunda\u021bi medita\u021bia. Fiecare Mala este infuzat\u0103 cu energia practicii tale, servind ca un companion spiritual \u00een c\u0103l\u0103toria ta. Oferim dou\u0103 variante unice, fiecare realizat\u0103 cu grij\u0103 \u0219i scop:<\/p>\n<ul>\n<li><strong>Rudraksha Mala din Himalaya<\/strong><br \/>\nAceast\u0103 Mala tradi\u021bional\u0103 este realizat\u0103 din semin\u021be sacre Rudraksha, venerate pentru semnifica\u021bia lor spiritual\u0103 \u0219i asocierea cu Shiva. Cunoscute pentru capacitatea lor de a sus\u021bine medita\u021bia profund\u0103, aceste m\u0103rgele sunt ob\u021binute cu grij\u0103 din regiunea Himalaya \u0219i se crede c\u0103 sporesc cre\u0219terea spiritual\u0103 \u0219i protec\u021bia. Rudraksha Mala va fi expediat\u0103 la u\u0219a dvs., purt\u00e2nd energia sacr\u0103 a originii sale.<\/li>\n<li><strong>Mala realizat\u0103 manual de artizanul nostru, Spanda<\/strong><br \/>\nPentru o experien\u021b\u0103 mai personalizat\u0103, alege\u021bi o Mala premium, realizat\u0103 manual de artistul nostru Mala, Spanda. \u00cenainte de a \u00eencepe s\u0103 v\u0103 creeze Mala, Spanda va purta un apel video cu dvs. pentru a discuta despre inten\u021biile dvs., energiile pe care dori\u021bi s\u0103 le invita\u021bi \u00een via\u021ba dvs. \u0219i preferin\u021bele dvs. pentru pietrele semipre\u021bioase. Apoi va crea manual Mala special pentru dvs., infuz\u00e2nd-o cu binecuv\u00e2nt\u0103ri \u0219i energie spiritual\u0103 \u00eenainte de a o trimite \u00een calea dvs. Aceast\u0103 Mala personalizat\u0103 este mai mult dec\u00e2t un instrument de medita\u021bie; este o reflectare a c\u0103l\u0103toriei tale spirituale personale.<\/li>\n<\/ul>\n","protected":false},"excerpt":{"rendered":"<p>O Mala, sau m\u0103rgea de rug\u0103ciune, este un instrument puternic \u00een practica mantrei, conceput pentru a v\u0103 ajuta s\u0103 v\u0103 men\u021bine\u021bi concentrarea \u0219i s\u0103 v\u0103 aprofunda\u021bi medita\u021bia.<\/p>\n","protected":false},"featured_media":4191,"comment_status":"open","ping_status":"closed","template":"","meta":{"_acf_changed":false},"product_brand":[],"product_cat":[361],"product_tag":[],"class_list":{"0":"post-38848","1":"product","2":"type-product","3":"status-publish","4":"has-post-thumbnail","6":"product_cat-fara-categorie","7":"product_shipping_class-produs-fizic","9":"first","10":"instock","11":"taxable","12":"shipping-taxable","13":"purchasable","14":"product-type-variable"},"exclude_global_add_ons":[],"addons":[],"acf":[],"yoast_head":"<!-- This site is optimized with the Yoast SEO plugin v26.4 - https:\/\/yoast.com\/wordpress\/plugins\/seo\/ -->\n<title>Malas - m\u0103rgele de rug\u0103ciune lucrate manual - My Palm Leaf<\/title>\n<meta name=\"description\" content=\"Descoper\u0103 colec\u021bia de mal\u0101s lucrate manual \u2013 bijuterii sacre pentru medita\u021bie, inten\u021bie \u0219i armonizare energetic\u0103 profund\u0103 \u0219i divin\u0103.\" \/>\n<meta name=\"robots\" content=\"index, follow, max-snippet:-1, max-image-preview:large, max-video-preview:-1\" \/>\n<link rel=\"canonical\" href=\"https:\/\/mypalmleaf.com\/ro\/prices\/malas-margele-de-rugaciune-lucrate-manual\/\" \/>\n<meta property=\"og:locale\" content=\"ro_RO\" \/>\n<meta property=\"og:type\" content=\"article\" \/>\n<meta property=\"og:title\" content=\"Malas - m\u0103rgele de rug\u0103ciune lucrate manual - My Palm Leaf\" \/>\n<meta property=\"og:description\" content=\"Descoper\u0103 colec\u021bia de mal\u0101s lucrate manual \u2013 bijuterii sacre pentru medita\u021bie, inten\u021bie \u0219i armonizare energetic\u0103 profund\u0103 \u0219i divin\u0103.\" \/>\n<meta property=\"og:url\" content=\"https:\/\/mypalmleaf.com\/ro\/prices\/malas-margele-de-rugaciune-lucrate-manual\/\" \/>\n<meta property=\"og:site_name\" content=\"My Palm Leaf\" \/>\n<meta property=\"article:modified_time\" content=\"2025-04-28T12:19:31+00:00\" \/>\n<meta property=\"og:image\" content=\"https:\/\/mypalmleaf.com\/wp-content\/uploads\/2024\/09\/mala.jpg\" \/>\n\t<meta property=\"og:image:width\" content=\"1280\" \/>\n\t<meta property=\"og:image:height\" content=\"720\" \/>\n\t<meta property=\"og:image:type\" content=\"image\/jpeg\" \/>\n<meta name=\"twitter:card\" content=\"summary_large_image\" \/>\n<meta name=\"twitter:label1\" content=\"Timp estimat pentru citire\" \/>\n\t<meta name=\"twitter:data1\" content=\"2 minute\" \/>\n<script type=\"application\/ld+json\" class=\"yoast-schema-graph\">{\"@context\":\"https:\/\/schema.org\",\"@graph\":[{\"@type\":\"WebPage\",\"@id\":\"https:\/\/mypalmleaf.com\/ro\/prices\/malas-margele-de-rugaciune-lucrate-manual\/\",\"url\":\"https:\/\/mypalmleaf.com\/ro\/prices\/malas-margele-de-rugaciune-lucrate-manual\/\",\"name\":\"Malas - m\u0103rgele de rug\u0103ciune lucrate manual - My Palm Leaf\",\"isPartOf\":{\"@id\":\"https:\/\/mypalmleaf.com\/#website\"},\"primaryImageOfPage\":{\"@id\":\"https:\/\/mypalmleaf.com\/ro\/prices\/malas-margele-de-rugaciune-lucrate-manual\/#primaryimage\"},\"image\":{\"@id\":\"https:\/\/mypalmleaf.com\/ro\/prices\/malas-margele-de-rugaciune-lucrate-manual\/#primaryimage\"},\"thumbnailUrl\":\"https:\/\/mypalmleaf.com\/wp-content\/uploads\/2024\/09\/mala.jpg\",\"datePublished\":\"2024-09-04T10:44:34+00:00\",\"dateModified\":\"2025-04-28T12:19:31+00:00\",\"description\":\"Descoper\u0103 colec\u021bia de mal\u0101s lucrate manual \u2013 bijuterii sacre pentru medita\u021bie, inten\u021bie \u0219i armonizare energetic\u0103 profund\u0103 \u0219i divin\u0103.\",\"breadcrumb\":{\"@id\":\"https:\/\/mypalmleaf.com\/ro\/prices\/malas-margele-de-rugaciune-lucrate-manual\/#breadcrumb\"},\"inLanguage\":\"ro-RO\",\"potentialAction\":[{\"@type\":\"ReadAction\",\"target\":[\"https:\/\/mypalmleaf.com\/ro\/prices\/malas-margele-de-rugaciune-lucrate-manual\/\"]}]},{\"@type\":\"ImageObject\",\"inLanguage\":\"ro-RO\",\"@id\":\"https:\/\/mypalmleaf.com\/ro\/prices\/malas-margele-de-rugaciune-lucrate-manual\/#primaryimage\",\"url\":\"https:\/\/mypalmleaf.com\/wp-content\/uploads\/2024\/09\/mala.jpg\",\"contentUrl\":\"https:\/\/mypalmleaf.com\/wp-content\/uploads\/2024\/09\/mala.jpg\",\"width\":1280,\"height\":720,\"caption\":\"mala\"},{\"@type\":\"BreadcrumbList\",\"@id\":\"https:\/\/mypalmleaf.com\/ro\/prices\/malas-margele-de-rugaciune-lucrate-manual\/#breadcrumb\",\"itemListElement\":[{\"@type\":\"ListItem\",\"position\":1,\"name\":\"Home\",\"item\":\"https:\/\/mypalmleaf.com\/ro\/\"},{\"@type\":\"ListItem\",\"position\":2,\"name\":\"Shop\",\"item\":\"https:\/\/mypalmleaf.com\/et\/shop\/\"},{\"@type\":\"ListItem\",\"position\":3,\"name\":\"Malas &#8211; m\u0103rgele de rug\u0103ciune lucrate manual\"}]},{\"@type\":\"WebSite\",\"@id\":\"https:\/\/mypalmleaf.com\/#website\",\"url\":\"https:\/\/mypalmleaf.com\/\",\"name\":\"My Palm Leaf\",\"description\":\"\",\"potentialAction\":[{\"@type\":\"SearchAction\",\"target\":{\"@type\":\"EntryPoint\",\"urlTemplate\":\"https:\/\/mypalmleaf.com\/?s={search_term_string}\"},\"query-input\":{\"@type\":\"PropertyValueSpecification\",\"valueRequired\":true,\"valueName\":\"search_term_string\"}}],\"inLanguage\":\"ro-RO\"}]}<\/script>\n<!-- \/ Yoast SEO plugin. -->","yoast_head_json":{"title":"Malas - m\u0103rgele de rug\u0103ciune lucrate manual - My Palm Leaf","description":"Descoper\u0103 colec\u021bia de mal\u0101s lucrate manual \u2013 bijuterii sacre pentru medita\u021bie, inten\u021bie \u0219i armonizare energetic\u0103 profund\u0103 \u0219i divin\u0103.","robots":{"index":"index","follow":"follow","max-snippet":"max-snippet:-1","max-image-preview":"max-image-preview:large","max-video-preview":"max-video-preview:-1"},"canonical":"https:\/\/mypalmleaf.com\/ro\/prices\/malas-margele-de-rugaciune-lucrate-manual\/","og_locale":"ro_RO","og_type":"article","og_title":"Malas - m\u0103rgele de rug\u0103ciune lucrate manual - My Palm Leaf","og_description":"Descoper\u0103 colec\u021bia de mal\u0101s lucrate manual \u2013 bijuterii sacre pentru medita\u021bie, inten\u021bie \u0219i armonizare energetic\u0103 profund\u0103 \u0219i divin\u0103.","og_url":"https:\/\/mypalmleaf.com\/ro\/prices\/malas-margele-de-rugaciune-lucrate-manual\/","og_site_name":"My Palm Leaf","article_modified_time":"2025-04-28T12:19:31+00:00","og_image":[{"width":1280,"height":720,"url":"https:\/\/mypalmleaf.com\/wp-content\/uploads\/2024\/09\/mala.jpg","type":"image\/jpeg"}],"twitter_card":"summary_large_image","twitter_misc":{"Timp estimat pentru citire":"2 minute"},"schema":{"@context":"https:\/\/schema.org","@graph":[{"@type":"WebPage","@id":"https:\/\/mypalmleaf.com\/ro\/prices\/malas-margele-de-rugaciune-lucrate-manual\/","url":"https:\/\/mypalmleaf.com\/ro\/prices\/malas-margele-de-rugaciune-lucrate-manual\/","name":"Malas - m\u0103rgele de rug\u0103ciune lucrate manual - My Palm Leaf","isPartOf":{"@id":"https:\/\/mypalmleaf.com\/#website"},"primaryImageOfPage":{"@id":"https:\/\/mypalmleaf.com\/ro\/prices\/malas-margele-de-rugaciune-lucrate-manual\/#primaryimage"},"image":{"@id":"https:\/\/mypalmleaf.com\/ro\/prices\/malas-margele-de-rugaciune-lucrate-manual\/#primaryimage"},"thumbnailUrl":"https:\/\/mypalmleaf.com\/wp-content\/uploads\/2024\/09\/mala.jpg","datePublished":"2024-09-04T10:44:34+00:00","dateModified":"2025-04-28T12:19:31+00:00","description":"Descoper\u0103 colec\u021bia de mal\u0101s lucrate manual \u2013 bijuterii sacre pentru medita\u021bie, inten\u021bie \u0219i armonizare energetic\u0103 profund\u0103 \u0219i divin\u0103.","breadcrumb":{"@id":"https:\/\/mypalmleaf.com\/ro\/prices\/malas-margele-de-rugaciune-lucrate-manual\/#breadcrumb"},"inLanguage":"ro-RO","potentialAction":[{"@type":"ReadAction","target":["https:\/\/mypalmleaf.com\/ro\/prices\/malas-margele-de-rugaciune-lucrate-manual\/"]}]},{"@type":"ImageObject","inLanguage":"ro-RO","@id":"https:\/\/mypalmleaf.com\/ro\/prices\/malas-margele-de-rugaciune-lucrate-manual\/#primaryimage","url":"https:\/\/mypalmleaf.com\/wp-content\/uploads\/2024\/09\/mala.jpg","contentUrl":"https:\/\/mypalmleaf.com\/wp-content\/uploads\/2024\/09\/mala.jpg","width":1280,"height":720,"caption":"mala"},{"@type":"BreadcrumbList","@id":"https:\/\/mypalmleaf.com\/ro\/prices\/malas-margele-de-rugaciune-lucrate-manual\/#breadcrumb","itemListElement":[{"@type":"ListItem","position":1,"name":"Home","item":"https:\/\/mypalmleaf.com\/ro\/"},{"@type":"ListItem","position":2,"name":"Shop","item":"https:\/\/mypalmleaf.com\/et\/shop\/"},{"@type":"ListItem","position":3,"name":"Malas &#8211; m\u0103rgele de rug\u0103ciune lucrate manual"}]},{"@type":"WebSite","@id":"https:\/\/mypalmleaf.com\/#website","url":"https:\/\/mypalmleaf.com\/","name":"My Palm Leaf","description":"","potentialAction":[{"@type":"SearchAction","target":{"@type":"EntryPoint","urlTemplate":"https:\/\/mypalmleaf.com\/?s={search_term_string}"},"query-input":{"@type":"PropertyValueSpecification","valueRequired":true,"valueName":"search_term_string"}}],"inLanguage":"ro-RO"}]}},"_links":{"self":[{"href":"https:\/\/mypalmleaf.com\/ro\/wp-json\/wp\/v2\/product\/38848","targetHints":{"allow":["GET"]}}],"collection":[{"href":"https:\/\/mypalmleaf.com\/ro\/wp-json\/wp\/v2\/product"}],"about":[{"href":"https:\/\/mypalmleaf.com\/ro\/wp-json\/wp\/v2\/types\/product"}],"replies":[{"embeddable":true,"href":"https:\/\/mypalmleaf.com\/ro\/wp-json\/wp\/v2\/comments?post=38848"}],"wp:featuredmedia":[{"embeddable":true,"href":"https:\/\/mypalmleaf.com\/ro\/wp-json\/wp\/v2\/media\/4191"}],"wp:attachment":[{"href":"https:\/\/mypalmleaf.com\/ro\/wp-json\/wp\/v2\/media?parent=38848"}],"wp:term":[{"taxonomy":"product_brand","embeddable":true,"href":"https:\/\/mypalmleaf.com\/ro\/wp-json\/wp\/v2\/product_brand?post=38848"},{"taxonomy":"product_cat","embeddable":true,"href":"https:\/\/mypalmleaf.com\/ro\/wp-json\/wp\/v2\/product_cat?post=38848"},{"taxonomy":"product_tag","embeddable":true,"href":"https:\/\/mypalmleaf.com\/ro\/wp-json\/wp\/v2\/product_tag?post=38848"}],"curies":[{"name":"wp","href":"https:\/\/api.w.org\/{rel}","templated":true}]}}