
{"id":38880,"date":"2024-09-04T10:45:22","date_gmt":"2024-09-04T10:45:22","guid":{"rendered":"https:\/\/mypalmleaf.com\/prices\/apel-de-consultare-de-60-min-cu-unul-dintre-moderatorii-nostri\/"},"modified":"2025-04-17T09:06:23","modified_gmt":"2025-04-17T09:06:23","slug":"apel-de-consultare-de-60-min-cu-unul-dintre-moderatorii-nostri","status":"publish","type":"product","link":"https:\/\/mypalmleaf.com\/ro\/prices\/apel-de-consultare-de-60-min-cu-unul-dintre-moderatorii-nostri\/","title":{"rendered":"Apel de consultare de 60 min cu unul dintre moderatorii no\u0219tri"},"content":{"rendered":"<p>Citirea Palm Leaf poate ini\u021bia procese transforma\u021bionale profunde, care \u00een cele din urm\u0103 v\u0103 vor conduce la mai mult\u0103 fericire, dar poate fi \u0219i o provocare. \u00cen cazul \u00een care dori\u021bi sprijin \u00een integrarea informa\u021biilor \u0219i a experien\u021bei \u00een via\u021ba dumneavoastr\u0103, oferim apeluri de integrare \u0219i coaching prin Zoom.<\/p>\n<p>Pute\u021bi <a href=\"\/integration-and-guidance-calls\/\">vedea aici<\/a> care dintre ghizii no\u0219tri centra\u021bi pe inim\u0103 sunt disponibili pentru apeluri de integrare. Dup\u0103 ce rezerva\u021bi apelul, ve\u021bi primi linkuri c\u0103tre toate calendarele lor \u0219i pute\u021bi alege din datele lor disponibile, c\u00e2nd dori\u021bi s\u0103 ave\u021bi \u00eent\u00e2lnirea.<\/p>\n","protected":false},"excerpt":{"rendered":"<p>Citirea frunzei de palmier poate ini\u021bia procese transforma\u021bionale profunde, care \u00een cele din urm\u0103 v\u0103 vor conduce la mai mult\u0103 fericire, dar poate fi \u0219i o provocare&#8230;<\/p>\n","protected":false},"featured_media":44427,"comment_status":"open","ping_status":"closed","template":"","meta":{"_acf_changed":false},"product_brand":[],"product_cat":[361],"product_tag":[],"class_list":{"0":"post-38880","1":"product","2":"type-product","3":"status-publish","4":"has-post-thumbnail","6":"product_cat-fara-categorie","8":"first","9":"instock","10":"taxable","11":"shipping-taxable","12":"purchasable","13":"product-type-variable"},"exclude_global_add_ons":[],"addons":[],"acf":[],"yoast_head":"<!-- This site is optimized with the Yoast SEO plugin v26.4 - https:\/\/yoast.com\/wordpress\/plugins\/seo\/ -->\n<title>Consultare de 60 min cu un moderator - My Palm Leaf<\/title>\n<meta name=\"description\" content=\"Programeaz\u0103 o consulta\u021bie de 60 minute cu un moderator experimentat. Prime\u0219te claritate \u0219i r\u0103spunsuri prin revela\u021biile din lectura frunzei tale de palmier.\" \/>\n<meta name=\"robots\" content=\"index, follow, max-snippet:-1, max-image-preview:large, max-video-preview:-1\" \/>\n<link rel=\"canonical\" href=\"https:\/\/mypalmleaf.com\/ro\/prices\/apel-de-consultare-de-60-min-cu-unul-dintre-moderatorii-nostri\/\" \/>\n<meta property=\"og:locale\" content=\"ro_RO\" \/>\n<meta property=\"og:type\" content=\"article\" \/>\n<meta property=\"og:title\" content=\"Consultare de 60 min cu un moderator - My Palm Leaf\" \/>\n<meta property=\"og:description\" content=\"Programeaz\u0103 o consulta\u021bie de 60 minute cu un moderator experimentat. Prime\u0219te claritate \u0219i r\u0103spunsuri prin revela\u021biile din lectura frunzei tale de palmier.\" \/>\n<meta property=\"og:url\" content=\"https:\/\/mypalmleaf.com\/ro\/prices\/apel-de-consultare-de-60-min-cu-unul-dintre-moderatorii-nostri\/\" \/>\n<meta property=\"og:site_name\" content=\"My Palm Leaf\" \/>\n<meta property=\"article:modified_time\" content=\"2025-04-17T09:06:23+00:00\" \/>\n<meta property=\"og:image\" content=\"https:\/\/mypalmleaf.com\/wp-content\/uploads\/2024\/09\/integrationcall-prd-thumb2.jpg\" \/>\n\t<meta property=\"og:image:width\" content=\"819\" \/>\n\t<meta property=\"og:image:height\" content=\"464\" \/>\n\t<meta property=\"og:image:type\" content=\"image\/jpeg\" \/>\n<meta name=\"twitter:card\" content=\"summary_large_image\" \/>\n<meta name=\"twitter:label1\" content=\"Timp estimat pentru citire\" \/>\n\t<meta name=\"twitter:data1\" content=\"1 minut\" \/>\n<script type=\"application\/ld+json\" class=\"yoast-schema-graph\">{\"@context\":\"https:\/\/schema.org\",\"@graph\":[{\"@type\":\"WebPage\",\"@id\":\"https:\/\/mypalmleaf.com\/ro\/prices\/apel-de-consultare-de-60-min-cu-unul-dintre-moderatorii-nostri\/\",\"url\":\"https:\/\/mypalmleaf.com\/ro\/prices\/apel-de-consultare-de-60-min-cu-unul-dintre-moderatorii-nostri\/\",\"name\":\"Consultare de 60 min cu un moderator - My Palm Leaf\",\"isPartOf\":{\"@id\":\"https:\/\/mypalmleaf.com\/#website\"},\"primaryImageOfPage\":{\"@id\":\"https:\/\/mypalmleaf.com\/ro\/prices\/apel-de-consultare-de-60-min-cu-unul-dintre-moderatorii-nostri\/#primaryimage\"},\"image\":{\"@id\":\"https:\/\/mypalmleaf.com\/ro\/prices\/apel-de-consultare-de-60-min-cu-unul-dintre-moderatorii-nostri\/#primaryimage\"},\"thumbnailUrl\":\"https:\/\/mypalmleaf.com\/wp-content\/uploads\/2024\/09\/integrationcall-prd-thumb2.jpg\",\"datePublished\":\"2024-09-04T10:45:22+00:00\",\"dateModified\":\"2025-04-17T09:06:23+00:00\",\"description\":\"Programeaz\u0103 o consulta\u021bie de 60 minute cu un moderator experimentat. Prime\u0219te claritate \u0219i r\u0103spunsuri prin revela\u021biile din lectura frunzei tale de palmier.\",\"breadcrumb\":{\"@id\":\"https:\/\/mypalmleaf.com\/ro\/prices\/apel-de-consultare-de-60-min-cu-unul-dintre-moderatorii-nostri\/#breadcrumb\"},\"inLanguage\":\"ro-RO\",\"potentialAction\":[{\"@type\":\"ReadAction\",\"target\":[\"https:\/\/mypalmleaf.com\/ro\/prices\/apel-de-consultare-de-60-min-cu-unul-dintre-moderatorii-nostri\/\"]}]},{\"@type\":\"ImageObject\",\"inLanguage\":\"ro-RO\",\"@id\":\"https:\/\/mypalmleaf.com\/ro\/prices\/apel-de-consultare-de-60-min-cu-unul-dintre-moderatorii-nostri\/#primaryimage\",\"url\":\"https:\/\/mypalmleaf.com\/wp-content\/uploads\/2024\/09\/integrationcall-prd-thumb2.jpg\",\"contentUrl\":\"https:\/\/mypalmleaf.com\/wp-content\/uploads\/2024\/09\/integrationcall-prd-thumb2.jpg\",\"width\":819,\"height\":464,\"caption\":\"listening\"},{\"@type\":\"BreadcrumbList\",\"@id\":\"https:\/\/mypalmleaf.com\/ro\/prices\/apel-de-consultare-de-60-min-cu-unul-dintre-moderatorii-nostri\/#breadcrumb\",\"itemListElement\":[{\"@type\":\"ListItem\",\"position\":1,\"name\":\"Home\",\"item\":\"https:\/\/mypalmleaf.com\/ro\/\"},{\"@type\":\"ListItem\",\"position\":2,\"name\":\"Shop\",\"item\":\"https:\/\/mypalmleaf.com\/et\/shop\/\"},{\"@type\":\"ListItem\",\"position\":3,\"name\":\"Apel de consultare de 60 min cu unul dintre moderatorii no\u0219tri\"}]},{\"@type\":\"WebSite\",\"@id\":\"https:\/\/mypalmleaf.com\/#website\",\"url\":\"https:\/\/mypalmleaf.com\/\",\"name\":\"My Palm Leaf\",\"description\":\"\",\"potentialAction\":[{\"@type\":\"SearchAction\",\"target\":{\"@type\":\"EntryPoint\",\"urlTemplate\":\"https:\/\/mypalmleaf.com\/?s={search_term_string}\"},\"query-input\":{\"@type\":\"PropertyValueSpecification\",\"valueRequired\":true,\"valueName\":\"search_term_string\"}}],\"inLanguage\":\"ro-RO\"}]}<\/script>\n<!-- \/ Yoast SEO plugin. -->","yoast_head_json":{"title":"Consultare de 60 min cu un moderator - My Palm Leaf","description":"Programeaz\u0103 o consulta\u021bie de 60 minute cu un moderator experimentat. Prime\u0219te claritate \u0219i r\u0103spunsuri prin revela\u021biile din lectura frunzei tale de palmier.","robots":{"index":"index","follow":"follow","max-snippet":"max-snippet:-1","max-image-preview":"max-image-preview:large","max-video-preview":"max-video-preview:-1"},"canonical":"https:\/\/mypalmleaf.com\/ro\/prices\/apel-de-consultare-de-60-min-cu-unul-dintre-moderatorii-nostri\/","og_locale":"ro_RO","og_type":"article","og_title":"Consultare de 60 min cu un moderator - My Palm Leaf","og_description":"Programeaz\u0103 o consulta\u021bie de 60 minute cu un moderator experimentat. Prime\u0219te claritate \u0219i r\u0103spunsuri prin revela\u021biile din lectura frunzei tale de palmier.","og_url":"https:\/\/mypalmleaf.com\/ro\/prices\/apel-de-consultare-de-60-min-cu-unul-dintre-moderatorii-nostri\/","og_site_name":"My Palm Leaf","article_modified_time":"2025-04-17T09:06:23+00:00","og_image":[{"width":819,"height":464,"url":"https:\/\/mypalmleaf.com\/wp-content\/uploads\/2024\/09\/integrationcall-prd-thumb2.jpg","type":"image\/jpeg"}],"twitter_card":"summary_large_image","twitter_misc":{"Timp estimat pentru citire":"1 minut"},"schema":{"@context":"https:\/\/schema.org","@graph":[{"@type":"WebPage","@id":"https:\/\/mypalmleaf.com\/ro\/prices\/apel-de-consultare-de-60-min-cu-unul-dintre-moderatorii-nostri\/","url":"https:\/\/mypalmleaf.com\/ro\/prices\/apel-de-consultare-de-60-min-cu-unul-dintre-moderatorii-nostri\/","name":"Consultare de 60 min cu un moderator - My Palm Leaf","isPartOf":{"@id":"https:\/\/mypalmleaf.com\/#website"},"primaryImageOfPage":{"@id":"https:\/\/mypalmleaf.com\/ro\/prices\/apel-de-consultare-de-60-min-cu-unul-dintre-moderatorii-nostri\/#primaryimage"},"image":{"@id":"https:\/\/mypalmleaf.com\/ro\/prices\/apel-de-consultare-de-60-min-cu-unul-dintre-moderatorii-nostri\/#primaryimage"},"thumbnailUrl":"https:\/\/mypalmleaf.com\/wp-content\/uploads\/2024\/09\/integrationcall-prd-thumb2.jpg","datePublished":"2024-09-04T10:45:22+00:00","dateModified":"2025-04-17T09:06:23+00:00","description":"Programeaz\u0103 o consulta\u021bie de 60 minute cu un moderator experimentat. Prime\u0219te claritate \u0219i r\u0103spunsuri prin revela\u021biile din lectura frunzei tale de palmier.","breadcrumb":{"@id":"https:\/\/mypalmleaf.com\/ro\/prices\/apel-de-consultare-de-60-min-cu-unul-dintre-moderatorii-nostri\/#breadcrumb"},"inLanguage":"ro-RO","potentialAction":[{"@type":"ReadAction","target":["https:\/\/mypalmleaf.com\/ro\/prices\/apel-de-consultare-de-60-min-cu-unul-dintre-moderatorii-nostri\/"]}]},{"@type":"ImageObject","inLanguage":"ro-RO","@id":"https:\/\/mypalmleaf.com\/ro\/prices\/apel-de-consultare-de-60-min-cu-unul-dintre-moderatorii-nostri\/#primaryimage","url":"https:\/\/mypalmleaf.com\/wp-content\/uploads\/2024\/09\/integrationcall-prd-thumb2.jpg","contentUrl":"https:\/\/mypalmleaf.com\/wp-content\/uploads\/2024\/09\/integrationcall-prd-thumb2.jpg","width":819,"height":464,"caption":"listening"},{"@type":"BreadcrumbList","@id":"https:\/\/mypalmleaf.com\/ro\/prices\/apel-de-consultare-de-60-min-cu-unul-dintre-moderatorii-nostri\/#breadcrumb","itemListElement":[{"@type":"ListItem","position":1,"name":"Home","item":"https:\/\/mypalmleaf.com\/ro\/"},{"@type":"ListItem","position":2,"name":"Shop","item":"https:\/\/mypalmleaf.com\/et\/shop\/"},{"@type":"ListItem","position":3,"name":"Apel de consultare de 60 min cu unul dintre moderatorii no\u0219tri"}]},{"@type":"WebSite","@id":"https:\/\/mypalmleaf.com\/#website","url":"https:\/\/mypalmleaf.com\/","name":"My Palm Leaf","description":"","potentialAction":[{"@type":"SearchAction","target":{"@type":"EntryPoint","urlTemplate":"https:\/\/mypalmleaf.com\/?s={search_term_string}"},"query-input":{"@type":"PropertyValueSpecification","valueRequired":true,"valueName":"search_term_string"}}],"inLanguage":"ro-RO"}]}},"_links":{"self":[{"href":"https:\/\/mypalmleaf.com\/ro\/wp-json\/wp\/v2\/product\/38880","targetHints":{"allow":["GET"]}}],"collection":[{"href":"https:\/\/mypalmleaf.com\/ro\/wp-json\/wp\/v2\/product"}],"about":[{"href":"https:\/\/mypalmleaf.com\/ro\/wp-json\/wp\/v2\/types\/product"}],"replies":[{"embeddable":true,"href":"https:\/\/mypalmleaf.com\/ro\/wp-json\/wp\/v2\/comments?post=38880"}],"wp:featuredmedia":[{"embeddable":true,"href":"https:\/\/mypalmleaf.com\/ro\/wp-json\/wp\/v2\/media\/44427"}],"wp:attachment":[{"href":"https:\/\/mypalmleaf.com\/ro\/wp-json\/wp\/v2\/media?parent=38880"}],"wp:term":[{"taxonomy":"product_brand","embeddable":true,"href":"https:\/\/mypalmleaf.com\/ro\/wp-json\/wp\/v2\/product_brand?post=38880"},{"taxonomy":"product_cat","embeddable":true,"href":"https:\/\/mypalmleaf.com\/ro\/wp-json\/wp\/v2\/product_cat?post=38880"},{"taxonomy":"product_tag","embeddable":true,"href":"https:\/\/mypalmleaf.com\/ro\/wp-json\/wp\/v2\/product_tag?post=38880"}],"curies":[{"name":"wp","href":"https:\/\/api.w.org\/{rel}","templated":true}]}}