
{"id":38965,"date":"2024-09-04T10:46:48","date_gmt":"2024-09-04T10:46:48","guid":{"rendered":"https:\/\/mypalmleaf.com\/prices\/obtineti-transcrierea-si-rezumatul-citirii-frunzei-de-palmier\/"},"modified":"2025-03-31T12:10:57","modified_gmt":"2025-03-31T12:10:57","slug":"obtineti-transcrierea-si-rezumatul-citirii-frunzei-de-palmier","status":"publish","type":"product","link":"https:\/\/mypalmleaf.com\/ro\/prices\/obtineti-transcrierea-si-rezumatul-citirii-frunzei-de-palmier\/","title":{"rendered":"Ob\u021bine\u021bi transcrierea \u0219i rezumatul citirii frunzei de palmier."},"content":{"rendered":"<p>Vom transcrie, edita \u0219i rezuma citirea frunzei de palmier \u0219i o vom compune \u00eentr-un text u\u0219or de citit \u0219i bine structurat pentru dumneavoastr\u0103.<\/p>\n<p>Acest lucru este foarte util pentru a integra lectura \u0219i pentru a c\u0103uta con\u021binutul acesteia f\u0103r\u0103 a asculta din nou \u00eentreaga \u00eenregistrare.<\/p>\n<p>Acesta con\u021bine, de asemenea, explica\u021bii suplimentare.<\/p>\n<p>NU este posibil s\u0103 rezerva\u021bi acest serviciu f\u0103r\u0103 s\u0103 v\u0103 fi citit mai \u00eent\u00e2i frunza de palmier.<\/p>\n<p>V\u0103 rug\u0103m s\u0103 alege\u021bi mai jos dac\u0103 dori\u021bi s\u0103 fie transcris\u0103 citirea general\u0103 a capitolului sau citirea unor capitole suplimentare.<\/p>\n","protected":false},"excerpt":{"rendered":"<p>Vom transcrie, edita \u0219i rezuma citirea frunzei de palmier \u0219i o vom compune \u00eentr-un text u\u0219or de citit \u0219i bine structurat pentru dumneavoastr\u0103.<br \/>\nAcest lucru este posibil numai dup\u0103 o lectur\u0103 Palm Leaf&#8230;<\/p>\n","protected":false},"featured_media":9970,"comment_status":"open","ping_status":"closed","template":"","meta":{"_acf_changed":false},"product_brand":[],"product_cat":[361],"product_tag":[],"class_list":{"0":"post-38965","1":"product","2":"type-product","3":"status-publish","4":"has-post-thumbnail","6":"product_cat-fara-categorie","8":"first","9":"instock","10":"virtual","11":"taxable","12":"purchasable","13":"product-type-simple"},"exclude_global_add_ons":false,"addons":[{"name":"Capitolul general","type":"checkbox","position":0,"required":false,"title_format":"label","description_enable":true,"description":"General Chapter","placeholder_enable":false,"placeholder":"","display":"select","restrictions_type":"any_text","adjust_price":false,"price":"","price_type":"flat_fee","restrictions":false,"min":0,"max":0,"options":[{"label":"Englez\u0103","price":"59","price_type":"flat_fee","image":0},{"label":"german\u0103","price":"99","price_type":"flat_fee","image":0},{"label":"Japonez\u0103","price":"99","price_type":"flat_fee","image":0},{"label":"Italian\u0103","price":"99","price_type":"flat_fee","image":0},{"label":"Rus\u0103","price":"99","price_type":"flat_fee","image":0},{"label":"francez\u0103","price":"99","price_type":"flat_fee","image":0},{"label":"spaniol\u0103","price":"99","price_type":"flat_fee","image":0}],"id":1731263144},{"name":"Capitole suplimentare","type":"checkbox","position":1,"required":false,"title_format":"label","description_enable":true,"description":"Additional Chapters","placeholder_enable":false,"placeholder":"","display":"select","restrictions_type":"any_text","adjust_price":false,"price":"","price_type":"flat_fee","restrictions":false,"min":0,"max":0,"options":[{"label":"Englez\u0103","price":"18","price_type":"flat_fee","image":0},{"label":"german\u0103","price":"27","price_type":"flat_fee","image":0},{"label":"Japonez\u0103","price":"27","price_type":"flat_fee","image":0},{"label":"Italian\u0103","price":"27","price_type":"flat_fee","image":0},{"label":"Rus\u0103","price":"27","price_type":"flat_fee","image":0},{"label":"francez\u0103","price":"27","price_type":"flat_fee","image":0},{"label":"spaniol\u0103","price":"27","price_type":"flat_fee","image":0}],"id":1731263145},{"name":"Nr. de capitole","type":"checkbox","position":2,"required":false,"title_format":"label","description_enable":true,"description":"No of Chapters","placeholder_enable":false,"placeholder":"","display":"select","restrictions_type":"any_text","adjust_price":false,"price":"","price_type":"flat_fee","restrictions":false,"min":0,"max":0,"options":[{"label":"1","price":"","price_type":"flat_fee","image":0},{"label":"2","price":"","price_type":"flat_fee","image":0},{"label":"3","price":"","price_type":"flat_fee","image":0},{"label":"4","price":"","price_type":"flat_fee","image":0},{"label":"5","price":"","price_type":"flat_fee","image":0},{"label":"6","price":"","price_type":"flat_fee","image":0},{"label":"7","price":"","price_type":"flat_fee","image":0},{"label":"8","price":"","price_type":"flat_fee","image":0},{"label":"9","price":"","price_type":"flat_fee","image":0},{"label":"10","price":"","price_type":"flat_fee","image":0},{"label":"11","price":"","price_type":"flat_fee","image":0},{"label":"12","price":"","price_type":"flat_fee","image":0},{"label":"13","price":"","price_type":"flat_fee","image":0},{"label":"14","price":"","price_type":"flat_fee","image":0},{"label":"15","price":"","price_type":"flat_fee","image":0}],"id":1731263146}],"acf":[],"yoast_head":"<!-- This site is optimized with the Yoast SEO plugin v26.4 - https:\/\/yoast.com\/wordpress\/plugins\/seo\/ -->\n<title>Transcriere citire frunza de palmier - My Palm Leaf<\/title>\n<meta name=\"description\" content=\"Ob\u021bine transcrierea \u0219i rezumatul citirii frunzei de palmier pentru o \u00een\u021belegere profund\u0103 a destinului t\u0103u \u0219i a \u00eenv\u0103\u021b\u0103turilor spirituale revelatoare.\" \/>\n<meta name=\"robots\" content=\"index, follow, max-snippet:-1, max-image-preview:large, max-video-preview:-1\" \/>\n<link rel=\"canonical\" href=\"https:\/\/mypalmleaf.com\/ro\/prices\/obtineti-transcrierea-si-rezumatul-citirii-frunzei-de-palmier\/\" \/>\n<meta property=\"og:locale\" content=\"ro_RO\" \/>\n<meta property=\"og:type\" content=\"article\" \/>\n<meta property=\"og:title\" content=\"Transcriere citire frunza de palmier - My Palm Leaf\" \/>\n<meta property=\"og:description\" content=\"Ob\u021bine transcrierea \u0219i rezumatul citirii frunzei de palmier pentru o \u00een\u021belegere profund\u0103 a destinului t\u0103u \u0219i a \u00eenv\u0103\u021b\u0103turilor spirituale revelatoare.\" \/>\n<meta property=\"og:url\" content=\"https:\/\/mypalmleaf.com\/ro\/prices\/obtineti-transcrierea-si-rezumatul-citirii-frunzei-de-palmier\/\" \/>\n<meta property=\"og:site_name\" content=\"My Palm Leaf\" \/>\n<meta property=\"article:modified_time\" content=\"2025-03-31T12:10:57+00:00\" \/>\n<meta property=\"og:image\" content=\"https:\/\/mypalmleaf.com\/wp-content\/uploads\/2024\/09\/mantra-product-page-4-1.jpg\" \/>\n\t<meta property=\"og:image:width\" content=\"800\" \/>\n\t<meta property=\"og:image:height\" content=\"444\" \/>\n\t<meta property=\"og:image:type\" content=\"image\/jpeg\" \/>\n<meta name=\"twitter:card\" content=\"summary_large_image\" \/>\n<meta name=\"twitter:label1\" content=\"Timp estimat pentru citire\" \/>\n\t<meta name=\"twitter:data1\" content=\"1 minut\" \/>\n<script type=\"application\/ld+json\" class=\"yoast-schema-graph\">{\"@context\":\"https:\/\/schema.org\",\"@graph\":[{\"@type\":\"WebPage\",\"@id\":\"https:\/\/mypalmleaf.com\/ro\/prices\/obtineti-transcrierea-si-rezumatul-citirii-frunzei-de-palmier\/\",\"url\":\"https:\/\/mypalmleaf.com\/ro\/prices\/obtineti-transcrierea-si-rezumatul-citirii-frunzei-de-palmier\/\",\"name\":\"Transcriere citire frunza de palmier - My Palm Leaf\",\"isPartOf\":{\"@id\":\"https:\/\/mypalmleaf.com\/#website\"},\"primaryImageOfPage\":{\"@id\":\"https:\/\/mypalmleaf.com\/ro\/prices\/obtineti-transcrierea-si-rezumatul-citirii-frunzei-de-palmier\/#primaryimage\"},\"image\":{\"@id\":\"https:\/\/mypalmleaf.com\/ro\/prices\/obtineti-transcrierea-si-rezumatul-citirii-frunzei-de-palmier\/#primaryimage\"},\"thumbnailUrl\":\"https:\/\/mypalmleaf.com\/wp-content\/uploads\/2024\/09\/mantra-product-page-4-1.jpg\",\"datePublished\":\"2024-09-04T10:46:48+00:00\",\"dateModified\":\"2025-03-31T12:10:57+00:00\",\"description\":\"Ob\u021bine transcrierea \u0219i rezumatul citirii frunzei de palmier pentru o \u00een\u021belegere profund\u0103 a destinului t\u0103u \u0219i a \u00eenv\u0103\u021b\u0103turilor spirituale revelatoare.\",\"breadcrumb\":{\"@id\":\"https:\/\/mypalmleaf.com\/ro\/prices\/obtineti-transcrierea-si-rezumatul-citirii-frunzei-de-palmier\/#breadcrumb\"},\"inLanguage\":\"ro-RO\",\"potentialAction\":[{\"@type\":\"ReadAction\",\"target\":[\"https:\/\/mypalmleaf.com\/ro\/prices\/obtineti-transcrierea-si-rezumatul-citirii-frunzei-de-palmier\/\"]}]},{\"@type\":\"ImageObject\",\"inLanguage\":\"ro-RO\",\"@id\":\"https:\/\/mypalmleaf.com\/ro\/prices\/obtineti-transcrierea-si-rezumatul-citirii-frunzei-de-palmier\/#primaryimage\",\"url\":\"https:\/\/mypalmleaf.com\/wp-content\/uploads\/2024\/09\/mantra-product-page-4-1.jpg\",\"contentUrl\":\"https:\/\/mypalmleaf.com\/wp-content\/uploads\/2024\/09\/mantra-product-page-4-1.jpg\",\"width\":800,\"height\":444,\"caption\":\"Envelope\"},{\"@type\":\"BreadcrumbList\",\"@id\":\"https:\/\/mypalmleaf.com\/ro\/prices\/obtineti-transcrierea-si-rezumatul-citirii-frunzei-de-palmier\/#breadcrumb\",\"itemListElement\":[{\"@type\":\"ListItem\",\"position\":1,\"name\":\"Home\",\"item\":\"https:\/\/mypalmleaf.com\/ro\/\"},{\"@type\":\"ListItem\",\"position\":2,\"name\":\"Shop\",\"item\":\"https:\/\/mypalmleaf.com\/et\/shop\/\"},{\"@type\":\"ListItem\",\"position\":3,\"name\":\"Ob\u021bine\u021bi transcrierea \u0219i rezumatul citirii frunzei de palmier.\"}]},{\"@type\":\"WebSite\",\"@id\":\"https:\/\/mypalmleaf.com\/#website\",\"url\":\"https:\/\/mypalmleaf.com\/\",\"name\":\"My Palm Leaf\",\"description\":\"\",\"potentialAction\":[{\"@type\":\"SearchAction\",\"target\":{\"@type\":\"EntryPoint\",\"urlTemplate\":\"https:\/\/mypalmleaf.com\/?s={search_term_string}\"},\"query-input\":{\"@type\":\"PropertyValueSpecification\",\"valueRequired\":true,\"valueName\":\"search_term_string\"}}],\"inLanguage\":\"ro-RO\"}]}<\/script>\n<!-- \/ Yoast SEO plugin. -->","yoast_head_json":{"title":"Transcriere citire frunza de palmier - My Palm Leaf","description":"Ob\u021bine transcrierea \u0219i rezumatul citirii frunzei de palmier pentru o \u00een\u021belegere profund\u0103 a destinului t\u0103u \u0219i a \u00eenv\u0103\u021b\u0103turilor spirituale revelatoare.","robots":{"index":"index","follow":"follow","max-snippet":"max-snippet:-1","max-image-preview":"max-image-preview:large","max-video-preview":"max-video-preview:-1"},"canonical":"https:\/\/mypalmleaf.com\/ro\/prices\/obtineti-transcrierea-si-rezumatul-citirii-frunzei-de-palmier\/","og_locale":"ro_RO","og_type":"article","og_title":"Transcriere citire frunza de palmier - My Palm Leaf","og_description":"Ob\u021bine transcrierea \u0219i rezumatul citirii frunzei de palmier pentru o \u00een\u021belegere profund\u0103 a destinului t\u0103u \u0219i a \u00eenv\u0103\u021b\u0103turilor spirituale revelatoare.","og_url":"https:\/\/mypalmleaf.com\/ro\/prices\/obtineti-transcrierea-si-rezumatul-citirii-frunzei-de-palmier\/","og_site_name":"My Palm Leaf","article_modified_time":"2025-03-31T12:10:57+00:00","og_image":[{"width":800,"height":444,"url":"https:\/\/mypalmleaf.com\/wp-content\/uploads\/2024\/09\/mantra-product-page-4-1.jpg","type":"image\/jpeg"}],"twitter_card":"summary_large_image","twitter_misc":{"Timp estimat pentru citire":"1 minut"},"schema":{"@context":"https:\/\/schema.org","@graph":[{"@type":"WebPage","@id":"https:\/\/mypalmleaf.com\/ro\/prices\/obtineti-transcrierea-si-rezumatul-citirii-frunzei-de-palmier\/","url":"https:\/\/mypalmleaf.com\/ro\/prices\/obtineti-transcrierea-si-rezumatul-citirii-frunzei-de-palmier\/","name":"Transcriere citire frunza de palmier - My Palm Leaf","isPartOf":{"@id":"https:\/\/mypalmleaf.com\/#website"},"primaryImageOfPage":{"@id":"https:\/\/mypalmleaf.com\/ro\/prices\/obtineti-transcrierea-si-rezumatul-citirii-frunzei-de-palmier\/#primaryimage"},"image":{"@id":"https:\/\/mypalmleaf.com\/ro\/prices\/obtineti-transcrierea-si-rezumatul-citirii-frunzei-de-palmier\/#primaryimage"},"thumbnailUrl":"https:\/\/mypalmleaf.com\/wp-content\/uploads\/2024\/09\/mantra-product-page-4-1.jpg","datePublished":"2024-09-04T10:46:48+00:00","dateModified":"2025-03-31T12:10:57+00:00","description":"Ob\u021bine transcrierea \u0219i rezumatul citirii frunzei de palmier pentru o \u00een\u021belegere profund\u0103 a destinului t\u0103u \u0219i a \u00eenv\u0103\u021b\u0103turilor spirituale revelatoare.","breadcrumb":{"@id":"https:\/\/mypalmleaf.com\/ro\/prices\/obtineti-transcrierea-si-rezumatul-citirii-frunzei-de-palmier\/#breadcrumb"},"inLanguage":"ro-RO","potentialAction":[{"@type":"ReadAction","target":["https:\/\/mypalmleaf.com\/ro\/prices\/obtineti-transcrierea-si-rezumatul-citirii-frunzei-de-palmier\/"]}]},{"@type":"ImageObject","inLanguage":"ro-RO","@id":"https:\/\/mypalmleaf.com\/ro\/prices\/obtineti-transcrierea-si-rezumatul-citirii-frunzei-de-palmier\/#primaryimage","url":"https:\/\/mypalmleaf.com\/wp-content\/uploads\/2024\/09\/mantra-product-page-4-1.jpg","contentUrl":"https:\/\/mypalmleaf.com\/wp-content\/uploads\/2024\/09\/mantra-product-page-4-1.jpg","width":800,"height":444,"caption":"Envelope"},{"@type":"BreadcrumbList","@id":"https:\/\/mypalmleaf.com\/ro\/prices\/obtineti-transcrierea-si-rezumatul-citirii-frunzei-de-palmier\/#breadcrumb","itemListElement":[{"@type":"ListItem","position":1,"name":"Home","item":"https:\/\/mypalmleaf.com\/ro\/"},{"@type":"ListItem","position":2,"name":"Shop","item":"https:\/\/mypalmleaf.com\/et\/shop\/"},{"@type":"ListItem","position":3,"name":"Ob\u021bine\u021bi transcrierea \u0219i rezumatul citirii frunzei de palmier."}]},{"@type":"WebSite","@id":"https:\/\/mypalmleaf.com\/#website","url":"https:\/\/mypalmleaf.com\/","name":"My Palm Leaf","description":"","potentialAction":[{"@type":"SearchAction","target":{"@type":"EntryPoint","urlTemplate":"https:\/\/mypalmleaf.com\/?s={search_term_string}"},"query-input":{"@type":"PropertyValueSpecification","valueRequired":true,"valueName":"search_term_string"}}],"inLanguage":"ro-RO"}]}},"_links":{"self":[{"href":"https:\/\/mypalmleaf.com\/ro\/wp-json\/wp\/v2\/product\/38965","targetHints":{"allow":["GET"]}}],"collection":[{"href":"https:\/\/mypalmleaf.com\/ro\/wp-json\/wp\/v2\/product"}],"about":[{"href":"https:\/\/mypalmleaf.com\/ro\/wp-json\/wp\/v2\/types\/product"}],"replies":[{"embeddable":true,"href":"https:\/\/mypalmleaf.com\/ro\/wp-json\/wp\/v2\/comments?post=38965"}],"wp:featuredmedia":[{"embeddable":true,"href":"https:\/\/mypalmleaf.com\/ro\/wp-json\/wp\/v2\/media\/9970"}],"wp:attachment":[{"href":"https:\/\/mypalmleaf.com\/ro\/wp-json\/wp\/v2\/media?parent=38965"}],"wp:term":[{"taxonomy":"product_brand","embeddable":true,"href":"https:\/\/mypalmleaf.com\/ro\/wp-json\/wp\/v2\/product_brand?post=38965"},{"taxonomy":"product_cat","embeddable":true,"href":"https:\/\/mypalmleaf.com\/ro\/wp-json\/wp\/v2\/product_cat?post=38965"},{"taxonomy":"product_tag","embeddable":true,"href":"https:\/\/mypalmleaf.com\/ro\/wp-json\/wp\/v2\/product_tag?post=38965"}],"curies":[{"name":"wp","href":"https:\/\/api.w.org\/{rel}","templated":true}]}}