{"id":38999,"date":"2024-09-04T10:59:13","date_gmt":"2024-09-04T10:59:13","guid":{"rendered":"https:\/\/mypalmleaf.com\/prices\/athma-shanthi-puja-ritual-special-pentru-a-ajuta-sufletul-unei-persoane-care-a-decedat-sa-se-odihneasca-in-pace\/"},"modified":"2025-08-04T13:14:17","modified_gmt":"2025-08-04T13:14:17","slug":"athma-shanthi-puja-ritual-special-pentru-a-ajuta-sufletul-unei-persoane-care-a-decedat-sa-se-odihneasca-in-pace","status":"publish","type":"product","link":"https:\/\/mypalmleaf.com\/ro\/prices\/athma-shanthi-puja-ritual-special-pentru-a-ajuta-sufletul-unei-persoane-care-a-decedat-sa-se-odihneasca-in-pace\/","title":{"rendered":"Atma Shanti Pooja &#8211; O ofrand\u0103 sacr\u0103 pentru pacea sufletelor plecate"},"content":{"rendered":"<p><strong>Atma Shanti Pooja<\/strong><br \/>\nUn ritual sacru pentru a onora \u0219i sprijini sufletul unei persoane dragi care a decedat<\/p>\n<p>Atma Shanti Pooja este o ceremonie vedic\u0103 profund semnificativ\u0103, realizat\u0103 pentru a aduce pace sufletului cuiva care a plecat dintre noi &#8211; mai ales dac\u0103 moartea sa a fost brusc\u0103, nea\u0219teptat\u0103 sau nerezolvat\u0103 emo\u021bional.<\/p>\n<p>Indiferent dac\u0103 moartea a survenit recent sau cu mult timp \u00een urm\u0103, aceast\u0103 pooja ofer\u0103 sprijin spiritual c\u0103l\u0103toriei sufletului, ajut\u00e2ndu-l s\u0103 se \u00eendrepte spre vindecare, rezolvare \u0219i pace. Aceasta poate fi efectuat\u0103 de mai multe ori de-a lungul vie\u021bii, pentru a sprijini continuu c\u0103l\u0103toria sufletului. <\/p>\n<p><strong>Inclusiuni:<\/strong><\/p>\n<ul>\n<li>Atma Shanti Pooja tradi\u021bional\u0103 realizat\u0103 de preo\u021bi vedici experimenta\u021bi<\/li>\n<li>Alege\u021bi data care vi se pare cea mai semnificativ\u0103<\/li>\n<li>Op\u021biunea de a participa la pooja live prin Zoom<\/li>\n<li>\u00cenregistrarea video a ritualului complet<\/li>\n<li>Sprijin \u0219i comunicare bl\u00e2nd\u0103 din partea echipei noastre pe tot parcursul<\/li>\n<\/ul>\n<p>Exist\u0103 o perioad\u0103 special\u0103 \u00een fiecare an, numit\u0103 Pitru Paksha, \u00een care efectuarea Atma Shanti Pooja este considerat\u0103 deosebit de puternic\u0103 \u0219i cu impact spiritual.<\/p>\n<p>\u00cen acest an, perioada Pitru Paksha se \u00eencadreaz\u0103 \u00eentre 7 septembrie \u0219i 21 septembrie 2025. Citi\u021bi mai multe despre aceasta <a href=\"https:\/\/mypalmleaf.com\/zh-hans\/pitru-paksha-2025\/\">aici<\/a>. <\/p>\n","protected":false},"excerpt":{"rendered":"<p>Atma Shanti Pooja este o ceremonie vedic\u0103 profund semnificativ\u0103, realizat\u0103 pentru a aduce pace sufletului cuiva care a plecat dintre noi &#8211; mai ales dac\u0103 moartea sa a fost brusc\u0103, nea\u0219teptat\u0103 sau nerezolvat\u0103 emo\u021bional.<\/p>\n","protected":false},"featured_media":9950,"comment_status":"open","ping_status":"closed","template":"","meta":{"_acf_changed":false},"product_brand":[],"product_cat":[361],"product_tag":[],"class_list":{"0":"post-38999","1":"product","2":"type-product","3":"status-publish","4":"has-post-thumbnail","6":"product_cat-fara-categorie","8":"first","9":"instock","10":"virtual","11":"purchasable","12":"product-type-simple"},"exclude_global_add_ons":[],"addons":[],"acf":[],"yoast_head":"<!-- This site is optimized with the Yoast SEO plugin v26.4 - https:\/\/yoast.com\/wordpress\/plugins\/seo\/ -->\n<title>Athma Shanthi Pooja - Ritual sacru pentru pacea str\u0103mo\u0219ilor no\u0219tri<\/title>\n<meta name=\"description\" content=\"Efectua\u021bi Athma Shanthi Puja pentru a ajuta sufletul unei persoane dragi s\u0103 se odihneasc\u0103 \u00een pace. Acest ritual unic este destinat celor care mor pe nea\u0219teptate. Disponibil prin live stream.\" \/>\n<meta name=\"robots\" content=\"index, follow, max-snippet:-1, max-image-preview:large, max-video-preview:-1\" \/>\n<link rel=\"canonical\" href=\"https:\/\/mypalmleaf.com\/ro\/prices\/athma-shanthi-puja-ritual-special-pentru-a-ajuta-sufletul-unei-persoane-care-a-decedat-sa-se-odihneasca-in-pace\/\" \/>\n<meta property=\"og:locale\" content=\"ro_RO\" \/>\n<meta property=\"og:type\" content=\"article\" \/>\n<meta property=\"og:title\" content=\"Athma Shanthi Pooja - Ritual sacru pentru pacea str\u0103mo\u0219ilor no\u0219tri\" \/>\n<meta property=\"og:description\" content=\"Efectua\u021bi Athma Shanthi Puja pentru a ajuta sufletul unei persoane dragi s\u0103 se odihneasc\u0103 \u00een pace. Acest ritual unic este destinat celor care mor pe nea\u0219teptate. Disponibil prin live stream.\" \/>\n<meta property=\"og:url\" content=\"https:\/\/mypalmleaf.com\/ro\/prices\/athma-shanthi-puja-ritual-special-pentru-a-ajuta-sufletul-unei-persoane-care-a-decedat-sa-se-odihneasca-in-pace\/\" \/>\n<meta property=\"og:site_name\" content=\"My Palm Leaf\" \/>\n<meta property=\"article:modified_time\" content=\"2025-08-04T13:14:17+00:00\" \/>\n<meta property=\"og:image\" content=\"https:\/\/mypalmleaf.com\/wp-content\/uploads\/2024\/09\/mantra-product-page-3-1.jpg\" \/>\n\t<meta property=\"og:image:width\" content=\"800\" \/>\n\t<meta property=\"og:image:height\" content=\"444\" \/>\n\t<meta property=\"og:image:type\" content=\"image\/jpeg\" \/>\n<meta name=\"twitter:card\" content=\"summary_large_image\" \/>\n<meta name=\"twitter:label1\" content=\"Timp estimat pentru citire\" \/>\n\t<meta name=\"twitter:data1\" content=\"1 minut\" \/>\n<script type=\"application\/ld+json\" class=\"yoast-schema-graph\">{\"@context\":\"https:\/\/schema.org\",\"@graph\":[{\"@type\":\"WebPage\",\"@id\":\"https:\/\/mypalmleaf.com\/ro\/prices\/athma-shanthi-puja-ritual-special-pentru-a-ajuta-sufletul-unei-persoane-care-a-decedat-sa-se-odihneasca-in-pace\/\",\"url\":\"https:\/\/mypalmleaf.com\/ro\/prices\/athma-shanthi-puja-ritual-special-pentru-a-ajuta-sufletul-unei-persoane-care-a-decedat-sa-se-odihneasca-in-pace\/\",\"name\":\"Athma Shanthi Pooja - Ritual sacru pentru pacea str\u0103mo\u0219ilor no\u0219tri\",\"isPartOf\":{\"@id\":\"https:\/\/mypalmleaf.com\/#website\"},\"primaryImageOfPage\":{\"@id\":\"https:\/\/mypalmleaf.com\/ro\/prices\/athma-shanthi-puja-ritual-special-pentru-a-ajuta-sufletul-unei-persoane-care-a-decedat-sa-se-odihneasca-in-pace\/#primaryimage\"},\"image\":{\"@id\":\"https:\/\/mypalmleaf.com\/ro\/prices\/athma-shanthi-puja-ritual-special-pentru-a-ajuta-sufletul-unei-persoane-care-a-decedat-sa-se-odihneasca-in-pace\/#primaryimage\"},\"thumbnailUrl\":\"https:\/\/mypalmleaf.com\/wp-content\/uploads\/2024\/09\/mantra-product-page-3-1.jpg\",\"datePublished\":\"2024-09-04T10:59:13+00:00\",\"dateModified\":\"2025-08-04T13:14:17+00:00\",\"description\":\"Efectua\u021bi Athma Shanthi Puja pentru a ajuta sufletul unei persoane dragi s\u0103 se odihneasc\u0103 \u00een pace. Acest ritual unic este destinat celor care mor pe nea\u0219teptate. Disponibil prin live stream.\",\"breadcrumb\":{\"@id\":\"https:\/\/mypalmleaf.com\/ro\/prices\/athma-shanthi-puja-ritual-special-pentru-a-ajuta-sufletul-unei-persoane-care-a-decedat-sa-se-odihneasca-in-pace\/#breadcrumb\"},\"inLanguage\":\"ro-RO\",\"potentialAction\":[{\"@type\":\"ReadAction\",\"target\":[\"https:\/\/mypalmleaf.com\/ro\/prices\/athma-shanthi-puja-ritual-special-pentru-a-ajuta-sufletul-unei-persoane-care-a-decedat-sa-se-odihneasca-in-pace\/\"]}]},{\"@type\":\"ImageObject\",\"inLanguage\":\"ro-RO\",\"@id\":\"https:\/\/mypalmleaf.com\/ro\/prices\/athma-shanthi-puja-ritual-special-pentru-a-ajuta-sufletul-unei-persoane-care-a-decedat-sa-se-odihneasca-in-pace\/#primaryimage\",\"url\":\"https:\/\/mypalmleaf.com\/wp-content\/uploads\/2024\/09\/mantra-product-page-3-1.jpg\",\"contentUrl\":\"https:\/\/mypalmleaf.com\/wp-content\/uploads\/2024\/09\/mantra-product-page-3-1.jpg\",\"width\":800,\"height\":444,\"caption\":\"Homa procedure\"},{\"@type\":\"BreadcrumbList\",\"@id\":\"https:\/\/mypalmleaf.com\/ro\/prices\/athma-shanthi-puja-ritual-special-pentru-a-ajuta-sufletul-unei-persoane-care-a-decedat-sa-se-odihneasca-in-pace\/#breadcrumb\",\"itemListElement\":[{\"@type\":\"ListItem\",\"position\":1,\"name\":\"Home\",\"item\":\"https:\/\/mypalmleaf.com\/ro\/\"},{\"@type\":\"ListItem\",\"position\":2,\"name\":\"Shop\",\"item\":\"https:\/\/mypalmleaf.com\/et\/shop\/\"},{\"@type\":\"ListItem\",\"position\":3,\"name\":\"Atma Shanti Pooja &#8211; O ofrand\u0103 sacr\u0103 pentru pacea sufletelor plecate\"}]},{\"@type\":\"WebSite\",\"@id\":\"https:\/\/mypalmleaf.com\/#website\",\"url\":\"https:\/\/mypalmleaf.com\/\",\"name\":\"My Palm Leaf\",\"description\":\"\",\"potentialAction\":[{\"@type\":\"SearchAction\",\"target\":{\"@type\":\"EntryPoint\",\"urlTemplate\":\"https:\/\/mypalmleaf.com\/?s={search_term_string}\"},\"query-input\":{\"@type\":\"PropertyValueSpecification\",\"valueRequired\":true,\"valueName\":\"search_term_string\"}}],\"inLanguage\":\"ro-RO\"}]}<\/script>\n<!-- \/ Yoast SEO plugin. -->","yoast_head_json":{"title":"Athma Shanthi Pooja - Ritual sacru pentru pacea str\u0103mo\u0219ilor no\u0219tri","description":"Efectua\u021bi Athma Shanthi Puja pentru a ajuta sufletul unei persoane dragi s\u0103 se odihneasc\u0103 \u00een pace. Acest ritual unic este destinat celor care mor pe nea\u0219teptate. Disponibil prin live stream.","robots":{"index":"index","follow":"follow","max-snippet":"max-snippet:-1","max-image-preview":"max-image-preview:large","max-video-preview":"max-video-preview:-1"},"canonical":"https:\/\/mypalmleaf.com\/ro\/prices\/athma-shanthi-puja-ritual-special-pentru-a-ajuta-sufletul-unei-persoane-care-a-decedat-sa-se-odihneasca-in-pace\/","og_locale":"ro_RO","og_type":"article","og_title":"Athma Shanthi Pooja - Ritual sacru pentru pacea str\u0103mo\u0219ilor no\u0219tri","og_description":"Efectua\u021bi Athma Shanthi Puja pentru a ajuta sufletul unei persoane dragi s\u0103 se odihneasc\u0103 \u00een pace. Acest ritual unic este destinat celor care mor pe nea\u0219teptate. Disponibil prin live stream.","og_url":"https:\/\/mypalmleaf.com\/ro\/prices\/athma-shanthi-puja-ritual-special-pentru-a-ajuta-sufletul-unei-persoane-care-a-decedat-sa-se-odihneasca-in-pace\/","og_site_name":"My Palm Leaf","article_modified_time":"2025-08-04T13:14:17+00:00","og_image":[{"width":800,"height":444,"url":"https:\/\/mypalmleaf.com\/wp-content\/uploads\/2024\/09\/mantra-product-page-3-1.jpg","type":"image\/jpeg"}],"twitter_card":"summary_large_image","twitter_misc":{"Timp estimat pentru citire":"1 minut"},"schema":{"@context":"https:\/\/schema.org","@graph":[{"@type":"WebPage","@id":"https:\/\/mypalmleaf.com\/ro\/prices\/athma-shanthi-puja-ritual-special-pentru-a-ajuta-sufletul-unei-persoane-care-a-decedat-sa-se-odihneasca-in-pace\/","url":"https:\/\/mypalmleaf.com\/ro\/prices\/athma-shanthi-puja-ritual-special-pentru-a-ajuta-sufletul-unei-persoane-care-a-decedat-sa-se-odihneasca-in-pace\/","name":"Athma Shanthi Pooja - Ritual sacru pentru pacea str\u0103mo\u0219ilor no\u0219tri","isPartOf":{"@id":"https:\/\/mypalmleaf.com\/#website"},"primaryImageOfPage":{"@id":"https:\/\/mypalmleaf.com\/ro\/prices\/athma-shanthi-puja-ritual-special-pentru-a-ajuta-sufletul-unei-persoane-care-a-decedat-sa-se-odihneasca-in-pace\/#primaryimage"},"image":{"@id":"https:\/\/mypalmleaf.com\/ro\/prices\/athma-shanthi-puja-ritual-special-pentru-a-ajuta-sufletul-unei-persoane-care-a-decedat-sa-se-odihneasca-in-pace\/#primaryimage"},"thumbnailUrl":"https:\/\/mypalmleaf.com\/wp-content\/uploads\/2024\/09\/mantra-product-page-3-1.jpg","datePublished":"2024-09-04T10:59:13+00:00","dateModified":"2025-08-04T13:14:17+00:00","description":"Efectua\u021bi Athma Shanthi Puja pentru a ajuta sufletul unei persoane dragi s\u0103 se odihneasc\u0103 \u00een pace. Acest ritual unic este destinat celor care mor pe nea\u0219teptate. Disponibil prin live stream.","breadcrumb":{"@id":"https:\/\/mypalmleaf.com\/ro\/prices\/athma-shanthi-puja-ritual-special-pentru-a-ajuta-sufletul-unei-persoane-care-a-decedat-sa-se-odihneasca-in-pace\/#breadcrumb"},"inLanguage":"ro-RO","potentialAction":[{"@type":"ReadAction","target":["https:\/\/mypalmleaf.com\/ro\/prices\/athma-shanthi-puja-ritual-special-pentru-a-ajuta-sufletul-unei-persoane-care-a-decedat-sa-se-odihneasca-in-pace\/"]}]},{"@type":"ImageObject","inLanguage":"ro-RO","@id":"https:\/\/mypalmleaf.com\/ro\/prices\/athma-shanthi-puja-ritual-special-pentru-a-ajuta-sufletul-unei-persoane-care-a-decedat-sa-se-odihneasca-in-pace\/#primaryimage","url":"https:\/\/mypalmleaf.com\/wp-content\/uploads\/2024\/09\/mantra-product-page-3-1.jpg","contentUrl":"https:\/\/mypalmleaf.com\/wp-content\/uploads\/2024\/09\/mantra-product-page-3-1.jpg","width":800,"height":444,"caption":"Homa procedure"},{"@type":"BreadcrumbList","@id":"https:\/\/mypalmleaf.com\/ro\/prices\/athma-shanthi-puja-ritual-special-pentru-a-ajuta-sufletul-unei-persoane-care-a-decedat-sa-se-odihneasca-in-pace\/#breadcrumb","itemListElement":[{"@type":"ListItem","position":1,"name":"Home","item":"https:\/\/mypalmleaf.com\/ro\/"},{"@type":"ListItem","position":2,"name":"Shop","item":"https:\/\/mypalmleaf.com\/et\/shop\/"},{"@type":"ListItem","position":3,"name":"Atma Shanti Pooja &#8211; O ofrand\u0103 sacr\u0103 pentru pacea sufletelor plecate"}]},{"@type":"WebSite","@id":"https:\/\/mypalmleaf.com\/#website","url":"https:\/\/mypalmleaf.com\/","name":"My Palm Leaf","description":"","potentialAction":[{"@type":"SearchAction","target":{"@type":"EntryPoint","urlTemplate":"https:\/\/mypalmleaf.com\/?s={search_term_string}"},"query-input":{"@type":"PropertyValueSpecification","valueRequired":true,"valueName":"search_term_string"}}],"inLanguage":"ro-RO"}]}},"_links":{"self":[{"href":"https:\/\/mypalmleaf.com\/ro\/wp-json\/wp\/v2\/product\/38999","targetHints":{"allow":["GET"]}}],"collection":[{"href":"https:\/\/mypalmleaf.com\/ro\/wp-json\/wp\/v2\/product"}],"about":[{"href":"https:\/\/mypalmleaf.com\/ro\/wp-json\/wp\/v2\/types\/product"}],"replies":[{"embeddable":true,"href":"https:\/\/mypalmleaf.com\/ro\/wp-json\/wp\/v2\/comments?post=38999"}],"wp:featuredmedia":[{"embeddable":true,"href":"https:\/\/mypalmleaf.com\/ro\/wp-json\/wp\/v2\/media\/9950"}],"wp:attachment":[{"href":"https:\/\/mypalmleaf.com\/ro\/wp-json\/wp\/v2\/media?parent=38999"}],"wp:term":[{"taxonomy":"product_brand","embeddable":true,"href":"https:\/\/mypalmleaf.com\/ro\/wp-json\/wp\/v2\/product_brand?post=38999"},{"taxonomy":"product_cat","embeddable":true,"href":"https:\/\/mypalmleaf.com\/ro\/wp-json\/wp\/v2\/product_cat?post=38999"},{"taxonomy":"product_tag","embeddable":true,"href":"https:\/\/mypalmleaf.com\/ro\/wp-json\/wp\/v2\/product_tag?post=38999"}],"curies":[{"name":"wp","href":"https:\/\/api.w.org\/{rel}","templated":true}]}}