{"id":39019,"date":"2024-09-04T10:56:25","date_gmt":"2024-09-04T10:56:25","guid":{"rendered":"https:\/\/mypalmleaf.com\/prices\/ceremonia-focului-homa\/"},"modified":"2025-04-24T07:23:19","modified_gmt":"2025-04-24T07:23:19","slug":"ceremonia-focului-homa","status":"publish","type":"product","link":"https:\/\/mypalmleaf.com\/ro\/prices\/ceremonia-focului-homa\/","title":{"rendered":"Ceremonia focului &#8211; Homa"},"content":{"rendered":"<div class=\"description\">\n<p>&#8222;Homa&#8221;, o ceremonie a focului, este un instrument energetic puternic pentru a invita energii benefice \u00een via\u021ba ta \u0219i poate fi efectuat\u0103 \u00een multe scopuri diferite, pentru tine sau pentru cei dragi. Dup\u0103 ce rezerva\u021bi ceremonia focului, ve\u021bi primi un link de calendar pentru a alege c\u00e2nd dori\u021bi s\u0103 fie efectuat\u0103 ceremonia. Ceremonia va fi efectuat\u0103 de preo\u021bi instrui\u021bi \u00eentr-un templu din India \u0219i va fi transmis\u0103 \u00een direct pentru dvs. pe Zoom.<\/p>\n<p>Dac\u0103 ceremonia focului a fost recomandat\u0103 \u00een timpul citirii \u00een palm\u0103, atunci vom verifica ce ceremonie specific\u0103 a fost recomandat\u0103 pentru dvs. \u0219i \u00eel vom anun\u021ba pe preot. Pute\u021bi rezerva ceremonia focului pentru dvs. sau pentru cei dragi \u0219i f\u0103r\u0103 o citire anterioar\u0103 a foilor de palm\u0103. \u00cen acest caz, v\u0103 vom \u00eentreba care este scopul ceremoniei dup\u0103 rezervare.<\/p>\n<\/div>\n","protected":false},"excerpt":{"rendered":"<p>&#8222;Homa&#8221;, o ceremonie a focului, este un instrument energetic puternic pentru a invita energii benefice \u00een via\u021ba ta \u0219i poate fi efectuat\u0103 \u00een multe scopuri diferite pentru tine sau pentru cei dragi. Dup\u0103 ce rezerva\u021bi ceremonia focului, ve\u021bi primi un link c\u0103tre calendar pentru a alege c\u00e2nd dori\u021bi s\u0103 fie efectuat\u0103 ceremonia&#8230; <\/p>\n","protected":false},"featured_media":9911,"comment_status":"open","ping_status":"closed","template":"","meta":{"_acf_changed":false},"product_brand":[],"product_cat":[361],"product_tag":[],"class_list":{"0":"post-39019","1":"product","2":"type-product","3":"status-publish","4":"has-post-thumbnail","6":"product_cat-fara-categorie","8":"first","9":"instock","10":"virtual","11":"purchasable","12":"product-type-simple"},"exclude_global_add_ons":[],"addons":[],"acf":[],"yoast_head":"<!-- This site is optimized with the Yoast SEO plugin v26.4 - https:\/\/yoast.com\/wordpress\/plugins\/seo\/ -->\n<title>Ceremonia focului - Homa - My Palm Leaf<\/title>\n<meta name=\"description\" content=\"Afla\u021bi despre pre\u021burile ceremoniei Homa, un ritual sacru pentru purificare \u0219i protec\u021bie divin\u0103. Participarea aduce binecuv\u00e2nt\u0103ri \u0219i energie pozitiv\u0103.\" \/>\n<meta name=\"robots\" content=\"index, follow, max-snippet:-1, max-image-preview:large, max-video-preview:-1\" \/>\n<link rel=\"canonical\" href=\"https:\/\/mypalmleaf.com\/prices\/fire-ceremony-homa\/\" \/>\n<meta property=\"og:locale\" content=\"ro_RO\" \/>\n<meta property=\"og:type\" content=\"article\" \/>\n<meta property=\"og:title\" content=\"Ceremonia focului - Homa - My Palm Leaf\" \/>\n<meta property=\"og:description\" content=\"Afla\u021bi despre pre\u021burile ceremoniei Homa, un ritual sacru pentru purificare \u0219i protec\u021bie divin\u0103. Participarea aduce binecuv\u00e2nt\u0103ri \u0219i energie pozitiv\u0103.\" \/>\n<meta property=\"og:url\" content=\"https:\/\/mypalmleaf.com\/prices\/fire-ceremony-homa\/\" \/>\n<meta property=\"og:site_name\" content=\"My Palm Leaf\" \/>\n<meta property=\"article:modified_time\" content=\"2025-04-24T07:23:19+00:00\" \/>\n<meta property=\"og:image\" content=\"https:\/\/mypalmleaf.com\/wp-content\/uploads\/2024\/09\/mantra-product-page-2-1.jpg\" \/>\n\t<meta property=\"og:image:width\" content=\"800\" \/>\n\t<meta property=\"og:image:height\" content=\"444\" \/>\n\t<meta property=\"og:image:type\" content=\"image\/jpeg\" \/>\n<meta name=\"twitter:card\" content=\"summary_large_image\" \/>\n<meta name=\"twitter:label1\" content=\"Timp estimat pentru citire\" \/>\n\t<meta name=\"twitter:data1\" content=\"1 minut\" \/>\n<script type=\"application\/ld+json\" class=\"yoast-schema-graph\">{\"@context\":\"https:\/\/schema.org\",\"@graph\":[{\"@type\":\"WebPage\",\"@id\":\"https:\/\/mypalmleaf.com\/prices\/fire-ceremony-homa\/\",\"url\":\"https:\/\/mypalmleaf.com\/prices\/fire-ceremony-homa\/\",\"name\":\"Ceremonia focului - Homa - My Palm Leaf\",\"isPartOf\":{\"@id\":\"https:\/\/mypalmleaf.com\/#website\"},\"primaryImageOfPage\":{\"@id\":\"https:\/\/mypalmleaf.com\/prices\/fire-ceremony-homa\/#primaryimage\"},\"image\":{\"@id\":\"https:\/\/mypalmleaf.com\/prices\/fire-ceremony-homa\/#primaryimage\"},\"thumbnailUrl\":\"https:\/\/mypalmleaf.com\/wp-content\/uploads\/2024\/09\/mantra-product-page-2-1.jpg\",\"datePublished\":\"2024-09-04T10:56:25+00:00\",\"dateModified\":\"2025-04-24T07:23:19+00:00\",\"description\":\"Afla\u021bi despre pre\u021burile ceremoniei Homa, un ritual sacru pentru purificare \u0219i protec\u021bie divin\u0103. Participarea aduce binecuv\u00e2nt\u0103ri \u0219i energie pozitiv\u0103.\",\"breadcrumb\":{\"@id\":\"https:\/\/mypalmleaf.com\/prices\/fire-ceremony-homa\/#breadcrumb\"},\"inLanguage\":\"ro-RO\",\"potentialAction\":[{\"@type\":\"ReadAction\",\"target\":[\"https:\/\/mypalmleaf.com\/prices\/fire-ceremony-homa\/\"]}]},{\"@type\":\"ImageObject\",\"inLanguage\":\"ro-RO\",\"@id\":\"https:\/\/mypalmleaf.com\/prices\/fire-ceremony-homa\/#primaryimage\",\"url\":\"https:\/\/mypalmleaf.com\/wp-content\/uploads\/2024\/09\/mantra-product-page-2-1.jpg\",\"contentUrl\":\"https:\/\/mypalmleaf.com\/wp-content\/uploads\/2024\/09\/mantra-product-page-2-1.jpg\",\"width\":800,\"height\":444,\"caption\":\"Homa procedure-1\"},{\"@type\":\"BreadcrumbList\",\"@id\":\"https:\/\/mypalmleaf.com\/prices\/fire-ceremony-homa\/#breadcrumb\",\"itemListElement\":[{\"@type\":\"ListItem\",\"position\":1,\"name\":\"Home\",\"item\":\"https:\/\/mypalmleaf.com\/ro\/\"},{\"@type\":\"ListItem\",\"position\":2,\"name\":\"Shop\",\"item\":\"https:\/\/mypalmleaf.com\/et\/shop\/\"},{\"@type\":\"ListItem\",\"position\":3,\"name\":\"Ceremonia focului &#8211; Homa\"}]},{\"@type\":\"WebSite\",\"@id\":\"https:\/\/mypalmleaf.com\/#website\",\"url\":\"https:\/\/mypalmleaf.com\/\",\"name\":\"My Palm Leaf\",\"description\":\"\",\"potentialAction\":[{\"@type\":\"SearchAction\",\"target\":{\"@type\":\"EntryPoint\",\"urlTemplate\":\"https:\/\/mypalmleaf.com\/?s={search_term_string}\"},\"query-input\":{\"@type\":\"PropertyValueSpecification\",\"valueRequired\":true,\"valueName\":\"search_term_string\"}}],\"inLanguage\":\"ro-RO\"}]}<\/script>\n<!-- \/ Yoast SEO plugin. -->","yoast_head_json":{"title":"Ceremonia focului - Homa - My Palm Leaf","description":"Afla\u021bi despre pre\u021burile ceremoniei Homa, un ritual sacru pentru purificare \u0219i protec\u021bie divin\u0103. Participarea aduce binecuv\u00e2nt\u0103ri \u0219i energie pozitiv\u0103.","robots":{"index":"index","follow":"follow","max-snippet":"max-snippet:-1","max-image-preview":"max-image-preview:large","max-video-preview":"max-video-preview:-1"},"canonical":"https:\/\/mypalmleaf.com\/prices\/fire-ceremony-homa\/","og_locale":"ro_RO","og_type":"article","og_title":"Ceremonia focului - Homa - My Palm Leaf","og_description":"Afla\u021bi despre pre\u021burile ceremoniei Homa, un ritual sacru pentru purificare \u0219i protec\u021bie divin\u0103. Participarea aduce binecuv\u00e2nt\u0103ri \u0219i energie pozitiv\u0103.","og_url":"https:\/\/mypalmleaf.com\/prices\/fire-ceremony-homa\/","og_site_name":"My Palm Leaf","article_modified_time":"2025-04-24T07:23:19+00:00","og_image":[{"width":800,"height":444,"url":"https:\/\/mypalmleaf.com\/wp-content\/uploads\/2024\/09\/mantra-product-page-2-1.jpg","type":"image\/jpeg"}],"twitter_card":"summary_large_image","twitter_misc":{"Timp estimat pentru citire":"1 minut"},"schema":{"@context":"https:\/\/schema.org","@graph":[{"@type":"WebPage","@id":"https:\/\/mypalmleaf.com\/prices\/fire-ceremony-homa\/","url":"https:\/\/mypalmleaf.com\/prices\/fire-ceremony-homa\/","name":"Ceremonia focului - Homa - My Palm Leaf","isPartOf":{"@id":"https:\/\/mypalmleaf.com\/#website"},"primaryImageOfPage":{"@id":"https:\/\/mypalmleaf.com\/prices\/fire-ceremony-homa\/#primaryimage"},"image":{"@id":"https:\/\/mypalmleaf.com\/prices\/fire-ceremony-homa\/#primaryimage"},"thumbnailUrl":"https:\/\/mypalmleaf.com\/wp-content\/uploads\/2024\/09\/mantra-product-page-2-1.jpg","datePublished":"2024-09-04T10:56:25+00:00","dateModified":"2025-04-24T07:23:19+00:00","description":"Afla\u021bi despre pre\u021burile ceremoniei Homa, un ritual sacru pentru purificare \u0219i protec\u021bie divin\u0103. Participarea aduce binecuv\u00e2nt\u0103ri \u0219i energie pozitiv\u0103.","breadcrumb":{"@id":"https:\/\/mypalmleaf.com\/prices\/fire-ceremony-homa\/#breadcrumb"},"inLanguage":"ro-RO","potentialAction":[{"@type":"ReadAction","target":["https:\/\/mypalmleaf.com\/prices\/fire-ceremony-homa\/"]}]},{"@type":"ImageObject","inLanguage":"ro-RO","@id":"https:\/\/mypalmleaf.com\/prices\/fire-ceremony-homa\/#primaryimage","url":"https:\/\/mypalmleaf.com\/wp-content\/uploads\/2024\/09\/mantra-product-page-2-1.jpg","contentUrl":"https:\/\/mypalmleaf.com\/wp-content\/uploads\/2024\/09\/mantra-product-page-2-1.jpg","width":800,"height":444,"caption":"Homa procedure-1"},{"@type":"BreadcrumbList","@id":"https:\/\/mypalmleaf.com\/prices\/fire-ceremony-homa\/#breadcrumb","itemListElement":[{"@type":"ListItem","position":1,"name":"Home","item":"https:\/\/mypalmleaf.com\/ro\/"},{"@type":"ListItem","position":2,"name":"Shop","item":"https:\/\/mypalmleaf.com\/et\/shop\/"},{"@type":"ListItem","position":3,"name":"Ceremonia focului &#8211; Homa"}]},{"@type":"WebSite","@id":"https:\/\/mypalmleaf.com\/#website","url":"https:\/\/mypalmleaf.com\/","name":"My Palm Leaf","description":"","potentialAction":[{"@type":"SearchAction","target":{"@type":"EntryPoint","urlTemplate":"https:\/\/mypalmleaf.com\/?s={search_term_string}"},"query-input":{"@type":"PropertyValueSpecification","valueRequired":true,"valueName":"search_term_string"}}],"inLanguage":"ro-RO"}]}},"_links":{"self":[{"href":"https:\/\/mypalmleaf.com\/ro\/wp-json\/wp\/v2\/product\/39019","targetHints":{"allow":["GET"]}}],"collection":[{"href":"https:\/\/mypalmleaf.com\/ro\/wp-json\/wp\/v2\/product"}],"about":[{"href":"https:\/\/mypalmleaf.com\/ro\/wp-json\/wp\/v2\/types\/product"}],"replies":[{"embeddable":true,"href":"https:\/\/mypalmleaf.com\/ro\/wp-json\/wp\/v2\/comments?post=39019"}],"wp:featuredmedia":[{"embeddable":true,"href":"https:\/\/mypalmleaf.com\/ro\/wp-json\/wp\/v2\/media\/9911"}],"wp:attachment":[{"href":"https:\/\/mypalmleaf.com\/ro\/wp-json\/wp\/v2\/media?parent=39019"}],"wp:term":[{"taxonomy":"product_brand","embeddable":true,"href":"https:\/\/mypalmleaf.com\/ro\/wp-json\/wp\/v2\/product_brand?post=39019"},{"taxonomy":"product_cat","embeddable":true,"href":"https:\/\/mypalmleaf.com\/ro\/wp-json\/wp\/v2\/product_cat?post=39019"},{"taxonomy":"product_tag","embeddable":true,"href":"https:\/\/mypalmleaf.com\/ro\/wp-json\/wp\/v2\/product_tag?post=39019"}],"curies":[{"name":"wp","href":"https:\/\/api.w.org\/{rel}","templated":true}]}}