{"id":39084,"date":"2024-09-04T10:59:56","date_gmt":"2024-09-04T10:59:56","guid":{"rendered":"https:\/\/mypalmleaf.com\/prices\/gasirea-frunzei-lectura-generala-a-capitolelor\/"},"modified":"2025-07-31T04:00:43","modified_gmt":"2025-07-31T04:00:43","slug":"gasirea-frunzei-lectura-generala-a-capitolelor","status":"publish","type":"product","link":"https:\/\/mypalmleaf.com\/ro\/prices\/gasirea-frunzei-lectura-generala-a-capitolelor\/","title":{"rendered":"G\u0103sirea frunzei + Lectura general\u0103 a capitolelor"},"content":{"rendered":"\n<div class=\"description\">\n<p>            <strong>Serviciul include<\/strong><\/p>\n<ul>\n<li>Localizarea pachetelor care ar putea con\u021bine frunza dvs. de palmier \u00een India<\/li>\n<li>Efectuarea procesului de potrivire online pentru identificarea frunzei de palmier<\/li>\n<li>Citirea capitolului general<\/li>\n<li>Citirea capitolului 14 (remedii energetice)<\/li>\n<li>\u00cenregistrarea video a lecturii dvs.<\/li>\n<li>Fotografia frunzei dvs. de palmier.<\/li>\n<li>Bani \u00eenapoi garanta\u021bi dac\u0103 frunza dvs. nu poate fi g\u0103sit\u0103.<\/li>\n<\/ul><\/div>\n","protected":false},"excerpt":{"rendered":"<p>          <strong>Serviciul include<\/strong><\/p>\n<ul>\n<li>Localizarea pachetelor care ar putea con\u021bine frunza dvs. de palmier \u00een India<\/li>\n<li>Efectuarea procesului de potrivire online pentru identificarea frunzei de palmier&#8230;<\/li>\n<\/ul>\n","protected":false},"featured_media":10080,"comment_status":"open","ping_status":"closed","template":"","meta":{"_acf_changed":false},"product_brand":[],"product_cat":[361],"product_tag":[],"class_list":{"0":"post-39084","1":"product","2":"type-product","3":"status-publish","4":"has-post-thumbnail","6":"product_cat-fara-categorie","8":"first","9":"instock","10":"virtual","11":"taxable","12":"purchasable","13":"product-type-simple"},"exclude_global_add_ons":false,"addons":[{"name":"Traducere","type":"checkbox","position":0,"required":false,"title_format":"label","description_enable":true,"description":"translation","placeholder_enable":false,"placeholder":"","display":"select","restrictions_type":"any_text","adjust_price":false,"price":"","price_type":"flat_fee","restrictions":false,"min":0,"max":0,"options":[{"label":"Englez\u0103","price":"","price_type":"flat_fee","image":0},{"label":"german\u0103","price":"38","price_type":"flat_fee","image":0},{"label":"Rus\u0103","price":"38","price_type":"flat_fee","image":0},{"label":"Japonez\u0103","price":"38","price_type":"flat_fee","image":0},{"label":"Italian\u0103","price":"38","price_type":"flat_fee","image":0},{"label":"francez\u0103","price":"38","price_type":"flat_fee","image":0},{"label":"spaniol\u0103","price":"38","price_type":"flat_fee","image":0},{"label":"olandez\u0103","price":"38","price_type":"flat_fee","image":0},{"label":"Altele","price":"38","price_type":"flat_fee","image":0}],"id":1725237117},{"name":"Transcriere","type":"checkbox","position":1,"required":false,"title_format":"label","description_enable":true,"description":"transcription","placeholder_enable":false,"placeholder":"","display":"select","restrictions_type":"any_text","adjust_price":false,"price":"","price_type":"flat_fee","restrictions":false,"min":0,"max":0,"options":[{"label":"Englez\u0103","price":"59","price_type":"flat_fee","image":0},{"label":"german\u0103","price":"99","price_type":"flat_fee","image":0},{"label":"Rus\u0103","price":"99","price_type":"flat_fee","image":0},{"label":"Japonez\u0103","price":"99","price_type":"flat_fee","image":0},{"label":"Italian\u0103","price":"99","price_type":"flat_fee","image":0},{"label":"francez\u0103","price":"99","price_type":"flat_fee","image":0},{"label":"spaniol\u0103","price":"99","price_type":"flat_fee","image":0},{"label":"olandez\u0103","price":"99","price_type":"flat_fee","image":0},{"label":"Altele","price":"99","price_type":"flat_fee","image":0},{"label":"Nu este necesar, poate mai t\u00e2rziu","price":"","price_type":"flat_fee","image":0}],"id":1725237118}],"acf":[],"yoast_head":"<!-- This site is optimized with the Yoast SEO plugin v26.4 - https:\/\/yoast.com\/wordpress\/plugins\/seo\/ -->\n<title>G\u0103sirea frunzei + Lectura general\u0103 a capitolelor - My Palm Leaf<\/title>\n<meta name=\"description\" content=\"Serviciul de c\u0103utare a frunzei \u0219i lectura capitolelor v\u0103 ofer\u0103 claritate \u0219i \u00eendrumare despre via\u021ba \u0219i destinul dumneavoastr\u0103 prin \u00een\u021belepciunea str\u0103veche.\" \/>\n<meta name=\"robots\" content=\"index, follow, max-snippet:-1, max-image-preview:large, max-video-preview:-1\" \/>\n<link rel=\"canonical\" href=\"https:\/\/mypalmleaf.com\/ro\/prices\/gasirea-frunzei-lectura-generala-a-capitolelor\/\" \/>\n<meta property=\"og:locale\" content=\"ro_RO\" \/>\n<meta property=\"og:type\" content=\"article\" \/>\n<meta property=\"og:title\" content=\"G\u0103sirea frunzei + Lectura general\u0103 a capitolelor - My Palm Leaf\" \/>\n<meta property=\"og:description\" content=\"Serviciul de c\u0103utare a frunzei \u0219i lectura capitolelor v\u0103 ofer\u0103 claritate \u0219i \u00eendrumare despre via\u021ba \u0219i destinul dumneavoastr\u0103 prin \u00een\u021belepciunea str\u0103veche.\" \/>\n<meta property=\"og:url\" content=\"https:\/\/mypalmleaf.com\/ro\/prices\/gasirea-frunzei-lectura-generala-a-capitolelor\/\" \/>\n<meta property=\"og:site_name\" content=\"My Palm Leaf\" \/>\n<meta property=\"article:modified_time\" content=\"2025-07-31T04:00:43+00:00\" \/>\n<meta property=\"og:image\" content=\"https:\/\/mypalmleaf.com\/wp-content\/uploads\/2024\/09\/services-thumb-1-1.jpg\" \/>\n\t<meta property=\"og:image:width\" content=\"800\" \/>\n\t<meta property=\"og:image:height\" content=\"444\" \/>\n\t<meta property=\"og:image:type\" content=\"image\/jpeg\" \/>\n<meta name=\"twitter:card\" content=\"summary_large_image\" \/>\n<meta name=\"twitter:label1\" content=\"Timp estimat pentru citire\" \/>\n\t<meta name=\"twitter:data1\" content=\"1 minut\" \/>\n<script type=\"application\/ld+json\" class=\"yoast-schema-graph\">{\"@context\":\"https:\/\/schema.org\",\"@graph\":[{\"@type\":\"WebPage\",\"@id\":\"https:\/\/mypalmleaf.com\/ro\/prices\/gasirea-frunzei-lectura-generala-a-capitolelor\/\",\"url\":\"https:\/\/mypalmleaf.com\/ro\/prices\/gasirea-frunzei-lectura-generala-a-capitolelor\/\",\"name\":\"G\u0103sirea frunzei + Lectura general\u0103 a capitolelor - My Palm Leaf\",\"isPartOf\":{\"@id\":\"https:\/\/mypalmleaf.com\/#website\"},\"primaryImageOfPage\":{\"@id\":\"https:\/\/mypalmleaf.com\/ro\/prices\/gasirea-frunzei-lectura-generala-a-capitolelor\/#primaryimage\"},\"image\":{\"@id\":\"https:\/\/mypalmleaf.com\/ro\/prices\/gasirea-frunzei-lectura-generala-a-capitolelor\/#primaryimage\"},\"thumbnailUrl\":\"https:\/\/mypalmleaf.com\/wp-content\/uploads\/2024\/09\/services-thumb-1-1.jpg\",\"datePublished\":\"2024-09-04T10:59:56+00:00\",\"dateModified\":\"2025-07-31T04:00:43+00:00\",\"description\":\"Serviciul de c\u0103utare a frunzei \u0219i lectura capitolelor v\u0103 ofer\u0103 claritate \u0219i \u00eendrumare despre via\u021ba \u0219i destinul dumneavoastr\u0103 prin \u00een\u021belepciunea str\u0103veche.\",\"breadcrumb\":{\"@id\":\"https:\/\/mypalmleaf.com\/ro\/prices\/gasirea-frunzei-lectura-generala-a-capitolelor\/#breadcrumb\"},\"inLanguage\":\"ro-RO\",\"potentialAction\":[{\"@type\":\"ReadAction\",\"target\":[\"https:\/\/mypalmleaf.com\/ro\/prices\/gasirea-frunzei-lectura-generala-a-capitolelor\/\"]}]},{\"@type\":\"ImageObject\",\"inLanguage\":\"ro-RO\",\"@id\":\"https:\/\/mypalmleaf.com\/ro\/prices\/gasirea-frunzei-lectura-generala-a-capitolelor\/#primaryimage\",\"url\":\"https:\/\/mypalmleaf.com\/wp-content\/uploads\/2024\/09\/services-thumb-1-1.jpg\",\"contentUrl\":\"https:\/\/mypalmleaf.com\/wp-content\/uploads\/2024\/09\/services-thumb-1-1.jpg\",\"width\":800,\"height\":444,\"caption\":\"Nadi astrology-02\"},{\"@type\":\"BreadcrumbList\",\"@id\":\"https:\/\/mypalmleaf.com\/ro\/prices\/gasirea-frunzei-lectura-generala-a-capitolelor\/#breadcrumb\",\"itemListElement\":[{\"@type\":\"ListItem\",\"position\":1,\"name\":\"Home\",\"item\":\"https:\/\/mypalmleaf.com\/ro\/\"},{\"@type\":\"ListItem\",\"position\":2,\"name\":\"Shop\",\"item\":\"https:\/\/mypalmleaf.com\/et\/shop\/\"},{\"@type\":\"ListItem\",\"position\":3,\"name\":\"G\u0103sirea frunzei + Lectura general\u0103 a capitolelor\"}]},{\"@type\":\"WebSite\",\"@id\":\"https:\/\/mypalmleaf.com\/#website\",\"url\":\"https:\/\/mypalmleaf.com\/\",\"name\":\"My Palm Leaf\",\"description\":\"\",\"potentialAction\":[{\"@type\":\"SearchAction\",\"target\":{\"@type\":\"EntryPoint\",\"urlTemplate\":\"https:\/\/mypalmleaf.com\/?s={search_term_string}\"},\"query-input\":{\"@type\":\"PropertyValueSpecification\",\"valueRequired\":true,\"valueName\":\"search_term_string\"}}],\"inLanguage\":\"ro-RO\"}]}<\/script>\n<!-- \/ Yoast SEO plugin. -->","yoast_head_json":{"title":"G\u0103sirea frunzei + Lectura general\u0103 a capitolelor - My Palm Leaf","description":"Serviciul de c\u0103utare a frunzei \u0219i lectura capitolelor v\u0103 ofer\u0103 claritate \u0219i \u00eendrumare despre via\u021ba \u0219i destinul dumneavoastr\u0103 prin \u00een\u021belepciunea str\u0103veche.","robots":{"index":"index","follow":"follow","max-snippet":"max-snippet:-1","max-image-preview":"max-image-preview:large","max-video-preview":"max-video-preview:-1"},"canonical":"https:\/\/mypalmleaf.com\/ro\/prices\/gasirea-frunzei-lectura-generala-a-capitolelor\/","og_locale":"ro_RO","og_type":"article","og_title":"G\u0103sirea frunzei + Lectura general\u0103 a capitolelor - My Palm Leaf","og_description":"Serviciul de c\u0103utare a frunzei \u0219i lectura capitolelor v\u0103 ofer\u0103 claritate \u0219i \u00eendrumare despre via\u021ba \u0219i destinul dumneavoastr\u0103 prin \u00een\u021belepciunea str\u0103veche.","og_url":"https:\/\/mypalmleaf.com\/ro\/prices\/gasirea-frunzei-lectura-generala-a-capitolelor\/","og_site_name":"My Palm Leaf","article_modified_time":"2025-07-31T04:00:43+00:00","og_image":[{"width":800,"height":444,"url":"https:\/\/mypalmleaf.com\/wp-content\/uploads\/2024\/09\/services-thumb-1-1.jpg","type":"image\/jpeg"}],"twitter_card":"summary_large_image","twitter_misc":{"Timp estimat pentru citire":"1 minut"},"schema":{"@context":"https:\/\/schema.org","@graph":[{"@type":"WebPage","@id":"https:\/\/mypalmleaf.com\/ro\/prices\/gasirea-frunzei-lectura-generala-a-capitolelor\/","url":"https:\/\/mypalmleaf.com\/ro\/prices\/gasirea-frunzei-lectura-generala-a-capitolelor\/","name":"G\u0103sirea frunzei + Lectura general\u0103 a capitolelor - My Palm Leaf","isPartOf":{"@id":"https:\/\/mypalmleaf.com\/#website"},"primaryImageOfPage":{"@id":"https:\/\/mypalmleaf.com\/ro\/prices\/gasirea-frunzei-lectura-generala-a-capitolelor\/#primaryimage"},"image":{"@id":"https:\/\/mypalmleaf.com\/ro\/prices\/gasirea-frunzei-lectura-generala-a-capitolelor\/#primaryimage"},"thumbnailUrl":"https:\/\/mypalmleaf.com\/wp-content\/uploads\/2024\/09\/services-thumb-1-1.jpg","datePublished":"2024-09-04T10:59:56+00:00","dateModified":"2025-07-31T04:00:43+00:00","description":"Serviciul de c\u0103utare a frunzei \u0219i lectura capitolelor v\u0103 ofer\u0103 claritate \u0219i \u00eendrumare despre via\u021ba \u0219i destinul dumneavoastr\u0103 prin \u00een\u021belepciunea str\u0103veche.","breadcrumb":{"@id":"https:\/\/mypalmleaf.com\/ro\/prices\/gasirea-frunzei-lectura-generala-a-capitolelor\/#breadcrumb"},"inLanguage":"ro-RO","potentialAction":[{"@type":"ReadAction","target":["https:\/\/mypalmleaf.com\/ro\/prices\/gasirea-frunzei-lectura-generala-a-capitolelor\/"]}]},{"@type":"ImageObject","inLanguage":"ro-RO","@id":"https:\/\/mypalmleaf.com\/ro\/prices\/gasirea-frunzei-lectura-generala-a-capitolelor\/#primaryimage","url":"https:\/\/mypalmleaf.com\/wp-content\/uploads\/2024\/09\/services-thumb-1-1.jpg","contentUrl":"https:\/\/mypalmleaf.com\/wp-content\/uploads\/2024\/09\/services-thumb-1-1.jpg","width":800,"height":444,"caption":"Nadi astrology-02"},{"@type":"BreadcrumbList","@id":"https:\/\/mypalmleaf.com\/ro\/prices\/gasirea-frunzei-lectura-generala-a-capitolelor\/#breadcrumb","itemListElement":[{"@type":"ListItem","position":1,"name":"Home","item":"https:\/\/mypalmleaf.com\/ro\/"},{"@type":"ListItem","position":2,"name":"Shop","item":"https:\/\/mypalmleaf.com\/et\/shop\/"},{"@type":"ListItem","position":3,"name":"G\u0103sirea frunzei + Lectura general\u0103 a capitolelor"}]},{"@type":"WebSite","@id":"https:\/\/mypalmleaf.com\/#website","url":"https:\/\/mypalmleaf.com\/","name":"My Palm Leaf","description":"","potentialAction":[{"@type":"SearchAction","target":{"@type":"EntryPoint","urlTemplate":"https:\/\/mypalmleaf.com\/?s={search_term_string}"},"query-input":{"@type":"PropertyValueSpecification","valueRequired":true,"valueName":"search_term_string"}}],"inLanguage":"ro-RO"}]}},"_links":{"self":[{"href":"https:\/\/mypalmleaf.com\/ro\/wp-json\/wp\/v2\/product\/39084","targetHints":{"allow":["GET"]}}],"collection":[{"href":"https:\/\/mypalmleaf.com\/ro\/wp-json\/wp\/v2\/product"}],"about":[{"href":"https:\/\/mypalmleaf.com\/ro\/wp-json\/wp\/v2\/types\/product"}],"replies":[{"embeddable":true,"href":"https:\/\/mypalmleaf.com\/ro\/wp-json\/wp\/v2\/comments?post=39084"}],"wp:featuredmedia":[{"embeddable":true,"href":"https:\/\/mypalmleaf.com\/ro\/wp-json\/wp\/v2\/media\/10080"}],"wp:attachment":[{"href":"https:\/\/mypalmleaf.com\/ro\/wp-json\/wp\/v2\/media?parent=39084"}],"wp:term":[{"taxonomy":"product_brand","embeddable":true,"href":"https:\/\/mypalmleaf.com\/ro\/wp-json\/wp\/v2\/product_brand?post=39084"},{"taxonomy":"product_cat","embeddable":true,"href":"https:\/\/mypalmleaf.com\/ro\/wp-json\/wp\/v2\/product_cat?post=39084"},{"taxonomy":"product_tag","embeddable":true,"href":"https:\/\/mypalmleaf.com\/ro\/wp-json\/wp\/v2\/product_tag?post=39084"}],"curies":[{"name":"wp","href":"https:\/\/api.w.org\/{rel}","templated":true}]}}