
{"id":40166,"date":"2024-09-04T10:57:26","date_gmt":"2024-09-04T10:57:26","guid":{"rendered":"https:\/\/mypalmleaf.com\/prices\/lectura-suplimentara-a-capitolului\/"},"modified":"2025-10-09T16:10:36","modified_gmt":"2025-10-09T16:10:36","slug":"lectura-suplimentara-a-capitolului","status":"publish","type":"product","link":"https:\/\/mypalmleaf.com\/ro\/prices\/lectura-suplimentara-a-capitolului\/","title":{"rendered":"Lectura suplimentar\u0103 a capitolului la Mypalmleaf"},"content":{"rendered":"<div class=\"description\">\n<p><strong>Serviciul include<\/strong><\/p>\n<ul>\n<li>Citirea capitolelor alese de c\u0103tre biblioteca Palm Leaf<\/li>\n<li>Moderarea lecturii de c\u0103tre moderatorul MPL<\/li>\n<li>\u00cenregistrare video<\/li>\n<\/ul>\n<\/div>\n<div class=\"additional-addons-wrap\">\n<p>Frunzele de palmier con\u021bin p\u00e2n\u0103 la 17 capitole, fiecare dedicat unui anumit subiect din via\u021ba unei persoane.<\/p>\n<p>Capitolul general este inclus \u00een lectur\u0103, astfel \u00eenc\u00e2t capitolele suplimentare pot <strong>fi citite numai dup\u0103<\/strong> ce a\u021bi f\u0103cut lectura capitolului general.<\/p>\n<p>Nu a\u021bi f\u0103cut \u00eenc\u0103 lectura capitolului general? <a class=\"fw-bold text-body\" href=\"https:\/\/mypalmleaf.com\/ro\/prices\/gasirea-frunzei-lectura-generala-a-capitolelor\/\">Ob\u021bine\u021bi-o aici<\/a>.<\/p>\n<p>Mai jos, pute\u021bi selecta un serviciu de lectur\u0103 a oric\u0103rui capitol suplimentar.<\/p>\n<p>Capitolele speciale sunt mai lungi \u0219i mai detaliate dec\u00e2t capitolele obi\u0219nuite.<\/p>\n<\/div>\n","protected":false},"excerpt":{"rendered":"<p><strong>Serviciul include<\/strong><\/p>\n<ul>\n<li>Citirea capitolelor alese de c\u0103tre biblioteca Palm Leaf<\/li>\n<li>Moderarea lecturii de c\u0103tre moderatorul MPL&#8230;<\/li>\n<\/ul>\n","protected":false},"featured_media":9827,"comment_status":"open","ping_status":"closed","template":"","meta":{"_acf_changed":false},"product_brand":[],"product_cat":[361],"product_tag":[],"class_list":{"0":"post-40166","1":"product","2":"type-product","3":"status-publish","4":"has-post-thumbnail","6":"product_cat-fara-categorie","8":"first","9":"instock","10":"virtual","11":"taxable","12":"purchasable","13":"product-type-simple"},"exclude_global_add_ons":false,"addons":[{"name":"Capitole","type":"checkbox","position":0,"required":false,"title_format":"label","description_enable":true,"description":"capitole","placeholder_enable":false,"placeholder":null,"display":"select","restrictions_type":"any_text","adjust_price":false,"price":"","price_type":"flat_fee","restrictions":false,"min":0,"max":0,"options":[{"label":"1. Capitolul general (A\u021bi auzit deja acest lucru \u00een cadrul lecturii generale)","price":"","price_type":"flat_fee","image":0},{"label":"2. Educa\u021bie \u0219i bog\u0103\u021bie","price":"79","price_type":"flat_fee","image":0},{"label":"3. Fra\u021bi \u0219i surori","price":"79","price_type":"flat_fee","image":0},{"label":"4. Mama ta, aspecte materiale precum casa, terenul, vehiculele \u0219i confortul material","price":"79","price_type":"flat_fee","image":0},{"label":"5. Copii","price":"79","price_type":"flat_fee","image":0},{"label":"6. Inamici \u0219i boli","price":"79","price_type":"flat_fee","image":0},{"label":"7. C\u0103s\u0103torie\/Rela\u021bii","price":"79","price_type":"flat_fee","image":0},{"label":"8. Durata de via\u021b\u0103","price":"79","price_type":"flat_fee","image":0},{"label":"9. Tat\u0103l t\u0103u \u0219i calea ta spiritual\u0103","price":"79","price_type":"flat_fee","image":0},{"label":"10. Carier\u0103\/ocupa\u021bie\/\u00eentreprindere","price":"79","price_type":"flat_fee","image":0},{"label":"11. Noroc, profituri, posibila a doua c\u0103s\u0103torie","price":"79","price_type":"flat_fee","image":0},{"label":"12. Conexiune str\u0103in\u0103 \u0219i urm\u0103toarea \u00eentrupare","price":"79","price_type":"flat_fee","image":0},{"label":"13. Na\u0219terea anterioar\u0103 \u0219i karma veche","price":"79","price_type":"flat_fee","image":0},{"label":"14. Remedii energetice pentru a v\u0103 \u00eembun\u0103t\u0103\u021bi calea vie\u021bii (A\u021bi auzit deja acest lucru \u00een cadrul lecturii generale)","price":"","price_type":"flat_fee","image":0},{"label":"15. Medicina Ayurveda","price":"130","price_type":"flat_fee","image":0},{"label":"16. Dezvoltare spiritual\u0103","price":"130","price_type":"flat_fee","image":0},{"label":"17. Efecte planetare actuale","price":"130","price_type":"flat_fee","image":0}],"id":1725236907},{"name":"Traducere pe capitol","type":"checkbox","position":1,"required":false,"title_format":"label","description_enable":true,"description":"traducere","placeholder_enable":false,"placeholder":null,"display":"select","restrictions_type":"any_text","adjust_price":false,"price":"","price_type":"flat_fee","restrictions":false,"min":0,"max":0,"options":[{"label":"Englez\u0103","price":"","price_type":"flat_fee","image":0},{"label":"german\u0103","price":"12","price_type":"flat_fee","image":0},{"label":"Rus\u0103","price":"12","price_type":"flat_fee","image":0},{"label":"Japonez\u0103","price":"12","price_type":"flat_fee","image":0},{"label":"Italian\u0103","price":"12","price_type":"flat_fee","image":0},{"label":"francez\u0103","price":"12","price_type":"flat_fee","image":0},{"label":"spaniol\u0103","price":"12","price_type":"flat_fee","image":0},{"label":"olandez\u0103","price":"12","price_type":"flat_fee","image":0},{"label":"Altele","price":"12","price_type":"flat_fee","image":0}],"id":1725236908},{"name":"Transcriere pe capitol","type":"checkbox","position":2,"required":false,"title_format":"label","description_enable":true,"description":"transcriere","placeholder_enable":false,"placeholder":null,"display":"select","restrictions_type":"any_text","adjust_price":false,"price":"","price_type":"flat_fee","restrictions":false,"min":0,"max":0,"options":[{"label":"Englez\u0103","price":"18","price_type":"flat_fee","image":0},{"label":"german\u0103","price":"27","price_type":"flat_fee","image":0},{"label":"Rus\u0103","price":"27","price_type":"flat_fee","image":0},{"label":"Japonez\u0103","price":"27","price_type":"flat_fee","image":0},{"label":"Italian\u0103","price":"27","price_type":"flat_fee","image":0},{"label":"francez\u0103","price":"27","price_type":"flat_fee","image":0},{"label":"spaniol\u0103","price":"27","price_type":"flat_fee","image":0},{"label":"olandez\u0103","price":"27","price_type":"flat_fee","image":0},{"label":"Altele","price":"27","price_type":"flat_fee","image":0}],"id":1725236909}],"acf":[],"yoast_head":"<!-- This site is optimized with the Yoast SEO plugin v26.4 - https:\/\/yoast.com\/wordpress\/plugins\/seo\/ -->\n<title>Citirea capitolelor suplimentare ale c\u0103r\u021bii | My Palm Leaf - \u00eencep\u00e2nd de la 79 \u20ac<\/title>\n<meta name=\"description\" content=\"Explora\u021bi perspective mai profunde cu ajutorul capitolelor suplimentare din frunze de palmier. Ob\u021bine\u021bi claritate cu privire la dragoste, carier\u0103 \u0219i calea vie\u021bii. Rezerva\u021bi-v\u0103 citirea personalizat\u0103 ast\u0103zi la My Palm Leaf!\" \/>\n<meta name=\"robots\" content=\"index, follow, max-snippet:-1, max-image-preview:large, max-video-preview:-1\" \/>\n<link rel=\"canonical\" href=\"https:\/\/mypalmleaf.com\/ro\/prices\/lectura-suplimentara-a-capitolului\/\" \/>\n<meta property=\"og:locale\" content=\"ro_RO\" \/>\n<meta property=\"og:type\" content=\"article\" \/>\n<meta property=\"og:title\" content=\"Citirea capitolelor suplimentare ale c\u0103r\u021bii | My Palm Leaf - \u00eencep\u00e2nd de la 79 \u20ac\" \/>\n<meta property=\"og:description\" content=\"Explora\u021bi perspective mai profunde cu ajutorul capitolelor suplimentare din frunze de palmier. Ob\u021bine\u021bi claritate cu privire la dragoste, carier\u0103 \u0219i calea vie\u021bii. Rezerva\u021bi-v\u0103 citirea personalizat\u0103 ast\u0103zi la My Palm Leaf!\" \/>\n<meta property=\"og:url\" content=\"https:\/\/mypalmleaf.com\/ro\/prices\/lectura-suplimentara-a-capitolului\/\" \/>\n<meta property=\"og:site_name\" content=\"My Palm Leaf\" \/>\n<meta property=\"article:modified_time\" content=\"2025-10-09T16:10:36+00:00\" \/>\n<meta property=\"og:image\" content=\"https:\/\/mypalmleaf.com\/wp-content\/uploads\/2024\/09\/services-thumb-2.jpg\" \/>\n\t<meta property=\"og:image:width\" content=\"800\" \/>\n\t<meta property=\"og:image:height\" content=\"444\" \/>\n\t<meta property=\"og:image:type\" content=\"image\/jpeg\" \/>\n<meta name=\"twitter:card\" content=\"summary_large_image\" \/>\n<meta name=\"twitter:label1\" content=\"Timp estimat pentru citire\" \/>\n\t<meta name=\"twitter:data1\" content=\"1 minut\" \/>\n<script type=\"application\/ld+json\" class=\"yoast-schema-graph\">{\"@context\":\"https:\/\/schema.org\",\"@graph\":[{\"@type\":\"WebPage\",\"@id\":\"https:\/\/mypalmleaf.com\/ro\/prices\/lectura-suplimentara-a-capitolului\/\",\"url\":\"https:\/\/mypalmleaf.com\/ro\/prices\/lectura-suplimentara-a-capitolului\/\",\"name\":\"Citirea capitolelor suplimentare ale c\u0103r\u021bii | My Palm Leaf - \u00eencep\u00e2nd de la 79 \u20ac\",\"isPartOf\":{\"@id\":\"https:\/\/mypalmleaf.com\/#website\"},\"primaryImageOfPage\":{\"@id\":\"https:\/\/mypalmleaf.com\/ro\/prices\/lectura-suplimentara-a-capitolului\/#primaryimage\"},\"image\":{\"@id\":\"https:\/\/mypalmleaf.com\/ro\/prices\/lectura-suplimentara-a-capitolului\/#primaryimage\"},\"thumbnailUrl\":\"https:\/\/mypalmleaf.com\/wp-content\/uploads\/2024\/09\/services-thumb-2.jpg\",\"datePublished\":\"2024-09-04T10:57:26+00:00\",\"dateModified\":\"2025-10-09T16:10:36+00:00\",\"description\":\"Explora\u021bi perspective mai profunde cu ajutorul capitolelor suplimentare din frunze de palmier. Ob\u021bine\u021bi claritate cu privire la dragoste, carier\u0103 \u0219i calea vie\u021bii. Rezerva\u021bi-v\u0103 citirea personalizat\u0103 ast\u0103zi la My Palm Leaf!\",\"breadcrumb\":{\"@id\":\"https:\/\/mypalmleaf.com\/ro\/prices\/lectura-suplimentara-a-capitolului\/#breadcrumb\"},\"inLanguage\":\"ro-RO\",\"potentialAction\":[{\"@type\":\"ReadAction\",\"target\":[\"https:\/\/mypalmleaf.com\/ro\/prices\/lectura-suplimentara-a-capitolului\/\"]}]},{\"@type\":\"ImageObject\",\"inLanguage\":\"ro-RO\",\"@id\":\"https:\/\/mypalmleaf.com\/ro\/prices\/lectura-suplimentara-a-capitolului\/#primaryimage\",\"url\":\"https:\/\/mypalmleaf.com\/wp-content\/uploads\/2024\/09\/services-thumb-2.jpg\",\"contentUrl\":\"https:\/\/mypalmleaf.com\/wp-content\/uploads\/2024\/09\/services-thumb-2.jpg\",\"width\":800,\"height\":444,\"caption\":\"Palm leaves-548\"},{\"@type\":\"BreadcrumbList\",\"@id\":\"https:\/\/mypalmleaf.com\/ro\/prices\/lectura-suplimentara-a-capitolului\/#breadcrumb\",\"itemListElement\":[{\"@type\":\"ListItem\",\"position\":1,\"name\":\"Home\",\"item\":\"https:\/\/mypalmleaf.com\/ro\/\"},{\"@type\":\"ListItem\",\"position\":2,\"name\":\"Shop\",\"item\":\"https:\/\/mypalmleaf.com\/et\/shop\/\"},{\"@type\":\"ListItem\",\"position\":3,\"name\":\"Lectura suplimentar\u0103 a capitolului la Mypalmleaf\"}]},{\"@type\":\"WebSite\",\"@id\":\"https:\/\/mypalmleaf.com\/#website\",\"url\":\"https:\/\/mypalmleaf.com\/\",\"name\":\"My Palm Leaf\",\"description\":\"\",\"potentialAction\":[{\"@type\":\"SearchAction\",\"target\":{\"@type\":\"EntryPoint\",\"urlTemplate\":\"https:\/\/mypalmleaf.com\/?s={search_term_string}\"},\"query-input\":{\"@type\":\"PropertyValueSpecification\",\"valueRequired\":true,\"valueName\":\"search_term_string\"}}],\"inLanguage\":\"ro-RO\"}]}<\/script>\n<!-- \/ Yoast SEO plugin. -->","yoast_head_json":{"title":"Citirea capitolelor suplimentare ale c\u0103r\u021bii | My Palm Leaf - \u00eencep\u00e2nd de la 79 \u20ac","description":"Explora\u021bi perspective mai profunde cu ajutorul capitolelor suplimentare din frunze de palmier. Ob\u021bine\u021bi claritate cu privire la dragoste, carier\u0103 \u0219i calea vie\u021bii. Rezerva\u021bi-v\u0103 citirea personalizat\u0103 ast\u0103zi la My Palm Leaf!","robots":{"index":"index","follow":"follow","max-snippet":"max-snippet:-1","max-image-preview":"max-image-preview:large","max-video-preview":"max-video-preview:-1"},"canonical":"https:\/\/mypalmleaf.com\/ro\/prices\/lectura-suplimentara-a-capitolului\/","og_locale":"ro_RO","og_type":"article","og_title":"Citirea capitolelor suplimentare ale c\u0103r\u021bii | My Palm Leaf - \u00eencep\u00e2nd de la 79 \u20ac","og_description":"Explora\u021bi perspective mai profunde cu ajutorul capitolelor suplimentare din frunze de palmier. Ob\u021bine\u021bi claritate cu privire la dragoste, carier\u0103 \u0219i calea vie\u021bii. Rezerva\u021bi-v\u0103 citirea personalizat\u0103 ast\u0103zi la My Palm Leaf!","og_url":"https:\/\/mypalmleaf.com\/ro\/prices\/lectura-suplimentara-a-capitolului\/","og_site_name":"My Palm Leaf","article_modified_time":"2025-10-09T16:10:36+00:00","og_image":[{"width":800,"height":444,"url":"https:\/\/mypalmleaf.com\/wp-content\/uploads\/2024\/09\/services-thumb-2.jpg","type":"image\/jpeg"}],"twitter_card":"summary_large_image","twitter_misc":{"Timp estimat pentru citire":"1 minut"},"schema":{"@context":"https:\/\/schema.org","@graph":[{"@type":"WebPage","@id":"https:\/\/mypalmleaf.com\/ro\/prices\/lectura-suplimentara-a-capitolului\/","url":"https:\/\/mypalmleaf.com\/ro\/prices\/lectura-suplimentara-a-capitolului\/","name":"Citirea capitolelor suplimentare ale c\u0103r\u021bii | My Palm Leaf - \u00eencep\u00e2nd de la 79 \u20ac","isPartOf":{"@id":"https:\/\/mypalmleaf.com\/#website"},"primaryImageOfPage":{"@id":"https:\/\/mypalmleaf.com\/ro\/prices\/lectura-suplimentara-a-capitolului\/#primaryimage"},"image":{"@id":"https:\/\/mypalmleaf.com\/ro\/prices\/lectura-suplimentara-a-capitolului\/#primaryimage"},"thumbnailUrl":"https:\/\/mypalmleaf.com\/wp-content\/uploads\/2024\/09\/services-thumb-2.jpg","datePublished":"2024-09-04T10:57:26+00:00","dateModified":"2025-10-09T16:10:36+00:00","description":"Explora\u021bi perspective mai profunde cu ajutorul capitolelor suplimentare din frunze de palmier. Ob\u021bine\u021bi claritate cu privire la dragoste, carier\u0103 \u0219i calea vie\u021bii. Rezerva\u021bi-v\u0103 citirea personalizat\u0103 ast\u0103zi la My Palm Leaf!","breadcrumb":{"@id":"https:\/\/mypalmleaf.com\/ro\/prices\/lectura-suplimentara-a-capitolului\/#breadcrumb"},"inLanguage":"ro-RO","potentialAction":[{"@type":"ReadAction","target":["https:\/\/mypalmleaf.com\/ro\/prices\/lectura-suplimentara-a-capitolului\/"]}]},{"@type":"ImageObject","inLanguage":"ro-RO","@id":"https:\/\/mypalmleaf.com\/ro\/prices\/lectura-suplimentara-a-capitolului\/#primaryimage","url":"https:\/\/mypalmleaf.com\/wp-content\/uploads\/2024\/09\/services-thumb-2.jpg","contentUrl":"https:\/\/mypalmleaf.com\/wp-content\/uploads\/2024\/09\/services-thumb-2.jpg","width":800,"height":444,"caption":"Palm leaves-548"},{"@type":"BreadcrumbList","@id":"https:\/\/mypalmleaf.com\/ro\/prices\/lectura-suplimentara-a-capitolului\/#breadcrumb","itemListElement":[{"@type":"ListItem","position":1,"name":"Home","item":"https:\/\/mypalmleaf.com\/ro\/"},{"@type":"ListItem","position":2,"name":"Shop","item":"https:\/\/mypalmleaf.com\/et\/shop\/"},{"@type":"ListItem","position":3,"name":"Lectura suplimentar\u0103 a capitolului la Mypalmleaf"}]},{"@type":"WebSite","@id":"https:\/\/mypalmleaf.com\/#website","url":"https:\/\/mypalmleaf.com\/","name":"My Palm Leaf","description":"","potentialAction":[{"@type":"SearchAction","target":{"@type":"EntryPoint","urlTemplate":"https:\/\/mypalmleaf.com\/?s={search_term_string}"},"query-input":{"@type":"PropertyValueSpecification","valueRequired":true,"valueName":"search_term_string"}}],"inLanguage":"ro-RO"}]}},"_links":{"self":[{"href":"https:\/\/mypalmleaf.com\/ro\/wp-json\/wp\/v2\/product\/40166","targetHints":{"allow":["GET"]}}],"collection":[{"href":"https:\/\/mypalmleaf.com\/ro\/wp-json\/wp\/v2\/product"}],"about":[{"href":"https:\/\/mypalmleaf.com\/ro\/wp-json\/wp\/v2\/types\/product"}],"replies":[{"embeddable":true,"href":"https:\/\/mypalmleaf.com\/ro\/wp-json\/wp\/v2\/comments?post=40166"}],"wp:featuredmedia":[{"embeddable":true,"href":"https:\/\/mypalmleaf.com\/ro\/wp-json\/wp\/v2\/media\/9827"}],"wp:attachment":[{"href":"https:\/\/mypalmleaf.com\/ro\/wp-json\/wp\/v2\/media?parent=40166"}],"wp:term":[{"taxonomy":"product_brand","embeddable":true,"href":"https:\/\/mypalmleaf.com\/ro\/wp-json\/wp\/v2\/product_brand?post=40166"},{"taxonomy":"product_cat","embeddable":true,"href":"https:\/\/mypalmleaf.com\/ro\/wp-json\/wp\/v2\/product_cat?post=40166"},{"taxonomy":"product_tag","embeddable":true,"href":"https:\/\/mypalmleaf.com\/ro\/wp-json\/wp\/v2\/product_tag?post=40166"}],"curies":[{"name":"wp","href":"https:\/\/api.w.org\/{rel}","templated":true}]}}