
{"id":33266,"date":"2024-08-14T06:28:52","date_gmt":"2024-08-14T06:28:52","guid":{"rendered":"https:\/\/mypalmleaf.com\/bloggar\/"},"modified":"2025-04-28T10:41:08","modified_gmt":"2025-04-28T10:41:08","slug":"bloggar","status":"publish","type":"page","link":"https:\/\/mypalmleaf.com\/sv\/bloggar\/","title":{"rendered":"Bloggar"},"content":{"rendered":"<section class=\"spotlight-single top-gap\">\n  <div class=\"content-wrap\">\n    <div class=\"image\">\n      <picture>\n        <source media=\"(max-width: 999px)\" srcset=\"https:\/\/mypalmleaf.com\/wp-content\/uploads\/2024\/08\/blogs-spotlight-mob.jpg\" \/>\n        <source media=\"(min-width: 1000px)\" srcset=\"https:\/\/mypalmleaf.com\/wp-content\/uploads\/2024\/08\/blogs-spotlight.jpg\" \/>\n        <img decoding=\"async\" src=\"https:\/\/mypalmleaf.com\/wp-content\/uploads\/2024\/08\/blogs-spotlight.jpg\" class=\"img-fluid\" alt=\"\" \/>\n      <\/picture>\n    <\/div>\n    <div class=\"content\">\n      <div data-aos=\"fade-up\" data-aos-duration=\"1000\">\n        <h1>Blogg &amp; artiklar<\/h1>\n              <\/div>\n    <\/div>\n  <\/div>\n<\/section>\n\n  <section class=\"blog-card-wrap my-4\" data-aos=\"fade-up\" data-aos-duration=\"1000\">\n    <div class=\"container-xl\">\n      <div class=\"row gx-md-5\">\n                  <div class=\"col-lg-6 my-4\">\n            <div class=\"wrap\">\n              <div class=\"image\">\n                <div class=\"rounded-asset\"><img decoding=\"async\" src=\"https:\/\/mypalmleaf.com\/wp-content\/uploads\/2024\/08\/blog-thumb-1.jpg\" class=\"img-fluid\" alt=\"\"><\/div>\n              <\/div>\n              <div class=\"date\">december 28, 2024<\/div>\n              <div class=\"title\">Vedic &#038; Western Astrology:<\/div>\n              <div class=\"desc\"><p>Astrology, a celestial science, has been a significant aspect of various cultures, guiding individuals in understanding their destinies and the mysteries of the universe. Two prominent branches of astrology, Vedic and Western, have intrigued scholars and enthusiasts alike, each offering a unique lens through which to view the cosmos and human existence. ORIgins and philosophical [&hellip;]<\/p>\n<\/div>\n              <a href=\"https:\/\/mypalmleaf.com\/sv\/vedic-western-astrology\/\" class=\"stretched-link\"><\/a>\n            <\/div>\n          <\/div>\n                  <div class=\"col-lg-6 my-4\">\n            <div class=\"wrap\">\n              <div class=\"image\">\n                <div class=\"rounded-asset\"><img decoding=\"async\" src=\"https:\/\/mypalmleaf.com\/wp-content\/uploads\/2024\/08\/blog-15-1.jpg\" class=\"img-fluid\" alt=\"\"><\/div>\n              <\/div>\n              <div class=\"date\">december 23, 2024<\/div>\n              <div class=\"title\">F\u00f6rberedelser inf\u00f6r din Palm Leaf Reading<\/div>\n              <div class=\"desc\"><p>Att s\u00f6ka efter ditt palmblad \u00e4r en djupg\u00e5ende och vacker process. Processen kommer att utvecklas fullt ut med sin transformativa effekt, n\u00e4r du \u00f6verv\u00e4ger att f\u00f6rbereda dig ordentligt f\u00f6r din palmbladl\u00e4sning. D\u00e4rf\u00f6r kommer den h\u00e4r artikeln att handla om f\u00f6rberedelser inf\u00f6r din l\u00e4sning, b\u00e5de internt och praktiskt. Processen b\u00f6rjar med medvetenhet Detta b\u00f6rjar f\u00f6rst och [&hellip;]<\/p>\n<\/div>\n              <a href=\"https:\/\/mypalmleaf.com\/sv\/preparing-for-your-palm-leaf-reading\/\" class=\"stretched-link\"><\/a>\n            <\/div>\n          <\/div>\n                  <div class=\"col-lg-6 my-4\">\n            <div class=\"wrap\">\n              <div class=\"image\">\n                <div class=\"rounded-asset\"><img decoding=\"async\" src=\"https:\/\/mypalmleaf.com\/wp-content\/uploads\/2024\/08\/blog_a_comparative_study_main-listing.jpg\" class=\"img-fluid\" alt=\"\"><\/div>\n              <\/div>\n              <div class=\"date\">oktober 3, 2023<\/div>\n              <div class=\"title\">Den gudomliga f\u00f6rbindelsen: Hanuman, Saturnus och din handflatavl\u00e4sning<\/div>\n              <div class=\"desc\"><p>Den gudomliga f\u00f6rbindelsen: Hanuman, Saturnus och din handflatavl\u00e4sning Om du nyligen har haft den unika upplevelsen av en palmbladl\u00e4sning genom v\u00e5ra specialiserade tj\u00e4nster, kanske du har st\u00f6tt p\u00e5 rekommendationer relaterade till Lord Hanuman och planeten Saturnus. Detta \u00e4r inte ett slumpm\u00e4ssigt f\u00f6rslag. Det \u00e4r en djupt rotad aspekt av vedisk astrologi och andlighet. I den [&hellip;]<\/p>\n<\/div>\n              <a href=\"https:\/\/mypalmleaf.com\/sv\/the-divine-connection-hanuman-saturn-your-palm-leaf-reading-journey\/\" class=\"stretched-link\"><\/a>\n            <\/div>\n          <\/div>\n                  <div class=\"col-lg-6 my-4\">\n            <div class=\"wrap\">\n              <div class=\"image\">\n                <div class=\"rounded-asset\"><img decoding=\"async\" src=\"https:\/\/mypalmleaf.com\/wp-content\/uploads\/2022\/11\/blog-3.jpg\" class=\"img-fluid\" alt=\"\"><\/div>\n              <\/div>\n              <div class=\"date\">november 15, 2022<\/div>\n              <div class=\"title\">The Sacred Realm of Shambhala<\/div>\n              <div class=\"desc\"><p>Shambala is an oasis of compassion, love, freedom and light in a desert of ignorance and materialism. &#8211; Sahajananda There are many legends surrounding the sacred realm of Shambhala. Some saw it as a physical location. A paradise\/eutopia hidden high in the Himalaya. To others, it is a mysterious land inside the (apparently) hollow earth, [&hellip;]<\/p>\n<\/div>\n              <a href=\"https:\/\/mypalmleaf.com\/sv\/the-sacred-realm-of-shambhala\/\" class=\"stretched-link\"><\/a>\n            <\/div>\n          <\/div>\n                  <div class=\"col-lg-6 my-4\">\n            <div class=\"wrap\">\n              <div class=\"image\">\n                <div class=\"rounded-asset\"><img decoding=\"async\" src=\"https:\/\/mypalmleaf.com\/wp-content\/uploads\/2022\/08\/Adobe-Express-file-2-1.png\" class=\"img-fluid\" alt=\"\"><\/div>\n              <\/div>\n              <div class=\"date\">augusti 25, 2022<\/div>\n              <div class=\"title\">The Saptarishi \u2013 The 7 Great Vedic Sages<\/div>\n              <div class=\"desc\"><p>The Vedas are the earliest known works of spiritual literature on the planet. These and other great scriptures, for instance, Mahabharata and Ramayana, contain the stories of the Saptarishi, or seven great sages. These sages are the sons of the mighty Brahma. He sent them to earth, thus supporting the spiritual evolution of humanity and [&hellip;]<\/p>\n<\/div>\n              <a href=\"https:\/\/mypalmleaf.com\/sv\/the-saptarishi-the-7-great-vedic-sages\/\" class=\"stretched-link\"><\/a>\n            <\/div>\n          <\/div>\n                  <div class=\"col-lg-6 my-4\">\n            <div class=\"wrap\">\n              <div class=\"image\">\n                <div class=\"rounded-asset\"><img decoding=\"async\" src=\"https:\/\/mypalmleaf.com\/wp-content\/uploads\/2024\/08\/blog-23-2.jpg\" class=\"img-fluid\" alt=\"\"><\/div>\n              <\/div>\n              <div class=\"date\">juni 26, 2022<\/div>\n              <div class=\"title\">Vem \u00e4r Sri Agastya Maharishi?<\/div>\n              <div class=\"desc\"><p>Vem \u00e4r Sri Agastya Maharishi? Sri Agastya (ibland skriven Agathiyar eller Agasti) \u00e4r den fr\u00e4mste bland Saptarishi. Saptarishi \u00e4r 7 mycket viktiga andliga m\u00e4stare fr\u00e5n den vediska perioden i Indien. De skrev manuskript med palmblad, bidrog till medicin, astrologi, grammatik och till och med kampsport och f\u00f6rfattade m\u00e5nga viktiga texter. Med tanke p\u00e5 att Sri [&hellip;]<\/p>\n<\/div>\n              <a href=\"https:\/\/mypalmleaf.com\/sv\/vem-ar-sri-agastya-maharishi\/\" class=\"stretched-link\"><\/a>\n            <\/div>\n          <\/div>\n                  <div class=\"col-lg-6 my-4\">\n            <div class=\"wrap\">\n              <div class=\"image\">\n                <div class=\"rounded-asset\"><img decoding=\"async\" src=\"https:\/\/mypalmleaf.com\/wp-content\/uploads\/2022\/06\/Adobe-Express-file-17.jpg\" class=\"img-fluid\" alt=\"\"><\/div>\n              <\/div>\n              <div class=\"date\">juni 15, 2022<\/div>\n              <div class=\"title\">The Grace of the Palm Leaf Prophecies<\/div>\n              <div class=\"desc\"><p>\u201cWhat if you could consciously connect with [the subtle level of this reality] and feel it unconditionally holding you, supporting, guiding and loving you in every aspect of your life?\u201d Subtle Dimension of Grace?What if there was a subtle dimension of this reality that literally emanated love and support for this world and everyone in [&hellip;]<\/p>\n<\/div>\n              <a href=\"https:\/\/mypalmleaf.com\/sv\/the-grace-of-the-palm-leaf-prophecies\/\" class=\"stretched-link\"><\/a>\n            <\/div>\n          <\/div>\n                  <div class=\"col-lg-6 my-4\">\n            <div class=\"wrap\">\n              <div class=\"image\">\n                <div class=\"rounded-asset\"><img decoding=\"async\" src=\"https:\/\/mypalmleaf.com\/wp-content\/uploads\/2021\/09\/Adobe-Express-file-6-1.png\" class=\"img-fluid\" alt=\"\"><\/div>\n              <\/div>\n              <div class=\"date\">september 2, 2021<\/div>\n              <div class=\"title\">Maharishis and Nadi Astrology<\/div>\n              <div class=\"desc\"><p>The palm leaf manuscripts and the Nadi astrology predictions they contain were written by Siddhas, Maharishis and scholars. They wrote these texts were written in several different languages. We know that scholars are specialists in a particular field of study or academics, but who are these Siddhas or rishis? SIDDHAS, MAHARISHIS, AND NADI ASTROLOGY Siddhas [&hellip;]<\/p>\n<\/div>\n              <a href=\"https:\/\/mypalmleaf.com\/sv\/maharishis-and-nadi-astrology\/\" class=\"stretched-link\"><\/a>\n            <\/div>\n          <\/div>\n              <\/div>\n          <\/div>\n  <\/section>\n\n\n\n<section class=\"find-your-palm-leaf-block\" data-aos=\"fade-up\" data-aos-duration=\"1000\">\n  <div class=\"container-fluid px-0\">\n    <div class=\"row g-0\">\n      <div class=\"col\">\n        <div class=\"find-your-leaf-bg\">\n          <picture>\n            <source media=\"(max-width: 999px)\" srcset=\"https:\/\/mypalmleaf.com\/wp-content\/uploads\/2024\/08\/Find-your-Palm-Leaf-mob.jpg\" \/>\n            <source media=\"(min-width: 1000px)\" srcset=\"https:\/\/mypalmleaf.com\/wp-content\/uploads\/2024\/08\/Find-your-Palm-Leaf.jpg\" \/>\n            <img decoding=\"async\" src=\"https:\/\/mypalmleaf.com\/wp-content\/uploads\/2024\/08\/Find-your-Palm-Leaf.jpg\" class=\"img-fluid\" alt=\"\" \/>\n          <\/picture>\n        <\/div>\n      <\/div>\n    <\/div>\n    <div class=\"content\">\n      <div class=\"container-xl\" data-aos=\"fade-up\" data-aos-duration=\"1000\">\n        <div class=\"row py-4\">\n          <div class=\"col-lg-8 mx-auto\">\n            <h2 class=\"mb-2\">Hitta ditt palmblad!<\/h2>\n            <ul>\n<li>Allt du beh\u00f6ver f\u00f6r att b\u00f6rja s\u00f6ka efter ditt palmblad \u00e4r ditt tumavtryck.<\/li>\n<li>Om du beh\u00f6ver en \u00f6vers\u00e4ttning till ett annat spr\u00e5k kan vi g\u00f6ra det \u00e5t dig.<\/li>\n<li>Om vi inte kan hitta ditt palmblad inom 3 l\u00e4mpliga datum \u00e5terbetalar vi hela beloppet till dig.<\/li>\n<\/ul>\n          <\/div>\n        <\/div>\n        <div class=\"row mt-4\">\n          <div class=\"col text-center\">\n            <a href=\"\/sv\/prices\/find-your-palm-leaf-and-read-the-general-chapter\/\" class=\"btn btn-primary\">Hitta mitt blad<\/a>\n          <\/div>\n        <\/div>\n      <\/div>\n    <\/div>\n  <\/div>\n<\/section>","protected":false},"excerpt":{"rendered":"","protected":false},"author":1,"featured_media":0,"parent":0,"menu_order":0,"comment_status":"closed","ping_status":"closed","template":"","meta":{"_acf_changed":false,"footnotes":""},"class_list":["post-33266","page","type-page","status-publish","hentry"],"acf":[],"yoast_head":"<!-- This site is optimized with the Yoast SEO plugin v26.4 - https:\/\/yoast.com\/wordpress\/plugins\/seo\/ -->\n<title>Bloggar - My Palm Leaf<\/title>\n<meta name=\"description\" content=\"Utforska inspirerande blogginl\u00e4gg om andlighet, personlig utveckling och ur\u00e5ldrig visdom f\u00f6r att f\u00f6rdjupa din f\u00f6rst\u00e5else och insikt idag.\" \/>\n<meta name=\"robots\" content=\"index, follow, max-snippet:-1, max-image-preview:large, max-video-preview:-1\" \/>\n<link rel=\"canonical\" href=\"https:\/\/mypalmleaf.com\/sv\/bloggar\/\" \/>\n<meta property=\"og:locale\" content=\"sv_SE\" \/>\n<meta property=\"og:type\" content=\"article\" \/>\n<meta property=\"og:title\" content=\"Bloggar - My Palm Leaf\" \/>\n<meta property=\"og:description\" content=\"Utforska inspirerande blogginl\u00e4gg om andlighet, personlig utveckling och ur\u00e5ldrig visdom f\u00f6r att f\u00f6rdjupa din f\u00f6rst\u00e5else och insikt idag.\" \/>\n<meta property=\"og:url\" content=\"https:\/\/mypalmleaf.com\/sv\/bloggar\/\" \/>\n<meta property=\"og:site_name\" content=\"My Palm Leaf\" \/>\n<meta property=\"article:modified_time\" content=\"2025-04-28T10:41:08+00:00\" \/>\n<meta property=\"og:image\" content=\"https:\/\/mypalmleaf.com\/wp-content\/uploads\/2025\/08\/mpl-circle-logo.jpg\" \/>\n\t<meta property=\"og:image:width\" content=\"1200\" \/>\n\t<meta property=\"og:image:height\" content=\"1196\" \/>\n\t<meta property=\"og:image:type\" content=\"image\/jpeg\" \/>\n<meta name=\"twitter:card\" content=\"summary_large_image\" \/>\n<script type=\"application\/ld+json\" class=\"yoast-schema-graph\">{\"@context\":\"https:\/\/schema.org\",\"@graph\":[{\"@type\":\"WebPage\",\"@id\":\"https:\/\/mypalmleaf.com\/sv\/bloggar\/\",\"url\":\"https:\/\/mypalmleaf.com\/sv\/bloggar\/\",\"name\":\"Bloggar - My Palm Leaf\",\"isPartOf\":{\"@id\":\"https:\/\/mypalmleaf.com\/#website\"},\"datePublished\":\"2024-08-14T06:28:52+00:00\",\"dateModified\":\"2025-04-28T10:41:08+00:00\",\"description\":\"Utforska inspirerande blogginl\u00e4gg om andlighet, personlig utveckling och ur\u00e5ldrig visdom f\u00f6r att f\u00f6rdjupa din f\u00f6rst\u00e5else och insikt idag.\",\"breadcrumb\":{\"@id\":\"https:\/\/mypalmleaf.com\/sv\/bloggar\/#breadcrumb\"},\"inLanguage\":\"sv-SE\",\"potentialAction\":[{\"@type\":\"ReadAction\",\"target\":[\"https:\/\/mypalmleaf.com\/sv\/bloggar\/\"]}]},{\"@type\":\"BreadcrumbList\",\"@id\":\"https:\/\/mypalmleaf.com\/sv\/bloggar\/#breadcrumb\",\"itemListElement\":[{\"@type\":\"ListItem\",\"position\":1,\"name\":\"Home\",\"item\":\"https:\/\/mypalmleaf.com\/sv\/\"},{\"@type\":\"ListItem\",\"position\":2,\"name\":\"Bloggar\"}]},{\"@type\":\"WebSite\",\"@id\":\"https:\/\/mypalmleaf.com\/#website\",\"url\":\"https:\/\/mypalmleaf.com\/\",\"name\":\"My Palm Leaf\",\"description\":\"\",\"potentialAction\":[{\"@type\":\"SearchAction\",\"target\":{\"@type\":\"EntryPoint\",\"urlTemplate\":\"https:\/\/mypalmleaf.com\/?s={search_term_string}\"},\"query-input\":{\"@type\":\"PropertyValueSpecification\",\"valueRequired\":true,\"valueName\":\"search_term_string\"}}],\"inLanguage\":\"sv-SE\"}]}<\/script>\n<!-- \/ Yoast SEO plugin. -->","yoast_head_json":{"title":"Bloggar - My Palm Leaf","description":"Utforska inspirerande blogginl\u00e4gg om andlighet, personlig utveckling och ur\u00e5ldrig visdom f\u00f6r att f\u00f6rdjupa din f\u00f6rst\u00e5else och insikt idag.","robots":{"index":"index","follow":"follow","max-snippet":"max-snippet:-1","max-image-preview":"max-image-preview:large","max-video-preview":"max-video-preview:-1"},"canonical":"https:\/\/mypalmleaf.com\/sv\/bloggar\/","og_locale":"sv_SE","og_type":"article","og_title":"Bloggar - My Palm Leaf","og_description":"Utforska inspirerande blogginl\u00e4gg om andlighet, personlig utveckling och ur\u00e5ldrig visdom f\u00f6r att f\u00f6rdjupa din f\u00f6rst\u00e5else och insikt idag.","og_url":"https:\/\/mypalmleaf.com\/sv\/bloggar\/","og_site_name":"My Palm Leaf","article_modified_time":"2025-04-28T10:41:08+00:00","og_image":[{"width":1200,"height":1196,"url":"https:\/\/mypalmleaf.com\/wp-content\/uploads\/2025\/08\/mpl-circle-logo.jpg","type":"image\/jpeg"}],"twitter_card":"summary_large_image","schema":{"@context":"https:\/\/schema.org","@graph":[{"@type":"WebPage","@id":"https:\/\/mypalmleaf.com\/sv\/bloggar\/","url":"https:\/\/mypalmleaf.com\/sv\/bloggar\/","name":"Bloggar - My Palm Leaf","isPartOf":{"@id":"https:\/\/mypalmleaf.com\/#website"},"datePublished":"2024-08-14T06:28:52+00:00","dateModified":"2025-04-28T10:41:08+00:00","description":"Utforska inspirerande blogginl\u00e4gg om andlighet, personlig utveckling och ur\u00e5ldrig visdom f\u00f6r att f\u00f6rdjupa din f\u00f6rst\u00e5else och insikt idag.","breadcrumb":{"@id":"https:\/\/mypalmleaf.com\/sv\/bloggar\/#breadcrumb"},"inLanguage":"sv-SE","potentialAction":[{"@type":"ReadAction","target":["https:\/\/mypalmleaf.com\/sv\/bloggar\/"]}]},{"@type":"BreadcrumbList","@id":"https:\/\/mypalmleaf.com\/sv\/bloggar\/#breadcrumb","itemListElement":[{"@type":"ListItem","position":1,"name":"Home","item":"https:\/\/mypalmleaf.com\/sv\/"},{"@type":"ListItem","position":2,"name":"Bloggar"}]},{"@type":"WebSite","@id":"https:\/\/mypalmleaf.com\/#website","url":"https:\/\/mypalmleaf.com\/","name":"My Palm Leaf","description":"","potentialAction":[{"@type":"SearchAction","target":{"@type":"EntryPoint","urlTemplate":"https:\/\/mypalmleaf.com\/?s={search_term_string}"},"query-input":{"@type":"PropertyValueSpecification","valueRequired":true,"valueName":"search_term_string"}}],"inLanguage":"sv-SE"}]}},"_links":{"self":[{"href":"https:\/\/mypalmleaf.com\/sv\/wp-json\/wp\/v2\/pages\/33266","targetHints":{"allow":["GET"]}}],"collection":[{"href":"https:\/\/mypalmleaf.com\/sv\/wp-json\/wp\/v2\/pages"}],"about":[{"href":"https:\/\/mypalmleaf.com\/sv\/wp-json\/wp\/v2\/types\/page"}],"author":[{"embeddable":true,"href":"https:\/\/mypalmleaf.com\/sv\/wp-json\/wp\/v2\/users\/1"}],"replies":[{"embeddable":true,"href":"https:\/\/mypalmleaf.com\/sv\/wp-json\/wp\/v2\/comments?post=33266"}],"version-history":[{"count":0,"href":"https:\/\/mypalmleaf.com\/sv\/wp-json\/wp\/v2\/pages\/33266\/revisions"}],"wp:attachment":[{"href":"https:\/\/mypalmleaf.com\/sv\/wp-json\/wp\/v2\/media?parent=33266"}],"curies":[{"name":"wp","href":"https:\/\/api.w.org\/{rel}","templated":true}]}}