
{"id":33294,"date":"2024-08-14T18:58:17","date_gmt":"2024-08-14T18:58:17","guid":{"rendered":"https:\/\/mypalmleaf.com\/text\/"},"modified":"2025-04-28T09:59:01","modified_gmt":"2025-04-28T09:59:01","slug":"text","status":"publish","type":"page","link":"https:\/\/mypalmleaf.com\/sv\/text\/","title":{"rendered":"Text"},"content":{"rendered":"\n<section class=\"testimonial-block my-6 pt-5 pt-md-0 mb-4 mt-xs-4\">\n  <div class=\"container-xl\">\n    <div class=\"row\">\n      <div class=\"col text-center\">\n        <h1 class=\"py-4\">Vittnesm\u00e5l<\/h1>\n      <\/div>\n    <\/div>\n    <div class=\"row\">\n      <div class=\"col text-center\">\n        <div class=\"tetimonial-tabs\">\n          <ul>\n            <li>\n              <ul>\n                                                  <li><a href=\"https:\/\/mypalmleaf.com\/sv\/video\/\" class=\"\">Video<\/a><\/li>\n                                                    <li><a href=\"javascript:;\" class=\"active\">Text<\/a><\/li>\n                                                <\/ul>\n            <\/li>\n          <\/ul>\n        <\/div>\n      <\/div>\n    <\/div>\n    <div class=\"row\">\n              <div class=\"col-lg-6 slider-wrap inner my-5\">\n          <div class=\"slides\">\n            <div class=\"wrap\">\n              <div class=\"user-img\"><img decoding=\"async\" src=\"https:\/\/mypalmleaf.com\/wp-content\/uploads\/2024\/09\/testimonials_crystal.jpg\" class=\"img-fluid rounded-circle\" alt=\"\"><\/div>\n              <div class=\"text\">\n                <p>&#8221;Min palmbladsl\u00e4sning var upplysande och inspirerande. Fr\u00e5n b\u00f6rjan upplevde jag m\u00e5nga k\u00e4nslor relaterade till min l\u00e4sning \u2013 nervositet inf\u00f6r uppdragsprocessen, sp\u00e4nning \u00f6ver att uppt\u00e4cka mitt blad och f\u00f6rundran \u00f6ver inneh\u00e5llet.\u201d<\/p>\n              <\/div>\n              <div class=\"name\">Crystal<\/div>\n            <\/div>\n          <\/div>\n        <\/div>\n              <div class=\"col-lg-6 slider-wrap inner my-5\">\n          <div class=\"slides\">\n            <div class=\"wrap\">\n              <div class=\"user-img\"><img decoding=\"async\" src=\"https:\/\/mypalmleaf.com\/wp-content\/uploads\/2024\/09\/testimonials_ricky.jpg\" class=\"img-fluid rounded-circle\" alt=\"\"><\/div>\n              <div class=\"text\">\n                <p>&#8221;Palml\u00e4sning var en v\u00e4rdefull och n\u00e4rande g\u00e5va till min sj\u00e4l. Rishis insikter och v\u00e4gledning, s\u00e5v\u00e4l som botemedel, var en vacker bekr\u00e4ftelse p\u00e5 att jag \u00e4r p\u00e5 r\u00e4tt v\u00e4g. En dusch av tro och f\u00f6rtroende som tj\u00e4nade mig som ett stort st\u00f6d.<\/p>\n<p>N\u00e5gra veckor efter palml\u00e4sningen k\u00e4nner jag l\u00e4sningens v\u00e4lsignelse, kopplingen till denna ur\u00e5ldriga tradition, och jag kan se n\u00e5gra f\u00f6rvandlingar ske.\u201d<\/p>\n              <\/div>\n              <div class=\"name\">Ricky<\/div>\n            <\/div>\n          <\/div>\n        <\/div>\n              <div class=\"col-lg-6 slider-wrap inner my-5\">\n          <div class=\"slides\">\n            <div class=\"wrap\">\n              <div class=\"user-img\"><img decoding=\"async\" src=\"https:\/\/mypalmleaf.com\/wp-content\/uploads\/2024\/09\/testimonials_aimee.jpg\" class=\"img-fluid rounded-circle\" alt=\"\"><\/div>\n              <div class=\"text\">\n                <p>Att hitta mitt palmblad var mer chockerande och heligt \u00e4n jag hade f\u00f6rv\u00e4ntat mig. Alla inblandade var verkligen \u00e4kta och jag k\u00e4nde mig v\u00e4lsignad \u00f6ver att ha deras st\u00f6d. Att l\u00e4sa hj\u00e4lpte mig att lita mer och \u00f6verl\u00e4mna mig till k\u00e4rleken. Det bekr\u00e4ftade f\u00f6r mig vilken karma och vilka utmaningar jag beh\u00f6ver \u00f6vervinna i mitt liv, vilket redan ger mig mer flyt och \u00f6ppenhet i livet.<\/p>\n              <\/div>\n              <div class=\"name\">Aimee<\/div>\n            <\/div>\n          <\/div>\n        <\/div>\n              <div class=\"col-lg-6 slider-wrap inner my-5\">\n          <div class=\"slides\">\n            <div class=\"wrap\">\n              <div class=\"user-img\"><img decoding=\"async\" src=\"https:\/\/mypalmleaf.com\/wp-content\/uploads\/2024\/09\/testimonials_jair.jpg\" class=\"img-fluid rounded-circle\" alt=\"\"><\/div>\n              <div class=\"text\">\n                <p>Min erfarenhet av palmbladsl\u00e4sning var mycket kraftfull. N\u00e4r jag f\u00f6rst h\u00f6rde talas om det var jag skeptisk, men senare, n\u00e4r jag chattade p\u00e5 Zoom med brahminen och den tamilska \u00f6vers\u00e4ttaren, kunde jag tydligt k\u00e4nna exaktheten i informationen jag fick och \u00f6ppna mig f\u00f6r rishiernas och helighetens v\u00e4lsignelser bakom detta. Tack s\u00e5 mycket f\u00f6r denna \u00f6gon\u00f6ppnande upplevelse.<\/p>\n              <\/div>\n              <div class=\"name\">Jair<\/div>\n            <\/div>\n          <\/div>\n        <\/div>\n              <div class=\"col-lg-6 slider-wrap inner my-5\">\n          <div class=\"slides\">\n            <div class=\"wrap\">\n              <div class=\"user-img\"><img decoding=\"async\" src=\"https:\/\/mypalmleaf.com\/wp-content\/uploads\/2024\/08\/thomas.jpg\" class=\"img-fluid rounded-circle\" alt=\"\"><\/div>\n              <div class=\"text\">\n                <p>Jag \u00e4r mer \u00e4n glad att palmbladet har hittat mig. Jag dras alltid till att g\u00e5 djupare in i mig sj\u00e4lv p\u00e5 min v\u00e4g och det h\u00e4r palmbladet \u00e4r ett otroligt verktyg f\u00f6r det. Jag kan inte v\u00e4nta med att applicera l\u00e4kemedlen om n\u00e5gra dagar f\u00f6r den kommande fullm\u00e5nen.<\/p>\n<p>Tack Stephan f\u00f6r att du koordinerade och underl\u00e4ttade tillg\u00e5ngen till palmbladet f\u00f6r alla, det \u00e4r en stor g\u00e5va till m\u00e4nskligheten.<\/p>\n              <\/div>\n              <div class=\"name\">Thomas<\/div>\n            <\/div>\n          <\/div>\n        <\/div>\n              <div class=\"col-lg-6 slider-wrap inner my-5\">\n          <div class=\"slides\">\n            <div class=\"wrap\">\n              <div class=\"user-img\"><img decoding=\"async\" src=\"https:\/\/mypalmleaf.com\/wp-content\/uploads\/2024\/08\/casey.jpg\" class=\"img-fluid rounded-circle\" alt=\"\"><\/div>\n              <div class=\"text\">\n                <p>Att hitta mitt palmblad har hj\u00e4lpt mig att ha mer tro p\u00e5 livet och hur saker h\u00e4nder. Jag var alltid n\u00e5gon som undrade om jag var p\u00e5 r\u00e4tt v\u00e4g, vilket hindrade mig fr\u00e5n att g\u00e5 fram\u00e5t p\u00e5 m\u00e5nga s\u00e4tt. Den v\u00e4gledning jag fick fr\u00e5n rishierna gav mig en k\u00e4nsla av &#8221;till\u00e5telse&#8221; att leva den livsv\u00e4g jag alltid har k\u00e4nt mig kallad till, och att ha mer f\u00f6rtroende f\u00f6r min process och hur saker utvecklas. Att ta emot rishiernas v\u00e4lsignelser var en stor g\u00e5va.<\/p>\n              <\/div>\n              <div class=\"name\">Casey<\/div>\n            <\/div>\n          <\/div>\n        <\/div>\n          <\/div>\n        <\/div>\n  <\/div>\n      <div class=\"parallax-item-5 parallax-item\" data-speed=\"parallax-item-7\"><img decoding=\"async\" src=\"https:\/\/mypalmleaf.com\/wp-content\/uploads\/2024\/08\/parallax-item-5-2.png\" class=\"img-fluid\" alt=\"\"><\/div>\n  <\/section>","protected":false},"excerpt":{"rendered":"","protected":false},"author":1,"featured_media":0,"parent":0,"menu_order":0,"comment_status":"closed","ping_status":"closed","template":"","meta":{"_acf_changed":false,"footnotes":""},"class_list":["post-33294","page","type-page","status-publish","hentry"],"acf":[],"yoast_head":"<!-- This site is optimized with the Yoast SEO plugin v26.4 - https:\/\/yoast.com\/wordpress\/plugins\/seo\/ -->\n<title>Text - My Palm Leaf<\/title>\n<meta name=\"description\" content=\"Utforska inspirerande texter om andlighet, meditation och visdom som kan hj\u00e4lpa dig p\u00e5 din resa mot sj\u00e4lvinsikt och inre frid tryggt.\" \/>\n<meta name=\"robots\" content=\"index, follow, max-snippet:-1, max-image-preview:large, max-video-preview:-1\" \/>\n<link rel=\"canonical\" href=\"https:\/\/mypalmleaf.com\/sv\/text\/\" \/>\n<meta property=\"og:locale\" content=\"sv_SE\" \/>\n<meta property=\"og:type\" content=\"article\" \/>\n<meta property=\"og:title\" content=\"Text - My Palm Leaf\" \/>\n<meta property=\"og:description\" content=\"Utforska inspirerande texter om andlighet, meditation och visdom som kan hj\u00e4lpa dig p\u00e5 din resa mot sj\u00e4lvinsikt och inre frid tryggt.\" \/>\n<meta property=\"og:url\" content=\"https:\/\/mypalmleaf.com\/sv\/text\/\" \/>\n<meta property=\"og:site_name\" content=\"My Palm Leaf\" \/>\n<meta property=\"article:modified_time\" content=\"2025-04-28T09:59:01+00:00\" \/>\n<meta property=\"og:image\" content=\"https:\/\/mypalmleaf.com\/wp-content\/uploads\/2025\/08\/mpl-circle-logo.jpg\" \/>\n\t<meta property=\"og:image:width\" content=\"1200\" \/>\n\t<meta property=\"og:image:height\" content=\"1196\" \/>\n\t<meta property=\"og:image:type\" content=\"image\/jpeg\" \/>\n<meta name=\"twitter:card\" content=\"summary_large_image\" \/>\n<script type=\"application\/ld+json\" class=\"yoast-schema-graph\">{\"@context\":\"https:\/\/schema.org\",\"@graph\":[{\"@type\":\"WebPage\",\"@id\":\"https:\/\/mypalmleaf.com\/sv\/text\/\",\"url\":\"https:\/\/mypalmleaf.com\/sv\/text\/\",\"name\":\"Text - My Palm Leaf\",\"isPartOf\":{\"@id\":\"https:\/\/mypalmleaf.com\/#website\"},\"datePublished\":\"2024-08-14T18:58:17+00:00\",\"dateModified\":\"2025-04-28T09:59:01+00:00\",\"description\":\"Utforska inspirerande texter om andlighet, meditation och visdom som kan hj\u00e4lpa dig p\u00e5 din resa mot sj\u00e4lvinsikt och inre frid tryggt.\",\"breadcrumb\":{\"@id\":\"https:\/\/mypalmleaf.com\/sv\/text\/#breadcrumb\"},\"inLanguage\":\"sv-SE\",\"potentialAction\":[{\"@type\":\"ReadAction\",\"target\":[\"https:\/\/mypalmleaf.com\/sv\/text\/\"]}]},{\"@type\":\"BreadcrumbList\",\"@id\":\"https:\/\/mypalmleaf.com\/sv\/text\/#breadcrumb\",\"itemListElement\":[{\"@type\":\"ListItem\",\"position\":1,\"name\":\"Home\",\"item\":\"https:\/\/mypalmleaf.com\/sv\/\"},{\"@type\":\"ListItem\",\"position\":2,\"name\":\"Text\"}]},{\"@type\":\"WebSite\",\"@id\":\"https:\/\/mypalmleaf.com\/#website\",\"url\":\"https:\/\/mypalmleaf.com\/\",\"name\":\"My Palm Leaf\",\"description\":\"\",\"potentialAction\":[{\"@type\":\"SearchAction\",\"target\":{\"@type\":\"EntryPoint\",\"urlTemplate\":\"https:\/\/mypalmleaf.com\/?s={search_term_string}\"},\"query-input\":{\"@type\":\"PropertyValueSpecification\",\"valueRequired\":true,\"valueName\":\"search_term_string\"}}],\"inLanguage\":\"sv-SE\"}]}<\/script>\n<!-- \/ Yoast SEO plugin. -->","yoast_head_json":{"title":"Text - My Palm Leaf","description":"Utforska inspirerande texter om andlighet, meditation och visdom som kan hj\u00e4lpa dig p\u00e5 din resa mot sj\u00e4lvinsikt och inre frid tryggt.","robots":{"index":"index","follow":"follow","max-snippet":"max-snippet:-1","max-image-preview":"max-image-preview:large","max-video-preview":"max-video-preview:-1"},"canonical":"https:\/\/mypalmleaf.com\/sv\/text\/","og_locale":"sv_SE","og_type":"article","og_title":"Text - My Palm Leaf","og_description":"Utforska inspirerande texter om andlighet, meditation och visdom som kan hj\u00e4lpa dig p\u00e5 din resa mot sj\u00e4lvinsikt och inre frid tryggt.","og_url":"https:\/\/mypalmleaf.com\/sv\/text\/","og_site_name":"My Palm Leaf","article_modified_time":"2025-04-28T09:59:01+00:00","og_image":[{"width":1200,"height":1196,"url":"https:\/\/mypalmleaf.com\/wp-content\/uploads\/2025\/08\/mpl-circle-logo.jpg","type":"image\/jpeg"}],"twitter_card":"summary_large_image","schema":{"@context":"https:\/\/schema.org","@graph":[{"@type":"WebPage","@id":"https:\/\/mypalmleaf.com\/sv\/text\/","url":"https:\/\/mypalmleaf.com\/sv\/text\/","name":"Text - My Palm Leaf","isPartOf":{"@id":"https:\/\/mypalmleaf.com\/#website"},"datePublished":"2024-08-14T18:58:17+00:00","dateModified":"2025-04-28T09:59:01+00:00","description":"Utforska inspirerande texter om andlighet, meditation och visdom som kan hj\u00e4lpa dig p\u00e5 din resa mot sj\u00e4lvinsikt och inre frid tryggt.","breadcrumb":{"@id":"https:\/\/mypalmleaf.com\/sv\/text\/#breadcrumb"},"inLanguage":"sv-SE","potentialAction":[{"@type":"ReadAction","target":["https:\/\/mypalmleaf.com\/sv\/text\/"]}]},{"@type":"BreadcrumbList","@id":"https:\/\/mypalmleaf.com\/sv\/text\/#breadcrumb","itemListElement":[{"@type":"ListItem","position":1,"name":"Home","item":"https:\/\/mypalmleaf.com\/sv\/"},{"@type":"ListItem","position":2,"name":"Text"}]},{"@type":"WebSite","@id":"https:\/\/mypalmleaf.com\/#website","url":"https:\/\/mypalmleaf.com\/","name":"My Palm Leaf","description":"","potentialAction":[{"@type":"SearchAction","target":{"@type":"EntryPoint","urlTemplate":"https:\/\/mypalmleaf.com\/?s={search_term_string}"},"query-input":{"@type":"PropertyValueSpecification","valueRequired":true,"valueName":"search_term_string"}}],"inLanguage":"sv-SE"}]}},"_links":{"self":[{"href":"https:\/\/mypalmleaf.com\/sv\/wp-json\/wp\/v2\/pages\/33294","targetHints":{"allow":["GET"]}}],"collection":[{"href":"https:\/\/mypalmleaf.com\/sv\/wp-json\/wp\/v2\/pages"}],"about":[{"href":"https:\/\/mypalmleaf.com\/sv\/wp-json\/wp\/v2\/types\/page"}],"author":[{"embeddable":true,"href":"https:\/\/mypalmleaf.com\/sv\/wp-json\/wp\/v2\/users\/1"}],"replies":[{"embeddable":true,"href":"https:\/\/mypalmleaf.com\/sv\/wp-json\/wp\/v2\/comments?post=33294"}],"version-history":[{"count":0,"href":"https:\/\/mypalmleaf.com\/sv\/wp-json\/wp\/v2\/pages\/33294\/revisions"}],"wp:attachment":[{"href":"https:\/\/mypalmleaf.com\/sv\/wp-json\/wp\/v2\/media?parent=33294"}],"curies":[{"name":"wp","href":"https:\/\/api.w.org\/{rel}","templated":true}]}}