
{"id":33311,"date":"2024-08-15T01:35:58","date_gmt":"2024-08-15T01:35:58","guid":{"rendered":"https:\/\/mypalmleaf.com\/video\/"},"modified":"2025-04-17T09:37:15","modified_gmt":"2025-04-17T09:37:15","slug":"video","status":"publish","type":"page","link":"https:\/\/mypalmleaf.com\/sv\/video\/","title":{"rendered":"Video"},"content":{"rendered":"\n<section class=\"testimonial-block my-6 pt-5 pt-md-0 mb-4 mt-xs-4\">\n  <div class=\"container-xl\">\n    <div class=\"row\">\n      <div class=\"col text-center\">\n        <h1 class=\"py-4\">Vittnesm\u00e5l<\/h1>\n      <\/div>\n    <\/div>\n    <div class=\"row\">\n      <div class=\"col text-center\">\n        <div class=\"tetimonial-tabs\">\n          <ul>\n            <li>\n              <ul>\n                                                  <li><a href=\"javascript:;\" class=\"active\">Video<\/a><\/li>\n                                                    <li><a href=\"https:\/\/mypalmleaf.com\/sv\/text\/\" class=\"\">Text<\/a><\/li>\n                                                <\/ul>\n            <\/li>\n          <\/ul>\n        <\/div>\n      <\/div>\n    <\/div>\n    <div class=\"row\">\n              <div class=\"col-lg-6 slider-wrap inner\">\n          <div class=\"slides video-thumb\">\n            <div class=\"wrap\">\n              <div class=\"thumb-wrap\"><img decoding=\"async\" src=\"https:\/\/mypalmleaf.com\/wp-content\/uploads\/2024\/09\/4Hg9167TvUc.jpg\" class=\"img-fluid\" alt=\"\">\n                <div class=\"play-icon\"><\/div>\n              <\/div>\n              <div class=\"title\">Alicia\u2019s Palm Leaf Reading experience with Mypalmleaf<\/div>\n              <a href=\"https:\/\/www.youtube.com\/watch?v=4Hg9167TvUc\" class=\"stretched-link\" data-lity><\/a>\n            <\/div>\n          <\/div>\n        <\/div>\n              <div class=\"col-lg-6 slider-wrap inner\">\n          <div class=\"slides video-thumb\">\n            <div class=\"wrap\">\n              <div class=\"thumb-wrap\"><img decoding=\"async\" src=\"https:\/\/mypalmleaf.com\/wp-content\/uploads\/2024\/09\/6nXjvCi-osg.jpg\" class=\"img-fluid\" alt=\"\">\n                <div class=\"play-icon\"><\/div>\n              <\/div>\n              <div class=\"title\">How the effects of the palm leaf remedies can look like<\/div>\n              <a href=\"http:\/\/youtube.com\/watch?v=6nXjvCi-osg\" class=\"stretched-link\" data-lity><\/a>\n            <\/div>\n          <\/div>\n        <\/div>\n              <div class=\"col-lg-6 slider-wrap inner\">\n          <div class=\"slides video-thumb\">\n            <div class=\"wrap\">\n              <div class=\"thumb-wrap\"><img decoding=\"async\" src=\"https:\/\/mypalmleaf.com\/wp-content\/uploads\/2024\/09\/8S-aW2KGA84.jpg\" class=\"img-fluid\" alt=\"\">\n                <div class=\"play-icon\"><\/div>\n              <\/div>\n              <div class=\"title\">Crystals Palm Leaf Reading with Mypalmleaf<\/div>\n              <a href=\"https:\/\/www.youtube.com\/watch?v=8S-aW2KGA84\" class=\"stretched-link\" data-lity><\/a>\n            <\/div>\n          <\/div>\n        <\/div>\n              <div class=\"col-lg-6 slider-wrap inner\">\n          <div class=\"slides video-thumb\">\n            <div class=\"wrap\">\n              <div class=\"thumb-wrap\"><img decoding=\"async\" src=\"https:\/\/mypalmleaf.com\/wp-content\/uploads\/2024\/09\/CZGMwbYk5fQ.jpg\" class=\"img-fluid\" alt=\"\">\n                <div class=\"play-icon\"><\/div>\n              <\/div>\n              <div class=\"title\">Waraporn\u2019s Palm Leaf Reading experience with Mypalmleaf<\/div>\n              <a href=\"https:\/\/www.youtube.com\/watch?v=CZGMwbYk5fQ\" class=\"stretched-link\" data-lity><\/a>\n            <\/div>\n          <\/div>\n        <\/div>\n              <div class=\"col-lg-6 slider-wrap inner\">\n          <div class=\"slides video-thumb\">\n            <div class=\"wrap\">\n              <div class=\"thumb-wrap\"><img decoding=\"async\" src=\"https:\/\/mypalmleaf.com\/wp-content\/uploads\/2024\/09\/85dwae7lWHw.jpg\" class=\"img-fluid\" alt=\"\">\n                <div class=\"play-icon\"><\/div>\n              <\/div>\n              <div class=\"title\">Eva\u2019s Palm Leaf Reading experience with Mypalmleaf | Indian Palm Leaf Reading1<\/div>\n              <a href=\"https:\/\/www.youtube.com\/watch?v=85dwae7lWHw\" class=\"stretched-link\" data-lity><\/a>\n            <\/div>\n          <\/div>\n        <\/div>\n              <div class=\"col-lg-6 slider-wrap inner\">\n          <div class=\"slides video-thumb\">\n            <div class=\"wrap\">\n              <div class=\"thumb-wrap\"><img decoding=\"async\" src=\"https:\/\/mypalmleaf.com\/wp-content\/uploads\/2024\/09\/F6M0XwXuehU.jpg\" class=\"img-fluid\" alt=\"\">\n                <div class=\"play-icon\"><\/div>\n              <\/div>\n              <div class=\"title\">Clifton\u2019s Palm Leaf Reading experience with Mypalmleaf | Indian Palm Leaf Reading<\/div>\n              <a href=\"https:\/\/www.youtube.com\/watch?v=F6M0XwXuehU\" class=\"stretched-link\" data-lity><\/a>\n            <\/div>\n          <\/div>\n        <\/div>\n              <div class=\"col-lg-6 slider-wrap inner\">\n          <div class=\"slides video-thumb\">\n            <div class=\"wrap\">\n              <div class=\"thumb-wrap\"><img decoding=\"async\" src=\"https:\/\/mypalmleaf.com\/wp-content\/uploads\/2024\/09\/Er7J9NSGfEM.jpg\" class=\"img-fluid\" alt=\"\">\n                <div class=\"play-icon\"><\/div>\n              <\/div>\n              <div class=\"title\">Linda&#8217;s Palm Leaf Reading with Mypalmleaf #2<\/div>\n              <a href=\"https:\/\/www.youtube.com\/watch?v=Er7J9NSGfEM\" class=\"stretched-link\" data-lity><\/a>\n            <\/div>\n          <\/div>\n        <\/div>\n              <div class=\"col-lg-6 slider-wrap inner\">\n          <div class=\"slides video-thumb\">\n            <div class=\"wrap\">\n              <div class=\"thumb-wrap\"><img decoding=\"async\" src=\"https:\/\/mypalmleaf.com\/wp-content\/uploads\/2024\/09\/KGx3MOt7TuE.jpg\" class=\"img-fluid\" alt=\"\">\n                <div class=\"play-icon\"><\/div>\n              <\/div>\n              <div class=\"title\">Linda&#8217;s Palm Leaf Reading with Mypalmleaf #1<\/div>\n              <a href=\"https:\/\/www.youtube.com\/watch?v=KGx3MOt7TuE\" class=\"stretched-link\" data-lity><\/a>\n            <\/div>\n          <\/div>\n        <\/div>\n              <div class=\"col-lg-6 slider-wrap inner\">\n          <div class=\"slides video-thumb\">\n            <div class=\"wrap\">\n              <div class=\"thumb-wrap\"><img decoding=\"async\" src=\"https:\/\/mypalmleaf.com\/wp-content\/uploads\/2024\/09\/QUKGfvNsiLA.jpg\" class=\"img-fluid\" alt=\"\">\n                <div class=\"play-icon\"><\/div>\n              <\/div>\n              <div class=\"title\">Spanda\u2019s Palm Leaf Reading experience with Mypalmleaf<\/div>\n              <a href=\"https:\/\/www.youtube.com\/watch?v=QUKGfvNsiLA\" class=\"stretched-link\" data-lity><\/a>\n            <\/div>\n          <\/div>\n        <\/div>\n              <div class=\"col-lg-6 slider-wrap inner\">\n          <div class=\"slides video-thumb\">\n            <div class=\"wrap\">\n              <div class=\"thumb-wrap\"><img decoding=\"async\" src=\"https:\/\/mypalmleaf.com\/wp-content\/uploads\/2024\/09\/osiskgdIPwc.jpg\" class=\"img-fluid\" alt=\"\">\n                <div class=\"play-icon\"><\/div>\n              <\/div>\n              <div class=\"title\">Aimee&#8217;s Palm Leaf Reading experience with Mypalmleaf<\/div>\n              <a href=\"https:\/\/www.youtube.com\/watch?v=osiskgdIPwc\" class=\"stretched-link\" data-lity><\/a>\n            <\/div>\n          <\/div>\n        <\/div>\n          <\/div>\n    <div class=\"row my-6\"><div class=\"col\"><nav aria-label=\"Page navigation\"><ul class=\"pagination justify-content-center\"><li class=\"page-item active\"><span aria-current=\"page\" class=\"page-link current\">1<\/span><\/li><li class=\"page-item\"><a class=\"page-link\" href=\"https:\/\/mypalmleaf.com\/sv\/wp-json\/wp\/v2\/pages\/33311\/page\/2\/\">2<\/a><\/li><li class=\"page-item\"><a class=\"next page-link\" href=\"https:\/\/mypalmleaf.com\/sv\/wp-json\/wp\/v2\/pages\/33311\/page\/2\/\">N\u00e4sta \u2192<\/a><\/li><\/ul><\/nav><\/div><\/div>  <\/div>\n  <\/div>\n      <div class=\"parallax-item-3 parallax-item\" data-speed=\".08\"><img decoding=\"async\" src=\"https:\/\/mypalmleaf.com\/wp-content\/uploads\/2024\/08\/parallax-item-3-2.png\" class=\"img-fluid\" alt=\"\"><\/div>\n  <\/section>","protected":false},"excerpt":{"rendered":"","protected":false},"author":1,"featured_media":0,"parent":0,"menu_order":0,"comment_status":"closed","ping_status":"closed","template":"","meta":{"_acf_changed":false,"footnotes":""},"class_list":["post-33311","page","type-page","status-publish","hentry"],"acf":[],"yoast_head":"<!-- This site is optimized with the Yoast SEO plugin v26.4 - https:\/\/yoast.com\/wordpress\/plugins\/seo\/ -->\n<title>Video - My Palm Leaf<\/title>\n<meta name=\"description\" content=\"Se inspirerande videor om palmbladsavl\u00e4sningar, andliga ritualer och personliga ber\u00e4ttelser fr\u00e5n dem som g\u00e5tt denna heliga v\u00e4g.\" \/>\n<meta name=\"robots\" content=\"index, follow, max-snippet:-1, max-image-preview:large, max-video-preview:-1\" \/>\n<link rel=\"canonical\" href=\"https:\/\/mypalmleaf.com\/palm-leaf-reading-testimonials\/\" \/>\n<meta property=\"og:locale\" content=\"sv_SE\" \/>\n<meta property=\"og:type\" content=\"article\" \/>\n<meta property=\"og:title\" content=\"Video - My Palm Leaf\" \/>\n<meta property=\"og:description\" content=\"Se inspirerande videor om palmbladsavl\u00e4sningar, andliga ritualer och personliga ber\u00e4ttelser fr\u00e5n dem som g\u00e5tt denna heliga v\u00e4g.\" \/>\n<meta property=\"og:url\" content=\"https:\/\/mypalmleaf.com\/palm-leaf-reading-testimonials\/\" \/>\n<meta property=\"og:site_name\" content=\"My Palm Leaf\" \/>\n<meta property=\"article:modified_time\" content=\"2025-04-17T09:37:15+00:00\" \/>\n<meta property=\"og:image\" content=\"https:\/\/mypalmleaf.com\/wp-content\/uploads\/2025\/08\/mpl-circle-logo.jpg\" \/>\n\t<meta property=\"og:image:width\" content=\"1200\" \/>\n\t<meta property=\"og:image:height\" content=\"1196\" \/>\n\t<meta property=\"og:image:type\" content=\"image\/jpeg\" \/>\n<meta name=\"twitter:card\" content=\"summary_large_image\" \/>\n<script type=\"application\/ld+json\" class=\"yoast-schema-graph\">{\"@context\":\"https:\/\/schema.org\",\"@graph\":[{\"@type\":\"WebPage\",\"@id\":\"https:\/\/mypalmleaf.com\/palm-leaf-reading-testimonials\/\",\"url\":\"https:\/\/mypalmleaf.com\/palm-leaf-reading-testimonials\/\",\"name\":\"Video - My Palm Leaf\",\"isPartOf\":{\"@id\":\"https:\/\/mypalmleaf.com\/#website\"},\"datePublished\":\"2024-08-15T01:35:58+00:00\",\"dateModified\":\"2025-04-17T09:37:15+00:00\",\"description\":\"Se inspirerande videor om palmbladsavl\u00e4sningar, andliga ritualer och personliga ber\u00e4ttelser fr\u00e5n dem som g\u00e5tt denna heliga v\u00e4g.\",\"breadcrumb\":{\"@id\":\"https:\/\/mypalmleaf.com\/palm-leaf-reading-testimonials\/#breadcrumb\"},\"inLanguage\":\"sv-SE\",\"potentialAction\":[{\"@type\":\"ReadAction\",\"target\":[\"https:\/\/mypalmleaf.com\/palm-leaf-reading-testimonials\/\"]}]},{\"@type\":\"BreadcrumbList\",\"@id\":\"https:\/\/mypalmleaf.com\/palm-leaf-reading-testimonials\/#breadcrumb\",\"itemListElement\":[{\"@type\":\"ListItem\",\"position\":1,\"name\":\"Home\",\"item\":\"https:\/\/mypalmleaf.com\/sv\/\"},{\"@type\":\"ListItem\",\"position\":2,\"name\":\"Video\"}]},{\"@type\":\"WebSite\",\"@id\":\"https:\/\/mypalmleaf.com\/#website\",\"url\":\"https:\/\/mypalmleaf.com\/\",\"name\":\"My Palm Leaf\",\"description\":\"\",\"potentialAction\":[{\"@type\":\"SearchAction\",\"target\":{\"@type\":\"EntryPoint\",\"urlTemplate\":\"https:\/\/mypalmleaf.com\/?s={search_term_string}\"},\"query-input\":{\"@type\":\"PropertyValueSpecification\",\"valueRequired\":true,\"valueName\":\"search_term_string\"}}],\"inLanguage\":\"sv-SE\"}]}<\/script>\n<!-- \/ Yoast SEO plugin. -->","yoast_head_json":{"title":"Video - My Palm Leaf","description":"Se inspirerande videor om palmbladsavl\u00e4sningar, andliga ritualer och personliga ber\u00e4ttelser fr\u00e5n dem som g\u00e5tt denna heliga v\u00e4g.","robots":{"index":"index","follow":"follow","max-snippet":"max-snippet:-1","max-image-preview":"max-image-preview:large","max-video-preview":"max-video-preview:-1"},"canonical":"https:\/\/mypalmleaf.com\/palm-leaf-reading-testimonials\/","og_locale":"sv_SE","og_type":"article","og_title":"Video - My Palm Leaf","og_description":"Se inspirerande videor om palmbladsavl\u00e4sningar, andliga ritualer och personliga ber\u00e4ttelser fr\u00e5n dem som g\u00e5tt denna heliga v\u00e4g.","og_url":"https:\/\/mypalmleaf.com\/palm-leaf-reading-testimonials\/","og_site_name":"My Palm Leaf","article_modified_time":"2025-04-17T09:37:15+00:00","og_image":[{"width":1200,"height":1196,"url":"https:\/\/mypalmleaf.com\/wp-content\/uploads\/2025\/08\/mpl-circle-logo.jpg","type":"image\/jpeg"}],"twitter_card":"summary_large_image","schema":{"@context":"https:\/\/schema.org","@graph":[{"@type":"WebPage","@id":"https:\/\/mypalmleaf.com\/palm-leaf-reading-testimonials\/","url":"https:\/\/mypalmleaf.com\/palm-leaf-reading-testimonials\/","name":"Video - My Palm Leaf","isPartOf":{"@id":"https:\/\/mypalmleaf.com\/#website"},"datePublished":"2024-08-15T01:35:58+00:00","dateModified":"2025-04-17T09:37:15+00:00","description":"Se inspirerande videor om palmbladsavl\u00e4sningar, andliga ritualer och personliga ber\u00e4ttelser fr\u00e5n dem som g\u00e5tt denna heliga v\u00e4g.","breadcrumb":{"@id":"https:\/\/mypalmleaf.com\/palm-leaf-reading-testimonials\/#breadcrumb"},"inLanguage":"sv-SE","potentialAction":[{"@type":"ReadAction","target":["https:\/\/mypalmleaf.com\/palm-leaf-reading-testimonials\/"]}]},{"@type":"BreadcrumbList","@id":"https:\/\/mypalmleaf.com\/palm-leaf-reading-testimonials\/#breadcrumb","itemListElement":[{"@type":"ListItem","position":1,"name":"Home","item":"https:\/\/mypalmleaf.com\/sv\/"},{"@type":"ListItem","position":2,"name":"Video"}]},{"@type":"WebSite","@id":"https:\/\/mypalmleaf.com\/#website","url":"https:\/\/mypalmleaf.com\/","name":"My Palm Leaf","description":"","potentialAction":[{"@type":"SearchAction","target":{"@type":"EntryPoint","urlTemplate":"https:\/\/mypalmleaf.com\/?s={search_term_string}"},"query-input":{"@type":"PropertyValueSpecification","valueRequired":true,"valueName":"search_term_string"}}],"inLanguage":"sv-SE"}]}},"_links":{"self":[{"href":"https:\/\/mypalmleaf.com\/sv\/wp-json\/wp\/v2\/pages\/33311","targetHints":{"allow":["GET"]}}],"collection":[{"href":"https:\/\/mypalmleaf.com\/sv\/wp-json\/wp\/v2\/pages"}],"about":[{"href":"https:\/\/mypalmleaf.com\/sv\/wp-json\/wp\/v2\/types\/page"}],"author":[{"embeddable":true,"href":"https:\/\/mypalmleaf.com\/sv\/wp-json\/wp\/v2\/users\/1"}],"replies":[{"embeddable":true,"href":"https:\/\/mypalmleaf.com\/sv\/wp-json\/wp\/v2\/comments?post=33311"}],"version-history":[{"count":0,"href":"https:\/\/mypalmleaf.com\/sv\/wp-json\/wp\/v2\/pages\/33311\/revisions"}],"wp:attachment":[{"href":"https:\/\/mypalmleaf.com\/sv\/wp-json\/wp\/v2\/media?parent=33311"}],"curies":[{"name":"wp","href":"https:\/\/api.w.org\/{rel}","templated":true}]}}