{"id":36476,"date":"2024-08-14T07:24:30","date_gmt":"2024-08-14T07:24:30","guid":{"rendered":"https:\/\/mypalmleaf.com\/vanliga-fragor\/"},"modified":"2025-04-28T09:42:55","modified_gmt":"2025-04-28T09:42:55","slug":"vanliga-fragor","status":"publish","type":"page","link":"https:\/\/mypalmleaf.com\/sv\/vanliga-fragor\/","title":{"rendered":"VANLIGA FR\u00c5GOR"},"content":{"rendered":"<section class=\"faq-top-section my-6 mb-4 mt-xs-4\">\n  <div class=\"container\">\n    <div class=\"row mb-4 justify-content-center\">\n      <div class=\"col-lg-10 text-center\" data-aos=\"fade-up\" data-aos-duration=\"1000\">\n        <h1 class=\"py-4\">Vanliga fr\u00e5gor och svar<\/h1>\n      <\/div>\n    <\/div>\n    <div class=\"row\">\n      <div class=\"col-lg-10 mx-auto\">\n        <div class=\"row justify-content-between align-items-center\">\n          <div class=\"col-lg-7\" data-aos=\"fade-up\" data-aos-duration=\"1000\">\n            <div class=\"rounded-asset\">\n              <img decoding=\"async\" src=\"https:\/\/mypalmleaf.com\/wp-content\/uploads\/2024\/08\/stefan.jpg\" class=\"img-fluid\" alt=\"\">\n              <div class=\"play-icon\"><\/div>\n              <a href=\"https:\/\/www.youtube.com\/watch?v=IPzOvDRb6pU\" class=\"stretched-link\" data-lity><\/a>\n            <\/div>\n          <\/div>\n          <div class=\"col-lg-5\" data-aos=\"fade-up\" data-aos-duration=\"1000\">\n            <h3>Svar p\u00e5 de 10 vanligaste fr\u00e5gorna om de indiska palmbladsprofetiorna<\/h3>\n          <\/div>\n        <\/div>\n      <\/div>\n\n    <\/div>\n  <\/div>\n<\/section>\n\n<div class=\"acc-wrap-bind\">\n  <section class=\"acc-nav-block my-5 py-3\" data-aos=\"fade-up\" data-aos-duration=\"1000\">\n    <div class=\"container\">\n      <div class=\"row justify-content-center\">\n        <div class=\"col-lg-8 faqs-heading\">\n          <ul>\n                                      <li>\n                <a href=\"#allm\u00e4nna fr\u00e5gor\" class=\"active\">\n                  Allm\u00e4nna fr\u00e5gor<\/a>\n              <\/li>\n                                        <li>\n                <a href=\"#om-l\u00e4sningen\" class=\"\">\n                  Om l\u00e4sningarna<\/a>\n              <\/li>\n                                        <li>\n                <a href=\"#om-l\u00e4kemedel\" class=\"\">\n                  Om botemedlen<\/a>\n              <\/li>\n                                    <\/ul>\n        <\/div>\n      <\/div>\n    <\/div>\n  <\/section>\n\n        <section class=\"accordion-container position-relative\" data-aos=\"fade-up\" data-aos-duration=\"1000\" id=\"allm\u00e4nna fr\u00e5gor\">\n      <div class=\"container-xl\">\n        <div class=\"row\">\n          <h3>Allm\u00e4nna fr\u00e5gor<\/h3>\n          <div class=\"accr-wrap\">\n                          <div class=\"head\">Finns det ett palmblad f\u00f6r alla?<\/div>\n              <div class=\"content\">\n                <p>Nej, det \u00e4r inte alla som har ett palmblad skrivet \u00e5t sig. Men de m\u00e4nniskor som k\u00e4nner sig kallade att s\u00f6ka efter sitt blad har ofta ett som v\u00e4ntar p\u00e5 dem. <\/p>\n              <\/div>\n                          <div class=\"head\">Vem skrev palmbladen?<\/div>\n              <div class=\"content\">\n                <p>Enligt legenden skrevs palmbladen f\u00f6r m\u00e5nga tusen \u00e5r sedan av &#8221;Rishis&#8221;, en grupp vise m\u00e4n som var mycket h\u00f6gre utvecklade \u00e4n dagens m\u00e4nniskor. Deras medvetande var mycket st\u00f6rre och de kunde bearbeta mycket mer information. De hade ocks\u00e5 en livsl\u00e4ngd p\u00e5 m\u00e5nga hundra till tusentals \u00e5r.  <\/p>\n              <\/div>\n                          <div class=\"head\">Var \u00e4r palmbladen?<\/div>\n              <div class=\"content\">\n                <p>Palmbladen f\u00f6rvaras i palmbladsbiblioteken, som huvudsakligen finns i s\u00f6dra Indien. Det finns ocks\u00e5 n\u00e5gra sm\u00e5 bibliotek i norra Indien, Sri Lanka och Bali. <\/p>\n              <\/div>\n                          <div class=\"head\">Hur m\u00e5nga palmblad och palmbladsbibliotek finns det?<\/div>\n              <div class=\"content\">\n                <p>Ingen vet hur m\u00e5nga palmblad eller bibliotek som finns. Det finns inget centraliserat system. <\/p>\n              <\/div>\n                          <div class=\"head\">Vilka \u00e4r palmd\u00f6vl\u00e4sarna?<\/div>\n              <div class=\"content\">\n                <p>De handpappersl\u00e4sare vi arbetar med har utbildats i m\u00e5nga generationer. Den ur\u00e5ldriga konsten att l\u00e4sa palmblad har f\u00f6rts vidare fr\u00e5n far till son under m\u00e5nga generationer. De \u00e4r bel\u00e4gna i Tamil Nadu, i s\u00f6dra Indien.  <\/p>\n              <\/div>\n                          <div class=\"head\">Hur kunde Rishis k\u00e4nna till och skriva om modern teknik, namn etc.?<\/div>\n              <div class=\"content\">\n                <p>Palmbladen \u00e4r skrivna p\u00e5 forntida tamil, som \u00e4r ett mycket poetiskt spr\u00e5k som beskriver situationer och f\u00f6rem\u00e5l. Det \u00e4r \u00f6vers\u00e4ttarens viktiga roll att omvandla dessa l\u00e5nga poetiska meningar till modern engelska. Till exempel kan palmbladet s\u00e4ga: &#8221;S\u00f6karen uppfinner musik och minns den i runda f\u00f6rem\u00e5l&#8221; och \u00f6vers\u00e4ttaren kan s\u00e4ga &#8221;Du \u00e4r musiker och har spelat in CD-skivor&#8221; Tamil \u00e4r ett ljudbaserat spr\u00e5k. D\u00e4rf\u00f6r \u00e4r dechiffrering av v\u00e4sterl\u00e4ndska namn fr\u00e5n 2000-talet ofta en detaljerad process. L\u00e4saren l\u00e4ser ljuden i symbolerna och med hj\u00e4lp av \u00f6vers\u00e4ttaren och s\u00f6karen identifierar han namnet.<\/p>\n              <\/div>\n                          <div class=\"head\">Varf\u00f6r finns det olika format f\u00f6r avl\u00e4sning av palmblad?<\/div>\n              <div class=\"content\">\n                <p>Nadis historia \u00e4r en blandning av legender och mystik, som fungerar p\u00e5 mirakul\u00f6sa s\u00e4tt. Det s\u00e4gs att palmbladen skrevs av Sapta Rishis, en grupp best\u00e5ende av 7 (sapta) vise (Rishis). D\u00e4rf\u00f6r \u00e4r det m\u00f6jligt att en individ kan ha upp till 7 olika versioner av sin biografi, en skriven av var och en av Rishis. Den huvudsakliga f\u00f6rfattaren till palmbladen \u00e4r Rishi &#8221;Agastya&#8221;, men det finns ocks\u00e5 olika format av Nadi, av samma f\u00f6rfattare. De bibliotek som vi samarbetar med l\u00e4ser fr\u00e4mst fr\u00e5n Rishi &#8221;Agastya&#8221;, men \u00e4ven blad fr\u00e5n andra Rishis finns tillg\u00e4ngliga p\u00e5 beg\u00e4ran.    <\/p>\n              <\/div>\n                          <div class=\"head\">Vore det b\u00e4ttre att personligen bes\u00f6ka ett bibliotek i Indien?<\/div>\n              <div class=\"content\">\n                <p>Den information som du f\u00e5r under en zoompalmbladl\u00e4sning levereras p\u00e5 samma s\u00e4tt som du skulle f\u00e5 personligen p\u00e5 ett autentiskt palmbladbibliotek i Indien. Men naturligtvis \u00e4r hela resan att resa till Indien, som \u00e4r en s\u00e5dan mystisk plats, f\u00f6r att avsl\u00f6ja ditt \u00f6de ocks\u00e5 en vacker pilgrimsf\u00e4rd. Om du kan resa till Indien f\u00f6r att bes\u00f6ka ett bibliotek \u00e4r det naturligtvis idealiskt, men att ha l\u00e4sningen online, och i det \u00f6gonblick du beh\u00f6ver den, \u00e4r mer f\u00f6rdelaktigt \u00e4n att v\u00e4nta i m\u00e5nga \u00e5r f\u00f6r att \u00e5ka till Indien. N\u00e4r du f\u00f6ljer din intuition kommer du att veta n\u00e4r det \u00e4r r\u00e4tt tid f\u00f6r dig.   <\/p>\n              <\/div>\n                          <div class=\"head\">Vad \u00e4r kostnaden och vad ing\u00e5r?<\/div>\n              <div class=\"content\">\n                <p>Kostnaden f\u00f6r s\u00f6kningen och identifieringen av ditt blad, l\u00e4sningen av det allm\u00e4nna kapitlet och kapitel 14 \u00e4r 289 \u20ac. Detta inkluderar den fysiska s\u00f6kningen efter buntar som kan inneh\u00e5lla ditt blad p\u00e5 biblioteken i Indien och matchningsprocessen med l\u00e4saren, \u00f6vers\u00e4ttaren och oftast \u00e4ven en moderator.<br \/>\nS\u00f6kningen p\u00e5 biblioteken kan ta m\u00e5nga timmar. Matchningen kan ta upp till 2 timmar (i de flesta lyckade fall cirka 1 timme) och l\u00e4sningen av det allm\u00e4nna kapitlet och kapitel 14 tar cirka 2 timmar. \u00d6vers\u00e4ttning till andra spr\u00e5k finns tillg\u00e4nglig och kostar 38 \u20ac. Om du i efterhand vill boka ytterligare kapitel \u00e4r kostnaden per kapitel 49-79 \u20ac. L\u00e4sningen av kapitlen tar cirka 15-60 minuter. Om du bor i ett EU-land tillkommer moms p\u00e5 priset. Du kan se priset f\u00f6r ditt land p\u00e5 bokningssidan.  <\/p>\n              <\/div>\n                      <\/div>\n        <\/div>\n      <\/div>\n          <\/section>\n          <section class=\"accordion-container position-relative\" data-aos=\"fade-up\" data-aos-duration=\"1000\" id=\"om-l\u00e4sningen\">\n      <div class=\"container-xl\">\n        <div class=\"row\">\n          <h3>Om l\u00e4sningarna<\/h3>\n          <div class=\"accr-wrap\">\n                          <div class=\"head\">Hur l\u00e5ng tid tar avl\u00e4sningen?<\/div>\n              <div class=\"content\">\n                <p>I genomsnitt tar matchningsprocessen och avl\u00e4sningen cirka 2,5-4 timmar. Vi kan dock inte p\u00e5 f\u00f6rhand s\u00e4ga hur l\u00e5ng tid det kommer att ta, eftersom det beror p\u00e5 n\u00e4r (eller om) ditt blad hittas. N\u00e4r ditt personliga palmblad har identifierats tar l\u00e4sningen av det allm\u00e4nna kapitlet och kapitel 14 cirka 1-2 timmar.  <\/p>\n              <\/div>\n                          <div class=\"head\">\u00c4r det m\u00f6jligt att mitt blad inte kan hittas?<\/div>\n              <div class=\"content\">\n                <p>Ja, det kan h\u00e4nda att ditt blad inte kan hittas. Detta \u00e4r vanligt och kan ha olika anledningar. Det \u00e4r m\u00f6jligt att det inte finns n\u00e5got blad f\u00f6r dig eller s\u00e5 \u00e4r det m\u00f6jligt att det \u00e4nnu inte \u00e4r r\u00e4tt tid f\u00f6r dig. Vi ser till att noggrant s\u00f6ka efter ditt blad, och om det inte kan hittas rekommenderar vi att du v\u00e4ntar minst 30 dagar och sedan p\u00e5b\u00f6rjar s\u00f6kningen igen.    <\/p>\n              <\/div>\n                          <div class=\"head\">Hur ska jag f\u00f6rbereda mig inf\u00f6r en l\u00e4sning?<\/div>\n              <div class=\"content\">\n                <p>Se till att du befinner dig p\u00e5 en lugn och ost\u00f6rd plats med en bra internetuppkoppling. Internt rekommenderar vi att du \u00e4r utvilad och n\u00e4rmar dig l\u00e4sningen med mycket respekt och \u00f6ppenhet. En medk\u00e4nnande visman skrev din livsprognos f\u00f6r tusentals \u00e5r sedan, som har bevarats under m\u00e5nga generationer f\u00f6r att l\u00e4sas f\u00f6r dig idag. Det \u00e4r verkligen en speciell h\u00e4ndelse och ju mer medveten du \u00e4r om den, desto djupare kan effekterna sjunka in.   <\/p>\n              <\/div>\n                          <div class=\"head\">Kommer jag att f\u00e5 veta n\u00e4r jag d\u00f6r?<\/div>\n              <div class=\"content\">\n                <p>N\u00e4r ditt palmblad hittas kommer du f\u00f6rst att f\u00e5 l\u00e4sa det allm\u00e4nna kapitlet som kan inneh\u00e5lla perioder av livsfara eller din potentiella d\u00f6d. Om du inte vill h\u00f6ra om livsfaror kan du informera moderatorn i b\u00f6rjan av l\u00e4sningen. Om du vill h\u00f6ra mer detaljer om n\u00e4r och under vilka omst\u00e4ndigheter du kan komma att l\u00e4mna din kropp, rekommenderar vi att du l\u00e4ser till\u00e4ggskapitel 8, som handlar om detta.  <\/p>\n              <\/div>\n                      <\/div>\n        <\/div>\n      <\/div>\n          <\/section>\n          <section class=\"accordion-container position-relative\" data-aos=\"fade-up\" data-aos-duration=\"1000\" id=\"om-l\u00e4kemedel\">\n      <div class=\"container-xl\">\n        <div class=\"row\">\n          <h3>Om botemedlen<\/h3>\n          <div class=\"accr-wrap\">\n                          <div class=\"head\">Vilka \u00e4r l\u00f6sningarna?<\/div>\n              <div class=\"content\">\n                <p>Det huvudsakliga syftet med palmbladen \u00e4r att ge v\u00e4gledning till den s\u00f6kande genom att ge ett bredare perspektiv p\u00e5 hans eller hennes liv och att erbjuda verktyg f\u00f6r att f\u00f6rb\u00e4ttra upplevelsen av sin livsv\u00e4g, i form av botemedel. Rishis kunde se vilken typ av karma en individ skulle b\u00e4ra p\u00e5, vilket skulle skapa troliga hinder i deras liv. De s\u00e5g ocks\u00e5 vilka slags verktyg som skulle vara till hj\u00e4lp f\u00f6r att omvandla denna karma eller skydda s\u00f6karen fr\u00e5n dess mest skadliga effekter. Kapitlen 13 + 14 handlar mest om gammal karma och erbjuder l\u00f6sningar i form av botemedel. Det kan handla om enkla \u00e5tg\u00e4rder som att sk\u00e4nka pengar till ett visst \u00e4ndam\u00e5l, mata ett djur, ge kl\u00e4der till en fattig person eller pilgrimsf\u00e4rder till heliga platser eller specifika metoder eller ritualer.    <\/p>\n              <\/div>\n                          <div class=\"head\">  Vad \u00e4r karma?<\/div>\n              <div class=\"content\">\n                <p>Ordet &#8221;karma&#8221; kan \u00f6vers\u00e4ttas med &#8221;handling&#8221;. Varje handling med kropp, tal och sinne som vi n\u00e5gonsin har beg\u00e5tt har en energim\u00e4ssig inverkan i universum och i v\u00e5rt eget energif\u00e4lt. V\u00e5rt energif\u00e4lt best\u00e5r i grunden av en mycket komplex kombination av alla v\u00e5ra tidigare handlingar under otaliga livstider. Enligt den multidimensionella frekvensen i v\u00e5rt energif\u00e4lt drar vi till oss vissa upplevelser i v\u00e5rt liv.   <\/p>\n              <\/div>\n                          <div class=\"head\">Hur fungerar l\u00e4kemedlen?<\/div>\n              <div class=\"content\">\n                <p>Allt i universum best\u00e5r av energi. Vi \u00e4r ett komplext energif\u00e4lt och baserat p\u00e5 dess frekvenser drar vi till oss vissa upplevelser. Rishis kunde se och f\u00f6ruts\u00e4ga vilka av v\u00e5ra tidigare handlingar som skapade vissa frekvenser och vilket troligt resultat de skulle f\u00e5. De kunde ocks\u00e5 se och f\u00f6ruts\u00e4ga vilken typ av handling eller andlig \u00f6vning som skulle framkalla den mycket specifika energi som skulle omvandla eller balansera den skadliga frekvensen. D\u00e4rf\u00f6r \u00e4r botemedlen mycket specifika energiska l\u00e4kemedel f\u00f6r att omvandla och balansera v\u00e5r karma.    <\/p>\n              <\/div>\n                          <div class=\"head\">Vad \u00e4r ett mantra?<\/div>\n              <div class=\"content\">\n                <p>Ett mantra \u00e4r en ljudvibration, p\u00e5 sanskrit, som frammanar och b\u00e4r p\u00e5 en specifik frekvens och energi. Genom att sjunga ett mantra, antingen h\u00f6gt eller inombords, kan vi framkalla olika energier med specifika vibrationer. <\/p>\n              <\/div>\n                          <div class=\"head\">Vad \u00e4r en yantra?<\/div>\n              <div class=\"content\">\n                <p>P\u00e5 samma s\u00e4tt som ett mantra \u00e4r energi i form av ljud, \u00e4r en yantra energi i form av en geometrisk struktur. Det \u00e4r en energisk frekvens som synligg\u00f6rs, vilket kan ske antingen i 2D eller 3D. <\/p>\n              <\/div>\n                          <div class=\"head\">Vad \u00e4r en pooja?<\/div>\n              <div class=\"content\">\n                <p>En pooja \u00e4r en ceremoni som ofta h\u00e5lls f\u00f6r en specifik hinduisk gudom. Gudarna \u00e4r i grunden personifieringar av specifika energier. N\u00e4r en pooja h\u00e5lls f\u00f6r en specifik gud eller gudinna, \u00e5beropas denna specifika frekvens i livet f\u00f6r den person som pooja h\u00e5lls f\u00f6r.  <\/p>\n              <\/div>\n                          <div class=\"head\">Vad \u00e4r en homa?<\/div>\n              <div class=\"content\">\n                <p>En homa \u00e4r en mer komplex och kraftfull pooja i form av en eldceremoni f\u00f6r att hedra och \u00e5kalla olika gudar och be om deras v\u00e4lsignelser i livet f\u00f6r den person som homan h\u00e5lls f\u00f6r.<\/p>\n              <\/div>\n                          <div class=\"head\">Vad \u00e4r japa?<\/div>\n              <div class=\"content\">\n                <p>Japa \u00e4r en sadhana (andlig \u00f6vning) d\u00e4r man kontinuerligt m\u00e4ssar ett specifikt mantra, till exempel &#8221;Om Namah Shivaya&#8221;. Att g\u00f6ra en daglig japa-\u00f6vning hj\u00e4lper till att rena och fokusera sinnet. Det kan ocks\u00e5 g\u00f6ras f\u00f6r n\u00e5gon annan f\u00f6r att v\u00e4lsigna denna person med en specifik energi.  <\/p>\n              <\/div>\n                      <\/div>\n        <\/div>\n      <\/div>\n                        <div class=\"parallax-item-4 parallax-item\" data-speed=\".08\"><img decoding=\"async\" src=\"https:\/\/mypalmleaf.com\/wp-content\/uploads\/2024\/09\/parallax-item-4.png\" class=\"img-fluid\" alt=\"\"><\/div>\n                  <\/section>\n      <\/div>\n\n\n<section class=\"find-your-palm-leaf-block\" data-aos=\"fade-up\" data-aos-duration=\"1000\">\n  <div class=\"container-fluid px-0\">\n    <div class=\"row g-0\">\n      <div class=\"col\">\n        <div class=\"find-your-leaf-bg\">\n          <picture>\n            <source media=\"(max-width: 999px)\" srcset=\"https:\/\/mypalmleaf.com\/wp-content\/uploads\/2024\/08\/Find-your-Palm-Leaf-mob.webp\" \/>\n            <source media=\"(min-width: 1000px)\" srcset=\"https:\/\/mypalmleaf.com\/wp-content\/uploads\/2024\/08\/Find-your-Palm-Leaf.webp\" \/>\n            <img decoding=\"async\" src=\"https:\/\/mypalmleaf.com\/wp-content\/uploads\/2024\/08\/Find-your-Palm-Leaf.webp\" class=\"img-fluid\" alt=\"\" \/>\n          <\/picture>\n        <\/div>\n      <\/div>\n    <\/div>\n    <div class=\"content\">\n      <div class=\"container-xl\" data-aos=\"fade-up\" data-aos-duration=\"1000\">\n        <div class=\"row py-4\">\n          <div class=\"col-lg-8 mx-auto\">\n            <h2 class=\"mb-2\">Hitta ditt palmblad<\/h2>\n            <ul>\n<li>Allt du beh\u00f6ver f\u00f6r att b\u00f6rja s\u00f6ka efter ditt palmblad \u00e4r ditt tumavtryck.<\/li>\n<li>Om du beh\u00f6ver en \u00f6vers\u00e4ttning till ett annat spr\u00e5k kan vi g\u00f6ra det \u00e5t dig.<\/li>\n<li>Om vi inte kan hitta ditt palmblad inom 3 l\u00e4mpliga datum \u00e5terbetalar vi hela beloppet till dig.<\/li>\n<\/ul>\n          <\/div>\n        <\/div>\n        <div class=\"row mt-4\">\n          <div class=\"col text-center\">\n            <a href=\"\/sv\/prices\/find-your-palm-leaf-and-read-the-general-chapter\/\" class=\"btn btn-primary\">Hitta mitt blad<\/a>\n          <\/div>\n        <\/div>\n      <\/div>\n    <\/div>\n  <\/div>\n<\/section>","protected":false},"excerpt":{"rendered":"","protected":false},"author":1,"featured_media":0,"parent":0,"menu_order":0,"comment_status":"closed","ping_status":"closed","template":"","meta":{"_acf_changed":false,"footnotes":""},"class_list":["post-36476","page","type-page","status-publish","hentry"],"acf":[],"yoast_head":"<!-- This site is optimized with the Yoast SEO plugin v26.4 - https:\/\/yoast.com\/wordpress\/plugins\/seo\/ -->\n<title>VANLIGA FR\u00c5GOR - My Palm Leaf<\/title>\n<meta name=\"description\" content=\"F\u00e5 svar p\u00e5 dina fr\u00e5gor om palmbladsl\u00e4sningar, ceremonier och andlighet. H\u00e4r hittar du allt du beh\u00f6ver veta f\u00f6r att b\u00f6rja din resa lugnt.\" \/>\n<meta name=\"robots\" content=\"index, follow, max-snippet:-1, max-image-preview:large, max-video-preview:-1\" \/>\n<link rel=\"canonical\" href=\"https:\/\/mypalmleaf.com\/frequently-asked-questions\/\" \/>\n<meta property=\"og:locale\" content=\"sv_SE\" \/>\n<meta property=\"og:type\" content=\"article\" \/>\n<meta property=\"og:title\" content=\"VANLIGA FR\u00c5GOR - My Palm Leaf\" \/>\n<meta property=\"og:description\" content=\"F\u00e5 svar p\u00e5 dina fr\u00e5gor om palmbladsl\u00e4sningar, ceremonier och andlighet. H\u00e4r hittar du allt du beh\u00f6ver veta f\u00f6r att b\u00f6rja din resa lugnt.\" \/>\n<meta property=\"og:url\" content=\"https:\/\/mypalmleaf.com\/frequently-asked-questions\/\" \/>\n<meta property=\"og:site_name\" content=\"My Palm Leaf\" \/>\n<meta property=\"article:modified_time\" content=\"2025-04-28T09:42:55+00:00\" \/>\n<meta property=\"og:image\" content=\"https:\/\/mypalmleaf.com\/wp-content\/uploads\/2025\/08\/mpl-circle-logo.jpg\" \/>\n\t<meta property=\"og:image:width\" content=\"1200\" \/>\n\t<meta property=\"og:image:height\" content=\"1196\" \/>\n\t<meta property=\"og:image:type\" content=\"image\/jpeg\" \/>\n<meta name=\"twitter:card\" content=\"summary_large_image\" \/>\n<script type=\"application\/ld+json\" class=\"yoast-schema-graph\">{\"@context\":\"https:\/\/schema.org\",\"@graph\":[{\"@type\":\"WebPage\",\"@id\":\"https:\/\/mypalmleaf.com\/frequently-asked-questions\/\",\"url\":\"https:\/\/mypalmleaf.com\/frequently-asked-questions\/\",\"name\":\"VANLIGA FR\u00c5GOR - My Palm Leaf\",\"isPartOf\":{\"@id\":\"https:\/\/mypalmleaf.com\/#website\"},\"datePublished\":\"2024-08-14T07:24:30+00:00\",\"dateModified\":\"2025-04-28T09:42:55+00:00\",\"description\":\"F\u00e5 svar p\u00e5 dina fr\u00e5gor om palmbladsl\u00e4sningar, ceremonier och andlighet. H\u00e4r hittar du allt du beh\u00f6ver veta f\u00f6r att b\u00f6rja din resa lugnt.\",\"breadcrumb\":{\"@id\":\"https:\/\/mypalmleaf.com\/frequently-asked-questions\/#breadcrumb\"},\"inLanguage\":\"sv-SE\",\"potentialAction\":[{\"@type\":\"ReadAction\",\"target\":[\"https:\/\/mypalmleaf.com\/frequently-asked-questions\/\"]}]},{\"@type\":\"BreadcrumbList\",\"@id\":\"https:\/\/mypalmleaf.com\/frequently-asked-questions\/#breadcrumb\",\"itemListElement\":[{\"@type\":\"ListItem\",\"position\":1,\"name\":\"Home\",\"item\":\"https:\/\/mypalmleaf.com\/sv\/\"},{\"@type\":\"ListItem\",\"position\":2,\"name\":\"VANLIGA FR\u00c5GOR\"}]},{\"@type\":\"WebSite\",\"@id\":\"https:\/\/mypalmleaf.com\/#website\",\"url\":\"https:\/\/mypalmleaf.com\/\",\"name\":\"My Palm Leaf\",\"description\":\"\",\"potentialAction\":[{\"@type\":\"SearchAction\",\"target\":{\"@type\":\"EntryPoint\",\"urlTemplate\":\"https:\/\/mypalmleaf.com\/?s={search_term_string}\"},\"query-input\":{\"@type\":\"PropertyValueSpecification\",\"valueRequired\":true,\"valueName\":\"search_term_string\"}}],\"inLanguage\":\"sv-SE\"}]}<\/script>\n<!-- \/ Yoast SEO plugin. -->","yoast_head_json":{"title":"VANLIGA FR\u00c5GOR - My Palm Leaf","description":"F\u00e5 svar p\u00e5 dina fr\u00e5gor om palmbladsl\u00e4sningar, ceremonier och andlighet. H\u00e4r hittar du allt du beh\u00f6ver veta f\u00f6r att b\u00f6rja din resa lugnt.","robots":{"index":"index","follow":"follow","max-snippet":"max-snippet:-1","max-image-preview":"max-image-preview:large","max-video-preview":"max-video-preview:-1"},"canonical":"https:\/\/mypalmleaf.com\/frequently-asked-questions\/","og_locale":"sv_SE","og_type":"article","og_title":"VANLIGA FR\u00c5GOR - My Palm Leaf","og_description":"F\u00e5 svar p\u00e5 dina fr\u00e5gor om palmbladsl\u00e4sningar, ceremonier och andlighet. H\u00e4r hittar du allt du beh\u00f6ver veta f\u00f6r att b\u00f6rja din resa lugnt.","og_url":"https:\/\/mypalmleaf.com\/frequently-asked-questions\/","og_site_name":"My Palm Leaf","article_modified_time":"2025-04-28T09:42:55+00:00","og_image":[{"width":1200,"height":1196,"url":"https:\/\/mypalmleaf.com\/wp-content\/uploads\/2025\/08\/mpl-circle-logo.jpg","type":"image\/jpeg"}],"twitter_card":"summary_large_image","schema":{"@context":"https:\/\/schema.org","@graph":[{"@type":"WebPage","@id":"https:\/\/mypalmleaf.com\/frequently-asked-questions\/","url":"https:\/\/mypalmleaf.com\/frequently-asked-questions\/","name":"VANLIGA FR\u00c5GOR - My Palm Leaf","isPartOf":{"@id":"https:\/\/mypalmleaf.com\/#website"},"datePublished":"2024-08-14T07:24:30+00:00","dateModified":"2025-04-28T09:42:55+00:00","description":"F\u00e5 svar p\u00e5 dina fr\u00e5gor om palmbladsl\u00e4sningar, ceremonier och andlighet. H\u00e4r hittar du allt du beh\u00f6ver veta f\u00f6r att b\u00f6rja din resa lugnt.","breadcrumb":{"@id":"https:\/\/mypalmleaf.com\/frequently-asked-questions\/#breadcrumb"},"inLanguage":"sv-SE","potentialAction":[{"@type":"ReadAction","target":["https:\/\/mypalmleaf.com\/frequently-asked-questions\/"]}]},{"@type":"BreadcrumbList","@id":"https:\/\/mypalmleaf.com\/frequently-asked-questions\/#breadcrumb","itemListElement":[{"@type":"ListItem","position":1,"name":"Home","item":"https:\/\/mypalmleaf.com\/sv\/"},{"@type":"ListItem","position":2,"name":"VANLIGA FR\u00c5GOR"}]},{"@type":"WebSite","@id":"https:\/\/mypalmleaf.com\/#website","url":"https:\/\/mypalmleaf.com\/","name":"My Palm Leaf","description":"","potentialAction":[{"@type":"SearchAction","target":{"@type":"EntryPoint","urlTemplate":"https:\/\/mypalmleaf.com\/?s={search_term_string}"},"query-input":{"@type":"PropertyValueSpecification","valueRequired":true,"valueName":"search_term_string"}}],"inLanguage":"sv-SE"}]}},"_links":{"self":[{"href":"https:\/\/mypalmleaf.com\/sv\/wp-json\/wp\/v2\/pages\/36476","targetHints":{"allow":["GET"]}}],"collection":[{"href":"https:\/\/mypalmleaf.com\/sv\/wp-json\/wp\/v2\/pages"}],"about":[{"href":"https:\/\/mypalmleaf.com\/sv\/wp-json\/wp\/v2\/types\/page"}],"author":[{"embeddable":true,"href":"https:\/\/mypalmleaf.com\/sv\/wp-json\/wp\/v2\/users\/1"}],"replies":[{"embeddable":true,"href":"https:\/\/mypalmleaf.com\/sv\/wp-json\/wp\/v2\/comments?post=36476"}],"version-history":[{"count":0,"href":"https:\/\/mypalmleaf.com\/sv\/wp-json\/wp\/v2\/pages\/36476\/revisions"}],"wp:attachment":[{"href":"https:\/\/mypalmleaf.com\/sv\/wp-json\/wp\/v2\/media?parent=36476"}],"curies":[{"name":"wp","href":"https:\/\/api.w.org\/{rel}","templated":true}]}}