
{"id":36955,"date":"2024-09-05T05:42:23","date_gmt":"2024-09-05T05:42:23","guid":{"rendered":"https:\/\/mypalmleaf.com\/villkor-och-anvisningar\/"},"modified":"2025-04-17T09:36:33","modified_gmt":"2025-04-17T09:36:33","slug":"villkor-och-anvisningar","status":"publish","type":"page","link":"https:\/\/mypalmleaf.com\/sv\/villkor-och-anvisningar\/","title":{"rendered":"Villkor och anvisningar"},"content":{"rendered":"\n<h2 class=\"wp-block-heading has-text-align-left\">Senast uppdaterad: 22 november 2024<\/h2>\n\n<p><strong>\u00d6VERENSKOMMELSE OM VILLKOR<\/strong><\/p>\n\n<p><strong>Avtal<\/strong> om villkor Dessa villkor (&#8221;Villkor&#8221;) utg\u00f6r ett juridiskt bindande avtal mellan dig, antingen personligen eller p\u00e5 uppdrag av en enhet (&#8221;du&#8221;) och Conscious Innovation Lab O\u00dc, som drivs som MyPalmLeaf (&#8221;MyPalmLeaf&#8221;, &#8221;vi&#8221;, &#8221;oss&#8221; eller &#8221;v\u00e5r&#8221;), ang\u00e5ende din \u00e5tkomst till och anv\u00e4ndning av webbplatsen www.mypalmleaf.com och alla andra relaterade medieformer, kanaler, mobila webbplatser eller applikationer (tillsammans &#8221;Webbplatsen&#8221;). Genom att g\u00e5 in p\u00e5 eller anv\u00e4nda webbplatsen samtycker du till att du har l\u00e4st, f\u00f6rst\u00e5tt och accepterat dessa villkor. Om du inte samtycker till dessa villkor ska du omedelbart upph\u00f6ra att anv\u00e4nda webbplatsen.  <\/p>\n\n<p>MyPalmLeaf \u00e4r registrerat i Estland och har sitt s\u00e4te p\u00e5 adressen Sakala tn 7-2, Tallinn, Harju 10141.<span id=\"docs-internal-guid-39601ff5-7fff-94b4-2e21-c11b3f240ebd\"><div><span style=\"font-size: 12pt; font-family: Arial, sans-serif; color: rgb(13, 13, 13); background-color: transparent; font-variant-numeric: normal; font-variant-east-asian: normal; font-variant-alternates: normal; font-variant-position: normal; vertical-align: baseline;\"><\/span><\/div><\/span><strong>Kompletterande<\/strong> villkor Kompletterande villkor eller dokument kan publiceras p\u00e5 webbplatsen och inf\u00f6rlivas i dessa villkor genom h\u00e4nvisning. Vi f\u00f6rbeh\u00e5ller oss r\u00e4tten att uppdatera eller \u00e4ndra dessa villkor n\u00e4r som helst. \u00c4ndringar kommer att anges med datumet &#8221;Senast uppdaterad&#8221; h\u00f6gst upp i detta dokument. Fortsatt anv\u00e4ndning av webbplatsen efter uppdateringar utg\u00f6r godk\u00e4nnande av de \u00e4ndrade villkoren. Vi rekommenderar att du granskar dessa villkor regelbundet.<br\/>Informationen p\u00e5 webbplatsen \u00e4r inte avsedd att distribueras till eller anv\u00e4ndas av n\u00e5gon person eller enhet i n\u00e5gon jurisdiktion eller n\u00e5got land d\u00e4r s\u00e5dan distribution eller anv\u00e4ndning skulle strida mot lag eller f\u00f6rordning eller som skulle uts\u00e4tta oss f\u00f6r n\u00e5got registreringskrav i en s\u00e5dan jurisdiktion eller ett s\u00e5dant land. De personer som v\u00e4ljer att bes\u00f6ka webbplatsen fr\u00e5n andra platser g\u00f6r detta p\u00e5 eget initiativ och \u00e4r ensamt ansvariga f\u00f6r att f\u00f6lja lokala lagar, om och i den utstr\u00e4ckning lokala lagar \u00e4r till\u00e4mpliga.     <\/p>\n\n<p><strong>Juridisk efterlevnad<\/strong> Webbplatsen \u00e4r avsedd f\u00f6r anv\u00e4ndare som \u00e4r minst 18 \u00e5r gamla. Anv\u00e4ndare som bes\u00f6ker webbplatsen fr\u00e5n l\u00e4nder utanf\u00f6r Estland m\u00e5ste se till att f\u00f6lja g\u00e4llande lokala lagar. MyPalmLeaf kan inte h\u00e5llas ansvarigt f\u00f6r anv\u00e4ndning av webbplatsen i jurisdiktioner d\u00e4r dess inneh\u00e5ll eller funktionalitet kan strida mot lokala best\u00e4mmelser. Obs: Ingenting i dessa villkor \u00e5sidos\u00e4tter konsumentskyddslagarna i ditt bos\u00e4ttningsland inom Europeiska unionen.   <\/p>\n\n<p><strong>Immateriella r\u00e4ttigheter<\/strong> Webbplatsen och hela dess inneh\u00e5ll, inklusive men inte begr\u00e4nsat till text, grafik, logotyper, bilder, videor och programvara (tillsammans &#8221;Inneh\u00e5llet&#8221;), \u00e4gs av eller licensieras till MyPalmLeaf och skyddas av internationella upphovsr\u00e4tts- och varum\u00e4rkeslagar. Du beviljas en begr\u00e4nsad, icke-exklusiv, icke-\u00f6verf\u00f6rbar och \u00e5terkallelig licens f\u00f6r att anv\u00e4nda webbplatsen f\u00f6r personliga, icke-kommersiella \u00e4ndam\u00e5l. Obeh\u00f6rig reproduktion, distribution, modifiering eller utnyttjande av inneh\u00e5llet \u00e4r str\u00e4ngt f\u00f6rbjudet.  <br\/><\/p>\n\n<p>Inneh\u00e5ll fr\u00e5n tredje part omfattas av respektive licensvillkor, vilka f\u00f6rblir tredje parts ansvar.<\/p>\n\n<p><strong>Anv\u00e4ndarutl\u00e5tanden<\/strong> Genom att anv\u00e4nda webbplatsen intygar du att:<\/p>\n\n<ul class=\"wp-block-list\">\n<li>All registreringsinformation som du tillhandah\u00e5ller \u00e4r korrekt och uppdaterad.<\/li>\n\n\n\n<li>Du kommer att uppr\u00e4tth\u00e5lla s\u00e4kerheten f\u00f6r dina kontouppgifter.<\/li>\n\n\n\n<li>Du f\u00e5r inte anv\u00e4nda webbplatsen f\u00f6r olagliga \u00e4ndam\u00e5l eller i strid med g\u00e4llande lagar.<\/li>\n\n\n\n<li>Du har r\u00e4ttskapacitet att samtycka till dessa villkor.<\/li>\n<\/ul>\n\n<p>Underl\u00e5tenhet att f\u00f6lja dessa utf\u00e4stelser kan leda till att ditt konto avslutas.<\/p>\n\n<p><strong>Dataintegritet<\/strong> Vi respekterar din integritet och behandlar dina personuppgifter i enlighet med v\u00e5r integritetspolicy, som \u00e4r inf\u00f6rlivad i dessa villkor. Genom att anv\u00e4nda webbplatsen samtycker du till insamling, anv\u00e4ndning och behandling av dina uppgifter enligt beskrivningen i sekretesspolicyn. Om du befinner dig i Europeiska unionen kommer dina uppgifter att hanteras i enlighet med den allm\u00e4nna dataskyddsf\u00f6rordningen (GDPR).  <\/p>\n\n<p>Viktiga GDPR-principer som vi f\u00f6ljer \u00e4r bland annat<\/p>\n\n<ul class=\"wp-block-list\">\n<li>\u00d6ppenhet: Tydliga och begripliga f\u00f6rklaringar av hur dina uppgifter samlas in, behandlas och lagras.<\/li>\n\n\n\n<li>R\u00e4tt till \u00e5tkomst: Du kan beg\u00e4ra att f\u00e5 tillg\u00e5ng till de uppgifter vi lagrar om dig.<\/li>\n\n\n\n<li>R\u00e4tt till r\u00e4ttelse och radering: Du kan beg\u00e4ra r\u00e4ttelse eller radering av dina personuppgifter.<\/li>\n\n\n\n<li>Dataportabilitet: Du kan beg\u00e4ra en kopia av dina uppgifter i ett b\u00e4rbart format.<\/li>\n\n\n\n<li>R\u00e4tt att \u00e5terkalla samtycke: Du kan n\u00e4r som helst \u00e5terkalla ditt samtycke till databehandling.<\/li>\n\n\n\n<li>Lagring: Uppgifter lagras endast s\u00e5 l\u00e4nge som det \u00e4r n\u00f6dv\u00e4ndigt f\u00f6r att uppfylla de syften f\u00f6r vilka de samlades in, s\u00e5vida inte annat kr\u00e4vs enligt lag.<\/li>\n<\/ul>\n\n<p>F\u00f6r fr\u00e5gor om dataskydd, kontakta oss p\u00e5 info@mypalmleaf.com. Tredjepartsleverant\u00f6rer som behandlar dina uppgifter f\u00f6ljer till\u00e4mpliga best\u00e4mmelser, s\u00e4rskilt n\u00e4r de \u00e4r bel\u00e4gna utanf\u00f6r EU. <br\/><\/p>\n\n<p><strong>Produkter och<\/strong> tj\u00e4nster Vi str\u00e4var efter att ge korrekta beskrivningar av v\u00e5ra produkter och tj\u00e4nster. Vi garanterar dock inte att beskrivningar, priser eller annat inneh\u00e5ll \u00e4r felfritt. Produkter och tj\u00e4nster erbjuds i m\u00e5n av tillg\u00e5ng och priserna kan \u00e4ndras utan f\u00f6reg\u00e5ende meddelande. Alla betalningar behandlas p\u00e5 ett s\u00e4kert s\u00e4tt och information om accepterade betalningsmetoder finns p\u00e5 webbplatsen.   <br\/><\/p>\n\n<p><strong>\u00c5terbetalningar och returer<\/strong> All f\u00f6rs\u00e4ljning \u00e4r slutgiltig. \u00c5terbetalning sker endast i enlighet med g\u00e4llande konsumentskyddslagar. <br\/><\/p>\n\n<p><strong>Undantag:<\/strong> Om ditt palmblad inte kan hittas inom 3 m\u00f6ten, \u00e4r du ber\u00e4ttigad till full \u00e5terbetalning.<br\/><\/p>\n\n<p>De tj\u00e4nster som tillhandah\u00e5lls av MyPalmLeaf \u00e4r mycket personliga och skr\u00e4ddarsydda f\u00f6r varje individ baserat p\u00e5 deras unika tumavtryck. Genom att skicka in ditt tumavtryck bekr\u00e4ftar och godk\u00e4nner du att den tillhandah\u00e5llna tj\u00e4nsten \u00e4r anpassad specifikt f\u00f6r dig. <br\/><\/p>\n\n<p>I enlighet med EU:s konsumentskyddslagar \u00e4r personaliserade tj\u00e4nster undantagna fr\u00e5n den vanliga \u00e5ngerr\u00e4tten. N\u00e4r tumavtrycket har skickats och personaliseringsprocessen har p\u00e5b\u00f6rjats \u00e4r det d\u00e4rf\u00f6r inte l\u00e4ngre m\u00f6jligt att \u00e5terbetala eller avbest\u00e4lla. <br\/><\/p>\n\n<p><strong>F\u00f6rbjudna aktiviteter<\/strong> Du samtycker till att inte:<\/p>\n\n<p>Anv\u00e4nda Webbplatsen f\u00f6r obeh\u00f6riga kommersiella syften.<\/p>\n\n<p>Distribuera skadlig programvara, t.ex. virus eller skadlig kod.<\/p>\n\n<p>St\u00f6ra webbplatsens s\u00e4kerhetsfunktioner.<\/p>\n\n<p>Sk\u00f6rda eller skrapa anv\u00e4ndardata fr\u00e5n webbplatsen utan tillst\u00e5nd.<\/p>\n\n<ul class=\"wp-block-list\">\n<li>Anv\u00e4nda Webbplatsen f\u00f6r obeh\u00f6riga kommersiella syften.<\/li>\n\n\n\n<li>Distribuera skadlig programvara, t.ex. virus eller skadlig kod.<\/li>\n\n\n\n<li>St\u00f6ra webbplatsens s\u00e4kerhetsfunktioner.<\/li>\n\n\n\n<li>Sk\u00f6rda eller skrapa anv\u00e4ndardata fr\u00e5n webbplatsen utan tillst\u00e5nd.<\/li>\n\n\n\n<li>Engagera sig i aktiviteter som skadar webbplatsens funktionalitet eller rykte.<\/li>\n<\/ul>\n\n<p>\u00d6vertr\u00e4delser kan leda till omedelbar avst\u00e4ngning av kontot eller r\u00e4ttsliga \u00e5tg\u00e4rder. Vi f\u00f6rbeh\u00e5ller oss r\u00e4tten att \u00f6vervaka aktiviteter p\u00e5 webbplatsen f\u00f6r att uppt\u00e4cka och f\u00f6rhindra f\u00f6rbjudna aktiviteter. <\/p>\n\n<p><strong>Anv\u00e4ndargenererade bidrag<\/strong> Om webbplatsen till\u00e5ter anv\u00e4ndargenererat inneh\u00e5ll (&#8221;bidrag&#8221;) samtycker du till att:<\/p>\n\n<ul class=\"wp-block-list\">\n<li>Dina Bidrag kr\u00e4nker inte tredje parts r\u00e4ttigheter, inklusive immateriella r\u00e4ttigheter.<\/li>\n\n\n\n<li>Dina bidrag \u00e4r inte \u00e4rekr\u00e4nkande, obscena eller p\u00e5 annat s\u00e4tt olagliga.<\/li>\n\n\n\n<li>Du ger MyPalmLeaf en icke-exklusiv, royaltyfri, v\u00e4rldsomsp\u00e4nnande licens att anv\u00e4nda, reproducera och distribuera dina Bidrag.<\/li>\n<\/ul>\n\n<p>Vi f\u00f6rbeh\u00e5ller oss r\u00e4tten att moderera eller ta bort bidrag som bryter mot dessa villkor.<\/p>\n\n<p><strong>Tvistl\u00f6sning<\/strong><\/p>\n\n<ul class=\"wp-block-list\">\n<li><strong>Informell l\u00f6sning:<\/strong> Vi uppmuntrar till att l\u00f6sa tvister informellt. Kontakta oss p\u00e5 info@mypalmleaf.com f\u00f6r att diskutera eventuella problem. <\/li>\n\n\n\n<li><strong>Skiljedomsf\u00f6rfarande:<\/strong> Om informell l\u00f6sning misslyckas ska tvister l\u00f6sas genom bindande skiljedom enligt reglerna f\u00f6r European Court of Arbitration. Skiljef\u00f6rfarandets s\u00e4te kommer att vara i Berlin, Tyskland, och f\u00f6rfarandet kommer att genomf\u00f6ras p\u00e5 engelska. Vardera parten ska b\u00e4ra sina egna kostnader om inte skiljemannen beslutar annat.  <\/li>\n<\/ul>\n\n<p><strong>Undantag:<\/strong><\/p>\n\n<ul class=\"wp-block-list\">\n<li>Immaterialr\u00e4ttsliga anspr\u00e5k.<\/li>\n\n\n\n<li>Krav relaterade till p\u00e5st\u00e5dd brottslig verksamhet eller brott mot sekretessbest\u00e4mmelserna.<\/li>\n\n\n\n<li>Anspr\u00e5k d\u00e4r tvingande lokala lagar kr\u00e4ver att \u00e4rendet avg\u00f6rs i lokal domstol.<\/li>\n<\/ul>\n\n<p><strong>Ansvarsbegr\u00e4nsning<\/strong> I den utstr\u00e4ckning som till\u00e5ts enligt lag \u00e4r MyPalmLeaf och dess dotterbolag inte ansvariga f\u00f6r indirekta skador, of\u00f6rutsedda skador eller f\u00f6ljdskador som uppst\u00e5r till f\u00f6ljd av anv\u00e4ndningen av webbplatsen. V\u00e5rt totala ansvar \u00e4r begr\u00e4nsat till det belopp som du betalat f\u00f6r produkterna eller tj\u00e4nsterna. <\/p>\n\n<p>Denna begr\u00e4nsning g\u00e4ller inte ansvar f\u00f6r bedr\u00e4geri, personskada eller grov v\u00e5rdsl\u00f6shet d\u00e4r s\u00e5dana undantag \u00e4r f\u00f6rbjudna enligt lag.<\/p>\n\n<p><strong>\u00c4ndringar och avbrott<\/strong> Vi f\u00f6rbeh\u00e5ller oss r\u00e4tten att \u00e4ndra, avbryta eller upph\u00f6ra med webbplatsen eller dess tj\u00e4nster n\u00e4r som helst utan f\u00f6reg\u00e5ende meddelande. Vi ansvarar inte f\u00f6r eventuella avbrott eller fel, inklusive s\u00e5dana som orsakas av externa faktorer utanf\u00f6r v\u00e5r kontroll. Anv\u00e4ndare \u00e4r ansvariga f\u00f6r att s\u00e4kerhetskopiera sina egna data d\u00e4r s\u00e5 \u00e4r till\u00e4mpligt.  <br\/><\/p>\n\n<p><strong>S\u00e4rskilda villkor f\u00f6r avl\u00e4sningar och \u00e5tg\u00e4rder<\/strong><\/p>\n\n<ul class=\"wp-block-list\">\n<li>MyPalmLeaf fungerar enbart som en facilitator som kopplar ihop kunder med erfarna palmbladl\u00e4sare i Indien. Vi ansvarar inte f\u00f6r inneh\u00e5llet, tolkningen eller resultatet av avl\u00e4sningarna. <\/li>\n\n\n\n<li>F\u00f6ruts\u00e4gelser i avl\u00e4sningarna \u00e4r inte garantier och b\u00f6r betraktas som v\u00e4gledning snarare \u00e4n visshet.<\/li>\n\n\n\n<li>Klienterna b\u00e4r det fulla ansvaret f\u00f6r sina egna liv, beslut och handlingar, oavsett vilken information som erh\u00e5lls under en l\u00e4sning.<\/li>\n\n\n\n<li>Genom att anv\u00e4nda v\u00e5ra tj\u00e4nster bekr\u00e4ftar kunderna att de fullt ut tar ansvar f\u00f6r sina liv och avst\u00e5r fr\u00e5n alla r\u00e4ttigheter att h\u00e5lla MyPalmLeaf ansvarigt f\u00f6r sina beslut, inneh\u00e5llet i avl\u00e4sningarna eller eventuella effekter som avl\u00e4sningarna kan ha p\u00e5 dem.<\/li>\n\n\n\n<li>De botemedel som f\u00f6resl\u00e5s under l\u00e4sningarna \u00e4r rekommendationer som ges i god tro. \u00c4ven om de \u00e4r rotade i traditionen utg\u00f6r dessa l\u00f6sningar inte l\u00f6ften om fysisk, k\u00e4nslom\u00e4ssig eller andlig l\u00e4kning. <\/li>\n<\/ul>\n\n<p><strong>G\u00e4llande<\/strong> lag Dessa villkor styrs av lagstiftningen i Estland. Om du \u00e4r bosatt i Europeiska unionen kan du ocks\u00e5 dra nytta av konsumentskyddslagarna i ditt bos\u00e4ttningsland. Ingenting i dessa villkor begr\u00e4nsar obligatoriska r\u00e4ttigheter som beviljas enligt EU:s konsumentskyddsbest\u00e4mmelser.  <br\/><\/p>\n\n<p><strong>Kontakta oss<\/strong> Om du har n\u00e5gra fr\u00e5gor eller klagom\u00e5l kan du n\u00e5 oss p\u00e5<br\/><\/p>\n\n<p>Conscious Innovation Lab O\u00dc<br\/>Sakala tn 7-2, Tallinn, Harju 10141, Estland<br\/>E-post: info@mypalmleaf.com<br\/>Telefon: +49 1575 3142393<\/p>\n\n<p><\/p>\n","protected":false},"excerpt":{"rendered":"<p>Senast uppdaterad: 22 november 2024 \u00d6VERENSKOMMELSE OM VILLKOR Avtal om villkor Dessa villkor (&#8221;Villkor&#8221;) utg\u00f6r ett juridiskt bindande avtal mellan dig, antingen personligen eller p\u00e5 uppdrag av en enhet (&#8221;du&#8221;) och Conscious Innovation Lab O\u00dc, som drivs som MyPalmLeaf (&#8221;MyPalmLeaf&#8221;, &#8221;vi&#8221;, &#8221;oss&#8221; eller &#8221;v\u00e5r&#8221;), ang\u00e5ende din \u00e5tkomst till och anv\u00e4ndning av webbplatsen www.mypalmleaf.com och alla [&hellip;]<\/p>\n","protected":false},"author":1,"featured_media":0,"parent":0,"menu_order":0,"comment_status":"closed","ping_status":"closed","template":"static-template-page.php","meta":{"_acf_changed":false,"footnotes":""},"class_list":["post-36955","page","type-page","status-publish","hentry"],"acf":[],"yoast_head":"<!-- This site is optimized with the Yoast SEO plugin v26.4 - https:\/\/yoast.com\/wordpress\/plugins\/seo\/ -->\n<title>Villkor och anvisningar - My Palm Leaf<\/title>\n<meta name=\"description\" content=\"L\u00e4s v\u00e5ra villkor f\u00f6r att f\u00f6rst\u00e5 palmbladsavl\u00e4sningsprocessen, v\u00e5ra tj\u00e4nster och dina r\u00e4ttigheter under denna andliga upplevelse.\" \/>\n<meta name=\"robots\" content=\"index, follow, max-snippet:-1, max-image-preview:large, max-video-preview:-1\" \/>\n<link rel=\"canonical\" href=\"https:\/\/mypalmleaf.com\/terms-and-conditions\/\" \/>\n<meta property=\"og:locale\" content=\"sv_SE\" \/>\n<meta property=\"og:type\" content=\"article\" \/>\n<meta property=\"og:title\" content=\"Villkor och anvisningar - My Palm Leaf\" \/>\n<meta property=\"og:description\" content=\"L\u00e4s v\u00e5ra villkor f\u00f6r att f\u00f6rst\u00e5 palmbladsavl\u00e4sningsprocessen, v\u00e5ra tj\u00e4nster och dina r\u00e4ttigheter under denna andliga upplevelse.\" \/>\n<meta property=\"og:url\" content=\"https:\/\/mypalmleaf.com\/terms-and-conditions\/\" \/>\n<meta property=\"og:site_name\" content=\"My Palm Leaf\" \/>\n<meta property=\"article:modified_time\" content=\"2025-04-17T09:36:33+00:00\" \/>\n<meta property=\"og:image\" content=\"https:\/\/mypalmleaf.com\/wp-content\/uploads\/2025\/08\/mpl-circle-logo.jpg\" \/>\n\t<meta property=\"og:image:width\" content=\"1200\" \/>\n\t<meta property=\"og:image:height\" content=\"1196\" \/>\n\t<meta property=\"og:image:type\" content=\"image\/jpeg\" \/>\n<meta name=\"twitter:card\" content=\"summary_large_image\" \/>\n<meta name=\"twitter:label1\" content=\"Ber\u00e4knad l\u00e4stid\" \/>\n\t<meta name=\"twitter:data1\" content=\"6 minuter\" \/>\n<script type=\"application\/ld+json\" class=\"yoast-schema-graph\">{\"@context\":\"https:\/\/schema.org\",\"@graph\":[{\"@type\":\"WebPage\",\"@id\":\"https:\/\/mypalmleaf.com\/terms-and-conditions\/\",\"url\":\"https:\/\/mypalmleaf.com\/terms-and-conditions\/\",\"name\":\"Villkor och anvisningar - My Palm Leaf\",\"isPartOf\":{\"@id\":\"https:\/\/mypalmleaf.com\/#website\"},\"datePublished\":\"2024-09-05T05:42:23+00:00\",\"dateModified\":\"2025-04-17T09:36:33+00:00\",\"description\":\"L\u00e4s v\u00e5ra villkor f\u00f6r att f\u00f6rst\u00e5 palmbladsavl\u00e4sningsprocessen, v\u00e5ra tj\u00e4nster och dina r\u00e4ttigheter under denna andliga upplevelse.\",\"breadcrumb\":{\"@id\":\"https:\/\/mypalmleaf.com\/terms-and-conditions\/#breadcrumb\"},\"inLanguage\":\"sv-SE\",\"potentialAction\":[{\"@type\":\"ReadAction\",\"target\":[\"https:\/\/mypalmleaf.com\/terms-and-conditions\/\"]}]},{\"@type\":\"BreadcrumbList\",\"@id\":\"https:\/\/mypalmleaf.com\/terms-and-conditions\/#breadcrumb\",\"itemListElement\":[{\"@type\":\"ListItem\",\"position\":1,\"name\":\"Home\",\"item\":\"https:\/\/mypalmleaf.com\/sv\/\"},{\"@type\":\"ListItem\",\"position\":2,\"name\":\"Villkor och anvisningar\"}]},{\"@type\":\"WebSite\",\"@id\":\"https:\/\/mypalmleaf.com\/#website\",\"url\":\"https:\/\/mypalmleaf.com\/\",\"name\":\"My Palm Leaf\",\"description\":\"\",\"potentialAction\":[{\"@type\":\"SearchAction\",\"target\":{\"@type\":\"EntryPoint\",\"urlTemplate\":\"https:\/\/mypalmleaf.com\/?s={search_term_string}\"},\"query-input\":{\"@type\":\"PropertyValueSpecification\",\"valueRequired\":true,\"valueName\":\"search_term_string\"}}],\"inLanguage\":\"sv-SE\"}]}<\/script>\n<!-- \/ Yoast SEO plugin. -->","yoast_head_json":{"title":"Villkor och anvisningar - My Palm Leaf","description":"L\u00e4s v\u00e5ra villkor f\u00f6r att f\u00f6rst\u00e5 palmbladsavl\u00e4sningsprocessen, v\u00e5ra tj\u00e4nster och dina r\u00e4ttigheter under denna andliga upplevelse.","robots":{"index":"index","follow":"follow","max-snippet":"max-snippet:-1","max-image-preview":"max-image-preview:large","max-video-preview":"max-video-preview:-1"},"canonical":"https:\/\/mypalmleaf.com\/terms-and-conditions\/","og_locale":"sv_SE","og_type":"article","og_title":"Villkor och anvisningar - My Palm Leaf","og_description":"L\u00e4s v\u00e5ra villkor f\u00f6r att f\u00f6rst\u00e5 palmbladsavl\u00e4sningsprocessen, v\u00e5ra tj\u00e4nster och dina r\u00e4ttigheter under denna andliga upplevelse.","og_url":"https:\/\/mypalmleaf.com\/terms-and-conditions\/","og_site_name":"My Palm Leaf","article_modified_time":"2025-04-17T09:36:33+00:00","og_image":[{"width":1200,"height":1196,"url":"https:\/\/mypalmleaf.com\/wp-content\/uploads\/2025\/08\/mpl-circle-logo.jpg","type":"image\/jpeg"}],"twitter_card":"summary_large_image","twitter_misc":{"Ber\u00e4knad l\u00e4stid":"6 minuter"},"schema":{"@context":"https:\/\/schema.org","@graph":[{"@type":"WebPage","@id":"https:\/\/mypalmleaf.com\/terms-and-conditions\/","url":"https:\/\/mypalmleaf.com\/terms-and-conditions\/","name":"Villkor och anvisningar - My Palm Leaf","isPartOf":{"@id":"https:\/\/mypalmleaf.com\/#website"},"datePublished":"2024-09-05T05:42:23+00:00","dateModified":"2025-04-17T09:36:33+00:00","description":"L\u00e4s v\u00e5ra villkor f\u00f6r att f\u00f6rst\u00e5 palmbladsavl\u00e4sningsprocessen, v\u00e5ra tj\u00e4nster och dina r\u00e4ttigheter under denna andliga upplevelse.","breadcrumb":{"@id":"https:\/\/mypalmleaf.com\/terms-and-conditions\/#breadcrumb"},"inLanguage":"sv-SE","potentialAction":[{"@type":"ReadAction","target":["https:\/\/mypalmleaf.com\/terms-and-conditions\/"]}]},{"@type":"BreadcrumbList","@id":"https:\/\/mypalmleaf.com\/terms-and-conditions\/#breadcrumb","itemListElement":[{"@type":"ListItem","position":1,"name":"Home","item":"https:\/\/mypalmleaf.com\/sv\/"},{"@type":"ListItem","position":2,"name":"Villkor och anvisningar"}]},{"@type":"WebSite","@id":"https:\/\/mypalmleaf.com\/#website","url":"https:\/\/mypalmleaf.com\/","name":"My Palm Leaf","description":"","potentialAction":[{"@type":"SearchAction","target":{"@type":"EntryPoint","urlTemplate":"https:\/\/mypalmleaf.com\/?s={search_term_string}"},"query-input":{"@type":"PropertyValueSpecification","valueRequired":true,"valueName":"search_term_string"}}],"inLanguage":"sv-SE"}]}},"_links":{"self":[{"href":"https:\/\/mypalmleaf.com\/sv\/wp-json\/wp\/v2\/pages\/36955","targetHints":{"allow":["GET"]}}],"collection":[{"href":"https:\/\/mypalmleaf.com\/sv\/wp-json\/wp\/v2\/pages"}],"about":[{"href":"https:\/\/mypalmleaf.com\/sv\/wp-json\/wp\/v2\/types\/page"}],"author":[{"embeddable":true,"href":"https:\/\/mypalmleaf.com\/sv\/wp-json\/wp\/v2\/users\/1"}],"replies":[{"embeddable":true,"href":"https:\/\/mypalmleaf.com\/sv\/wp-json\/wp\/v2\/comments?post=36955"}],"version-history":[{"count":0,"href":"https:\/\/mypalmleaf.com\/sv\/wp-json\/wp\/v2\/pages\/36955\/revisions"}],"wp:attachment":[{"href":"https:\/\/mypalmleaf.com\/sv\/wp-json\/wp\/v2\/media?parent=36955"}],"curies":[{"name":"wp","href":"https:\/\/api.w.org\/{rel}","templated":true}]}}