
{"id":37120,"date":"2024-08-28T03:20:58","date_gmt":"2024-08-28T03:20:58","guid":{"rendered":"https:\/\/mypalmleaf.com\/program-for-anslutna-foretag\/"},"modified":"2025-04-17T09:42:18","modified_gmt":"2025-04-17T09:42:18","slug":"program-for-anslutna-foretag","status":"publish","type":"page","link":"https:\/\/mypalmleaf.com\/sv\/program-for-anslutna-foretag\/","title":{"rendered":"Program f\u00f6r anslutna f\u00f6retag"},"content":{"rendered":"\n<section class=\"spotlight-main small top-gap\">\n    <!-- <div class=\"slider-wrap\" data-flickity='{ \"cellAlign\": \"left\", \"contain\": true, \"wrapAround\": true, \"setGallerySize\": false }'> -->\n    <div class=\"slider-wrap\" data-flickity='{ \"cellAlign\": \"left\", \"contain\": true, \"wrapAround\": true, \"setGallerySize\": false  }'>\n            <div class=\"slides\">\n        <div class=\"content-wrap\">\n          <div class=\"image\">\n            <picture>\n              <source media=\"(max-width: 999px)\" srcset=\"https:\/\/mypalmleaf.com\/wp-content\/uploads\/2024\/09\/affliate-program-spotlight-mob.jpg\" \/>\n              <source media=\"(min-width: 1000px)\" srcset=\"https:\/\/mypalmleaf.com\/wp-content\/uploads\/2024\/09\/affliate-program-spotlight.jpg\" \/>\n              <img decoding=\"async\" src=\"https:\/\/mypalmleaf.com\/wp-content\/uploads\/2024\/09\/affliate-program-spotlight.jpg\" class=\"img-fluid\" alt=\"\" \/>\n            <\/picture>\n          <\/div>\n          <div class=\"content\">\n            <div data-aos=\"fade-up\" data-aos-duration=\"1000\">\n              <h2 class=\"\">Mypalmleafs affiliateprogram<\/h2>\n                                 \n            <\/div>\n          <\/div>\n        <\/div>\n      <\/div>\n          <\/div>\n<\/section>\n\n<section class=\"partnerships-block my-6 position-relative\" data-aos=\"fade-up\" data-aos-duration=\"1000\">\n  <div class=\"container-xl\">\n    <div class=\"row mb-4 justify-content-center\">\n      <div class=\"col-lg-12 text-center\" data-aos=\"fade-up\" data-aos-duration=\"1000\">\n        <div class=\"row align-items-center justify-content-between\">\n                      <div class=\"col-lg-7 mt-4 mt-md-0 \">\n            <div class=\"partners-program-details\">\n              <h4>Dela med dig av ordet som affiliate<\/h4>\n              <p>Det \u00e4r v\u00e5rt uppdrag att g\u00f6ra de indiska palmbladsbiblioteken tillg\u00e4ngliga f\u00f6r m\u00e4nniskor fr\u00e5n hela v\u00e4rlden och att f\u00f6rena dem med Rishis visdom. Och vi inbjuder dig att vara en del av detta uppdrag genom att g\u00e5 med i Mypalmleafs affiliateprogram.   <\/p>\n                                <a href=\"\/sv\/affiliates-new\/\" class=\"btn btn-primary\">Registrera dig\/logga in p\u00e5 affiliateportalen<\/a>\n                          <\/div>\n          <\/div>\n                        <div class=\"col-lg-5\"><img decoding=\"async\" src=\"https:\/\/mypalmleaf.com\/wp-content\/uploads\/2024\/08\/mpl-partnership-logo-1.png\" alt=\"\" class=\"img-fluid\"><\/div>\n                  <\/div>\n      <\/div>\n    <\/div>\n  <\/div>\n      <div class=\"parallax-item-3 parallax-item\" data-speed=\".08\"><img decoding=\"async\" src=\"https:\/\/mypalmleaf.com\/wp-content\/uploads\/2024\/08\/parallax-item-3-4.png\" class=\"img-fluid\" alt=\"\"><\/div>\n  <\/section>\n\n<section class=\"photo-gallery my-5\">\n  <div class=\"container-xl\" data-aos=\"fade-up\" data-aos-duration=\"1000\">\n            <div class=\"row\">\n      <div class=\"col-lg-10 mx-auto\">\n        <div class=\"exibition\">\n          <ul>\n                                      <li data-aos=\"fade-up\" data-aos-duration=\"800\"><img decoding=\"async\" src=\"https:\/\/mypalmleaf.com\/wp-content\/uploads\/2024\/09\/affiliate-img-1-1.jpg\" alt=\"\"><\/li>\n                                        <li data-aos=\"fade-up\" data-aos-duration=\"1000\"><img decoding=\"async\" src=\"https:\/\/mypalmleaf.com\/wp-content\/uploads\/2024\/09\/affiliate-img-2.jpg\" alt=\"\"><\/li>\n                                        <li data-aos=\"fade-up\" data-aos-duration=\"1200\"><img decoding=\"async\" src=\"https:\/\/mypalmleaf.com\/wp-content\/uploads\/2024\/09\/affiliate-img-3.jpg\" alt=\"\"><\/li>\n                                        <li data-aos=\"fade-up\" data-aos-duration=\"1400\"><img decoding=\"async\" src=\"https:\/\/mypalmleaf.com\/wp-content\/uploads\/2024\/09\/affiliate-img-4.jpg\" alt=\"\"><\/li>\n                                    <\/ul>\n        <\/div>\n      <\/div>\n    <\/div>\n          <\/div>\n<\/section>\n\n<section class=\"affiliate\">\n  <div class=\"container-xl\">\n    <div class=\"row\">\n      <div class=\"col-lg-12\">\n        <h3 class=\"mb-4\">Hur fungerar det?<\/h3>\n        <div class=\"affiliate-cont\">\n          <ul>\n                          <li>\n                <div class=\"title\">1. <a href=\"https:\/\/mypalmleaf.com\/sv\/affiliate-portal\/\" class=\"btn btn-primary\">Registrera dig h\u00e4r<\/a> till v\u00e5rt affiliateprogram.<\/div>\n                <div class=\"desc\"><\/div>\n              <\/li>\n                          <li>\n                <div class=\"title\">2. F\u00e5 din personliga l\u00e4nk i affiliate-panelen<\/div>\n                <div class=\"desc\"><p>Du hittar din affiliate-l\u00e4nk i din affiliate-instrumentpanel.  <\/p>\n<\/div>\n              <\/li>\n                          <li>\n                <div class=\"title\">3. Hur byter jag spr\u00e5k p\u00e5 din l\u00e4nk?<\/div>\n                <div class=\"desc\">\n<p>Som standard pekar din l\u00e4nk alltid till v\u00e5r engelska hemsida, till exempel <strong> https:\/\/mypalmleaf.com\/?mpl=51 <\/strong> <\/p>\n<p>Om du vill att den ska byta till den tyska hemsidan (eller n\u00e5got annat spr\u00e5k)<strong> kan du bara l\u00e4gga till \/de\/ after.com s\u00e5 att den blir <\/strong>https:\/\/mypalmleaf.com\/de\/?mpl=51  <\/p>\n<\/div>\n              <\/li>\n                          <li>\n                <div class=\"title\">4. Dela l\u00e4nken med andra  <\/div>\n                <div class=\"desc\"><p>Du kan sedan dela l\u00e4nken med andra. N\u00e4r de bes\u00f6ker webbplatsen en g\u00e5ng via din affiliate-l\u00e4nk kommer en cookie att placeras i deras webbl\u00e4sare. Om de kommer tillbaka till webbplatsen n\u00e5gra veckor senare, utan att komma via din l\u00e4nk, och sedan g\u00f6r en bokning, kommer det fortfarande att r\u00e4knas som en h\u00e4nvisning f\u00f6r dig.    <\/p>\n<\/div>\n              <\/li>\n                          <li>\n                <div class=\"title\">5. F\u00e5 bel\u00f6ning<\/div>\n                <div class=\"desc\"><p>F\u00f6r varje h\u00e4nvisad bokning bel\u00f6nar vi dig med 30 \u20ac.  <br \/>  Det kommer att betalas ut m\u00e5nadsvis till ett bank- eller Paypal-konto som du v\u00e4ljer.  <\/p>\n<\/div>\n              <\/li>\n                          <li>\n                <div class=\"title\">6. Kontrollera dina remisser<\/div>\n                <div class=\"desc\"><p>Du kan alltid se antalet h\u00e4nvisningar och bes\u00f6k p\u00e5 webbplatsen i din affiliate-instrumentpanel.  <\/p>\n<\/div>\n              <\/li>\n                          <li>\n                <div class=\"title\"><\/div>\n                <div class=\"desc\"><p><a href=\"https:\/\/mypalmleaf.com\/prices\/find-your-palm-leaf-and-read-the-general-chapter\/\" class=\"btn btn-primary\">Hitta mitt blad<\/a><\/p>\n<\/div>\n              <\/li>\n                      <\/ul>\n          <div class=\"btm-contact\"><div class=\"btm-contact\">Om du har n\u00e5gra fr\u00e5gor om affiliateprogrammet, v\u00e4nligen skriv till oss p\u00e5 <a href=\"mailto:support@mypalmleaf.com\">support@mypalmleaf.com<\/a><\/div>\n<\/div>\n        <\/div>\n      <\/div>\n    <\/div>\n  <\/div>\n<\/section>","protected":false},"excerpt":{"rendered":"","protected":false},"author":1,"featured_media":0,"parent":0,"menu_order":0,"comment_status":"closed","ping_status":"closed","template":"","meta":{"_acf_changed":false,"footnotes":""},"class_list":["post-37120","page","type-page","status-publish","hentry"],"acf":[],"yoast_head":"<!-- This site is optimized with the Yoast SEO plugin v26.4 - https:\/\/yoast.com\/wordpress\/plugins\/seo\/ -->\n<title>Program f\u00f6r anslutna f\u00f6retag - My Palm Leaf<\/title>\n<meta name=\"description\" content=\"Utforska v\u00e5rt affiliateprogram och var med och sprid palmbladens ur\u00e5ldriga visdom \u00f6ver hela v\u00e4rlden. Sprid ljus och andlig kunskap med oss.\" \/>\n<meta name=\"robots\" content=\"index, follow, max-snippet:-1, max-image-preview:large, max-video-preview:-1\" \/>\n<link rel=\"canonical\" href=\"https:\/\/mypalmleaf.com\/affiliates-program\/\" \/>\n<meta property=\"og:locale\" content=\"sv_SE\" \/>\n<meta property=\"og:type\" content=\"article\" \/>\n<meta property=\"og:title\" content=\"Program f\u00f6r anslutna f\u00f6retag - My Palm Leaf\" \/>\n<meta property=\"og:description\" content=\"Utforska v\u00e5rt affiliateprogram och var med och sprid palmbladens ur\u00e5ldriga visdom \u00f6ver hela v\u00e4rlden. Sprid ljus och andlig kunskap med oss.\" \/>\n<meta property=\"og:url\" content=\"https:\/\/mypalmleaf.com\/affiliates-program\/\" \/>\n<meta property=\"og:site_name\" content=\"My Palm Leaf\" \/>\n<meta property=\"article:modified_time\" content=\"2025-04-17T09:42:18+00:00\" \/>\n<meta property=\"og:image\" content=\"https:\/\/mypalmleaf.com\/wp-content\/uploads\/2025\/08\/mpl-circle-logo.jpg\" \/>\n\t<meta property=\"og:image:width\" content=\"1200\" \/>\n\t<meta property=\"og:image:height\" content=\"1196\" \/>\n\t<meta property=\"og:image:type\" content=\"image\/jpeg\" \/>\n<meta name=\"twitter:card\" content=\"summary_large_image\" \/>\n<script type=\"application\/ld+json\" class=\"yoast-schema-graph\">{\"@context\":\"https:\/\/schema.org\",\"@graph\":[{\"@type\":\"WebPage\",\"@id\":\"https:\/\/mypalmleaf.com\/affiliates-program\/\",\"url\":\"https:\/\/mypalmleaf.com\/affiliates-program\/\",\"name\":\"Program f\u00f6r anslutna f\u00f6retag - My Palm Leaf\",\"isPartOf\":{\"@id\":\"https:\/\/mypalmleaf.com\/#website\"},\"datePublished\":\"2024-08-28T03:20:58+00:00\",\"dateModified\":\"2025-04-17T09:42:18+00:00\",\"description\":\"Utforska v\u00e5rt affiliateprogram och var med och sprid palmbladens ur\u00e5ldriga visdom \u00f6ver hela v\u00e4rlden. Sprid ljus och andlig kunskap med oss.\",\"breadcrumb\":{\"@id\":\"https:\/\/mypalmleaf.com\/affiliates-program\/#breadcrumb\"},\"inLanguage\":\"sv-SE\",\"potentialAction\":[{\"@type\":\"ReadAction\",\"target\":[\"https:\/\/mypalmleaf.com\/affiliates-program\/\"]}]},{\"@type\":\"BreadcrumbList\",\"@id\":\"https:\/\/mypalmleaf.com\/affiliates-program\/#breadcrumb\",\"itemListElement\":[{\"@type\":\"ListItem\",\"position\":1,\"name\":\"Home\",\"item\":\"https:\/\/mypalmleaf.com\/sv\/\"},{\"@type\":\"ListItem\",\"position\":2,\"name\":\"Program f\u00f6r anslutna f\u00f6retag\"}]},{\"@type\":\"WebSite\",\"@id\":\"https:\/\/mypalmleaf.com\/#website\",\"url\":\"https:\/\/mypalmleaf.com\/\",\"name\":\"My Palm Leaf\",\"description\":\"\",\"potentialAction\":[{\"@type\":\"SearchAction\",\"target\":{\"@type\":\"EntryPoint\",\"urlTemplate\":\"https:\/\/mypalmleaf.com\/?s={search_term_string}\"},\"query-input\":{\"@type\":\"PropertyValueSpecification\",\"valueRequired\":true,\"valueName\":\"search_term_string\"}}],\"inLanguage\":\"sv-SE\"}]}<\/script>\n<!-- \/ Yoast SEO plugin. -->","yoast_head_json":{"title":"Program f\u00f6r anslutna f\u00f6retag - My Palm Leaf","description":"Utforska v\u00e5rt affiliateprogram och var med och sprid palmbladens ur\u00e5ldriga visdom \u00f6ver hela v\u00e4rlden. Sprid ljus och andlig kunskap med oss.","robots":{"index":"index","follow":"follow","max-snippet":"max-snippet:-1","max-image-preview":"max-image-preview:large","max-video-preview":"max-video-preview:-1"},"canonical":"https:\/\/mypalmleaf.com\/affiliates-program\/","og_locale":"sv_SE","og_type":"article","og_title":"Program f\u00f6r anslutna f\u00f6retag - My Palm Leaf","og_description":"Utforska v\u00e5rt affiliateprogram och var med och sprid palmbladens ur\u00e5ldriga visdom \u00f6ver hela v\u00e4rlden. Sprid ljus och andlig kunskap med oss.","og_url":"https:\/\/mypalmleaf.com\/affiliates-program\/","og_site_name":"My Palm Leaf","article_modified_time":"2025-04-17T09:42:18+00:00","og_image":[{"width":1200,"height":1196,"url":"https:\/\/mypalmleaf.com\/wp-content\/uploads\/2025\/08\/mpl-circle-logo.jpg","type":"image\/jpeg"}],"twitter_card":"summary_large_image","schema":{"@context":"https:\/\/schema.org","@graph":[{"@type":"WebPage","@id":"https:\/\/mypalmleaf.com\/affiliates-program\/","url":"https:\/\/mypalmleaf.com\/affiliates-program\/","name":"Program f\u00f6r anslutna f\u00f6retag - My Palm Leaf","isPartOf":{"@id":"https:\/\/mypalmleaf.com\/#website"},"datePublished":"2024-08-28T03:20:58+00:00","dateModified":"2025-04-17T09:42:18+00:00","description":"Utforska v\u00e5rt affiliateprogram och var med och sprid palmbladens ur\u00e5ldriga visdom \u00f6ver hela v\u00e4rlden. Sprid ljus och andlig kunskap med oss.","breadcrumb":{"@id":"https:\/\/mypalmleaf.com\/affiliates-program\/#breadcrumb"},"inLanguage":"sv-SE","potentialAction":[{"@type":"ReadAction","target":["https:\/\/mypalmleaf.com\/affiliates-program\/"]}]},{"@type":"BreadcrumbList","@id":"https:\/\/mypalmleaf.com\/affiliates-program\/#breadcrumb","itemListElement":[{"@type":"ListItem","position":1,"name":"Home","item":"https:\/\/mypalmleaf.com\/sv\/"},{"@type":"ListItem","position":2,"name":"Program f\u00f6r anslutna f\u00f6retag"}]},{"@type":"WebSite","@id":"https:\/\/mypalmleaf.com\/#website","url":"https:\/\/mypalmleaf.com\/","name":"My Palm Leaf","description":"","potentialAction":[{"@type":"SearchAction","target":{"@type":"EntryPoint","urlTemplate":"https:\/\/mypalmleaf.com\/?s={search_term_string}"},"query-input":{"@type":"PropertyValueSpecification","valueRequired":true,"valueName":"search_term_string"}}],"inLanguage":"sv-SE"}]}},"_links":{"self":[{"href":"https:\/\/mypalmleaf.com\/sv\/wp-json\/wp\/v2\/pages\/37120","targetHints":{"allow":["GET"]}}],"collection":[{"href":"https:\/\/mypalmleaf.com\/sv\/wp-json\/wp\/v2\/pages"}],"about":[{"href":"https:\/\/mypalmleaf.com\/sv\/wp-json\/wp\/v2\/types\/page"}],"author":[{"embeddable":true,"href":"https:\/\/mypalmleaf.com\/sv\/wp-json\/wp\/v2\/users\/1"}],"replies":[{"embeddable":true,"href":"https:\/\/mypalmleaf.com\/sv\/wp-json\/wp\/v2\/comments?post=37120"}],"version-history":[{"count":0,"href":"https:\/\/mypalmleaf.com\/sv\/wp-json\/wp\/v2\/pages\/37120\/revisions"}],"wp:attachment":[{"href":"https:\/\/mypalmleaf.com\/sv\/wp-json\/wp\/v2\/media?parent=37120"}],"curies":[{"name":"wp","href":"https:\/\/api.w.org\/{rel}","templated":true}]}}