
{"id":37137,"date":"2024-08-28T04:10:49","date_gmt":"2024-08-28T04:10:49","guid":{"rendered":"https:\/\/mypalmleaf.com\/ga-med-i-oss\/"},"modified":"2025-04-17T09:17:38","modified_gmt":"2025-04-17T09:17:38","slug":"ga-med-i-oss","status":"publish","type":"page","link":"https:\/\/mypalmleaf.com\/sv\/ga-med-i-oss\/","title":{"rendered":"G\u00e5 med i oss"},"content":{"rendered":"\n<section class=\"spotlight-main small top-gap\">\n    <!-- <div class=\"slider-wrap\" data-flickity='{ \"cellAlign\": \"left\", \"contain\": true, \"wrapAround\": true, \"setGallerySize\": false }'> -->\n    <div class=\"slider-wrap\" data-flickity='{ \"cellAlign\": \"left\", \"contain\": true, \"wrapAround\": true, \"setGallerySize\": false  }'>\n            <div class=\"slides\">\n        <div class=\"content-wrap\">\n          <div class=\"image\">\n            <picture>\n              <source media=\"(max-width: 999px)\" srcset=\"https:\/\/mypalmleaf.com\/wp-content\/uploads\/2024\/09\/join-us-spotlight-new-mob.jpg\" \/>\n              <source media=\"(min-width: 1000px)\" srcset=\"https:\/\/mypalmleaf.com\/wp-content\/uploads\/2024\/09\/join-us-spotlight-new.jpg\" \/>\n              <img decoding=\"async\" src=\"https:\/\/mypalmleaf.com\/wp-content\/uploads\/2024\/09\/join-us-spotlight-new.jpg\" class=\"img-fluid\" alt=\"\" \/>\n            <\/picture>\n          <\/div>\n          <div class=\"content\">\n            <div data-aos=\"fade-up\" data-aos-duration=\"1000\">\n              <h2 class=\"\">G\u00e5 med i oss<\/h2>\n                                 \n            <\/div>\n          <\/div>\n        <\/div>\n      <\/div>\n          <\/div>\n<\/section>\n<section class=\"my-6 flipping-gallery\">\n  <div class=\"container-xl\" data-aos=\"fade-up\" data-aos-duration=\"1000\">\n    <div class=\"row\">\n      <div class=\"col\">\n        <div class=\"gallery-wrap\">\n                      <div class=\"block\">\n              <div class=\"rounded-asset\">\n                                                  <img decoding=\"async\" src=\"https:\/\/mypalmleaf.com\/wp-content\/uploads\/2024\/08\/gallery-img-1-2.jpg\" alt=\"\" class=\"\">\n                                                    <img decoding=\"async\" src=\"https:\/\/mypalmleaf.com\/wp-content\/uploads\/2024\/08\/gallery-img-1.jpg\" alt=\"\" class=\"overlay\">\n                                                <\/div>\n            <\/div>\n                      <div class=\"block\">\n              <div class=\"rounded-asset\">\n                                                  <img decoding=\"async\" src=\"https:\/\/mypalmleaf.com\/wp-content\/uploads\/2024\/08\/gallery-img-2-2.jpg\" alt=\"\" class=\"\">\n                                                    <img decoding=\"async\" src=\"https:\/\/mypalmleaf.com\/wp-content\/uploads\/2024\/08\/gallery-img-2.jpg\" alt=\"\" class=\"overlay\">\n                                                <\/div>\n            <\/div>\n                      <div class=\"block\">\n              <div class=\"rounded-asset\">\n                                                  <img decoding=\"async\" src=\"https:\/\/mypalmleaf.com\/wp-content\/uploads\/2024\/08\/gallery-img-3-2.jpg\" alt=\"\" class=\"\">\n                                                    <img decoding=\"async\" src=\"https:\/\/mypalmleaf.com\/wp-content\/uploads\/2024\/08\/gallery-img-3.jpg\" alt=\"\" class=\"overlay\">\n                                                <\/div>\n            <\/div>\n                      <div class=\"block\">\n              <div class=\"rounded-asset\">\n                                                  <img decoding=\"async\" src=\"https:\/\/mypalmleaf.com\/wp-content\/uploads\/2024\/08\/gallery-img-4-2.jpg\" alt=\"\" class=\"\">\n                                                    <img decoding=\"async\" src=\"https:\/\/mypalmleaf.com\/wp-content\/uploads\/2024\/08\/gallery-img-4.jpg\" alt=\"\" class=\"overlay\">\n                                                <\/div>\n            <\/div>\n                      <div class=\"block\">\n              <div class=\"rounded-asset\">\n                                                  <img decoding=\"async\" src=\"https:\/\/mypalmleaf.com\/wp-content\/uploads\/2024\/08\/gallery-img-5-2.jpg\" alt=\"\" class=\"\">\n                                                    <img decoding=\"async\" src=\"https:\/\/mypalmleaf.com\/wp-content\/uploads\/2024\/08\/gallery-img-5.jpg\" alt=\"\" class=\"overlay\">\n                                                <\/div>\n            <\/div>\n                      <div class=\"block\">\n              <div class=\"rounded-asset\">\n                                                  <img decoding=\"async\" src=\"https:\/\/mypalmleaf.com\/wp-content\/uploads\/2024\/08\/gallery-img-6.jpg\" alt=\"\" class=\"\">\n                                                    <img decoding=\"async\" src=\"https:\/\/mypalmleaf.com\/wp-content\/uploads\/2024\/08\/gallery-img-6-2.jpg\" alt=\"\" class=\"overlay\">\n                                                <\/div>\n            <\/div>\n                  <\/div>\n      <\/div>\n    <\/div>\n  <\/div>\n<\/section><section class=\"join-us-block my-6 position-relative\">\n  <div class=\"container-xl\">\n    <div class=\"row mb-4 justify-content-center\">\n      <div class=\"col-lg-10 text-center\" data-aos=\"fade-up\" data-aos-duration=\"1000\">\n        <p>Som moderator eller \u00f6vers\u00e4ttare hj\u00e4lper du kunderna att l\u00e4sa palmblad, svarar p\u00e5 deras fr\u00e5gor, st\u00f6ttar dem, f\u00e5r dem att k\u00e4nna sig bekv\u00e4ma och bygger en bro mellan dem och palmbladsbiblioteket.<\/p>\n      <\/div>\n    <\/div>\n    <div class=\"row my-5 justify-content-between\" data-aos=\"fade-up\" data-aos-duration=\"1000\">\n              <div class=\"col-lg-5\">\n          <div class=\"dual-col\">\n            <div class=\"title\">\n              <img decoding=\"async\" src=\"https:\/\/mypalmleaf.com\/wp-content\/uploads\/2024\/08\/title-bg.png\" alt=\"\" class=\"img-fluid\">\n              <div class=\"text\">Moderator<\/div>\n            <\/div>\n            <div class=\"desc\">\n              <p>Som moderator st\u00f6djer du engelska palmbladsl\u00e4sningar.<br \/>\nDu f\u00f6rklarar processen innan l\u00e4sningen b\u00f6rjar och finns d\u00e4r i bakgrunden f\u00f6r att svara p\u00e5 fr\u00e5gor om det beh\u00f6vs.<br \/>\nSj\u00e4lva avl\u00e4sningen \u00f6vers\u00e4tts av \u00f6vers\u00e4ttaren i palmbladsbiblioteket fr\u00e5n tamil till engelska.  <\/p>\n            <\/div>\n          <\/div>\n        <\/div>\n              <div class=\"col-lg-5\">\n          <div class=\"dual-col\">\n            <div class=\"title\">\n              <img decoding=\"async\" src=\"https:\/\/mypalmleaf.com\/wp-content\/uploads\/2024\/08\/title-bg.png\" alt=\"\" class=\"img-fluid\">\n              <div class=\"text\">\u00d6vers\u00e4ttare<\/div>\n            <\/div>\n            <div class=\"desc\">\n              <p>Som \u00f6vers\u00e4ttare g\u00f6r du allt som en moderator g\u00f6r, men du \u00f6vers\u00e4tter ocks\u00e5 allt som bibliotekets \u00f6vers\u00e4ttare \u00f6vers\u00e4tter fr\u00e5n tamil till engelska till ditt specifika spr\u00e5k, till exempel polska, franska eller arabiska.<\/p>\n            <\/div>\n          <\/div>\n        <\/div>\n          <\/div>\n  <\/div>\n  <\/section><section class=\"tabs-wrapper my-6 mt-0\">\n  <div class=\"container-xl\">\n    <div class=\"row\">\n      <div class=\"tabs-container\" data-aos=\"fade-up\" data-aos-duration=\"1000\">\n        <ul class=\"tabs\">\n                                <li class=\"tab-button active\" data-target=\"tab1\">Krav och \u00f6nskem\u00e5l<\/li>\n                                  <li class=\"tab-button active\" data-target=\"tab2\">Varf\u00f6r g\u00e5 med i oss<\/li>\n                                  <li class=\"tab-button active\" data-target=\"tab3\">Arbetstid<\/li>\n                                  <li class=\"tab-button active\" data-target=\"tab4\">Ers\u00e4ttning och l\u00f6n<\/li>\n                              <\/ul>\n        <div class=\"tab-content\">\n                                <div id=\"tab1\" class=\"tab-pane active\">\n              <h4>Absoluta krav f\u00f6r att hj\u00e4lpa till vid avl\u00e4sning av palmblad \u00e4r<\/h4>\n<ul>\n<li>Du \u00e4r flytande i engelska och som \u00f6vers\u00e4ttare i det spr\u00e5k som du \u00f6vers\u00e4tter till<\/li>\n<li>Du \u00e4r i linje med v\u00e5r andliga mission<\/li>\n<li>Du har en v\u00e4l fungerande dator, kan anv\u00e4nda zoom och har en stabil internetuppkoppling.<\/li>\n<li>Du \u00e4r p\u00e5litlig och kommer i tid.<\/li>\n<li>Du har en uppriktig motivation att bidra till m\u00e4nsklighetens utveckling, helande och uppvaknande<\/li>\n<li>Du \u00e4r motiverad och inspirerad<\/li>\n<li>Du kan och \u00e4r villig att ta ansvar och vara proaktiv<\/li>\n<li>Du har sj\u00e4lv haft en palmbladl\u00e4sning och f\u00f6rst\u00e5r processen.<\/li>\n<li>Du gillar att kommunicera och f\u00e5 kontakt med m\u00e4nniskor som \u00e4r empatiska, k\u00e4rleksfulla och autentiska.<\/li>\n<li>Du \u00e4r \u00f6ppen och villig att l\u00e4ra dig nya f\u00e4rdigheter.<\/li>\n<li>Du har g\u00e5tt igenom v\u00e5r webbplats och YouTube-kanal och har en tydlig f\u00f6rst\u00e5else f\u00f6r vad Mypalmleaf g\u00f6r.<\/li>\n<li>Du \u00e4r tydlig, k\u00e4rleksfull och direkt i din kommunikation.<\/li>\n<\/ul>\n            <\/div>\n                                  <div id=\"tab2\" class=\"tab-pane active\">\n              <h4>De verkliga sk\u00e4len till att arbeta med Mypalmleaf<\/h4>\n<p>Mypalmleaf \u00e4r en \u00e4ndam\u00e5lsdriven organisation som kombinerar djupa andliga metoder och f\u00f6rst\u00e5else med jordn\u00e4ra arbetsstrukturer som st\u00f6der dig i din professionella utveckling.<br \/>\nVi skapar tillsammans en inspirerande arbetsmilj\u00f6 som bidrar till m\u00e4nsklighetens utveckling och som har f\u00f6r avsikt att se och hj\u00e4lpa dig som den unika m\u00e4nniska du \u00e4r.<br \/>\nSom ett team arbetar vi tillsammans i en positiv, st\u00f6djande teamanda som syftar till att ta fram och st\u00f6dja dina f\u00e4rdigheter och talanger samtidigt som vi ger en riklig inkomst f\u00f6r att uppr\u00e4tth\u00e5lla ditt liv.  <\/p>\n            <\/div>\n                                  <div id=\"tab3\" class=\"tab-pane active\">\n              <p>Vi har vanligtvis en l\u00e4sning schemalagd med b\u00f6rjan mellan 7 och 8 Indien tid du kan schemal\u00e4gga tidsluckor, beroende p\u00e5 din tillg\u00e4nglighet i samordning med kundernas och organisationens behov.<br \/>\nVanligtvis g\u00f6r vi v\u00e5rt b\u00e4sta f\u00f6r att f\u00e5 det att fungera f\u00f6r alla. <\/p>\n            <\/div>\n                                  <div id=\"tab4\" class=\"tab-pane active\">\n              <p>Vi kommer att skicka en detaljerad betalningsf\u00f6rklaring till dig efter att vi har mottagit din ans\u00f6kan.<\/p>\n            <\/div>\n                              <\/div>\n      <\/div>\n    <\/div>\n  <\/div>\n<\/section><section class=\"how-to-apply my-6 mt-0\">\n  <div class=\"container-xl\">\n    <div class=\"row\">\n      <div class=\"col-lg-10 mx-auto\" >\n        <div class=\"dual-col \">\n          <div class=\"title\">\n            <img decoding=\"async\" src=\"https:\/\/mypalmleaf.com\/wp-content\/uploads\/2024\/08\/title-bg.png\" alt=\"\" class=\"img-fluid\">\n            <div class=\"text\">Hur du ans\u00f6ker<\/div>\n          <\/div>\n          <div class=\"desc\">\n            <p>Skicka oss en kort selfievideo p\u00e5 1-5 minuter d\u00e4r du ber\u00e4ttar om dig sj\u00e4lv och varf\u00f6r du vill arbeta med oss. Det beh\u00f6ver inte vara professionellt. Skjut inte upp det och var inte blyg, bara g\u00f6r det nu. Det \u00e4r den attityden vi g\u00e4rna vill ha med i v\u00e5rt team. Vi kommer att intervjua alla seri\u00f6sa s\u00f6kande som skickar oss en video i en 10-minuters speedintervju. G\u00f6r inte s\u00e5: Skicka ett meddelande d\u00e4r du ber oss att &#8221;skicka mer information&#8221;.<\/p>\n<div class=\"btm-contact\">G\u00f6r videon nu och skicka den till <a href=\"mailto:info@mypalmleaf.com\">info@mypalmleaf.com<\/a><\/div>\n          <\/div>\n        <\/div>\n      <\/div>\n    <\/div>\n  <\/div>\n<\/section>","protected":false},"excerpt":{"rendered":"","protected":false},"author":1,"featured_media":0,"parent":0,"menu_order":0,"comment_status":"closed","ping_status":"closed","template":"","meta":{"_acf_changed":false,"footnotes":""},"class_list":["post-37137","page","type-page","status-publish","hentry"],"acf":[],"yoast_head":"<!-- This site is optimized with the Yoast SEO plugin v26.4 - https:\/\/yoast.com\/wordpress\/plugins\/seo\/ -->\n<title>G\u00e5 med i oss - My Palm Leaf<\/title>\n<meta name=\"description\" content=\"G\u00e5 med i v\u00e5rt community och bli en del av en global r\u00f6relse som sprider palmbladens ljus och skapar djupare andliga f\u00f6rbindelser.\" \/>\n<meta name=\"robots\" content=\"index, follow, max-snippet:-1, max-image-preview:large, max-video-preview:-1\" \/>\n<link rel=\"canonical\" href=\"https:\/\/mypalmleaf.com\/moderator_and_translator\/\" \/>\n<meta property=\"og:locale\" content=\"sv_SE\" \/>\n<meta property=\"og:type\" content=\"article\" \/>\n<meta property=\"og:title\" content=\"G\u00e5 med i oss - My Palm Leaf\" \/>\n<meta property=\"og:description\" content=\"G\u00e5 med i v\u00e5rt community och bli en del av en global r\u00f6relse som sprider palmbladens ljus och skapar djupare andliga f\u00f6rbindelser.\" \/>\n<meta property=\"og:url\" content=\"https:\/\/mypalmleaf.com\/moderator_and_translator\/\" \/>\n<meta property=\"og:site_name\" content=\"My Palm Leaf\" \/>\n<meta property=\"article:modified_time\" content=\"2025-04-17T09:17:38+00:00\" \/>\n<meta property=\"og:image\" content=\"https:\/\/mypalmleaf.com\/wp-content\/uploads\/2025\/08\/mpl-circle-logo.jpg\" \/>\n\t<meta property=\"og:image:width\" content=\"1200\" \/>\n\t<meta property=\"og:image:height\" content=\"1196\" \/>\n\t<meta property=\"og:image:type\" content=\"image\/jpeg\" \/>\n<meta name=\"twitter:card\" content=\"summary_large_image\" \/>\n<script type=\"application\/ld+json\" class=\"yoast-schema-graph\">{\"@context\":\"https:\/\/schema.org\",\"@graph\":[{\"@type\":\"WebPage\",\"@id\":\"https:\/\/mypalmleaf.com\/moderator_and_translator\/\",\"url\":\"https:\/\/mypalmleaf.com\/moderator_and_translator\/\",\"name\":\"G\u00e5 med i oss - My Palm Leaf\",\"isPartOf\":{\"@id\":\"https:\/\/mypalmleaf.com\/#website\"},\"datePublished\":\"2024-08-28T04:10:49+00:00\",\"dateModified\":\"2025-04-17T09:17:38+00:00\",\"description\":\"G\u00e5 med i v\u00e5rt community och bli en del av en global r\u00f6relse som sprider palmbladens ljus och skapar djupare andliga f\u00f6rbindelser.\",\"breadcrumb\":{\"@id\":\"https:\/\/mypalmleaf.com\/moderator_and_translator\/#breadcrumb\"},\"inLanguage\":\"sv-SE\",\"potentialAction\":[{\"@type\":\"ReadAction\",\"target\":[\"https:\/\/mypalmleaf.com\/moderator_and_translator\/\"]}]},{\"@type\":\"BreadcrumbList\",\"@id\":\"https:\/\/mypalmleaf.com\/moderator_and_translator\/#breadcrumb\",\"itemListElement\":[{\"@type\":\"ListItem\",\"position\":1,\"name\":\"Home\",\"item\":\"https:\/\/mypalmleaf.com\/sv\/\"},{\"@type\":\"ListItem\",\"position\":2,\"name\":\"G\u00e5 med i oss\"}]},{\"@type\":\"WebSite\",\"@id\":\"https:\/\/mypalmleaf.com\/#website\",\"url\":\"https:\/\/mypalmleaf.com\/\",\"name\":\"My Palm Leaf\",\"description\":\"\",\"potentialAction\":[{\"@type\":\"SearchAction\",\"target\":{\"@type\":\"EntryPoint\",\"urlTemplate\":\"https:\/\/mypalmleaf.com\/?s={search_term_string}\"},\"query-input\":{\"@type\":\"PropertyValueSpecification\",\"valueRequired\":true,\"valueName\":\"search_term_string\"}}],\"inLanguage\":\"sv-SE\"}]}<\/script>\n<!-- \/ Yoast SEO plugin. -->","yoast_head_json":{"title":"G\u00e5 med i oss - My Palm Leaf","description":"G\u00e5 med i v\u00e5rt community och bli en del av en global r\u00f6relse som sprider palmbladens ljus och skapar djupare andliga f\u00f6rbindelser.","robots":{"index":"index","follow":"follow","max-snippet":"max-snippet:-1","max-image-preview":"max-image-preview:large","max-video-preview":"max-video-preview:-1"},"canonical":"https:\/\/mypalmleaf.com\/moderator_and_translator\/","og_locale":"sv_SE","og_type":"article","og_title":"G\u00e5 med i oss - My Palm Leaf","og_description":"G\u00e5 med i v\u00e5rt community och bli en del av en global r\u00f6relse som sprider palmbladens ljus och skapar djupare andliga f\u00f6rbindelser.","og_url":"https:\/\/mypalmleaf.com\/moderator_and_translator\/","og_site_name":"My Palm Leaf","article_modified_time":"2025-04-17T09:17:38+00:00","og_image":[{"width":1200,"height":1196,"url":"https:\/\/mypalmleaf.com\/wp-content\/uploads\/2025\/08\/mpl-circle-logo.jpg","type":"image\/jpeg"}],"twitter_card":"summary_large_image","schema":{"@context":"https:\/\/schema.org","@graph":[{"@type":"WebPage","@id":"https:\/\/mypalmleaf.com\/moderator_and_translator\/","url":"https:\/\/mypalmleaf.com\/moderator_and_translator\/","name":"G\u00e5 med i oss - My Palm Leaf","isPartOf":{"@id":"https:\/\/mypalmleaf.com\/#website"},"datePublished":"2024-08-28T04:10:49+00:00","dateModified":"2025-04-17T09:17:38+00:00","description":"G\u00e5 med i v\u00e5rt community och bli en del av en global r\u00f6relse som sprider palmbladens ljus och skapar djupare andliga f\u00f6rbindelser.","breadcrumb":{"@id":"https:\/\/mypalmleaf.com\/moderator_and_translator\/#breadcrumb"},"inLanguage":"sv-SE","potentialAction":[{"@type":"ReadAction","target":["https:\/\/mypalmleaf.com\/moderator_and_translator\/"]}]},{"@type":"BreadcrumbList","@id":"https:\/\/mypalmleaf.com\/moderator_and_translator\/#breadcrumb","itemListElement":[{"@type":"ListItem","position":1,"name":"Home","item":"https:\/\/mypalmleaf.com\/sv\/"},{"@type":"ListItem","position":2,"name":"G\u00e5 med i oss"}]},{"@type":"WebSite","@id":"https:\/\/mypalmleaf.com\/#website","url":"https:\/\/mypalmleaf.com\/","name":"My Palm Leaf","description":"","potentialAction":[{"@type":"SearchAction","target":{"@type":"EntryPoint","urlTemplate":"https:\/\/mypalmleaf.com\/?s={search_term_string}"},"query-input":{"@type":"PropertyValueSpecification","valueRequired":true,"valueName":"search_term_string"}}],"inLanguage":"sv-SE"}]}},"_links":{"self":[{"href":"https:\/\/mypalmleaf.com\/sv\/wp-json\/wp\/v2\/pages\/37137","targetHints":{"allow":["GET"]}}],"collection":[{"href":"https:\/\/mypalmleaf.com\/sv\/wp-json\/wp\/v2\/pages"}],"about":[{"href":"https:\/\/mypalmleaf.com\/sv\/wp-json\/wp\/v2\/types\/page"}],"author":[{"embeddable":true,"href":"https:\/\/mypalmleaf.com\/sv\/wp-json\/wp\/v2\/users\/1"}],"replies":[{"embeddable":true,"href":"https:\/\/mypalmleaf.com\/sv\/wp-json\/wp\/v2\/comments?post=37137"}],"version-history":[{"count":0,"href":"https:\/\/mypalmleaf.com\/sv\/wp-json\/wp\/v2\/pages\/37137\/revisions"}],"wp:attachment":[{"href":"https:\/\/mypalmleaf.com\/sv\/wp-json\/wp\/v2\/media?parent=37137"}],"curies":[{"name":"wp","href":"https:\/\/api.w.org\/{rel}","templated":true}]}}