{"id":37156,"date":"2024-09-01T09:48:00","date_gmt":"2024-09-01T09:48:00","guid":{"rendered":"https:\/\/mypalmleaf.com\/donationer\/"},"modified":"2025-06-21T08:56:07","modified_gmt":"2025-06-21T08:56:07","slug":"donationer","status":"publish","type":"page","link":"https:\/\/mypalmleaf.com\/sv\/donationer\/","title":{"rendered":"Donationer"},"content":{"rendered":"\n<section class=\"spotlight-main small top-gap\">\n    <!-- <div class=\"slider-wrap\" data-flickity='{ \"cellAlign\": \"left\", \"contain\": true, \"wrapAround\": true, \"setGallerySize\": false }'> -->\n    <div class=\"slider-wrap\" data-flickity='{ \"cellAlign\": \"left\", \"contain\": true, \"wrapAround\": true, \"setGallerySize\": false  }'>\n            <div class=\"slides\">\n        <div class=\"content-wrap\">\n          <div class=\"image\">\n            <picture>\n              <source media=\"(max-width: 999px)\" srcset=\"https:\/\/mypalmleaf.com\/wp-content\/uploads\/2024\/09\/donation-spotlight-mobile.jpg\" \/>\n              <source media=\"(min-width: 1000px)\" srcset=\"https:\/\/mypalmleaf.com\/wp-content\/uploads\/2024\/09\/donation-spotlight-1.jpg\" \/>\n              <img decoding=\"async\" src=\"https:\/\/mypalmleaf.com\/wp-content\/uploads\/2024\/09\/donation-spotlight-1.jpg\" class=\"img-fluid\" alt=\"\" \/>\n            <\/picture>\n          <\/div>\n          <div class=\"content\">\n            <div data-aos=\"fade-up\" data-aos-duration=\"1000\">\n              <h2 class=\"\">Donationer<\/h2>\n                                 \n            <\/div>\n          <\/div>\n        <\/div>\n      <\/div>\n          <\/div>\n<\/section><section class=\"donation-bottom-block text-center\">\n  <div class=\"container-xl\">\n  <div class=\"row pt-5 donation-top-icon\">\n        <div class=\"col-lg-10 mx-auto\">\n        <ul>\n          <li class=\"text-lg-end\"><img decoding=\"async\" src=\"https:\/\/mypalmleaf.com\/wp-content\/uploads\/2024\/09\/donation-harmony-icon.png\" alt=\"\" class=\"img-fluid\"><\/li>\n          <li><h3>Dina donationer \u00e4r uppskattade<\/h3><\/li>\n          <li class=\"text-lg-start\"><img decoding=\"async\" src=\"https:\/\/mypalmleaf.com\/wp-content\/uploads\/2024\/09\/mpl-circle-logo.png\" alt=\"\" class=\"img-fluid\"><\/li>\n        <\/ul>\n      <\/div>\n      <\/div>\n    <div class=\"row\">\n      <div class=\"col-lg-10 my-5 mx-auto\">\n        <p>Mypalmleaf och v\u00e5r partner NGO in Harmony with Nature e.V. \u00e4r dedikerade till att tillsammans skapa en ny v\u00e4rld, baserad p\u00e5 k\u00e4rlek, uppvaknande och sanna v\u00e4rderingar.<\/p>\n<p>Vi \u00e4r sm\u00e5 delar av det enorma globala n\u00e4tverk av projekt och individer som \u00e4gnar sig \u00e5t att g\u00f6ra verklighet av denna kollektiva dr\u00f6m.<\/p>\n<p>Dina donationer hj\u00e4lper oss att \u00e4gna oss \u00e5t detta arbete.<\/p>\n<p>Vi tror att detta arbete \u00e4r n\u00f6dv\u00e4ndigt f\u00f6r att skapa en v\u00e4rld som bygger p\u00e5 k\u00e4rlek, uppvaknande och sanna v\u00e4rderingar. V\u00e4nligen ge donationer till v\u00e5r partnerorganisation In Harmony with Nature, som kommer att f\u00f6rdela dem mellan palmbladsl\u00e4sare, \u00f6vers\u00e4ttare och skapa projekt f\u00f6r att bygga den nya v\u00e4rlden. <\/p>\n<p>Genom v\u00e5rt partnerskap arbetar vi f\u00f6r att fr\u00e4mja en h\u00e5llbar livsstil, skydda och f\u00f6rnya den naturliga milj\u00f6n, st\u00f6dja lokala samh\u00e4llen och sprida medvetenhet om hur allt liv h\u00e4nger ihop.<\/p>\n<p>Vi \u00e4r tacksamma f\u00f6r st\u00f6det fr\u00e5n v\u00e5ra givare, vars bidrag g\u00f6r det m\u00f6jligt f\u00f6r oss att forts\u00e4tta detta viktiga arbete. Dina donationer hj\u00e4lper oss att finansiera v\u00e5ra projekt och initiativ, n\u00e5 fler m\u00e4nniskor med v\u00e5rt budskap och g\u00f6ra en positiv inverkan p\u00e5 v\u00e4rlden. <\/p>\n\n        <a href=\"https:\/\/spenden.twingle.de\/in-harmony-with-nature-e-v\/in-harmony-with-nature-e-v-en-kopie\/tw643cd4fb53874\/page\"  target=\"_blank\" class=\"btn btn-primary btn-lg mt-4\">Donera till att dela med dig av Rishis visdom<\/a>\n      <\/div>\n    <\/div>\n  <\/div>\n<\/section><section class=\"donation-top-block text-center\">\n  <div class=\"container-xl\">\n    <div class=\"row\">\n      <div class=\"col-lg-8 mx-auto my-5 text-center\">\n        <div class=\"col-lg-12 text-center\">\n          <div class=\"video-place-holder my-4\">\n            <div class=\"heading mb-3\">Vi presenterar In Harmony with Nature | Mypalmleafs partnerorganisation<\/div>\n            <div class=\"video rounded-asset\">\n              <img decoding=\"async\" src=\"https:\/\/mypalmleaf.com\/wp-content\/uploads\/2024\/09\/donation-video-thumb.png\" class=\"img-fluid\" alt=\"\"><div class=\"play-icon\"><\/div>\n              <a href=\"https:\/\/www.youtube.com\/watch?v=IyDUBCgcutc\" class=\"stretched-link\" data-lity><\/a>\n            <\/div>\n          <\/div>\n          <a href=\"https:\/\/spenden.twingle.de\/in-harmony-with-nature-e-v\/in-harmony-with-nature-e-v-en-kopie\/tw643cd4fb53874\/page\" target=\"_blank\" class=\"btn btn-primary btn-lg my-2\">Donera till att dela med dig av Rishis visdom<\/a>\n        <\/div>\n      <\/div>\n    <\/div>\n  <\/div>\n<\/section>\n<div class=\"container my-5\">\n  <div class=\"row\">\n    <!-- First Column -->\n    <div class=\"col-md-6 mb-4\">\n      <div class=\"video-place-holder my-4\">\n          \n            <div class=\"video rounded-asset\">\n              <img decoding=\"async\" src=\"\/wp-content\/uploads\/2025\/06\/bali-donation-video-thumb.jpg\" class=\"img-fluid\" alt=\"\"\/><div class=\"play-icon\"><\/div>\n              <a href=\"https:\/\/youtube.com\/watch?v=CZg0nTW-ZNc\" class=\"stretched-link\" data-lity=\"\"><\/a>\n            <\/div>\n  <div class=\"heading my-3\">Hur dina handflatavl\u00e4sningar hj\u00e4lper till att f\u00f6r\u00e4ndra liv: St\u00f6d till Ananda Seva Dharma Children&#8217;s Home\n<\/div>\n          <\/div>\n    <\/div>\n\n    <!-- Second Column -->\n    <div class=\"col-md-6 mb-4\">\n      <div class=\"video-place-holder my-4\">\n            <div class=\"video rounded-asset\">\n              <img decoding=\"async\" src=\"\/wp-content\/uploads\/2025\/06\/india-donation-video-thumb.jpg\" class=\"img-fluid\" alt=\"\"\/><div class=\"play-icon\"><\/div>\n              <a href=\"https:\/\/www.youtube.com\/watch?v=OPTRiyZWTa0\" class=\"stretched-link\" data-lity=\"\"><\/a>\n            <\/div>\n            <div class=\"heading my-3\">20.000 m\u00e5ltider donerade &#8211; tack vare dig! | V\u00e5r resa till Navagraha-templet <\/div>\n\n          <\/div>\n    <\/div>\n  <\/div>\n<\/div>\n\n","protected":false},"excerpt":{"rendered":"<p>Hur dina handflatavl\u00e4sningar hj\u00e4lper till att f\u00f6r\u00e4ndra liv: St\u00f6d till Ananda Seva Dharma Children&#8217;s Home 20.000 m\u00e5ltider donerade &#8211; tack vare dig! | V\u00e5r resa till Navagraha-templet<\/p>\n","protected":false},"author":1,"featured_media":0,"parent":0,"menu_order":0,"comment_status":"closed","ping_status":"closed","template":"","meta":{"_acf_changed":false,"footnotes":""},"class_list":["post-37156","page","type-page","status-publish","hentry"],"acf":[],"yoast_head":"<!-- This site is optimized with the Yoast SEO plugin v26.4 - https:\/\/yoast.com\/wordpress\/plugins\/seo\/ -->\n<title>Donationer - My Palm Leaf<\/title>\n<meta name=\"description\" content=\"St\u00f6d v\u00e5rt uppdrag genom donationer och hj\u00e4lp till att bevara samt dela palmbladens gamla visdom med andliga s\u00f6kare v\u00e4rlden \u00f6ver.\" \/>\n<meta name=\"robots\" content=\"index, follow, max-snippet:-1, max-image-preview:large, max-video-preview:-1\" \/>\n<link rel=\"canonical\" href=\"https:\/\/mypalmleaf.com\/sv\/donationer\/\" \/>\n<meta property=\"og:locale\" content=\"sv_SE\" \/>\n<meta property=\"og:type\" content=\"article\" \/>\n<meta property=\"og:title\" content=\"Donationer - My Palm Leaf\" \/>\n<meta property=\"og:description\" content=\"St\u00f6d v\u00e5rt uppdrag genom donationer och hj\u00e4lp till att bevara samt dela palmbladens gamla visdom med andliga s\u00f6kare v\u00e4rlden \u00f6ver.\" \/>\n<meta property=\"og:url\" content=\"https:\/\/mypalmleaf.com\/sv\/donationer\/\" \/>\n<meta property=\"og:site_name\" content=\"My Palm Leaf\" \/>\n<meta property=\"article:modified_time\" content=\"2025-06-21T08:56:07+00:00\" \/>\n<meta property=\"og:image\" content=\"https:\/\/mypalmleaf.com\/wp-content\/uploads\/2025\/08\/mpl-circle-logo.jpg\" \/>\n\t<meta property=\"og:image:width\" content=\"1200\" \/>\n\t<meta property=\"og:image:height\" content=\"1196\" \/>\n\t<meta property=\"og:image:type\" content=\"image\/jpeg\" \/>\n<meta name=\"twitter:card\" content=\"summary_large_image\" \/>\n<script type=\"application\/ld+json\" class=\"yoast-schema-graph\">{\"@context\":\"https:\/\/schema.org\",\"@graph\":[{\"@type\":\"WebPage\",\"@id\":\"https:\/\/mypalmleaf.com\/sv\/donationer\/\",\"url\":\"https:\/\/mypalmleaf.com\/sv\/donationer\/\",\"name\":\"Donationer - My Palm Leaf\",\"isPartOf\":{\"@id\":\"https:\/\/mypalmleaf.com\/#website\"},\"datePublished\":\"2024-09-01T09:48:00+00:00\",\"dateModified\":\"2025-06-21T08:56:07+00:00\",\"description\":\"St\u00f6d v\u00e5rt uppdrag genom donationer och hj\u00e4lp till att bevara samt dela palmbladens gamla visdom med andliga s\u00f6kare v\u00e4rlden \u00f6ver.\",\"breadcrumb\":{\"@id\":\"https:\/\/mypalmleaf.com\/sv\/donationer\/#breadcrumb\"},\"inLanguage\":\"sv-SE\",\"potentialAction\":[{\"@type\":\"ReadAction\",\"target\":[\"https:\/\/mypalmleaf.com\/sv\/donationer\/\"]}]},{\"@type\":\"BreadcrumbList\",\"@id\":\"https:\/\/mypalmleaf.com\/sv\/donationer\/#breadcrumb\",\"itemListElement\":[{\"@type\":\"ListItem\",\"position\":1,\"name\":\"Home\",\"item\":\"https:\/\/mypalmleaf.com\/sv\/\"},{\"@type\":\"ListItem\",\"position\":2,\"name\":\"Donationer\"}]},{\"@type\":\"WebSite\",\"@id\":\"https:\/\/mypalmleaf.com\/#website\",\"url\":\"https:\/\/mypalmleaf.com\/\",\"name\":\"My Palm Leaf\",\"description\":\"\",\"potentialAction\":[{\"@type\":\"SearchAction\",\"target\":{\"@type\":\"EntryPoint\",\"urlTemplate\":\"https:\/\/mypalmleaf.com\/?s={search_term_string}\"},\"query-input\":{\"@type\":\"PropertyValueSpecification\",\"valueRequired\":true,\"valueName\":\"search_term_string\"}}],\"inLanguage\":\"sv-SE\"}]}<\/script>\n<!-- \/ Yoast SEO plugin. -->","yoast_head_json":{"title":"Donationer - My Palm Leaf","description":"St\u00f6d v\u00e5rt uppdrag genom donationer och hj\u00e4lp till att bevara samt dela palmbladens gamla visdom med andliga s\u00f6kare v\u00e4rlden \u00f6ver.","robots":{"index":"index","follow":"follow","max-snippet":"max-snippet:-1","max-image-preview":"max-image-preview:large","max-video-preview":"max-video-preview:-1"},"canonical":"https:\/\/mypalmleaf.com\/sv\/donationer\/","og_locale":"sv_SE","og_type":"article","og_title":"Donationer - My Palm Leaf","og_description":"St\u00f6d v\u00e5rt uppdrag genom donationer och hj\u00e4lp till att bevara samt dela palmbladens gamla visdom med andliga s\u00f6kare v\u00e4rlden \u00f6ver.","og_url":"https:\/\/mypalmleaf.com\/sv\/donationer\/","og_site_name":"My Palm Leaf","article_modified_time":"2025-06-21T08:56:07+00:00","og_image":[{"width":1200,"height":1196,"url":"https:\/\/mypalmleaf.com\/wp-content\/uploads\/2025\/08\/mpl-circle-logo.jpg","type":"image\/jpeg"}],"twitter_card":"summary_large_image","schema":{"@context":"https:\/\/schema.org","@graph":[{"@type":"WebPage","@id":"https:\/\/mypalmleaf.com\/sv\/donationer\/","url":"https:\/\/mypalmleaf.com\/sv\/donationer\/","name":"Donationer - My Palm Leaf","isPartOf":{"@id":"https:\/\/mypalmleaf.com\/#website"},"datePublished":"2024-09-01T09:48:00+00:00","dateModified":"2025-06-21T08:56:07+00:00","description":"St\u00f6d v\u00e5rt uppdrag genom donationer och hj\u00e4lp till att bevara samt dela palmbladens gamla visdom med andliga s\u00f6kare v\u00e4rlden \u00f6ver.","breadcrumb":{"@id":"https:\/\/mypalmleaf.com\/sv\/donationer\/#breadcrumb"},"inLanguage":"sv-SE","potentialAction":[{"@type":"ReadAction","target":["https:\/\/mypalmleaf.com\/sv\/donationer\/"]}]},{"@type":"BreadcrumbList","@id":"https:\/\/mypalmleaf.com\/sv\/donationer\/#breadcrumb","itemListElement":[{"@type":"ListItem","position":1,"name":"Home","item":"https:\/\/mypalmleaf.com\/sv\/"},{"@type":"ListItem","position":2,"name":"Donationer"}]},{"@type":"WebSite","@id":"https:\/\/mypalmleaf.com\/#website","url":"https:\/\/mypalmleaf.com\/","name":"My Palm Leaf","description":"","potentialAction":[{"@type":"SearchAction","target":{"@type":"EntryPoint","urlTemplate":"https:\/\/mypalmleaf.com\/?s={search_term_string}"},"query-input":{"@type":"PropertyValueSpecification","valueRequired":true,"valueName":"search_term_string"}}],"inLanguage":"sv-SE"}]}},"_links":{"self":[{"href":"https:\/\/mypalmleaf.com\/sv\/wp-json\/wp\/v2\/pages\/37156","targetHints":{"allow":["GET"]}}],"collection":[{"href":"https:\/\/mypalmleaf.com\/sv\/wp-json\/wp\/v2\/pages"}],"about":[{"href":"https:\/\/mypalmleaf.com\/sv\/wp-json\/wp\/v2\/types\/page"}],"author":[{"embeddable":true,"href":"https:\/\/mypalmleaf.com\/sv\/wp-json\/wp\/v2\/users\/1"}],"replies":[{"embeddable":true,"href":"https:\/\/mypalmleaf.com\/sv\/wp-json\/wp\/v2\/comments?post=37156"}],"version-history":[{"count":0,"href":"https:\/\/mypalmleaf.com\/sv\/wp-json\/wp\/v2\/pages\/37156\/revisions"}],"wp:attachment":[{"href":"https:\/\/mypalmleaf.com\/sv\/wp-json\/wp\/v2\/media?parent=37156"}],"curies":[{"name":"wp","href":"https:\/\/api.w.org\/{rel}","templated":true}]}}