
{"id":45211,"date":"2024-10-26T17:42:47","date_gmt":"2024-10-26T17:42:47","guid":{"rendered":"https:\/\/mypalmleaf.com\/affiliate-och-parterships-manager\/"},"modified":"2025-04-17T09:16:27","modified_gmt":"2025-04-17T09:16:27","slug":"affiliate-och-parterships-manager","status":"publish","type":"page","link":"https:\/\/mypalmleaf.com\/sv\/affiliate-och-parterships-manager\/","title":{"rendered":"Affiliate och Parterships Manager"},"content":{"rendered":"\n<section class=\"spotlight-main small top-gap\">\n    <!-- <div class=\"slider-wrap\" data-flickity='{ \"cellAlign\": \"left\", \"contain\": true, \"wrapAround\": true, \"setGallerySize\": false }'> -->\n    <div class=\"slider-wrap\" data-flickity='{ \"cellAlign\": \"left\", \"contain\": true, \"wrapAround\": true, \"setGallerySize\": false  }'>\n            <div class=\"slides\">\n        <div class=\"content-wrap\">\n          <div class=\"image\">\n            <picture>\n              <source media=\"(max-width: 999px)\" srcset=\"https:\/\/mypalmleaf.com\/wp-content\/uploads\/2024\/09\/join-us-spotlight-new-mob.jpg\" \/>\n              <source media=\"(min-width: 1000px)\" srcset=\"https:\/\/mypalmleaf.com\/wp-content\/uploads\/2024\/09\/join-us-spotlight-new.jpg\" \/>\n              <img decoding=\"async\" src=\"https:\/\/mypalmleaf.com\/wp-content\/uploads\/2024\/09\/join-us-spotlight-new.jpg\" class=\"img-fluid\" alt=\"\" \/>\n            <\/picture>\n          <\/div>\n          <div class=\"content\">\n            <div data-aos=\"fade-up\" data-aos-duration=\"1000\">\n              <h2 class=\"\">Affiliate- och partnerskapsansvarig<\/h2>\n                                 \n            <\/div>\n          <\/div>\n        <\/div>\n      <\/div>\n          <\/div>\n<\/section><section class=\"join-us-block my-6 position-relative\">\n  <div class=\"container-xl\">\n    <div class=\"row mb-4 justify-content-center\">\n      <div class=\"col-lg-10 text-center\" data-aos=\"fade-up\" data-aos-duration=\"1000\">\n        <p>MyPalmLeaf s\u00f6ker en passionerad och mycket motiverad Affiliate and Partnership Manager (APM) f\u00f6r att st\u00e4rka befintliga partnerskap och skapa nya kontakter, och dela med sig av den ur\u00e5ldriga visdomen med palmbladsavl\u00e4sningar till hela v\u00e4rlden.<\/p>\n      <\/div>\n    <\/div>\n    <div class=\"row my-5 justify-content-between\" data-aos=\"fade-up\" data-aos-duration=\"1000\">\n          <\/div>\n  <\/div>\n  <\/section><section class=\"tabs-wrapper my-6 mt-0\">\n  <div class=\"container-xl\">\n    <div class=\"row\">\n      <div class=\"tabs-container\" data-aos=\"fade-up\" data-aos-duration=\"1000\">\n        <ul class=\"tabs\">\n                                <li class=\"tab-button active\" data-target=\"tab1\">Vad vi f\u00f6rv\u00e4ntar oss av dig<\/li>\n                                  <li class=\"tab-button active\" data-target=\"tab2\">APM:s m\u00e5ls\u00e4ttningar<\/li>\n                                  <li class=\"tab-button active\" data-target=\"tab3\">Hur ser din roll ut?<\/li>\n                                  <li class=\"tab-button active\" data-target=\"tab4\">Vad vi erbjuder<\/li>\n                              <\/ul>\n        <div class=\"tab-content\">\n                                <div id=\"tab1\" class=\"tab-pane active\">\n              <ul>\n<li><strong>Anpassning till v\u00e5rt uppdrag:<\/strong> Du \u00e4r djupt kopplad till MyPalmLeafs syfte att dela livsf\u00f6r\u00e4ndrande l\u00e4sningar globalt.<\/li>\n<li><strong>Flytande engelska och tyska:<\/strong> Du kommunicerar tydligt och effektivt p\u00e5 b\u00e5da spr\u00e5ken.<\/li>\n<li><strong>Teamk\u00e4nsla:<\/strong> Du \u00e4lskar att vara en del av ett st\u00f6djande och uppdragsdrivet team och trivs i en milj\u00f6 d\u00e4r samarbete och \u00f6msesidigt st\u00f6d \u00e4r nyckeln.<\/li>\n<li><strong>Integritet:<\/strong> Du f\u00f6reg\u00e5r med gott exempel och h\u00e5ller alltid vad du lovar.<\/li>\n<li><strong>Sj\u00e4lvdriven:<\/strong> Du har f\u00f6rm\u00e5gan att arbeta sj\u00e4lvst\u00e4ndigt, ta initiativ till att utveckla och leda projekt samtidigt som du \u00e4r en stark lagspelare med framv\u00e4xande ledaregenskaper.\n<\/li>\n<li><strong>Of\u00f6rtr\u00f6ttligt engagemang:<\/strong> Du anstr\u00e4nger dig till 150% och visar uth\u00e5llighet och engagemang i allt du g\u00f6r.<\/li>\n<li><strong>Livsl\u00e5ng inl\u00e4rare:<\/strong> Du \u00e4r engagerad i kontinuerlig personlig och professionell utveckling.<\/li>\n<\/ul>\n            <\/div>\n                                  <div id=\"tab2\" class=\"tab-pane active\">\n              <p>Ditt prim\u00e4ra m\u00e5l kommer att vara att skapa <strong>win-win-partnerskap<\/strong> med organisationer och individer som st\u00e4mmer \u00f6verens med MyPalmLeafs uppdrag. Dina anstr\u00e4ngningar kommer att syfta till att: <\/p>\n<ul>\n<li>\u00d6ka antalet bokningar f\u00f6r l\u00e4sning av palmblad.<\/li>\n<li>\u00d6ka MyPalmLeafs varum\u00e4rkesk\u00e4nnedom globalt.<\/li>\n<\/ul>\n            <\/div>\n                                  <div id=\"tab3\" class=\"tab-pane active\">\n              <p>Som APM kommer du att g\u00f6ra det:<\/p>\n<ul>\n<li>Aktivt n\u00e5 ut till potentiella partners, b\u00e5de individer och organisationer, f\u00f6r att utveckla \u00f6msesidigt f\u00f6rdelaktiga partnerskap.<\/li>\n<li>Utveckla och hantera MyPalmLeafs affiliateprogram.<\/li>\n<li>Samarbeta med influencer-agenturer f\u00f6r att ut\u00f6ka v\u00e5r n\u00e4rvaro p\u00e5 tyska, engelska, japanska, kinesiska och tillv\u00e4xtmarknader.<\/li>\n<\/ul>\n            <\/div>\n                                  <div id=\"tab4\" class=\"tab-pane active\">\n              <p>Vi kommer att skicka en detaljerad betalningsf\u00f6rklaring till dig efter att vi har mottagit din ans\u00f6kan.<\/p>\n<ul>\n<li><strong>Ett m\u00e5lmedvetet uppdrag:<\/strong> Bli en del av ett andligt drivet, meningsfullt uppdrag som \u00e4r inriktat p\u00e5 att gynna v\u00e4rlden.<\/li>\n<li>St\u00f6djande team-milj\u00f6: G\u00e5 med i ett passionerat team som uppmuntrar b\u00e5de din personliga och professionella utveckling.<\/li>\n<li>Flexibilitet: Njut av en flexibel, platsoberoende roll med m\u00f6jligheter att vara medskapande inom en snabbt v\u00e4xande andlig organisation.<\/li>\n<li>Konkurrenskraftig ers\u00e4ttning: Du f\u00e5r ett konkurrenskraftigt paket som inkluderar grundl\u00f6n plus prestationsbaserade bonusar.<\/li>\n<\/ul>\n            <\/div>\n                              <\/div>\n      <\/div>\n    <\/div>\n  <\/div>\n<\/section><section class=\"how-to-apply my-6 mt-0\">\n  <div class=\"container-xl\">\n    <div class=\"row\">\n      <div class=\"col-lg-10 mx-auto\" >\n        <div class=\"dual-col \">\n          <div class=\"title\">\n            <img decoding=\"async\" src=\"https:\/\/mypalmleaf.com\/wp-content\/uploads\/2024\/08\/title-bg.png\" alt=\"\" class=\"img-fluid\">\n            <div class=\"text\">Hur du ans\u00f6ker<\/div>\n          <\/div>\n          <div class=\"desc\">\n            <p>F\u00f6r att ans\u00f6ka beh\u00f6ver du bara spela in en 1-4 minuter l\u00e5ng video d\u00e4r du presenterar dig sj\u00e4lv. Ber\u00e4tta f\u00f6r oss i din video: <\/p>\n<ul>\n<li>1) Lite om dig sj\u00e4lv.<\/li>\n<li>2) Varf\u00f6r du vill vara en del av MyPalmLeaf.<\/li>\n<li>3) Varf\u00f6r du tror att du \u00e4r den perfekta kandidaten f\u00f6r den h\u00e4r rollen.<\/li>\n<\/ul>\n<p>Skicka din video till <a href=\"mailto:info@mypalmleaf.com\">info@mypalmleaf.com.<\/a> Detta \u00e4r det enda s\u00e4ttet att ans\u00f6ka. Observera att vi inte kommer att svara p\u00e5 f\u00f6rfr\u00e5gningar om &#8221;mer information&#8221; eller CV, eftersom vi s\u00f6ker proaktiva personer som \u00e4r redo att agera. Visa oss din energi och entusiasm genom din video! <\/p>\n<div class=\"btm-contact\">Vi ser fram emot att f\u00e5 h\u00f6ra fr\u00e5n dig!<\/div>\n          <\/div>\n        <\/div>\n      <\/div>\n    <\/div>\n  <\/div>\n<\/section>","protected":false},"excerpt":{"rendered":"","protected":false},"author":1,"featured_media":0,"parent":0,"menu_order":0,"comment_status":"closed","ping_status":"closed","template":"","meta":{"_acf_changed":false,"footnotes":""},"class_list":["post-45211","page","type-page","status-publish","hentry"],"acf":[],"yoast_head":"<!-- This site is optimized with the Yoast SEO plugin v26.4 - https:\/\/yoast.com\/wordpress\/plugins\/seo\/ -->\n<title>Affiliate och Parterships Manager - My Palm Leaf<\/title>\n<meta name=\"description\" content=\"Utforska m\u00f6jligheterna att samarbeta med oss som affiliate eller partneransvarig. Hj\u00e4lp till att sprida palmbladens ur\u00e5ldriga visdom v\u00e4rlden \u00f6ver.\" \/>\n<meta name=\"robots\" content=\"index, follow, max-snippet:-1, max-image-preview:large, max-video-preview:-1\" \/>\n<link rel=\"canonical\" href=\"https:\/\/mypalmleaf.com\/sv\/affiliate-och-parterships-manager\/\" \/>\n<meta property=\"og:locale\" content=\"sv_SE\" \/>\n<meta property=\"og:type\" content=\"article\" \/>\n<meta property=\"og:title\" content=\"Affiliate och Parterships Manager - My Palm Leaf\" \/>\n<meta property=\"og:description\" content=\"Utforska m\u00f6jligheterna att samarbeta med oss som affiliate eller partneransvarig. Hj\u00e4lp till att sprida palmbladens ur\u00e5ldriga visdom v\u00e4rlden \u00f6ver.\" \/>\n<meta property=\"og:url\" content=\"https:\/\/mypalmleaf.com\/sv\/affiliate-och-parterships-manager\/\" \/>\n<meta property=\"og:site_name\" content=\"My Palm Leaf\" \/>\n<meta property=\"article:modified_time\" content=\"2025-04-17T09:16:27+00:00\" \/>\n<meta property=\"og:image\" content=\"https:\/\/mypalmleaf.com\/wp-content\/uploads\/2025\/08\/mpl-circle-logo.jpg\" \/>\n\t<meta property=\"og:image:width\" content=\"1200\" \/>\n\t<meta property=\"og:image:height\" content=\"1196\" \/>\n\t<meta property=\"og:image:type\" content=\"image\/jpeg\" \/>\n<meta name=\"twitter:card\" content=\"summary_large_image\" \/>\n<script type=\"application\/ld+json\" class=\"yoast-schema-graph\">{\"@context\":\"https:\/\/schema.org\",\"@graph\":[{\"@type\":\"WebPage\",\"@id\":\"https:\/\/mypalmleaf.com\/sv\/affiliate-och-parterships-manager\/\",\"url\":\"https:\/\/mypalmleaf.com\/sv\/affiliate-och-parterships-manager\/\",\"name\":\"Affiliate och Parterships Manager - My Palm Leaf\",\"isPartOf\":{\"@id\":\"https:\/\/mypalmleaf.com\/#website\"},\"datePublished\":\"2024-10-26T17:42:47+00:00\",\"dateModified\":\"2025-04-17T09:16:27+00:00\",\"description\":\"Utforska m\u00f6jligheterna att samarbeta med oss som affiliate eller partneransvarig. Hj\u00e4lp till att sprida palmbladens ur\u00e5ldriga visdom v\u00e4rlden \u00f6ver.\",\"breadcrumb\":{\"@id\":\"https:\/\/mypalmleaf.com\/sv\/affiliate-och-parterships-manager\/#breadcrumb\"},\"inLanguage\":\"sv-SE\",\"potentialAction\":[{\"@type\":\"ReadAction\",\"target\":[\"https:\/\/mypalmleaf.com\/sv\/affiliate-och-parterships-manager\/\"]}]},{\"@type\":\"BreadcrumbList\",\"@id\":\"https:\/\/mypalmleaf.com\/sv\/affiliate-och-parterships-manager\/#breadcrumb\",\"itemListElement\":[{\"@type\":\"ListItem\",\"position\":1,\"name\":\"Home\",\"item\":\"https:\/\/mypalmleaf.com\/sv\/\"},{\"@type\":\"ListItem\",\"position\":2,\"name\":\"Affiliate och Parterships Manager\"}]},{\"@type\":\"WebSite\",\"@id\":\"https:\/\/mypalmleaf.com\/#website\",\"url\":\"https:\/\/mypalmleaf.com\/\",\"name\":\"My Palm Leaf\",\"description\":\"\",\"potentialAction\":[{\"@type\":\"SearchAction\",\"target\":{\"@type\":\"EntryPoint\",\"urlTemplate\":\"https:\/\/mypalmleaf.com\/?s={search_term_string}\"},\"query-input\":{\"@type\":\"PropertyValueSpecification\",\"valueRequired\":true,\"valueName\":\"search_term_string\"}}],\"inLanguage\":\"sv-SE\"}]}<\/script>\n<!-- \/ Yoast SEO plugin. -->","yoast_head_json":{"title":"Affiliate och Parterships Manager - My Palm Leaf","description":"Utforska m\u00f6jligheterna att samarbeta med oss som affiliate eller partneransvarig. Hj\u00e4lp till att sprida palmbladens ur\u00e5ldriga visdom v\u00e4rlden \u00f6ver.","robots":{"index":"index","follow":"follow","max-snippet":"max-snippet:-1","max-image-preview":"max-image-preview:large","max-video-preview":"max-video-preview:-1"},"canonical":"https:\/\/mypalmleaf.com\/sv\/affiliate-och-parterships-manager\/","og_locale":"sv_SE","og_type":"article","og_title":"Affiliate och Parterships Manager - My Palm Leaf","og_description":"Utforska m\u00f6jligheterna att samarbeta med oss som affiliate eller partneransvarig. Hj\u00e4lp till att sprida palmbladens ur\u00e5ldriga visdom v\u00e4rlden \u00f6ver.","og_url":"https:\/\/mypalmleaf.com\/sv\/affiliate-och-parterships-manager\/","og_site_name":"My Palm Leaf","article_modified_time":"2025-04-17T09:16:27+00:00","og_image":[{"width":1200,"height":1196,"url":"https:\/\/mypalmleaf.com\/wp-content\/uploads\/2025\/08\/mpl-circle-logo.jpg","type":"image\/jpeg"}],"twitter_card":"summary_large_image","schema":{"@context":"https:\/\/schema.org","@graph":[{"@type":"WebPage","@id":"https:\/\/mypalmleaf.com\/sv\/affiliate-och-parterships-manager\/","url":"https:\/\/mypalmleaf.com\/sv\/affiliate-och-parterships-manager\/","name":"Affiliate och Parterships Manager - My Palm Leaf","isPartOf":{"@id":"https:\/\/mypalmleaf.com\/#website"},"datePublished":"2024-10-26T17:42:47+00:00","dateModified":"2025-04-17T09:16:27+00:00","description":"Utforska m\u00f6jligheterna att samarbeta med oss som affiliate eller partneransvarig. Hj\u00e4lp till att sprida palmbladens ur\u00e5ldriga visdom v\u00e4rlden \u00f6ver.","breadcrumb":{"@id":"https:\/\/mypalmleaf.com\/sv\/affiliate-och-parterships-manager\/#breadcrumb"},"inLanguage":"sv-SE","potentialAction":[{"@type":"ReadAction","target":["https:\/\/mypalmleaf.com\/sv\/affiliate-och-parterships-manager\/"]}]},{"@type":"BreadcrumbList","@id":"https:\/\/mypalmleaf.com\/sv\/affiliate-och-parterships-manager\/#breadcrumb","itemListElement":[{"@type":"ListItem","position":1,"name":"Home","item":"https:\/\/mypalmleaf.com\/sv\/"},{"@type":"ListItem","position":2,"name":"Affiliate och Parterships Manager"}]},{"@type":"WebSite","@id":"https:\/\/mypalmleaf.com\/#website","url":"https:\/\/mypalmleaf.com\/","name":"My Palm Leaf","description":"","potentialAction":[{"@type":"SearchAction","target":{"@type":"EntryPoint","urlTemplate":"https:\/\/mypalmleaf.com\/?s={search_term_string}"},"query-input":{"@type":"PropertyValueSpecification","valueRequired":true,"valueName":"search_term_string"}}],"inLanguage":"sv-SE"}]}},"_links":{"self":[{"href":"https:\/\/mypalmleaf.com\/sv\/wp-json\/wp\/v2\/pages\/45211","targetHints":{"allow":["GET"]}}],"collection":[{"href":"https:\/\/mypalmleaf.com\/sv\/wp-json\/wp\/v2\/pages"}],"about":[{"href":"https:\/\/mypalmleaf.com\/sv\/wp-json\/wp\/v2\/types\/page"}],"author":[{"embeddable":true,"href":"https:\/\/mypalmleaf.com\/sv\/wp-json\/wp\/v2\/users\/1"}],"replies":[{"embeddable":true,"href":"https:\/\/mypalmleaf.com\/sv\/wp-json\/wp\/v2\/comments?post=45211"}],"version-history":[{"count":0,"href":"https:\/\/mypalmleaf.com\/sv\/wp-json\/wp\/v2\/pages\/45211\/revisions"}],"wp:attachment":[{"href":"https:\/\/mypalmleaf.com\/sv\/wp-json\/wp\/v2\/media?parent=45211"}],"curies":[{"name":"wp","href":"https:\/\/api.w.org\/{rel}","templated":true}]}}