
{"id":45496,"date":"2024-11-10T07:16:42","date_gmt":"2024-11-10T07:16:42","guid":{"rendered":"https:\/\/mypalmleaf.com\/athma-shanthi-puja\/"},"modified":"2024-11-19T11:04:08","modified_gmt":"2024-11-19T11:04:08","slug":"athma-shanthi-puja","status":"publish","type":"page","link":"https:\/\/mypalmleaf.com\/sv\/athma-shanthi-puja\/","title":{"rendered":"Athma Shanthi Puja"},"content":{"rendered":"\n<section class=\"spotlight-main small top-gap\">\n    <!-- <div class=\"slider-wrap\" data-flickity='{ \"cellAlign\": \"left\", \"contain\": true, \"wrapAround\": true, \"setGallerySize\": false }'> -->\n    <div class=\"slider-wrap\" data-flickity='{ \"cellAlign\": \"left\", \"contain\": true, \"wrapAround\": true, \"setGallerySize\": false  }'>\n            <div class=\"slides\">\n        <div class=\"content-wrap\">\n          <div class=\"image\">\n            <picture>\n              <source media=\"(max-width: 999px)\" srcset=\"https:\/\/mypalmleaf.com\/wp-content\/uploads\/2024\/11\/athma-shanti-puja-spotlight.-mob.jpg\" \/>\n              <source media=\"(min-width: 1000px)\" srcset=\"https:\/\/mypalmleaf.com\/wp-content\/uploads\/2024\/11\/athma-shanti-puja-spotlight.jpg\" \/>\n              <img decoding=\"async\" src=\"https:\/\/mypalmleaf.com\/wp-content\/uploads\/2024\/11\/athma-shanti-puja-spotlight.jpg\" class=\"img-fluid\" alt=\"\" \/>\n            <\/picture>\n          <\/div>\n          <div class=\"content\">\n            <div data-aos=\"fade-up\" data-aos-duration=\"1000\">\n              <h2 class=\"\">Athma Shanthi Puja: En helig ritual f\u00f6r avlidna sj\u00e4lar<\/h2>\n              <p>Ge dina n\u00e4ra och k\u00e4ras sj\u00e4lar frid och befrielse genom denna djupa vediska ceremoni.<\/p>\n                                  <a href=\"\/prices\/athma-shanthi-puja-special-ritual-to-help-the-soul-of-someone-who-has-passed-away-to-rest-in-peace\/\" class=\"btn btn-primary\">Boka din Puja<\/a>\n                   \n            <\/div>\n          <\/div>\n        <\/div>\n      <\/div>\n          <\/div>\n<\/section>\n<section class=\"my-6 position-relative\">\n    <div class=\"container-xl\" data-aos=\"fade-up\" data-aos-duration=\"1000\">\n      <div class=\"row align-items-center\">\n        <div class=\"col-lg-5 mb-4 mb-lg-0\">\n          <div class=\"rounded-asset\">\n            <img decoding=\"async\" src=\"https:\/\/mypalmleaf.com\/wp-content\/uploads\/2024\/11\/yt-thumb-2.jpg\" class=\"img-fluid\" alt=\"\"><div class=\"play-icon\"><\/div>\n            <a href=\"https:\/\/www.youtube.com\/watch?v=nZ0XR1c6lPU\" class=\"stretched-link\" data-lity><\/a>\n          <\/div>\n        <\/div>\n        <div class=\"col-lg-7\">\n          <h2 class=\"mb-4\">Vad \u00e4r Athma Shanthi Puja?<\/h2>\n          <p>Athma Shanthi Puja \u00e4r en helig ritual som utf\u00f6rs f\u00f6r att hedra och ge frid \u00e5t sj\u00e4larna hos avlidna n\u00e4ra och k\u00e4ra. Enligt vediska traditioner hj\u00e4lper denna ceremoni den avlidna sj\u00e4len att finna befrielse (moksha) och kan l\u00f6sa eventuella kvardr\u00f6jande karmiska skulder eller st\u00f6rningar. Den \u00e4r s\u00e4rskilt betydelsefull f\u00f6r dem som avlidit ov\u00e4ntat, tragiskt eller utan m\u00f6jlighet att f\u00e5 en ordentlig ritual.  <\/p>\n<p>Under Puja sjunger v\u00e5ra erfarna vediska pr\u00e4ster heliga mantran, ber b\u00f6ner och utf\u00f6r ritualer f\u00f6r att skapa harmoni och andlig befrielse.<\/p>\n        <\/div>\n      <\/div>\n    <\/div>\n    <\/section>\n<section class=\"my-6 position-relative\">\n  <div class=\"container-xl aos-init aos-animate\" data-aos=\"fade-up\" data-aos-duration=\"1000\">\n    <div class=\"row align-items-center\">\n      <div class=\"col-lg-7\">\n        <h2 class=\"mb-4\">Varf\u00f6r utf\u00f6ra Athma Shanthi Puja?<\/h2>\n<p>Athma Shanthi Puja \u00e4r en medm\u00e4nsklig och kraftfull ritual som tj\u00e4nar b\u00e5de de levande och de bortg\u00e5ngna. H\u00e4r \u00e4r varf\u00f6r det \u00e4r viktigt: <\/p>\n<ul>\n<li>Sj\u00e4lens befrielse: Hj\u00e4lp den bortg\u00e5ngna sj\u00e4len att uppn\u00e5 frid och frig\u00f6relse fr\u00e5n \u00e5terf\u00f6delsens kretslopp.<\/li>\n<li>Karmisk uppl\u00f6sning: Frig\u00f6r negativa karmiska influenser orsakade av ol\u00f6sta f\u00f6rf\u00e4ders energier.<\/li>\n<li>F\u00f6rf\u00e4dernas v\u00e4lsignelser: Ta med dig v\u00e4lsignelser och skydd fr\u00e5n dina f\u00f6rf\u00e4der in i ditt liv.<\/li>\n<li>L\u00e4kning och avslutning: Ge k\u00e4nslom\u00e4ssig l\u00e4kning och avslutning f\u00f6r s\u00f6rjande familjemedlemmar.<\/li>\n<\/ul>\n<div class=\"dual-btn-cont mt-4\">\n<ul>\n<li><a href=\"https:\/\/mypalmleaf.com\/sv\/prices\/athma-shanthi-puja-sarskild-ritual-for-att-hjalpa-sjalen-hos-nagon-som-har-avlidit-att-vila-i-frid\/\" class=\"btn btn-primary\">Boka Athma Shanti Puja f\u00f6r dina f\u00f6rf\u00e4ders sj\u00e4lar<\/a><\/li>\n<\/ul>\n<\/div>\n      <\/div>\n      <div class=\"col-lg-5 mb-4 mb-lg-0\">\n        <div class=\"rounded-asset\">\n          <img decoding=\"async\" src=\"https:\/\/staging.mypalmleaf.com\/wp-content\/uploads\/2024\/11\/atma-shant-thumb1.jpg\" class=\"img-fluid\" alt=\"\"\/>\n        <\/div>\n      <\/div>\n    <\/div>\n  <\/div>\n       \n  <\/section>\n\n<section class=\"my-6 position-relative\">\n  <div class=\"container-xl aos-init aos-animate\" data-aos=\"fade-up\" data-aos-duration=\"1000\">\n    <div class=\"row align-items-center\">\n      <div class=\"col-lg-5 mb-4 mb-lg-0\">\n        <div class=\"rounded-asset\">\n          <img decoding=\"async\" src=\"https:\/\/staging.mypalmleaf.com\/wp-content\/uploads\/2024\/11\/atma-shant-thumb2.jpg\" class=\"img-fluid\" alt=\"\"\/>\n        <\/div>\n      <\/div>\n      <div class=\"col-lg-7\">\n        <h2 class=\"mb-4\">Vem b\u00f6r \u00f6verv\u00e4ga denna Puja?<\/h2>\n        <p>Athma Shanthi Puja rekommenderas f\u00f6r alla som har f\u00f6rlorat en n\u00e4ra anh\u00f6rig och vill ge sj\u00e4len frid. Det \u00e4r s\u00e4rskilt f\u00f6rdelaktigt om: <\/p>\n        <ul>\n          <li>Den avlidna sj\u00e4len avled under tragiska eller pl\u00f6tsliga omst\u00e4ndigheter.<\/li>\n          <li>Korrekta begravningsritualer utf\u00f6rdes inte, eller s\u00e5 finns det en k\u00e4nsla av oavslutade andliga angel\u00e4genheter.<\/li>\n          <li>Du k\u00e4nner att det finns st\u00f6rningar i ditt liv som h\u00e4rr\u00f6r fr\u00e5n f\u00f6rf\u00e4derna.<\/li>\n          <li>Du vill hedra och uttrycka tacksamhet mot dina f\u00f6rf\u00e4der.<\/li>\n        <\/ul>\n<div class=\"dual-btn-cont mt-4\">\n<ul>\n<li><a href=\"https:\/\/mypalmleaf.com\/sv\/prices\/athma-shanthi-puja-sarskild-ritual-for-att-hjalpa-sjalen-hos-nagon-som-har-avlidit-att-vila-i-frid\/\" class=\"btn btn-primary\">Boka Athma Shanti Puja f\u00f6r dina f\u00f6rf\u00e4ders sj\u00e4lar<\/a><\/li>\n<\/ul>\n<\/div>\n      <\/div>\n      \n    <\/div>\n  <\/div>\n       \n  <\/section>\n\n<section class=\"my-6 position-relative\">\n  <div class=\"container-xl aos-init aos-animate\" data-aos=\"fade-up\" data-aos-duration=\"1000\">\n    <div class=\"row align-items-center\">\n      <div class=\"col-lg-7\">\n        <h2 class=\"mb-4\">Hur utf\u00f6rs Athma Shanti Puja?<\/h2>\n<p>Ceremonin genomf\u00f6rs enligt gamla vediska traditioner och \u00e4ger vanligtvis rum n\u00e4ra en helig vattensamling eller ett altare. H\u00e4r \u00e4r vad du kan f\u00f6rv\u00e4nta dig: <\/p>\n<ul>\n<li>\u00c5kallande av gudomliga energier: Ritualen inleds med att mantran och b\u00f6ner sjungs f\u00f6r att rena rummet och \u00e5kalla gudomliga energier.<\/li>\n<li>Heliga offerg\u00e5vor: Offerg\u00e5vor, inklusive ris, blommor och heliga f\u00f6rem\u00e5l, g\u00f6rs till den bortg\u00e5ngna sj\u00e4len.<\/li>\n<li>B\u00f6ner f\u00f6r fred: S\u00e4rskilda b\u00f6ner och mantran m\u00e4ssas f\u00f6r att v\u00e4lsigna sj\u00e4len och v\u00e4gleda den mot befrielse.  <\/li>\n<li>Vattenritualer: Ceremonin kan innefatta offerg\u00e5vor till heliga vatten, som symboliserar sj\u00e4lens rening och frig\u00f6relse.<\/li>\n<\/ul>\n<div class=\"dual-btn-cont mt-4\">\n<ul>\n<li><a href=\"https:\/\/mypalmleaf.com\/sv\/prices\/athma-shanthi-puja-sarskild-ritual-for-att-hjalpa-sjalen-hos-nagon-som-har-avlidit-att-vila-i-frid\/\" class=\"btn btn-primary\">Boka Athma Shanti Puja f\u00f6r dina f\u00f6rf\u00e4ders sj\u00e4lar<\/a><\/li>\n<\/ul>\n<\/div>\n      <\/div>\n      <div class=\"col-lg-5 mb-4 mb-lg-0\">\n        <div class=\"rounded-asset\">\n          <img decoding=\"async\" src=\"https:\/\/staging.mypalmleaf.com\/wp-content\/uploads\/2024\/11\/atma-shant-thumb3-1.jpg\" class=\"img-fluid\" alt=\"\"\/>\n        <\/div>\n      <\/div>\n    <\/div>\n  <\/div>\n       \n  <\/section>\n<section class=\"accordion-container position-relative \" data-aos=\"fade-up\" data-aos-duration=\"1000\" id=\"general-questions\">\n  <div class=\"container-xl\">\n    <div class=\"row\">\n      <h3>Vanliga fr\u00e5gor och svar<\/h3>\n      <div class=\"accr-wrap\">\n                  <div class=\"head\">M\u00e5ste jag vara n\u00e4rvarande vid Athma Shanthi Puja?<\/div>\n          <div class=\"content\">\n            <p>Nej, det \u00e4r inte n\u00f6dv\u00e4ndigt att vara fysiskt n\u00e4rvarande. V\u00e5ra vediska pr\u00e4ster kommer att utf\u00f6ra ritualen med samma v\u00f6rdnad och avsikt, och v\u00e4lsignelserna och energin kommer att n\u00e5 sj\u00e4len oavsett din n\u00e4rvaro. Du kan dock delta via Zoom om du vill bevittna ceremonin.  <\/p>\n          <\/div>\n                  <div class=\"head\">Kan Puja utf\u00f6ras f\u00f6r n\u00e5gon som gick bort f\u00f6r l\u00e4nge sedan?<\/div>\n          <div class=\"content\">\n            <p>Ja, Athma Shanthi Puja kan utf\u00f6ras f\u00f6r sj\u00e4lar som avled f\u00f6r m\u00e5nga \u00e5r sedan. Ritualen \u00e4r tidl\u00f6s och kan ge frid och befrielse till alla sj\u00e4lar, oavsett n\u00e4r de gick bort. <\/p>\n          <\/div>\n                  <div class=\"head\">Vilka uppgifter beh\u00f6ver jag l\u00e4mna f\u00f6r Puja?<\/div>\n          <div class=\"content\">\n            <p>Vi beh\u00f6ver vanligtvis namnet p\u00e5 den bortg\u00e5ngna sj\u00e4len och din relation till dem. Eventuella ytterligare detaljer, till exempel omst\u00e4ndigheterna kring deras bortg\u00e5ng, kan ocks\u00e5 vara till hj\u00e4lp. <\/p>\n          <\/div>\n                  <div class=\"head\">Kan Athma Shanthi Puja utf\u00f6ras f\u00f6r flera sj\u00e4lar samtidigt?<\/div>\n          <div class=\"content\">\n            <p>Ja, det \u00e4r m\u00f6jligt att utf\u00f6ra Puja f\u00f6r mer \u00e4n en sj\u00e4l. V\u00e4nligen ange detaljerna f\u00f6r varje sj\u00e4l, s\u00e5 ser v\u00e5ra pr\u00e4ster till att ritualen anpassas i enlighet med detta. <\/p>\n          <\/div>\n                  <div class=\"head\">Vad ska jag g\u00f6ra efter Puja?<\/div>\n          <div class=\"content\">\n            <p>Pujan varar vanligtvis 20-60 minuter, beroende p\u00e5 hur komplicerad den \u00e4r och hur m\u00e5nga sj\u00e4lar som ska hedras. F\u00f6rberedelserna inf\u00f6r ceremonin tar m\u00e5nga timmar. <\/p>\n          <\/div>\n                  <div class=\"head\">Hur l\u00e5ng tid tar Athma Shanthi Puja?<\/div>\n          <div class=\"content\">\n            <p>Pujan varar vanligtvis 20-60 minuter, beroende p\u00e5 hur komplicerad den \u00e4r och hur m\u00e5nga sj\u00e4lar som ska hedras. F\u00f6rberedelserna inf\u00f6r ceremonin tar m\u00e5nga timmar. <\/p>\n          <\/div>\n                  <div class=\"head\">Kan jag utf\u00f6ra denna Puja p\u00e5 viktiga datum, som \u00e5rsdagar eller under Pitru Paksha?<\/div>\n          <div class=\"content\">\n            <p>Ja, att utf\u00f6ra Athma Shanthi Puja p\u00e5 viktiga datum som d\u00f6dsdagar eller under Pitru Paksha-perioden kan f\u00f6rst\u00e4rka dess f\u00f6rdelar. Vi kan hj\u00e4lpa dig att schemal\u00e4gga ceremonin i enlighet med detta. <\/p>\n          <\/div>\n                  <div class=\"head\">\u00c4r Athma Shanthi Puja l\u00e4mplig f\u00f6r alla trosuppfattningar och traditioner?<\/div>\n          <div class=\"content\">\n            <p>Ja, Puja har sina r\u00f6tter i vedisk tradition, men \u00e4r en universell ritual som \u00e4r avsedd att ge frid och v\u00e4lsignelser till de avlidna. Den kan utf\u00f6ras av vem som helst, oavsett andlig eller religi\u00f6s \u00f6vertygelse. <\/p>\n          <\/div>\n                  <div class=\"head\">Kommer jag att \u00e5tf\u00f6ljas av en moderator fr\u00e5n Mypalmleaf?<\/div>\n          <div class=\"content\">\n            <p>Ja, en av v\u00e5ra moderatorer kommer att vara n\u00e4rvarande under Athma Shanti Puja. De kommer att v\u00e4gleda dig och f\u00f6rklara allt f\u00f6r dig om det beh\u00f6vs. <\/p>\n          <\/div>\n              <\/div>\n    <\/div>\n  <\/div>\n  \n<\/section>\n<\/div>","protected":false},"excerpt":{"rendered":"<p>Varf\u00f6r utf\u00f6ra Athma Shanthi Puja? Athma Shanthi Puja \u00e4r en medm\u00e4nsklig och kraftfull ritual som tj\u00e4nar b\u00e5de de levande och de bortg\u00e5ngna. H\u00e4r \u00e4r varf\u00f6r det \u00e4r viktigt: Sj\u00e4lens befrielse: Hj\u00e4lp den bortg\u00e5ngna sj\u00e4len att uppn\u00e5 frid och frig\u00f6relse fr\u00e5n \u00e5terf\u00f6delsens kretslopp. Karmisk uppl\u00f6sning: Frig\u00f6r negativa karmiska influenser orsakade av ol\u00f6sta f\u00f6rf\u00e4ders energier. F\u00f6rf\u00e4dernas v\u00e4lsignelser: [&hellip;]<\/p>\n","protected":false},"author":1,"featured_media":0,"parent":0,"menu_order":0,"comment_status":"closed","ping_status":"closed","template":"","meta":{"_acf_changed":false,"footnotes":""},"class_list":["post-45496","page","type-page","status-publish","hentry"],"acf":[],"yoast_head":"<!-- This site is optimized with the Yoast SEO plugin v26.4 - https:\/\/yoast.com\/wordpress\/plugins\/seo\/ -->\n<title>Athma Shanthi Puja - My Palm Leaf<\/title>\n<meta name=\"robots\" content=\"index, follow, max-snippet:-1, max-image-preview:large, max-video-preview:-1\" \/>\n<link rel=\"canonical\" href=\"https:\/\/mypalmleaf.com\/athma-shanthi-puja\/\" \/>\n<meta property=\"og:locale\" content=\"sv_SE\" \/>\n<meta property=\"og:type\" content=\"article\" \/>\n<meta property=\"og:title\" content=\"Athma Shanthi Puja - My Palm Leaf\" \/>\n<meta property=\"og:description\" content=\"Varf\u00f6r utf\u00f6ra Athma Shanthi Puja? Athma Shanthi Puja \u00e4r en medm\u00e4nsklig och kraftfull ritual som tj\u00e4nar b\u00e5de de levande och de bortg\u00e5ngna. H\u00e4r \u00e4r varf\u00f6r det \u00e4r viktigt: Sj\u00e4lens befrielse: Hj\u00e4lp den bortg\u00e5ngna sj\u00e4len att uppn\u00e5 frid och frig\u00f6relse fr\u00e5n \u00e5terf\u00f6delsens kretslopp. Karmisk uppl\u00f6sning: Frig\u00f6r negativa karmiska influenser orsakade av ol\u00f6sta f\u00f6rf\u00e4ders energier. F\u00f6rf\u00e4dernas v\u00e4lsignelser: [&hellip;]\" \/>\n<meta property=\"og:url\" content=\"https:\/\/mypalmleaf.com\/athma-shanthi-puja\/\" \/>\n<meta property=\"og:site_name\" content=\"My Palm Leaf\" \/>\n<meta property=\"article:modified_time\" content=\"2024-11-19T11:04:08+00:00\" \/>\n<meta property=\"og:image\" content=\"https:\/\/staging.mypalmleaf.com\/wp-content\/uploads\/2024\/11\/atma-shant-thumb1.jpg\" \/>\n<meta name=\"twitter:card\" content=\"summary_large_image\" \/>\n<meta name=\"twitter:label1\" content=\"Ber\u00e4knad l\u00e4stid\" \/>\n\t<meta name=\"twitter:data1\" content=\"2 minuter\" \/>\n<script type=\"application\/ld+json\" class=\"yoast-schema-graph\">{\"@context\":\"https:\/\/schema.org\",\"@graph\":[{\"@type\":\"WebPage\",\"@id\":\"https:\/\/mypalmleaf.com\/athma-shanthi-puja\/\",\"url\":\"https:\/\/mypalmleaf.com\/athma-shanthi-puja\/\",\"name\":\"Athma Shanthi Puja - My Palm Leaf\",\"isPartOf\":{\"@id\":\"https:\/\/mypalmleaf.com\/#website\"},\"primaryImageOfPage\":{\"@id\":\"https:\/\/mypalmleaf.com\/athma-shanthi-puja\/#primaryimage\"},\"image\":{\"@id\":\"https:\/\/mypalmleaf.com\/athma-shanthi-puja\/#primaryimage\"},\"thumbnailUrl\":\"https:\/\/staging.mypalmleaf.com\/wp-content\/uploads\/2024\/11\/atma-shant-thumb1.jpg\",\"datePublished\":\"2024-11-10T07:16:42+00:00\",\"dateModified\":\"2024-11-19T11:04:08+00:00\",\"breadcrumb\":{\"@id\":\"https:\/\/mypalmleaf.com\/athma-shanthi-puja\/#breadcrumb\"},\"inLanguage\":\"sv-SE\",\"potentialAction\":[{\"@type\":\"ReadAction\",\"target\":[\"https:\/\/mypalmleaf.com\/athma-shanthi-puja\/\"]}]},{\"@type\":\"ImageObject\",\"inLanguage\":\"sv-SE\",\"@id\":\"https:\/\/mypalmleaf.com\/athma-shanthi-puja\/#primaryimage\",\"url\":\"https:\/\/staging.mypalmleaf.com\/wp-content\/uploads\/2024\/11\/atma-shant-thumb1.jpg\",\"contentUrl\":\"https:\/\/staging.mypalmleaf.com\/wp-content\/uploads\/2024\/11\/atma-shant-thumb1.jpg\"},{\"@type\":\"BreadcrumbList\",\"@id\":\"https:\/\/mypalmleaf.com\/athma-shanthi-puja\/#breadcrumb\",\"itemListElement\":[{\"@type\":\"ListItem\",\"position\":1,\"name\":\"Home\",\"item\":\"https:\/\/mypalmleaf.com\/sv\/\"},{\"@type\":\"ListItem\",\"position\":2,\"name\":\"Athma Shanthi Puja\"}]},{\"@type\":\"WebSite\",\"@id\":\"https:\/\/mypalmleaf.com\/#website\",\"url\":\"https:\/\/mypalmleaf.com\/\",\"name\":\"My Palm Leaf\",\"description\":\"\",\"potentialAction\":[{\"@type\":\"SearchAction\",\"target\":{\"@type\":\"EntryPoint\",\"urlTemplate\":\"https:\/\/mypalmleaf.com\/?s={search_term_string}\"},\"query-input\":{\"@type\":\"PropertyValueSpecification\",\"valueRequired\":true,\"valueName\":\"search_term_string\"}}],\"inLanguage\":\"sv-SE\"}]}<\/script>\n<!-- \/ Yoast SEO plugin. -->","yoast_head_json":{"title":"Athma Shanthi Puja - My Palm Leaf","robots":{"index":"index","follow":"follow","max-snippet":"max-snippet:-1","max-image-preview":"max-image-preview:large","max-video-preview":"max-video-preview:-1"},"canonical":"https:\/\/mypalmleaf.com\/athma-shanthi-puja\/","og_locale":"sv_SE","og_type":"article","og_title":"Athma Shanthi Puja - My Palm Leaf","og_description":"Varf\u00f6r utf\u00f6ra Athma Shanthi Puja? Athma Shanthi Puja \u00e4r en medm\u00e4nsklig och kraftfull ritual som tj\u00e4nar b\u00e5de de levande och de bortg\u00e5ngna. H\u00e4r \u00e4r varf\u00f6r det \u00e4r viktigt: Sj\u00e4lens befrielse: Hj\u00e4lp den bortg\u00e5ngna sj\u00e4len att uppn\u00e5 frid och frig\u00f6relse fr\u00e5n \u00e5terf\u00f6delsens kretslopp. Karmisk uppl\u00f6sning: Frig\u00f6r negativa karmiska influenser orsakade av ol\u00f6sta f\u00f6rf\u00e4ders energier. F\u00f6rf\u00e4dernas v\u00e4lsignelser: [&hellip;]","og_url":"https:\/\/mypalmleaf.com\/athma-shanthi-puja\/","og_site_name":"My Palm Leaf","article_modified_time":"2024-11-19T11:04:08+00:00","og_image":[{"url":"https:\/\/staging.mypalmleaf.com\/wp-content\/uploads\/2024\/11\/atma-shant-thumb1.jpg","type":"","width":"","height":""}],"twitter_card":"summary_large_image","twitter_misc":{"Ber\u00e4knad l\u00e4stid":"2 minuter"},"schema":{"@context":"https:\/\/schema.org","@graph":[{"@type":"WebPage","@id":"https:\/\/mypalmleaf.com\/athma-shanthi-puja\/","url":"https:\/\/mypalmleaf.com\/athma-shanthi-puja\/","name":"Athma Shanthi Puja - My Palm Leaf","isPartOf":{"@id":"https:\/\/mypalmleaf.com\/#website"},"primaryImageOfPage":{"@id":"https:\/\/mypalmleaf.com\/athma-shanthi-puja\/#primaryimage"},"image":{"@id":"https:\/\/mypalmleaf.com\/athma-shanthi-puja\/#primaryimage"},"thumbnailUrl":"https:\/\/staging.mypalmleaf.com\/wp-content\/uploads\/2024\/11\/atma-shant-thumb1.jpg","datePublished":"2024-11-10T07:16:42+00:00","dateModified":"2024-11-19T11:04:08+00:00","breadcrumb":{"@id":"https:\/\/mypalmleaf.com\/athma-shanthi-puja\/#breadcrumb"},"inLanguage":"sv-SE","potentialAction":[{"@type":"ReadAction","target":["https:\/\/mypalmleaf.com\/athma-shanthi-puja\/"]}]},{"@type":"ImageObject","inLanguage":"sv-SE","@id":"https:\/\/mypalmleaf.com\/athma-shanthi-puja\/#primaryimage","url":"https:\/\/staging.mypalmleaf.com\/wp-content\/uploads\/2024\/11\/atma-shant-thumb1.jpg","contentUrl":"https:\/\/staging.mypalmleaf.com\/wp-content\/uploads\/2024\/11\/atma-shant-thumb1.jpg"},{"@type":"BreadcrumbList","@id":"https:\/\/mypalmleaf.com\/athma-shanthi-puja\/#breadcrumb","itemListElement":[{"@type":"ListItem","position":1,"name":"Home","item":"https:\/\/mypalmleaf.com\/sv\/"},{"@type":"ListItem","position":2,"name":"Athma Shanthi Puja"}]},{"@type":"WebSite","@id":"https:\/\/mypalmleaf.com\/#website","url":"https:\/\/mypalmleaf.com\/","name":"My Palm Leaf","description":"","potentialAction":[{"@type":"SearchAction","target":{"@type":"EntryPoint","urlTemplate":"https:\/\/mypalmleaf.com\/?s={search_term_string}"},"query-input":{"@type":"PropertyValueSpecification","valueRequired":true,"valueName":"search_term_string"}}],"inLanguage":"sv-SE"}]}},"_links":{"self":[{"href":"https:\/\/mypalmleaf.com\/sv\/wp-json\/wp\/v2\/pages\/45496","targetHints":{"allow":["GET"]}}],"collection":[{"href":"https:\/\/mypalmleaf.com\/sv\/wp-json\/wp\/v2\/pages"}],"about":[{"href":"https:\/\/mypalmleaf.com\/sv\/wp-json\/wp\/v2\/types\/page"}],"author":[{"embeddable":true,"href":"https:\/\/mypalmleaf.com\/sv\/wp-json\/wp\/v2\/users\/1"}],"replies":[{"embeddable":true,"href":"https:\/\/mypalmleaf.com\/sv\/wp-json\/wp\/v2\/comments?post=45496"}],"version-history":[{"count":0,"href":"https:\/\/mypalmleaf.com\/sv\/wp-json\/wp\/v2\/pages\/45496\/revisions"}],"wp:attachment":[{"href":"https:\/\/mypalmleaf.com\/sv\/wp-json\/wp\/v2\/media?parent=45496"}],"curies":[{"name":"wp","href":"https:\/\/api.w.org\/{rel}","templated":true}]}}