
{"id":38466,"date":"2024-08-03T05:43:59","date_gmt":"2024-08-03T05:43:59","guid":{"rendered":"https:\/\/mypalmleaf.com\/prices\/oversattning-av-lasningen\/"},"modified":"2025-04-17T09:34:16","modified_gmt":"2025-04-17T09:34:16","slug":"oversattning-av-lasningen","status":"publish","type":"product","link":"https:\/\/mypalmleaf.com\/sv\/prices\/oversattning-av-lasningen\/","title":{"rendered":"\u00d6vers\u00e4ttning av l\u00e4sningen"},"content":{"rendered":"<p>Om du har bokat en engelsk l\u00e4sning och vill l\u00e4gga till \u00f6vers\u00e4ttning till ett annat spr\u00e5k, v\u00e4nligen boka denna tj\u00e4nst h\u00e4r.<\/p>\n","protected":false},"excerpt":{"rendered":"<p>Om du har bokat en engelsk l\u00e4sning och vill l\u00e4gga till \u00f6vers\u00e4ttning till ett annat spr\u00e5k, v\u00e4nligen boka denna tj\u00e4nst h\u00e4r.<\/p>\n","protected":false},"featured_media":10102,"comment_status":"open","ping_status":"closed","template":"","meta":{"_acf_changed":false},"product_brand":[],"product_cat":[360],"product_tag":[],"class_list":{"0":"post-38466","1":"product","2":"type-product","3":"status-publish","4":"has-post-thumbnail","6":"product_cat-okategoriserade","8":"first","9":"instock","10":"taxable","11":"shipping-taxable","12":"purchasable","13":"product-type-variable"},"exclude_global_add_ons":[],"addons":[],"acf":[],"yoast_head":"<!-- This site is optimized with the Yoast SEO plugin v26.4 - https:\/\/yoast.com\/wordpress\/plugins\/seo\/ -->\n<title>\u00d6vers\u00e4ttning av l\u00e4sningen - My Palm Leaf<\/title>\n<meta name=\"description\" content=\"F\u00e5 din palmbladsavl\u00e4sning \u00f6versatt till ditt f\u00f6redragna spr\u00e5k. F\u00f6rst\u00e5 varje detalj och ta emot den andliga v\u00e4gledningen i texterna.\" \/>\n<meta name=\"robots\" content=\"index, follow, max-snippet:-1, max-image-preview:large, max-video-preview:-1\" \/>\n<link rel=\"canonical\" href=\"https:\/\/mypalmleaf.com\/sv\/prices\/oversattning-av-lasningen\/\" \/>\n<meta property=\"og:locale\" content=\"sv_SE\" \/>\n<meta property=\"og:type\" content=\"article\" \/>\n<meta property=\"og:title\" content=\"\u00d6vers\u00e4ttning av l\u00e4sningen - My Palm Leaf\" \/>\n<meta property=\"og:description\" content=\"F\u00e5 din palmbladsavl\u00e4sning \u00f6versatt till ditt f\u00f6redragna spr\u00e5k. F\u00f6rst\u00e5 varje detalj och ta emot den andliga v\u00e4gledningen i texterna.\" \/>\n<meta property=\"og:url\" content=\"https:\/\/mypalmleaf.com\/sv\/prices\/oversattning-av-lasningen\/\" \/>\n<meta property=\"og:site_name\" content=\"My Palm Leaf\" \/>\n<meta property=\"article:modified_time\" content=\"2025-04-17T09:34:16+00:00\" \/>\n<meta property=\"og:image\" content=\"https:\/\/mypalmleaf.com\/wp-content\/uploads\/2024\/09\/services-thumb-1-1-1.jpg\" \/>\n\t<meta property=\"og:image:width\" content=\"800\" \/>\n\t<meta property=\"og:image:height\" content=\"444\" \/>\n\t<meta property=\"og:image:type\" content=\"image\/jpeg\" \/>\n<meta name=\"twitter:card\" content=\"summary_large_image\" \/>\n<meta name=\"twitter:label1\" content=\"Ber\u00e4knad l\u00e4stid\" \/>\n\t<meta name=\"twitter:data1\" content=\"1 minut\" \/>\n<script type=\"application\/ld+json\" class=\"yoast-schema-graph\">{\"@context\":\"https:\/\/schema.org\",\"@graph\":[{\"@type\":\"WebPage\",\"@id\":\"https:\/\/mypalmleaf.com\/sv\/prices\/oversattning-av-lasningen\/\",\"url\":\"https:\/\/mypalmleaf.com\/sv\/prices\/oversattning-av-lasningen\/\",\"name\":\"\u00d6vers\u00e4ttning av l\u00e4sningen - My Palm Leaf\",\"isPartOf\":{\"@id\":\"https:\/\/mypalmleaf.com\/#website\"},\"primaryImageOfPage\":{\"@id\":\"https:\/\/mypalmleaf.com\/sv\/prices\/oversattning-av-lasningen\/#primaryimage\"},\"image\":{\"@id\":\"https:\/\/mypalmleaf.com\/sv\/prices\/oversattning-av-lasningen\/#primaryimage\"},\"thumbnailUrl\":\"https:\/\/mypalmleaf.com\/wp-content\/uploads\/2024\/09\/services-thumb-1-1-1.jpg\",\"datePublished\":\"2024-08-03T05:43:59+00:00\",\"dateModified\":\"2025-04-17T09:34:16+00:00\",\"description\":\"F\u00e5 din palmbladsavl\u00e4sning \u00f6versatt till ditt f\u00f6redragna spr\u00e5k. F\u00f6rst\u00e5 varje detalj och ta emot den andliga v\u00e4gledningen i texterna.\",\"breadcrumb\":{\"@id\":\"https:\/\/mypalmleaf.com\/sv\/prices\/oversattning-av-lasningen\/#breadcrumb\"},\"inLanguage\":\"sv-SE\",\"potentialAction\":[{\"@type\":\"ReadAction\",\"target\":[\"https:\/\/mypalmleaf.com\/sv\/prices\/oversattning-av-lasningen\/\"]}]},{\"@type\":\"ImageObject\",\"inLanguage\":\"sv-SE\",\"@id\":\"https:\/\/mypalmleaf.com\/sv\/prices\/oversattning-av-lasningen\/#primaryimage\",\"url\":\"https:\/\/mypalmleaf.com\/wp-content\/uploads\/2024\/09\/services-thumb-1-1-1.jpg\",\"contentUrl\":\"https:\/\/mypalmleaf.com\/wp-content\/uploads\/2024\/09\/services-thumb-1-1-1.jpg\",\"width\":800,\"height\":444,\"caption\":\"Nadi astrology-01\"},{\"@type\":\"BreadcrumbList\",\"@id\":\"https:\/\/mypalmleaf.com\/sv\/prices\/oversattning-av-lasningen\/#breadcrumb\",\"itemListElement\":[{\"@type\":\"ListItem\",\"position\":1,\"name\":\"Home\",\"item\":\"https:\/\/mypalmleaf.com\/sv\/\"},{\"@type\":\"ListItem\",\"position\":2,\"name\":\"Shop\",\"item\":\"https:\/\/mypalmleaf.com\/et\/shop\/\"},{\"@type\":\"ListItem\",\"position\":3,\"name\":\"\u00d6vers\u00e4ttning av l\u00e4sningen\"}]},{\"@type\":\"WebSite\",\"@id\":\"https:\/\/mypalmleaf.com\/#website\",\"url\":\"https:\/\/mypalmleaf.com\/\",\"name\":\"My Palm Leaf\",\"description\":\"\",\"potentialAction\":[{\"@type\":\"SearchAction\",\"target\":{\"@type\":\"EntryPoint\",\"urlTemplate\":\"https:\/\/mypalmleaf.com\/?s={search_term_string}\"},\"query-input\":{\"@type\":\"PropertyValueSpecification\",\"valueRequired\":true,\"valueName\":\"search_term_string\"}}],\"inLanguage\":\"sv-SE\"}]}<\/script>\n<!-- \/ Yoast SEO plugin. -->","yoast_head_json":{"title":"\u00d6vers\u00e4ttning av l\u00e4sningen - My Palm Leaf","description":"F\u00e5 din palmbladsavl\u00e4sning \u00f6versatt till ditt f\u00f6redragna spr\u00e5k. F\u00f6rst\u00e5 varje detalj och ta emot den andliga v\u00e4gledningen i texterna.","robots":{"index":"index","follow":"follow","max-snippet":"max-snippet:-1","max-image-preview":"max-image-preview:large","max-video-preview":"max-video-preview:-1"},"canonical":"https:\/\/mypalmleaf.com\/sv\/prices\/oversattning-av-lasningen\/","og_locale":"sv_SE","og_type":"article","og_title":"\u00d6vers\u00e4ttning av l\u00e4sningen - My Palm Leaf","og_description":"F\u00e5 din palmbladsavl\u00e4sning \u00f6versatt till ditt f\u00f6redragna spr\u00e5k. F\u00f6rst\u00e5 varje detalj och ta emot den andliga v\u00e4gledningen i texterna.","og_url":"https:\/\/mypalmleaf.com\/sv\/prices\/oversattning-av-lasningen\/","og_site_name":"My Palm Leaf","article_modified_time":"2025-04-17T09:34:16+00:00","og_image":[{"width":800,"height":444,"url":"https:\/\/mypalmleaf.com\/wp-content\/uploads\/2024\/09\/services-thumb-1-1-1.jpg","type":"image\/jpeg"}],"twitter_card":"summary_large_image","twitter_misc":{"Ber\u00e4knad l\u00e4stid":"1 minut"},"schema":{"@context":"https:\/\/schema.org","@graph":[{"@type":"WebPage","@id":"https:\/\/mypalmleaf.com\/sv\/prices\/oversattning-av-lasningen\/","url":"https:\/\/mypalmleaf.com\/sv\/prices\/oversattning-av-lasningen\/","name":"\u00d6vers\u00e4ttning av l\u00e4sningen - My Palm Leaf","isPartOf":{"@id":"https:\/\/mypalmleaf.com\/#website"},"primaryImageOfPage":{"@id":"https:\/\/mypalmleaf.com\/sv\/prices\/oversattning-av-lasningen\/#primaryimage"},"image":{"@id":"https:\/\/mypalmleaf.com\/sv\/prices\/oversattning-av-lasningen\/#primaryimage"},"thumbnailUrl":"https:\/\/mypalmleaf.com\/wp-content\/uploads\/2024\/09\/services-thumb-1-1-1.jpg","datePublished":"2024-08-03T05:43:59+00:00","dateModified":"2025-04-17T09:34:16+00:00","description":"F\u00e5 din palmbladsavl\u00e4sning \u00f6versatt till ditt f\u00f6redragna spr\u00e5k. F\u00f6rst\u00e5 varje detalj och ta emot den andliga v\u00e4gledningen i texterna.","breadcrumb":{"@id":"https:\/\/mypalmleaf.com\/sv\/prices\/oversattning-av-lasningen\/#breadcrumb"},"inLanguage":"sv-SE","potentialAction":[{"@type":"ReadAction","target":["https:\/\/mypalmleaf.com\/sv\/prices\/oversattning-av-lasningen\/"]}]},{"@type":"ImageObject","inLanguage":"sv-SE","@id":"https:\/\/mypalmleaf.com\/sv\/prices\/oversattning-av-lasningen\/#primaryimage","url":"https:\/\/mypalmleaf.com\/wp-content\/uploads\/2024\/09\/services-thumb-1-1-1.jpg","contentUrl":"https:\/\/mypalmleaf.com\/wp-content\/uploads\/2024\/09\/services-thumb-1-1-1.jpg","width":800,"height":444,"caption":"Nadi astrology-01"},{"@type":"BreadcrumbList","@id":"https:\/\/mypalmleaf.com\/sv\/prices\/oversattning-av-lasningen\/#breadcrumb","itemListElement":[{"@type":"ListItem","position":1,"name":"Home","item":"https:\/\/mypalmleaf.com\/sv\/"},{"@type":"ListItem","position":2,"name":"Shop","item":"https:\/\/mypalmleaf.com\/et\/shop\/"},{"@type":"ListItem","position":3,"name":"\u00d6vers\u00e4ttning av l\u00e4sningen"}]},{"@type":"WebSite","@id":"https:\/\/mypalmleaf.com\/#website","url":"https:\/\/mypalmleaf.com\/","name":"My Palm Leaf","description":"","potentialAction":[{"@type":"SearchAction","target":{"@type":"EntryPoint","urlTemplate":"https:\/\/mypalmleaf.com\/?s={search_term_string}"},"query-input":{"@type":"PropertyValueSpecification","valueRequired":true,"valueName":"search_term_string"}}],"inLanguage":"sv-SE"}]}},"_links":{"self":[{"href":"https:\/\/mypalmleaf.com\/sv\/wp-json\/wp\/v2\/product\/38466","targetHints":{"allow":["GET"]}}],"collection":[{"href":"https:\/\/mypalmleaf.com\/sv\/wp-json\/wp\/v2\/product"}],"about":[{"href":"https:\/\/mypalmleaf.com\/sv\/wp-json\/wp\/v2\/types\/product"}],"replies":[{"embeddable":true,"href":"https:\/\/mypalmleaf.com\/sv\/wp-json\/wp\/v2\/comments?post=38466"}],"wp:featuredmedia":[{"embeddable":true,"href":"https:\/\/mypalmleaf.com\/sv\/wp-json\/wp\/v2\/media\/10102"}],"wp:attachment":[{"href":"https:\/\/mypalmleaf.com\/sv\/wp-json\/wp\/v2\/media?parent=38466"}],"wp:term":[{"taxonomy":"product_brand","embeddable":true,"href":"https:\/\/mypalmleaf.com\/sv\/wp-json\/wp\/v2\/product_brand?post=38466"},{"taxonomy":"product_cat","embeddable":true,"href":"https:\/\/mypalmleaf.com\/sv\/wp-json\/wp\/v2\/product_cat?post=38466"},{"taxonomy":"product_tag","embeddable":true,"href":"https:\/\/mypalmleaf.com\/sv\/wp-json\/wp\/v2\/product_tag?post=38466"}],"curies":[{"name":"wp","href":"https:\/\/api.w.org\/{rel}","templated":true}]}}