
{"id":38743,"date":"2024-03-04T10:58:10","date_gmt":"2024-03-04T10:58:10","guid":{"rendered":"https:\/\/mypalmleaf.com\/prices\/virtuell-pilgrimsfard\/"},"modified":"2025-04-28T10:28:26","modified_gmt":"2025-04-28T10:28:26","slug":"virtuell-pilgrimsfard","status":"publish","type":"product","link":"https:\/\/mypalmleaf.com\/sv\/prices\/virtuell-pilgrimsfard\/","title":{"rendered":"Virtuell pilgrimsf\u00e4rd"},"content":{"rendered":"<p class=\"mb-4\">Den virtuella pilgrimsf\u00e4rden till Navagraha-templen \u00e4r utformad f\u00f6r att hj\u00e4lpa dig att rensa karmiska blockeringar genom att ansluta dig till de nio planeternas energi och harmonisera deras inflytande p\u00e5 ditt liv.  <\/p>\n<p class=\"mb-4\">Det \u00e4r ett kraftfullt men \u00e4nd\u00e5 enkelt s\u00e4tt att f\u00f6rb\u00e4ttra karmiska f\u00f6rh\u00e5llanden och omvandla befintliga blockeringar.<br \/>\nDenna pilgrimsf\u00e4rd kan utf\u00f6ras f\u00f6r dig eller en n\u00e4ra anh\u00f6rig. <\/p>\n<p>Den virtuella pilgrimsf\u00e4rden omfattar:<\/p>\n<ul class=\"mb-4\">\n<li>Ceremonier som utf\u00f6rs \u00e5t dig i Navagraha-templen<\/li>\n<li>Tillg\u00e5ng till en WhatsApp- och Telegram-grupp med dagliga uppdateringar under pilgrimsf\u00e4rden<\/li>\n<li>Donationer i ditt namn till templen och till beh\u00f6vande<\/li>\n<\/ul>\n<p class=\"mb-4\">Heliga souvenirer (f\u00f6r det andra alternativet):<br \/> Detta \u00e4r v\u00e4lsignade f\u00f6rem\u00e5l som kommer fr\u00e5n eller i n\u00e4rheten av templen och som genomsyras av deras energi.<br \/> \u00c4ven om vi inte kan specificera de exakta f\u00f6rem\u00e5len i f\u00f6rv\u00e4g, fungerar de som en bro f\u00f6r att ansluta dig till templets energi.<br \/> F\u00f6r att f\u00e5 en uppfattning om vad du kan f\u00f6rv\u00e4nta dig kan du kolla in <a href=\"https:\/\/www.youtube.com\/watch?v=09WQJn8M8SA\" class=\"text-body\" data-lity=\"\">den h\u00e4r videon<\/a> fr\u00e5n en tidigare pilgrimsf\u00e4rd.<\/p>\n<p><strong>Obs:<\/strong> Fri frakt \u00f6ver hela v\u00e4rlden ing\u00e5r f\u00f6r heliga souvenirer.<\/p>\n","protected":false},"excerpt":{"rendered":"<p>Virtual Pilgrimage to the Navagraha Temples<\/strong> \u00e4r utformad f\u00f6r att hj\u00e4lpa till att rensa karmiska blockeringar genom att ansluta dig till de nio planeternas energi och harmonisera deras inflytande p\u00e5 ditt liv&#8230;<\/p>\n","protected":false},"featured_media":3511,"comment_status":"open","ping_status":"closed","template":"","meta":{"_acf_changed":false},"product_brand":[],"product_cat":[360],"product_tag":[],"class_list":{"0":"post-38743","1":"product","2":"type-product","3":"status-publish","4":"has-post-thumbnail","6":"product_cat-okategoriserade","8":"first","9":"instock","10":"purchasable","11":"product-type-variable"},"exclude_global_add_ons":[],"addons":[],"acf":[],"yoast_head":"<!-- This site is optimized with the Yoast SEO plugin v26.4 - https:\/\/yoast.com\/wordpress\/plugins\/seo\/ -->\n<title>Virtuell pilgrimsf\u00e4rd - My Palm Leaf<\/title>\n<meta name=\"description\" content=\"Upplev en helig pilgrimsf\u00e4rd online och f\u00e5 v\u00e4lsignelser fr\u00e5n ur\u00e5ldriga tempel utan att resa, direkt fr\u00e5n ditt hem tryggt och enkelt.\" \/>\n<meta name=\"robots\" content=\"index, follow, max-snippet:-1, max-image-preview:large, max-video-preview:-1\" \/>\n<link rel=\"canonical\" href=\"https:\/\/mypalmleaf.com\/sv\/prices\/virtuell-pilgrimsfard\/\" \/>\n<meta property=\"og:locale\" content=\"sv_SE\" \/>\n<meta property=\"og:type\" content=\"article\" \/>\n<meta property=\"og:title\" content=\"Virtuell pilgrimsf\u00e4rd - My Palm Leaf\" \/>\n<meta property=\"og:description\" content=\"Upplev en helig pilgrimsf\u00e4rd online och f\u00e5 v\u00e4lsignelser fr\u00e5n ur\u00e5ldriga tempel utan att resa, direkt fr\u00e5n ditt hem tryggt och enkelt.\" \/>\n<meta property=\"og:url\" content=\"https:\/\/mypalmleaf.com\/sv\/prices\/virtuell-pilgrimsfard\/\" \/>\n<meta property=\"og:site_name\" content=\"My Palm Leaf\" \/>\n<meta property=\"article:modified_time\" content=\"2025-04-28T10:28:26+00:00\" \/>\n<meta property=\"og:image\" content=\"https:\/\/mypalmleaf.com\/wp-content\/uploads\/2024\/09\/mantra-product-page-18.jpg\" \/>\n\t<meta property=\"og:image:width\" content=\"1280\" \/>\n\t<meta property=\"og:image:height\" content=\"720\" \/>\n\t<meta property=\"og:image:type\" content=\"image\/jpeg\" \/>\n<meta name=\"twitter:card\" content=\"summary_large_image\" \/>\n<meta name=\"twitter:label1\" content=\"Ber\u00e4knad l\u00e4stid\" \/>\n\t<meta name=\"twitter:data1\" content=\"1 minut\" \/>\n<script type=\"application\/ld+json\" class=\"yoast-schema-graph\">{\"@context\":\"https:\/\/schema.org\",\"@graph\":[{\"@type\":\"WebPage\",\"@id\":\"https:\/\/mypalmleaf.com\/sv\/prices\/virtuell-pilgrimsfard\/\",\"url\":\"https:\/\/mypalmleaf.com\/sv\/prices\/virtuell-pilgrimsfard\/\",\"name\":\"Virtuell pilgrimsf\u00e4rd - My Palm Leaf\",\"isPartOf\":{\"@id\":\"https:\/\/mypalmleaf.com\/#website\"},\"primaryImageOfPage\":{\"@id\":\"https:\/\/mypalmleaf.com\/sv\/prices\/virtuell-pilgrimsfard\/#primaryimage\"},\"image\":{\"@id\":\"https:\/\/mypalmleaf.com\/sv\/prices\/virtuell-pilgrimsfard\/#primaryimage\"},\"thumbnailUrl\":\"https:\/\/mypalmleaf.com\/wp-content\/uploads\/2024\/09\/mantra-product-page-18.jpg\",\"datePublished\":\"2024-03-04T10:58:10+00:00\",\"dateModified\":\"2025-04-28T10:28:26+00:00\",\"description\":\"Upplev en helig pilgrimsf\u00e4rd online och f\u00e5 v\u00e4lsignelser fr\u00e5n ur\u00e5ldriga tempel utan att resa, direkt fr\u00e5n ditt hem tryggt och enkelt.\",\"breadcrumb\":{\"@id\":\"https:\/\/mypalmleaf.com\/sv\/prices\/virtuell-pilgrimsfard\/#breadcrumb\"},\"inLanguage\":\"sv-SE\",\"potentialAction\":[{\"@type\":\"ReadAction\",\"target\":[\"https:\/\/mypalmleaf.com\/sv\/prices\/virtuell-pilgrimsfard\/\"]}]},{\"@type\":\"ImageObject\",\"inLanguage\":\"sv-SE\",\"@id\":\"https:\/\/mypalmleaf.com\/sv\/prices\/virtuell-pilgrimsfard\/#primaryimage\",\"url\":\"https:\/\/mypalmleaf.com\/wp-content\/uploads\/2024\/09\/mantra-product-page-18.jpg\",\"contentUrl\":\"https:\/\/mypalmleaf.com\/wp-content\/uploads\/2024\/09\/mantra-product-page-18.jpg\",\"width\":1280,\"height\":720,\"caption\":\"Statue of Gods\"},{\"@type\":\"BreadcrumbList\",\"@id\":\"https:\/\/mypalmleaf.com\/sv\/prices\/virtuell-pilgrimsfard\/#breadcrumb\",\"itemListElement\":[{\"@type\":\"ListItem\",\"position\":1,\"name\":\"Home\",\"item\":\"https:\/\/mypalmleaf.com\/sv\/\"},{\"@type\":\"ListItem\",\"position\":2,\"name\":\"Shop\",\"item\":\"https:\/\/mypalmleaf.com\/et\/shop\/\"},{\"@type\":\"ListItem\",\"position\":3,\"name\":\"Virtuell pilgrimsf\u00e4rd\"}]},{\"@type\":\"WebSite\",\"@id\":\"https:\/\/mypalmleaf.com\/#website\",\"url\":\"https:\/\/mypalmleaf.com\/\",\"name\":\"My Palm Leaf\",\"description\":\"\",\"potentialAction\":[{\"@type\":\"SearchAction\",\"target\":{\"@type\":\"EntryPoint\",\"urlTemplate\":\"https:\/\/mypalmleaf.com\/?s={search_term_string}\"},\"query-input\":{\"@type\":\"PropertyValueSpecification\",\"valueRequired\":true,\"valueName\":\"search_term_string\"}}],\"inLanguage\":\"sv-SE\"}]}<\/script>\n<!-- \/ Yoast SEO plugin. -->","yoast_head_json":{"title":"Virtuell pilgrimsf\u00e4rd - My Palm Leaf","description":"Upplev en helig pilgrimsf\u00e4rd online och f\u00e5 v\u00e4lsignelser fr\u00e5n ur\u00e5ldriga tempel utan att resa, direkt fr\u00e5n ditt hem tryggt och enkelt.","robots":{"index":"index","follow":"follow","max-snippet":"max-snippet:-1","max-image-preview":"max-image-preview:large","max-video-preview":"max-video-preview:-1"},"canonical":"https:\/\/mypalmleaf.com\/sv\/prices\/virtuell-pilgrimsfard\/","og_locale":"sv_SE","og_type":"article","og_title":"Virtuell pilgrimsf\u00e4rd - My Palm Leaf","og_description":"Upplev en helig pilgrimsf\u00e4rd online och f\u00e5 v\u00e4lsignelser fr\u00e5n ur\u00e5ldriga tempel utan att resa, direkt fr\u00e5n ditt hem tryggt och enkelt.","og_url":"https:\/\/mypalmleaf.com\/sv\/prices\/virtuell-pilgrimsfard\/","og_site_name":"My Palm Leaf","article_modified_time":"2025-04-28T10:28:26+00:00","og_image":[{"width":1280,"height":720,"url":"https:\/\/mypalmleaf.com\/wp-content\/uploads\/2024\/09\/mantra-product-page-18.jpg","type":"image\/jpeg"}],"twitter_card":"summary_large_image","twitter_misc":{"Ber\u00e4knad l\u00e4stid":"1 minut"},"schema":{"@context":"https:\/\/schema.org","@graph":[{"@type":"WebPage","@id":"https:\/\/mypalmleaf.com\/sv\/prices\/virtuell-pilgrimsfard\/","url":"https:\/\/mypalmleaf.com\/sv\/prices\/virtuell-pilgrimsfard\/","name":"Virtuell pilgrimsf\u00e4rd - My Palm Leaf","isPartOf":{"@id":"https:\/\/mypalmleaf.com\/#website"},"primaryImageOfPage":{"@id":"https:\/\/mypalmleaf.com\/sv\/prices\/virtuell-pilgrimsfard\/#primaryimage"},"image":{"@id":"https:\/\/mypalmleaf.com\/sv\/prices\/virtuell-pilgrimsfard\/#primaryimage"},"thumbnailUrl":"https:\/\/mypalmleaf.com\/wp-content\/uploads\/2024\/09\/mantra-product-page-18.jpg","datePublished":"2024-03-04T10:58:10+00:00","dateModified":"2025-04-28T10:28:26+00:00","description":"Upplev en helig pilgrimsf\u00e4rd online och f\u00e5 v\u00e4lsignelser fr\u00e5n ur\u00e5ldriga tempel utan att resa, direkt fr\u00e5n ditt hem tryggt och enkelt.","breadcrumb":{"@id":"https:\/\/mypalmleaf.com\/sv\/prices\/virtuell-pilgrimsfard\/#breadcrumb"},"inLanguage":"sv-SE","potentialAction":[{"@type":"ReadAction","target":["https:\/\/mypalmleaf.com\/sv\/prices\/virtuell-pilgrimsfard\/"]}]},{"@type":"ImageObject","inLanguage":"sv-SE","@id":"https:\/\/mypalmleaf.com\/sv\/prices\/virtuell-pilgrimsfard\/#primaryimage","url":"https:\/\/mypalmleaf.com\/wp-content\/uploads\/2024\/09\/mantra-product-page-18.jpg","contentUrl":"https:\/\/mypalmleaf.com\/wp-content\/uploads\/2024\/09\/mantra-product-page-18.jpg","width":1280,"height":720,"caption":"Statue of Gods"},{"@type":"BreadcrumbList","@id":"https:\/\/mypalmleaf.com\/sv\/prices\/virtuell-pilgrimsfard\/#breadcrumb","itemListElement":[{"@type":"ListItem","position":1,"name":"Home","item":"https:\/\/mypalmleaf.com\/sv\/"},{"@type":"ListItem","position":2,"name":"Shop","item":"https:\/\/mypalmleaf.com\/et\/shop\/"},{"@type":"ListItem","position":3,"name":"Virtuell pilgrimsf\u00e4rd"}]},{"@type":"WebSite","@id":"https:\/\/mypalmleaf.com\/#website","url":"https:\/\/mypalmleaf.com\/","name":"My Palm Leaf","description":"","potentialAction":[{"@type":"SearchAction","target":{"@type":"EntryPoint","urlTemplate":"https:\/\/mypalmleaf.com\/?s={search_term_string}"},"query-input":{"@type":"PropertyValueSpecification","valueRequired":true,"valueName":"search_term_string"}}],"inLanguage":"sv-SE"}]}},"_links":{"self":[{"href":"https:\/\/mypalmleaf.com\/sv\/wp-json\/wp\/v2\/product\/38743","targetHints":{"allow":["GET"]}}],"collection":[{"href":"https:\/\/mypalmleaf.com\/sv\/wp-json\/wp\/v2\/product"}],"about":[{"href":"https:\/\/mypalmleaf.com\/sv\/wp-json\/wp\/v2\/types\/product"}],"replies":[{"embeddable":true,"href":"https:\/\/mypalmleaf.com\/sv\/wp-json\/wp\/v2\/comments?post=38743"}],"wp:featuredmedia":[{"embeddable":true,"href":"https:\/\/mypalmleaf.com\/sv\/wp-json\/wp\/v2\/media\/3511"}],"wp:attachment":[{"href":"https:\/\/mypalmleaf.com\/sv\/wp-json\/wp\/v2\/media?parent=38743"}],"wp:term":[{"taxonomy":"product_brand","embeddable":true,"href":"https:\/\/mypalmleaf.com\/sv\/wp-json\/wp\/v2\/product_brand?post=38743"},{"taxonomy":"product_cat","embeddable":true,"href":"https:\/\/mypalmleaf.com\/sv\/wp-json\/wp\/v2\/product_cat?post=38743"},{"taxonomy":"product_tag","embeddable":true,"href":"https:\/\/mypalmleaf.com\/sv\/wp-json\/wp\/v2\/product_tag?post=38743"}],"curies":[{"name":"wp","href":"https:\/\/api.w.org\/{rel}","templated":true}]}}