
{"id":38784,"date":"2024-03-04T10:45:16","date_gmt":"2024-03-04T10:45:16","guid":{"rendered":"https:\/\/mypalmleaf.com\/prices\/navagraha-pilgrimsfard\/"},"modified":"2025-04-28T10:26:30","modified_gmt":"2025-04-28T10:26:30","slug":"navagraha-pilgrimsfard","status":"publish","type":"product","link":"https:\/\/mypalmleaf.com\/sv\/prices\/navagraha-pilgrimsfard\/","title":{"rendered":"Navagraha Pilgrimsf\u00e4rd"},"content":{"rendered":"<p>Navagraha-pilgrimsf\u00e4rden till Indien \u00e4r en andlig resa som hj\u00e4lper dig att rensa karma genom att bes\u00f6ka templen till\u00e4gnade de 9 planeterna.<br \/>\nDet sker i en liten grupp och guidas av en av v\u00e5ra erfarna guider. <\/p>\n<p>Den inneh\u00e5ller:<\/p>\n<ul>\n<li>F\u00f6rberedande samtal f\u00f6re pilgrimsf\u00e4rden<\/li>\n<li>V\u00e4gledning och st\u00f6d av v\u00e5ra erfarna guider<\/li>\n<li>Boende i enkel- eller dubbelrum (ditt val)<\/li>\n<li>Intr\u00e4desbiljetter till alla sev\u00e4rdheter<\/li>\n<li>Transport p\u00e5 marken<\/li>\n<\/ul>\n","protected":false},"excerpt":{"rendered":"<p>Navagraha-pilgrimsf\u00e4rden till Indien \u00e4r en andlig resa som hj\u00e4lper dig att rensa karma genom att bes\u00f6ka templen till\u00e4gnade de 9 planeterna. Det h\u00e4nder i en liten gruppinst\u00e4llning och guidas &#8230; <\/p>\n","protected":false},"featured_media":3424,"comment_status":"open","ping_status":"closed","template":"","meta":{"_acf_changed":false},"product_brand":[],"product_cat":[360],"product_tag":[],"class_list":{"0":"post-38784","1":"product","2":"type-product","3":"status-publish","4":"has-post-thumbnail","6":"product_cat-okategoriserade","8":"first","9":"instock","10":"purchasable","11":"product-type-variable"},"exclude_global_add_ons":[],"addons":[],"acf":[],"yoast_head":"<!-- This site is optimized with the Yoast SEO plugin v26.4 - https:\/\/yoast.com\/wordpress\/plugins\/seo\/ -->\n<title>Navagraha Pilgrimsf\u00e4rd - My Palm Leaf<\/title>\n<meta name=\"description\" content=\"F\u00f6lj med p\u00e5 en transformativ pilgrimsf\u00e4rd till Navagraha-templen f\u00f6r att balansera planeternas energier i ditt liv idag och alltid.\" \/>\n<meta name=\"robots\" content=\"index, follow, max-snippet:-1, max-image-preview:large, max-video-preview:-1\" \/>\n<link rel=\"canonical\" href=\"https:\/\/mypalmleaf.com\/sv\/prices\/navagraha-pilgrimsfard\/\" \/>\n<meta property=\"og:locale\" content=\"sv_SE\" \/>\n<meta property=\"og:type\" content=\"article\" \/>\n<meta property=\"og:title\" content=\"Navagraha Pilgrimsf\u00e4rd - My Palm Leaf\" \/>\n<meta property=\"og:description\" content=\"F\u00f6lj med p\u00e5 en transformativ pilgrimsf\u00e4rd till Navagraha-templen f\u00f6r att balansera planeternas energier i ditt liv idag och alltid.\" \/>\n<meta property=\"og:url\" content=\"https:\/\/mypalmleaf.com\/sv\/prices\/navagraha-pilgrimsfard\/\" \/>\n<meta property=\"og:site_name\" content=\"My Palm Leaf\" \/>\n<meta property=\"article:modified_time\" content=\"2025-04-28T10:26:30+00:00\" \/>\n<meta property=\"og:image\" content=\"https:\/\/mypalmleaf.com\/wp-content\/uploads\/2024\/09\/mantra-product-page-13.jpg\" \/>\n\t<meta property=\"og:image:width\" content=\"1280\" \/>\n\t<meta property=\"og:image:height\" content=\"720\" \/>\n\t<meta property=\"og:image:type\" content=\"image\/jpeg\" \/>\n<meta name=\"twitter:card\" content=\"summary_large_image\" \/>\n<meta name=\"twitter:label1\" content=\"Ber\u00e4knad l\u00e4stid\" \/>\n\t<meta name=\"twitter:data1\" content=\"1 minut\" \/>\n<script type=\"application\/ld+json\" class=\"yoast-schema-graph\">{\"@context\":\"https:\/\/schema.org\",\"@graph\":[{\"@type\":\"WebPage\",\"@id\":\"https:\/\/mypalmleaf.com\/sv\/prices\/navagraha-pilgrimsfard\/\",\"url\":\"https:\/\/mypalmleaf.com\/sv\/prices\/navagraha-pilgrimsfard\/\",\"name\":\"Navagraha Pilgrimsf\u00e4rd - My Palm Leaf\",\"isPartOf\":{\"@id\":\"https:\/\/mypalmleaf.com\/#website\"},\"primaryImageOfPage\":{\"@id\":\"https:\/\/mypalmleaf.com\/sv\/prices\/navagraha-pilgrimsfard\/#primaryimage\"},\"image\":{\"@id\":\"https:\/\/mypalmleaf.com\/sv\/prices\/navagraha-pilgrimsfard\/#primaryimage\"},\"thumbnailUrl\":\"https:\/\/mypalmleaf.com\/wp-content\/uploads\/2024\/09\/mantra-product-page-13.jpg\",\"datePublished\":\"2024-03-04T10:45:16+00:00\",\"dateModified\":\"2025-04-28T10:26:30+00:00\",\"description\":\"F\u00f6lj med p\u00e5 en transformativ pilgrimsf\u00e4rd till Navagraha-templen f\u00f6r att balansera planeternas energier i ditt liv idag och alltid.\",\"breadcrumb\":{\"@id\":\"https:\/\/mypalmleaf.com\/sv\/prices\/navagraha-pilgrimsfard\/#breadcrumb\"},\"inLanguage\":\"sv-SE\",\"potentialAction\":[{\"@type\":\"ReadAction\",\"target\":[\"https:\/\/mypalmleaf.com\/sv\/prices\/navagraha-pilgrimsfard\/\"]}]},{\"@type\":\"ImageObject\",\"inLanguage\":\"sv-SE\",\"@id\":\"https:\/\/mypalmleaf.com\/sv\/prices\/navagraha-pilgrimsfard\/#primaryimage\",\"url\":\"https:\/\/mypalmleaf.com\/wp-content\/uploads\/2024\/09\/mantra-product-page-13.jpg\",\"contentUrl\":\"https:\/\/mypalmleaf.com\/wp-content\/uploads\/2024\/09\/mantra-product-page-13.jpg\",\"width\":1280,\"height\":720,\"caption\":\"Sri Ranganatha Swamy Temple\"},{\"@type\":\"BreadcrumbList\",\"@id\":\"https:\/\/mypalmleaf.com\/sv\/prices\/navagraha-pilgrimsfard\/#breadcrumb\",\"itemListElement\":[{\"@type\":\"ListItem\",\"position\":1,\"name\":\"Home\",\"item\":\"https:\/\/mypalmleaf.com\/sv\/\"},{\"@type\":\"ListItem\",\"position\":2,\"name\":\"Shop\",\"item\":\"https:\/\/mypalmleaf.com\/et\/shop\/\"},{\"@type\":\"ListItem\",\"position\":3,\"name\":\"Navagraha Pilgrimsf\u00e4rd\"}]},{\"@type\":\"WebSite\",\"@id\":\"https:\/\/mypalmleaf.com\/#website\",\"url\":\"https:\/\/mypalmleaf.com\/\",\"name\":\"My Palm Leaf\",\"description\":\"\",\"potentialAction\":[{\"@type\":\"SearchAction\",\"target\":{\"@type\":\"EntryPoint\",\"urlTemplate\":\"https:\/\/mypalmleaf.com\/?s={search_term_string}\"},\"query-input\":{\"@type\":\"PropertyValueSpecification\",\"valueRequired\":true,\"valueName\":\"search_term_string\"}}],\"inLanguage\":\"sv-SE\"}]}<\/script>\n<!-- \/ Yoast SEO plugin. -->","yoast_head_json":{"title":"Navagraha Pilgrimsf\u00e4rd - My Palm Leaf","description":"F\u00f6lj med p\u00e5 en transformativ pilgrimsf\u00e4rd till Navagraha-templen f\u00f6r att balansera planeternas energier i ditt liv idag och alltid.","robots":{"index":"index","follow":"follow","max-snippet":"max-snippet:-1","max-image-preview":"max-image-preview:large","max-video-preview":"max-video-preview:-1"},"canonical":"https:\/\/mypalmleaf.com\/sv\/prices\/navagraha-pilgrimsfard\/","og_locale":"sv_SE","og_type":"article","og_title":"Navagraha Pilgrimsf\u00e4rd - My Palm Leaf","og_description":"F\u00f6lj med p\u00e5 en transformativ pilgrimsf\u00e4rd till Navagraha-templen f\u00f6r att balansera planeternas energier i ditt liv idag och alltid.","og_url":"https:\/\/mypalmleaf.com\/sv\/prices\/navagraha-pilgrimsfard\/","og_site_name":"My Palm Leaf","article_modified_time":"2025-04-28T10:26:30+00:00","og_image":[{"width":1280,"height":720,"url":"https:\/\/mypalmleaf.com\/wp-content\/uploads\/2024\/09\/mantra-product-page-13.jpg","type":"image\/jpeg"}],"twitter_card":"summary_large_image","twitter_misc":{"Ber\u00e4knad l\u00e4stid":"1 minut"},"schema":{"@context":"https:\/\/schema.org","@graph":[{"@type":"WebPage","@id":"https:\/\/mypalmleaf.com\/sv\/prices\/navagraha-pilgrimsfard\/","url":"https:\/\/mypalmleaf.com\/sv\/prices\/navagraha-pilgrimsfard\/","name":"Navagraha Pilgrimsf\u00e4rd - My Palm Leaf","isPartOf":{"@id":"https:\/\/mypalmleaf.com\/#website"},"primaryImageOfPage":{"@id":"https:\/\/mypalmleaf.com\/sv\/prices\/navagraha-pilgrimsfard\/#primaryimage"},"image":{"@id":"https:\/\/mypalmleaf.com\/sv\/prices\/navagraha-pilgrimsfard\/#primaryimage"},"thumbnailUrl":"https:\/\/mypalmleaf.com\/wp-content\/uploads\/2024\/09\/mantra-product-page-13.jpg","datePublished":"2024-03-04T10:45:16+00:00","dateModified":"2025-04-28T10:26:30+00:00","description":"F\u00f6lj med p\u00e5 en transformativ pilgrimsf\u00e4rd till Navagraha-templen f\u00f6r att balansera planeternas energier i ditt liv idag och alltid.","breadcrumb":{"@id":"https:\/\/mypalmleaf.com\/sv\/prices\/navagraha-pilgrimsfard\/#breadcrumb"},"inLanguage":"sv-SE","potentialAction":[{"@type":"ReadAction","target":["https:\/\/mypalmleaf.com\/sv\/prices\/navagraha-pilgrimsfard\/"]}]},{"@type":"ImageObject","inLanguage":"sv-SE","@id":"https:\/\/mypalmleaf.com\/sv\/prices\/navagraha-pilgrimsfard\/#primaryimage","url":"https:\/\/mypalmleaf.com\/wp-content\/uploads\/2024\/09\/mantra-product-page-13.jpg","contentUrl":"https:\/\/mypalmleaf.com\/wp-content\/uploads\/2024\/09\/mantra-product-page-13.jpg","width":1280,"height":720,"caption":"Sri Ranganatha Swamy Temple"},{"@type":"BreadcrumbList","@id":"https:\/\/mypalmleaf.com\/sv\/prices\/navagraha-pilgrimsfard\/#breadcrumb","itemListElement":[{"@type":"ListItem","position":1,"name":"Home","item":"https:\/\/mypalmleaf.com\/sv\/"},{"@type":"ListItem","position":2,"name":"Shop","item":"https:\/\/mypalmleaf.com\/et\/shop\/"},{"@type":"ListItem","position":3,"name":"Navagraha Pilgrimsf\u00e4rd"}]},{"@type":"WebSite","@id":"https:\/\/mypalmleaf.com\/#website","url":"https:\/\/mypalmleaf.com\/","name":"My Palm Leaf","description":"","potentialAction":[{"@type":"SearchAction","target":{"@type":"EntryPoint","urlTemplate":"https:\/\/mypalmleaf.com\/?s={search_term_string}"},"query-input":{"@type":"PropertyValueSpecification","valueRequired":true,"valueName":"search_term_string"}}],"inLanguage":"sv-SE"}]}},"_links":{"self":[{"href":"https:\/\/mypalmleaf.com\/sv\/wp-json\/wp\/v2\/product\/38784","targetHints":{"allow":["GET"]}}],"collection":[{"href":"https:\/\/mypalmleaf.com\/sv\/wp-json\/wp\/v2\/product"}],"about":[{"href":"https:\/\/mypalmleaf.com\/sv\/wp-json\/wp\/v2\/types\/product"}],"replies":[{"embeddable":true,"href":"https:\/\/mypalmleaf.com\/sv\/wp-json\/wp\/v2\/comments?post=38784"}],"wp:featuredmedia":[{"embeddable":true,"href":"https:\/\/mypalmleaf.com\/sv\/wp-json\/wp\/v2\/media\/3424"}],"wp:attachment":[{"href":"https:\/\/mypalmleaf.com\/sv\/wp-json\/wp\/v2\/media?parent=38784"}],"wp:term":[{"taxonomy":"product_brand","embeddable":true,"href":"https:\/\/mypalmleaf.com\/sv\/wp-json\/wp\/v2\/product_brand?post=38784"},{"taxonomy":"product_cat","embeddable":true,"href":"https:\/\/mypalmleaf.com\/sv\/wp-json\/wp\/v2\/product_cat?post=38784"},{"taxonomy":"product_tag","embeddable":true,"href":"https:\/\/mypalmleaf.com\/sv\/wp-json\/wp\/v2\/product_tag?post=38784"}],"curies":[{"name":"wp","href":"https:\/\/api.w.org\/{rel}","templated":true}]}}